{"id":1459,"date":"2016-10-18T17:12:20","date_gmt":"2016-10-18T17:12:20","guid":{"rendered":"http:\/\/reto.cn\/php\/blog\/wordpress-esperanto\/?page_id=13"},"modified":"2022-04-13T05:21:32","modified_gmt":"2022-04-13T05:21:32","slug":"kurso-de-la-cina-lingvo","status":"publish","type":"page","link":"https:\/\/reto.cn\/php\/esperanto\/kurso-de-la-cina-lingvo\/","title":{"rendered":"Kurso de la \u0108ina lingvo"},"content":{"rendered":"<blockquote>\n<p style=\"text-align: left;\"><span style=\"color: #006600;\">Sube estas frazoj, kiuj estas eble utilaj al vi dum via voja\u011do en <a href=\"https:\/\/eo.wikipedia.org\/wiki\/%C4%88inio\" target=\"_blank\" rel=\"noopener noreferrer\">\u0108inio<\/a>. Post la \u0109inaj ideografia\u0135oj estas <a href=\"https:\/\/eo.wikipedia.org\/wiki\/H%C3%A0ny%C7%94_p%C4%ABny%C4%ABn\" target=\"_blank\" rel=\"noopener noreferrer\">\u0109ina fonetiko<\/a>. La sonoj de la\u00a0\u0109ina lingvo estas sub la frazoj.<br \/>\n<\/span><\/p>\n<\/blockquote>\n<ol>\n<li>Saluton!<br \/>\n\u4f60\u597d\uff01 N\u01d0\u00a0 h\u01ceo\uff01<br \/>\n<audio style=\"margin: auto; top: 0; right: 0; bottom: 0; left: 0;\" src=\"http:\/\/reto.cn\/esperanto\/cina_lingvo\/sono\/nihao.mp3\" controls=\"controls\"><\/audio><\/li>\n<li>Bonvenon!<br \/>\n\u6b22\u8fce\uff01Hu\u0101n y\u00edng\uff01<br \/>\n<audio style=\"margin: auto; top: 0; right: 0; bottom: 0; left: 0;\" src=\"http:\/\/reto.cn\/esperanto\/cina_lingvo\/sono\/huanying.mp3\" controls=\"controls\"><\/audio><\/li>\n<li>Dankon!<br \/>\n\u8c22\u8c22\uff01 Xi\u00e8 xi\u00e8\uff01<br \/>\n<audio style=\"margin: auto; top: 0; right: 0; bottom: 0; left: 0;\" src=\"http:\/\/reto.cn\/esperanto\/cina_lingvo\/sono\/xiexie.mp3\" controls=\"controls\"><\/audio><\/li>\n<li>Pardonon!<br \/>\n\u5bf9\u4e0d\u8d77\uff01Du\u00ec b\u00f9 q\u01d0\uff01<br \/>\n<audio style=\"margin: auto; top: 0; right: 0; bottom: 0; left: 0;\" src=\"http:\/\/reto.cn\/esperanto\/cina_lingvo\/sono\/duibuqi.mp3\" controls=\"controls\"><\/audio><\/li>\n<li>Ne gravas.<br \/>\n\u6ca1\u5173\u7cfb\u3002M\u00e9i gu\u0101n x\u00ec.<br \/>\n<audio style=\"margin: auto; top: 0; right: 0; bottom: 0; left: 0;\" src=\"http:\/\/reto.cn\/esperanto\/cina_lingvo\/sono\/meiguanxi.mp3\" controls=\"controls\"><\/audio><\/li>\n<li>\u011cis revido!<br \/>\n\u518d\u89c1\uff01 Z\u00e0i ji\u00e0n\uff01<br \/>\n<audio style=\"margin: auto; top: 0; right: 0; bottom: 0; left: 0;\" src=\"http:\/\/reto.cn\/esperanto\/cina_lingvo\/sono\/zaijian.mp3\" controls=\"controls\"><\/audio><\/li>\n<li>Parolu malrapide!<br \/>\n\u8bf4\u6162\u70b9\u513f\uff01Shu\u014d m\u00e0n di\u01cen er\uff01<br \/>\n<audio style=\"margin: auto; top: 0; right: 0; bottom: 0; left: 0;\" src=\"http:\/\/reto.cn\/esperanto\/cina_lingvo\/sono\/shuomandianer.mp3\" controls=\"controls\"><\/audio><\/li>\n<li>Mi ne parolas la \u0109inan lingvon.<br \/>\n\u6211\u4e0d\u4f1a\u8bf4\u6c49\u8bed\u3002W\u01d2 b\u00f9 hu\u00ec shu\u014d h\u00e0n y\u01d4\u3002<br \/>\n<audio style=\"margin: auto; top: 0; right: 0; bottom: 0; left: 0;\" src=\"http:\/\/reto.cn\/esperanto\/cina_lingvo\/sono\/wobhuihuishuohanyu.mp3\" controls=\"controls\"><\/audio><\/li>\n<li>Mi parolas la anglan lingvon kaj Esperanton.<br \/>\n\u6211\u8bf4\u82f1\u8bed\u548c\u4e16\u754c\u8bed\u3002W\u01d2 shu\u014d y\u012bng y\u01d4 h\u00e9 sh\u00ec ji\u00e8 y\u01d4.<br \/>\n<audio style=\"margin: auto; top: 0; right: 0; bottom: 0; left: 0;\" src=\"http:\/\/reto.cn\/esperanto\/cina_lingvo\/sono\/woshuoyingyuheshijieyu.mp3\" controls=\"controls\"><\/audio><\/li>\n<li>Kio estas via nomo?<br \/>\n\u4f60\u53eb\u4ec0\u4e48\u540d\u5b57\uff1f N\u01d0 ji\u00e0o sh\u00e9n me m\u00edng z\u00ec\uff1f<br \/>\n<audio style=\"margin: auto; top: 0; right: 0; bottom: 0; left: 0;\" src=\"http:\/\/reto.cn\/esperanto\/cina_lingvo\/sono\/nijiaoshenmemingzi.mp3\" controls=\"controls\"><\/audio><\/li>\n<li>Mia nomo estas Pierre.<br \/>\n\u6211\u53eb\u76ae\u57c3\u5c14\u3002W\u01d2 ji\u00e0o p\u00ed \u0101i \u011br\u3002<br \/>\n<audio style=\"margin: auto; top: 0; right: 0; bottom: 0; left: 0;\" src=\"http:\/\/reto.cn\/esperanto\/cina_lingvo\/sono\/wojiaopiaier.mp3\" controls=\"controls\"><\/audio><\/li>\n<li>Mi estas franco.<br \/>\n\u6211\u662f\u6cd5\u56fd\u4eba\u3002 W\u01d2 sh\u00ec f\u00e0 gu\u00f3 r\u00e9n\u3002<br \/>\n<audio style=\"margin: auto; top: 0; right: 0; bottom: 0; left: 0;\" src=\"http:\/\/reto.cn\/esperanto\/cina_lingvo\/sono\/woshifaguoren.mp3\" controls=\"controls\"><\/audio><\/li>\n<li>Mia nomo estas Smith.<br \/>\n\u6211\u53eb\u53f2\u5bc6\u65af\u3002 W\u01d2 ji\u00e0o sh\u01d0 m\u00ec s\u012b\u3002<br \/>\n<audio style=\"margin: auto; top: 0; right: 0; bottom: 0; left: 0;\" src=\"http:\/\/reto.cn\/esperanto\/cina_lingvo\/sono\/wojiaoshimisi.mp3\" controls=\"controls\"><\/audio><\/li>\n<li>Mi estas usonano.<br \/>\n\u6211\u662f\u7f8e\u56fd\u4eba\u3002W\u01d2 sh\u00ec m\u011bi gu\u00f3 r\u00e9n.<br \/>\n<audio style=\"margin: auto; top: 0; right: 0; bottom: 0; left: 0;\" src=\"http:\/\/reto.cn\/esperanto\/cina_lingvo\/sono\/woshimeiguoren.mp3\" controls=\"controls\"><\/audio><\/li>\n<li>Mi estas japano.<br \/>\n\u6211\u662f\u65e5\u672c\u4eba\u3002W\u01d2 sh\u00ec r\u00ec b\u011bn r\u00e9n\u3002<br \/>\n<audio style=\"margin: auto; top: 0; right: 0; bottom: 0; left: 0;\" src=\"http:\/\/reto.cn\/esperanto\/cina_lingvo\/sono\/woshiribenren.mp3\" controls=\"controls\"><\/audio><\/li>\n<li>Mi estas koreo.<br \/>\n\u6211\u662f\u97e9\u56fd\u4eba\u3002W\u01d2 sh\u00ec h\u00e1n gu\u00f3 r\u00e9n\u3002<br \/>\n<audio style=\"margin: auto; top: 0; right: 0; bottom: 0; left: 0;\" src=\"http:\/\/reto.cn\/esperanto\/cina_lingvo\/sono\/woshihanguoren.mp3\" controls=\"controls\"><\/audio><\/li>\n<li>Mi estas germano.<br \/>\n\u6211\u662f\u5fb7\u56fd\u4eba\u3002W\u01d2 sh\u00ec d\u00e9 gu\u00f3 r\u00e9n\u3002<br \/>\n<audio style=\"margin: auto; top: 0; right: 0; bottom: 0; left: 0;\" src=\"http:\/\/reto.cn\/esperanto\/cina_lingvo\/sono\/woshideguoren.mp3\" controls=\"controls\"><\/audio><\/li>\n<li>Mi estas ruso.<br \/>\n\u6211\u662f\u4fc4\u7f57\u65af\u4eba\u3002 W\u01d2 sh\u00ec \u00e9 lu\u00f3 s\u012b r\u00e9n\u3002<br \/>\n<audio style=\"margin: auto; top: 0; right: 0; bottom: 0; left: 0;\" src=\"http:\/\/reto.cn\/esperanto\/cina_lingvo\/sono\/woshieluosiren.mp3\" controls=\"controls\"><\/audio><\/li>\n<li>Mi iros al flughaveno.<br \/>\n\u6211\u53bb\u98de\u673a\u573a\u3002W\u01d2 q\u00f9 f\u0113i j\u012b ch\u01ceng\u3002<br \/>\n<audio style=\"margin: auto; top: 0; right: 0; bottom: 0; left: 0;\" src=\"http:\/\/reto.cn\/esperanto\/cina_lingvo\/sono\/woqufeijichang.mp3\" controls=\"controls\"><\/audio><\/li>\n<li>Mi iros al trajna stacidomo.<br \/>\n\u6211\u53bb\u706b\u8f66\u7ad9\u3002W\u01d2 q\u00f9 hu\u01d2 ch\u0113 zh\u00e0n\u3002<br \/>\n<audio style=\"margin: auto; top: 0; right: 0; bottom: 0; left: 0;\" src=\"http:\/\/reto.cn\/esperanto\/cina_lingvo\/sono\/woquhuochezhan.mp3\" controls=\"controls\"><\/audio><\/li>\n<li>Kie estas la biletejo?<br \/>\n\u5728\u54ea\u4e70\u7968\uff1f Z\u00e0i n\u01ce m\u01cei pi\u00e0o\uff1f<br \/>\n<audio style=\"margin: auto; top: 0; right: 0; bottom: 0; left: 0;\" src=\"http:\/\/reto.cn\/esperanto\/cina_lingvo\/sono\/zainamaipiao.mp3\" controls=\"controls\"><\/audio><\/li>\n<li>Mi iros al Beijing.<br \/>\n\u6211\u53bb\u5317\u4eac\u3002W\u01d2 q\u00f9 b\u011bi j\u012bng\u3002<br \/>\n<audio style=\"margin: auto; top: 0; right: 0; bottom: 0; left: 0;\" src=\"http:\/\/reto.cn\/esperanto\/cina_lingvo\/sono\/woqubeijing.mp3\" controls=\"controls\"><\/audio><\/li>\n<li>Mi iros al New York.<br \/>\n\u6211\u53bb\u7ebd\u7ea6\u3002W\u01d2 q\u00f9 ni\u01d4 yu\u0113\u3002<br \/>\n<audio style=\"margin: auto; top: 0; right: 0; bottom: 0; left: 0;\" src=\"http:\/\/reto.cn\/esperanto\/cina_lingvo\/sono\/woquniuyue.mp3\" controls=\"controls\"><\/audio><\/li>\n<li>Mi iros al Paris.<br \/>\n\u6211\u53bb\u5df4\u9ece\u3002W\u01d2 q\u00f9 b\u0101 l\u00ed\u3002<br \/>\n<audio style=\"margin: auto; top: 0; right: 0; bottom: 0; left: 0;\" src=\"http:\/\/reto.cn\/esperanto\/cina_lingvo\/sono\/woqubali.mp3\" controls=\"controls\"><\/audio><\/li>\n<li>(Mi volas a\u0109eti) unu bileton.<br \/>\n\u4e70\u4e00\u5f20\u7968\u3002M\u01cei y\u012b zh\u0101ng pi\u00e0o\u3002<br \/>\n<audio style=\"margin: auto; top: 0; right: 0; bottom: 0; left: 0;\" src=\"http:\/\/reto.cn\/esperanto\/cina_lingvo\/sono\/maiyizhangpiao.mp3\" controls=\"controls\"><\/audio><\/li>\n<li>(Mi volas a\u0109eti) du biletojn.<br \/>\n\u4e70\u4e24\u5f20\u7968\u3002M\u01cei li\u01ceng zh\u0101ng pi\u00e0o\u3002<br \/>\n<audio style=\"margin: auto; top: 0; right: 0; bottom: 0; left: 0;\" src=\"http:\/\/reto.cn\/esperanto\/cina_lingvo\/sono\/mailiangzhangpiao.mp3\" controls=\"controls\"><\/audio><\/li>\n<li>Kie estas necesejo?<br \/>\n\u54ea\u6709\u5395\u6240\uff1f N\u01ce y\u01d2u c\u00e8 su\u01d2?<br \/>\n<audio style=\"margin: auto; top: 0; right: 0; bottom: 0; left: 0;\" src=\"http:\/\/reto.cn\/esperanto\/cina_lingvo\/sono\/nayoucesuo.mp3\" controls=\"controls\"><\/audio><\/li>\n<li>Kie estas vendejo?<br \/>\n\u54ea\u6709\u5546\u5e97\uff1f N\u01ce y\u01d2u sh\u0101ng di\u00e0n\uff1f<br \/>\n<audio style=\"margin: auto; top: 0; right: 0; bottom: 0; left: 0;\" src=\"http:\/\/reto.cn\/esperanto\/cina_lingvo\/sono\/nayoushangdian.mp3\" controls=\"controls\"><\/audio><\/li>\n<li>Kiom kostas?<br \/>\n\u591a\u5c11\u94b1\uff1f Du\u014d sh\u01ceo qi\u00e1n\uff1f<br \/>\n<audio style=\"margin: auto; top: 0; right: 0; bottom: 0; left: 0;\" src=\"http:\/\/reto.cn\/esperanto\/cina_lingvo\/sono\/duoshaoqian.mp3\" controls=\"controls\"><\/audio><\/li>\n<li>Kie estas hotelo?<br \/>\n\u54ea\u6709\u5bbe\u9986\uff1f N\u01ce y\u01d2u b\u012bn gu\u01cen\uff1f<br \/>\n<audio style=\"margin: auto; top: 0; right: 0; bottom: 0; left: 0;\" src=\"http:\/\/reto.cn\/esperanto\/cina_lingvo\/sono\/nayoubinguan.mp3\" controls=\"controls\"><\/audio><\/li>\n<li>Kie estas man\u011dejo?<br \/>\n\u54ea\u6709\u996d\u9986\u513f\uff1fN\u01ce y\u01d2u f\u00e0n gu\u01cen er\uff1f<br \/>\n<audio style=\"margin: auto; top: 0; right: 0; bottom: 0; left: 0;\" src=\"http:\/\/reto.cn\/esperanto\/cina_lingvo\/sono\/nayoufanguaner.mp3\" controls=\"controls\"><\/audio><\/li>\n<li>Kie estas banko?<br \/>\n\u54ea\u6709\u94f6\u884c\uff1fN\u01ce y\u01d2u y\u00edn h\u00e1ng\uff1f<br \/>\n<audio style=\"margin: auto; top: 0; right: 0; bottom: 0; left: 0;\" src=\"http:\/\/reto.cn\/esperanto\/cina_lingvo\/sono\/nayouyinhang.mp3\" controls=\"controls\"><\/audio><\/li>\n<li>Kie estas policano?<br \/>\n\u54ea\u6709\u8b66\u5bdf\uff1fN\u01ce y\u01d2u j\u01d0ng ch\u00e1\uff1f<br \/>\n<audio style=\"margin: auto; top: 0; right: 0; bottom: 0; left: 0;\" src=\"http:\/\/reto.cn\/esperanto\/cina_lingvo\/sono\/nayoujingcha.mp3\" controls=\"controls\"><\/audio><\/li>\n<li>Kie estas a\u016dtobuso?<br \/>\n\u516c\u5171\u6c7d\u8f66\u7ad9\u5728\u54ea\uff1fG\u014dng g\u00f2ng q\u00ec ch\u0113 zh\u00e0n z\u00e0i n\u01ce\uff1f<br \/>\n<audio style=\"margin: auto; top: 0; right: 0; bottom: 0; left: 0;\" src=\"http:\/\/reto.cn\/esperanto\/cina_lingvo\/sono\/gonggongqichezhanzainaer.mp3\" controls=\"controls\"><\/audio><\/li>\n<li>Mi iros al la a\u016dta stacio de longa distanco.<br \/>\n\u6211\u53bb\u957f\u9014\u6c7d\u8f66\u7ad9\u3002W\u01d2 q\u00f9 ch\u00e1ng t\u00fa q\u00ec ch\u0113 zh\u00e0n.<br \/>\n<audio style=\"margin: auto; top: 0; right: 0; bottom: 0; left: 0;\" src=\"http:\/\/reto.cn\/esperanto\/cina_lingvo\/sono\/woquchangtuqichezhan.mp3\" controls=\"controls\"><\/audio><\/li>\n<li>Mi man\u011das viandon.<br \/>\n\u6211\u5403\u8089\u3002W\u01d2 ch\u012b r\u00f2u.<br \/>\n<audio style=\"margin: auto; top: 0; right: 0; bottom: 0; left: 0;\" src=\"http:\/\/reto.cn\/esperanto\/cina_lingvo\/sono\/wochirou.mp3\" controls=\"controls\"><\/audio><\/li>\n<li>Mi ne man\u011das viandon.<br \/>\n\u6211\u4e0d\u5403\u8089\u3002 W\u01d2 b\u00f9 ch\u012b r\u00f2u\u3002<br \/>\n<audio style=\"margin: auto; top: 0; right: 0; bottom: 0; left: 0;\" src=\"http:\/\/reto.cn\/esperanto\/cina_lingvo\/sono\/wobuchirou.mp3\" controls=\"controls\"><\/audio><\/li>\n<li>Mi man\u011das ovon.<br \/>\n\u6211\u5403\u9e21\u86cb\u3002W\u01d2 ch\u012b j\u012b d\u00e0n\u3002<br \/>\n<audio style=\"margin: auto; top: 0; right: 0; bottom: 0; left: 0;\" src=\"http:\/\/reto.cn\/esperanto\/cina_lingvo\/sono\/wochijidan.mp3\" controls=\"controls\"><\/audio><\/li>\n<li>Mi ne man\u011das ovon.<br \/>\n\u6211\u4e0d\u5403\u9e21\u86cb\u3002 W\u01d2 b\u00f9 ch\u012b j\u012b d\u00e0n\u3002<br \/>\n<audio style=\"margin: auto; top: 0; right: 0; bottom: 0; left: 0;\" src=\"http:\/\/reto.cn\/esperanto\/cina_lingvo\/sono\/wobuchijidan.mp3\" controls=\"controls\"><\/audio><\/li>\n<li>Mi estas vegetarano.<br \/>\n\u6211\u5403\u7d20\u3002W\u01d2 ch\u012b s\u00f9.<br \/>\n<audio style=\"margin: auto; top: 0; right: 0; bottom: 0; left: 0;\" src=\"http:\/\/reto.cn\/esperanto\/cina_lingvo\/sono\/wochisu.mp3\" controls=\"controls\"><\/audio><\/li>\n<li>Mi ne man\u011das\u00a0kapsikon.<br \/>\n\u6211\u4e0d\u5403\u8fa3\u6912\u3002W\u01d2 b\u00f9 ch\u012b l\u00e0 ji\u0101o\u3002<br \/>\n<audio style=\"margin: auto; top: 0; right: 0; bottom: 0; left: 0;\" src=\"http:\/\/reto.cn\/esperanto\/cina_lingvo\/sono\/wobuchilajiao.mp3\" controls=\"controls\"><\/audio><\/li>\n<li>Tiu \u0109i plado estas bongusta.<br \/>\n\u8fd9\u4e2a\u83dc\u597d\u5403\u3002Zh\u00e8 ge c\u00e0i h\u00e0o ch\u012b.<br \/>\n<audio style=\"margin: auto; top: 0; right: 0; bottom: 0; left: 0;\" src=\"http:\/\/reto.cn\/esperanto\/cina_lingvo\/sono\/zhegecaihaochi.mp3\" controls=\"controls\"><\/audio><\/li>\n<li>Kio estas la nomo de tiu \u0109i plado?<br \/>\n\u8fd9\u4e2a\u83dc\u7684\u540d\u5b57\u53eb\u4ec0\u4e48\uff1fZh\u00e8 ge c\u00e0i de m\u00edng z\u00ec ji\u00e0o sh\u00e9n me?<br \/>\n<audio style=\"margin: auto; top: 0; right: 0; bottom: 0; left: 0;\" src=\"http:\/\/reto.cn\/esperanto\/cina_lingvo\/sono\/zhegecaidemingzijiaoshenme.mp3\" controls=\"controls\"><\/audio><\/li>\n<li>Tiu \u0109i plado nomi\u011das &#8220;yu xiang rou si&#8221;.<br \/>\n\u8fd9\u4e2a\u83dc\u53eb\u201c\u9c7c\u9999\u8089\u4e1d\u201d\u3002zhe ge cai jiao \u201cy\u00fa xi\u0101ng r\u00f2u s\u012b\u201d\u3002<br \/>\n<audio style=\"margin: auto; top: 0; right: 0; bottom: 0; left: 0;\" src=\"http:\/\/reto.cn\/esperanto\/cina_lingvo\/sono\/zhegecaijiaoyuxiangrousi.mp3\" controls=\"controls\"><\/audio><\/li>\n<li>Mi volas trinki akvon.<br \/>\n\u6211\u60f3\u559d\u6c34\u3002W\u01d2 xi\u01ceng h\u0113 shu\u01d0\u3002<br \/>\n<audio style=\"margin: auto; top: 0; right: 0; bottom: 0; left: 0;\" src=\"http:\/\/reto.cn\/esperanto\/cina_lingvo\/sono\/woxiangheshui.mp3\" controls=\"controls\"><\/audio><\/li>\n<li>Mi volas trinki teon.<br \/>\n\u6211\u60f3\u559d\u8336\u3002W\u01d2 xi\u01ceng h\u0113 ch\u00e1\u3002<br \/>\n<audio style=\"margin: auto; top: 0; right: 0; bottom: 0; left: 0;\" src=\"http:\/\/reto.cn\/esperanto\/cina_lingvo\/sono\/woxianghecha.mp3\" controls=\"controls\"><\/audio><\/li>\n<li>Estas malvarme.<br \/>\n\u592a\u51b7\u4e86\u3002T\u00e0i l\u011bng le\u3002<br \/>\n<audio style=\"margin: auto; top: 0; right: 0; bottom: 0; left: 0;\" src=\"http:\/\/reto.cn\/esperanto\/cina_lingvo\/sono\/tailengle.mp3\" controls=\"controls\"><\/audio><\/li>\n<li>Bonvole fermu la fenestron.<br \/>\n\u8bf7\u5173\u4e0a\u7a97\u6237\u3002Q\u01d0ng gu\u0101n sh\u00e0ng chu\u0101ng h\u00f9\u3002<br \/>\n<audio style=\"margin: auto; top: 0; right: 0; bottom: 0; left: 0;\" src=\"http:\/\/reto.cn\/esperanto\/cina_lingvo\/sono\/qingguanshangchuanghu.mp3\" controls=\"controls\"><\/audio><\/li>\n<li>Estas tre varme.<br \/>\n\u592a\u70ed\u4e86\u3002T\u00e0i r\u00e8le\u3002<br \/>\n<audio style=\"margin: auto; top: 0; right: 0; bottom: 0; left: 0;\" src=\"http:\/\/reto.cn\/esperanto\/cina_lingvo\/sono\/tairele.mp3\" controls=\"controls\"><\/audio><\/li>\n<li>Bonvole malfermu la fenestron.<br \/>\n\u8bf7\u6253\u5f00\u7a97\u6237\u3002Q\u01d0ng d\u01ce k\u0101i chu\u0101ng h\u00f9.<br \/>\n<audio style=\"margin: auto; top: 0; right: 0; bottom: 0; left: 0;\" src=\"http:\/\/reto.cn\/esperanto\/cina_lingvo\/sono\/qingdakaichuanghu.mp3\" controls=\"controls\"><\/audio><\/li>\n<\/ol>\n<p><span style=\"color: #ff0000;\">Kiujn aliajn frazojn en la \u0109ina lingvo vi volas lerni? bonvole skribu sube.<\/span><\/p>\n<p>\u7528\u4e16\u754c\u8bed\u6559\u8001\u5916\u8bf4\u6c49\u8bed<\/p>\n","protected":false},"excerpt":{"rendered":"<p>Sube estas frazoj, kiuj estas eble utilaj al vi dum via voja\u011do en \u0108inio. Post la \u0109inaj ideografia\u0135oj estas \u0109ina fonetiko. La sonoj de la\u00a0\u0109ina lingvo estas sub la frazoj. Saluton! \u4f60\u597d\uff01 N\u01d0\u00a0 h\u01ceo\uff01 Bonvenon! \u6b22\u8fce\uff01Hu\u0101n y\u00edng\uff01 Dankon! \u8c22\u8c22\uff01 Xi\u00e8 xi\u00e8\uff01 Pardonon! \u5bf9\u4e0d\u8d77\uff01Du\u00ec b\u00f9 q\u01d0\uff01 Ne gravas. \u6ca1\u5173\u7cfb\u3002M\u00e9i gu\u0101n x\u00ec. \u011cis revido! \u518d\u89c1\uff01 Z\u00e0i ji\u00e0n\uff01\u2026 <span class=\"read-more\"><a href=\"https:\/\/reto.cn\/php\/esperanto\/kurso-de-la-cina-lingvo\/\">\u7ee7\u7eed\u9605\u8bfb Legi pli &raquo;<\/a><\/span><\/p>\n","protected":false},"author":1,"featured_media":0,"parent":0,"menu_order":0,"comment_status":"open","ping_status":"closed","template":"","meta":[],"_links":{"self":[{"href":"https:\/\/reto.cn\/php\/esperanto\/wp-json\/wp\/v2\/pages\/1459"}],"collection":[{"href":"https:\/\/reto.cn\/php\/esperanto\/wp-json\/wp\/v2\/pages"}],"about":[{"href":"https:\/\/reto.cn\/php\/esperanto\/wp-json\/wp\/v2\/types\/page"}],"author":[{"embeddable":true,"href":"https:\/\/reto.cn\/php\/esperanto\/wp-json\/wp\/v2\/users\/1"}],"replies":[{"embeddable":true,"href":"https:\/\/reto.cn\/php\/esperanto\/wp-json\/wp\/v2\/comments?post=1459"}],"version-history":[{"count":0,"href":"https:\/\/reto.cn\/php\/esperanto\/wp-json\/wp\/v2\/pages\/1459\/revisions"}],"wp:attachment":[{"href":"https:\/\/reto.cn\/php\/esperanto\/wp-json\/wp\/v2\/media?parent=1459"}],"curies":[{"name":"wp","href":"https:\/\/api.w.org\/{rel}","templated":true}]}}