{"id":15,"date":"2016-10-18T17:13:20","date_gmt":"2016-10-18T17:13:20","guid":{"rendered":"http:\/\/reto.cn\/php\/blog\/wordpress-esperanto\/?page_id=15"},"modified":"2016-10-18T17:13:20","modified_gmt":"2016-10-18T17:13:20","slug":"cinaj-temoj","status":"publish","type":"page","link":"https:\/\/reto.cn\/php\/esperanto\/cinaj-temoj\/","title":{"rendered":"\u0108inaj Temoj"},"content":{"rendered":"<blockquote><p><span style=\"color: #006600;\">diversaj temoj pri \u0108inio. Kio el \u0108inio interesas vin? Bonvole diru al mi.<\/span><\/p><\/blockquote>\n<p>(preparita)<\/p>\n<ol>\n<li>\u0108ina politika sistemo.<\/li>\n<li>La politikaj partioj en \u0108inio.<\/li>\n<li>Nacioj kaj la nacia politiko en \u0108inio.<\/li>\n<li>Nacia regiona a\u016dtonomio en \u0108inio.<\/li>\n<li>Popola kongreso de \u0108inio.<\/li>\n<li>Regado de la interreto en \u0108inio.<\/li>\n<li>Konstruado de la nova kamparo.<\/li>\n<li>Fiksi lo\u011dejojn de la pa\u015dtistoj.<\/li>\n<li>Domo-projekto kontra\u016d terskuo<\/li>\n<li>Nova politiko de la instruado de la angla lingvo en \u0108inio.<\/li>\n<li>\u0108inioj kaj religioj<\/li>\n<li>Problemoj pri Taiwan<\/li>\n<li>Problemoj pri Tibeto<\/li>\n<\/ol>\n<p>\u672c\u680f\u76ee\u9488\u5bf9\u4ee5\u4e0a\u5185\u5bb9\u548c\u7c7b\u4f3c\u7684\u5185\u5bb9\u8fdb\u884c\u5f81\u7a3f\u3002<br \/>\n(preparita)<\/p>\n","protected":false},"excerpt":{"rendered":"<p>diversaj temoj pri \u0108inio. Kio el \u0108inio interesas vin? Bonvole diru al mi. (preparita) \u0108ina politika sistemo. La politikaj partioj en \u0108inio. Nacioj kaj la nacia politiko en \u0108inio. Nacia regiona a\u016dtonomio en \u0108inio. Popola kongreso de \u0108inio. Regado de la interreto en \u0108inio. Konstruado de la nova kamparo. Fiksi lo\u011dejojn de la pa\u015dtistoj. Domo-projekto\u2026 <span class=\"read-more\"><a href=\"https:\/\/reto.cn\/php\/esperanto\/cinaj-temoj\/\">\u7ee7\u7eed\u9605\u8bfb Legi pli &raquo;<\/a><\/span><\/p>\n","protected":false},"author":1,"featured_media":0,"parent":0,"menu_order":0,"comment_status":"open","ping_status":"closed","template":"","meta":[],"_links":{"self":[{"href":"https:\/\/reto.cn\/php\/esperanto\/wp-json\/wp\/v2\/pages\/15"}],"collection":[{"href":"https:\/\/reto.cn\/php\/esperanto\/wp-json\/wp\/v2\/pages"}],"about":[{"href":"https:\/\/reto.cn\/php\/esperanto\/wp-json\/wp\/v2\/types\/page"}],"author":[{"embeddable":true,"href":"https:\/\/reto.cn\/php\/esperanto\/wp-json\/wp\/v2\/users\/1"}],"replies":[{"embeddable":true,"href":"https:\/\/reto.cn\/php\/esperanto\/wp-json\/wp\/v2\/comments?post=15"}],"version-history":[{"count":0,"href":"https:\/\/reto.cn\/php\/esperanto\/wp-json\/wp\/v2\/pages\/15\/revisions"}],"wp:attachment":[{"href":"https:\/\/reto.cn\/php\/esperanto\/wp-json\/wp\/v2\/media?parent=15"}],"curies":[{"name":"wp","href":"https:\/\/api.w.org\/{rel}","templated":true}]}}