{"id":1543,"date":"2021-02-13T03:40:12","date_gmt":"2021-02-12T19:40:12","guid":{"rendered":"http:\/\/reto.cn\/php\/esperanto\/?page_id=1543"},"modified":"2021-02-13T03:40:12","modified_gmt":"2021-02-12T19:40:12","slug":"nomoj-de-cinoj","status":"publish","type":"page","link":"https:\/\/reto.cn\/php\/esperanto\/gvido-al-cinio\/nomoj-de-cinoj\/","title":{"rendered":"Nomoj de \u0108inoj \u4e2d\u56fd\u4eba\u7684\u540d\u5b57"},"content":{"rendered":"<p>A\u016dtoro: <em>Xu Yifei<\/em><\/p>\n<p>Lundo, sennube, La 1-an de marto en la 2017-a<\/p>\n<p>Hodia\u016d estas tre enuiga, preska\u016d nenio okazis al mi. Sed hodia\u016d la \u0109ina instruisto rakontis al ni pri nomoj de \u0109inoj en la klaso. Mi povas registri \u011din en Esperanto. Jarojn poste, kiam mi vidis \u0109i tiun taglibron, eble \u011di fari\u011dis tre altvalora materialo.<\/p>\n<p>La nomoj de \u0109inoj estas esprimitaj per \u0109inaj karakteroj. La nomoj de hanoj estas esprimitaj per \u0109inoj. La nomoj de aliaj etnoj estas transliterigitaj al \u0109inaj karakteroj.<\/p>\n<p>En antikva \u0108inio, infanoj estis \u011denerale nomataj de siaj patroj tri monatojn post ilia naski\u011do. Nun plej multaj infanoj en \u0108inio estas nomataj de parencoj anta\u016d ol ili naski\u011das.<\/p>\n<p>La nomoj de hanoj estas dividitaj en &#8220;familinomo&#8221; kaj &#8220;anta\u016dnomo&#8221;. La familinomo venas anta\u016d la anta\u016dnomo.\u00a0 &#8220;Familinomo&#8221; havas ununuran familian nomon, kio estas kunmetita de unu signo, kaj kunmetitan familian nomon, kio estas kunmetita de pluraj signoj. &#8220;Anta\u016dnomo&#8221; estas \u011denerale uzata por uzi du vortojn a\u016d unu vorton. Anta\u016d la dinastioj de la Tri Regnoj regis unu-rolaj nomoj, kaj de la Dinastio Jin \u011dis modernaj tempoj \u0109efe estis uzataj du-rolaj nomoj. Aliaj etnoj uzas transliterumon, de multoblo \u011dis dek.<\/p>\n<p>\u0108inoj ofte uzas iujn metodojn en siaj nomoj por distingi malsamajn generaciojn de la sama familio. Ekzemple, en la nomo, unu vorto estas uzata por indiki generacion, kaj alia vorto estas uzata por indiki la signifon de la nomo. Iuj uzas la saman radikalon en siaj nomoj por indiki la saman generacion.<\/p>\n<p>En antikva \u0108inio, pro la influo de la patriarka sistemo, estis sistemo eviti la uzon de nomoj. Parolante kaj skribante, vi devas eviti la nomon de la \u0109efpatro. Kiam ili nomas ilin, ili ne povas uzi vortojn en iliaj nomoj a\u016d homofonoj. Kvankam \u0109i tiuj ne plu gravas, iuj homoj tamen provas ne uzi la vortojn en la nomoj de siaj gepatroj a\u016d geavoj kiam ili elektas nomojn.<\/p>\n<p>La\u016d antikvaj registroj, antikvaj \u0109inoj \u011denerale nomis siajn infanojn tri monatojn post kiam ili naski\u011dis de siaj patroj kiel iliaj oficialaj nomoj. Anta\u016d tio, ili uzus la laktan nomon, sed la lakta nomo de iuj homoj povas da\u016dri dum infana\u011do, e\u0109 kiam ili kreskas, iliaj gepatroj ankora\u016d nomas \u011din tiel. En la malnovaj tempoj, infanoj de aristokrataj familioj kaj famuloj, krom iliaj daimioj, anka\u016d ricevis &#8220;trejnan nomon&#8221; de iliaj patroj, instruistoj, plia\u011duloj, subnobelaro kaj famuloj, kiam ili enskribi\u011dis en edukado.<\/p>\n<p>Estas du specoj de kromnomoj: unu estas donita al la bebo de la biologiaj gepatroj; la nomo donita al persono de persono a\u016d iuj homoj estas kromnomo. La naski\u011daj gepatroj nomas bebojn a\u016d infanojn, ofte kiel vorton en la nomo. Moknomoj eble iam havas malestiman signifon. \u0108ar la nomanto estas plejparte parencoj kaj amikoj, li kutime ne forte esprimas la fakton, ke li ne povas akcepti \u011din. Moknomo povas konsisti el iuj prefiksoj plus vorto en la nomo. Moknomoj malofte estas uzataj por formalaj a\u016d duonformaj titoloj.<\/p>\n<p>Aldone al la nomo, \u0109inoj tradicie anka\u016d popularigas &#8220;Z&#8221;, kutime en la ceremonio de maljuni\u011do. Iafoje ili anka\u016d elektos &#8220;\u0124a\u016d&#8221; por si mem. \u011ci estas pli formala ka\u015dnomo, uzebla por esprimi la intencon. Sed \u0109i tiuj ne estas ofte uzataj nun.<\/p>\n<p>La fenomeno de duplikataj nomoj en \u0108inio estas serioza. Persone mi pensas, ke estas \u0109ar ekzistas tro multaj homoj kaj malpli da vortoj, kultura konver\u011do, servado al modo kaj genealogiaj limigoj.<\/p>\n<div style=\"width: 160px\" class=\"wp-caption alignnone\"><img decoding=\"async\" loading=\"lazy\" src=\"http:\/\/reto.cn\/bildo\/esperanto\/artikoloj\/xuyifei.jpg\" alt=\"\" width=\"150\" height=\"195\" \/><p class=\"wp-caption-text\">Xu Yifei, la a\u016dtoro<\/p><\/div>\n","protected":false},"excerpt":{"rendered":"<p>A\u016dtoro: Xu Yifei Lundo, sennube, La 1-an de marto en la 2017-a Hodia\u016d estas tre enuiga, preska\u016d nenio okazis al mi. Sed hodia\u016d la \u0109ina instruisto rakontis al ni pri nomoj de \u0109inoj en la klaso. Mi povas registri \u011din en Esperanto. Jarojn poste, kiam mi vidis \u0109i tiun taglibron, eble \u011di fari\u011dis tre altvalora\u2026 <span class=\"read-more\"><a href=\"https:\/\/reto.cn\/php\/esperanto\/gvido-al-cinio\/nomoj-de-cinoj\/\">\u7ee7\u7eed\u9605\u8bfb Legi pli &raquo;<\/a><\/span><\/p>\n","protected":false},"author":1,"featured_media":0,"parent":228,"menu_order":0,"comment_status":"open","ping_status":"closed","template":"","meta":[],"_links":{"self":[{"href":"https:\/\/reto.cn\/php\/esperanto\/wp-json\/wp\/v2\/pages\/1543"}],"collection":[{"href":"https:\/\/reto.cn\/php\/esperanto\/wp-json\/wp\/v2\/pages"}],"about":[{"href":"https:\/\/reto.cn\/php\/esperanto\/wp-json\/wp\/v2\/types\/page"}],"author":[{"embeddable":true,"href":"https:\/\/reto.cn\/php\/esperanto\/wp-json\/wp\/v2\/users\/1"}],"replies":[{"embeddable":true,"href":"https:\/\/reto.cn\/php\/esperanto\/wp-json\/wp\/v2\/comments?post=1543"}],"version-history":[{"count":0,"href":"https:\/\/reto.cn\/php\/esperanto\/wp-json\/wp\/v2\/pages\/1543\/revisions"}],"up":[{"embeddable":true,"href":"https:\/\/reto.cn\/php\/esperanto\/wp-json\/wp\/v2\/pages\/228"}],"wp:attachment":[{"href":"https:\/\/reto.cn\/php\/esperanto\/wp-json\/wp\/v2\/media?parent=1543"}],"curies":[{"name":"wp","href":"https:\/\/api.w.org\/{rel}","templated":true}]}}