{"id":1627,"date":"2021-08-28T23:02:21","date_gmt":"2021-08-28T15:02:21","guid":{"rendered":"http:\/\/reto.cn\/php\/esperanto\/?page_id=1627"},"modified":"2022-04-18T04:47:51","modified_gmt":"2022-04-18T04:47:51","slug":"1000-bazaj-vortoj-kun-voclego","status":"publish","type":"page","link":"https:\/\/reto.cn\/php\/esperanto\/esperantaj-vortoj\/1000-bazaj-vortoj-kun-voclego\/","title":{"rendered":"1000 Bazaj Vortoj de Esperanto de Gazeto Kontakto, kun vo\u0109lego"},"content":{"rendered":"<p><audio style=\"margin: auto; top: 0; right: 0; bottom: 0; left: 0;\" src=\"http:\/\/reto.cn\/hanyu\/sono\/1000_vortoj\/roff\/1.mp3\" controls=\"controls\"><\/audio><br \/>\n1. -a<br \/>\n2. aboni<br \/>\n3. -a\u0109<br \/>\n4. a\u0109eti<br \/>\n5. -ad<br \/>\n6. adreso<br \/>\n7. aero<br \/>\n8. afabla<br \/>\n9. afero<br \/>\n10. agi<br \/>\n11. agrabla<br \/>\n12. a\u011do<br \/>\n13. ajn<br \/>\n14. -a\u0135<br \/>\n15. akcepti<br \/>\n16. akra<br \/>\n17. aktiva<br \/>\n18. akvo<br \/>\n19. al<br \/>\n20. alia<br \/>\n21. almena\u016d<br \/>\n22. alta<br \/>\n23. amaso<br \/>\n24. amba\u016d<br \/>\n25. ami<br \/>\n26. amiko<br \/>\n27. amuzi<br \/>\n28. -an<br \/>\n29. angulo<br \/>\n30. animo<br \/>\n31. anka\u016d<br \/>\n32. ankora\u016d<br \/>\n33. anonci<br \/>\n34. anstata\u016d<br \/>\n35. -ant<br \/>\n36. anta\u016d<br \/>\n37. aparato<br \/>\n38. aparta<br \/>\n39. aparteni<br \/>\n40. apena\u016d<br \/>\n41. aperi<br \/>\n42. aprilo<br \/>\n43. apud<br \/>\n44. -ar<br \/>\n45. aran\u011di<br \/>\n46. arbo<br \/>\n47. artikolo<br \/>\n48. arto<br \/>\n49. -as<br \/>\n50. asocio<br \/>\n51. aspekti<br \/>\n52. -at<br \/>\n53. ataki<br \/>\n54. atendi<br \/>\n55. atenta<br \/>\n56. atingi<br \/>\n57. a\u016d<br \/>\n58. a\u016ddi<br \/>\n59. a\u016dgusto<br \/>\n60. a\u016dskulti<br \/>\n61. a\u016dtobuso<br \/>\n62. a\u016dtomobilo<br \/>\n63. a\u016dtuno<br \/>\n64. avo<br \/>\n65. azeno<br \/>\n66. balda\u016d<br \/>\n67. bani<br \/>\n68. bari<br \/>\n69. batali<br \/>\n70. bati<br \/>\n71. bazo<br \/>\n72. beda\u016dri<br \/>\n73. bela<br \/>\n74. besto<br \/>\n75. bezoni<br \/>\n76. biblioteko<br \/>\n77. biciklo<br \/>\n78. biero<br \/>\n79. bildo<br \/>\n80. bileto<br \/>\n81. birdo<br \/>\n82. blanka<br \/>\n83. blovi<br \/>\n84. blua<br \/>\n85. bo-<br \/>\n86. boli<br \/>\n87. bona<br \/>\n88. bordo<br \/>\n89. botelo<br \/>\n90. bovo<br \/>\n91. brako<br \/>\n92. brili<br \/>\n93. broso<br \/>\n94. brui<br \/>\n95. bruli<br \/>\n96. bruna<br \/>\n97. brusto<br \/>\n98. bu\u015do<br \/>\n99. butero<br \/>\n100. butono<\/p>\n<p><audio style=\"margin: auto; top: 0; right: 0; bottom: 0; left: 0;\" src=\"http:\/\/reto.cn\/hanyu\/sono\/1000_vortoj\/roff\/2.mp3\" controls=\"controls\"><\/audio><br \/>\n101. celo<br \/>\n102. cent<br \/>\n103. centro<br \/>\n104. cerbo<br \/>\n105. certa<br \/>\n106. cetera<br \/>\n107. cigaredo<br \/>\n108. cirklo<br \/>\n109. \u0109ambro<br \/>\n110. \u0109apelo<br \/>\n111. \u0109ar<br \/>\n112. \u0109e<br \/>\n113. \u0109efa<br \/>\n114. \u0109emizo<br \/>\n115. \u0109esi<br \/>\n116. \u0109evalo<br \/>\n117. \u0109i<br \/>\n118. \u0109ia<br \/>\n119. \u0109iam<br \/>\n120. \u0109ie<br \/>\n121. \u0109ielo<br \/>\n122. \u0109io<br \/>\n123. \u0109irka\u016d<br \/>\n124. \u0109iu<br \/>\n125. \u0109u<br \/>\n126. da<br \/>\n127. danci<br \/>\n128. dan\u011dero<br \/>\n129. danki<br \/>\n130. da\u016dri<br \/>\n131. de<br \/>\n132. decembro<br \/>\n133. decidi<br \/>\n134. defendi<br \/>\n135. dek<br \/>\n136. dekstra<br \/>\n137. demandi<br \/>\n138. densa<br \/>\n139. dento<br \/>\n140. desegni<br \/>\n141. detalo<br \/>\n142. devi<br \/>\n143. deziri<br \/>\n144. diferenci<br \/>\n145. difini<br \/>\n146. dika<br \/>\n147. diman\u0109o<br \/>\n148. dio<br \/>\n149. direkto<br \/>\n150. diri<br \/>\n151. dis-<br \/>\n152. disko<br \/>\n153. diskuti<br \/>\n154. diversa<br \/>\n155. dividi<br \/>\n156. do<br \/>\n157. doktoro<br \/>\n158. dol\u0109a<br \/>\n159. dolori<br \/>\n160. doma\u011do<br \/>\n161. domo<br \/>\n162. donaci<br \/>\n163. doni<br \/>\n164. dormi<br \/>\n165. dorso<br \/>\n166. drato<br \/>\n167. du<br \/>\n168. dubi<br \/>\n169. dum<br \/>\n170. dungi<br \/>\n171. -e<br \/>\n172. ebena<br \/>\n173. -ebl<br \/>\n174. -ec<br \/>\n175. e\u0109<br \/>\n176. eduki<br \/>\n177. edzo<br \/>\n178. efektiva<br \/>\n179. efiki<br \/>\n180. -eg<br \/>\n181. egala<br \/>\n182. -ej<br \/>\n183. ek-<br \/>\n184. ekonomio<br \/>\n185. ekskurso<br \/>\n186. ekspozicio<br \/>\n187. ekster<br \/>\n188. ekzameni<br \/>\n189. ekzemplo<br \/>\n190. ekzerci<br \/>\n191. ekzisti<br \/>\n192. el<br \/>\n193. elekti<br \/>\n194. elektro<br \/>\n195. -em<br \/>\n196. emocio<br \/>\n197. en<br \/>\n198. energio<br \/>\n199. -er<br \/>\n200. erari<\/p>\n<p><audio style=\"margin: auto; top: 0; right: 0; bottom: 0; left: 0;\" src=\"http:\/\/reto.cn\/hanyu\/sono\/1000_vortoj\/roff\/3.mp3\" controls=\"controls\"><\/audio><br \/>\n201. esperi<br \/>\n202. esplori<br \/>\n203. esprimi<br \/>\n204. esti<br \/>\n205. estimi<br \/>\n206. -estr<br \/>\n207. -et<br \/>\n208. eventuala<br \/>\n209. evolui<br \/>\n210. facila<br \/>\n211. fadeno<br \/>\n212. fajro<br \/>\n213. fako<br \/>\n214. fakto<br \/>\n215. fakturo<br \/>\n216. fali<br \/>\n217. fama<br \/>\n218. familio<br \/>\n219. fari<br \/>\n220. farti<br \/>\n221. februaro<br \/>\n222. feli\u0109a<br \/>\n223. fenestro<br \/>\n224. ferio<br \/>\n225. fermi<br \/>\n226. fero<br \/>\n227. festi<br \/>\n228. fiksi<br \/>\n229. filmo<br \/>\n230. filo<br \/>\n231. fingro<br \/>\n232. fini<br \/>\n233. fi\u015do<br \/>\n234. flago<br \/>\n235. flanko<br \/>\n236. flava<br \/>\n237. floro<br \/>\n238. flugi<br \/>\n239. flui<br \/>\n240. fojo<br \/>\n241. folio<br \/>\n242. fondi<br \/>\n243. fonto<br \/>\n244. for<br \/>\n245. forgesi<br \/>\n246. forko<br \/>\n247. formo<br \/>\n248. forta<br \/>\n249. fosi<br \/>\n250. foti<br \/>\n251. frapi<br \/>\n252. frato<br \/>\n253. fra\u016dlo<br \/>\n254. fremda<br \/>\n255. freneza<br \/>\n256. fre\u015da<br \/>\n257. frosto<br \/>\n258. frua<br \/>\n259. frukto<br \/>\n260. fulmo<br \/>\n261. fumo<br \/>\n262. funkcio<br \/>\n263. fu\u015di<br \/>\n264. gaja<br \/>\n265. gajni<br \/>\n266. gaso<br \/>\n267. gasto<br \/>\n268. gazeto<br \/>\n269. ge-<br \/>\n270. glacio<br \/>\n271. glaso<br \/>\n272. gliti<br \/>\n273. granda<br \/>\n274. graso<br \/>\n275. gratuli<br \/>\n276. grava<br \/>\n277. greno<br \/>\n278. griza<br \/>\n279. grupo<br \/>\n280. gusto<br \/>\n281. gvidi<br \/>\n282. \u011dardeno<br \/>\n283. \u011denerala<br \/>\n284. \u011deni<br \/>\n285. \u011dentila<br \/>\n286. \u011dis<br \/>\n287. \u011doji<br \/>\n288. \u011dui<br \/>\n289. \u011dusta<br \/>\n290. ha<br \/>\n291. halti<br \/>\n292. haro<br \/>\n293. ha\u016dto<br \/>\n294. haveno<br \/>\n295. havi<br \/>\n296. hejmo<br \/>\n297. hela<br \/>\n298. helpi<br \/>\n299. herbo<br \/>\n300. hiera\u016d<\/p>\n<p><audio style=\"margin: auto; top: 0; right: 0; bottom: 0; left: 0;\" src=\"http:\/\/reto.cn\/hanyu\/sono\/1000_vortoj\/roff\/4.mp3\" controls=\"controls\"><\/audio><br \/>\n301. historio<br \/>\n302. ho<br \/>\n303. hodia\u016d<br \/>\n304. homo<br \/>\n305. horlo\u011do<br \/>\n306. horo<br \/>\n307. hotelo<br \/>\n308. hundo<br \/>\n309. -i<br \/>\n310. ia<br \/>\n311. iam<br \/>\n312. -id<br \/>\n313. idealo<br \/>\n314. ideo<br \/>\n315. ie<br \/>\n316. iel<br \/>\n317. -ig<br \/>\n318. -i\u011d<br \/>\n319. -il<br \/>\n320. ili<br \/>\n321. imagi<br \/>\n322. imiti<br \/>\n323. -in<br \/>\n324. -ind<br \/>\n325. industrio<br \/>\n326. infano<br \/>\n327. informi<br \/>\n328. insekto<br \/>\n329. insigno<br \/>\n330. instrui<br \/>\n331. insulo<br \/>\n332. -int<br \/>\n333. inteligenta<br \/>\n334. intenci<br \/>\n335. inter<br \/>\n336. interesi<br \/>\n337. interna<br \/>\n338. inviti<br \/>\n339. io<br \/>\n340. iri<br \/>\n341. -is<br \/>\n342. -ism<br \/>\n343. -ist<br \/>\n344. -it<br \/>\n345. -j<br \/>\n346. ja<br \/>\n347. jam<br \/>\n348. januaro<br \/>\n349. jaro<br \/>\n350. je<br \/>\n351. jen<br \/>\n352. jes<br \/>\n353. ju\u011di<br \/>\n354. julio<br \/>\n355. juna<br \/>\n356. junio<br \/>\n357. jupo<br \/>\n358. justa<br \/>\n359. \u0135a\u016ddo<br \/>\n360. \u0135eti<br \/>\n361. \u0135us<br \/>\n362. kadro<br \/>\n363. kafo<br \/>\n364. kaj<br \/>\n365. kajero<br \/>\n366. kalendaro<br \/>\n367. kalkuli<br \/>\n368. kampo<br \/>\n369. kanti<br \/>\n370. kapabla<br \/>\n371. kapo<br \/>\n372. kapti<br \/>\n373. kara<br \/>\n374. karbo<br \/>\n375. karto<br \/>\n376. kasedo<br \/>\n377. ka\u015di<br \/>\n378. kato<br \/>\n379. ka\u016dzo<br \/>\n380. kazo<br \/>\n381. ke<br \/>\n382. kelka<br \/>\n383. kia<br \/>\n384. kial<br \/>\n385. kiam<br \/>\n386. kie<br \/>\n387. kiel<br \/>\n388. kies<br \/>\n389. kilogramo<br \/>\n390. kilometro<br \/>\n391. kio<br \/>\n392. kiom<br \/>\n393. kisi<br \/>\n394. kiu<br \/>\n395. klara<br \/>\n396. klaso<br \/>\n397. klini<br \/>\n398. klopodi<br \/>\n399. klubo<br \/>\n400. knabo<\/p>\n<p><audio style=\"margin: auto; top: 0; right: 0; bottom: 0; left: 0;\" src=\"http:\/\/reto.cn\/hanyu\/sono\/1000_vortoj\/roff\/5.mp3\" controls=\"controls\"><\/audio><br \/>\n401. kolekti<br \/>\n402. koleri<br \/>\n403. kolo<br \/>\n404. koloro<br \/>\n405. kombi<br \/>\n406. komenci<br \/>\n407. komerci<br \/>\n408. komforta<br \/>\n409. komisii<br \/>\n410. komitato<br \/>\n411. kompari<br \/>\n412. kompati<br \/>\n413. kompreni<br \/>\n414. komputi<br \/>\n415. komuna<br \/>\n416. komuniki<br \/>\n417. koncerni<br \/>\n418. kondi\u0109o<br \/>\n419. konduki<br \/>\n420. konfesi<br \/>\n421. kongreso<br \/>\n422. koni<br \/>\n423. konkreta<br \/>\n424. konsenti<br \/>\n425. konservi<br \/>\n426. konsideri<br \/>\n427. konsili<br \/>\n428. konsisti<br \/>\n429. konstanta<br \/>\n430. konstrui<br \/>\n431. kontakto<br \/>\n432. kontenta<br \/>\n433. kontra\u016d<br \/>\n434. kontroli<br \/>\n435. konveni<br \/>\n436. konvinki<br \/>\n437. kopii<br \/>\n438. korbo<br \/>\n439. korespondi<br \/>\n440. koro<br \/>\n441. korpo<br \/>\n442. korto<br \/>\n443. kosti<br \/>\n444. kostumo<br \/>\n445. koverto<br \/>\n446. kovri<br \/>\n447. krajono<br \/>\n448. kredi<br \/>\n449. krei<br \/>\n450. kreski<br \/>\n451. krii<br \/>\n452. krom<br \/>\n453. kruela<br \/>\n454. kruro<br \/>\n455. kudri<br \/>\n456. kuiri<br \/>\n457. kuko<br \/>\n458. kulero<br \/>\n459. kulpa<br \/>\n460. kulturi<br \/>\n461. kun<br \/>\n462. kupono<br \/>\n463. kuraci<br \/>\n464. kura\u011da<br \/>\n465. kuri<br \/>\n466. kurso<br \/>\n467. ku\u015di<br \/>\n468. kutimi<br \/>\n469. kuzo<br \/>\n470. kvadrato<br \/>\n471. kvalito<br \/>\n472. kvankam<br \/>\n473. kvanto<br \/>\n474. kvar<br \/>\n475. kvaza\u016d<br \/>\n476. kvin<br \/>\n477. la<br \/>\n478. labori<br \/>\n479. laca<br \/>\n480. lago<br \/>\n481. lakto<br \/>\n482. lando<br \/>\n483. lango<br \/>\n484. lar\u011da<br \/>\n485. lasi<br \/>\n486. lasta<br \/>\n487. la\u016d<br \/>\n488. lavi<br \/>\n489. leciono<br \/>\n490. legi<br \/>\n491. legomo<br \/>\n492. le\u011do<br \/>\n493. lerni<br \/>\n494. lerta<br \/>\n495. letero<br \/>\n496. levi<br \/>\n497. li<br \/>\n498. libera<br \/>\n499. libro<br \/>\n500. ligi<\/p>\n<p><audio style=\"margin: auto; top: 0; right: 0; bottom: 0; left: 0;\" src=\"http:\/\/reto.cn\/hanyu\/sono\/1000_vortoj\/roff\/6.mp3\" controls=\"controls\"><\/audio><br \/>\n501. ligno<br \/>\n502. limo<br \/>\n503. lingvo<br \/>\n504. linio<br \/>\n505. lipo<br \/>\n506. listo<br \/>\n507. literaturo<br \/>\n508. litero<br \/>\n509. lito<br \/>\n510. lo\u011di<br \/>\n511. loko<br \/>\n512. longa<br \/>\n513. ludi<br \/>\n514. lumo<br \/>\n515. lundo<br \/>\n516. luno<br \/>\n517. majo<br \/>\n518. mal-<br \/>\n519. man\u011di<br \/>\n520. maniero<br \/>\n521. manki<br \/>\n522. mano<br \/>\n523. mantelo<br \/>\n524. mardo<br \/>\n525. marko<br \/>\n526. maro<br \/>\n527. mar\u015di<br \/>\n528. marto<br \/>\n529. mastro<br \/>\n530. ma\u015dino<br \/>\n531. mateno<br \/>\n532. materialo<br \/>\n533. meblo<br \/>\n534. medio<br \/>\n535. mem<br \/>\n536. membro<br \/>\n537. memoro<br \/>\n538. mendi<br \/>\n539. menso<br \/>\n540. meriti<br \/>\n541. merkredo<br \/>\n542. metalo<br \/>\n543. meti<br \/>\n544. metodo<br \/>\n545. metro<br \/>\n546. mezo<br \/>\n547. mezuri<br \/>\n548. mi<br \/>\n549. miksi<br \/>\n550. mil<br \/>\n551. miliono<br \/>\n552. militi<br \/>\n553. minus<br \/>\n554. minuto<br \/>\n555. miri<br \/>\n556. moderna<br \/>\n557. moki<br \/>\n558. mola<br \/>\n559. momento<br \/>\n560. monato<br \/>\n561. mondo<br \/>\n562. mono<br \/>\n563. monto<br \/>\n564. montri<br \/>\n565. morga\u016d<br \/>\n566. morti<br \/>\n567. movi<br \/>\n568. multa<br \/>\n569. muro<br \/>\n570. mu\u015do<br \/>\n571. muzeo<br \/>\n572. muziko<br \/>\n573. -n<br \/>\n574. nacio<br \/>\n575. na\u011di<br \/>\n576. naski<br \/>\n577. naturo<br \/>\n578. na\u016d<br \/>\n579. nazo<br \/>\n580. ne<br \/>\n581. nebulo<br \/>\n582. necesa<br \/>\n583. ne\u011do<br \/>\n584. nek<br \/>\n585. nenia<br \/>\n586. neniam<br \/>\n587. nenie<br \/>\n588. neniel<br \/>\n589. nenio<br \/>\n590. nepo<br \/>\n591. nepre<br \/>\n592. ne\u016dtrala<br \/>\n593. nevo<br \/>\n594. ni<br \/>\n595. nigra<br \/>\n596. nivelo<br \/>\n597. nokto<br \/>\n598. nombro<br \/>\n599. nomo<br \/>\n600. nordo<\/p>\n<p><audio style=\"margin: auto; top: 0; right: 0; bottom: 0; left: 0;\" src=\"http:\/\/reto.cn\/hanyu\/sono\/1000_vortoj\/roff\/7.mp3\" controls=\"controls\"><\/audio><br \/>\n601. normala<br \/>\n602. noti<br \/>\n603. nova<br \/>\n604. novembro<br \/>\n605. nu<br \/>\n606. nubo<br \/>\n607. nulo<br \/>\n608. numero<br \/>\n609. nun<br \/>\n610. nur<br \/>\n611. -o<br \/>\n612. obei<br \/>\n613. objekto<br \/>\n614. -obl<br \/>\n615. odori<br \/>\n616. ofico<br \/>\n617. ofte<br \/>\n618. ok<br \/>\n619. okazi<br \/>\n620. okcidento<br \/>\n621. oktobro<br \/>\n622. okulo<br \/>\n623. okupi<br \/>\n624. ol<br \/>\n625. oleo<br \/>\n626. -on<br \/>\n627. oni<br \/>\n628. onklo<br \/>\n629. -ont<br \/>\n630. opinio<br \/>\n631. ordinara<br \/>\n632. ordo<br \/>\n633. ordoni<br \/>\n634. orelo<br \/>\n635. organizi<br \/>\n636. oriento<br \/>\n637. originala<br \/>\n638. oro<br \/>\n639. -os<br \/>\n640. osto<br \/>\n641. -ot<br \/>\n642. ovo<br \/>\n643. paco<br \/>\n644. pagi<br \/>\n645. pa\u011do<br \/>\n646. pako<br \/>\n647. palpi<br \/>\n648. pano<br \/>\n649. pantalono<br \/>\n650. papero<br \/>\n651. pardoni<br \/>\n652. parko<br \/>\n653. paro<br \/>\n654. paroli<br \/>\n655. parto<br \/>\n656. pasi<br \/>\n657. pa\u015di<br \/>\n658. patro<br \/>\n659. peco<br \/>\n660. pendi<br \/>\n661. peni<br \/>\n662. pensi<br \/>\n663. pentri<br \/>\n664. per<br \/>\n665. perdi<br \/>\n666. perfekta<br \/>\n667. periodo<br \/>\n668. permesi<br \/>\n669. persono<br \/>\n670. peti<br \/>\n671. pezi<br \/>\n672. piedo<br \/>\n673. piki<br \/>\n674. pilko<br \/>\n675. pla\u0109i<br \/>\n676. plafono<br \/>\n677. planko<br \/>\n678. plano<br \/>\n679. planto<br \/>\n680. plasto<br \/>\n681. plej<br \/>\n682. plena<br \/>\n683. plendi<br \/>\n684. plezuro<br \/>\n685. pli<br \/>\n686. plori<br \/>\n687. plu<br \/>\n688. plumo<br \/>\n689. pluraj<br \/>\n690. plus<br \/>\n691. pluvo<br \/>\n692. po<br \/>\n693. poemo<br \/>\n694. poento<br \/>\n695. poezio<br \/>\n696. polico<br \/>\n697. politiko<br \/>\n698. ponto<br \/>\n699. popolo<br \/>\n700. populara<\/p>\n<p><audio style=\"margin: auto; top: 0; right: 0; bottom: 0; left: 0;\" src=\"http:\/\/reto.cn\/hanyu\/sono\/1000_vortoj\/roff\/8.mp3\" controls=\"controls\"><\/audio><br \/>\n701. por<br \/>\n702. pordo<br \/>\n703. porti<br \/>\n704. post<br \/>\n705. postuli<br \/>\n706. po\u015do<br \/>\n707. po\u015dto<br \/>\n708. poto<br \/>\n709. povi<br \/>\n710. praktiko<br \/>\n711. pravi<br \/>\n712. precipe<br \/>\n713. preciza<br \/>\n714. preferi<br \/>\n715. pre\u011di<br \/>\n716. prelegi<br \/>\n717. premi<br \/>\n718. premio<br \/>\n719. preni<br \/>\n720. prepari<br \/>\n721. presi<br \/>\n722. preska\u016d<br \/>\n723. preta<br \/>\n724. preter<br \/>\n725. prezenti<br \/>\n726. prezidi<br \/>\n727. prezo<br \/>\n728. pri<br \/>\n729. principo<br \/>\n730. printempo<br \/>\n731. pro<br \/>\n732. problemo<br \/>\n733. produkti<br \/>\n734. profunda<br \/>\n735. programo<br \/>\n736. progresi<br \/>\n737. projekto<br \/>\n738. proksima<br \/>\n739. promeni<br \/>\n740. promesi<br \/>\n741. proponi<br \/>\n742. propra<br \/>\n743. provi<br \/>\n744. prunte<br \/>\n745. publiko<br \/>\n746. puni<br \/>\n747. punkto<br \/>\n748. pupo<br \/>\n749. pura<br \/>\n750. pu\u015di<br \/>\n751. radio<br \/>\n752. rado<br \/>\n753. rajto<br \/>\n754. rakonti<br \/>\n755. rando<br \/>\n756. rango<br \/>\n757. rapida<br \/>\n758. raporti<br \/>\n759. re-<br \/>\n760. redakti<br \/>\n761. regi<br \/>\n762. regiono<br \/>\n763. regulo<br \/>\n764. re\u011do<br \/>\n765. reklamo<br \/>\n766. rekomendi<br \/>\n767. rekta<br \/>\n768. religio<br \/>\n769. renkonti<br \/>\n770. respondi<br \/>\n771. resti<br \/>\n772. revuo<br \/>\n773. rezulti<br \/>\n774. ricevi<br \/>\n775. ri\u0109a<br \/>\n776. ridi<br \/>\n777. rigardi<br \/>\n778. rilati<br \/>\n779. rimarki<br \/>\n780. rimedo<br \/>\n781. ripeti<br \/>\n782. ripozi<br \/>\n783. rivero<br \/>\n784. rizo<br \/>\n785. robo<br \/>\n786. romano<br \/>\n787. rompi<br \/>\n788. rondo<br \/>\n789. rozo<br \/>\n790. rubriko<br \/>\n791. ru\u011da<br \/>\n792. rulo<br \/>\n793. sabato<br \/>\n794. sa\u011da<br \/>\n795. sako<br \/>\n796. salo<br \/>\n797. salono<br \/>\n798. salti<br \/>\n799. saluti<br \/>\n800. sana<\/p>\n<p><audio style=\"margin: auto; top: 0; right: 0; bottom: 0; left: 0;\" src=\"http:\/\/reto.cn\/hanyu\/sono\/1000_vortoj\/roff\/9.mp3\" controls=\"controls\"><\/audio><br \/>\n801. sango<br \/>\n802. sankta<br \/>\n803. sata<br \/>\n804. savi<br \/>\n805. scienco<br \/>\n806. scii<br \/>\n807. se<br \/>\n808. sed<br \/>\n809. se\u011do<br \/>\n810. seka<br \/>\n811. sekretario<br \/>\n812. sekso<br \/>\n813. sekvi<br \/>\n814. semajno<br \/>\n815. sen<br \/>\n816. senco<br \/>\n817. sendi<br \/>\n818. senti<br \/>\n819. sep<br \/>\n820. septembro<br \/>\n821. ser\u0109i<br \/>\n822. serio<br \/>\n823. serioza<br \/>\n824. servi<br \/>\n825. ses<br \/>\n826. sezono<br \/>\n827. si<br \/>\n828. sidi<br \/>\n829. signifi<br \/>\n830. signo<br \/>\n831. silenti<br \/>\n832. simila<br \/>\n833. simpla<br \/>\n834. sinjoro<br \/>\n835. sistemo<br \/>\n836. situacio<br \/>\n837. skatolo<br \/>\n838. skribi<br \/>\n839. socio<br \/>\n840. soifi<br \/>\n841. sola<br \/>\n842. soldato<br \/>\n843. solvi<br \/>\n844. somero<br \/>\n845. soni<br \/>\n846. speciala<br \/>\n847. speco<br \/>\n848. spegulo<br \/>\n849. sperta<br \/>\n850. spezo<br \/>\n851. spico<br \/>\n852. spiri<br \/>\n853. spirito<br \/>\n854. sporto<br \/>\n855. stacio<br \/>\n856. stari<br \/>\n857. stato<br \/>\n858. stelo<br \/>\n859. stranga<br \/>\n860. strato<br \/>\n861. stre\u0109i<br \/>\n862. studi<br \/>\n863. stulta<br \/>\n864. sub<br \/>\n865. subita<br \/>\n866. sudo<br \/>\n867. suferi<br \/>\n868. sufi\u0109a<br \/>\n869. sukcesi<br \/>\n870. sukero<br \/>\n871. sumo<br \/>\n872. suno<br \/>\n873. super<br \/>\n874. supozi<br \/>\n875. supre<br \/>\n876. sur<br \/>\n877. \u015dafo<br \/>\n878. \u015dajni<br \/>\n879. \u015danco<br \/>\n880. \u015dan\u011di<br \/>\n881. \u015dati<br \/>\n882. \u015derci<br \/>\n883. \u015di<br \/>\n884. \u015dipo<br \/>\n885. \u015diri<br \/>\n886. \u015dlosi<br \/>\n887. \u015dnuro<br \/>\n888. \u015dranko<br \/>\n889. \u015dtato<br \/>\n890. \u015dteli<br \/>\n891. \u015dtofo<br \/>\n892. \u015dtono<br \/>\n893. \u015dtrumpo<br \/>\n894. \u015dtupo<br \/>\n895. \u015duo<br \/>\n896. tablo<br \/>\n897. tabulo<br \/>\n898. tago<br \/>\n899. tamen<br \/>\n900. tasko<\/p>\n<p><audio style=\"margin: auto; top: 0; right: 0; bottom: 0; left: 0;\" src=\"http:\/\/reto.cn\/hanyu\/sono\/1000_vortoj\/roff\/10.mp3\" controls=\"controls\"><\/audio><br \/>\n901. taso<br \/>\n902. ta\u016dgi<br \/>\n903. teatro<br \/>\n904. tegmento<br \/>\n905. teksto<br \/>\n906. telefono<br \/>\n907. telero<br \/>\n908. televido<br \/>\n909. temo<br \/>\n910. tempo<br \/>\n911. teni<br \/>\n912. teo<br \/>\n913. teorio<br \/>\n914. tero<br \/>\n915. teruro<br \/>\n916. tia<br \/>\n917. tial<br \/>\n918. tiam<br \/>\n919. tie<br \/>\n920. tiel<br \/>\n921. ties<br \/>\n922. timi<br \/>\n923. tio<br \/>\n924. tiom<br \/>\n925. tiri<br \/>\n926. tiu<br \/>\n927. tondi<br \/>\n928. tra<br \/>\n929. tradicio<br \/>\n930. traduki<br \/>\n931. trafi<br \/>\n932. trakti<br \/>\n933. tran\u0109i<br \/>\n934. trankvila<br \/>\n935. trans<br \/>\n936. tre<br \/>\n937. tri<br \/>\n938. trinki<br \/>\n939. tro<br \/>\n940. trovi<br \/>\n941. truo<br \/>\n942. tuj<br \/>\n943. tuko<br \/>\n944. turismo<br \/>\n945. turisto<br \/>\n946. turni<br \/>\n947. tu\u015di<br \/>\n948. tuta<br \/>\n949. -u<br \/>\n950. -uj<br \/>\n951. -ul<br \/>\n952. -um<br \/>\n953. universala<br \/>\n954. universitato<br \/>\n955. unu<br \/>\n956. urbo<br \/>\n957. -us<br \/>\n958. utila<br \/>\n959. uzi<br \/>\n960. vagono<br \/>\n961. valida<br \/>\n962. valoro<br \/>\n963. varma<br \/>\n964. vasta<br \/>\n965. veki<br \/>\n966. vendi<br \/>\n967. vendredo<br \/>\n968. veni<br \/>\n969. venki<br \/>\n970. vento<br \/>\n971. vera<br \/>\n972. verda<br \/>\n973. verki<br \/>\n974. vespero<br \/>\n975. vesto<br \/>\n976. vetero<br \/>\n977. veturi<br \/>\n978. vi<br \/>\n979. viando<br \/>\n980. vico<br \/>\n981. vidi<br \/>\n982. vigla<br \/>\n983. vila\u011do<br \/>\n984. vino<br \/>\n985. vintro<br \/>\n986. viro<br \/>\n987. vi\u015di<br \/>\n988. vitro<br \/>\n989. vivi<br \/>\n990. viza\u011do<br \/>\n991. viziti<br \/>\n992. vo\u0109o<br \/>\n993. voja\u011di<br \/>\n994. vojo<br \/>\n995. voki<br \/>\n996. voli<br \/>\n997. volvi<br \/>\n998. vorto<br \/>\n999. vosto<br \/>\n1000. zorgi<\/p>\n<p>Vo\u0109-legis\u00a0<em>Derek\u00a0Roff<\/em> el Usono<br \/>\nFarita de Verda Reto,\u00a0<a href=\"https:\/\/reto.cn\/php\/esperanto\/\" target=\"_blank\" rel=\"noopener\">\u0108ina Esperanta Retejo<\/a><\/p>\n<p>La vortolisto estis kreita de\u00a0<em>Anna L\u00f6wenstein<\/em>\u00a0el Britujo por la kunlaborantoj al la revuo\u00a0<a href=\"http:\/\/kontakto.tejo.org\/\" target=\"_blank\" rel=\"noopener noreferrer\"><em>Kontakto<\/em><\/a>, kiuj skribas en facilan Esperanton por komencantoj.<\/p>\n<p>Atentu: Tiun \u0109i liston mi iom\u00a0reviziis. La originala teksto estas \u0109e\u00a0<a href=\"http:\/\/remush.be\/tezauro\/Kontakto.html\" target=\"_blank\" rel=\"noopener\">http:\/\/remush.be\/tezauro\/Kontakto.html<\/a><\/p>\n<p><a href=\"http:\/\/reto.cn\/php\/hanyu\/1000-bazaj-vortoj-kun-voclego-esperante-cine\/\">1000 Bazaj Vortoj de Esperanto de Kontakto,\u00a0kun vo\u0109lego, en Esperanto kaj \u0109ina lingvo<\/a><br \/>\n<a href=\"http:\/\/reto.cn\/php\/hanyu\/1000-bazaj-vortoj-kun-voclego-esperante-cine\/\" rel=\"noopener\">1000 Bazaj Vortoj de Esperanto 1000\u4e2a\u4e16\u754c\u8bed\u57fa\u7840\u8bcd\uff08Kontakto \u6742\u5fd7\uff09\uff0c\u5e26\u5f55\u97f3\uff08\u4e16\u754c\u8bed\u6c49\u8bed\u5bf9\u7167\uff09<\/a><\/p>\n<p>reveni al rubriko <a href=\"https:\/\/reto.cn\/php\/esperanto\/esperantaj-vortoj\/\">Esperantaj Vortoj<\/a><\/p>\n","protected":false},"excerpt":{"rendered":"<p>1. -a 2. aboni 3. -a\u0109 4. a\u0109eti 5. -ad 6. adreso 7. aero 8. afabla 9. afero 10. agi 11. agrabla 12. a\u011do 13. ajn 14. -a\u0135 15. akcepti 16. akra 17. aktiva 18. akvo 19. al 20. alia 21. almena\u016d 22. alta 23. amaso 24. amba\u016d 25. ami 26. amiko 27. amuzi 28.\u2026 <span class=\"read-more\"><a href=\"https:\/\/reto.cn\/php\/esperanto\/esperantaj-vortoj\/1000-bazaj-vortoj-kun-voclego\/\">\u7ee7\u7eed\u9605\u8bfb Legi pli &raquo;<\/a><\/span><\/p>\n","protected":false},"author":1,"featured_media":0,"parent":1677,"menu_order":0,"comment_status":"open","ping_status":"closed","template":"","meta":[],"_links":{"self":[{"href":"https:\/\/reto.cn\/php\/esperanto\/wp-json\/wp\/v2\/pages\/1627"}],"collection":[{"href":"https:\/\/reto.cn\/php\/esperanto\/wp-json\/wp\/v2\/pages"}],"about":[{"href":"https:\/\/reto.cn\/php\/esperanto\/wp-json\/wp\/v2\/types\/page"}],"author":[{"embeddable":true,"href":"https:\/\/reto.cn\/php\/esperanto\/wp-json\/wp\/v2\/users\/1"}],"replies":[{"embeddable":true,"href":"https:\/\/reto.cn\/php\/esperanto\/wp-json\/wp\/v2\/comments?post=1627"}],"version-history":[{"count":0,"href":"https:\/\/reto.cn\/php\/esperanto\/wp-json\/wp\/v2\/pages\/1627\/revisions"}],"up":[{"embeddable":true,"href":"https:\/\/reto.cn\/php\/esperanto\/wp-json\/wp\/v2\/pages\/1677"}],"wp:attachment":[{"href":"https:\/\/reto.cn\/php\/esperanto\/wp-json\/wp\/v2\/media?parent=1627"}],"curies":[{"name":"wp","href":"https:\/\/api.w.org\/{rel}","templated":true}]}}