{"id":228,"date":"2016-10-18T17:10:59","date_gmt":"2016-10-18T17:10:59","guid":{"rendered":"http:\/\/reto.cn\/php\/blog\/wordpress-esperanto\/?page_id=11"},"modified":"2016-10-18T17:10:59","modified_gmt":"2016-10-18T17:10:59","slug":"gvido-al-cinio","status":"publish","type":"page","link":"https:\/\/reto.cn\/php\/esperanto\/gvido-al-cinio\/","title":{"rendered":"Gvido al \u0108inio"},"content":{"rendered":"<blockquote><p><span style=\"color: #006600;\">La rubriko prezentas \u0108inion en diversaj flankoj, por helpi vin pli bone koni \u0108inion.<\/span><\/p><\/blockquote>\n<p>(preparata)<\/p>\n<ol>\n<li><a href=\"https:\/\/reto.cn\/php\/esperanto\/gvido-al-cinio\/nomoj-de-cinoj\/\" target=\"_blank\" rel=\"noopener\">Nomoj de \u0108inoj \u4e2d\u56fd\u4eba\u7684\u540d\u5b57<\/a><\/li>\n<li><a href=\"https:\/\/reto.cn\/php\/esperanto\/vojagu-en-cinio-per-trajno-vi-ne-bedauros\" rel=\"noopener\">Fervojo en \u0108inio\u00a0 \u4e2d\u56fd\u7684\u94c1\u8def<\/a><\/li>\n<li>Aferoj pri voja\u011doj en \u0108inio<\/li>\n<li><a href=\"https:\/\/reto.cn\/php\/esperanto\/la-cinaj-lingvoj\" target=\"_blank\" rel=\"noopener\">\u0108inaj lingvoj\u00a0 \u4e2d\u56fd\u7684\u8bed\u8a00<\/a><\/li>\n<li>Man\u011di en \u0108inio\u00a0 \u4e2d\u56fd\u7684\u996e\u98df<\/li>\n<li>\n<div>Taj\u011di\u0109\u016dano\u00a0 \u592a\u6781\u62f3<\/div>\n<\/li>\n<li><a href=\"https:\/\/reto.cn\/php\/esperanto\/la-24-sunperiodoj\" target=\"_blank\" rel=\"noopener\">24 sunaj periodoj\u00a0 24\u8282\u6c14<\/a><\/li>\n<li>12\u00a0animalaj signoj\u00a0 12\u751f\u8096<\/li>\n<li>Placa dancado de meza\u011daj kaj maljunaj virinoj\u00a0 \u5e7f\u573a\u821e<\/li>\n<li><\/li>\n<\/ol>\n<p>\u672c\u680f\u76ee\u9488\u5bf9\u4ee5\u4e0a\u5185\u5bb9\u548c\u7c7b\u4f3c\u7684\u5185\u5bb9\u8fdb\u884c\u5f81\u7a3f\u3002<br \/>\n(preparata)<\/p>\n<p>\u8fd9\u4e2a\u9875\u9762\u7684\u6587\u5b57\u662f<a href=\"http:\/\/reto.cn\/php\/hanyu\/kio_estas_esperanto\">\u4e16\u754c\u8bed<\/a>\u3002<br \/>\nThis is website in\u00a0<a href=\"https:\/\/en.wikipedia.org\/wiki\/Esperanto\">Esperanto<\/a>, the most widely spoken constructed international auxiliary language.<\/p>\n","protected":false},"excerpt":{"rendered":"<p>La rubriko prezentas \u0108inion en diversaj flankoj, por helpi vin pli bone koni \u0108inion. (preparata) Nomoj de \u0108inoj \u4e2d\u56fd\u4eba\u7684\u540d\u5b57 Fervojo en \u0108inio\u00a0 \u4e2d\u56fd\u7684\u94c1\u8def Aferoj pri voja\u011doj en \u0108inio \u0108inaj lingvoj\u00a0 \u4e2d\u56fd\u7684\u8bed\u8a00 Man\u011di en \u0108inio\u00a0 \u4e2d\u56fd\u7684\u996e\u98df Taj\u011di\u0109\u016dano\u00a0 \u592a\u6781\u62f3 24 sunaj periodoj\u00a0 24\u8282\u6c14 12\u00a0animalaj signoj\u00a0 12\u751f\u8096 Placa dancado de meza\u011daj kaj maljunaj virinoj\u00a0 \u5e7f\u573a\u821e \u672c\u680f\u76ee\u9488\u5bf9\u4ee5\u4e0a\u5185\u5bb9\u548c\u7c7b\u4f3c\u7684\u5185\u5bb9\u8fdb\u884c\u5f81\u7a3f\u3002 (preparata) \u8fd9\u4e2a\u9875\u9762\u7684\u6587\u5b57\u662f\u4e16\u754c\u8bed\u3002\u2026 <span class=\"read-more\"><a href=\"https:\/\/reto.cn\/php\/esperanto\/gvido-al-cinio\/\">\u7ee7\u7eed\u9605\u8bfb Legi pli &raquo;<\/a><\/span><\/p>\n","protected":false},"author":1,"featured_media":0,"parent":0,"menu_order":0,"comment_status":"open","ping_status":"closed","template":"","meta":[],"_links":{"self":[{"href":"https:\/\/reto.cn\/php\/esperanto\/wp-json\/wp\/v2\/pages\/228"}],"collection":[{"href":"https:\/\/reto.cn\/php\/esperanto\/wp-json\/wp\/v2\/pages"}],"about":[{"href":"https:\/\/reto.cn\/php\/esperanto\/wp-json\/wp\/v2\/types\/page"}],"author":[{"embeddable":true,"href":"https:\/\/reto.cn\/php\/esperanto\/wp-json\/wp\/v2\/users\/1"}],"replies":[{"embeddable":true,"href":"https:\/\/reto.cn\/php\/esperanto\/wp-json\/wp\/v2\/comments?post=228"}],"version-history":[{"count":0,"href":"https:\/\/reto.cn\/php\/esperanto\/wp-json\/wp\/v2\/pages\/228\/revisions"}],"wp:attachment":[{"href":"https:\/\/reto.cn\/php\/esperanto\/wp-json\/wp\/v2\/media?parent=228"}],"curies":[{"name":"wp","href":"https:\/\/api.w.org\/{rel}","templated":true}]}}