{"id":889,"date":"2017-10-20T15:15:24","date_gmt":"2017-10-20T15:15:24","guid":{"rendered":"http:\/\/reto.cn\/php\/esperanto\/?page_id=889"},"modified":"2023-11-28T04:18:17","modified_gmt":"2023-11-28T04:18:17","slug":"tajpi-esperante","status":"publish","type":"page","link":"https:\/\/reto.cn\/php\/esperanto\/tajpi-esperante\/","title":{"rendered":"Tajpi Esperante"},"content":{"rendered":"<h3>Programoj\uff0dTajpi Esperante<\/h3>\n<p>Por parolantoj de Esperanto, la unua bezono estas programo tajpi la 6 \u0109apelitajn literojn. Jam estas multaj programoj por fari tion.<\/p>\n<h4>por komputilo<\/h4>\n<p>La\u016d mia spertoj de uzado, en Windows kaj Linux, programo <a href=\"https:\/\/klivo.net\/amiketo\/\" target=\"_blank\" rel=\"noopener\">Amiketo<\/a> estas la plej\u00a0rekomendinda por tajpi la \u0109apelitajn literojn. Mi uzas \u011din en Windows xp, Windows 7 , Windows 10 kaj\u00a0Linux Mint 18.2.<br \/>\nKrome, Amiketo havas anka\u016d version de\u00a0Mac OS X.\u00a0\u0108ar mi rifuzas produktojn de kompanio Apple, tial mi ne povas prezenti\u00a0\u011din al vi.<\/p>\n<p><img decoding=\"async\" loading=\"lazy\" class=\"alignnone size-full\" src=\"http:\/\/reto.cn\/bildo\/cina\/programo\/windows_esperanto\/amiketo.jpg\" width=\"721\" height=\"449\" \/><\/p>\n<p>La programon oni ne bezonas instali en Windows.\u00a0\u011ci havas nur unu\u00a0dosieron. El\u015dutinte al en la komputilo, oni povas rekte uzi\u00a0\u011din.<\/p>\n<p>Retejo de Amiketo: <a href=\"https:\/\/klivo.net\/amiketo\">https:\/\/klivo.net\/amiketo<\/a><\/p>\n<h4>Por\u00a0po\u015dtelefono<\/h4>\n<p>En po\u015dtelefono kun Android, la plej rekomendinda programo tajpi Esperante estas\u00a0Any Soft Keyboard. Mi povas uzi\u00a0\u011din en Android 4.2.2\u00a0\u011dis 7.1. La\u016d mia memoro, \u011di e\u0109 havas malnovan version por Android 2.2.<\/p>\n<p><img decoding=\"async\" loading=\"lazy\" class=\"alignnone size-full\" src=\"http:\/\/reto.cn\/bildo\/cina\/programo\/android_esperanto\/anysoftkeyboard.jpg\" width=\"499\" height=\"232\" \/><\/p>\n<p>Instalu programon Any Soft Keyboard per Google Paly:<br \/>\n<a href=\"https:\/\/play.google.com\/store\/apps\/details?id=com.menny.android.anysoftkeyboard&amp;hl=en\" target=\"_blank\" rel=\"noopener\">https:\/\/play.google.com\/store\/apps\/details?id=com.menny.android.anysoftkeyboard&amp;hl=en<\/a><\/p>\n<p>Por tajpi Esperante en po\u015dtelefono de Apple:<br \/>\n<a href=\"https:\/\/ludisto.com\/app\/esperanto-klavaro\" target=\"_blank\" rel=\"noopener\">https:\/\/ludisto.com\/app\/esperanto-klavaro<\/a><\/p>\n<p><img decoding=\"async\" loading=\"lazy\" class=\"alignnone size-full\" src=\"https:\/\/ludisto.com\/wp-content\/uploads\/2014\/12\/Photo-14-12-18-10-59-39-209x371.png\" width=\"209\" height=\"371\" \/><\/p>\n<p>&#8230;&#8230;<\/p>\n<p><a href=\"https:\/\/reto.cn\/php\/esperanto\/vortaroj\">Programoj-Vortaroj<\/a><\/p>\n<p><a href=\"https:\/\/reto.cn\/php\/esperanto\/ofte-uzataj-programoj-en-esperanto\">Programoj-ofte uzataj programoj en Esperanto<\/a><\/p>\n<p><a href=\"https:\/\/reto.cn\/php\/esperanto\/mastruma-sistemo-en-esperanto\">Programoj-mastruma sistemo en Esperanto<\/a><\/p>\n<p><a href=\"https:\/\/reto.cn\/php\/esperanto\/inteligenta-capeligo\">Inteligenta \u0108apeligo<\/a><\/p>\n","protected":false},"excerpt":{"rendered":"<p>Programoj\uff0dTajpi Esperante Por parolantoj de Esperanto, la unua bezono estas programo tajpi la 6 \u0109apelitajn literojn. Jam estas multaj programoj por fari tion. por komputilo La\u016d mia spertoj de uzado, en Windows kaj Linux, programo Amiketo estas la plej\u00a0rekomendinda por tajpi la \u0109apelitajn literojn. Mi uzas \u011din en Windows xp, Windows 7 , Windows 10\u2026 <span class=\"read-more\"><a href=\"https:\/\/reto.cn\/php\/esperanto\/tajpi-esperante\/\">\u7ee7\u7eed\u9605\u8bfb Legi pli &raquo;<\/a><\/span><\/p>\n","protected":false},"author":1,"featured_media":0,"parent":0,"menu_order":0,"comment_status":"open","ping_status":"closed","template":"","meta":[],"_links":{"self":[{"href":"https:\/\/reto.cn\/php\/esperanto\/wp-json\/wp\/v2\/pages\/889"}],"collection":[{"href":"https:\/\/reto.cn\/php\/esperanto\/wp-json\/wp\/v2\/pages"}],"about":[{"href":"https:\/\/reto.cn\/php\/esperanto\/wp-json\/wp\/v2\/types\/page"}],"author":[{"embeddable":true,"href":"https:\/\/reto.cn\/php\/esperanto\/wp-json\/wp\/v2\/users\/1"}],"replies":[{"embeddable":true,"href":"https:\/\/reto.cn\/php\/esperanto\/wp-json\/wp\/v2\/comments?post=889"}],"version-history":[{"count":0,"href":"https:\/\/reto.cn\/php\/esperanto\/wp-json\/wp\/v2\/pages\/889\/revisions"}],"wp:attachment":[{"href":"https:\/\/reto.cn\/php\/esperanto\/wp-json\/wp\/v2\/media?parent=889"}],"curies":[{"name":"wp","href":"https:\/\/api.w.org\/{rel}","templated":true}]}}