{"id":10083,"date":"2022-02-11T17:57:35","date_gmt":"2022-02-11T09:57:35","guid":{"rendered":"https:\/\/reto.cn\/php\/hanyu\/?page_id=10083"},"modified":"2023-10-15T21:48:58","modified_gmt":"2023-10-15T13:48:58","slug":"25-klasikaj-esperantaj-noveloj","status":"publish","type":"page","link":"https:\/\/reto.cn\/php\/hanyu\/lernado-de-esperanto\/voc-legitaj-esperantaj-libroj\/25-klasikaj-esperantaj-noveloj\/","title":{"rendered":"25 klasikaj Esperantaj noveloj"},"content":{"rendered":"<div class=\"w3-content\">\n<div id=\"band\" class=\"w3-container w3-content w3-center w3-padding-16\">\n<div class=\"w3-justify\">\n<h3>25\u7bc7\u7ecf\u5178\u4e16\u754c\u8bed\u5c0f\u8bf4<\/h3>\n<p>Redaktis: Sten Johansson\u00a0literaturo.esperanto.net<\/p>\n<ul class=\"w3-ul w3-hoverable\">\n<li>1.\u00a0\u00a0<a href=\"https:\/\/reto.cn\/php\/hanyu\/lernado-de-esperanto\/voc-legitaj-esperantaj-libroj\/25-klasikaj-esperantaj-noveloj\/en-la-tombo\/\">Nikolaj Afrikanovi\u0109 Borovko:\u00a0<em>En la tombo<\/em>\u00a0<\/a> \u5893\u7a74\u00a0 (en La Esperantisto 1892, anka\u016d en La ma\u015dino kiu kriis, Pro Esperanto 1988)<\/li>\n<li>2.\u00a0\u00a0<a href=\"https:\/\/reto.cn\/php\/hanyu\/lernado-de-esperanto\/voc-legitaj-esperantaj-libroj\/25-klasikaj-esperantaj-noveloj\/en-la-brikejo\/\">J\u00f3zef Wa\u015bniewski:\u00a0<em>En la brikejo<\/em><\/a>\u00a0 \u7816\u7a91\u00a0 (T\u00fcmmel 1898, Pro Esperanto 1988)<\/li>\n<li>3.\u00a0\u00a0<a href=\"https:\/\/reto.cn\/php\/hanyu\/lernado-de-esperanto\/voc-legitaj-esperantaj-libroj\/25-klasikaj-esperantaj-noveloj\/tra-la-loko-ensorcita-rakonto-de-rusa-pastro\/\">Ivan Genadievi\u0109 \u015cirjaev:\u00a0<em>Tra la loko ensor\u0109ita<\/em><\/a>\u00a0(La Ondo 1912, Sezonoj 1992)<\/li>\n<li>4.\u00a0\u00a0<a href=\"https:\/\/reto.cn\/php\/hanyu\/lernado-de-esperanto\/voc-legitaj-esperantaj-libroj\/25-klasikaj-esperantaj-noveloj\/kiel-mihok-instruis-angle\/\">Julio Baghy:\u00a0<em>Kiel Mihok instruis angle<\/em><\/a>\u00a0 \u7c73\u970d\u514b\u5982\u4f55\u6559\u82f1\u8bed\u00a0 (el Dancu marionetoj, 1927)<\/li>\n<li>5.\u00a0\u00a0<a href=\"https:\/\/reto.cn\/php\/hanyu\/lernado-de-esperanto\/voc-legitaj-esperantaj-libroj\/25-klasikaj-esperantaj-noveloj\/apud-stacidomo-victoria-skizeto-pri-amikeco\/\">Kenelm Robinson (K R C Sturmer):\u00a0<em>Apud stacidomo Victoria<\/em><\/a>\u00a0 \u7ef4\u591a\u5229\u4e9a\u8f66\u7ad9 (el Se grenereto, 1930)<\/li>\n<li>6.\u00a0\u00a0<a href=\"https:\/\/reto.cn\/php\/hanyu\/lernado-de-esperanto\/voc-legitaj-esperantaj-libroj\/25-klasikaj-esperantaj-noveloj\/edzigpropono\/\">L N Newell:\u00a0<em>Edzi\u011dpropono<\/em><\/a>\u00a0(el Bak\u015di\u015d: skizoj el la vivo de egiptoj, LM 1938, Iltis 1983)<\/li>\n<li>7.\u00a0\u00a0<a href=\"https:\/\/reto.cn\/php\/hanyu\/lernado-de-esperanto\/voc-legitaj-esperantaj-libroj\/25-klasikaj-esperantaj-noveloj\/maljunulo-migras\/\">Stellan Engholm:\u00a0<em>Maljunulo migras<\/em><\/a>\u00a0(ESE 1943, anka\u016d en La lupo sur Kapitolo, IEM 1997)<\/li>\n<li>8.\u00a0\u00a0<a href=\"https:\/\/reto.cn\/php\/hanyu\/lernado-de-esperanto\/voc-legitaj-esperantaj-libroj\/25-klasikaj-esperantaj-noveloj\/la-vekigo\/\">Ferenc Szil\u00e1gyi:\u00a0<em>La veki\u011do<\/em><\/a>\u00a0(el Koko krias jam, R\u00e9gulo1955)<\/li>\n<li>9.\u00a0\u00a0<a href=\"https:\/\/reto.cn\/php\/hanyu\/lernado-de-esperanto\/voc-legitaj-esperantaj-libroj\/25-klasikaj-esperantaj-noveloj\/prego-de-m-saud\/\">Jean Ribillard:\u00a0<em>Pre\u011do de M\u2019saud<\/em><\/a>\u00a0(el Vagado sub palmoj, UEA 1956)<\/li>\n<li>10.\u00a0\u00a0<a href=\"https:\/\/reto.cn\/php\/hanyu\/lernado-de-esperanto\/voc-legitaj-esperantaj-libroj\/25-klasikaj-esperantaj-noveloj\/la-puto-de-paupeleche\/\">Raymond Schwartz:\u00a0<em>La puto de Paupel\u00e8che<\/em><\/a>\u00a0(el\u00a0<em>la nica<\/em>\u00a01957, Vole\u2026 novele, 1971, Iltis 1987)<\/li>\n<li>11.\u00a0\u00a0<a href=\"https:\/\/reto.cn\/php\/hanyu\/lernado-de-esperanto\/voc-legitaj-esperantaj-libroj\/25-klasikaj-esperantaj-noveloj\/ebrivirgeco\/\">Marjorie Boulton:\u00a0<em>Ebrivirgeco<\/em><\/a>\u00a0(el\u00a0<em>la nica<\/em>\u00a01958, Okuloj, R\u00e9gulo 1967)<\/li>\n<li>12.\u00a0\u00a0<a href=\"https:\/\/reto.cn\/php\/hanyu\/lernado-de-esperanto\/voc-legitaj-esperantaj-libroj\/25-klasikaj-esperantaj-noveloj\/la-morto-de-ingeniero-besko\/\">Johan Hammond Rosbach:\u00a0<em>La morto de in\u011deniero Besko<\/em><\/a>\u00a0(el la nica literatura revuo, 1960, anka\u016d en Verda robo, Dansk Esperanto-Forlag, 1974)<\/li>\n<li>13.\u00a0\u00a0<a href=\"https:\/\/reto.cn\/php\/hanyu\/lernado-de-esperanto\/voc-legitaj-esperantaj-libroj\/25-klasikaj-esperantaj-noveloj\/la-tuso-de-morto\/\">John Francis:\u00a0<em>La tu\u015do de morto<\/em><\/a>\u00a0(el Vitralo, R\u00e9gulo 1960)<\/li>\n<li>14.\u00a0\u00a0<a href=\"https:\/\/reto.cn\/php\/hanyu\/lernado-de-esperanto\/voc-legitaj-esperantaj-libroj\/25-klasikaj-esperantaj-noveloj\/kiel-ni-mortigadis-leporon-por-la-antaukristnaska-vespermango\/\">Vladim\u00edr V\u00e1\u0148a:\u00a0<em>Kiel ni mortigadis leporon por la anta\u016dkristnaska vesperman\u011do<\/em><\/a>\u00a0(el Esperanto 1961, anka\u016d en Rakontoj ne nur \u015dercaj, Kava-Pech 2002)<\/li>\n<li>15.\u00a0\u00a0<a href=\"https:\/\/reto.cn\/php\/hanyu\/lernado-de-esperanto\/voc-legitaj-esperantaj-libroj\/25-klasikaj-esperantaj-noveloj\/la-granda-skandalo\/\">Lina Gabrielli:\u00a0<em>La granda skandalo<\/em><\/a>\u00a0(el Karnavalo, 1973)<\/li>\n<li>16.\u00a0\u00a0<a href=\"https:\/\/reto.cn\/php\/hanyu\/lernado-de-esperanto\/voc-legitaj-esperantaj-libroj\/25-klasikaj-esperantaj-noveloj\/lappar-la-antikristo\/\">Endre T\u00f3th:\u00a0<em>Lappar, la Antikristo<\/em><\/a>\u00a0(el Lappar, la Antikristo, HEA 1982)<\/li>\n<li>17.\u00a0\u00a0<a href=\"https:\/\/reto.cn\/php\/hanyu\/lernado-de-esperanto\/voc-legitaj-esperantaj-libroj\/25-klasikaj-esperantaj-noveloj\/belulino-ajsulu\/\">Vladimir Glazunov:\u00a0<em>Belulino Ajsul\u00fa<\/em><\/a>\u00a0(el La sfinkso de Steplando, Fonto 1988)<\/li>\n<li>18.\u00a0\u00a0<a href=\"https:\/\/reto.cn\/php\/hanyu\/lernado-de-esperanto\/voc-legitaj-esperantaj-libroj\/25-klasikaj-esperantaj-noveloj\/la-lasta-larmo\/\">Karolo Pi\u0109:\u00a0<em>La lasta larmo<\/em><\/a>\u00a0(el La Bermuda triangulo, Iltis 1989)<\/li>\n<li>19.\u00a0\u00a0<a href=\"https:\/\/reto.cn\/php\/hanyu\/lernado-de-esperanto\/voc-legitaj-esperantaj-libroj\/25-klasikaj-esperantaj-noveloj\/amburgono\/\">Masayuki Kuroda:\u00a0<em>Ambur\u011dono<\/em><\/a>\u00a0(el Animo drivas, JELK 1990)<\/li>\n<li>20.\u00a0\u00a0<a href=\"https:\/\/reto.cn\/php\/hanyu\/lernado-de-esperanto\/voc-legitaj-esperantaj-libroj\/25-klasikaj-esperantaj-noveloj\/adiauo-en-beograd\/\">Spomenka \u0160timec:\u00a0<em>Adia\u016do en Beogrado<\/em><\/a>\u00a0(el Kroata milita noktlibro, Pro Esperanto 1993)<\/li>\n<li>21.\u00a0\u00a0<a href=\"https:\/\/reto.cn\/php\/hanyu\/lernado-de-esperanto\/voc-legitaj-esperantaj-libroj\/25-klasikaj-esperantaj-noveloj\/du-gardenioj\/\">Miguel Fern\u00e1ndez:\u00a0<em>Du gardenioj<\/em><\/a>\u00a0(el Ekstremoj, IEM 1997)<\/li>\n<li>22.\u00a0\u00a0<a href=\"https:\/\/reto.cn\/php\/hanyu\/lernado-de-esperanto\/voc-legitaj-esperantaj-libroj\/25-klasikaj-esperantaj-noveloj\/neniam-plu-aboco-de-amo\/\">Jorge Camacho:\u00a0<em>Neniam plu (Aboco de amo)<\/em><\/a>\u00a0(el Ekstremoj, IEM 1997)<\/li>\n<li>23.\u00a0\u00a0<a href=\"https:\/\/reto.cn\/php\/hanyu\/lernado-de-esperanto\/voc-legitaj-esperantaj-libroj\/25-klasikaj-esperantaj-noveloj\/vintra-brilo\/\">Istv\u00e1n Nemere:\u00a0<em>Vintra brilo<\/em><\/a>\u00a0(el Amparolo, Alfabeto 1997)<\/li>\n<li>24.\u00a0\u00a0<a href=\"https:\/\/reto.cn\/php\/hanyu\/lernado-de-esperanto\/voc-legitaj-esperantaj-libroj\/25-klasikaj-esperantaj-noveloj\/#C24\">Manuel de Seabra:\u00a0<em>Deely Bobbers por Lucy<\/em><\/a>\u00a0(el Promeso en obskuro, IEM 1997)<\/li>\n<li>25.\u00a0\u00a0<a href=\"https:\/\/reto.cn\/php\/hanyu\/lernado-de-esperanto\/voc-legitaj-esperantaj-libroj\/25-klasikaj-esperantaj-noveloj\/la-patrino-kaj-la-filino\/\">Lena Karpunina:\u00a0<em>La patrino kaj la filino<\/em><\/a>\u00a0(el La bato, FEL 2000, Impeto 2006)<\/li>\n<\/ul>\n<p>&nbsp;<\/p>\n<div class=\"entry-content\">\n<div class=\"w3-content\">\n<div id=\"band\" class=\"w3-container w3-content w3-center w3-padding-16\">\n<div class=\"w3-justify\">\n<p>el http:\/\/verkoj.com\/lauteme\/noveloj\/25-noveloj<\/p>\n<p>\u8fd4\u56de\u00a0<a href=\"https:\/\/reto.cn\/php\/hanyu\/voc-legitaj-esperantaj-libroj\/\">\u4e16\u754c\u8bed\u9605\u8bfb\u5b66\u4e60\u6750\u6599<\/a>\u680f\u76ee<\/p>\n<\/div>\n<\/div>\n<\/div>\n<\/div>\n<\/div>\n<\/div>\n<\/div>\n","protected":false},"excerpt":{"rendered":"<p>25\u7bc7\u7ecf\u5178\u4e16\u754c\u8bed\u5c0f\u8bf4 Redaktis: Sten Johansson\u00a0literaturo.esperant\u2026 <span class=\"read-more\"><a href=\"https:\/\/reto.cn\/php\/hanyu\/lernado-de-esperanto\/voc-legitaj-esperantaj-libroj\/25-klasikaj-esperantaj-noveloj\/\">\u7ee7\u7eed\u9605\u8bfb Legi pli &raquo;<\/a><\/span><\/p>\n","protected":false},"author":1,"featured_media":0,"parent":9743,"menu_order":0,"comment_status":"open","ping_status":"closed","template":"","meta":{"footnotes":""},"_links":{"self":[{"href":"https:\/\/reto.cn\/php\/hanyu\/wp-json\/wp\/v2\/pages\/10083"}],"collection":[{"href":"https:\/\/reto.cn\/php\/hanyu\/wp-json\/wp\/v2\/pages"}],"about":[{"href":"https:\/\/reto.cn\/php\/hanyu\/wp-json\/wp\/v2\/types\/page"}],"author":[{"embeddable":true,"href":"https:\/\/reto.cn\/php\/hanyu\/wp-json\/wp\/v2\/users\/1"}],"replies":[{"embeddable":true,"href":"https:\/\/reto.cn\/php\/hanyu\/wp-json\/wp\/v2\/comments?post=10083"}],"version-history":[{"count":0,"href":"https:\/\/reto.cn\/php\/hanyu\/wp-json\/wp\/v2\/pages\/10083\/revisions"}],"up":[{"embeddable":true,"href":"https:\/\/reto.cn\/php\/hanyu\/wp-json\/wp\/v2\/pages\/9743"}],"wp:attachment":[{"href":"https:\/\/reto.cn\/php\/hanyu\/wp-json\/wp\/v2\/media?parent=10083"}],"curies":[{"name":"wp","href":"https:\/\/api.w.org\/{rel}","templated":true}]}}