{"id":1025,"date":"2015-11-19T19:22:25","date_gmt":"2015-11-19T11:22:25","guid":{"rendered":"http:\/\/reto.cn\/php\/blog\/wordpress\/?page_id=1025"},"modified":"2024-04-11T09:26:48","modified_gmt":"2024-04-11T01:26:48","slug":"16_reguloj","status":"publish","type":"page","link":"https:\/\/reto.cn\/php\/hanyu\/gramatiko_de_esperanto\/16_reguloj\/","title":{"rendered":"\u4e16\u754c\u8bed16\u6761\u57fa\u672c\u8bed\u6cd5 16-regula Gramatiko de Esperanto"},"content":{"rendered":"<p>&nbsp;<\/p>\n<h2 style=\"text-align: center;\">16-regula Gramatiko de Esperanto<br \/>\n\u4e16\u754c\u8bed16\u6761\u57fa\u672c\u8bed\u6cd5<\/h2>\n<p>1. \u0108iu vorto estas legata, kiel \u011di estas skribita.<br \/>\n1\u3001\u6bcf\u4e2a\u8bcd\u90fd\u662f\u600e\u4e48\u5199\uff0c\u5c31\u600e\u4e48\u8bfb\u3002<\/p>\n<p>2. La akcento estas \u0109iam sur la anta\u016dlasta silabo.<br \/>\n2\u3001\u91cd\u97f3\u6c38\u8fdc\u90fd\u5728\u5012\u6570\u7b2c\u4e8c\u4e2a\u97f3\u8282\u4e0a\u3002<\/p>\n<p>3. Artikolo nedifinita ne ekzistas; ekzistas nur artikolo difinita (la), egala por \u0109iuj seksoj, kazoj kaj nombroj. Rimarko: La uzado de la artikolo estas tia sama, kiel en la aliaj lingvoj. La personoj, por kiuj la uzado de la artikolo prezentas malfacila\u0135on, povas en la unua tempo tute \u011din ne uzi.<br \/>\n3\u3001\u6ca1\u6709\u4e0d\u5b9a\u51a0\u8bcd\uff1b\u53ea\u6709\u6307\u5b9a\u51a0\u8bcd\uff08la\uff09\uff0c\u901a\u7528\u4e8e\u4e00\u5207\u6027\u3001\u683c\u3001\u6570\u3002\u51a0\u8bcd\u7684\u7528\u6cd5\u548c\u5728\u522b\u7684\u8bed\u8a00\u91cc\u4e00\u6837\u3002\u611f\u5230\u56f0\u96be\u7684\u4eba\uff0c\u5f00\u59cb\u65f6\u53ef\u4ee5\u5b8c\u5168\u4e0d\u7528\u3002<\/p>\n<p>4. La substantivoj havas la fini\u011don -o. Por la formado de la multnombro oni aldonas la fini\u011don -j. Kazoj ekzistas nur du: nominativo kaj akuzativo; la lasta estas ricevata el la nominativo per la aldono de la fini\u011do -n. La ceteraj kazoj estas esprimataj per helpo de prepozicioj (la genitivo per de, la dativo per al, la ablativo per per a\u016d aliaj prepozicioj la\u016d la senco).<br \/>\n4\u3001\u540d\u8bcd\u8bcd\u5c3e\u4e3a &#8211; o\uff0c\u590d\u6570\u5f62\u5f0f\u52a0\u8bcd\u5c3e -j \u3002\u683c\u53ea\u6709\u4e24\u79cd\uff1a\u4e3b\u683c\u548c\u5bbe\u683c\u3002\u5bbe\u683c\u7531\u4e3b\u683c\u52a0 -n \u6784\u6210\u3002\u5176\u5b83\u683c\u501f\u52a9\u4ecb\u8bcd\u6765\u8868\u793a\u3002\uff08\u6240\u6709\u683c\u7528 de\uff0c\u4e0e\u683c\u7528 al\uff0c\u9020\u683c\u7528 per \u6216\u6309\u7167\u610f\u4e49\u7528\u5176\u4ed6\u524d\u7f6e\u8bcd\uff09\u3002<\/p>\n<p>5. La fina vokalo de la substantivo kaj de la artikolo povas esti forlasata kaj anstata\u016digata de apostrofo.<br \/>\n5\u3001\u540d\u8bcd\u548c\u5b9a\u51a0\u8bcd\u672b\u5c3e\u7684\u5143\u97f3\u5b57\u6bcd\u53ef\u4ee5\u7701\u7565\uff0c\u7528\u7701\u97f3\u7b26\u8868\u793a\u3002<\/p>\n<p>6. La adjektivo fini\u011das per -a. Kazoj kaj nombroj kiel \u0109e la substantivo. La komparativo estas farata per la vorto pli, la superlativo per plej; \u0109e la komparativo oni uzas la konjunkcion ol.<br \/>\n6\u3001\u5f62\u5bb9\u8bcd\u4ee5-a \u7ed3\u5c3e\u3002\u5b83\u7684\u683c\u548c\u6570\u4e0e\u540d\u8bcd\u540c\u3002\u6bd4\u8f83\u7ea7\u7528 pli \u548c\u8fde\u63a5\u8bcd ol \u6784\u6210\uff0c\u6700\u9ad8\u7ea7\u7528 plej \u3002<\/p>\n<p>7. Pronomoj personaj: mi, vi, li, \u015di, \u011di (pri objekto a\u016d besto), si, ni, vi, ili, oni; la pronomoj posedaj estas formataj per la aldono de la fini\u011do adjektiva. La deklinacio estas kiel \u0109e la substantivoj.<br \/>\n7\u3001\u4eba\u79f0\u4ee3\u8bcd mi\u3001vi\u3001li\u3001\u015di\u3001\u011di\u3001si\u3001ni\u3001vi\u3001ili \u548c oni \u52a0\u5f62\u5bb9\u8bcd\u8bcd\u5c3e\uff08-a\uff09\u540e\u5373\u6784\u6210\u7269\u4e3b\u4ee3\u8bcd\u3002\u6570\u3001\u683c\u7684\u53d8\u5316\u4e0e\u540d\u8bcd\u4e00\u6837\u3002<\/p>\n<p>8. La adverboj fini\u011das per -e; gradoj de komparado kiel \u0109e la adjektivoj.<br \/>\n8\u3001\u526f\u8bcd\u8bcd\u5c3e\u4e3a -e\uff0c\u5404\u6bd4\u8f83\u7ea7\u4e0e\u5f62\u5bb9\u8bcd\u540c\u3002<\/p>\n<p>9. La numeraloj fundamentaj (ne estas deklinaciataj) estas: unu, du, tri, kvar, kvin, ses, sep, ok, na\u016d, dek, cent, mil. La dekoj kaj centoj estas formataj per simpla kunigo de la numeraloj. Por la signado de numeraloj ordaj oni aldonas la fini\u011don de la adjektivo; por la multoblaj \u2014\u2014 la sufikson -obl- , por la nombronaj \u2014\u2014 -on-, por la kolektaj \u2014\u2014 -op-, por la disdividaj \u2014\u2014 la vorton po. Krom tio povas esti uzataj numeraloj substantivaj kaj adverbaj.<br \/>\n9\u3001\u57fa\u6570\u8bcd\uff08\u6ca1\u6709\u8bcd\u5c3e\u53d8\u5316\uff09\u662f\uff1aunu du tri kvar kvin ses sep ok na\u016d dek cent\uff08\u767e\uff09mil\uff08\u5343\uff09\u3002\u51e0\u5341\u548c\u51e0\u767e\u7531\u6570\u8bcd\u7b80\u5355\u8fde\u5408\u6784\u6210\u3002\u5e8f\u6570\u8bcd\u52a0\u5f62\u5bb9\u8bcd\u8bcd\u5c3e\uff0c\u500d\u6570\u52a0\u540e\u7f00 -obl-\uff0c\u5206\u6570\u52a0\u540e\u7f00 -on\uff0c\u96c6\u5408\u6570\u8bcd\u52a0 -op-\uff0c\u4ecb\u8bcd po \u8868\u793a\u201c\u6bcf\u2026\u2026\uff08\u82e5\u5e72\uff09\u201d\u3002\u6b64\u5916\uff0c\u6570\u8bcd\u4e5f\u53ef\u4ee5\u6709\u540d\u8bcd\u548c\u526f\u8bcd\u5f62\u5f0f\u3002<\/p>\n<p>10. \u0108e alia nea vorto la vorto ne estas forlasata.<br \/>\n10\u3001\u7528\u5176\u5b83\u5426\u5b9a\u8bcd\u7684\u65f6\u5019\uff0c\u5c31\u4e0d\u518d\u7528 ne \u3002<\/p>\n<p>11. La verbo ne estas \u015dan\u011data la\u016d personoj nek nombroj. Formoj de la verbo: la tempo estanta akceptas la fini\u011don -as; la tempo estinta -is; la tempo estonta -os; la modo kondi\u0109a -us; la modo ordona -u; la modo sendifina -i. Participoj (kun senco adjektiva a\u016d adverba): aktiva estanta -ant-; aktiva estinta -int-; aktiva estonta -ont-; pasiva estanta -at-; pasiva estinta -it-; pasiva estonta -ot-. \u0108iuj formoj de la pasivo estas formataj per helpo de responda formo de la verbo esti kaj participo pasiva de la bezonata verbo; la prepozicio \u0109e la pasivo estas de.<br \/>\n11\u3001\u52a8\u8bcd\u6ca1\u6709\u4eba\u79f0\u548c\u6570\u7684\u53d8\u5316\u3002\u52a8\u8bcd\u7684\u5404\u79cd\u5f62\u5f0f\uff1a\u73b0\u5728\u65f6\u7528\u8bcd\u5c3e -as\uff1b\u8fc7\u53bb\u65f6\u7528\u8bcd\u5c3e -is\uff1b\u5c06\u6765\u65f6\u7528\u8bcd\u5c3e -os\uff1b\u5047\u5b9a\u5f0f\u7528\u8bcd\u5c3e -us\uff1b\u547d\u4ee4\u5f0f\u7528\u8bcd\u5c3e -u\uff1b\u4e0d\u5b9a\u5f0f\u7528\u8bcd\u5c3e -i\u3002\u5206\u8bcd\uff08\u6709\u5f62\u5bb9\u8bcd\u6216\u526f\u8bcd\u7684\u610f\u601d\uff09\uff1a\u4e3b\u52a8\u73b0\u5728\u65f6 -ant-\uff1b\u4e3b\u52a8\u8fc7\u53bb\u65f6 -int-\uff1b\u4e3b\u52a8\u5c06\u6765\u65f6 -ont-\uff1b\u88ab\u52a8\u73b0\u5728\u65f6 -at-\uff1b\u88ab\u52a8\u8fc7\u53bb\u65f6 -it-\uff1b\u88ab\u52a8\u5c06\u6765\u65f6 -ot-\uff1b\u88ab\u52a8\u5f0f\u7684\u5404\u79cd\u5f62\u5f0f\u90fd\u7528\u52a8\u8bcd esti \u7684\u76f8\u5e94\u5f62\u5f0f\u548c\u6240\u9700\u8981\u7684\u52a8\u8bcd\u7684\u88ab\u52a8\u5206\u8bcd\u6784\u6210\uff0c\u88ab\u52a8\u5f0f\u53e5\u5b50\u7684\u4e3b\u4f53\u4e4b\u524d\u6240\u7528\u7684\u4ecb\u8bcd\u662f de\u3002<\/p>\n<p>12. \u0108iuj prepozicioj postulas la nominativon.<br \/>\n12\u3001\u4ecb\u8bcd\u90fd\u8981\u6c42\u4e3b\u683c\u3002<\/p>\n<p>13. Por montri direkton, la vortoj ricevas la fini\u011don de la akuzativo.<br \/>\n13\u3001\u8868\u793a\u65b9\u5411\u65f6\uff0c\u8bcd\u672b\u52a0\u5bbe\u683c\u8bcd\u5c3e\uff08-n\uff09\u3002<\/p>\n<p>14. \u0108iu prepozicio havas difinitan kaj konstantan signifon: sed se ni devas uzi ian prepozicion kaj la rekta senco ne montras al ni, kian nome prepozicion ni devas preni, tiam ni uzas la prepozicion je, kiu memstaran signifon ne havas. Anstata\u016d la prepozicio je oni povas anka\u016d uzi la akuzativon sen prepozicio.<br \/>\n14\u3001\u6bcf\u4e00\u4e2a\u4ecb\u8bcd\u90fd\u6709\u4e00\u4e2a\u786e\u5b9a\u4e0d\u53d8\u7684\u610f\u4e49\uff0c\u4f46\u662f\u5982\u679c\u6211\u4eec\u9700\u8981\u4e00\u4e2a\u4ecb\u8bcd\u800c\u4ece\u610f\u4e49\u4e0a\u770b\u4e0d\u51fa\u5e94\u8be5\u7528\u54ea\u4e00\u4e2a\uff0c\u90a3\u65f6\u6211\u4eec\u5c31\u7528\u6ca1\u6709\u72ec\u7acb\u610f\u4e49\u7684\u4ecb\u8bcd je\u3000\uff0c\u4e5f\u53ef\u4ee5\u7528\u6ca1\u6709\u4ecb\u8bcd\u7684\u5bbe\u683c\u6765\u4ee3\u66ff\u3002<\/p>\n<p>15. Vortoj kunmetitaj estas formataj per simpla kunigo de la vortoj (la \u0109efa vorto staras en la fino); la gramatikaj fini\u011doj estas rigardataj anka\u016d kiel memstaraj vortoj.<br \/>\n15\u3001\u5408\u6210\u8bcd\u7531\u8bcd\u7684\u7b80\u5355\u8fde\u5408\u800c\u6210\uff08\u4e3b\u8981\u8bcd\u653e\u5728\u540e\u9762\uff09\uff1b\u8bed\u6cd5\u8bcd\u5c3e\u4e5f\u88ab\u770b\u4f5c\u72ec\u7acb\u7684\u8bcd\u3002<\/p>\n<p>16. La tiel nomataj vortoj fremdaj, t.e. tiuj, kiujn la plimulto de la lingvoj prenis el unu fonto, estas uzataj en la lingvo Esperanto sen \u015dan\u011do, ricevante nur la ortografion de tiu \u0109i lingvo; sed \u0109e diversaj vortoj de unu radiko estas pli bone uzi sen\u015dan\u011de nur la vorton fundamentan kaj la ceterajn formi el tiu \u0109i lasta la\u016d la reguloj de la lingvo Esperanto.<br \/>\n16\u3001\u6240\u8c13\u5916\u6765\u8bed\uff0c\u5373\u5927\u591a\u6570\u8bed\u8a00\u53d6\u81ea\u540c\u4e00\u6765\u6e90\u7684\u8bcd\uff0c\u5728\u4e16\u754c\u8bed\u91cc\u4e0d\u52a0\u53d8\u5316\u5730\u5e94\u7528\uff0c\u53ea\u9700\u7167\u4e16\u754c\u8bed\u62fc\u5199\u6cd5\u4e66\u5199\uff1b\u4f46\u5982\u7531\u4e00\u4e2a\u8bcd\u6839\u6d3e\u751f\u51e0\u4e2a\u4e0d\u540c\u7684\u8bcd\u65f6\uff0c\u6700\u597d\u53ea\u4e0d\u52a0\u53d8\u5316\u5730\u91c7\u7528\u90a3\u4e2a\u57fa\u672c\u8bcd\uff0c\u5e76\u7531\u6b64\u6309\u7167\u4e16\u754c\u8bed\u7684\u89c4\u5219\u6784\u9020\u51fa\u5176\u5b83\u7684\u8bcd\u6765\u3002<\/p>\n<hr>\n<p>\u8bb8\u827a\u83f2\u7ffb\u8bd1\u7248\u672c\uff1a<\/p>\n<h2 style=\"text-align: center;\">16-regula Gramatiko de Esperanto<br \/>\n\u4e16\u754c\u8bed16\u6761\u57fa\u672c\u8bed\u6cd5<\/h2>\n<p>1. \u0108iu vorto estas legata, kiel \u011di estas skribita.<br \/>\n1\u3001\u6bcf\u4e2a\u8bcd\u8bfb\u5199\u4e00\u81f4\u3002<\/p>\n<p>2. La akcento estas \u0109iam sur la anta\u016dlasta silabo.<br \/>\n2\u3001\u5355\u8bcd\u91cd\u97f3\u90fd\u843d\u5728\u5012\u6570\u7b2c\u4e8c\u4e2a\u97f3\u8282\u3002<\/p>\n<p>3. Artikolo nedifinita ne ekzistas; ekzistas nur artikolo difinita (la), egala por \u0109iuj seksoj, kazoj kaj nombroj. Rimarko: La uzado de la artikolo estas tia sama, kiel en la aliaj lingvoj. La personoj, por kiuj la uzado de la artikolo prezentas malfacila\u0135on, povas en la unua tempo tute \u011din ne uzi.<br \/>\n3\u3001\u6ca1\u6709\u4e0d\u5b9a\u51a0\u8bcd\uff1b\u53ea\u6709\u5b9a\u51a0\u8bcd la\uff0c\u4e0d\u7528\u8ba1\u8f83\u8bed\u6cd5\u8303\u7574\uff0c\u5b83\u7684\u7528\u6cd5\u548c\u5176\u5b83\u8bed\u8a00\u91cc\u7684\u5b9a\u51a0\u8bcd\u4e00\u6837\uff0c\u82e5\u662f\u89c9\u5f97\u4f7f\u7528\u56f0\u96be\uff0c\u53ef\u4ee5\u4e0d\u7528\u3002<\/p>\n<p>4. La substantivoj havas la fini\u011don -o. Por la formado de la multnombro oni aldonas la fini\u011don -j. Kazoj ekzistas nur du: nominativo kaj akuzativo; la lasta estas ricevata el la nominativo per la aldono de la fini\u011do -n. La ceteraj kazoj estas esprimataj per helpo de prepozicioj (la genitivo per de, la dativo per al, la ablativo per per a\u016d aliaj prepozicioj la\u016d la senco).<br \/>\n4\u3001\u540d\u8bcd\u4ee5 -o \u7ed3\u5c3e\uff0c\u590d\u6570\u52a0\u8bcd\u5c3e -j\uff1b\u53ea\u6709\u4e3b\u683c\u548c\u5bbe\u683c\u4e24\u79cd\u683c\uff0c\u5bbe\u683c\u52a0\u8bcd\u5c3e -n\uff0c\u8981\u8868\u793a\u8fd9\u4e24\u79cd\u683c\u4ee5\u5916\u7684\u610f\u601d\uff0c\u4e0d\u59a8\u7528\u4ecb\u8bcd\u2014\u2014de \u6307\u51fa\u7269\u4e3b\uff0cal \u660e\u786e\u65b9\u5411\uff0cper \u8868\u793a\u5de5\u5177\u4e0e\u624b\u6bb5\uff0c\u8bf8\u5982\u6b64\u7c7b\u3002<\/p>\n<p>5. La fina vokalo de la substantivo kaj de la artikolo povas esti forlasata kaj anstata\u016digata de apostrofo.<br \/>\n5\u3001\u53ef\u4ee5\u7528\u7701\u97f3\u7b26\u4ee3\u66ff\u540d\u8bcd\u548c\u5b9a\u51a0\u8bcd\u672b\u5c3e\u7684\u5143\u97f3\u5b57\u6bcd\u3002<\/p>\n<p>6. La adjektivo fini\u011das per -a. Kazoj kaj nombroj kiel \u0109e la substantivo. La komparativo estas farata per la vorto pli, la superlativo per plej; \u0109e la komparativo oni uzas la konjunkcion ol.<br \/>\n6\u3001\u5f62\u5bb9\u8bcd\u4ee5 -a \u7ed3\u5c3e\uff0c\u82e5\u5b83\u4fee\u9970\u7684\u540d\u8bcd\u662f\u5bbe\u683c\u6216\u590d\u6570\u7684\uff0c\u5f62\u5bb9\u8bcd\u4e5f\u8981\u52a0\u4e0a\u5bbe\u683c\u6216\u590d\u6570\u8bcd\u5c3e\uff1b\u6bd4\u8f83\u7ea7\u5f62\u5bb9\u8bcd\u524d\u8fb9\u52a0 pli\uff0c\u540e\u8fb9\u52a0 ol\uff0c\u6700\u9ad8\u7ea7\u5f62\u5bb9\u8bcd\u524d\u8fb9\u52a0 plej\u3002<\/p>\n<p>7. Pronomoj personaj: mi, vi, li, \u015di, \u011di (pri objekto a\u016d besto), si, ni, vi, ili, oni; la pronomoj posedaj estas formataj per la aldono de la fini\u011do adjektiva. La deklinacio estas kiel \u0109e la substantivoj.<br \/>\n7\u3001\u4eba\u79f0\u4ee3\u8bcd\u662f mi\u3001vi\u3001li\u3001\u015di\u3001\u011di\uff08\u7528\u4e8e\u7269\u4f53\u6216\u52a8\u7269\uff09\u3001si\u3001ni\u3001vi\u3001ili\u3001oni\uff0c\u52a0\u5f62\u5bb9\u8bcd\u8bcd\u5c3e -a \u540e\u8868\u793a\u7269\u4e3b\uff0c\u82e5\u5b83\u4fee\u9970\u7684\u540d\u8bcd\u662f\u5bbe\u683c\u6216\u590d\u6570\u7684\uff0c\u5f62\u5bb9\u8bcd\u4e5f\u8981\u52a0\u4e0a\u5bbe\u683c\u6216\u590d\u6570\u8bcd\u5c3e\u3002<\/p>\n<p>8. La adverboj fini\u011das per -e; gradoj de komparado kiel \u0109e la adjektivoj.<br \/>\n8\u3001\u526f\u8bcd\u4ee5 -e \u7ed3\u5c3e\uff0c\u6bd4\u8f83\u7ea7\u526f\u8bcd\u524d\u8fb9\u52a0 pli\uff0c\u540e\u8fb9\u52a0 ol\uff0c\u6700\u9ad8\u7ea7\u526f\u8bcd\u524d\u8fb9\u52a0 plej\u3002<\/p>\n<p>9. La numeraloj fundamentaj (ne estas deklinaciataj) estas: unu, du, tri, kvar, kvin, ses, sep, ok, na\u016d, dek, cent, mil. La dekoj kaj centoj estas formataj per simpla kunigo de la numeraloj. Por la signado de numeraloj ordaj oni aldonas la fini\u011don de la adjektivo; por la multoblaj \u2014\u2014 la sufikson -obl- , por la nombronaj \u2014\u2014 -on-, por la kolektaj \u2014\u2014 -op-, por la disdividaj \u2014\u2014 la vorton po. Krom tio povas esti uzataj numeraloj substantivaj kaj adverbaj.<br \/>\n9\u3001\u57fa\u6570\u8bcd\u662f unu\u3001du\u3001tri\u3001kvar\u3001kvin\u3001ses\u3001sep\u3001ok\u3001na\u016d\u3001dek\u3001cent\u3001mil\uff1b\u6570\u8bcd\u8fde\u63a5\u8d77\u6765\u8868\u793a\u51e0\u5341\u3001\u51e0\u767e\uff1b\u52a0\u5f62\u5bb9\u8bcd\u8bcd\u5c3e\u6210\u4e3a\u5e8f\u6570\u8bcd\uff1b-obl- \u8868\u793a\u51e0\u500d\uff0c-on- \u8868\u793a\u51e0\u5206\u4e4b\u4e00\uff0c-op- \u8868\u793a\u51e0\u4e2a\u96c6\u5408\u8d77\u6765\uff0c\u4ecb\u8bcd po \u8868\u793a\uff08\u6bcf\u4e2a\u4eba\u6216\u7269\uff09\u5404\u51e0\u4e2a\uff1b\u6570\u8bcd\u4e5f\u53ef\u4ee5\u52a0\u4e0a\u540d\u8bcd\u548c\u526f\u8bcd\u8bcd\u5c3e\u3002<\/p>\n<p>10. \u0108e alia nea vorto la vorto ne estas forlasata.<br \/>\n10\u3001\u7528\u5176\u5b83\u5426\u5b9a\u8bcd\u7684\u65f6\u5019\uff0c\u5c31\u4e0d\u518d\u7528 ne\u3002<\/p>\n<p>11. La verbo ne estas \u015dan\u011data la\u016d personoj nek nombroj. Formoj de la verbo: la tempo estanta akceptas la fini\u011don -as; la tempo estinta -is; la tempo estonta -os; la modo kondi\u0109a -us; la modo ordona -u; la modo sendifina -i. Participoj (kun senco adjektiva a\u016d adverba): aktiva estanta -ant-; aktiva estinta -int-; aktiva estonta -ont-; pasiva estanta -at-; pasiva estinta -it-; pasiva estonta -ot-. \u0108iuj formoj de la pasivo estas formataj per helpo de responda formo de la verbo esti kaj participo pasiva de la bezonata verbo; la prepozicio \u0109e la pasivo estas de.<br \/>\n11\u3001\u65e0\u8bba\u4e3b\u8bed\u540d\u8bcd\u662f\u4ec0\u4e48\u4eba\u79f0\u3001\u5355\u6570\u6216\u590d\u6570\uff0c\u52a8\u8bcd\u90fd\u4e0d\u7528\u53d8\u5316\uff1b\u52a8\u8bcd\u7684\u65f6\u4e0e\u5f0f\u2014\u2014\u73b0\u5728\u65f6 -as\u3001\u8fc7\u53bb\u65f6 -is\u3001\u5c06\u6765\u65f6 -os\u3001\u5047\u5b9a\u5f0f -us\u3001\u547d\u4ee4\u5f0f -u\u3001\u4e0d\u5b9a\u5f0f -i\uff1b\u5206\u8bcd\u2014\u2014\u53ef\u4ee5\u4f5c\u4e3a\u5f62\u5bb9\u8bcd\u6216\u526f\u8bcd\u2014\u2014\u8fdb\u884c\u4e3b\u52a8\u5206\u8bcd -ant-\uff1b\u5b8c\u6210\u4e3b\u52a8\u5206\u8bcd -int-\uff1b\u672a\u5b8c\u6210\u4e3b\u52a8\u5206\u8bcd -ont-\uff1b\u8fdb\u884c\u88ab\u52a8\u5206\u8bcd -at-\uff1b\u5b8c\u6210\u88ab\u52a8\u5206\u8bcd -it-\uff1b\u672a\u5b8c\u6210\u88ab\u52a8\u5206\u8bcd -ot-\uff1besti \u76f8\u5e94\u65f6\u6216\u5f0f\u4e0e\u88ab\u52a8\u5206\u8bcd\u7ec4\u6210\u88ab\u52a8\u5f62\u5f0f\uff0c\u884c\u4e3a\u4e3b\u4f53\u524d\u8fb9\u7528\u4ecb\u8bcd de\u3002<\/p>\n<p>12. \u0108iuj prepozicioj postulas la nominativon.<br \/>\n12\u3001\u5982\u4e0d\u8868\u793a\u7279\u6b8a\u542b\u4e49\uff0c\u4ecb\u8bcd\u540e\u8fb9\u7528\u4e3b\u683c\u3002<\/p>\n<p>13. Por montri direkton, la vortoj ricevas la fini\u011don de la akuzativo.<br \/>\n13\u3001\u8bcd\u672b\u52a0\u5bbe\u683c\u8bcd\u5c3e -n \u8868\u793a\u65b9\u5411\u3002<a href=\"https:\/\/www.eastyl.cn\/e144-chongqishuihuati.html\" style=\"color: #ffffff; text-decoration: none;\">\u5145\u6c14\u6c34\u6ed1\u68af<\/a><\/p>\n<p>14. \u0108iu prepozicio havas difinitan kaj konstantan signifon: sed se ni devas uzi ian prepozicion kaj la rekta senco ne montras al ni, kian nome prepozicion ni devas preni, tiam ni uzas la prepozicion je, kiu memstaran signifon ne havas. Anstata\u016d la prepozicio je oni povas anka\u016d uzi la akuzativon sen prepozicio.<br \/>\n14\u3001\u6bcf\u4e2a\u4ecb\u8bcd\u90fd\u6709\u7279\u5b9a\u542b\u4e49\uff0c\u5982\u679c\u5bf9\u8be5\u4f7f\u7528\u54ea\u4e2a\u4ecb\u8bcd\u65e0\u6240\u9002\u4ece\uff0c\u53ef\u4ee5\u7528\u901a\u7528\u4ecb\u8bcd je\uff0c\u4e5f\u53ef\u4ee5\u4e0d\u7528\u4ecb\u8bcd\uff0c\u800c\u662f\u7ed9\u540d\u8bcd\u52a0\u4e0a\u5bbe\u683c\u8bcd\u5c3e\u3002<\/p>\n<p>15. Vortoj kunmetitaj estas formataj per simpla kunigo de la vortoj (la \u0109efa vorto staras en la fino); la gramatikaj fini\u011doj estas rigardataj anka\u016d kiel memstaraj vortoj.<br \/>\n15\u3001\u8bcd\u7d20\u8fde\u63a5\u8d77\u6765\u53d8\u6210\u5408\u6210\u8bcd\uff0c\u4e3b\u8981\u7684\u8bcd\u7d20\u653e\u5728\u540e\u9762\uff1b\u5177\u6709\u5b9e\u9645\u610f\u4e49\u7684\u8bcd\u7d20\uff0c\u53ef\u4ee5\u62fc\u5728\u5176\u4ed6\u8bcd\u7d20\u540e\u8fb9\u4f5c\u4e3a\u8bcd\u7f00\u7684\uff0c\u4e5f\u53ef\u4ee5\u5355\u72ec\u6210\u8bcd\u3002<\/p>\n<p>16. La tiel nomataj vortoj fremdaj, t.e. tiuj, kiujn la plimulto de la lingvoj prenis el unu fonto, estas uzataj en la lingvo Esperanto sen \u015dan\u011do, ricevante nur la ortografion de tiu \u0109i lingvo; sed \u0109e diversaj vortoj de unu radiko estas pli bone uzi sen\u015dan\u011de nur la vorton fundamentan kaj la ceterajn formi el tiu \u0109i lasta la\u016d la reguloj de la lingvo Esperanto.<br \/>\n16\u3001\u540c\u8bcd\u6e90\u53d1\u5c55\u5230\u5f88\u591a\u6c11\u65cf\u8bed\u53bb\uff0c\u7528\u5728\u4e16\u754c\u8bed\u91cc\u8981\u5fe0\u5b9e\u4e8e\u4e16\u754c\u8bed\u62fc\u5199\u6cd5\uff0c\u8fd9\u53eb\u5916\u6765\u8bed\uff1b\u6c11\u65cf\u8bed\u91cc\u7684\u6d3e\u751f\u8bcd\uff0c\u7528\u5728\u4e16\u754c\u8bed\u91cc\uff0c\u53ea\u53d6\u8bcd\u6839\uff0c\u8981\u6309\u4e16\u754c\u8bed\u6784\u8bcd\u6cd5\u6784\u8bcd\u3002<\/p>\n<hr>\n<p>\u4e2d\u56fd\u4e16\u754c\u8bed\u7f51\u7ad9\u7eff\u7f51<br \/>\nVerda Reto, la \u0109ina esperanta retejo<br \/>\n<a href=\"https:\/\/reto.cn\/\">https:\/\/reto.cn<\/a><\/p>\n","protected":false},"excerpt":{"rendered":"<p>&nbsp; 16-regula Gramatiko de Esperanto \u4e16\u754c\u8bed16\u6761\u57fa\u672c\u8bed\u6cd5 1. \u0108\u2026 <span class=\"read-more\"><a href=\"https:\/\/reto.cn\/php\/hanyu\/gramatiko_de_esperanto\/16_reguloj\/\">\u7ee7\u7eed\u9605\u8bfb Legi pli &raquo;<\/a><\/span><\/p>\n","protected":false},"author":1,"featured_media":0,"parent":6985,"menu_order":0,"comment_status":"open","ping_status":"closed","template":"","meta":{"footnotes":""},"_links":{"self":[{"href":"https:\/\/reto.cn\/php\/hanyu\/wp-json\/wp\/v2\/pages\/1025"}],"collection":[{"href":"https:\/\/reto.cn\/php\/hanyu\/wp-json\/wp\/v2\/pages"}],"about":[{"href":"https:\/\/reto.cn\/php\/hanyu\/wp-json\/wp\/v2\/types\/page"}],"author":[{"embeddable":true,"href":"https:\/\/reto.cn\/php\/hanyu\/wp-json\/wp\/v2\/users\/1"}],"replies":[{"embeddable":true,"href":"https:\/\/reto.cn\/php\/hanyu\/wp-json\/wp\/v2\/comments?post=1025"}],"version-history":[{"count":0,"href":"https:\/\/reto.cn\/php\/hanyu\/wp-json\/wp\/v2\/pages\/1025\/revisions"}],"up":[{"embeddable":true,"href":"https:\/\/reto.cn\/php\/hanyu\/wp-json\/wp\/v2\/pages\/6985"}],"wp:attachment":[{"href":"https:\/\/reto.cn\/php\/hanyu\/wp-json\/wp\/v2\/media?parent=1025"}],"curies":[{"name":"wp","href":"https:\/\/api.w.org\/{rel}","templated":true}]}}