{"id":10282,"date":"2022-02-14T19:48:14","date_gmt":"2022-02-14T11:48:14","guid":{"rendered":"https:\/\/reto.cn\/php\/hanyu\/?page_id=10282"},"modified":"2022-02-21T19:02:18","modified_gmt":"2022-02-21T11:02:18","slug":"antauparolo","status":"publish","type":"page","link":"https:\/\/reto.cn\/php\/hanyu\/gramatiko_de_esperanto\/dua-libro-de-l-lingvo-internacia\/antauparolo\/","title":{"rendered":"Dua Libro de l&#8217; Lingvo Internacia \u4e16\u754c\u8bed\u7b2c\u4e8c\u4e66 \u5e8f\u8a00"},"content":{"rendered":"<h3 align=\"CENTER\"><big><big><b>ANTA\u016cPAROLO.<\/b><\/big><\/big><\/h3>\n<h3 style=\"text-align: center;\">\u524d\u8a00<\/h3>\n<div align=\"CENTER\">~ ~ ~ ~&lt;&gt;&lt;&gt;&lt;&gt;~ ~ ~ ~<\/div>\n<p>Elirante ankora\u016d unu fojon anta\u016d la estimata publiko, mi sentas la devon anta\u016d \u0109io danki la legantan publikon por la viva kunsento, kiun \u011di montris por mia afero. La multaj promesoj, kiujn mi ricevas, kaj el kiuj tre granda parto estas subskribita &#8220;senkondi\u0109e&#8221;, la leteroj kun kura\u011digoj a\u016d konsiloj\u2014\u0109io tio \u0109i montras al mi, ke mia profunda kredo je l&#8217; homaro min ne trompis. La bona genio de l&#8217; homaro veki\u011dis: de \u0109iuj flankoj al la laboro \u0109iuhoma venas amasoj, kiuj ordinare estas tiel maldiligentaj por \u0109ia nova afero; junaj kaj maljunaj, viroj kaj virinoj\u2014rapidas porti ilian \u015dtonon por la granda, grava kaj utilega konstruo. Vivu l&#8217; homaro, vivu la frateco de l&#8217; popoloj, vivu eterne!<\/p>\n<p>\u518d\u6b21\u51fa\u73b0\u5728\u5c0a\u656c\u7684\u516c\u4f17\u9762\u524d\uff0c\u6211\u611f\u5230\u6709\u4e49\u52a1\u9996\u5148\u611f\u8c22\u9605\u8bfb\u516c\u4f17\u5bf9\u6211\u7684\u4e8b\u4e1a\u8868\u73b0\u51fa\u7684\u70ed\u70c8\u540c\u611f\u3002\u6211\u6536\u5230\u7684\u8bb8\u591a\u627f\u8bfa\uff0c\u5176\u4e2d\u8bb8\u591a\u662f\u201c\u65e0\u6761\u4ef6\u201d\u7b7e\u7f72\u7684\uff0c\u9f13\u52b1\u6216\u5efa\u8bae\u7684\u4fe1\u4ef6\u2014\u2014\u8fd9\u4e00\u5207\u90fd\u8868\u660e\uff0c\u6211\u5bf9\u4eba\u7c7b\u7684\u6df1\u5207\u4fe1\u4efb\u5e76\u6ca1\u6709\u8f9c\u8d1f\u6211\u3002\u4eba\u7c7b\u7684\u7cbe\u82f1\u5df2\u7ecf\u89c9\u9192\uff1a\u4ed6\u4eec\u6765\u81ea\u5404\u884c\u5404\u4e1a\uff0c\u7537\u5973\u8001\u5c11\uff0c\u5e73\u5e38\u5bf9\u6bcf\u4e00\u79cd\u65b0\u4e8b\u7269\u662f\u5982\u6b64\u61c8\u6020\uff1b\u73b0\u5728\u2014\u8d77\u4e3a\u4f1f\u5927\u7684\u3001\u91cd\u8981\u7684\u548c\u6709\u7528\u7684\u5efa\u8bbe\u4e8b\u4e1a\u642c\u8fd0\u4ed6\u4eec\u7684\u77f3\u5934\uff0c\u6dfb\u7816\u52a0\u74e6\u3002\u4eba\u7c7b\u4e07\u5c81\uff0c\u4eba\u6c11\u5144\u5f1f\u60c5\u8c0a\u4e07\u5c81\uff0c\u4e07\u4e07\u5c81\uff01<\/p>\n<p>En mia unua verko mi diris, ke mian laboron mi prezentas je l&#8217; tempo de unu jaro al la ju\u011do de l&#8217; tuta mondo; kian pasus la jaro, mi intencis eldoni libreton, en kiu estus analizitaj \u0109iuj pensoj esprimitaj de l&#8217; publiko, kaj uzinte tiujn, kiuj efektive estus bonaj, mi donus al la lingvo la finan formon, kaj post tio \u0109i oni jam povus komenci la eldonon de plenaj vortaroj, libroj, gazetoj kaj cetere, \u0109ar tian la lingvo jam estus trairinta la ju\u011don de l&#8217; tuta mondo, kaj \u0109iuj plej gravaj malbona\u0135oj, kiuj povus esti trovitaj en \u011di, \u0109ar en verko de\u00a0<i>unu<\/i>\u00a0homo,\u2014estus jam pli a\u016d malpli forigitaj. Mi efektive intencis silenti en la da\u016dro de tuta jaro. Sed de l&#8217; tago, kian eliris mia libreto, mi komencis ricevi multon da leteroj kun demandoj kaj kun petoj rapidigi l&#8217; aferon.<\/p>\n<p>\u5728\u6211\u7684\u7b2c\u4e00\u90e8\u4f5c\u54c1\u4e2d\uff0c\u6211\u8bf4\u8fc7\u6211\u5c06\u5728\u4e00\u5e74\u5185\u5c06\u6211\u7684\u4f5c\u54c1\u5448\u73b0\u7ed9\u5168\u4e16\u754c\u7684\u8bc4\u5224\uff1b\u968f\u7740\u65f6\u95f4\u7684\u6d41\u901d\uff0c\u6211\u6253\u7b97\u51fa\u7248\u4e00\u672c\u5c0f\u518c\u5b50\uff0c\u5176\u4e2d\u5c06\u5206\u6790\u516c\u4f17\u8868\u8fbe\u7684\u6240\u6709\u60f3\u6cd5\uff0c\u5e76\u4f7f\u7528\u90a3\u4e9b\u5b9e\u9645\u4e0a\u662f\u597d\u7684\u4e1c\u897f\uff0c\u6211\u4f1a\u7ed9\u8bed\u8a00\u6700\u7ec8\u7684\u5f62\u5f0f\uff0c\u7136\u540e\u624d\u80fd\u5f00\u59cb\u51fa\u7248\u5b8c\u6574\u7684\u5b57\u5178\u3001\u4e66\u7c4d\u3001\u62a5\u7eb8\u7b49\u7b49\uff0c\u56e0\u4e3a\u8fd9\u6837\u4e00\u79cd\u8bed\u8a00\u5df2\u7ecf\u901a\u8fc7\u4e86\u6574\u4e2a\u4e16\u754c\u7684\u5224\u65ad\uff0c\u4ee5\u53ca\u53ef\u80fd\u5728\u5176\u4e2d\u53d1\u73b0\u7684\u6240\u6709\u6700\u4e25\u91cd\u7684\u8bef\u8c2c\uff0c\u56e0\u4e3a\u5728\u4e00\u4e2a\u4eba\u7684\u8457\u4f5c\u4e2d\uff0c\u5b83\u4f1a\u662f\u6216\u591a\u6216\u5c11\u88ab\u53bb\u9664\u3002\u6211\u5176\u5b9e\u662f\u6253\u7b97\u6c89\u9ed8\u4e00\u6574\u5e74\u3002\u4f46\u4ece\u6211\u7684\u5c0f\u518c\u5b50\u51fa\u6765\u7684\u90a3\u4e00\u5929\u8d77\uff0c\u6211\u5c31\u5f00\u59cb\u6536\u5230\u5f88\u591a\u4fe1\uff0c\u91cc\u9762\u6709\u95ee\u9898\u6709\u8981\u6c42\u4e5f\u6709\u52a0\u5feb\u5904\u7406\u7684\u8bf7\u6c42\u3002<\/p>\n<p>Respondi je \u0109iu letero aparte estas por mi ne eble, kaj tial mi decidis respondi publike je \u0109iuj demandoj kaj proponoj, \u0109ar tiel unu respondo povas servi por multaj demandantoj. \u0108iuj respondoj faros unu libron, kiu prezentos da\u016drigon de l&#8217; unua libro, kiun mi eldonis. Sed se mi volus la respondojn je \u0109iuj demandoj eldoni kune, en unu libro, mi devus tro longe atendigi miajn korespondantojn, dum tiu libro estos preta kaj eldonita,\u2014tiom pli, ke konstante al mi venas novaj demandoj; tial mi decidis eldoni la libron kun la respondoj\u2014per apartaj kajeroj, kiuj estos ellasataj en la da\u016dro de la tuta jaro 1888 periode, kun intertempoj de \u0109irka\u016d du monatoj de unu kajero \u011dis la venonta. En tiuj \u0109i kajeroj\u00a0<i>\u0109iuj<\/i>\u00a0demandoj estos responditaj; je l&#8217; fino de l&#8217; jaro 1888 eliros la lasta kajero, kaj la &#8220;Dua libro de l&#8217; lingvo internacia&#8221; estos finita.<\/p>\n<p>\u6211\u4e0d\u53ef\u80fd\u5355\u72ec\u56de\u590d\u6bcf\u5c01\u4fe1\uff0c\u6240\u4ee5\u6211\u51b3\u5b9a\u516c\u5f00\u56de\u590d\u6240\u6709\u4fe1\u4ef6\u95ee\u9898\u548c\u5efa\u8bae\uff0c\u56e0\u4e3a\u8fd9\u6837\u4e00\u4e2a\u56de\u7b54\u53ef\u4ee5\u4e3a\u8bb8\u591a\u63d0\u95ee\u8005\u670d\u52a1\u3002\u6bcf\u4e2a\u4eba\u7684\u95ee\u9898\u53ca\u7b54\u6848\u5c06\u4f7f\u4e00\u672c\u4e66\u6210\u4e3a\u6211\u51fa\u7248\u7684\u7b2c\u4e00\u4e66\u7684\u5ef6\u7eed\u3002\u4f46\u662f\uff0c\u5982\u679c\u6211\u60f3\u5c06\u6240\u6709\u95ee\u9898\u7684\u7b54\u6848\u4e00\u8d77\u51fa\u7248\u5728\u4e00\u672c\u4e66\u4e2d\uff0c\u6211\u5c06\u4e0d\u5f97\u4e0d\u8ba9\u6211\u7684\u901a\u8baf\u670b\u53cb\u7b49\u592a\u4e45\uff0c\u800c\u8fd9\u672c\u4e66\u5df2\u7ecf\u51c6\u5907\u597d\u5e76\u51fa\u7248\u4e86\uff0c\u5c24\u5176\u662f\u56e0\u4e3a\u65b0\u7684\u95ee\u9898\u4e0d\u65ad\u51fa\u73b0\u5728\u6211\u9762\u524d\uff1b\u6240\u4ee5\u6211\u51b3\u5b9a\u51fa\u7248\u5e26\u6709\u56de\u7b54\u7684\u4e66 &#8211; \u5728\u5355\u72ec\u7684\u5c0f\u518c\u5b50\u4e2d\uff0c\u8fd9\u4e9b\u5c0f\u518c\u5b50\u5c06\u5728 1888 \u5e74\u5168\u5e74\u5b9a\u671f\u51fa\u7248\uff0c\u4ece\u4e00\u4e2a\u5c0f\u518c\u5b50\u5230\u4e0b\u4e00\u4e2a\u7684\u95f4\u9694\u5927\u7ea6\u4e24\u4e2a\u6708\u3002\u5728\u8fd9\u4e9b\u5c0f\u518c\u5b50\u4e2d\uff0c\u6240\u6709\u95ee\u9898\u90fd\u5c06\u5f97\u5230\u89e3\u7b54\uff1b 1888 \u5e74\u5e95\u5c06\u51fa\u7248\u6700\u540e\u4e00\u672c\uff0c\u5b8c\u6210\u300a\u56fd\u9645\u8bed\u8a00\u7b2c\u4e8c\u4e66\u300b\u3002<\/p>\n<p>Ankora\u016d unu afero devigas min komenci la eldonon de l&#8217; kajeroj, pri kiuj mi parolis: malgra\u016d l&#8217; intenco, kiun mi esprimis en mia unua verko, komenci la eldonon de libroj ne pli frue ol estos finita la ju\u011do de l&#8217; publiko je l&#8217; lingvo proponita de mi,\u2014de \u0109iuj flankoj venas postuloj, ke mi kiom eble pli rapide eldonu ian libron en la lingvo internacia, ke la publiko povu koni\u011di tiun \u0109i lingvon \u0109iuflanke, \u011din ellerni pli rapide kaj uzi \u011din. La nombro de tiuj \u0109i postuloj estas tiel granda, ke mi ne povas jam a\u016ddi ilin silente. Eldonante la &#8220;Duan libron de l&#8217; lingvo internacia&#8221;, skribitan jam en tiu \u0109i lingvo, mi donos al la dezirantoj sufi\u0109e da materialo por legi kaj la eblon tute bone ellerni la lingvon; esceptinte la tekston de l&#8217; libro, kiu jam per si mem prezentos materialon por legi, en la libro estos anka\u016d pecoj sistemaj, por lerni kaj ripeti.<\/p>\n<p>\u8fd8\u6709\u4e00\u4ef6\u4e8b\u8feb\u4f7f\u6211\u5f00\u59cb\u51fa\u7248\u6211\u8c08\u5230\u7684\u5c0f\u518c\u5b50\uff1a\u5c3d\u7ba1\u6211\u5728\u6211\u7684\u300a\u7b2c\u4e00\u4e66\u300b\u4f5c\u54c1\u4e2d\u8868\u8fbe\u4e86\u5c3d\u5feb\u5f00\u59cb\u51fa\u7248\u5c0f\u518c\u5b50\u7684\u610f\u56fe\uff0c\u516c\u4f17\u5bf9\u6211\u63d0\u51fa\u7684\u8bed\u8a00\u7684\u5224\u65ad\u662f\u8fc7\u5ea6\u7684\u2014\u2014\u6765\u81ea\u5404\u65b9\u7684\u8981\u6c42\u6211\u5c3d\u5feb\u51fa\u7248\u56fd\u9645\u8bed\u8a00\u4e66\u7c4d\uff0c\u4f7f\u516c\u4f17\u80fd\u591f\u4ece\u5404\u4e2a\u65b9\u9762\u4e86\u89e3\u8fd9\u4e2a\u8bed\u8a00\uff0c\u66f4\u5feb\u5730\u5b66\u4e60\u548c\u4f7f\u7528\u5b83\u3002\u8fd9\u4e9b\u8981\u6c42\u7684\u6570\u91cf\u5982\u6b64\u4e4b\u591a\uff0c\u4ee5\u81f3\u4e8e\u6211\u518d\u4e5f\u65e0\u6cd5\u5b89\u9759\u5730\u542c\u5230\u5b83\u4eec\u3002\u901a\u8fc7\u51fa\u7248\u5df2\u7ecf\u7528\u8fd9\u79cd\u8bed\u8a00\u7f16\u5199\u7684\u201c\u56fd\u9645\u8bed\u8a00\u7b2c\u4e8c\u4e66\u201d\uff0c\u6211\u5c06\u7ed9\u90a3\u4e9b\u5e0c\u671b\u6709\u8db3\u591f\u7684\u6750\u6599\u9605\u8bfb\u548c\u5b8c\u7f8e\u5b66\u4e60\u8be5\u8bed\u8a00\u7684\u4eba\u63d0\u4f9b\u673a\u4f1a\uff1b\u9664\u4e86\u5df2\u7ecf\u5448\u73b0\u51fa\u6765\u7684\u4e66\u7684\u6587\u672c\u9605\u8bfb\u7684\u6750\u6599\uff0c\u4e66\u4e2d\u4e5f\u4f1a\u6709\u7cfb\u7edf\u7684\u7247\u6bb5\uff0c\u4f9b\u5b66\u4e60\u548c\u590d\u4e60\u3002<\/p>\n<p>La tuta libro havos 5\u20136 kajerojn, en kiuj estos trovataj respondoj je\u00a0<i>\u0109iuj<\/i>\u00a0demandoj, kiuj tu\u015das la lingvon mem, \u011dian konstruon, \u011dian estontecon, kiel \u011din bone kaj fonde ellerni, kiel plej rapide kaj plej certe vastigi \u011dian uzon en la mondo,\u2014kaj cetere. Kian la lasta kajero de l&#8217; libro estos elirinta, tian por la leganto nenio jam estos ne klara: la societo tian konos la tutan animon de l&#8217; lingvo, \u011di tian havos\u00a0<i>plenan<\/i>\u00a0vortaron kaj povos tute\u00a0<i>libere<\/i>\u00a0uzi la lingvon por\u00a0<i>\u0109iaj celoj,<\/i>\u00a0kiel \u011di povas nun uzi \u0109ian ri\u0109an kaj prilaboritan vivantan lingvon. La dependo de la lingvo de l&#8217; volo a\u016d de l&#8217; talento de mia propra persono a\u016d de ia alia aparta persono a\u016d personaro\u2014tute fori\u011dos. La lingvo tian estos tute preta en \u0109iuj plej malgrandaj \u011diaj partoj. La persono de l&#8217; a\u016dtoro tian tute foriros de la sceno kaj estos forgesita. \u0108u mi post tio ankora\u016d vivos, \u0109u mi mortos, \u0109u mi konservos la forton de mia korpo kaj animo, \u0109u mi \u011din perdos,\u2014l&#8217; afero tute ne dependos de tio, kiel la sorto de ia vivanta lingvo tute ne dependas de l&#8217; sorto de tiu \u0109i a\u016d tiu persono.<\/p>\n<p>\u6574\u672c\u4e66\u5c06\u6709 5-6 \u4e2a\u5c0f\u518c\u5b50\uff0c\u60a8\u5c06\u5728\u5176\u4e2d\u627e\u5230\u6240\u6709\u5f71\u54cd\u8bed\u8a00\u672c\u8eab\u3001\u5176\u7ed3\u6784\u3001\u5176\u672a\u6765\u3001\u5982\u4f55\u5145\u5206\u5f7b\u5e95\u5730\u5b66\u4e60\u5b83\u3001\u5982\u4f55\u5728\u4e16\u754c\u8303\u56f4\u5185\u5feb\u901f\u6269\u5c55\u5176\u4f7f\u7528\u7684\u95ee\u9898\u7684\u7b54\u6848\uff0c\u201c\u5f53\u7136\u662f\u5c3d\u53ef\u80fd\u7684\u3002\u201d\u7b49\u7b49\u3002\u968f\u7740\u8fd9\u4e9b\u5c0f\u518c\u5b50\u7684\u6700\u540e\u4e00\u671f\u51fa\u7248\uff0c\u90a3\u4e2a\u65f6\u5019\u8bfb\u8005\u5c06\u6ca1\u6709\u4ec0\u4e48\u4e0d\u6e05\u695a\u7684\uff1a\u793e\u4f1a\u5c06\u4e86\u89e3\u8bed\u8a00\u7684\u5168\u90e8\u7075\u9b42\uff0c\u90a3\u4e2a\u65f6\u5019\u5b83\u5c06\u62e5\u6709\u4e00\u672c\u5b8c\u6574\u7684\u5b57\u5178\uff0c\u5e76\u5c06\u80fd\u591f\u81ea\u7531\u5730\u4e3a\u5404\u79cd\u76ee\u7684\u4f7f\u7528\u8be5\u8bed\u8a00\uff0c\u5c31\u50cf\u5b83\u73b0\u5728\u53ef\u4ee5\u4f7f\u7528\u6240\u6709\u4e30\u5bcc\u800c\u7cbe\u81f4\u7684\u751f\u6d3b\u8bed\u8a00\u4e00\u6837\u3002\u90a3\u4e2a\u65f6\u5019\u5c06\u5b8c\u5168\u6d88\u9664\u5bf9\u6211\u672c\u4eba\u6216\u4efb\u4f55\u5176\u4ed6\u7279\u5b9a\u4eba\u5458\u6216\u5de5\u4f5c\u4eba\u5458\u7684\u624d\u80fd\u7684\u4f9d\u8d56\u3002\u90a3\u4e2a\u65f6\u5019\u8fd9\u79cd\u8bed\u8a00\u7684\u6240\u6709\u6700\u5c0f\u90e8\u5206\u90fd\u5c06\u5b8c\u5168\u51c6\u5907\u597d\u3002\u90a3\u4e2a\u65f6\u5019\u4f5c\u8005\u4f1a\u5f7b\u5e95\u79bb\u5f00\uff0c\u88ab\u4eba\u9057\u5fd8\u3002\u4e4b\u540e\u6211\u662f\u5426\u6d3b\u7740\uff0c\u662f\u5426\u4f1a\u6b7b\uff0c\u6211\u662f\u5426\u4f1a\u4fdd\u7559\u6211\u7684\u8eab\u4f53\u548c\u7075\u9b42\u7684\u529b\u91cf\uff0c\u6211\u662f\u5426\u4f1a\u5931\u53bb\u5b83\uff0c\u8fd9\u4e2a\u4e8b\u4e1a\u5b8c\u5168\u4e0d\u53d6\u51b3\u4e8e\u6211\uff0c\u5c31\u50cf\u4efb\u4f55\u6d3b\u751f\u751f\u7684\u8bed\u8a00\u7684\u547d\u8fd0\u90fd\u4e0d\u53d6\u51b3\u4e8e\u8fd9\u4e2a\u4eba\u6216\u90a3\u4e2a\u4eba\u7684\u547d\u8fd0\u3002<\/p>\n<p>Multaj kredeble balancas senkrede la kapon, legante miajn vortojn. Kiel tio estas ebla, ili diras, ke en la tempo de unu jaro la lingvo estus tute kaj plene preta, tiel ke \u011di ne bezonus pli la laboron de l&#8217; a\u016dtoro? Ke tiel grandega afero, kiel la kreo kaj la enkonduko de lingvo tutmonda, en la tempo de unu jaro tiel maturi\u011dus kaj forti\u011dus kaj ricevus tian klaran, ne\u015danceleblan ordon, ke \u011di ne bezonus pli kondukanton! Sed mi esperas, ke jam post la dua a\u016d la tria kajero la leganto vidos, ke mi ne fantazias.La leganto ne pensu, ke en la libro, kiun mi intencas eldoni, li vidos iajn mirinda\u0135ojn. Tiu, kiu kutimis estimi la aferojn ne la\u016d ilia praktika signifo kaj efektiva indo, sed la\u016d la mirindeco kaj nenatureco de ilia nasko, estos kredeble trompita en siaj esperoj, kian, legante mian libron, li renkontos en \u011di sole aferojn simplajn kaj naturajn.<\/p>\n<p>\u8bb8\u591a\u4eba\u5728\u8bfb\u5230\u6211\u7684\u8bdd\u65f6\u53ef\u80fd\u4f1a\u96be\u4ee5\u7f6e\u4fe1\u5730\u6447\u5934\u3002\u4ed6\u4eec\u4f1a\u8bf4\uff0c\u600e\u4e48\u53ef\u80fd\u5728\u4e00\u5e74\u7684\u65f6\u95f4\u91cc\uff0c\u8bed\u8a00\u5b8c\u5168\u51c6\u5907\u597d\uff0c\u4ece\u800c\u4e0d\u518d\u9700\u8981\u4f5c\u8005\u7684\u5de5\u4f5c\uff1f\u521b\u9020\u548c\u5f15\u5165\u5168\u7403\u8bed\u8a00\u8fd9\u6837\u4e00\u4ef6\u4f1f\u5927\u7684\u4e8b\u60c5\u4f1a\u5728\u4e00\u5e74\u7684\u65f6\u95f4\u91cc\u6210\u719f\u548c\u52a0\u5f3a\uff0c\u5e76\u83b7\u5f97\u5982\u6b64\u660e\u786e\u3001\u4e0d\u53ef\u52a8\u6447\u7684\u79e9\u5e8f\uff0c\u4ee5\u81f3\u4e8e\u5b83\u4e0d\u9700\u8981\u66f4\u591a\u7684\u5f15\u5bfc\u8005\uff01\u4f46\u6211\u5e0c\u671b\u5728\u7b2c\u4e8c\u6216\u7b2c\u4e09\u4e2a\u5c0f\u518c\u5b50\u53d1\u8868\u4e4b\u540e\uff0c\u8bfb\u8005\u4f1a\u770b\u5230\u6211\u4e0d\u662f\u5728\u5e7b\u60f3\u3002\u8bfb\u8005\u4e0d\u4f1a\u8ba4\u4e3a\u5728\u6211\u6253\u7b97\u51fa\u7248\u7684\u4e66\u4e2d\u4ed6\u4f1a\u770b\u5230\u4efb\u4f55\u5947\u8ff9\u3002\u4e60\u60ef\u4e8e\u4e0d\u4ee5\u5b9e\u9645\u610f\u4e49\u548c\u5b9e\u9645\u6027\u8d28\u6765\u6b23\u8d4f\u4e8b\u7269\u7684\u4eba\uff0c\u800c\u662f\u4ee5\u4e8b\u7269\u8bde\u751f\u7684\u5947\u5999\u548c\u4e0d\u81ea\u7136\u7684\u6027\u8d28\u6765\u6b23\u8d4f\u4e8b\u7269\u7684\u4eba\uff0c\u5f88\u53ef\u80fd\u4f1a\u88ab\u4ed6\u7684\u5e0c\u671b\u6240\u6b3a\u9a97\uff0c\u9605\u8bfb\u6211\u7684\u4e66\uff0c\u4ed6\u53ea\u4f1a\u5728\u5176\u4e2d\u9047\u5230\u7b80\u5355\u800c\u81ea\u7136\u7684\u4e8b\u7269\u3002<\/p>\n<p>Sed la rezultatoj de tiuj \u0109i simpla\u0135oj estos, kiel la\u016d mia espero la leganto poste vidos kaj konfesos, ke post la fino de l&#8217; jaro<\/p>\n<p><i>a<\/i>) la lingvo estos finita kaj preta tute kaj plene, tiom, ke \u011di tute ne bezonos pli la laboron de l&#8217; a\u016dtoro, kaj, kiel \u0109iu el la vivantaj lingvoj, \u011di fari\u011dos tute sendependa de ia aparta persono.<\/p>\n<p><i>b<\/i>) la lingvo estos pli a\u016d malpli\u00a0<i>senerara,<\/i>\u00a0\u0109ar \u011dis tiu tempo \u011di jam estos trairinta la ju\u011don de l&#8217; tuta mondo, kaj \u0109iuj malbona\u0135oj, kiuj povus esti trovitaj en tiu \u0109i laboro de\u00a0<i>unu persono,<\/i>\u00a0estos forigitaj per la konsiloj de l&#8217; tuta mondo kune.<\/p>\n<p>\u4f46\u8fd9\u4e9b\u7b80\u5316\u7684\u7ed3\u679c\uff0c\u6211\u5e0c\u671b\u8bfb\u8005\u5728\u5e74\u5e95\u4e4b\u540e\u4f1a\u770b\u5230\u5e76\u627f\u8ba4<\/p>\n<p>1) \u8bed\u8a00\u5c06\u5b8c\u6210\u3001\u5b8c\u5168\u5f7b\u5e95\u5730\u51c6\u5907\u597d\uff0c\u4ee5\u81f3\u4e8e\u5b83\u4e0d\u518d\u9700\u8981\u4f5c\u8005\u7684\u5de5\u4f5c\uff0c\u5e76\u4e14\u50cf\u4efb\u4f55\u6d3b\u7684\u8bed\u8a00\u4e00\u6837\uff0c\u5b83\u5c06\u5b8c\u5168\u72ec\u7acb\u4e8e\u4efb\u4f55\u7279\u5b9a\u7684\u4eba\u3002<\/p>\n<p>2) \u8bed\u8a00\u6216\u591a\u6216\u5c11\u4e0d\u4f1a\u51fa\u9519\uff0c\u56e0\u4e3a\u5230\u90a3\u65f6\u5b83\u5df2\u7ecf\u901a\u8fc7\u4e86\u6574\u4e2a\u4e16\u754c\u7684\u5224\u65ad\uff0c\u5728\u4e00\u4e2a\u4eba\u7684\u4f5c\u54c1\u4e2d\u53ef\u80fd\u53d1\u73b0\u7684\u6240\u6709\u5f0a\u7aef\u90fd\u5c06\u5728\u5168\u4e16\u754c\u7684\u5efa\u8bae\u4e0b\u4e00\u8d77\u6d88\u9664\u3002<\/p>\n<p>Legante la unuajn kajerojn de mia libro, multaj kredeble restos ne kontentaj, \u0109ar ili eble tie ne trovos respondojn je l&#8217; demandoj, kiujn\u00a0<i>ili<\/i>\u00a0sendis; kaj \u0109ar lia\u00a0<i>propra<\/i>\u00a0demando en la okuloj de \u0109iu estas la plej grava, multaj kredeble ekkrios: &#8220;Kio li parolas sole pri aferoj tute sensignifaj, kaj pri l&#8217; aferoj efektive gravaj li ne parolas e\u0109 unu vorton!&#8221; La leganto oferu al mi iom da atendemo, \u0109ar \u011dis la fino de l&#8217; jaro\u00a0<i>\u0109iuj<\/i>\u00a0estos kontentigitaj. Se en unu de l&#8217; unuaj kajeroj tiu a\u016d alia demando estos jam \u015dajne finita kaj liberigos la lokon por alia demando, tio tute ne devas pensigi, ke mi jam pli ne parolos pri \u011di. \u0108ar pri multaj demandoj mi donos en la unuaj kajeroj sole mian\u00a0<i>personan<\/i>\u00a0ju\u011don, sed poste mi revenos al ili kaj donos la decidon\u00a0<i>finan,<\/i>\u00a0ricevitan per la ju\u011do de l&#8217;\u00a0<i>publiko. <\/i>Pro la celoj de l&#8217; afero la libro ne estos unu sistema verko\u2014\u011di estos simple mia interparolo kun l&#8217; amikoj de l&#8217; lingvo internacia.<\/p>\n<p>\u9605\u8bfb\u6211\u4e66\u4e2d\u7684\u7b2c\u4e00\u4e2a\u5c0f\u518c\u5b50\uff0c\u8bb8\u591a\u4eba\u53ef\u80fd\u4f1a\u4e0d\u6ee1\u610f\uff0c\u56e0\u4e3a\u4ed6\u4eec\u53ef\u80fd\u65e0\u6cd5\u5728\u5176\u4e2d\u627e\u5230\u6240\u53d1\u95ee\u9898\u7684\u7b54\u6848\uff1b\u800c\u4ed6\u8ba4\u4e3a\u81ea\u5df1\u7684\u95ee\u9898\u5728\u4f17\u4eba\u773c\u91cc\u662f\u6700\u91cd\u8981\u7684\uff0c\u6050\u6015\u5f88\u591a\u4eba\u4f1a\u60ca\u547c\uff1a\u201c\u4ed6\u4e00\u4e2a\u4eba\u8bf4\u7684\u6839\u672c\u5c31\u662f\u5fae\u4e0d\u8db3\u9053\u7684\u4e8b\u60c5\uff0c\u771f\u6b63\u91cd\u8981\u7684\u4e8b\u60c5\u4ed6\u4e00\u4e2a\u5b57\u4e5f\u6ca1\u8bf4\uff01\u201d\u8ba9\u8bfb\u8005\u7ed9\u6211\u4e00\u4e9b\u65f6\u95f4\uff0c\u56e0\u4e3a\u5230\u5e74\u5e95\u6bcf\u4e2a\u4eba\u90fd\u4f1a\u6ee1\u610f\u3002\u5982\u679c\u5728\u7b2c\u4e00\u4e2a\u5c0f\u518c\u5b50\u4e2d\uff0c\u8fd9\u4e2a\u6216\u90a3\u4e2a\u95ee\u9898\u4f3c\u4e4e\u5df2\u7ecf\u7ed3\u675f\u5e76\u4e3a\u53e6\u4e00\u4e2a\u95ee\u9898\u817e\u51fa\u4e86\u7a7a\u95f4\uff0c\u90a3\u4e48\u6ca1\u6709\u7406\u7531\u8ba4\u4e3a\u6211\u4e0d\u4f1a\u518d\u8c08\u8bba\u5b83\u4e86\u3002\u56e0\u4e3a\u5728\u8bb8\u591a\u95ee\u9898\u4e0a\uff0c\u6211\u53ea\u4f1a\u5728\u7b2c\u4e00\u4e2a\u5c0f\u518c\u5b50\u4e2d\u7ed9\u51fa\u6211\u4e2a\u4eba\u7684\u5224\u65ad\uff0c\u4f46\u968f\u540e\u6211\u8fd8\u4f1a\u56de\u5230\u4ee5\u524d\uff0c\u5e76\u7ed9\u51fa\u6700\u7ec8\u7684\u51b3\u5b9a\uff0c\u5e76\u88ab\u516c\u4f17\u63a5\u53d7\u3002\u5c31\u672c\u4e66\u800c\u8a00\uff0c\u8fd9\u672c\u4e66\u4e0d\u4f1a\u662f\u4e00\u90e8\u7cfb\u7edf\u7684\u4f5c\u54c1\u2014\u2014\u5b83\u53ea\u662f\u6211\u4e0e\u56fd\u9645\u8bed\u8a00\u670b\u53cb\u7684\u5bf9\u8bdd\u3002<\/p>\n<p>La kosto de \u0109iu kajero estos 25 kopekoj. Kiu volas, ke mi sendu al li \u0109iun venontan kajeron tuj, kian \u011di estos preta kaj eliros el la presejo, tiu sendu al mi la koston de l&#8217; venonta kajero tuj post la ricevo de l&#8217; anta\u016diranta. Anta\u016de ol fini la anta\u016dparolon, mi permesas al mi ripeti ankora\u016d la peton, kiun mi jam esprimis en mia unua verko: \u0109iu pene ju\u011du la aferon, proponitan de mi, kaj \u0109iu montru al mi la erarojn, kiujn li trovis en \u011di, a\u016d la plibonigojn, kiujn li povas proponi. Se la leganto ne povis ankora\u016d tute bone ekkoni mian aferon el mia unua libreto, tiu \u0109i mia dua libro povigos lin post kelka tempo ekkoni \u011din tute kaj \u0109iuflanke. Ke mia afero venu al dezirinda celo, estas necese ne sole, ke la mondo diru sian ju\u011don pri tiu \u0109i afero, sed ke mi\u00a0<i>sciu<\/i>\u00a0la ju\u011don de l&#8217; mondo kaj povu \u011din uzi por mia laboro.<\/p>\n<p>\u6bcf\u4e2a\u5c0f\u518c\u5b50\u7684\u6210\u672c\u4e3a 25 \u6208\u6bd4\u3002\u8c01\u60f3\u8981\u5c3d\u5feb\u6536\u5230\u4e0b\u4e00\u518c\uff0c\u8bf7\u5728\u6536\u5230\u4e0a\u4e00\u518c\u540e\u7acb\u5373\u5c06\u4e0b\u4e00\u518c\u7684\u8d39\u7528\u5bc4\u7ed9\u6211\u3002\u5728\u7ed3\u675f\u524d\u8a00\u4e4b\u524d\uff0c\u8bf7\u5141\u8bb8\u6211\u91cd\u590d\u6211\u5728\u7b2c\u4e00\u90e8\u4f5c\u54c1\u4e2d\u5df2\u7ecf\u8868\u8fbe\u7684\u8981\u6c42\uff1a\u8ba9\u6bcf\u4e2a\u4eba\u90fd\u6765\u5224\u65ad\u6211\u63d0\u51fa\u7684\u95ee\u9898\uff0c\u8ba9\u6bcf\u4e2a\u4eba\u5411\u6211\u63d0\u51fa\uff0c\u4ed6\u5728\u5176\u4e2d\u53d1\u73b0\u7684\u9519\u8bef\uff0c\u6216\u4ed6\u53ef\u4ee5\u63d0\u4f9b\u7684\u6539\u8fdb\u3002\u5982\u679c\u8bfb\u8005\u8fd8\u4e0d\u80fd\u4ece\u6211\u7684\u7b2c\u4e00\u672c\u5c0f\u518c\u5b50\u4e2d\u5f88\u597d\u5730\u4e86\u89e3\u6211\u7684\u4e3b\u9898\uff0c\u6211\u7684\u7b2c\u4e8c\u672c\u4e66\u4f1a\u8ba9\u4ed6\u5728\u4e00\u6bb5\u65f6\u95f4\u540e\u5b8c\u5168\u5f7b\u5e95\u5730\u4e86\u89e3\u5b83\u3002\u4e3a\u4e86\u4f7f\u6211\u7684\u4e8b\u4e1a\u6709\u4e00\u4e2a\u7406\u60f3\u7684\u7ed3\u5c40\uff0c\u4e0d\u4ec5\u4e16\u754c\u5e94\u8be5\u5bf9\u6b64\u4e8b\u4f5c\u51fa\u5224\u65ad\uff0c\u800c\u4e14\u6211\u5e94\u8be5\u77e5\u9053\u4e16\u754c\u7684\u5224\u65ad\u5e76\u80fd\u591f\u5c06\u5176\u7528\u4e8e\u6211\u7684\u5de5\u4f5c\u3002<\/p>\n<p>Dissendante mian unuan verkon al la redakcioj de l&#8217; gazetoj, mi petis ilin alsendi al mi tiun numeron de l&#8217; gazeto, en kiu estos kritiko de mia afero; sed beda\u016drinde tre malmultaj plenumis mian peton, kaj scii\u011di mem, kie, kian kaj kio estis parolata pri mia afero, estas por mi tute ne ebla. Tial mi petas la\u00a0<i>legantojn<\/i>\u00a0de l&#8217; gazetoj sendi al mi la numerojn, en kiuj ili legis ion pri l&#8217; afero, proponita de mi, kaj jam anta\u016de mi esprimas al ili mian koran dankon. Mi petas \u011din ne por\u00a0<i>mi<\/i>, sed pro l&#8217;\u00a0<i>afero.<\/i><\/p>\n<p>\u5728\u5c06\u6211\u7684\u7b2c\u4e00\u90e8\u4f5c\u54c1\u5206\u53d1\u7ed9\u6742\u5fd7\u7684\u7f16\u8f91\u90e8\u65f6\uff0c\u6211\u8981\u6c42\u4ed6\u4eec\u5bc4\u7ed9\u6211\u90a3\u671f\u5c06\u5bf9\u6211\u7684\u4f5c\u54c1\u8fdb\u884c\u6279\u8bc4\u7684\u62a5\u7eb8\u3002\u4f46\u4e0d\u5e78\u7684\u662f\uff0c\u5f88\u5c11\u6709\u4eba\u5b8c\u6210\u6211\u7684\u8981\u6c42\uff0c\u800c\u4e14\u6211\u6839\u672c\u4e0d\u53ef\u80fd\u81ea\u5df1\u77e5\u9053\u5173\u4e8e\u6211\u7684\u4f5c\u54c1\u5728\u54ea\u91cc\u3001\u4ec0\u4e48\u65f6\u5019\u5728\u8bc4\u8bba\u548c\u8bc4\u8bba\u7684\u5185\u5bb9\u662f\u4ec0\u4e48\u3002\u8fd9\u5c31\u662f\u4e3a\u4ec0\u4e48\u6211\u8981\u6c42\u62a5\u7eb8\u7684\u8bfb\u8005\u628a\u4ed6\u4eec\u8bfb\u5230\u7684\u5173\u4e8e\u6211\u63d0\u51fa\u7684\u65b9\u6848\u7684\u770b\u6cd5\u53d1\u7ed9\u6211\uff0c\u6211\u4e4b\u524d\u5df2\u7ecf\u5411\u4ed6\u4eec\u8868\u793a\u8fc7\u8877\u5fc3\u7684\u611f\u8c22\u3002\u6211\u8bf7\u6c42\u4ed6\u4eec\u8fd9\u6837\u505a\uff0c\u4e0d\u662f\u4e3a\u6211\u81ea\u5df1\uff0c\u800c\u662f\u4e3a\u4e86\u6211\u4eec\u7684\u4e8b\u4e1a\u3002<\/p>\n<p>Fine, anta\u016d la komenco de mia interparolo kun la amikoj de l&#8217; lingvo internacia, mi esprimas ankora\u016d unu fojon mian varmegan dankon al la publiko por la helpemo, kiun \u011di montris al mi; mi esperas, ke la kunsento de l&#8217; publiko ne malvarmi\u011dos, sed konstante kaj sen\u0109ese kreskos, kaj post tre mallonga tempo venos al celo la afero, je kiu laboras \u0109iuj sferoj de l&#8217; homa societo.<\/p>\n<p>\u6700\u540e\uff0c\u5728\u4e0e\u56fd\u9645\u8bed\u8a00\u670b\u53cb\u4eec\u4ea4\u8c08\u4e4b\u524d\uff0c\u6211\u518d\u6b21\u5bf9\u516c\u4f17\u7ed9\u4e88\u6211\u7684\u5e2e\u52a9\u8868\u793a\u70ed\u70c8\u7684\u611f\u8c22\uff1b\u6211\u5e0c\u671b\u516c\u4f17\u7684\u540c\u60c5\u5fc3\u4e0d\u4f1a\u51b7\u5374\uff0c\u800c\u662f\u4f1a\u7a33\u6b65\u3001\u7a33\u5b9a\u5730\u589e\u957f\uff0c\u5e76\u4e14\u5728\u5f88\u77ed\u7684\u65f6\u95f4\u5185\uff0c\u4eba\u7c7b\u793e\u4f1a\u6240\u6709\u9886\u57df\u90fd\u5728\u52aa\u529b\u7684\u4e8b\u4e1a\u76ee\u6807\u5c06\u4f1a\u5b9e\u73b0\u3002<\/p>\n<div align=\"CENTER\">~ ~ ~ ~&lt;&gt;&lt;&gt;&lt;&gt;~ ~ ~ ~<\/div>\n<div align=\"CENTER\"><\/div>\n<div style=\"text-align: left;\" align=\"CENTER\">reveni al <a href=\"https:\/\/reto.cn\/php\/hanyu\/gramatiko_de_esperanto\/dua-libro-de-l-lingvo-internacia\/\">Dua Libro de l\u2019 Lingvo Internacia<\/a><\/div>\n<div style=\"text-align: left;\" align=\"CENTER\">\u8fd4\u56de <a href=\"https:\/\/reto.cn\/php\/hanyu\/gramatiko_de_esperanto\/dua-libro-de-l-lingvo-internacia\/\">\u4e16\u754c\u8bed\u7b2c\u4e8c\u4e66<\/a><\/div>\n","protected":false},"excerpt":{"rendered":"<p>ANTA\u016cPAROLO. \u524d\u8a00 ~ ~ ~ ~&lt;&gt;&lt;&gt;&lt;&gt;~ ~ ~ ~ \u2026 <span class=\"read-more\"><a href=\"https:\/\/reto.cn\/php\/hanyu\/gramatiko_de_esperanto\/dua-libro-de-l-lingvo-internacia\/antauparolo\/\">\u7ee7\u7eed\u9605\u8bfb Legi pli &raquo;<\/a><\/span><\/p>\n","protected":false},"author":1,"featured_media":0,"parent":10275,"menu_order":0,"comment_status":"closed","ping_status":"closed","template":"","meta":{"footnotes":""},"_links":{"self":[{"href":"https:\/\/reto.cn\/php\/hanyu\/wp-json\/wp\/v2\/pages\/10282"}],"collection":[{"href":"https:\/\/reto.cn\/php\/hanyu\/wp-json\/wp\/v2\/pages"}],"about":[{"href":"https:\/\/reto.cn\/php\/hanyu\/wp-json\/wp\/v2\/types\/page"}],"author":[{"embeddable":true,"href":"https:\/\/reto.cn\/php\/hanyu\/wp-json\/wp\/v2\/users\/1"}],"replies":[{"embeddable":true,"href":"https:\/\/reto.cn\/php\/hanyu\/wp-json\/wp\/v2\/comments?post=10282"}],"version-history":[{"count":0,"href":"https:\/\/reto.cn\/php\/hanyu\/wp-json\/wp\/v2\/pages\/10282\/revisions"}],"up":[{"embeddable":true,"href":"https:\/\/reto.cn\/php\/hanyu\/wp-json\/wp\/v2\/pages\/10275"}],"wp:attachment":[{"href":"https:\/\/reto.cn\/php\/hanyu\/wp-json\/wp\/v2\/media?parent=10282"}],"curies":[{"name":"wp","href":"https:\/\/api.w.org\/{rel}","templated":true}]}}