{"id":10297,"date":"2022-02-14T19:59:37","date_gmt":"2022-02-14T11:59:37","guid":{"rendered":"https:\/\/reto.cn\/php\/hanyu\/?page_id=10297"},"modified":"2022-03-03T15:25:09","modified_gmt":"2022-03-03T07:25:09","slug":"ii","status":"publish","type":"page","link":"https:\/\/reto.cn\/php\/hanyu\/gramatiko_de_esperanto\/dua-libro-de-l-lingvo-internacia\/ii\/","title":{"rendered":"Dua Libro de l\u2019 Lingvo Internacia \u4e16\u754c\u8bed\u7b2c\u4e8c\u4e66 \u4e00"},"content":{"rendered":"<h1 align=\"CENTER\">II.<\/h1>\n<p>La nombro 10,000,000, pri kiu estas parolita en mia unua verko, \u015dajnas al multaj absolute ne ricevebla. La plej granda parto de l&#8217; mondo efektive kredeble estos tiel senmova, ke \u011di de si mem ne donos vo\u0109on, malgra\u016d ke la afero estas tiel grava kaj la laboro de l&#8217; vo\u0109dono tiel malgrandega. Sed se l&#8217; amikoj de l&#8217; lingvo internacia, anstata\u016d timegi la nombron, laboros por la afero kaj kolektos tiom vo\u0109ojn, kiom ili povos, tian (tiam) la necesa nombro da vo\u0109oj povas esti ricevita en la plej mallonga tempo.<\/p>\n<p style=\"text-align: center;\">\u4e8c<\/p>\n<p>\u5728\u6211\u7684\u7b2c\u4e00\u4e66\u4e2d\u63d0\u5230\u7684 10,000,000 \u8fd9\u4e2a\u6570\u5b57\u5728\u5f88\u591a\u4eba\u770b\u6765\u662f\u7edd\u5bf9\u8fbe\u4e0d\u5230\u7684\u3002\u800c\u6295\u7968\u7684\u5de5\u4f5c\u5982\u6b64\u4e4b\u5c0f\uff0c\u5373\u4f7f\u8fd9\u4ef6\u4e8b\u5982\u6b64\u91cd\u8981\uff0c\u4f3c\u4e4e\u4e16\u754c\u4e0a\u7684\u7edd\u5927\u591a\u6570\u4eba\u53ef\u80fd\u4f1a\u65e0\u52a8\u4e8e\u8877\uff0c\u4ee5\u81f3\u4e8e\u4ed6\u4eec\u81ea\u5df1\u4e0d\u4f1a\u6295\u7968\u3002\u4f46\u5982\u679c\u56fd\u9645\u8bed\u8a00\u7684\u670b\u53cb\u4eec\uff0c\u4e0d\u60e7\u4eba\u6570\uff0c\u4e3a\u4e8b\u4e1a\u800c\u52aa\u529b\uff0c\u5c3d\u53ef\u80fd\u591a\u5730\u6536\u96c6\u9009\u7968\uff0c\u90a3\u65f6\u5019\u5c31\u53ef\u4ee5\u5728\u6700\u77ed\u7684\u65f6\u95f4\u5185\u83b7\u5f97\u5fc5\u8981\u7684\u9009\u7968\u3002<\/p>\n<p>Kian (Kiam) mi proponis la vo\u0109donon, mi profunde kredis, ke pli frue a\u016d pli malfrue 10,000,000 vo\u0109oj estos kolektitaj. La rezultatoj, kiuj sin montris \u011dis hodia\u016d, ankora\u016d plifortigas mian kredon. Sed ni prenu, ke mi fantazias, ke mi eraras, ke mi tro multe esperas,\u2014ke sur la tuta tero ne estos kolektita e\u0109 unu miliono da vo\u0109oj &#8230; kion l&#8217; afero tian (tiam) perdos? Kelkaj konsilas al mi, ke mi for\u0135etu la vo\u0109donon a\u016d ke mi malgrandigu la nombron da postulataj vo\u0109oj \u011dis unu miliono; &#8220;\u0109ar&#8221;, ili diras, &#8220;danke la fantazian punkton de l&#8217; vo\u0109dono, afero per si mem tiel utila, povas fari fiaskon.&#8221; Sed kie, sinjoroj, vi prenis, ke la veno al celo de l&#8217; afero dependas de l&#8217; rezultatoj de la vo\u0109dono? Tiuj, kiuj trovas, ke mia lingvo estas inda je lerno, sendas al mi promesojn senkondi\u0109ajn kaj lernas la lingvon sen ia atendo.<\/p>\n<p>\u5f53\u6211\u5efa\u8bae\u63d0\u51fa\u6295\u7968\u65f6\uff0c\u6211\u6df1\u4fe1\u8fdf\u65e9\u4f1a\u6536\u96c6\u523010,000,000\u5f20\u9009\u7968\u3002\u8fc4\u4eca\u4e3a\u6b62\u6240\u663e\u793a\u7684\u7ed3\u679c\u8fdb\u4e00\u6b65\u52a0\u5f3a\u4e86\u6211\u7684\u4fe1\u5ff5\u3002\u4f46\u662f\u8ba9\u6211\u4eec\u5047\u8bbe\u6211\u5728\u5e7b\u60f3\uff0c\u6211\u9519\u4e86\uff0c\u6211\u5e0c\u671b\u592a\u591a\u2014\u2014\u5168\u4e16\u754c\u4e0d\u4f1a\u6536\u96c6\u5230\u4e00\u767e\u4e07\u5f20\u9009\u7968\u2026\u2026\u8fd9\u6837\u7684\u4e8b\u60c5\u53c8\u4f1a\u5931\u53bb\u4ec0\u4e48\u5462\uff1f\u6709\u4eba\u5efa\u8bae\u6211\u653e\u5f03\u6295\u7968\u6216\u5c06\u6240\u9700\u6295\u7968\u6570\u51cf\u5c11\u5230\u4e00\u767e\u4e07\uff1b \u201c\u56e0\u4e3a\uff0c\u201d\u4ed6\u4eec\u8bf4\uff0c\u201c\u591a\u4e8f\u4e86\u6295\u7968\u7684\u7cbe\u5f69\u4e4b\u5904\uff0c\u672c\u8eab\u975e\u5e38\u6709\u7528\u7684\u4e1c\u897f\u53ef\u80fd\u4f1a\u6709\u7f3a\u9677\u3002\u201d\u4f46\u662f\uff0c\u5148\u751f\u4eec\uff0c\u4f60\u4eec\u4ece\u54ea\u91cc\u5f97\u77e5\u6b64\u4e8b\u7684\u6210\u8d25\u53d6\u51b3\u4e8e\u6295\u7968\u7684\u7ed3\u679c\uff1f\u90a3\u4e9b\u8ba4\u4e3a\u6211\u7684\u8bed\u8a00\u503c\u5f97\u5b66\u4e60\u7684\u4eba\u7ed9\u6211\u65e0\u6761\u4ef6\u7684\u627f\u8bfa\uff0c\u5e76\u6ca1\u6709\u4efb\u4f55\u9644\u671f\u5f85\u5730\u5b66\u4e60\u8bed\u8a00\u3002<\/p>\n<p>Sendepende de l&#8217; iro de la vo\u0109dono en tiu \u0109i lingvo estos eldonataj libroj kaj gazetoj, kaj la afero sin movos anta\u016den. La vo\u0109donon mi proponis sole por tio, ke al la afero povu esti altiritaj per\u00a0unu fojo tutaj\u00a0 amasoj\u00a0da homoj, \u0109ar mi scias, ke preni ian laboron, e\u0109 la plej malgrandan, ne \u0109iu konsentos, sed helpi aferon tre utilan, kie estas postulata nek laboro, nek mono,\u2014ne multaj malkonsentoj tiom pli, se trovi\u011dos memorigantoj. Mi ripetas: profunde mi kredas, ke pli frue a\u016d pli malfrue 10,000,000 vo\u0109oj estos kolektitaj, kaj tiel je unu bela tago ni scii\u011dos, ke la lingvo internacia fari\u011dis tutmonda; sed se e\u0109 la nombro de l&#8217; vo\u0109oj nenian(neniam) venus al dek milionoj,\u2014la afero pro tio \u0109i tute ne estos perdita.<\/p>\n<p>\u4e0d\u7ba1\u8fd9\u79cd\u8bed\u8a00\u7684\u6295\u7968\u8fc7\u7a0b\u5982\u4f55\uff0c\u4e66\u7c4d\u548c\u62a5\u7eb8\u90fd\u4f1a\u51fa\u7248\uff0c\uff08\u56fd\u9645\u8bed\uff09\u4e8b\u4e1a\u4f1a\u5411\u524d\u53d1\u5c55\u3002\u6211\u63d0\u51fa\u6295\u7968\u7684\u76ee\u7684\u53ea\u662f\u4e3a\u4e86\u8ba9\u6240\u6709\u4eba\u90fd\u80fd\u7acb\u5373\u88ab\u8fd9\u9879\u4e8b\u4e1a\u6240\u5438\u5f15\uff0c\u56e0\u4e3a\u6211\u77e5\u9053\u4e0d\u662f\u6bcf\u4e2a\u4eba\u90fd\u4f1a\u540c\u610f\u63a5\u53d7\u4efb\u4f55\u4e8b\uff0c\u5373\u4f7f\u662f\u6700\u5c0f\u7684\u4e8b\u3002\u65e2\u4e0d\u9700\u8981\u505a\u4ec0\u4e48\uff0c\u4e5f\u4e0d\u9700\u8981\u91d1\u94b1\u4ed8\u51fa\uff0c\u5374\u5728\u5e2e\u52a9\u4e00\u4ef6\u975e\u5e38\u6709\u7528\u7684\u4e8b\u60c5\u3002\u8fd9\u6ca1\u6709\u591a\u5c11\u4eba\u4f1a\u4e0d\u540c\u610f\uff0c\u5982\u679c\u6709\u63d0\u9192\u7684\u8bdd\u66f4\u662f\u5982\u6b64\u3002\u518d\u8bf4\u4e00\u904d\uff1a\u6211\u6df1\u4fe1\u8fdf\u65e9\u4f1a\u6536\u96c6\u52301000\u4e07\u5f20\u9009\u7968\uff0c\u6240\u4ee5\u6709\u4e00\u5929\u6211\u4eec\u4f1a\u77e5\u9053\u56fd\u9645\u8bed\u5df2\u7ecf\u6210\u4e3a\u5168\u7403\u6027\u7684\uff1b\u4f46\u5c31\u7b97\u7968\u6570\u6ca1\u6709\u8fbe\u5230\u4e00\u5343\u4e07\uff0c\u8fd9\u4ef6\u4e8b\u4e5f\u4e0d\u4f1a\u8f93\u3002<\/p>\n<p>Kelkaj provis montri al mi, ke mia projekto de l&#8217; vo\u0109dono estas\u00a0 matematike\u00a0ne ebla; tiel ekzemple unu faris jenan kalkulon: &#8220;se ni prenos, ke la enskribado de \u0109iu promesanto okupos ne pli multe ol unu minuton, kaj vi, for\u0135etinte \u0109ian alian laboron, vin okupos sole je tiu \u0109i afero, laborante sen ripozo 15 horojn \u0109iutage,\u2014 tian \uff08tiam) la pretigo de la libro de l&#8217; vo\u0109oj okupos 30 jarojn, kaj por eldoni \u011din vi bezonos la ri\u0109econ de Krezo!&#8221; La kalkulo \u015dajne estas tute prava kaj povas timigi \u0109iun,\u2014 tamen se la skribinto de tiu \u0109i kalkulo bone pensus pri \u011di, li tre facile ekvidus, ke tie \u0109i estas sofismo, kaj se nur efektive estos alsenditaj dek milionoj promesoj, la libron de l&#8217; vo\u0109dono oni povos pretigi kaj eldoni en kelkaj monatoj kaj sen iaj ri\u0109ecoj de Krezo. \u0108ar kiu diras, ke la tuta libro devas esti propramane skribita de unu persono? Ke \u0109e \u0109iu pli granda afero estas uzata\u00a0divido de laboro,\u00a0la skribinto tute forgesis! Tiaj &#8220;timigaj&#8221; libroj estas eldonataj \u0109iutage en granda nombro, kaj tio ne sole ne estas neebla, sed neniu e\u0109 en tio vidas ion grandegan,\u00a0 mirindan.\u00a0 Se vi kolektos la numerojn de ia \u0109iutaga gazeto por unu jaro, vi ricevos libron, kiu la\u016d grandeco kaj kosto egalas la elirontan libron de l&#8217; vo\u0109oj, kaj la\u016d la malfacileco de l&#8217; pretigo multe superas mian libron, de kiu la pretigo estas laboro pure me\u0125anika. Tiel \u0109iujare en la mondo estas eldonataj miloj kaj dekmiloj da tiaj &#8220;neeblaj&#8221; libroj, kaj tamen neniu el la redaktoroj estas mirinda\u0135isto. Sinjoroj la kalkulantoj forgesis tiun simplan le\u011don, kiun ili povas vidi sur \u0109iu pa\u015do, ke tio, kio \u0109e\u00a0unu\u00a0homo postulas 30 jarojn, \u0109e cent homoj okupos sole 4 monatojn, kaj tio, kio estas neebla por unu persono, estas ludilo por grupo da personoj.<\/p>\n<p>\u6709\u4e9b\u4eba\u8bd5\u56fe\u544a\u8bc9\u6211\uff0c\u6211\u7684\u6295\u7968\u8ba1\u5212\u5728\u6570\u5b66\u4e0a\u662f\u4e0d\u53ef\u884c\u7684\uff1b\u4f8b\u5982\uff0c\u6709\u4eba\u505a\u4e86\u4ee5\u4e0b\u8ba1\u7b97\uff1a\u201c\u5982\u679c\u6bcf\u4e2a\u4eba\u7684\u627f\u8bfa\u6ce8\u518c\u65f6\u95f4\u4e0d\u8d85\u8fc7\u4e00\u5206\u949f\uff0c\u4f60\u6bcf\u5929\u5de5\u4f5c15\u4e2a\u5c0f\u65f6\uff0c\u653e\u5f03\u8282\u5047\u65e5\u4f11\u606f\uff0c\u4e5f\u9700\u898130\u5e74\u7684\u65f6\u95f4\u6765\u51c6\u5907\u6295\u7968\uff0c\u8fd8\u8981\u6709\u514b\u96f7\u4f50\u90a3\u6837\u7684\u8d22\u5bcc\u624d\u80fd\u51fa\u7248\u5b83\uff01\u201d\u8fd9\u4e2a\u8ba1\u7b97\u4f3c\u4e4e\u5f88\u6b63\u786e\uff0c\u53ef\u80fd\u4f1a\u5413\u5012\u4efb\u4f55\u4eba\u2014\u2014\u4f46\u5982\u679c\u8fd9\u4e2a\u8ba1\u7b97\u8005\u7a0d\u52a0\u8003\u8651\uff0c\u4ed6\u5f88\u5bb9\u6613\u770b\u51fa\u8fd9\u91cc\u6709\u8be1\u8fa9\uff0c\u5982\u679c\u771f\u7684\u53d1\u51fa\u4e00\u5343\u4e07\u4e2a\u627f\u8bfa\u4e66\uff0c\u90a3\u672c\u4e66\u7684\u6295\u7968\u53ef\u4ee5\u5728\u51e0\u4e2a\u6708\u5185\u51c6\u5907\u548c\u53d1\u5e03\uff0c\u800c\u65e0\u9700 \uff08Krezo \uff09\u514b\u96f7\u65af\u7684\u4efb\u4f55\u8d22\u5bcc\u3002\u56e0\u4e3a\u8c01\u8bf4\u6574\u672c\u4e66\u5fc5\u987b\u7531\u4e00\u4e2a\u4eba\u624b\u5199\uff1f\u5728\u5927\u7684\u4e8b\u60c5\u4e0a\u90fd\u4f7f\u7528\u5206\u5de5\uff0c\u8ba1\u7b97\u8005\u5b8c\u5168\u5fd8\u8bb0\u4e86\uff01\u8fd9\u6837\u201c\u5413\u4eba\u201d\u7684\u4e66\u6bcf\u5929\u90fd\u5728\u5927\u91cf\u51fa\u7248\uff0c\u8fd9\u4e0d\u4ec5\u4e0d\u662f\u4e0d\u53ef\u80fd\u7684\uff0c\u751a\u81f3\u6ca1\u6709\u4eba\u5728\u5176\u4e2d\u770b\u5230\u4efb\u4f55\u5de8\u5927\u7684\u3001\u7f8e\u5999\u7684\u4e1c\u897f\u3002\u5982\u679c\u4f60\u8981\u6536\u96c6\u4e00\u4efd\u65e5\u62a5\u4e00\u5e74\u7684\u6240\u6709\u62a5\u7eb8\uff0c\u5e76\u88c5\u8ba2\u6210\u518c\uff0c\u5b83\u7684\u5927\u5c0f\u548c\u6210\u672c\u4e0e\u6211\u5c06\u8981\u51fa\u7248\u7684\u4e66\u76f8\u7b49\uff0c\u5e76\u4e14\u5728\u51c6\u5907\u5de5\u4f5c\u65b9\u9762\u8fdc\u8fdc\u8d85\u8fc7\u6211\u7684\u4e66\uff0c\u5176\u51c6\u5907\u5de5\u4f5c\u662f\u7eaf\u673a\u68b0\u6027\u7684\u3002\u56e0\u6b64\uff0c\u5168\u4e16\u754c\u6bcf\u5e74\u51fa\u7248\u4e86\u6210\u5343\u4e0a\u4e07\u672c\u8fd9\u6837\u201c\u4e0d\u53ef\u80fd\u201d\u7684\u4e66\u7c4d\uff0c\u4f46\u6ca1\u6709\u4e00\u4e2a\u7f16\u8f91\u662f\u5947\u8ff9\u3002\u5148\u751f\u4eec\uff0c\u8ba1\u7b97\u7684\u4eba\u5fd8\u8bb0\u4e86\u4e00\u4e2a\u7b80\u5355\u89c4\u5f8b\uff0c\u4e00\u4e2a\u4eba\u9700\u898130\u5e74\uff0c\u4e00\u767e\u4eba\u53ea\u9700\u89814\u4e2a\u6708\uff0c\u4e00\u4e2a\u4eba\u505a\u4e0d\u5230\u7684\u4e8b\u5bf9\u4e8e\u4e00\u7fa4\u4eba\u6765\u8bf4\u53ea\u662f\u201c\u5c0f\u83dc\u4e00\u789f\u201d\u3002<\/p>\n<p>Al \u0109iuj amikoj de l&#8217; lingvo internacia mi ripetas ankora\u016d mian peton: ne forgesu la promesojn kaj kolektu ilin kie kaj kiom vi povas. Multaj pensas, ke ili ne devas sendi promeson, \u0109ar &#8220;la a\u016dtoro e\u0109 scias, ke ili ellernos a\u016d jam ellernis la lingvon&#8221;! Sed la promeso estas necesa ne por mi, sed por la statistiko. Se iu e\u0109 skribis al mi kelkajn leterojn en la lingvo internacia, mi ne povas lin nomi internaciisto, \u011dis li ne sendis al mi sian promeson. Ne diru, ke de unu a\u016d kelkaj promesoj la grandega nombro ne pleni\u011dos: \u0109iu maro estas kreita de apartaj gutoj, kaj la plej granda nombro devas kaj povas esti ricevita el apartaj unuoj. Memoru, ke se e\u0109 la esperata nombro estas ne ricevota, vi nenion perdas, sendante la promeson.<\/p>\n<p>\u5bf9\u6240\u6709\u56fd\u9645\u8bed\u7684\u670b\u53cb\uff0c\u6211\u91cd\u590d\u6211\u7684\u8981\u6c42\uff1a\u4e0d\u8981\u5fd8\u8bb0\u627f\u8bfa\uff0c\u5e76\u5728\u60a8\u53ef\u4ee5\u6536\u96c6\u7684\u5730\u65b9\u548c\u5c3d\u91cf\u591a\u5730\u6536\u96c6\u8fd9\u4e9b\u627f\u8bfa\u3002\u8bb8\u591a\u4eba\u8ba4\u4e3a\u4ed6\u4eec\u4e0d\u5e94\u8be5\u505a\u51fa\u627f\u8bfa\uff0c\u56e0\u4e3a\u201c\u4f5c\u8005\u751a\u81f3\u77e5\u9053\u4ed6\u4eec\u5c06\u5b66\u4f1a\u6216\u5df2\u7ecf\u5b66\u4f1a\u8fd9\u4e2a\u8bed\u8a00\u201d\uff01\u4f46\u8fd9\u4e2a\u627f\u8bfa\u5bf9\u6211\u6765\u8bf4\u4e0d\u662f\u5fc5\u8981\u7684\uff0c\u800c\u662f\u5bf9\u7edf\u8ba1\u6570\u636e\u6765\u8bf4\u662f\u5fc5\u8981\u7684\u3002\u5982\u679c\u6709\u4eba\u7528\u56fd\u9645\u8bed\u7ed9\u6211\u5199\u4e86\u51e0\u5c01\u4fe1\uff0c\u6211\u4e0d\u80fd\u79f0\u4ed6\u4e3a\u56fd\u9645\u8bed\u8005\uff0c\u9664\u975e\u4ed6\u7ed9\u6211\u627f\u8bfa\u3002\u4e0d\u8981\u8bf4\u4e00\u4e2a\u6216\u51e0\u4e2a\u627f\u8bfa\u4e0d\u4f1a\u5b9e\u73b0\u5de8\u5927\u7684\u6570\u5b57\uff1a\u6bcf\u4e2a\u6d77\u6d0b\u90fd\u662f\u7531\u5355\u72ec\u7684\u6c34\u6ef4\u521b\u9020\u7684\uff0c\u6700\u5927\u7684\u6570\u5b57\u5fc5\u987b\u5e76\u4e14\u53ef\u4ee5\u4ece\u4e0d\u540c\u7684\u58f9\u83b7\u5f97\u3002\u8bf7\u8bb0\u4f4f\uff0c\u5373\u4f7f\u672a\u6536\u5230\u9884\u671f\u7684\u6570\u91cf\uff0c\u60a8\u53d1\u9001\u627f\u8bfa\u4e5f\u4e0d\u4f1a\u635f\u5931\u4efb\u4f55\u4e1c\u897f\u3002<\/p>\n<p>&nbsp;<\/p>\n<div style=\"text-align: left;\" align=\"CENTER\">reveni al\u00a0<a href=\"https:\/\/reto.cn\/php\/hanyu\/gramatiko_de_esperanto\/dua-libro-de-l-lingvo-internacia\/\">Dua Libro de l\u2019 Lingvo Internacia<\/a><\/div>\n<div style=\"text-align: left;\" align=\"CENTER\">\u8fd4\u56de\u00a0<a href=\"https:\/\/reto.cn\/php\/hanyu\/gramatiko_de_esperanto\/dua-libro-de-l-lingvo-internacia\/\">\u4e16\u754c\u8bed\u7b2c\u4e8c\u4e66<\/a><\/div>\n","protected":false},"excerpt":{"rendered":"<p>II. La nombro 10,000,000, pri kiu estas parolita en mia\u2026 <span class=\"read-more\"><a href=\"https:\/\/reto.cn\/php\/hanyu\/gramatiko_de_esperanto\/dua-libro-de-l-lingvo-internacia\/ii\/\">\u7ee7\u7eed\u9605\u8bfb Legi pli &raquo;<\/a><\/span><\/p>\n","protected":false},"author":1,"featured_media":0,"parent":10275,"menu_order":0,"comment_status":"closed","ping_status":"closed","template":"","meta":{"footnotes":""},"_links":{"self":[{"href":"https:\/\/reto.cn\/php\/hanyu\/wp-json\/wp\/v2\/pages\/10297"}],"collection":[{"href":"https:\/\/reto.cn\/php\/hanyu\/wp-json\/wp\/v2\/pages"}],"about":[{"href":"https:\/\/reto.cn\/php\/hanyu\/wp-json\/wp\/v2\/types\/page"}],"author":[{"embeddable":true,"href":"https:\/\/reto.cn\/php\/hanyu\/wp-json\/wp\/v2\/users\/1"}],"replies":[{"embeddable":true,"href":"https:\/\/reto.cn\/php\/hanyu\/wp-json\/wp\/v2\/comments?post=10297"}],"version-history":[{"count":0,"href":"https:\/\/reto.cn\/php\/hanyu\/wp-json\/wp\/v2\/pages\/10297\/revisions"}],"up":[{"embeddable":true,"href":"https:\/\/reto.cn\/php\/hanyu\/wp-json\/wp\/v2\/pages\/10275"}],"wp:attachment":[{"href":"https:\/\/reto.cn\/php\/hanyu\/wp-json\/wp\/v2\/media?parent=10297"}],"curies":[{"name":"wp","href":"https:\/\/api.w.org\/{rel}","templated":true}]}}