{"id":10498,"date":"2022-02-27T11:25:50","date_gmt":"2022-02-27T03:25:50","guid":{"rendered":"https:\/\/reto.cn\/php\/hanyu\/?page_id=10498"},"modified":"2022-02-27T13:25:18","modified_gmt":"2022-02-27T05:25:18","slug":"antauparolo","status":"publish","type":"page","link":"https:\/\/reto.cn\/php\/hanyu\/gramatiko_de_esperanto\/lingvaj-respondoj\/antauparolo\/","title":{"rendered":"Lingvaj respondoj &#8211; Anta\u016dparolo"},"content":{"rendered":"<h3 style=\"text-align: center;\"><strong><b>Anta\u016dparolo <\/b><\/strong><\/h3>\n<p style=\"text-align: center;\"><strong><b>AL LA LINGVAJ RESPONDOJ APERINTAJ EN \u00abLA REVUO\u00bb (1910)<\/b><\/strong><\/p>\n<p>Komencante de Decembro 1906, mi, per La Revuo, de tempo al tempo donadis al diversaj demandantoj respondojn pri diversaj lingvaj demandoj. Tiuj Respondoj havis karakteron pure privatan, tiel same kiel la respondoj, kiujn en diversaj gazetoj donas aliaj kompetentaj Esperantistoj. Sed kiam mi vidis, ke multaj personoj vidas en miaj Respondoj kvaza\u016d ian \u00aboficialan decidon\u00bb pri tiu a\u016d alia demando, kaj miaj Respondoj sekve povus malhelpi la tute liberan evoluadon de nia lingvo a\u016d malhelpe entrudi\u011di en la kampon, kiu devas aparteni plene al nia Akademio, mi \u0109esis publikigi la Respondojn. Tamen \u0109ar certa nombro de miaj Respondoj jam estas publikigita kaj \u0109ar oni eble povus trovi en ili ian utilan konsilon, tial mi opinias, ke ne malutilos, se ili estos reeldonitaj kune en formo de aparta bro\u015duro.<\/p>\n<p>Sed mi denove atentigas la legantojn, ke miaj Respondoj devas esti rigardataj kiel opinioj kaj konsiloj absolute privataj; fari oficialan decidon pri tiu a\u016d alia duba lingva demando havas la rajton nur nia Akademio, post vo\u0109dona interkonsili\u011do kun la tuta Lingva Komitato.<\/p>\n<p>Oni tamen ne malkomprenu min. Mi tute ne apartenas al tiuj personoj, kiuj dezirus, ke la Akademio donadu al ni kiom eble pli da decidoj. En lingvaj demandoj \u0109iu superflua \u00abdecido\u00bb katenas, kaj ni devas esti kun \u011di tre singardaj; \u00abdecidojn\u00bb oni devas fari nur en okazoj de efektiva kaj senduba neceseco!<\/p>\n<p style=\"text-align: right;\"><em>L. L. Zamenhof<\/em><\/p>\n<p>reveni al\u00a0<a href=\"https:\/\/reto.cn\/php\/hanyu\/gramatiko_de_esperanto\/lingvaj-respondoj\/\">Lingvaj respondoj<\/a><\/p>\n<p>\u8fd4\u56de\u00a0<a href=\"https:\/\/reto.cn\/php\/hanyu\/gramatiko_de_esperanto\/lingvaj-respondoj\/\">Lingvaj respondoj<\/a><\/p>\n","protected":false},"excerpt":{"rendered":"<p>Anta\u016dparolo AL LA LINGVAJ RESPONDOJ APERINTAJ EN \u00abLA RE\u2026 <span class=\"read-more\"><a href=\"https:\/\/reto.cn\/php\/hanyu\/gramatiko_de_esperanto\/lingvaj-respondoj\/antauparolo\/\">\u7ee7\u7eed\u9605\u8bfb Legi pli &raquo;<\/a><\/span><\/p>\n","protected":false},"author":1,"featured_media":0,"parent":10490,"menu_order":0,"comment_status":"open","ping_status":"closed","template":"","meta":{"footnotes":""},"_links":{"self":[{"href":"https:\/\/reto.cn\/php\/hanyu\/wp-json\/wp\/v2\/pages\/10498"}],"collection":[{"href":"https:\/\/reto.cn\/php\/hanyu\/wp-json\/wp\/v2\/pages"}],"about":[{"href":"https:\/\/reto.cn\/php\/hanyu\/wp-json\/wp\/v2\/types\/page"}],"author":[{"embeddable":true,"href":"https:\/\/reto.cn\/php\/hanyu\/wp-json\/wp\/v2\/users\/1"}],"replies":[{"embeddable":true,"href":"https:\/\/reto.cn\/php\/hanyu\/wp-json\/wp\/v2\/comments?post=10498"}],"version-history":[{"count":0,"href":"https:\/\/reto.cn\/php\/hanyu\/wp-json\/wp\/v2\/pages\/10498\/revisions"}],"up":[{"embeddable":true,"href":"https:\/\/reto.cn\/php\/hanyu\/wp-json\/wp\/v2\/pages\/10490"}],"wp:attachment":[{"href":"https:\/\/reto.cn\/php\/hanyu\/wp-json\/wp\/v2\/media?parent=10498"}],"curies":[{"name":"wp","href":"https:\/\/api.w.org\/{rel}","templated":true}]}}