{"id":10518,"date":"2022-02-27T12:06:48","date_gmt":"2022-02-27T04:06:48","guid":{"rendered":"https:\/\/reto.cn\/php\/hanyu\/?page_id=10518"},"modified":"2022-02-27T13:23:01","modified_gmt":"2022-02-27T05:23:01","slug":"interpunkcio","status":"publish","type":"page","link":"https:\/\/reto.cn\/php\/hanyu\/gramatiko_de_esperanto\/lingvaj-respondoj\/interpunkcio\/","title":{"rendered":"Lingvaj respondoj \u2013 Interpunkcio"},"content":{"rendered":"<h3 style=\"text-align: center;\"><strong><b>Interpunkcio<\/b><\/strong><\/h3>\n<p style=\"text-align: center;\"><strong><b>Pri la reguloj pri uzado de la interpunkcioj<\/b><\/strong><\/p>\n<p>La reguloj pri la uzado de la interpunkcioj estas en nia lingvo pli-malpli tiaj samaj, kiel en \u0109iuj aliaj lingvoj; sekve \u0109iu povas uzadi en Esperanto la interpunkciojn tiel, kiel li uzas ilin en sia nacia lingvo. Estas vere, ke en diversaj detaloj la uzado de la interpunkcioj estas malegala en diversaj lingvoj; sed \u0109ar la objekto ne estas tre grava, tial ni pensas, ke ne venis ankora\u016d la tempo por difini en nia lingvo severajn regulojn por tiuj \u0109i detaloj. En tiuj \u0109i dubaj detaloj \u0109iu povas uzi en Esperanto la interpunkciojn tiel, kiel li uzas ilin en sia nacia lingvo, kaj nur la uzo iom post iom ellaboros por tiuj \u0109i negravaj detaloj difinitajn regulojn.<\/p>\n<p style=\"text-align: right;\"><em><i>Esperantisto, 1893, p. 127<\/i><\/em><\/p>\n<p style=\"text-align: center;\"><strong><b>Pri divido de vortoj<\/b><\/strong><\/p>\n<p>Transportante la vortojn el unu linio en la sekvantan, ni ordinare dividas ilin per iliaj partoj gramatikaj, \u0109ar \u0109iu parto gramatika en nia lingvo prezentas apartan vorton. Tiel ni ekzemple dividas: <em><i>\u00abEsper-anto\u00bb<\/i><\/em>, <em><i>\u00abricev-ita\u00bb<\/i><\/em>\u00a0k.t.p. Sed tio \u0109i tute ne estas deviga regulo; ni faras \u011din nur por ne rompi subite kun la kutimoj de aliaj lingvoj: efektive tiu \u0109i maniero havas nenian celon kaj signifon, \u0109ar la transportado de la vortoj estas afero pure papera, havanta nenion komunan kun la le\u011doj de la lingvo; ni konsilas al vi per nenio vin \u011deni en la dividado de la vortoj kaj fari \u011din tute tiel, kiel en la donita okazo estos al vi pli oportune. E\u0109 se vi dividos ekzemple <em><i>\u00abapartenis\u00bb<\/i><\/em>, ni vidus en tio \u0109i nenion malregulan, kvankam la aliaj lingvoj (tute sen ia logika ka\u016dzo) ne permesas tian dividadon.<\/p>\n<p style=\"text-align: right;\"><em><i>Esperantisto, 1893, p. 32<\/i><\/em><\/p>\n<p>reveni al\u00a0<a href=\"https:\/\/reto.cn\/php\/hanyu\/gramatiko_de_esperanto\/lingvaj-respondoj\/\">Lingvaj respondoj<\/a><\/p>\n<p>\u8fd4\u56de\u00a0<a href=\"https:\/\/reto.cn\/php\/hanyu\/gramatiko_de_esperanto\/lingvaj-respondoj\/\">Lingvaj respondoj<\/a><\/p>\n","protected":false},"excerpt":{"rendered":"<p>Interpunkcio Pri la reguloj pri uzado de la interpunkci\u2026 <span class=\"read-more\"><a href=\"https:\/\/reto.cn\/php\/hanyu\/gramatiko_de_esperanto\/lingvaj-respondoj\/interpunkcio\/\">\u7ee7\u7eed\u9605\u8bfb Legi pli &raquo;<\/a><\/span><\/p>\n","protected":false},"author":1,"featured_media":0,"parent":10490,"menu_order":0,"comment_status":"open","ping_status":"closed","template":"","meta":{"footnotes":""},"_links":{"self":[{"href":"https:\/\/reto.cn\/php\/hanyu\/wp-json\/wp\/v2\/pages\/10518"}],"collection":[{"href":"https:\/\/reto.cn\/php\/hanyu\/wp-json\/wp\/v2\/pages"}],"about":[{"href":"https:\/\/reto.cn\/php\/hanyu\/wp-json\/wp\/v2\/types\/page"}],"author":[{"embeddable":true,"href":"https:\/\/reto.cn\/php\/hanyu\/wp-json\/wp\/v2\/users\/1"}],"replies":[{"embeddable":true,"href":"https:\/\/reto.cn\/php\/hanyu\/wp-json\/wp\/v2\/comments?post=10518"}],"version-history":[{"count":0,"href":"https:\/\/reto.cn\/php\/hanyu\/wp-json\/wp\/v2\/pages\/10518\/revisions"}],"up":[{"embeddable":true,"href":"https:\/\/reto.cn\/php\/hanyu\/wp-json\/wp\/v2\/pages\/10490"}],"wp:attachment":[{"href":"https:\/\/reto.cn\/php\/hanyu\/wp-json\/wp\/v2\/media?parent=10518"}],"curies":[{"name":"wp","href":"https:\/\/api.w.org\/{rel}","templated":true}]}}