{"id":10558,"date":"2022-02-27T13:13:47","date_gmt":"2022-02-27T05:13:47","guid":{"rendered":"https:\/\/reto.cn\/php\/hanyu\/?page_id=10558"},"modified":"2022-02-27T13:24:34","modified_gmt":"2022-02-27T05:24:34","slug":"adjektivo","status":"publish","type":"page","link":"https:\/\/reto.cn\/php\/hanyu\/gramatiko_de_esperanto\/lingvaj-respondoj\/adjektivo\/","title":{"rendered":"Lingvaj respondoj \u2013 Adjektivo"},"content":{"rendered":"<h3 style=\"text-align: center;\"><strong><b>Adjektivo<\/b><\/strong><\/h3>\n<p style=\"text-align: center;\"><strong><b>Adverbo kaj adjektivo<\/b><\/strong><\/p>\n<p>En la tempo, kiam estis verkata la <em><i>\u00abDua Libro\u00bb<\/i><\/em>, la demando, \u0109u oni devas diri <em><i>\u00abestas varme\u00bb<\/i><\/em>\u00a0a\u016d <em><i>\u00abestas varma\u00bb<\/i><\/em>, ne estis ankora\u016d absolute decidita kaj la uzado de unu formo estis egale bona, kiel la uzado de la dua. Nun tiu \u0109i demando iom post iom per la uzado akceptis jam decidon pli difinitan. La adjektivo difinas la substantivon a\u016d la pronomon havantan sencon de substantivo (responde la demandon kia) kaj la adverbo difinas la verbon (responde la demandon kiel). Tial ni diras: <em><i>\u00abla vetero estas bona\u00bb<\/i><\/em>, <em><i>\u00abli kantas bone\u00bb<\/i><\/em>. Tamen en la okazoj, kie la difino apartenas precize nek al substantivo a\u016d pronomo, nek al verbo, ni ofte ne povas decide diri, kian demandon (kia a\u016d kiel) nia difino devas respondi kaj kian formon ni devas uzi. En \u0109iu alia lingvo tiu \u0109i duba demando estas decidata per la sankcio de l\u2019 uzado, \u2013 en nia lingvo ni konsilas uzadi en tiuj okazoj \u0109iam la adverbon; ekzemple: <em><i>\u00abestas varme\u00bb<\/i><\/em>, <em><i>\u00abestas vere\u00bb<\/i><\/em>, <em><i>\u00ab\u011di estas vera\u00bb<\/i><\/em>. La vorton <em><i>\u00ab\u011di\u00bb<\/i><\/em>\u00a0ni konsilas \u0109iam uzi nur por anstata\u016di objekton a\u016d aferon (kiel <em><i>\u00abli\u00bb<\/i><\/em>\u00a0anstata\u016das personon); sed en esprimoj senpersonaj kaj senobjektaj ni konsilas neniam uzi la vorton <em><i>\u00ab\u011di\u00bb<\/i><\/em>\u00a0(ekzemple: <em><i>\u00abhodia\u016d estas varme\u00bb<\/i><\/em>\u00a0kaj ne <em><i>\u00abhodia\u016d \u011di estas varme\u00bb<\/i><\/em>).<\/p>\n<p style=\"text-align: right;\"><em><i>La Esperantisto, 1891, p. 7<\/i><\/em><\/p>\n<p>reveni al\u00a0<a href=\"https:\/\/reto.cn\/php\/hanyu\/gramatiko_de_esperanto\/lingvaj-respondoj\/\">Lingvaj respondoj<\/a><\/p>\n<p>\u8fd4\u56de\u00a0<a href=\"https:\/\/reto.cn\/php\/hanyu\/gramatiko_de_esperanto\/lingvaj-respondoj\/\">Lingvaj respondoj<\/a><\/p>\n","protected":false},"excerpt":{"rendered":"<p>Adjektivo Adverbo kaj adjektivo En la tempo, kiam estis\u2026 <span class=\"read-more\"><a href=\"https:\/\/reto.cn\/php\/hanyu\/gramatiko_de_esperanto\/lingvaj-respondoj\/adjektivo\/\">\u7ee7\u7eed\u9605\u8bfb Legi pli &raquo;<\/a><\/span><\/p>\n","protected":false},"author":1,"featured_media":0,"parent":10490,"menu_order":0,"comment_status":"open","ping_status":"closed","template":"","meta":{"footnotes":""},"_links":{"self":[{"href":"https:\/\/reto.cn\/php\/hanyu\/wp-json\/wp\/v2\/pages\/10558"}],"collection":[{"href":"https:\/\/reto.cn\/php\/hanyu\/wp-json\/wp\/v2\/pages"}],"about":[{"href":"https:\/\/reto.cn\/php\/hanyu\/wp-json\/wp\/v2\/types\/page"}],"author":[{"embeddable":true,"href":"https:\/\/reto.cn\/php\/hanyu\/wp-json\/wp\/v2\/users\/1"}],"replies":[{"embeddable":true,"href":"https:\/\/reto.cn\/php\/hanyu\/wp-json\/wp\/v2\/comments?post=10558"}],"version-history":[{"count":0,"href":"https:\/\/reto.cn\/php\/hanyu\/wp-json\/wp\/v2\/pages\/10558\/revisions"}],"up":[{"embeddable":true,"href":"https:\/\/reto.cn\/php\/hanyu\/wp-json\/wp\/v2\/pages\/10490"}],"wp:attachment":[{"href":"https:\/\/reto.cn\/php\/hanyu\/wp-json\/wp\/v2\/media?parent=10558"}],"curies":[{"name":"wp","href":"https:\/\/api.w.org\/{rel}","templated":true}]}}