{"id":10734,"date":"2022-03-06T14:04:45","date_gmt":"2022-03-06T06:04:45","guid":{"rendered":"https:\/\/reto.cn\/php\/hanyu\/voc-legitaj-esperantaj-libroj\/vere-au-fantazie\/vere-au-fantazie-15-14\/"},"modified":"2022-03-06T15:33:22","modified_gmt":"2022-03-06T07:33:22","slug":"tria-rakonto-pri-afanti","status":"publish","type":"page","link":"https:\/\/reto.cn\/php\/hanyu\/lernado-de-esperanto\/voc-legitaj-esperantaj-libroj\/vere-au-fantazie\/tria-rakonto-pri-afanti\/","title":{"rendered":"Vere a\u016d fantazie &#8211; Tria Rakonto Pri Afanti"},"content":{"rendered":"<h3 style=\"text-align: center;\">TRIA RAKONTO PRI AFANTI<\/h3>\n<p>Afanti sidis hejme \u011duante la \u0109irka\u016dan pacon. Anta\u016d kelkaj tagoj, li havis teruran dento-doloron, sed finfine la malsana dento falis kaj li nun sentis sin tute bone. El la dento-doloro restis nur memoro, kaj la memoro de tiu maldol\u0109a sperto igis la plezuron senti sin bone, e\u0109 pli pla\u0109a.<\/p>\n<p>Ve! La paco ne da\u016dris longe. Alvenis vizitanto. Afanti rekonis lin e\u0109 anta\u016d ol li atingis lian domon. Estis vendisto de spicoj.<\/p>\n<p>&#8220;Ho Afanti, vi \u0109iam estas plej bonkora, \u0109u ne?&#8221; la spicisto komencis post plej \u011dentila saluto.<\/p>\n<p>Afanti pensis: tiu tuj vortigos peton; homoj konstante \u011denas min per petoj; \u0109u ili ne kapablas mem fari siajn aferojn?<\/p>\n<p>&#8220;\u0108u mi estas bonkora, vi demandas. Nu, tia estas mia famo,&#8221; Afanti respondis. &#8220;Sed \u0109u \u011di estas vera, \u0109u \u011di estas malvera, kiel eblus scii?&#8221;<\/p>\n<p>&#8220;Ho Afanti, ne \u015dajnigu vin pli senscia, ol vi estas. Mi scias, ke vi estas bonkora. Kaj tion certe scias anka\u016d vi.&#8221;<\/p>\n<p>&#8220;Se vi anta\u016de sciis, kial vi demandis? Kial ne diri tuj, kion vi deziras?&#8221;<\/p>\n<p>&#8220;Estimata Afanti, ne estas facile peti ion de homo, speciale de famulo. Tial \u011denerale oni aliras la aferon nerekte. Mi a\u016ddis, ke vi scias skribi, \u0109u tio estas vera?&#8221;<\/p>\n<p>&#8220;Jes. Mi scias skribi. Nun via peto fari\u011das iom pli klara: vi deziras, ke mi skribu ion por vi, \u0109u ne?&#8221;<\/p>\n<p>&#8220;Jes, ho estimato! Mia frato lo\u011das en la urbego, norde, kaj mi bezonas informi lin pri io. Temas pri malsimpla afero rilata al spicoj. Li havas okazon a\u0109eti spicojn je plej interesa prezo, kaj li proponas tion fari por mi. Estus grave por mia spic-komerco. Sed mi devas klarigi al li la aran\u011dojn, kiujn mi proponas por la transporto el la norda regiono \u0109i tien. \u0108u vi bonvolos skribi por mi la leteron?&#8221;<\/p>\n<p>&#8220;Mi plezure tion farus, se mi havus tempon. Sed mi ne havos la tempon iri norden al la urbo.&#8221;<\/p>\n<p>&#8220;Vi miskomprenis min. Mi ne petas vin iri tien. Mi ne volus \u011deni vin, petante vin viziti mian fraton. La aran\u011don oni povas proponi skribe, \u0109u ne? Mi petis nur, ke vi skribu leteron al li.&#8221;<\/p>\n<p>&#8220;Mi perfekte komprenis vin jam la unuan fojon,&#8221; Afanti klarigis. &#8220;Sed neniu, krom mi, sukcesas kompreni mian skribon. Se mi ne \u0109eestos por legi mian leteron al li, via frato ne povos \u011din kompreni. Pro tio mi diris, ke mi devus iri norden \u011dis la urbo.&#8221;<\/p>\n<p>NOVAJ VORTOJ:<\/p>\n<p>dento, nordo, spico<\/p>\n<p>reveni al\u00a0<a href=\"https:\/\/reto.cn\/php\/hanyu\/voc-legitaj-esperantaj-libroj\/vere-au-fantazie\/\">Vere a\u016d fantazie<\/a><\/p>\n<p>\u8fd4\u56de\u00a0<a href=\"https:\/\/reto.cn\/php\/hanyu\/voc-legitaj-esperantaj-libroj\/vere-au-fantazie\/\">Vere a\u016d fantazie<\/a><\/p>\n","protected":false},"excerpt":{"rendered":"<p>TRIA RAKONTO PRI AFANTI Afanti sidis hejme \u011duante la \u0109i\u2026 <span class=\"read-more\"><a href=\"https:\/\/reto.cn\/php\/hanyu\/lernado-de-esperanto\/voc-legitaj-esperantaj-libroj\/vere-au-fantazie\/tria-rakonto-pri-afanti\/\">\u7ee7\u7eed\u9605\u8bfb Legi pli &raquo;<\/a><\/span><\/p>\n","protected":false},"author":1,"featured_media":0,"parent":10632,"menu_order":0,"comment_status":"open","ping_status":"closed","template":"","meta":{"footnotes":""},"_links":{"self":[{"href":"https:\/\/reto.cn\/php\/hanyu\/wp-json\/wp\/v2\/pages\/10734"}],"collection":[{"href":"https:\/\/reto.cn\/php\/hanyu\/wp-json\/wp\/v2\/pages"}],"about":[{"href":"https:\/\/reto.cn\/php\/hanyu\/wp-json\/wp\/v2\/types\/page"}],"author":[{"embeddable":true,"href":"https:\/\/reto.cn\/php\/hanyu\/wp-json\/wp\/v2\/users\/1"}],"replies":[{"embeddable":true,"href":"https:\/\/reto.cn\/php\/hanyu\/wp-json\/wp\/v2\/comments?post=10734"}],"version-history":[{"count":0,"href":"https:\/\/reto.cn\/php\/hanyu\/wp-json\/wp\/v2\/pages\/10734\/revisions"}],"up":[{"embeddable":true,"href":"https:\/\/reto.cn\/php\/hanyu\/wp-json\/wp\/v2\/pages\/10632"}],"wp:attachment":[{"href":"https:\/\/reto.cn\/php\/hanyu\/wp-json\/wp\/v2\/media?parent=10734"}],"curies":[{"name":"wp","href":"https:\/\/api.w.org\/{rel}","templated":true}]}}