{"id":10847,"date":"2022-03-06T14:04:45","date_gmt":"2022-03-06T06:04:45","guid":{"rendered":"https:\/\/reto.cn\/php\/hanyu\/voc-legitaj-esperantaj-libroj\/vere-au-fantazie\/vere-au-fantazie-15-3-4\/"},"modified":"2022-03-06T15:45:26","modified_gmt":"2022-03-06T07:45:26","slug":"kvara-rakonto-pri-afanti","status":"publish","type":"page","link":"https:\/\/reto.cn\/php\/hanyu\/lernado-de-esperanto\/voc-legitaj-esperantaj-libroj\/vere-au-fantazie\/kvara-rakonto-pri-afanti\/","title":{"rendered":"Vere a\u016d fantazie &#8211; Kvara Rakonto Pri Afanti"},"content":{"rendered":"<h3 style=\"text-align: center;\">KVARA RAKONTO PRI AFANTI<\/h3>\n<p>Foje \u015dtelisto enrompis en la domon de Afanti. Afanti ektimis kaj iris meti sin en lar\u011dan keston por sin ka\u015di.<\/p>\n<p>La \u015dtelisto iris kaj venis en la domo, sed trovis nenion valoran, nenion forprenindan. Afanti ja estis malri\u0109a.<\/p>\n<p>Finfine la \u015dtelisto proksimi\u011dis al la kesto. Kaptita de plej terura timo, Afanti a\u016ddis lin stari tie apude. Dum longa, neelportebla minuto, nenio okazis. Afanti a\u016ddis la \u015dteliston spiri. Li ne sciis, kion tiu faras.<\/p>\n<p>&#8216;\u015ctelistoj ofte estas kruelaj,&#8217; li pensis, &#8216;kaj \u011denerale ili havas kun si tran\u0109ilon, \u0109ar ili \u011din bezonas por sia hontinda laboro. \u0108u eble li volos tran\u0109i al mi la kolon? \u0108u li mortigos min?&#8217;<\/p>\n<p>Afanti, tre malri\u0109a, kiel \u0135us dirite, havis nenion hejme. Li do timis, ke, kolera pro la malsukceso de siaj penoj, la \u015dtelisto havos kontra\u016d li plej malbonajn, eble e\u0109 mortigajn, intencojn. Li sin demandis, kiel reagi plej bone.<\/p>\n<p>Fine la \u015dtelisto malfermis la keston kaj vidis Afantin. Lia mano tuj iris al lia tran\u0109ilo: li atendis eksalton, kaj pretis defendi sin. Sed Afanti ne movi\u011dis.<\/p>\n<p>&#8220;Kion vi faras en kesto?&#8221; la \u015dtelisto mire demandis.<\/p>\n<p>&#8220;Nu, nu, estiminda sinjoro&#8230;&#8221; respondis la eks-ka\u015dito, pensante, ke anta\u016d \u0109io necesas trankviligi la \u015dteliston per plejaj \u011dentileco kaj afableco, &#8220;komprenu min. Mi hontis, ke en mia domo trovi\u011das nenio, kio respondus al viaj estimindaj gustoj. Mi hontis prezenti\u011di anta\u016d vi kun tiel malplena, malbela, senorda domo. Jen vi vizitas min, kaj mi povas proponi al vi nenion. Hontinde, \u0109u ne? Tial mi min ka\u015dis.&#8221;<\/p>\n<p>Neniam la \u015dtelisto vidis tiel \u011dentilan pri\u015dtelaton. Li plej afable salutis, kaj iris for.<\/p>\n<p>NOVAJ VORTOJ:<\/p>\n<p>kesto, kolo, tran\u0109i<\/p>\n<p>NOVAJ KOMBINOJ:<\/p>\n<p>en-rompi, pri-\u015dteli<\/p>\n<p>reveni al\u00a0<a href=\"https:\/\/reto.cn\/php\/hanyu\/voc-legitaj-esperantaj-libroj\/vere-au-fantazie\/\">Vere a\u016d fantazie<\/a><\/p>\n<p>\u8fd4\u56de\u00a0<a href=\"https:\/\/reto.cn\/php\/hanyu\/voc-legitaj-esperantaj-libroj\/vere-au-fantazie\/\">Vere a\u016d fantazie<\/a><\/p>\n","protected":false},"excerpt":{"rendered":"<p>KVARA RAKONTO PRI AFANTI Foje \u015dtelisto enrompis en la d\u2026 <span class=\"read-more\"><a href=\"https:\/\/reto.cn\/php\/hanyu\/lernado-de-esperanto\/voc-legitaj-esperantaj-libroj\/vere-au-fantazie\/kvara-rakonto-pri-afanti\/\">\u7ee7\u7eed\u9605\u8bfb Legi pli &raquo;<\/a><\/span><\/p>\n","protected":false},"author":1,"featured_media":0,"parent":10632,"menu_order":0,"comment_status":"open","ping_status":"closed","template":"","meta":{"footnotes":""},"_links":{"self":[{"href":"https:\/\/reto.cn\/php\/hanyu\/wp-json\/wp\/v2\/pages\/10847"}],"collection":[{"href":"https:\/\/reto.cn\/php\/hanyu\/wp-json\/wp\/v2\/pages"}],"about":[{"href":"https:\/\/reto.cn\/php\/hanyu\/wp-json\/wp\/v2\/types\/page"}],"author":[{"embeddable":true,"href":"https:\/\/reto.cn\/php\/hanyu\/wp-json\/wp\/v2\/users\/1"}],"replies":[{"embeddable":true,"href":"https:\/\/reto.cn\/php\/hanyu\/wp-json\/wp\/v2\/comments?post=10847"}],"version-history":[{"count":0,"href":"https:\/\/reto.cn\/php\/hanyu\/wp-json\/wp\/v2\/pages\/10847\/revisions"}],"up":[{"embeddable":true,"href":"https:\/\/reto.cn\/php\/hanyu\/wp-json\/wp\/v2\/pages\/10632"}],"wp:attachment":[{"href":"https:\/\/reto.cn\/php\/hanyu\/wp-json\/wp\/v2\/media?parent=10847"}],"curies":[{"name":"wp","href":"https:\/\/api.w.org\/{rel}","templated":true}]}}