{"id":10854,"date":"2022-03-06T14:04:45","date_gmt":"2022-03-06T06:04:45","guid":{"rendered":"https:\/\/reto.cn\/php\/hanyu\/voc-legitaj-esperantaj-libroj\/vere-au-fantazie\/vere-au-fantazie-15-3-11\/"},"modified":"2022-03-06T15:23:09","modified_gmt":"2022-03-06T07:23:09","slug":"dua-rakonto-pri-afanti","status":"publish","type":"page","link":"https:\/\/reto.cn\/php\/hanyu\/lernado-de-esperanto\/voc-legitaj-esperantaj-libroj\/vere-au-fantazie\/dua-rakonto-pri-afanti\/","title":{"rendered":"Vere a\u016d fantazie &#8211; Dua Rakonto Pri Afanti"},"content":{"rendered":"<h3 style=\"text-align: center;\">DUA RAKONTO PRI AFANTI<\/h3>\n<p>(Por ke vi ne tro lacigu vian kapon provante kompreni malfacilajn verketojn, ni prezentos al vi de tempo al tempo rakonteton pri la kara Afanti, kiun vi ekkonis komence de \u0109i tiu libro. Tiuj rakontoj enhavos nur du a\u016d tri novajn vortojn.)<\/p>\n<p>La re\u011do foje demandis al Afanti:<\/p>\n<p>&#8220;Afanti, se oni diras al vi: vi povas ricevi unu el du aferoj, monon a\u016d justan koron, kion vi elektus?&#8221;<\/p>\n<p>Afanti e\u0109 ne prenis la tempon pripensi.<\/p>\n<p>&#8220;Monon,&#8221; li tuj respondis.<\/p>\n<p>La re\u011do ege miris.<\/p>\n<p>&#8220;\u0108u vere tion vi farus?&#8221; li diris. &#8220;Mi ne komprenas vin. Mi tute certe elektus justecon. Mono, mono, tio estas plej ordinara. Sed justeco estas io alia. Vi povas travoja\u011di la mondon: vi rimarkos, ke justajn korojn oni ne trovas facile.&#8221;<\/p>\n<p>&#8220;Ho granda re\u011do!&#8221; sonis la vo\u0109o de Afanti. &#8220;Homo \u0109iam deziras havi tion, kio mankas al li, \u0109u ne? Kion vi elektus, tio povas esti nur, kio al vi mankas&#8230;&#8221;<\/p>\n<p>NOVAJ VORTOJ:<\/p>\n<p>justa, re\u011do<\/p>\n<p>NOVAJ KUNMETOJ:<\/p>\n<p>de tempo al tempo; preni la tempon<\/p>\n<p>reveni al\u00a0<a href=\"https:\/\/reto.cn\/php\/hanyu\/voc-legitaj-esperantaj-libroj\/vere-au-fantazie\/\">Vere a\u016d fantazie<\/a><\/p>\n<p>\u8fd4\u56de\u00a0<a href=\"https:\/\/reto.cn\/php\/hanyu\/voc-legitaj-esperantaj-libroj\/vere-au-fantazie\/\">Vere a\u016d fantazie<\/a><\/p>\n","protected":false},"excerpt":{"rendered":"<p>DUA RAKONTO PRI AFANTI (Por ke vi ne tro lacigu vian ka\u2026 <span class=\"read-more\"><a href=\"https:\/\/reto.cn\/php\/hanyu\/lernado-de-esperanto\/voc-legitaj-esperantaj-libroj\/vere-au-fantazie\/dua-rakonto-pri-afanti\/\">\u7ee7\u7eed\u9605\u8bfb Legi pli &raquo;<\/a><\/span><\/p>\n","protected":false},"author":1,"featured_media":0,"parent":10632,"menu_order":0,"comment_status":"open","ping_status":"closed","template":"","meta":{"footnotes":""},"_links":{"self":[{"href":"https:\/\/reto.cn\/php\/hanyu\/wp-json\/wp\/v2\/pages\/10854"}],"collection":[{"href":"https:\/\/reto.cn\/php\/hanyu\/wp-json\/wp\/v2\/pages"}],"about":[{"href":"https:\/\/reto.cn\/php\/hanyu\/wp-json\/wp\/v2\/types\/page"}],"author":[{"embeddable":true,"href":"https:\/\/reto.cn\/php\/hanyu\/wp-json\/wp\/v2\/users\/1"}],"replies":[{"embeddable":true,"href":"https:\/\/reto.cn\/php\/hanyu\/wp-json\/wp\/v2\/comments?post=10854"}],"version-history":[{"count":0,"href":"https:\/\/reto.cn\/php\/hanyu\/wp-json\/wp\/v2\/pages\/10854\/revisions"}],"up":[{"embeddable":true,"href":"https:\/\/reto.cn\/php\/hanyu\/wp-json\/wp\/v2\/pages\/10632"}],"wp:attachment":[{"href":"https:\/\/reto.cn\/php\/hanyu\/wp-json\/wp\/v2\/media?parent=10854"}],"curies":[{"name":"wp","href":"https:\/\/api.w.org\/{rel}","templated":true}]}}