{"id":10886,"date":"2022-03-06T14:04:45","date_gmt":"2022-03-06T06:04:45","guid":{"rendered":"https:\/\/reto.cn\/php\/hanyu\/voc-legitaj-esperantaj-libroj\/vere-au-fantazie\/vere-au-fantazie-15-3-8-2\/"},"modified":"2022-03-06T15:57:05","modified_gmt":"2022-03-06T07:57:05","slug":"bona-restoracio-sed-multekosta","status":"publish","type":"page","link":"https:\/\/reto.cn\/php\/hanyu\/lernado-de-esperanto\/voc-legitaj-esperantaj-libroj\/vere-au-fantazie\/bona-restoracio-sed-multekosta\/","title":{"rendered":"Vere a\u016d fantazie &#8211; Bona Restoracio, Sed Multekosta"},"content":{"rendered":"<h3 style=\"text-align: center;\">BONA RESTORACIO, SED MULTEKOSTA<\/h3>\n<p>\u0108u vi jam a\u016ddis pri Afanti? Afanti estis ano de la ujgura popolo, kiu vivis kaj vivas en Centra Azio. Oni multe rakontas pri li, \u0109ar li havis tre specialan, tute personan, manieron eliri el malfacilaj situacioj.<\/p>\n<p>Foje, malri\u0109a amiko venis al li.<\/p>\n<p>&#8220;Afanti, kara amiko,&#8221; li diris, &#8220;mi venis peti vian helpon. Hiera\u016d mi staris apud la enirejo de restoracio por ri\u0109uloj, sur la \u0109efa strato&#8230; \u0108u vi scias, pri kiu restoracio mi parolas? \u011ci havas ne-ordinaran nomon: La Brila Suno a\u016d La Brila \u0108ielo, a\u016d ion similan. Vi lo\u011dis en la apuda domo anta\u016d kelkaj jaroj, \u0109u ne?&#8221;<\/p>\n<p>&#8220;Jes,&#8221; respondis Afanti, &#8220;mi konas tiun lokon. La Brila \u0108ielo estas \u011dia nomo.&#8221;<\/p>\n<p>&#8220;\u011custe. Mi staris tie tute trankvila. Mi faris nenion specialan. Estis muzikistoj ene, kaj mi tie staris por trankvile a\u016dskulti la muzikon kaj rigardi la homojn, kiuj iris kaj venis sur la strato.&#8221;<\/p>\n<p>&#8220;Kio okazis?&#8221;<\/p>\n<p>&#8220;Io ne-kredebla. Jen elvenas la restoraciisto, rigardas min, kiel oni rigardus malamikan beston a\u016d unu el tiuj kreska\u0135oj, kiuj ka\u016dzas malsanojn, kaj li demandas, kion mi faras tie. Nenion, mi respondas. Jes, jes, vi faras ion, li diras, kaj por tio vi devas pagi&#8230;&#8221;<\/p>\n<p>&#8220;Kion? Li volis, ke vi pagu, \u0109u? Ke vi pagu kion?&#8221;<\/p>\n<p>&#8220;\u011custe tion mi demandis. Kaj \u0109u vi scias, kion li respondis?&#8221;<\/p>\n<p>&#8220;Kiel mi povus?&#8221;<\/p>\n<p>&#8220;Li respondis: vi staras \u0109i tie por senti la bonan odoron de miaj man\u011doj; tiun odoron ka\u016dzas mi; tiu odoro ne ekzistus sen mia laboro; tiun odoron vi do devas pagi al mi.&#8221;<\/p>\n<p>&#8220;Kion vi faris?&#8221;<\/p>\n<p>&#8220;Mi malkonsentis. Sed tiam li i\u011dis ege malkontenta. Li pli kaj pli volis, ke mi pagu. Mi plu respondadis: ne. Tiam li decidis iri al la ju\u011disto. Kaj nun la ju\u011disto volas, ke mi iru al li! \u0108u vi bonvolos veni kun mi? Mi timas, ke, sola, mi ne sukcesos fari, ke tiu afero fini\u011du bone por mi.&#8221;<\/p>\n<p>Afanti dum minuteto pripensis, nenion dirante. &#8220;Estis bona ideo veni peti mian helpon,&#8221; li fine elparolis. &#8220;Tiu afero ne estas ordinara. \u011ci tre interesas min. Venu, ni iru kune al la ju\u011dejo.&#8221;<\/p>\n<p>\u0108iuj en la urbo konis Afantin. Vidante lin iri al la ju\u011dejo, multaj homoj decidis sekvi. Ili sciis, ke Afanti \u011denerale havas specialan manieron respondi al ri\u0109uloj kaj grand-povuloj, kaj ili volis ne perdi bonan okazon ridi.<\/p>\n<p>Kiam Afanti, lia malri\u0109a amiko kaj la multaj urbanoj eniris, la ju\u011disto estis parolanta plej amike kun la restoraciisto. Estis klare, ke tiuj du estas amikoj. Tion tuj montris la unuaj paroloj de la ju\u011disto:<\/p>\n<p>&#8220;Mi a\u016ddis, ke vi malkonsentas pagi al \u0109i tiu restoraciisto la prezon de la odoro, kiun vi enigis en vin \u0109e lia restoracio. Tio ne estas akceptebla&#8230;&#8221;<\/p>\n<p>&#8220;Minuteton, sinjoro ju\u011disto, bonvolu atendi minuteton,&#8221; Afanti inter-rompis. &#8220;\u0108i tiu homo estas mia frato, kaj mi pagos por li.&#8221;<\/p>\n<p>Afanti havis kun si saketon plenan je mono. Nun li prenis \u011din, iris apud la restoraciiston kaj rapide movadis tien kaj reen la saketon anta\u016d lia viza\u011do, tiel ke la mono bele a\u016ddeble sonis.<\/p>\n<p>&#8220;\u0108i tiu saketo estas plena je mono. \u0108u vi a\u016ddas \u011din? Bone a\u016dskultu. \u0108u vi a\u016ddas la monon?&#8221; li demandis al la restoraciisto.<\/p>\n<p>&#8220;Kompreneble mi a\u016ddas la monon. Mia a\u016dd-povo estas tre bona. Kaj e\u0109 se \u011di ne estus bona, je tia proksimeco, mi ne povus ne a\u016ddi \u011din. Certe estas multe da mono en via sako. Mi a\u016ddis pli ol sufi\u0109e. Mi bezonas, ne a\u016ddi la monon, sed ricevi \u011din. Donu \u011din al mi. Kion vi atendas?&#8221;<\/p>\n<p>&#8220;Mi atendas nenion. Mia frato kaptis la odoron de viaj man\u011doj. Nun vi kaptis la sonon de mia mono. Vi ricevis pagon similan al tio, kion vi vendis.&#8221; Afanti turnis sin al la \u0109e-estantoj . &#8220;\u0108u ne \u011duste?&#8221;<\/p>\n<p>&#8220;Tute \u011duste!&#8221; \u0109iuj sam-tempe respondis.<\/p>\n<p>La ju\u011disto ne plu povis helpi al sia amiko. La popolo videble estis kun Afanti kaj kun la malri\u0109ulo, kontra\u016d li kaj lia restoracia kunulo. \u0108iuj eliris el la ju\u011dejo ridante. Sed ne ridis la restoraciisto. Nek la ju\u011disto.<\/p>\n<p>NOVAJ VORTOJ:<\/p>\n<p>Azio, besto, brili, centro, \u0109ielo, interesi, ju\u011di, ka\u016dzi, kreski, lo\u011di, muziko, nek, odori, ordinara, prezo, restoracio, rompi, sako, speciala, trankvila, turni, ujguro, viza\u011do.<\/p>\n<p>NOVAJ KUNMETOJ:<\/p>\n<p>e-esti, inter-rompi, kresk-a\u0135o.<\/p>\n<p>reveni al\u00a0<a href=\"https:\/\/reto.cn\/php\/hanyu\/voc-legitaj-esperantaj-libroj\/vere-au-fantazie\/\">Vere a\u016d fantazie<\/a><\/p>\n<p>\u8fd4\u56de\u00a0<a href=\"https:\/\/reto.cn\/php\/hanyu\/voc-legitaj-esperantaj-libroj\/vere-au-fantazie\/\">Vere a\u016d fantazie<\/a><\/p>\n","protected":false},"excerpt":{"rendered":"<p>BONA RESTORACIO, SED MULTEKOSTA \u0108u vi jam a\u016ddis pri Afa\u2026 <span class=\"read-more\"><a href=\"https:\/\/reto.cn\/php\/hanyu\/lernado-de-esperanto\/voc-legitaj-esperantaj-libroj\/vere-au-fantazie\/bona-restoracio-sed-multekosta\/\">\u7ee7\u7eed\u9605\u8bfb Legi pli &raquo;<\/a><\/span><\/p>\n","protected":false},"author":1,"featured_media":0,"parent":10632,"menu_order":0,"comment_status":"open","ping_status":"closed","template":"","meta":{"footnotes":""},"_links":{"self":[{"href":"https:\/\/reto.cn\/php\/hanyu\/wp-json\/wp\/v2\/pages\/10886"}],"collection":[{"href":"https:\/\/reto.cn\/php\/hanyu\/wp-json\/wp\/v2\/pages"}],"about":[{"href":"https:\/\/reto.cn\/php\/hanyu\/wp-json\/wp\/v2\/types\/page"}],"author":[{"embeddable":true,"href":"https:\/\/reto.cn\/php\/hanyu\/wp-json\/wp\/v2\/users\/1"}],"replies":[{"embeddable":true,"href":"https:\/\/reto.cn\/php\/hanyu\/wp-json\/wp\/v2\/comments?post=10886"}],"version-history":[{"count":0,"href":"https:\/\/reto.cn\/php\/hanyu\/wp-json\/wp\/v2\/pages\/10886\/revisions"}],"up":[{"embeddable":true,"href":"https:\/\/reto.cn\/php\/hanyu\/wp-json\/wp\/v2\/pages\/10632"}],"wp:attachment":[{"href":"https:\/\/reto.cn\/php\/hanyu\/wp-json\/wp\/v2\/media?parent=10886"}],"curies":[{"name":"wp","href":"https:\/\/api.w.org\/{rel}","templated":true}]}}