{"id":10931,"date":"2022-03-06T14:04:45","date_gmt":"2022-03-06T06:04:45","guid":{"rendered":"https:\/\/reto.cn\/php\/hanyu\/voc-legitaj-esperantaj-libroj\/vere-au-fantazie\/vere-au-fantazie-15-3-8-2\/"},"modified":"2022-03-06T18:17:14","modified_gmt":"2022-03-06T10:17:14","slug":"po-kiom","status":"publish","type":"page","link":"https:\/\/reto.cn\/php\/hanyu\/lernado-de-esperanto\/voc-legitaj-esperantaj-libroj\/vere-au-fantazie\/po-kiom\/","title":{"rendered":"Vere a\u016d fantazie &#8211; Po Kiom?"},"content":{"rendered":"<p style=\"text-align: center;\">PO KIOM?<\/p>\n<p>\u2014 Vi denove ludas per via komputilo! &#8211; Kial ne? \u0108u tio \u011denas vin?<\/p>\n<p>\u2014 Min? Tute ne. Ludu, kiom vi volas. Kion vi faras?<\/p>\n<p>\u2014 Mi uzas la informbankon pri Sovetio. La \u0109efo volas, ke mi verku artikolon pri la ekonomia situacio tie, kaj mi bezonas bazajn donita\u0135ojn. Mi ne tre \u015datas devi verki tiun artikolon. Tio ne estas mia fako.<\/p>\n<p>\u2014 Kaj kion aparte presindan vi eksciis dank&#8217; al via komputilo, a\u016d pli \u011duste dank&#8217; al ties informfonto?<\/p>\n<p>\u2014 Nenion, kio estus, kiel vi diras, presinda. Nur nombroj, nombroj, nombroj montri\u011das al mi. Sovetio vendas tiom da gaso, \u011di a\u0109etas tiom da greno. \u011ci vendis eksterlanden tiom da ligno, el kiu tiom sub formo de tabuloj, ktp ktp.<\/p>\n<p>\u2014 Ver\u015dajne ne pri tiaj informoj soifas la publiko. Krom eble kelkaj uloj, kiuj faras sciencan esploradon.<\/p>\n<p>\u2014 Vi eraras. La \u011denerala publiko ne tre interesi\u011das pri tia informa materialo, sed gravuloj kun respondecoj en diversaj ekonomiaj entreprenoj, homoj, kiuj okupi\u011das pri fontoj de energio, industriistoj; kiuj volas efektivigi tiun a\u016d alian projekton, \u0109iuj tiuj legas nian ekonomian rubrikon, eble ne kiel soifa infaneto en-bu\u015digas la patrinan lakton, sed almena\u016d kun intereso. Ni redaktas altkvalitan ekonomian pa\u011don, kiun multaj favore legas.<\/p>\n<p>\u2014 Diable! Vi defendas vian gazeton kun bela energio. Nu, pardonu, mi tute ne intencis ataki vian publikiga\u0135on. \u0108u mi povas rigardi vian komputilon? Kio estas tio nun? Ha jes, turismo! \u015cajnas, ke la turisma sezono alportis konsiderindan gajnon. Vidu, ne nur en somero, sed e\u0109 en a\u016dtuno la hoteloj estis tiel plenaj, ke la turisma organiza\u0135o ne sciis, kien lo\u011digi la alvenantojn. Interese!<\/p>\n<p>\u2014 Interese, \u0109u? Ne por mi. Tiuj nombroj min frenezigas. Temas konstante pri milionoj. Milionoj da tio, milionoj da tio \u0109i. Sed por mi tio signifas nenion. La intereso por mi estas nul.<\/p>\n<p>\u2014 Ha-ha! Ni faru statistikon pri via intereso. Kiom da intereso por \u0109iu informo? Koncerne vin, po nul!<\/p>\n<p>\u2014 Ha ne! Ne rekomencu, mi petas vin. Mi vin konas. Mi vidas, kion vi celas. Vi volas refoje rekomenci vian ludon kun tiu vorteto &#8220;po&#8221;. Gi min lacigas. Fakte, mi neniam vere komprenis la uzon de tiu &#8220;po&#8221;.<\/p>\n<p>\u2014 \u011custe tial mi volas lude instrui vin. Ne estas malfacile. Se mi diros al vi, ke ni amba\u016d sova\u011de rompis po du vitrojn, kiom da vitroj estis rompitaj?<\/p>\n<p>\u2014 Ni estas du. Kaj ni rompis po du vitrojn. Ni do, sova\u011duloj, rompis kvar vitrojn: vi rompis du kaj anka\u016d mi du. \u0108u bone?<\/p>\n<p>\u2014 Ne estas bone rompi vitrojn, speciale se sova\u011de, sed via kompreno estas \u011dusta kaj la kalkulo senerara. Vi vidas, ke estas simple. Vi apena\u016d bezonis pripensi por trovi \u011dustan kaj precizan solvon al la problemo. Kaj nun mi diru: la dekses turistoj trinkis po glason da biero. Kiom da glasoj da biero ili trinkis entute?<\/p>\n<p>\u2014 Dekses.<\/p>\n<p>\u2014 \u0108u iu ne trinkis?<\/p>\n<p>\u2014 Ne. \u0108iu trinkis.<\/p>\n<p>\u2014 \u011custe tion precizigas &#8220;po&#8221;. Se mi dirus: &#8220;La 16 turistoj trinkis 16 glasojn da biero&#8221;, oni scius, ke la grupo malplenigis 16 glasojn, sed oni ne scius, \u0109u eble unu soifulo ne trinkis kvar, dum kvar aliaj trinkis nul. Kiam oni diras: &#8220;La 16 sova\u011duloj trinkis po glason&#8221;, tio signifas, ke \u0109iu sova\u011dulo el la 16 trinkis unu glason. Mi supozas, ke vi perfekte komprenis nun.<\/p>\n<p>\u2014 Perfekte, mi ne dirus. Mi komprenetas. Tamen, mi \u0109iam sukcesas esprimi, kion mi volas, sen uzi tiun vorton. Mi trovas \u011din malfacila. Mi rekomendas \u011din al neniu, kaj mi ne reklamos pri \u011di en mia gazeto.<\/p>\n<p>\u2014 Strange, ke vi tiel reagas. Mi trovas, ke tiu vorteto meritas i\u011di multe pli populara ol \u011di nun estas. A\u016dskultu. &#8220;\u0108iuj mem-broj de la asocio ricevis po etan floron el la \u011dardeno de la prezidanto&#8221;. Ha-ha!<\/p>\n<p>\u2014 Ha-ha, \u0109u? Mi konfesas, ke mi ne komprenas. Mi ne estas tre inteligenta, vi scias. Kial tiu la\u016dta rido?<\/p>\n<p>\u2014 Po etan floron, poetan floron, floron de poeto!<\/p>\n<p>\u2014 Ne tre amuze.<\/p>\n<p>\u2014 \u0108u vere? Sed kion vi dirus, se mi informus vin, ke &#8220;\u0109iuj polinoj amas po polon&#8221;?<\/p>\n<p>\u2014 Kiun popolon?<\/p>\n<p>NOVAJ VORTOJ:<\/p>\n<p>a\u016dtuno, banko, gaso, greno, komputi, nul, po, poeto, polo, redakti, Sovetio,<\/p>\n<p>statistiko, tabulo, turismo, vitro<\/p>\n<p>NOVAJ KUNMETOJ:<\/p>\n<p>don-it-a\u0135o<\/p>\n<p>reveni al\u00a0<a href=\"https:\/\/reto.cn\/php\/hanyu\/voc-legitaj-esperantaj-libroj\/vere-au-fantazie\/\">Vere a\u016d fantazie<\/a><\/p>\n<p>\u8fd4\u56de\u00a0<a href=\"https:\/\/reto.cn\/php\/hanyu\/voc-legitaj-esperantaj-libroj\/vere-au-fantazie\/\">Vere a\u016d fantazie<\/a><\/p>\n","protected":false},"excerpt":{"rendered":"<p>PO KIOM? \u2014 Vi denove ludas per via komputilo! &#8211; K\u2026 <span class=\"read-more\"><a href=\"https:\/\/reto.cn\/php\/hanyu\/lernado-de-esperanto\/voc-legitaj-esperantaj-libroj\/vere-au-fantazie\/po-kiom\/\">\u7ee7\u7eed\u9605\u8bfb Legi pli &raquo;<\/a><\/span><\/p>\n","protected":false},"author":1,"featured_media":0,"parent":10632,"menu_order":0,"comment_status":"open","ping_status":"closed","template":"","meta":{"footnotes":""},"_links":{"self":[{"href":"https:\/\/reto.cn\/php\/hanyu\/wp-json\/wp\/v2\/pages\/10931"}],"collection":[{"href":"https:\/\/reto.cn\/php\/hanyu\/wp-json\/wp\/v2\/pages"}],"about":[{"href":"https:\/\/reto.cn\/php\/hanyu\/wp-json\/wp\/v2\/types\/page"}],"author":[{"embeddable":true,"href":"https:\/\/reto.cn\/php\/hanyu\/wp-json\/wp\/v2\/users\/1"}],"replies":[{"embeddable":true,"href":"https:\/\/reto.cn\/php\/hanyu\/wp-json\/wp\/v2\/comments?post=10931"}],"version-history":[{"count":0,"href":"https:\/\/reto.cn\/php\/hanyu\/wp-json\/wp\/v2\/pages\/10931\/revisions"}],"up":[{"embeddable":true,"href":"https:\/\/reto.cn\/php\/hanyu\/wp-json\/wp\/v2\/pages\/10632"}],"wp:attachment":[{"href":"https:\/\/reto.cn\/php\/hanyu\/wp-json\/wp\/v2\/media?parent=10931"}],"curies":[{"name":"wp","href":"https:\/\/api.w.org\/{rel}","templated":true}]}}