{"id":11160,"date":"2022-04-04T15:44:10","date_gmt":"2022-04-04T07:44:10","guid":{"rendered":"https:\/\/reto.cn\/php\/hanyu\/abc-de-esperanto\/leciono-1-6\/"},"modified":"2024-10-30T07:54:10","modified_gmt":"2024-10-29T23:54:10","slug":"leciono-6","status":"publish","type":"page","link":"https:\/\/reto.cn\/php\/hanyu\/elementa_kurso\/leciono-6\/","title":{"rendered":"\u4e16\u754c\u8bed\u5165\u95e8 \u7b2c\u516d\u8bfe"},"content":{"rendered":"<h3 style=\"text-align: center;\"><strong>Leciono 6<\/strong><\/h3>\n<p><strong>I. \u751f\u8bcd\uff08Novaj Vortoj\uff09:<\/strong><br \/>\n<audio style=\"margin: auto; top: 0; right: 0; bottom: 0; left: 0;\" src=\"https:\/\/reto.cn\/audi\/elementa_kurso\/6\/vortoj.mp3\" controls=\"controls\"><\/audio><br \/>\nkiom \u591a\u5c11<br \/>\nkioma \u7b2c\u51e0\u4e2a<br \/>\nunu \u4e00<br \/>\ndu \u4e8c<br \/>\ntri \u4e09<br \/>\nkvar \u56db<br \/>\nkvin \u4e94<br \/>\nses \u516d<br \/>\nsep \u4e03<br \/>\nok \u516b<br \/>\nna\u016d \u4e5d<br \/>\ndek \u5341<br \/>\nunua \u7b2c\u4e00<br \/>\nhoro \u5c0f\u65f6<br \/>\nleciono \u8bfe<br \/>\nnun \u73b0\u5728<br \/>\n\u011dis \u5230\u2026\u6b62<br \/>\nhodia\u016d \u4eca\u5929<br \/>\nni \u6211\u4eec<\/p>\n<p><strong>II. \u8bfe\u6587\uff08Teksto\uff09\uff1a<\/strong><br \/>\n<audio style=\"margin: auto; top: 0; right: 0; bottom: 0; left: 0;\" src=\"https:\/\/reto.cn\/audi\/elementa_kurso\/6\/teksto.mp3\" controls=\"controls\"><\/audio><br \/>\nKiom estas unu kaj unu?<br \/>\n\u4e00\u52a0\u4e00\u7b49\u4e8e\u51e0\uff1f<br \/>\nUnu kaj unu estas du.<br \/>\n\u4e00\u52a0\u4e00\u7b49\u4e8e\u4e8c\u3002<br \/>\nNi lernas la sesan lecionon.<br \/>\n\u6211\u4eec\u5b66\u4e60\u7b2c\u516d\u8bfe\u3002<\/p>\n<p><strong>III. \u66ff\u6362\u548c\u590d\u4e60\uff08Substituoj kaj ripetoj\uff09\uff1a<\/strong><br \/>\n<audio style=\"margin: auto; top: 0; right: 0; bottom: 0; left: 0;\" src=\"https:\/\/reto.cn\/audi\/elementa_kurso\/6\/ripeto.mp3\" controls=\"controls\"><\/audio><br \/>\n1. Unu kaj du estas tri.<br \/>\n2. Du kaj du estas kvar.<br \/>\n3. Tri kaj du estas kvin.<br \/>\n4. Tri kaj tri estas ses.<br \/>\n5. Kvar kaj kvar estas ok.<br \/>\n6. Kvin kaj kvin estas dek.<br \/>\n7. Ses kaj ses estas dek du.<br \/>\n8. Kioma horo estas?<br \/>\n9. Nun estas la oka horo.\uff08\u8fd9 horo \u53ef\u4ee5\u4e0d\u8bf4\u51fa\u6765\uff09<br \/>\n10. Nun estas la dudeka (horo).<br \/>\n11. \u011cis kioma horo vi lernas?<br \/>\nMi lernas \u011dis la na\u016da horo.<br \/>\n12. Unu libro kaj unu libro estas du libroj.<\/p>\n<p><strong>IV. \u8bed\u6cd5\uff08Gramatiko\uff09\uff1a<\/strong><\/p>\n<p>1. \u4e16\u754c\u8bed\u6570\u8bcd\u6784\u6210\u7684\u89c4\u5f8b\u5b8c\u5168\u548c\u6c49\u8bed\u4e00\u6837\uff0c\u53ea\u8981\u5b66\u4f1a\u57fa\u6570\u8bcd\uff1a<br \/>\nunu\uff08\u4e00\uff09du \uff08\u4e8c\uff09tri \uff08\u4e09\uff09kvar \uff08\u56db\uff09kvin \uff08\u4e94\uff09 ses \uff08\u516d\u3009sep \uff08\u4e03\uff09ok \uff08\u516b\uff09na\u016d \uff08\u4e5d\uff09dek \uff08\u5341\uff09\u5c31\u53ef\u4ee5\u4ece\u4e00\u6570\u5230\u4e5d\u5341\u4e5d\uff0c\u800c\u4e0d\u5fc5\u53e6\u5916\u5b66\u5341\u4e00\uff0c\u5341\u4e8c\uff0c\u5341\u4e09\uff0c\u4e8c\u5341\uff0c &#8230;\u4e5d\u5341\u7684\u8bf4\u6cd5\u3002<\/p>\n<p>\u4e16\u754c\u8bed\u8bf4\u4e5d\u5341\u4e5d\u5c31\u662f na\u016ddek na\u016d\uff0c\u5199\u6cd5\u4e0a\u662f\u76f8\u4e58\u8fde\u5199 \uff08na\u016ddek\uff09\uff0c\u76f8\u52a0\u5206\u5199\uff08na\u016ddek na\u016d\uff09\u3002<\/p>\n<p>2. \u5e8f\u6570\u8bcd\u53ea\u8981\u5728\u57fa\u6570\u8bcd\u540e\u9762\u52a0\u4e0a -a \u5c31\u884c\u4e86\u3002\uff08\u597d\u6bd4\u6c49\u8bed\u4e2d\u53ea\u8981\u52a0\u4e0a\u201c\u7b2c\u201d\uff09\u5982\uff1a unua \uff08\u7b2c\u4e00\uff09\uff0cdudeka \uff08\u7b2c\u4e8c\u5341\uff09\u3002<\/p>\n<p><strong>V. \u53e3\u8bed\u5e38\u7528\u53e5\uff08Konversacio\uff09\uff1a<\/strong><br \/>\n<audio style=\"margin: auto; top: 0; right: 0; bottom: 0; left: 0;\" src=\"https:\/\/reto.cn\/audi\/elementa_kurso\/6\/konversacio.mp3\" controls=\"controls\"><\/audio><br \/>\nKioma horo estas?<br \/>\n\u51e0\u70b9\u949f\u4e86\uff1f<\/p>\n<p><strong>VI. \u7ec3\u4e60\uff08Ekzerco\uff09\uff1a<\/strong><\/p>\n<p>1. \u5c06\u201c\u66ff\u6362\u548c\u590d\u4e60\u201d12\u53e5\u5168\u90e8\u8bd1\u6210\u6c49\u8bed\u3002<br \/>\n2. \u7528\u4e16\u754c\u8bed\u5199\u51fa\u4e0b\u5217\u6570\u5b57\uff1a<br \/>\n9\uff0c18\uff0c32\uff0c75\uff0c24\uff0c66\uff0c53\uff0c81\uff0c99\uff0c47<br \/>\n3. \u5199\u51fa\u5e8f\u6570\u8bcd\u7b2c\u4e00\uff0c\u2026\u2026\uff0c\u7b2c\u5341\u3002<br \/>\n4. \u4e16\u8bd1\u6c49\uff1a<br \/>\n<audio style=\"margin: auto; top: 0; right: 0; bottom: 0; left: 0;\" src=\"https:\/\/reto.cn\/audi\/elementa_kurso\/6\/ekzerco.mp3\" controls=\"controls\"><\/audio><br \/>\n\u2460 Hodia\u016d mi lernas \u011dis la na\u016da horo.<br \/>\n\u2461 Mi havas kvar fratojn kaj du fratinojn.<br \/>\n\u2462 En angla lernejo estas multaj belaj lernantoj.<br \/>\n\u2463 Li Ming havas tri novajn kaj kvin malnovajn librojn.<br \/>\n\u2464 Mia patro kaj patrino laboras ne en fabriko. \uff08\u6717\u8bfb\u8005\u8bef\u8bfb\u6210 ne laboras\uff09<br \/>\n5. \u6c49\u8bd1\u4e16\uff1a<br \/>\n\u2460. \u4e94\u52a0\u516d\u7b49\u4e8e\u5341\u4e00\u3002<br \/>\n\u2461. \u4e03\u52a0\u516b\u7b49\u4e8e\u5341\u4e94\u3002<br \/>\n\u2462. \u5341\u52a0\u4e8c\u5341\u7b49\u4e8e\u4e09\u5341\u3002<br \/>\n\u2463. \u73b0\u5728\u662f\u56db\u70b9\u949f\u3002<\/p>\n<p>\u672c\u8bfe\u6717\u8bfb\u8005\uff1aUbiracir Hagermann \uff08\u5df4\u897f\uff09<br \/>\nVo\u0109leginto: Ubiracir Hagermann el Brazilo<\/p>\n<p><img decoding=\"async\" loading=\"lazy\" class=\"alignnone size-medium\" src=\"https:\/\/reto.cn\/bildo\/cina\/elementa_kurso\/brazila.gif\" width=\"164\" height=\"115\" \/> <img decoding=\"async\" loading=\"lazy\" class=\"alignnone size-medium\" src=\"https:\/\/reto.cn\/bildo\/cina\/elementa_kurso\/ubiracir_hagermann_brazilio.jpg\" width=\"151\" height=\"115\" \/><\/p>\n<p>\u4e16\u754c\u8bed\u5165\u95e8\u00a0 <a href=\"https:\/\/reto.cn\/php\/hanyu\/elementa_kurso\/leciono-5\">\u7b2c\u4e94\u8bfe<\/a><br \/>\n\u4e16\u754c\u8bed\u5165\u95e8\u00a0 <a href=\"https:\/\/reto.cn\/php\/hanyu\/elementa_kurso\/leciono-7\">\u7b2c\u4e03\u8bfe<\/a><\/p>\n<p>\u8fd4\u56de\u00a0<a href=\"https:\/\/reto.cn\/php\/hanyu\/elementa_kurso\/\">\u80e1\u56fd\u67f1\u4e16\u754c\u8bed\u521d\u7ea7\u6559\u7a0b<\/a><br \/>\nreveni al\u00a0<a href=\"https:\/\/reto.cn\/php\/hanyu\/elementa_kurso\/\"><em>ABC de ESPERANTO<\/em><\/a><\/p>\n","protected":false},"excerpt":{"rendered":"<p>Leciono 6 I. \u751f\u8bcd\uff08Novaj Vortoj\uff09: kiom \u591a\u5c11 kioma \u7b2c\u51e0\u4e2a unu \u4e00 \u2026 <span class=\"read-more\"><a href=\"https:\/\/reto.cn\/php\/hanyu\/elementa_kurso\/leciono-6\/\">\u7ee7\u7eed\u9605\u8bfb Legi pli &raquo;<\/a><\/span><\/p>\n","protected":false},"author":1,"featured_media":0,"parent":11077,"menu_order":0,"comment_status":"open","ping_status":"closed","template":"","meta":{"footnotes":""},"_links":{"self":[{"href":"https:\/\/reto.cn\/php\/hanyu\/wp-json\/wp\/v2\/pages\/11160"}],"collection":[{"href":"https:\/\/reto.cn\/php\/hanyu\/wp-json\/wp\/v2\/pages"}],"about":[{"href":"https:\/\/reto.cn\/php\/hanyu\/wp-json\/wp\/v2\/types\/page"}],"author":[{"embeddable":true,"href":"https:\/\/reto.cn\/php\/hanyu\/wp-json\/wp\/v2\/users\/1"}],"replies":[{"embeddable":true,"href":"https:\/\/reto.cn\/php\/hanyu\/wp-json\/wp\/v2\/comments?post=11160"}],"version-history":[{"count":0,"href":"https:\/\/reto.cn\/php\/hanyu\/wp-json\/wp\/v2\/pages\/11160\/revisions"}],"up":[{"embeddable":true,"href":"https:\/\/reto.cn\/php\/hanyu\/wp-json\/wp\/v2\/pages\/11077"}],"wp:attachment":[{"href":"https:\/\/reto.cn\/php\/hanyu\/wp-json\/wp\/v2\/media?parent=11160"}],"curies":[{"name":"wp","href":"https:\/\/api.w.org\/{rel}","templated":true}]}}