{"id":11162,"date":"2022-04-04T15:44:10","date_gmt":"2022-04-04T07:44:10","guid":{"rendered":"https:\/\/reto.cn\/php\/hanyu\/abc-de-esperanto\/leciono-1-8\/"},"modified":"2024-11-11T00:56:33","modified_gmt":"2024-11-10T16:56:33","slug":"leciono-8","status":"publish","type":"page","link":"https:\/\/reto.cn\/php\/hanyu\/elementa_kurso\/leciono-8\/","title":{"rendered":"\u4e16\u754c\u8bed\u5165\u95e8 \u7b2c\u516b\u8bfe"},"content":{"rendered":"<h3 style=\"text-align: center;\"><strong>Leciono 8<\/strong><\/h3>\n<p><strong>I. \u751f\u8bcd\uff08Novaj Vortoj\uff09:<\/strong><br \/>\n<audio style=\"margin: auto; top: 0; right: 0; bottom: 0; left: 0;\" src=\"https:\/\/reto.cn\/audi\/elementa_kurso\/8\/vortoj.mp3\" controls=\"controls\"><\/audio><br \/>\nkial \u4e3a\u4ec0\u4e48<br \/>\n\u0109ar \u56e0\u4e3a<br \/>\nutila \u6709\u7528\u7684\uff1b\u6709\u76ca\u7684<br \/>\n\u015datas \u559c\u6b22<br \/>\nsata \u9971\u7684<br \/>\ndormas \u7761\u89c9<br \/>\nlaboro \u5de5\u4f5c<br \/>\nlaca \u75b2\u5026\u7684<br \/>\nmulte \u591a\u591a\u5730<br \/>\nbonveno \u6b22\u8fce<br \/>\n\u3010\u6ce8\uff1a1983\u5e74\u7248\u539f\u6587\u4e3a bonveno<em>n<\/em>\u3002\u6717\u8bfb\u97f3\u9891\u662f\u6309\u71671983\u5e74\u6587\u672c\u7248\u672c\u5f55\u5236\u7684\u3002\u3011<\/p>\n<p><strong>II. \u8bfe\u6587\uff08Teksto\uff09\uff1a<\/strong><br \/>\n<audio style=\"margin: auto; top: 0; right: 0; bottom: 0; left: 0;\" src=\"https:\/\/reto.cn\/audi\/elementa_kurso\/8\/teksto.mp3\" controls=\"controls\"><\/audio><br \/>\nKial vi lernas Esperanton?<br \/>\n\u4f60\u4e3a\u4ec0\u4e48\u5b66\u4e60\u4e16\u754c\u8bed\uff1f<br \/>\n\u0108ar \u011di estas utila.<br \/>\n\u56e0\u4e3a\u5b83\u662f\u6709\u7528\u7684\u3002<br \/>\nKial vi \u015datas rozon?<br \/>\n\u4f60\u4e3a\u4ec0\u4e48\u559c\u6b22\u73ab\u7470?<br \/>\n\u0108ar \u011di estas bela.<br \/>\n\u56e0\u4e3a\u5b83\u662f\u7f8e\u4e3d\u7684.<\/p>\n<p><strong>III. \u66ff\u6362\u548c\u590d\u4e60\uff08Substituoj kaj ripetoj\uff09\uff1a<\/strong><br \/>\n<audio style=\"margin: auto; top: 0; right: 0; bottom: 0; left: 0;\" src=\"https:\/\/reto.cn\/audi\/elementa_kurso\/8\/ripeto.mp3\" controls=\"controls\"><\/audio><br \/>\n1. Kial vi ne man\u011das?<br \/>\n2. \u0108ar mi estas sata.<br \/>\n3. Kial vi ne dormas?<br \/>\n4. \u0108ar mi havas multajn laborojn.<br \/>\n5. Kial li dormas en la tago?<br \/>\n6. \u0108ar li estas laca.<br \/>\n7. \u0108u vi estas laca? Ne, mi ne estas laca.<br \/>\n8. \u0108u vi estas sata? Jes, \u0109ar mi multe man\u011dis.<br \/>\n9. Kial vi \u015datas Esperanton?<br \/>\n10. \u0108ar \u011di estas utila kaj facila.<br \/>\n11. Kial vi \u015datas la libron?<br \/>\n12. \u0108ar \u011di estas interesa.<br \/>\n13. Kial li man\u011das multe?<br \/>\n14. \u0108ar li estas malsata.<\/p>\n<p><strong>IV. \u8bed\u6cd5\uff08Gramatiko\uff09\uff1a<\/strong><\/p>\n<p>\u4e16\u754c\u8bed\u526f\u8bcd\u7684\u8bcd\u5c3e\u662f -e\u3002\u526f\u8bcd\u4fee\u9970\u52a8\u8bcd\u3001\u5f62\u5bb9\u8bcd\u548c\u526f\u8bcd\u3002<\/p>\n<p><strong>V. \u53e3\u8bed\u5e38\u7528\u53e5\uff08Konversacio\uff09\uff1a<\/strong><br \/>\n<audio style=\"margin: auto; top: 0; right: 0; bottom: 0; left: 0;\" src=\"https:\/\/reto.cn\/audi\/elementa_kurso\/8\/konversacio.mp3\" controls=\"controls\"><\/audio><br \/>\nBonvenon! \u6b22\u8fce\uff01<\/p>\n<p><strong>VI. \u7ec3\u4e60\uff08Ekzerco\uff09\uff1a<\/strong><\/p>\n<p>1. \u5c06\u66ff\u6362\u548c\u590d\u4e6014\u53e5\u5168\u90e8\u8bd1\u6210\u6c49\u8bed\u3002<br \/>\n2. \u5c06\u4e0b\u5217\u5355\u8bcd\u6539\u4e3a\u526f\u8bcd\u5e76\u7ffb\u8bd1\u6210\u6c49\u8bed\uff1a<br \/>\nmateno, tago, tagmezo, unua, dua, tria, vespero, nova, bela, sata<br \/>\n3. \u4e16\u8bd1\u6c49\uff1a<br \/>\n<audio style=\"margin: auto; top: 0; right: 0; bottom: 0; left: 0;\" src=\"https:\/\/reto.cn\/audi\/elementa_kurso\/8\/ekzerco.mp3\" controls=\"controls\"><\/audio><br \/>\n\u2460 Mi malmulte vesperman\u011das, \u0109ar mi ne estas malsata.<br \/>\n\u2461 Vespere je la dek-oka horo mi jam vesperman\u011dis.<br \/>\n\u2462 Nun mi lernis sesan kaj sepan lecionojn.<br \/>\n\u2463 Kiam vi tagman\u011dis?<br \/>\n4. \u6c49\u8bd1\u4e16\uff1a<br \/>\n\u2460 \u5e74\u8f7b\u5de5\u4eba\u4e0d\u75b2\u5026\uff0c\u4ed6\u5b66\u4e60\u4e16\u754c\u8bed\u3002<br \/>\n\u2461 \u5e74\u8001\u5de5\u4eba\u7761\u4e86\uff0c\u56e0\u4e3a\u4ed6\u75b2\u5026\u3002<br \/>\n\u2462 \u60a8\u559c\u6b22\u8fd9\u672c\u4e66\u5417\uff1f<br \/>\n\u2463 \u662f\u7684\uff0c\u6211\u559c\u6b22\uff0c\u56e0\u4e3a\u5b83\u6709\u8da3\u3001\u6709\u76ca\u3002<\/p>\n<p>\u672c\u8bfe\u6717\u8bfb\u8005\uff1aDebora\uff08\u5fb7\u56fd\uff09<br \/>\nVo\u0109leginto: Debora el Germanio<\/p>\n<p><img decoding=\"async\" loading=\"lazy\" class=\"alignnone size-medium\" src=\"https:\/\/reto.cn\/bildo\/cina\/elementa_kurso\/germana.gif\" width=\"191\" height=\"115\" \/> <img decoding=\"async\" loading=\"lazy\" class=\"alignnone size-medium\" src=\"https:\/\/reto.cn\/bildo\/cina\/elementa_kurso\/debora_germana.jpg\" width=\"118\" height=\"115\" \/><\/p>\n<p>\u4e16\u754c\u8bed\u5165\u95e8\u00a0 <a href=\"https:\/\/reto.cn\/php\/hanyu\/elementa_kurso\/leciono-7\">\u7b2c\u4e03\u8bfe<\/a><br \/>\n\u4e16\u754c\u8bed\u5165\u95e8\u00a0 <a href=\"https:\/\/reto.cn\/php\/hanyu\/elementa_kurso\/leciono-9\">\u7b2b\u4e5d\u8bfe<\/a><\/p>\n<p>\u8fd4\u56de\u00a0<a href=\"https:\/\/reto.cn\/php\/hanyu\/elementa_kurso\/\">\u80e1\u56fd\u67f1\u4e16\u754c\u8bed\u521d\u7ea7\u6559\u7a0b<\/a><br \/>\nreveni al\u00a0<a href=\"https:\/\/reto.cn\/php\/hanyu\/elementa_kurso\/\"><em>ABC de ESPERANTO<\/em><\/a><\/p>\n","protected":false},"excerpt":{"rendered":"<p>Leciono 8 I. \u751f\u8bcd\uff08Novaj Vortoj\uff09: kial \u4e3a\u4ec0\u4e48 \u0109ar \u56e0\u4e3a utila \u6709\u7528\u2026 <span class=\"read-more\"><a href=\"https:\/\/reto.cn\/php\/hanyu\/elementa_kurso\/leciono-8\/\">\u7ee7\u7eed\u9605\u8bfb Legi pli &raquo;<\/a><\/span><\/p>\n","protected":false},"author":1,"featured_media":0,"parent":11077,"menu_order":0,"comment_status":"open","ping_status":"closed","template":"","meta":{"footnotes":""},"_links":{"self":[{"href":"https:\/\/reto.cn\/php\/hanyu\/wp-json\/wp\/v2\/pages\/11162"}],"collection":[{"href":"https:\/\/reto.cn\/php\/hanyu\/wp-json\/wp\/v2\/pages"}],"about":[{"href":"https:\/\/reto.cn\/php\/hanyu\/wp-json\/wp\/v2\/types\/page"}],"author":[{"embeddable":true,"href":"https:\/\/reto.cn\/php\/hanyu\/wp-json\/wp\/v2\/users\/1"}],"replies":[{"embeddable":true,"href":"https:\/\/reto.cn\/php\/hanyu\/wp-json\/wp\/v2\/comments?post=11162"}],"version-history":[{"count":0,"href":"https:\/\/reto.cn\/php\/hanyu\/wp-json\/wp\/v2\/pages\/11162\/revisions"}],"up":[{"embeddable":true,"href":"https:\/\/reto.cn\/php\/hanyu\/wp-json\/wp\/v2\/pages\/11077"}],"wp:attachment":[{"href":"https:\/\/reto.cn\/php\/hanyu\/wp-json\/wp\/v2\/media?parent=11162"}],"curies":[{"name":"wp","href":"https:\/\/api.w.org\/{rel}","templated":true}]}}