{"id":11164,"date":"2022-04-04T15:44:10","date_gmt":"2022-04-04T07:44:10","guid":{"rendered":"https:\/\/reto.cn\/php\/hanyu\/abc-de-esperanto\/leciono-1-10\/"},"modified":"2024-10-30T07:56:32","modified_gmt":"2024-10-29T23:56:32","slug":"leciono-10","status":"publish","type":"page","link":"https:\/\/reto.cn\/php\/hanyu\/elementa_kurso\/leciono-10\/","title":{"rendered":"\u4e16\u754c\u8bed\u521d\u7ea7\u6559\u7a0b \u7b2c\u5341\u8bfe"},"content":{"rendered":"<h3 style=\"text-align: center;\"><strong>Leciono 10<\/strong><\/h3>\n<p><strong>I. \u751f\u8bcd\uff08Novaj Vortoj\uff09:<\/strong><br \/>\n<audio style=\"margin: auto; top: 0; right: 0; bottom: 0; left: 0;\" src=\"https:\/\/reto.cn\/audi\/elementa_kurso\/10\/vortoj.mp3\" controls=\"controls\"><\/audio><br \/>\nel \u6765\u81ea\u2026\u2026<br \/>\nlegas \u9605\u8bfb<br \/>\nkies \u8c01\u7684<br \/>\npopola \u4eba\u6c11\u7684<br \/>\nmuro \u5899<br \/>\nvorto \u5355\u8bcd<br \/>\nsur \u5728\u2026\u2026\u4e0a<br \/>\nde \u2026\u2026\u7684<br \/>\ntie \u5728\u90a3\u91cc<br \/>\nportreto \u8096\u8c61<br \/>\n\u0108inio \u4e2d\u56fd<br \/>\nABC \u5165\u95e8<\/p>\n<p><strong>II. \u8bfe\u6587\uff08Teksto\uff09\uff1a<\/strong><br \/>\n<audio style=\"margin: auto; top: 0; right: 0; bottom: 0; left: 0;\" src=\"https:\/\/reto.cn\/audi\/elementa_kurso\/10\/teksto.mp3\" controls=\"controls\"><\/audio><\/p>\n<p>Kies libro estas tie sur la tablo?<br \/>\n\u8c01\u7684\u4e66\u5728\u90a3\u684c\u5b50\u4e0a\uff1f<br \/>\nSur la tablo estas la libro de mia frato.<br \/>\n\u6211\u5144\u5f1f\u7684\u4e66\u5728\u684c\u4e0a\u3002<br \/>\nKies libron vi legas?<br \/>\n\u4f60\u8bfb\u8c01\u7684\u4e66\uff1f<br \/>\nMi legas la libron de mia fratino.<br \/>\n\u6211\u8bfb\u6211\u59d0\u59d0\u7684\u4e66\u3002<\/p>\n<p><strong>III. \u66ff\u6362\u548c\u590d\u4e60\uff08Substituoj kaj ripetoj\uff09\uff1a<\/strong><br \/>\n<audio style=\"margin: auto; top: 0; right: 0; bottom: 0; left: 0;\" src=\"https:\/\/reto.cn\/audi\/elementa_kurso\/10\/ripeto.mp3\" controls=\"controls\"><\/audio><br \/>\n1. Kies libro estas nova?<br \/>\n2. Mia libro estas nova.<br \/>\n3. Kies lernantoj vi estas?<br \/>\n4. Ni estas viaj lernantoj.<br \/>\n5. Ni estas lernantoj de Doktoro Zamenhof.<br \/>\n6. Kies portreto estas tie sur la muro?<br \/>\n7. Tie estas la portreto de Doktoro Zamenhof.<br \/>\n8. Kies gazeto estas tio?<br \/>\n9. Tio estas mia gazeto.<br \/>\n10. Kio estas \u011dia nomo?<br \/>\n11. \u011cia nomo estas &#8220;El Popola \u0108inio&#8221;.\uff08\u4e2d\u56fd\u62a5\u9053\uff09<br \/>\n12. La gazeto estas bela, bona, utila kaj interesa.<br \/>\n13. Mi \u015datas \u011din. Mi legas \u011din. Mi legas malrapide.<br \/>\n14. Mi lernis dek lecionojn. (140 vortojn)<br \/>\n15. Tio estas &#8220;ABC de Esperanto&#8221;.<br \/>\n16. Esperanto estas internacia lingvo.<br \/>\n17. \u011ci estas bela, facila kaj utila lingvo.<br \/>\n18. Mi \u015datas \u011din.<br \/>\n19. Kamarado Zhang lernas bone.<br \/>\n20. Mi lernas rapide.<br \/>\n21. Mi havos novan libron.<br \/>\n22. Mi lernis, lernas kaj lernos Esperanton.<\/p>\n<p><strong>IV. \u8bed\u6cd5\uff08Gramatiko\uff09\uff1a<\/strong><\/p>\n<p>1. el\uff0cde\uff0csur \u662f\u4ecb\u8bcd\uff08\u524d\u7f6e\u8bcd\uff09\uff0c\u53ef\u4e0e\u5176\u4ed6\u8bcd\u7ec4\u6210\u4ecb\u8bcd\u77ed\u8bed\u3002<\/p>\n<p>2. \u52a8\u8bcd\u73b0\u5728\u65f6\u8bcd\u5c3e\u662f -as\uff0c\u8fc7\u53bb\u65f6\u662f -is\uff0c\u5c06\u6765\u65f6\u662f -os\uff0c\u547d\u4ee4\u5f0f\u4e3a -u\u3002\u5982\uff1alernas\uff0clernis\uff0clernos\uff0clernu\u3002<\/p>\n<p>3. \u4e16\u754c\u8bed\u4e2d\u5144\u548c\u5f1f\u90fd\u662f frato\uff0c\u59d0\u548c\u59b9\u90fd\u662f fratino\u3002\u4e2d\u56fd\u4eba\u559c\u6b22\u5206\u6e05\u695a\uff0c\u53ef\u52a0\u4e0aplia\u011da\uff08\u5e74\u957f\u7684\uff09\u6216 plijuna\uff08\u5e74\u5e7c\u7684\uff09\u3002\u5982 plia\u011da frato\uff08\u54e5\u54e5\uff09\uff0cplijuna fratino \uff08\u59b9\u59b9\uff09\u3002<\/p>\n<p><strong>V. \u53e3\u8bed\u5e38\u7528\u53e5\uff08Konversacio\uff09\uff1a<\/strong><br \/>\n<audio style=\"margin: auto; top: 0; right: 0; bottom: 0; left: 0;\" src=\"https:\/\/reto.cn\/audi\/elementa_kurso\/10\/konversacio.mp3\" controls=\"controls\"><\/audio><br \/>\nSaluton!\u00a0 \u60a8\u597d\uff01<\/p>\n<p><strong>VI. \u7ec3\u4e60\uff08Ekzerco\uff09\uff1a<\/strong><\/p>\n<p>1.\u5c06\u201c\u66ff\u6362\u548c\u590d\u4e60\u201d22\u53e5\u5168\u90e8\u8bd1\u6210\u6c49\u8bed\u3002<br \/>\n2.\u5199\u51fa\u4e0b\u5217\u52a8\u8bcd\u7684\u8fc7\u53bb\u65f6\uff0c\u5c06\u6765\u65f6\u548c\u547d\u4ee4\u5f0f\uff1a estas\uff0clernas\uff0claboras\uff0cman\u011das\uff0c tagman\u011das\uff0cmatenman\u011das\uff0cvesperman\u011das\uff0c\u015datas\uff0cdormas\uff0ckuras\uff0cparolas\uff0cflugas\uff0ciras\uff0ckantas\uff0cfartas\uff0clegas<br \/>\n3. \u4e16\u8bd1\u6c49\uff1a<br \/>\n<audio style=\"margin: auto; top: 0; right: 0; bottom: 0; left: 0;\" src=\"https:\/\/reto.cn\/audi\/elementa_kurso\/10\/ekzerco.mp3\" controls=\"controls\"><\/audio><br \/>\n\u2460 La flugma\u015dino flugas rapide.<br \/>\n\u2461 Matene mi legas lecionojn de Esperanto de la sesa \u011dis la sepa, je la oka mi laboras.<br \/>\n\u2462 Mi \u015datas la gazeton <em>El Popola \u0108inio<\/em>, \u0109ar \u011di estas utila kaj interesa.<br \/>\n\u3010\u6ce8\uff1a\u539f\u6587\u4e2d El Popola \u0108inio \u6807\u8bb0\u4e66\u540d\u53f7\u3002\u4e0b\u7c7b\u4f3c\u5185\u5bb9\u5df2\u5728\u539f\u5904\u66f4\u6539\u3002\u3011<br \/>\n\u2463 Lernu, lernu kaj lernu!<br \/>\nLaboru, laboru kaj laboru!<br \/>\n4. \u6c49\u8bd1\u4e16\uff1a<br \/>\n\u2460 \u5f20\u540c\u5fd7\u662f\u9752\u5e74\u5de5\u4eba\u3002<br \/>\n\u2461 \u4ed6\u5728\u5de5\u5382\u5de5\u4f5c\u3002<br \/>\n\u2462 \u4ed6\u5de5\u4f5c\u5f97\u5f88\u597d\u3002<br \/>\n\u2463 \u9752\u5e74\u5de5\u4eba\u5b66\u4e60\u56fd\u9645\u7684\u8bed\u8a00\u2014\u2014\u4e16\u754c\u8bed\u3002<br \/>\n\u2464 \u4ed6\u6709\u67f4\u95e8\u970d\u592b\u7684\u8096\u8c61\u3002<\/p>\n<p>\u672c\u8bfe\u6717\u8bfb\u8005\uff1aMartha Carmona R\u00edos\uff08\u58a8\u897f\u54e5\uff09<br \/>\nVo\u0109leginto: Martha Carmona R\u00edos el Meksiko<\/p>\n<p><img decoding=\"async\" loading=\"lazy\" class=\"alignnone size-medium\" src=\"https:\/\/reto.cn\/bildo\/cina\/elementa_kurso\/meksika.gif\" width=\"202\" height=\"115\" \/> <img decoding=\"async\" loading=\"lazy\" class=\"alignnone size-medium\" src=\"https:\/\/reto.cn\/bildo\/cina\/elementa_kurso\/martha_carmona_r%C3%ADos_meksikio.jpg\" width=\"115\" height=\"115\" \/><\/p>\n<p>\u4e0a\u4e00\u8bfe\u00a0 <a href=\"https:\/\/reto.cn\/php\/hanyu\/elementa_kurso\/leciono-9\">\u7b2b\u4e5d\u8bfe<\/a><br \/>\n\u4e16\u754c\u8bed\u5165\u95e8 <a href=\"https:\/\/reto.cn\/php\/hanyu\/elementa_kurso\/ripeti\/\">\u5355\u5143\u590d\u4e60<\/a><\/p>\n<p>\u8fd4\u56de\u00a0<a href=\"https:\/\/reto.cn\/php\/hanyu\/elementa_kurso\/\">\u80e1\u56fd\u67f1\u4e16\u754c\u8bed\u521d\u7ea7\u6559\u7a0b<\/a><br \/>\nreveni al\u00a0<a href=\"https:\/\/reto.cn\/php\/hanyu\/elementa_kurso\/\"><em>ABC de ESPERANTO<\/em><\/a><\/p>\n","protected":false},"excerpt":{"rendered":"<p>Leciono 10 I. \u751f\u8bcd\uff08Novaj Vortoj\uff09: el \u6765\u81ea\u2026\u2026 legas \u9605\u8bfb kies \u8c01\u2026 <span class=\"read-more\"><a href=\"https:\/\/reto.cn\/php\/hanyu\/elementa_kurso\/leciono-10\/\">\u7ee7\u7eed\u9605\u8bfb Legi pli &raquo;<\/a><\/span><\/p>\n","protected":false},"author":1,"featured_media":0,"parent":11077,"menu_order":0,"comment_status":"open","ping_status":"closed","template":"","meta":{"footnotes":""},"_links":{"self":[{"href":"https:\/\/reto.cn\/php\/hanyu\/wp-json\/wp\/v2\/pages\/11164"}],"collection":[{"href":"https:\/\/reto.cn\/php\/hanyu\/wp-json\/wp\/v2\/pages"}],"about":[{"href":"https:\/\/reto.cn\/php\/hanyu\/wp-json\/wp\/v2\/types\/page"}],"author":[{"embeddable":true,"href":"https:\/\/reto.cn\/php\/hanyu\/wp-json\/wp\/v2\/users\/1"}],"replies":[{"embeddable":true,"href":"https:\/\/reto.cn\/php\/hanyu\/wp-json\/wp\/v2\/comments?post=11164"}],"version-history":[{"count":0,"href":"https:\/\/reto.cn\/php\/hanyu\/wp-json\/wp\/v2\/pages\/11164\/revisions"}],"up":[{"embeddable":true,"href":"https:\/\/reto.cn\/php\/hanyu\/wp-json\/wp\/v2\/pages\/11077"}],"wp:attachment":[{"href":"https:\/\/reto.cn\/php\/hanyu\/wp-json\/wp\/v2\/media?parent=11164"}],"curies":[{"name":"wp","href":"https:\/\/api.w.org\/{rel}","templated":true}]}}