{"id":11819,"date":"2022-06-04T23:58:24","date_gmt":"2022-06-04T15:58:24","guid":{"rendered":"https:\/\/reto.cn\/php\/hanyu\/esperantologio\/esperanta-literaturo\/artikolo-1-2-4\/"},"modified":"2022-06-06T23:24:25","modified_gmt":"2022-06-06T15:24:25","slug":"artikolo-5","status":"publish","type":"page","link":"https:\/\/reto.cn\/php\/hanyu\/esperantologio\/esperanta-literaturo\/artikolo-5\/","title":{"rendered":"\u4e16\u754c\u8bed\u6587\u5b66\u7410\u8bdd"},"content":{"rendered":"<h3><strong>\u5e15\u5229\u534e\u7684\u6587\u5b66\u521b\u4f5c<\/strong><\/h3>\n<p>\u4e3a\u4e86\u63a8\u52a8\u4e16\u754c\u8bed\u8fd0\u52a8\u7684\u53d1\u5c55\uff0c\u8bb8\u591a\u4e16\u754c\u8bed\u4f5c\u5bb6\uff0c\u90fd\u66fe\u7f16\u5199\u8fc7\u4e16\u754c\u8bed\u8bfe\u672c\uff0c\u81f3\u4eca\u8fd8\u88ab\u4eba\u4eec\u79f0\u9053\u7684\uff0c\u662f\u4e16\u8fd0\u5148\u9a71\u3001\u4f5c\u5bb6\u5e15\u5229\u534e\u91c7\u7528\u201c\u76f4\u63a5\u6559\u5b66\u6cd5\u201d\u7f16\u5199\u7684\u90a3\u672c\u300a\u8bb2\u4e60\u73ed\u8bfe\u672c\u300b\uff08Kursa kernolibro\uff0c1911\u51fa\u7248\uff09\uff0c\u5168\u4e6650\u8bfe\uff0c\u6ca1\u6709\u6c11\u65cf\u8bed\u89e3\u8bf4\uff0c\u5728\u5168\u4e16\u754c\u88ab\u5e7f\u6cdb\u5e94\u7528\u3002<\/p>\n<p>\u8bf4\u8d77\u8fd9\u4f4d\u5e15\u5229\u534e\uff08Edmond Privat\uff09\uff0c\u53ef\u662f\u4e16\u754c\u8bed\u8fd0\u52a8\u4e2d\u7684\u4f20\u5947\u4eba\u7269\u3002\u4ed61889\u5e74\u51fa\u751f\u5728\u745e\u58eb\u7684\u65e5\u5185\u74e6\uff0c\u90a3\u662f\u8bb2\u6cd5\u8bed\u7684\u5730\u533a\u3002\u4ed6\u5728\u5df4\u9ece\u653b\u8bfb\u8bed\u8a00\u5b66\u548c\u6587\u5b66\uff0c\u6bd5\u4e1a\u540e\u4ece\u4e8b\u8bb0\u8005\u3001\u7ffb\u8bd1\u7b49\u5de5\u4f5c\uff0c\u575a\u6301\u5199\u4f5c\uff0c\u540e\u6765\u5230\u5927\u5b66\u5f53\u6559\u6388\u3002<\/p>\n<div style=\"width: 250px\" class=\"wp-caption aligncenter\"><img decoding=\"async\" loading=\"lazy\" src=\"https:\/\/reto.cn\/bildo\/cina\/esperantologio\/esperanta-literaturo\/artikolo-5\/bildo-1.png\" alt=\"\" width=\"240\" height=\"345\" \/><p class=\"wp-caption-text\">Edmond Privat (1889-1962)<\/p><\/div>\n<p>\u4ed6\u5b66\u4f1a\u4e16\u754c\u8bed\u65f6\uff0c\u8fd8\u662f\u4e2a\u5341\u51e0\u5c81\u7684\u5c11\u5e74\u30021903\u5e74\u4ed6\u5c31\u540c\u970d\u5fb7\u52d2\uff08H. Hodler\uff09\u521b\u529e\u4e86\u300a\u9752\u5e74\u4e16\u754c\u8bed\u8005\u300b\uff08Juna Esperantisto\uff09\u6742\u5fd7\uff1b1905\u5e74\uff0c\u4ed6\u5f92\u6b65\u5230\u6cd5\u56fd\u7684\u5e03\u4f26\u53c2\u52a0\u7b2c\u4e00\u5c4a\u56fd\u9645\u4e16\u754c\u8bed\u5927\u4f1a\uff0c\u800c\u4e14\u5728\u4f1a\u4e0a\u53d1\u8868\u4e86\u51fa\u8272\u7684\u6f14\u8bb2\u2014\u2014\u90a3\u4e00\u5e74\u4ed6\u521a\u5341\u516d\u5c81\uff0c\u662f\u5927\u4f1a\u5e74\u9f84\u6700\u5c0f\u7684\u51fa\u5e2d\u8005\uff01\u63a5\u7740\u4ed6\u540c\u970d\u5fb7\u52d2\u521b\u529e\u4e86\u56fd\u9645\u4e16\u754c\u8bed\u534f\u4f1a\uff08Universala Esp-Asocio\uff09\uff0c1924-1928\u5e74\uff0c\u4ed6\u62c5\u4efb\u56fd\u9645\u4e16\u534f\uff08UEA\uff09\u7684\u4e3b\u5e2d\uff0c\u4ed6\u5c31\u4ee5UEA\u4e3b\u5e2d\u7684\u8eab\u4efd\u540c\u201c\u56fd\u8054\u201d\uff08La Ligo de Nacioj\uff09\u63a5\u89e6\uff0c\u5411\u8fd9\u4e2a\u56fd\u9645\u7ec4\u7ec7\u5ba3\u4f20\u4e16\u754c\u8bed\u3002<\/p>\n<p>\u5728\u4e16\u754c\u8bed\u6587\u5b66\u9886\u57df\uff0c\u4ed6\u6700\u521d\u7684\u521b\u4f5c\u662f\u8bd7\u6b4c\uff0c\u6b4c\u548f\u9752\u6625\u3001\u7231\u60c5\u7b49\u3002\u4ed6\u7684\u8bd7\u4f5c\u6280\u5de7\u6210\u719f\uff0c\u5145\u6ee1\u6d3b\u529b\uff0c\u88ab\u8d5e\u4e3a\u662f\u7b2c\u4e00\u6b21\u4e16\u754c\u5927\u6218\u524d\u201c\u4e16\u754c\u8bed\u6587\u5b66\u91cc\u7b2c\u4e00\u4f4d\u771f\u6b63\u7684\u6292\u60c5\u4e4b\u58f0\u201d\uff08la unua vere lirika vo\u0109o en la Esp-a literaturo\uff09\u3002\u2474 \u6211\u4e0d\u59a8\u5728\u8fd9\u91cc\u5f15\u4e0a\u4e00\u6bb5\uff08strofo\uff09\uff1a<\/p>\n<p>Jen restas nur en kampo vasta<br \/>\nVelkanta krizantemo,<br \/>\nSur kiu kiso via lasta<br \/>\nMortigos vin en tremo.<br \/>\n(el Lasta kiso)<\/p>\n<p>\u4ed6\u7684\u8bd7\u96c6Tra l\u2019 silento\u51fa\u7248\u4e8e1912\u5e74\uff0c\u540e\u6765\u88ab\u6536\u5165\u52301960\u5e74\u51fa\u7248\u7684\u4ed6\u7684\u65e9\u671f\u4f5c\u54c1\u6587\u96c6Juna Verkaro\u4e00\u4e66\u4e4b\u4e2d\u3002<\/p>\n<p>\u51fa\u4e8e\u4e3a\u5de9\u56fa\u548c\u63d0\u9ad8\u5b66\u5458\u4e16\u754c\u8bed\u8bed\u8a00\u80fd\u529b\u7684\u76ee\u7684\uff0c\u8fd9\u4f4d\u4e16\u8fd0\u5148\u9a71\u3001\u4f5c\u5bb6\u827e\u5fb7\u8499\u00b7\u5e15\u5229\u534e\uff0c\u5c31\u521b\u4f5c\u4e86\u4e00\u672c\u5c0f\u8bf4\uff08romaneto\uff09\u300a\u5361\u5c14\u300b\uff08Karlo\uff09\u3002\u8fd9\u672c\u5c0f\u8bf4\u51fa\u7248\u4e8e1909\u5e74\uff0c\u8ddd\u4eca\u5df2\u7ecf106\u5e74\u4e86\uff0c\u4ee5\u540e\u591a\u6b21\u518d\u7248\uff0c\u6211\u624b\u91cc\u7684\u8fd9\u672c\u662f1968\u5e74\u6d77\u7259\u4e16\u754c\u8bed\u5b66\u9662\uff08Internacia Esperanto-Instituto, Hago\uff09\u7684\u7b2c\u5341\u4e94\u7248\u3002\u4f5c\u8005\u8bf4\uff1a\u201cLa eldonisto petis min, ke mi verku facilan legolibron por la lernantoj de kursoj a\u016d la komencantoj, kiuj \u0135us finis sian lernadon en lernolibro. Mi intencis prezenti dudek tekstojn aran\u011ditajn tiamaniere, ke en \u0109iu estos multaj vortoj pri sama temo de la \u0109iutaga vivo. Por pli bone konservi la intereson de la lernanto en dudek \u0109apitroj, mi verkis unu rakonton pri la vivo de junulo, de lia infaneco \u011dis lia edzi\u011do.\u201d\uff08\u51fa\u7248\u5546\u8bf7\u6211\u4e3a\u521a\u5b66\u5b8c\u8bfe\u672c\u7684\u8bb2\u4e60\u73ed\u5b66\u5458\u6216\u521d\u5b66\u8005\u5199\u4e00\u672c\u7b80\u6613\u8bfb\u7269\u3002\u6211\u6253\u7b97\u7ed9\u51fa\u8fd9\u6837\u5b89\u6392\u7684\u4e8c\u5341\u7bc7\u8bfe\u6587\uff0c\u6bcf\u4e00\u7bc7\u91cc\u90fd\u6709\u4e00\u4e9b\u65e5\u5e38\u751f\u6d3b\u91cc\u540c\u4e00\u9898\u76ee\u7684\u8bcd\u6c47\u3002\u4e3a\u4e86\u66f4\u597d\u5730\u4fdd\u6301\u8bfb\u8005\u7684\u5174\u8da3\uff0c\u5728\u4e8c\u5341\u7ae0\u91cc\u6211\u5199\u4e00\u4e2a\u9752\u5e74\u4eba\u4ece\u4ed6\u7ae5\u5e74\u5230\u7ed3\u5a5a\u7684\u751f\u6d3b\u6545\u4e8b\u3002\uff09\u2475<\/p>\n<p><img decoding=\"async\" loading=\"lazy\" class=\"alignnone\" src=\"https:\/\/reto.cn\/bildo\/cina\/esperantologio\/esperanta-literaturo\/artikolo-5\/bildo-2.png\" alt=\"\" width=\"400\" height=\"538\" \/><\/p>\n<p>\u8fd9\u672c\u5c0f\u8bf4\u7684\u5199\u4f5c\u65b9\u5f0f\u5c31\u662f\u6309\u7167\u201c\u6559\u5b66\u201d\u76ee\u7684\u5b89\u6392\u7684\u3002\u6bcf\u7ae0\u7684\u7bc7\u5e45\u90fd\u5927\u81f4\u76f8\u7b49\uff0c\u6240\u7528\u8bcd\u6c47\u4ee5\u4ed6\u7684\u300a\u8bb2\u4e60\u73ed\u8bfe\u672c\u300b\u6240\u7528\u8fc7\u7684\u4e3a\u57fa\u7840\uff0c\u9002\u5f53\u5730\u3001\u9010\u6b65\u5730\u589e\u52a0\u751f\u8bcd\u3002\u53e5\u5b50\u4e5f\u662f\u7531\u7b80\u5355\u5230\u590d\u6742\u5faa\u5e8f\u6e10\u8fdb\u3002\u770b\u770b\u5f00\u5934\uff1aKiam naski\u011dis Karlo, rozkolora kaj sana bubeto, liaj gepatroj estis ankora\u016d tre junaj\u3002\uff08p. 5\uff09\u5230\u4e86\u7b2c\u5341\u516b\u7ae0\uff0c\u4f5c\u8005\u8fd8\u5199\u5361\u5c14\u5199\u8bd7\uff0c\u5f55\u5165\u4e00\u9996\u683c\u5f8b\u4e25\u8c28\u7684\u8bd7\u6b4cLasta flugo\u3002\u8bfb\u8005\uff08\u7279\u522b\u662f\u521d\u5b66\u8005\uff09\u80fd\u591f\u5728\u6545\u4e8b\u60c5\u8282\u7684\u5438\u5f15\u4e0b\uff0c\u4e0d\u95f4\u65ad\u5730\u8bfb\u4e0b\u53bb\uff0c\u771f\u662f\u7edd\u597d\u7684\u8bed\u8a00\u5b9e\u8df5\uff01\u800c\u8fd9\u672c\u5c0f\u8bf4\u4eca\u5929\u4e5f\u6210\u4e3a\u6211\u4eec\u8bed\u8a00\u91cc\u7684\u7ecf\u5178\u3002<\/p>\n<p>\u8fd8\u8bb0\u5f97\u6211\u7b2c\u4e00\u6b21\u8bfb\u5230\u8fd9\u7bc7\u6545\u4e8b\u65f6\u7684\u559c\u60a6\u2014\u2014\u90a3\u662f\u6587\u9769\u9b54\u706b\u521a\u521a\u8fc7\u540e\uff0c\u65b9\u5584\u5883\u5148\u751f\uff08\u7126\u98ce\uff0cTikos\uff09\u6cb9\u5370\u51fa\u6765\u5bc4\u7ed9\u5404\u5730\u6e34\u671b\u63d0\u9ad8\u81ea\u5df1\u4e16\u754c\u8bed\u6c34\u5e73\u7684\u4eba\u7684\u201c\u8bfb\u7269\u201d\uff0c\u4e00\u4e0b\u5b50\u5c31\u89c9\u5f97\u4e16\u754c\u8bed\u7684\u8868\u8fbe\u9b45\u529b\u8ff7\u4eba\uff0c\u4e00\u4e9b\u4e3a\u6211\u6240\u4e0d\u4e60\u60ef\u7684\uff08\u897f\u65b9\u8bed\u8a00\u91cc\u7684\uff09\u8868\u8fbe\u65b9\u5f0f\uff0c\u9010\u6e10\u8ba9\u6211\u719f\u6089\u8d77\u6765\uff0c\u7ed9\u4ee5\u540e\u7684\u9605\u8bfb\u548c\u5199\u4f5c\u6253\u5f00\u4e00\u6761\u901a\u8def\u3002\u6211\u5efa\u8bae\uff0c\u5b66\u5b8c\u300a\u4e16\u754c\u8bed\u8bfe\u672c\u300b\u7684\u4eba\uff0c\u51fa\u4e8e\u5de9\u56fa\u548c\u63d0\u9ad8\u76ee\u7684\uff0c\u4f60\u4e00\u5b9a\u5f97\u8bfb\u8bfb\u8fd9\u672c\u4e66\uff01\u4e2d\u56fd\u62a5\u9053\u793e\u66fe\u51fa\u7248\u8fc7\u6ce8\u91ca\u672c\uff0c\u800c\u4e14\u8fd8\u91cd\u5370\u8fc7\uff0c\u5927\u7ea6\u4e0d\u96be\u627e\u5230\u3002<\/p>\n<p>1913\u5e74\uff0c\u4ed6\u4ee5\u53e4\u8001\u7684\u51ef\u5c14\u7279\u4eba\uff08Kelto\uff09\u4f20\u8bf4\u521b\u4f5c\u7684\u8bd7\u5267Ginevra\u51fa\u7248\u30021920\u5e74\uff0c\u4ed6\u5199\u7684\u300a\u67f4\u95e8\u970d\u592b\u4e00\u751f\u300b\uff08Vivo de Zamenhof\uff09\u51fa\u7248\u4e86\uff0c\u8fd9\u662f\u4e16\u754c\u4e0a\u7b2c\u4e00\u672c\u4e16\u754c\u8bed\u521b\u59cb\u4eba\u7684\u4f20\u8bb0\u3002\u6b64\u4e66\u591a\u6b21\u518d\u7248\uff0c\u88ab\u7ffb\u8bd1\u6210\u516b\u79cd\u8bed\u8a00\uff0c\u6211\u56fd\u57281935\u5e74\u5c31\u51fa\u7248\u4e86\u6c49\u8bd1\u672c\u3002\u800c\u4ed6\u5199\u7684\u300a\u4e16\u754c\u8bed\u53f2\u300b\uff08Historio de la lingvo Esp-o\uff09\uff0c\u7b2c\u4e00\u5377\u51fa\u7248\u4e8e1911\u5e74\uff0c\u7b2c\u4e8c\u53771927\u5e74\u51fa\u7248\uff0c\u66f4\u662f\u73cd\u8d35\u7684\u4e16\u754c\u8bed\u5386\u53f2\u8457\u4f5c\uff0c\u6211\u56fd\u4e5f\u6709\u8fc7\u8bd1\u672c\u3002\u4ed6\u4e5f\u6210\u4e3a\u6700\u65e9\u7684\uff0c\u6700\u91cd\u8981\u7684\u4e16\u754c\u8bed\u5386\u53f2\u5bb6\u3002<\/p>\n<p>\u4ed6\u7684\u4e00\u751f\uff0c\u662f\u201c\u4e3a\u4e16\u754c\u8bed\u201d\uff08por Esp-o\uff09\u7684\u4e00\u751f\uff0c\u5145\u6ee1\u4e86\u4f20\u5947\u8272\u5f69\u3002\u4ed6\u4e3a\u4e86\u5ba3\u4f20\u4e16\u754c\u8bed\uff0c\u66fe\u957f\u65f6\u95f4\u5728\u4e16\u754c\u5404\u5730\u65c5\u884c\uff1a1907-1908\u5230\u8fc7\u7f8e\u56fd\u3001\u52a0\u62ff\u5927\u3001\u82f1\u56fd\uff1b1911\u5230\u8fc7\u4fc4\u7f57\u65af\u548c\u4e2d\u6b27\uff0c\u6240\u5230\u4e4b\u5904\uff0c\u4ed6\u90fd\u5ba3\u4f20\u4e16\u754c\u8bed\u3002\u4ed6\u751a\u81f3\u5229\u7528\u4e00\u5207\u53ef\u80fd\uff0c\u62dc\u89c1\u5404\u56fd\u653f\u8981\uff0c\u5982\u7f8e\u56fd\u7684\u603b\u7edf\u7b49\u4eba\uff0c\u5411\u4ed6\u4eec\u5ba3\u4f20\u4e16\u754c\u8bed\u3002\u4ed6\u6210\u4e3a\u5370\u5ea6\u201c\u5723\u96c4\u201d\u7518\u5730\uff08Mahatma Gandhi\uff09\u7684\u670b\u53cb\uff0c1931-1932\u4ed6\u7ec4\u7ec7\u7518\u5730\u5230\u745e\u58eb\u7684\u65e5\u5185\u74e6\u548c\u6d1b\u6851\u5de1\u56de\u6f14\u8bb2\uff0c\u8fd8\u966a\u540c\u7518\u5730\u4ece\u6b27\u6d32\u8fd4\u56de\u5370\u5ea6\uff1b\u4ed6\u8fd8\u5728\u6b27\u6d32\u7ec4\u7ec7\u4e00\u4e2a\u652f\u6301\u5370\u5ea6\u72ec\u7acb\u7684\u59d4\u5458\u4f1a\uff0c\u7ed9\u7518\u5730\u7684\u7528\u201c\u4e0d\u62b5\u6297\u201d\u65b9\u5f0f\u53d6\u5f97\u6c11\u65cf\u72ec\u7acb\u7684\u6597\u4e89\u4ee5\u53ef\u80fd\u7684\u5e2e\u52a9\u3002\u4ed6\u628a\u8fd9\u4e9b\u4e0d\u5bfb\u5e38\u7684\u7ecf\u5386\uff0c\u5199\u6210\u4e00\u672c\u56de\u5fc6\u5f55\u5f0f\u7684\u6563\u6587\u96c6\u300a\u5f00\u62d3\u8005\u7684\u5947\u9047\u300b\uff08Aventuroj de pioniro\uff09\uff0c1962\u5e74\u51fa\u7248\u3002\u4ed6\u5199\u7684\u300a\u7518\u5730\u751f\u5e73\u300b\uff08Vivo de Gandhi\uff09\u4e00\u4e66\uff0c\u5728\u4ed6\u53bb\u4e16\u4e94\u5e74\u540e\u76841967\u5e74\u51fa\u7248\u3002<\/p>\n<p>\u4ed6\u7684\u6563\u6587\u98ce\u683c\u7b80\u6d01\u6d41\u7545\uff0c\u4e00\u5982\u4ed6\u5199\u5c0f\u8bf4\u300a\u5361\u5c14\u300b\u548c\u67f4\u6c0f\u4f20\u8bb0\u90a3\u6837\uff0c\u6210\u4e3a\u540e\u4eba\u7684\u5178\u8303\u3002<\/p>\n<p>\u4ed6\u4ece1920\u5e74\u5f00\u59cb\u4e3b\u7f16UEA\u7684\u4f1a\u520aEsperanto\u52301934\u5e74\u30021951\u5e74\uff0c\u88ab\u5c0a\u4e3aUEA\u7684\u8363\u8a89\u4e3b\u5e2d\uff08la Honora Prezidanto de UEA\uff09\u3002\u4ed6\u4ece\u4e8b\u4f2f\u5c14\u5c3c\u4e16\u754c\u8bed\u5e7f\u64ad\u7684\u64ad\u97f3\u5de5\u4f5c\u76f4\u5230\u751f\u547d\u5c3d\u5934\uff1b1926\u5e74\u51fa\u7248\u7684\u300a\u4e16\u754c\u8bed\u7075\u683c\u98ce\u6559\u7a0b\u300b\uff08Diskokurso de Linguaphone de Esp-o\uff09\u7684\u5531\u7247\u704c\u6ce8\u7684\u4e5f\u662f\u4ed6\u7684\u6717\u8bfb\u5f55\u97f3\u3002\u2476<\/p>\n<p>\u57c3\u5fb7\u8499\u00b7\u5e15\u5229\u534e1962\u5e74\u53bb\u4e16\u3002<\/p>\n<p>2015\u5e746\u670812\u65e5\uff0c\u5927\u5e86<\/p>\n<p>\u2474 E. Tvarozek: Skizo de la Esp-a Literaturo, Espero, 2004, p.21<br \/>\n\u2475 E. Privat: Karlo, IEI, Hago, la 15a eld. 1968, p. 3<br \/>\n\u2476 vd. E. Privat: Vivo de Zamenhof, UEA, 2007, p.171<\/p>\n<p><a href=\"https:\/\/reto.cn\/php\/hanyu\/esperantologio\/esperanta-literaturo\/artikolo-4\/\">\u4e0a\u4e00\u7bc7<\/a> <a href=\"https:\/\/reto.cn\/php\/hanyu\/esperantologio\/esperanta-literaturo\/artikolo-6\">\u4e0b\u4e00\u7bc7<\/a><\/p>\n<p><a href=\"https:\/\/reto.cn\/php\/hanyu\/esperantologio\/esperanta-literaturo\/\">\u8fd4\u56de\u4e16\u754c\u8bed\u6587\u5b66\u7410\u8bdd<\/a><\/p>\n","protected":false},"excerpt":{"rendered":"<p>\u5e15\u5229\u534e\u7684\u6587\u5b66\u521b\u4f5c \u4e3a\u4e86\u63a8\u52a8\u4e16\u754c\u8bed\u8fd0\u52a8\u7684\u53d1\u5c55\uff0c\u8bb8\u591a\u4e16\u754c\u8bed\u4f5c\u5bb6\uff0c\u90fd\u66fe\u7f16\u5199\u8fc7\u4e16\u754c\u8bed\u8bfe\u672c\uff0c\u81f3\u4eca\u8fd8\u88ab\u4eba\u4eec\u79f0\u9053\u7684\uff0c\u662f\u4e16\u8fd0\u5148\u2026 <span class=\"read-more\"><a href=\"https:\/\/reto.cn\/php\/hanyu\/esperantologio\/esperanta-literaturo\/artikolo-5\/\">\u7ee7\u7eed\u9605\u8bfb Legi pli &raquo;<\/a><\/span><\/p>\n","protected":false},"author":1,"featured_media":0,"parent":11795,"menu_order":0,"comment_status":"open","ping_status":"closed","template":"","meta":{"footnotes":""},"_links":{"self":[{"href":"https:\/\/reto.cn\/php\/hanyu\/wp-json\/wp\/v2\/pages\/11819"}],"collection":[{"href":"https:\/\/reto.cn\/php\/hanyu\/wp-json\/wp\/v2\/pages"}],"about":[{"href":"https:\/\/reto.cn\/php\/hanyu\/wp-json\/wp\/v2\/types\/page"}],"author":[{"embeddable":true,"href":"https:\/\/reto.cn\/php\/hanyu\/wp-json\/wp\/v2\/users\/1"}],"replies":[{"embeddable":true,"href":"https:\/\/reto.cn\/php\/hanyu\/wp-json\/wp\/v2\/comments?post=11819"}],"version-history":[{"count":0,"href":"https:\/\/reto.cn\/php\/hanyu\/wp-json\/wp\/v2\/pages\/11819\/revisions"}],"up":[{"embeddable":true,"href":"https:\/\/reto.cn\/php\/hanyu\/wp-json\/wp\/v2\/pages\/11795"}],"wp:attachment":[{"href":"https:\/\/reto.cn\/php\/hanyu\/wp-json\/wp\/v2\/media?parent=11819"}],"curies":[{"name":"wp","href":"https:\/\/api.w.org\/{rel}","templated":true}]}}