{"id":11826,"date":"2022-06-04T23:58:24","date_gmt":"2022-06-04T15:58:24","guid":{"rendered":"https:\/\/reto.cn\/php\/hanyu\/esperantologio\/esperanta-literaturo\/artikolo-1-2-11\/"},"modified":"2022-06-08T22:48:25","modified_gmt":"2022-06-08T14:48:25","slug":"artikolo-12","status":"publish","type":"page","link":"https:\/\/reto.cn\/php\/hanyu\/esperantologio\/esperanta-literaturo\/artikolo-12\/","title":{"rendered":"\u4e16\u754c\u8bed\u6587\u5b66\u7410\u8bdd"},"content":{"rendered":"<h3><strong>\u5df4\u57fa\u7684\u5c0f\u8bf4\u521b\u4f5c<\/strong><\/h3>\n<p>\u201c\u81ea\u4ece1922\u5e74\u767b\u4e0a\u4e16\u754c\u8bed\u7684\u821e\u53f0\u2014\u2014\u8fd9\u4e2a\u6bd4\u55bb\u7279\u522b\u5408\u9002\uff0c\u56e0\u4e3a\u4ed6\u5c31\u662f\u6f14\u5458\u2014\u2014\u5c24\u5229\u00b7\u5df4\u57fa\u786e\u5b9e\u662f\u67f4\u95e8\u970d\u592b\u4e4b\u540e\uff0c\u5728\u4e16\u754c\u4e0a\u6700\u53d7\u6b22\u8fce\u7684\u4e16\u754c\u8bed\u8005\uff0c\u4ed6\u7684\u4f5c\u54c1\u4e5f\u98ce\u884c\u548c\u5907\u53d7\u6b22\u8fce\u3002\u201d\uff08Tamen en 1922 aperis sur la esp-a scenejo \u2013 kaj tiu metaforo estas aparte ta\u016dga, \u0109ar li ja estis aktoro \u2013 Julio Baghy, certe, post Zamenhof, la plej populara esp-isto en la mondo, kies verkoj anka\u016d furoris kaj vaste populari\u011das.\uff09\u2474 \u4ed6\u4e0d\u53ea\u662f\u5728\u8bd7\u6b4c\u9886\u57df\u6709\u6240\u5efa\u6811\uff0c\u800c\u4e14\u8fd8\u5199\u5c0f\u8bf4\uff0c\u5267\u672c\uff0c\u4ed6\u7684\u5c0f\u8bf4\u4f5c\u54c1\uff0c\u201c\u627e\u5230\u901a\u5411\u5e7f\u5927\u4e16\u754c\u8bed\u7fa4\u4f17\u4e4b\u8def\uff0c\u2026\u2026\u4eba\u4eec\u559c\u6b22\u4ed6\uff0c\u4e0d\u592a\u662f\u56e0\u4e3a\u4ed6\u4f5c\u54c1\u7684\u7f8e\u5b66\u7279\u6027\uff0c\u800c\u4e3b\u8981\u662f\u56e0\u4e3a\u4ed6\u4f3c\u4e4e\u628a\u4eba\u4eec\u79f0\u4e4b\u4e3a\u2018\u4e16\u754c\u8bed\u4e3b\u4e49\u2019\u7684\u4e00\u5207\u6c47\u805a\u4e8e\u4e00\u8eab\u3002\u201d\uff08trovis vojon al vastaj amasoj de esp-istoj. \u2026oni \u015datas lin ne tiom pro la estetikaj kvalitoj de liaj verkoj, sed \u0109efe pro tio, \u0109ar li \u015dajnis esti enkorpiganto de \u0109io, kion oni nomis esperantismo.\uff09\u2475<\/p>\n<p><img decoding=\"async\" loading=\"lazy\" class=\"aligncenter\" src=\"https:\/\/reto.cn\/bildo\/cina\/esperantologio\/esperanta-literaturo\/artikolo-12\/bildo-1.png\" width=\"254\" height=\"352\" \/><\/p>\n<p>1925\u5e74\uff0c\u5df4\u57fa\u7b2c\u4e00\u90e8\u957f\u7bc7\u5c0f\u8bf4\u300a\u727a\u7272\u8005\u300b\uff08Viktimoj\uff09\u7531\u5308\u7259\u5229\u4e16\u754c\u8bed\u5b66\u9662\uff08Hungara Esp-Instituto\uff09\u51fa\u7248\u3002\u5c0f\u8bf4\u5199\u7684\u662f\u5728\u897f\u4f2f\u5229\u4e9a\u6218\u4fd8\u8425\u91cc\u90a3\u4e9b\u4e16\u754c\u5927\u6218\u201c\u727a\u7272\u8005\u201d\u2014\u2014\u6218\u4fd8\u4eec\u60b2\u60e8\u7684\u906d\u9047\u548c\u82e6\u96be\uff0c\u4ee5\u53ca\u4fc4\u7f57\u65af\u8fdc\u4e1c\u5730\u533a\u7ea2\u519b\u548c\u767d\u519b\u4e4b\u95f4\u56fd\u5185\u6218\u4e89\u7684\u60c5\u666f\uff0c\u4ed6\u4ee5\u81ea\u5df1\u4eb2\u8eab\u7ecf\u5386\uff08traviva\u0135oj\uff09\u6784\u7b51\u4e86\u8fd9\u90e8\u865a\u62df\uff08fikciaj\uff09\u60c5\u8282\u7684\u6545\u4e8b\u3002\u6d6a\u6f2b\u4e3b\u4e49\u7684\u60c5\u8c03\u548c\u73b0\u5b9e\u4e3b\u4e49\u7684\u8868\u73b0\u624b\u6cd5\uff0c\u4f7f\u8bfb\u8005\u8033\u76ee\u4e00\u65b0\uff0c\u6211\u56fd\u4e16\u754c\u8bed\u8005\u949f\u5baa\u6c11\u5148\u751f\u5f88\u5feb\u5c31\u628a\u5c0f\u8bf4\u8bd1\u6210\u6c49\u8bed\u51fa\u7248\u3002\u8fd9\u672c\u5c0f\u8bf4\u4e5f\u4e00\u7248\u518d\u7248\u3002<\/p>\n<p><img decoding=\"async\" loading=\"lazy\" class=\"aligncenter\" src=\"https:\/\/reto.cn\/bildo\/cina\/esperantologio\/esperanta-literaturo\/artikolo-12\/bildo-2.png\" width=\"234\" height=\"358\" \/><\/p>\n<p><img decoding=\"async\" loading=\"lazy\" class=\"aligncenter\" src=\"https:\/\/reto.cn\/bildo\/cina\/esperantologio\/esperanta-literaturo\/artikolo-12\/bildo-3.png\" width=\"233\" height=\"330\" \/><\/p>\n<p>1927\u5e74\u4ed6\u7684\u77ed\u7bc7\u5c0f\u8bf4\u96c6\u300a\u8df3\u5427\uff0c\u5c0f\u73a9\u5076\u300b\uff08Dancu, marionetoj\uff09\u51fa\u7248\u4e86\uff0c\u6536\u5165\u4ed6\u5199\u7684\u5341\u4e2a\u77ed\u7bc7\uff0c\u5176\u4e3b\u65cb\u5f8b\u4ecd\u7136\u662f\u5bf9\u4eba\u751f\u7684\u601d\u8003\uff0c\u9762\u5bf9\u90a3\u4e9b\u5728\u82e6\u96be\u751f\u6d3b\u91cc\u6323\u624e\u7684\u5f31\u8005\uff0c\u4ed6\u90a3\u9897\u706b\u70ed\u7684\u5fc3\uff0c\u771f\u8bda\u5730\uff08\u4e5f\u60b2\u89c2\u5730\uff09\u9707\u98a4\u7740\u3002\u8bed\u8a00\u7b80\u6d01\u660e\u5feb\uff0c\u4f7f\u8fd9\u4e9b\u4f73\u4f5c\u987a\u7545\u5730\u901a\u5411\u8bfb\u8005\u7684\u5fc3\u7075\u3002\u5176\u4e2d\u300a\u7c73\u970d\u514b\u5982\u4f55\u6559\u82f1\u8bed\u300b\uff08Kiel Mihok instruis angle\uff09\u548c\u300a\u9996\u90fd\u5728\u9965\u997f\u300b\uff08La metropolo mal\u015datas\uff09\u7b49\u88ab\u9009\u5165\u5230\u300a33\u7bc7\u6545\u4e8b\u300b\uff0833 Rakontoj\uff09\u548c\u300a\u65b0\u4e16\u754c\u8bed\u6587\u9009\u300b\uff08Nova Esp-a Krestomatio\uff09\u7b49\u540e\u6765\u51fa\u7248\u7684\u6587\u96c6\u4e2d\u3002<\/p>\n<p>1929\u51fa\u7248\u7684\u300a\u6f02\u6cca\u7684\u7fbd\u6bdb\u300b\uff08Migranta plumo\uff09\u91cc\uff0c\u9664\u4e86\u8bd7\u6b4c\u548c\u5267\u672c\u4e4b\u5916\uff0c\u4e5f\u6709\u51e0\u7bc7\u5c0f\u8bf4\uff0c\u6df1\u53d7\u8bfb\u8005\u559c\u7231\u3002<\/p>\n<p>1930\u5e74\uff0c\u5df4\u57fa\u7684\u957f\u7bc7\u5c0f\u8bf4\u201cHura\uff01\u201d\uff08\u4e4c\u62c9\uff01\uff09\u51fa\u7248\u4e86\uff0c\u8fd9\u662f\u53cd\u6620\u5df4\u57fa\u54f2\u5b66\u601d\u60f3\u6bd4\u8f83\u6709\u4ee3\u8868\u6027\u7684\u4f5c\u54c1\u3002\u8fd9\u672c\u957f\u7bc7\u91cc\u7684\u4e3b\u4eba\u516c\uff0c\u5728\u8eab\u8fb9\u8c62\u517b\u7740\u4e00\u53ea\u5927\u7329\u7329\uff0c\u8ba9\u5b83\u6df7\u8ff9\u5728\u4eba\u7684\u793e\u4f1a\u91cc\uff1b\u53c8\u628a\u4ed6\u7684\u517b\u5b50\u9001\u5230\u65e0\u4eba\u7684\u8352\u5c9b\u4e0a\uff0c\u8ba9\u4ed6\u540c\u7329\u7329\u4e00\u540c\u751f\u6d3b\uff0c\u4ed6\u901a\u8fc7\u4eba\u548c\u52a8\u7269\u7684\u672c\u80fd\u5bf9\u6bd4\uff0c\u51b7\u773c\u770b\u4e16\u754c\uff08\u4ed6\u4e5f\u6293\u4f4f\u4e86\u4eba\u7684\u672c\u6027\u2018naturo\u2019\u91cc\u4e11\u964b\u7684\u4e00\u9762\uff09\u2026\u2026\u3002\u5df4\u57fa\u8ba4\u4e3a\uff0c\u4eba\u540c\u52a8\u7269\u5728\u672c\u80fd\u4e0a\uff0c\u5f88\u662f\u76f8\u50cf\u3002\u5df4\u57fa\u300a\u8df3\u5427\uff0c\u5c0f\u73a9\u5076\u300b\u91cc\u7b2c\u4e00\u4e2a\u77ed\u7bc7\u300a\u8be5\u9690\u548c\u4e9a\u4f2f\u300b\u91cc\u5173\u4e8e\u516c\u9e73\u548c\u6bcd\u9e73\u3001\u516c\u7334\u548c\u6bcd\u7334\u3001\u7537\u4eba\u548c\u5973\u4eba\u7684\u6027\u672c\u80fd\u7684\u63cf\u5199\uff0c\u5c31\u51fa\u4e8e\u4ed6\u7684\u8fd9\u79cd\u54f2\u5b66\u601d\u8003\u3002\u4eba\u7684\u7406\u667a\u5347\u534e\u4e86\uff0c\u624d\u5f97\u4ee5\u6446\u8131\u201c\u517d\u6027\u201d\uff0c\u56e0\u6b64\uff0c\u4ed6\u4f5c\u54c1\u7684\u4e3b\u65cb\u5f8b\u603b\u662f\u5728\u5f18\u626c\u4eba\u6027\uff0c\u54ea\u6015\u662f\u5728\u5b09\u7b11\u6012\u9a82\u6216\u8005\u5632\u8bbd\u8c03\u4f83\u7684\u6587\u5b57\u91cc\uff0c\u4e5f\u603b\u662f\u8df3\u52a8\u7740\u4ed6\u7684\u4eba\u9053\u4e3b\u4e49\u2014\u4e16\u754c\u8bed\u4e3b\u4e49\uff08humanismo \/ esperantismo &#8211; homaranismo\uff09\u6fc0\u60c5!<\/p>\n<p>1931\u5e74\uff0c\u4ed6\u7684\u4e2d\u7bc7\u5c0f\u8bf4\u300a\u79cb\u5929\u91cc\u7684\u6625\u5929\u300b\uff08Printempo en la a\u016dtuno\uff09\u51fa\u7248\u4e86\uff0c\u5df4\u57fa\u8bf4\u8fd9\u662f\u4ed6\u81ea\u5df1\u6700\u5fc3\u7231\u7684\u4f5c\u54c1\uff0c\u8fd9\u4e2a\u201c\u751c\u871c\u5fe7\u90c1\u7684\u6545\u4e8b\u201d\uff08dol\u0109e melankolia rakonto\uff09\u6253\u52a8\u4e86\u4e07\u5343\u8bfb\u8005\u7684\u5fc3\u3002\u5df4\u91d1\u5148\u751f\u7684\u6c49\u8bed\u8bd1\u672c\uff0c\u5728\u6211\u56fd\u4e5f\u662f\u591a\u6b21\u518d\u7248\u3002<\/p>\n<p>1933\u5e74\uff0c\u4ed6\u7684\u5c0f\u8bf4\u96c6\u300a\u7eff\u8272\u5510\u5409\u73c2\u5fb7\u300b\uff08Verdaj Donki\u0125otoj\uff09\u5728\u5e03\u8fbe\u4f69\u65af\u51fa\u7248\u3002\u5176\u4e2d\u6536\u6709\u957f\u7bc7\u5c0f\u8bf4\u300a\u4fdd\u7f57\u00b7\u5df4\u5c14\u300b\uff08Pa\u016dlo Paal\uff09\u548c\u51e0\u7bc7\u7528\u8bbd\u523a\u7b14\u8c03\u63cf\u7ed8\u4e16\u8fd0\u4eba\u7269\u7684\u6f2b\u753b\u5f62\u8c61\u7684\u77ed\u7bc7\u3002<\/p>\n<p>1934\u5e74\uff0c\u4ed6\u7684\u6545\u4e8b\u96c6\u300a\u620f\u7bee\u5b50\u300b\uff08La teatra kordo\uff09\u51fa\u7248\uff0c\u4f5c\u8005\u7528\u7b80\u6d01\u4f18\u7f8e\u7684\u8bed\u8a00\uff0c\u6beb\u65e0\u62d8\u675f\u5730\u7ed9\u6211\u4eec\u8bb2\u8ff0\u4ed6\u5c11\u5e74\u65f6\u4ee3\u7684\u7ecf\u5386\u3002<\/p>\n<p>1935\u5e74\uff0c\u4ed6\u7684\u53e6\u4e00\u4e2a\u957f\u7bc7\u5c0f\u8bf4\u300a\u5728\u8840\u5730\u4e0a\u300b\uff08Sur sanga tero\uff09\u51fa\u7248\u4e86\uff0c\u8fd9\u53ef\u4ee5\u770b\u505a\u662f\u90a3\u672c\u300a\u727a\u7272\u8005\u300b\u7684\u7eed\u7bc7\uff0c\u4e5f\u662f\u53d6\u6750\u4e8e\u897f\u4f2f\u5229\u4e9a\u6218\u4fd8\u8425\u7684\u7ecf\u5386\uff0c\u5df4\u57fa\u8fd9\u4f4d\u4eba\u9053\u4e3b\u4e49\uff08humanisma\uff09\u4f5c\u5bb6\uff0c\u7ed9\u6211\u4eec\u5c55\u793a\u51fa1918-1920\u5e74\u897f\u4f2f\u5229\u4e9a\u90a3\u6b8b\u9177\u7684\u6218\u4e89\u573a\u666f\u548c\u5bf9\u4eba\u6027\u56de\u5f52\u7684\u6e34\u671b\u3002<\/p>\n<p>\u4f5c\u5bb6\u5df4\u57fa\u7ec8\u5176\u4e00\u751f\u90fd\u6d3b\u8dc3\u5728\u4e16\u754c\u8bed\u8fd0\u52a8\u4e4b\u4e2d\u3002\u4ed6\u5728\u6b27\u6d32\u8bb8\u591a\u56fd\u5bb6\u4ee5\u201c\u5d14\u6c0f\u6559\u5b66\u6cd5\u201d\uff08\u0108e-metodo\uff09\u6559\u5e08\u7684\u8eab\u4efd\uff0c\u5de1\u56de\u6559\u6388\u4e16\u754c\u8bed\u3002\u4ed6\u5f53\u7136\u77e5\u9053\u8bfb\u8005\uff0c\u7279\u522b\u662f\u521d\u5b66\u8005\uff0c\u9700\u8981\u4ec0\u4e48\u3002\u4ed6\u7684\u90a3\u672c\u4e5f\u662f\u4ee5\u897f\u4f2f\u5229\u4e9a\u90a3\u6bb5\u7ecf\u5386\u4e3a\u7d20\u6750\u5199\u6210\u7684\u5c0f\u8bf4\u300a\u7eff\u5fc3\u300b\uff08La Verda Koro\uff09\uff0c\u5c31\u662f\u4e3a\u521a\u521a\u5b66\u4f1a\u4e16\u754c\u8bed\u7684\u4eba\u63d0\u4f9b\u7684\u8bfb\u7269\uff08lega\u0135o\uff09\u3002\u867d\u7136\u4ed6\u662f\u7528\u6700\u57fa\u672c\u7684\u8bcd\u6c47\u548c\u5faa\u5e8f\u6e10\u8fdb\u5730\u5f15\u5165\u8bed\u6cd5\u5f62\u5f0f\u7684\u65b9\u5f0f\u521b\u4f5c\u4e86\u8fd9\u672c\u5c0f\u8bf4\uff0c\u4f46\u4f5c\u54c1\u7684\u4eba\u7269\u90fd\u88ab\u4ed6\u5199\u5f97\u6829\u6829\u5982\u751f\uff0c\u800c\u53d1\u751f\u5728\u4e16\u754c\u8bed\u56fd\u5ea6\uff08la rondo familia \u2013 Esperantujo\uff09\u91cc\u7684\u6545\u4e8b\u66f4\u662f\u5f15\u4eba\u5165\u80dc\uff0c\u4f7f\u8bfb\u8005\u6367\u8d77\u4e66\u6765\uff0c\u6b32\u7f62\u4e0d\u80fd\u3002<\/p>\n<p><img decoding=\"async\" loading=\"lazy\" class=\"aligncenter\" src=\"https:\/\/reto.cn\/bildo\/cina\/esperantologio\/esperanta-literaturo\/artikolo-12\/bildo-4.png\" width=\"242\" height=\"380\" \/><img decoding=\"async\" loading=\"lazy\" class=\" aligncenter\" src=\"https:\/\/reto.cn\/bildo\/cina\/esperantologio\/esperanta-literaturo\/artikolo-12\/bildo-5.png\" width=\"244\" height=\"314\" \/><\/p>\n<p>\u4ed6\u7684\u7b2c\u4e8c\u672c\u77ed\u7bc7\u5c0f\u8bf4\u96c6\u300a\u8272\u5f69\u300b\uff08Koloroj\uff091960\u5e74\u7531\u6ce2\u5170\u4e16\u754c\u8bed\u534f\u4f1a\uff08Pola Esp-Asocio\uff09\u51fa\u7248\uff0c\u6536\u5165\u4ed6\u5199\u4e8e\u4e0d\u540c\u65f6\u671f\u7684\u77ed\u7bc7\u5c0f\u8bf48\u7bc7\uff0c\u8fd8\u6709\u4e00\u7bc7\u6563\u6587\u3002\u8fd9\u4e9b\u4f5c\u54c1\u5982\u4eca\u5df2\u6210\u4e3a\u4e16\u754c\u8bed\u6587\u5b66\u91cc\u7684\u7ecf\u5178\u4e4b\u4f5c\u3002<\/p>\n<p>\u6b63\u5982\u672c\u5409\u514b\u6240\u8bc4\u8bba\u7684\u90a3\u6837\uff0c\u201c\u4e3a\u827a\u672f\u800c\u827a\u672f\u201d\u7684\u683c\u8a00\uff0c\u540c\u5df4\u57fa\u662f\u4e0d\u6cbe\u8fb9\u7684\uff08La devizo \u201carto por la arto\u201d estas fremda al Baghy\uff09\uff0c\u5df4\u57fa\u4e5f\u6ca1\u6709\u81ea\u5df1\u7684\u54f2\u5b66\u601d\u60f3\u4f53\u7cfb\uff0c\u4f46\u8d2f\u7a7f\u5728\u4ed6\u4f5c\u54c1\u91cc\u7684\u601d\u60f3\uff0c\u5c31\u662f\u201c\u7231\u521b\u9020\u548c\u5e73\u2014\u2014\u548c\u5e73\u4fdd\u7559\u4f4f\u4eba\u6027\u2014\u2014\u4eba\u6027\u662f\u6700\u9ad8\u7684\u7406\u60f3\u4e3b\u4e49\u201d\uff08Amo kreas pacon \u2013 Paco konservas homecon \u2013 Homeco estas la plej alta idealismo\uff09\u3002\u5df4\u57fa\u7ee7\u67f4\u95e8\u970d\u592b\u4e4b\u540e\uff0c\u6210\u4e3a\u4e16\u754c\u8bed\u6587\u5b66\u7b2c\u4e8c\u4e2a\u521b\u9020\u8005\uff0c\u4ed6\u7528\u81ea\u5df1\u7684\u4f5c\u54c1\u4e3a\u4e16\u754c\u8bed\u6587\u5b66\u521b\u9020\u8bfb\u8005\uff0c\u800c\u8bfb\u8005\u4e5f\u4ee5\u4ed6\u7684\u4f5c\u54c1\u4e3a\u53f0\u9636\uff0c\u4e00\u6b65\u4e00\u6b65\u5730\u767b\u4e0a\u4e16\u754c\u8bed\u6587\u5b66\u6bbf\u5802\uff01\u2476<\/p>\n<p>2015-06-29\uff0c\u5927\u5e86<\/p>\n<p>\u2474 W. Auld: Enkonduko en la originalan literaturon, Iltis, 1979, p. 35-36<br \/>\n\u2475 Vilmos Benczik: Studoj pri la esperanta literaturo, La Kritikanto, 1980, p. 58<br \/>\n\u2476 same \u2475, p. 61<\/p>\n<p><a href=\"https:\/\/reto.cn\/php\/hanyu\/esperantologio\/esperanta-literaturo\/artikolo-11\">\u4e0a\u4e00\u7bc7<\/a> <a href=\"https:\/\/reto.cn\/php\/hanyu\/esperantologio\/esperanta-literaturo\/artikolo-13\">\u4e0b\u4e00\u7bc7<\/a><\/p>\n<p><a href=\"https:\/\/reto.cn\/php\/hanyu\/esperantologio\/esperanta-literaturo\/\">\u8fd4\u56de\u4e16\u754c\u8bed\u6587\u5b66\u7410\u8bdd<\/a><\/p>\n","protected":false},"excerpt":{"rendered":"<p>\u5df4\u57fa\u7684\u5c0f\u8bf4\u521b\u4f5c \u201c\u81ea\u4ece1922\u5e74\u767b\u4e0a\u4e16\u754c\u8bed\u7684\u821e\u53f0\u2014\u2014\u8fd9\u4e2a\u6bd4\u55bb\u7279\u522b\u5408\u9002\uff0c\u56e0\u4e3a\u4ed6\u5c31\u662f\u6f14\u5458\u2014\u2014\u5c24\u5229\u00b7\u5df4\u57fa\u786e\u5b9e\u662f\u67f4\u95e8\u970d\u2026 <span class=\"read-more\"><a href=\"https:\/\/reto.cn\/php\/hanyu\/esperantologio\/esperanta-literaturo\/artikolo-12\/\">\u7ee7\u7eed\u9605\u8bfb Legi pli &raquo;<\/a><\/span><\/p>\n","protected":false},"author":1,"featured_media":0,"parent":11795,"menu_order":0,"comment_status":"open","ping_status":"closed","template":"","meta":{"footnotes":""},"_links":{"self":[{"href":"https:\/\/reto.cn\/php\/hanyu\/wp-json\/wp\/v2\/pages\/11826"}],"collection":[{"href":"https:\/\/reto.cn\/php\/hanyu\/wp-json\/wp\/v2\/pages"}],"about":[{"href":"https:\/\/reto.cn\/php\/hanyu\/wp-json\/wp\/v2\/types\/page"}],"author":[{"embeddable":true,"href":"https:\/\/reto.cn\/php\/hanyu\/wp-json\/wp\/v2\/users\/1"}],"replies":[{"embeddable":true,"href":"https:\/\/reto.cn\/php\/hanyu\/wp-json\/wp\/v2\/comments?post=11826"}],"version-history":[{"count":0,"href":"https:\/\/reto.cn\/php\/hanyu\/wp-json\/wp\/v2\/pages\/11826\/revisions"}],"up":[{"embeddable":true,"href":"https:\/\/reto.cn\/php\/hanyu\/wp-json\/wp\/v2\/pages\/11795"}],"wp:attachment":[{"href":"https:\/\/reto.cn\/php\/hanyu\/wp-json\/wp\/v2\/media?parent=11826"}],"curies":[{"name":"wp","href":"https:\/\/api.w.org\/{rel}","templated":true}]}}