{"id":11827,"date":"2022-06-04T23:58:24","date_gmt":"2022-06-04T15:58:24","guid":{"rendered":"https:\/\/reto.cn\/php\/hanyu\/esperantologio\/esperanta-literaturo\/artikolo-1-2-12\/"},"modified":"2022-06-08T22:57:23","modified_gmt":"2022-06-08T14:57:23","slug":"artikolo-13","status":"publish","type":"page","link":"https:\/\/reto.cn\/php\/hanyu\/esperantologio\/esperanta-literaturo\/artikolo-13\/","title":{"rendered":"\u4e16\u754c\u8bed\u6587\u5b66\u7410\u8bdd"},"content":{"rendered":"<h3><strong>\u8bd7\u575b\u5de8\u661f\u5361\u6d1b\u91c7<\/strong><\/h3>\n<p>\u7528\u81ea\u5df11921\u5e74\u51fa\u7248\u7684\u5904\u5973\u4f5c\u8bd7\u96c6\u300a\u4e16\u754c\u4e0e\u5fc3\u300b\uff08Mondo kaj koro\uff09\u5f00\u542f\u4e86\u4e16\u754c\u8bed\u6587\u5b66\u53f2\u7b2c\u4e8c\u9636\u6bb5\uff081921-1931\uff09\u7684\u5361\u5c14\u66fc\u00b7\u5361\u6d1b\u91c7\uff08Kalman Kalocsay\uff09\uff0c1891\u5e7410\u67086\u65e5\u51fa\u751f\u5728\u5308\u7259\u5229\u7684Abaujszanto\uff0c\u5728\u533b\u5b66\u9662\u6bd5\u4e1a\u540e\uff0c\u4e00\u76f4\u4ece\u4e8b\u533b\u52a1\u5de5\u4f5c\uff0c\u662f\u5308\u7259\u5229\u6709\u540d\u7684\u4f20\u67d3\u75c5\u4e13\u5bb6\u3002\u4ed6\u4e0e\u5df4\u57fa\uff08J. Baghy\uff09\u540c\u9f84\uff0c\u66f4\u4e3a\u5de7\u5408\u7684\u662f\uff0c\u4ed6\u4e5f\u662f\u57281911\u5e74\u5b66\u4f1a\u4e16\u754c\u8bed\u7684\uff1b\u4ed6\u4eec\u628a\u81ea\u5df1\u7684\u6587\u5b66\u5929\u624d\u5728\u4e16\u754c\u8bed\u6587\u575b\u4e0a\u53d1\u6325\u5f97\u6dcb\u6f13\u5c3d\u81f4\uff0c\u6210\u4e3a\u4e16\u754c\u8bed\u6587\u5b66\u5730\u5e73\u7ebf\u4e0a\u8dc3\u8d77\u7684\uff0c\u5149\u8f89\u707f\u70c2\u7684\u4e00\u5bf9\u201c\u53cc\u5b50\u661f\u5ea7\u201d\uff08la paro da \u011demelaj poeziaj steloj\uff09\u3002<\/p>\n<p><img decoding=\"async\" loading=\"lazy\" class=\"aligncenter\" src=\"https:\/\/reto.cn\/bildo\/cina\/esperantologio\/esperanta-literaturo\/artikolo-13\/bildo-1.png\" width=\"206\" height=\"286\" \/><\/p>\n<p>\u300a\u4e16\u754c\u4e0e\u5fc3\u300b\u521a\u4e00\u95ee\u4e16\uff0c\u5c31\u4ee5\u201c\u9ad8\u5ea6\u7684\u8bed\u8a00\u719f\u5de7\u548c\u8bd7\u827a\u7684\u7ed3\u5408\u201d\uff08kuneco de lingva lerteco kaj poezia kapablo altgradaj\uff09\u4ee4\u8bfb\u8005\u8033\u76ee\u4e00\u65b0\u3002\u5f53\u5e74\u8fd8\u662f\u9ad8\u4e2d\u5b66\u751f\u7684\u6211\u56fd\u4e16\u8fd0\u5148\u9a71\u8005\u4e4b\u4e00\u5362\u5251\u6ce2\uff0c\u5c31\u628a\u5176\u4e2d\u7b2c\u4e00\u9996\u8bd7\u7ffb\u8bd1\u6210\u6c49\u8bed\uff0c\u5728\u5357\u4eac\u7684\u4e00\u4efd\u62a5\u7eb8\u526f\u520a\u4e0a\u53d1\u8868\u3002<\/p>\n<p><img decoding=\"async\" loading=\"lazy\" class=\" aligncenter\" src=\"https:\/\/reto.cn\/bildo\/cina\/esperantologio\/esperanta-literaturo\/artikolo-13\/bildo-2.png\" width=\"188\" height=\"278\" \/><\/p>\n<p><img decoding=\"async\" loading=\"lazy\" class=\"aligncenter\" src=\"https:\/\/reto.cn\/bildo\/cina\/esperantologio\/esperanta-literaturo\/artikolo-13\/bildo-3.png\" width=\"200\" height=\"278\" \/><\/p>\n<p>&nbsp;<\/p>\n<p>1931\u5e74\uff0c\u4ed6\u7684\u7b2c\u4e8c\u672c\u539f\u521b\u8bd7\u96c6\u300a\u7ef7\u7d27\u7684\u5f26\u300b\uff08Stre\u0109ita kordo\uff09\u7531\u201c\u6587\u5b66\u4e16\u754c\u201d\u51fa\u7248\u793e\u51fa\u7248\uff0c\u65e0\u8bba\u662f\u4ece\u9898\u6750\u7684\u8303\u56f4\u548c\u8bd7\u6b4c\u610f\u5883\u5b8c\u7f8e\u7684\u89d2\u5ea6\u6765\u770b\uff0c\u90fd\u662f\u4e0a\u4e58\u4e4b\u4f5c\u3002\u540c\u5e74\u8fd8\u51fa\u7248\u4e86\u4ed6\u7684\u53e6\u4e00\u672c\u8bd7\u96c6\u300a\u8bd7\u97f5\u9020\u50cf\u300b\uff08Rimportretoj\uff09\u548c\u4ece22\u79cd\u8bed\u8a00\u7ffb\u8bd1\u7684\u8bd7\u6b4c\u96c6\u300a\u6c38\u6052\u7684\u82b1\u675f\u300b\uff08Eterna Bukedo\uff09\u3002\u201c\u591a\u4e8f\u4e86\u4ed6\uff0c\u4eba\u4eec\u53ef\u4ee5\u8bf4\uff0c\u4ece1931\u5e74\uff0c\u4e16\u754c\u8bed\u8bd7\u6b4c\u5df2\u7ecf\u4ece\u6280\u672f\u4e0a\u80fd\u591f\u540c\u6c11\u65cf\u8bed\u8bd7\u6b4c\u76f8\u5ab2\u7f8e\u4e86\u3002\u201d\uff08Dank\u2019 al li oni povas diri, ke jam en 1931 la esperanta poezio estis teknike egala al \u0109iuj naci-lingvaj.\uff09\u2474 \u4ece\u6b64\u4e5f\u5f00\u542f\u4e86\u4e16\u754c\u8bed\u6587\u5b66\u53f2\u4e0a\u7684\u7b2c\u4e09\u9636\u6bb5\u2014\u2014periodo de Parnasismo\uff08\u5e15\u90a3\u65af\u4e3b\u4e49\u9636\u6bb5\uff0c1931-1956\uff09\u2475<\/p>\n<p>\u4ed6\u7684\u300a\u8bd7\u97f5\u9020\u50cf\u300b\uff0c\u6536\u5165\u7684\u662f\u4ed6\u7528rondelo\u5f62\u5f0f\u521b\u4f5c\u7684\u7ec4\u8bd7\uff0c\u4e3a\u90a3\u65f6\u4e16\u754c\u8bed\u8fd0\u52a8\u4e2d\u7684\u4eba\u7269\u201c\u9020\u50cf\u201d\uff0c\u5982\u6211\u4eec\u5927\u5bb6\u90fd\u719f\u6089\u7684\u5199\u5df4\u57fa\u7684\u4e00\u9996\uff1a<\/p>\n<p>Julio Baghy, homo homa,<br \/>\nHomecon ser\u0109as malespere<br \/>\nKaj luktas arde kaj kolere<br \/>\nKun la Milito sango-voma.<br \/>\n\u2026\u2026<\/p>\n<p><img decoding=\"async\" loading=\"lazy\" class=\"alignnone size-medium aligncenter\" src=\"https:\/\/reto.cn\/bildo\/cina\/esperantologio\/esperanta-literaturo\/artikolo-13\/bildo-4.png\" width=\"236\" height=\"334\" \/><\/p>\n<p><img decoding=\"async\" loading=\"lazy\" class=\" aligncenter\" src=\"https:\/\/reto.cn\/bildo\/cina\/esperantologio\/esperanta-literaturo\/artikolo-13\/bildo-5.png\" width=\"237\" height=\"384\" \/><\/p>\n<p>1939\u5e74\uff0c\u4ed6\u7684\u8bd7\u96c6\u300a\u72ec\u541f\u300b\uff08Izolo\uff09\u51fa\u7248\uff0c\u53ef\u662f\u7531\u4e8e\u7b2c\u4e8c\u6b21\u4e16\u754c\u5927\u6218\u7684\u5f71\u54cd\uff0c\u5370\u597d\u7684\u8bd7\u96c6\u6ca1\u6709\u6765\u5f97\u53ca\u88c5\u8ba2\u548c\u53d1\u884c\uff0c\u76f4\u52301977\u5e74UEA\uff08\u56fd\u9645\u4e16\u754c\u8bed\u534f\u4f1a\uff09\u624d\u6839\u636eReto Rossetti\u5f53\u5e74\u4fdd\u7559\u7684\u5370\u5237\u7a3f\u91cd\u5370\u51fa\u7248\u3002\u8fd9\u662f\u4e00\u672c\u6292\u60c5\u8bd7\u96c6\uff0c\u5e94\u8be5\u770b\u6210\u662f\u5361\u6d1b\u91c7\u7684\u4ee3\u8868\u4f5c\u3002<\/p>\n<p>\u4ed6\u4ee5\u4f0a\u7d22\u5bd3\u8a00\u4e3a\u7d20\u6750\u5199\u7684\u8bd7\u96c6\u300a\u4f0a\u7d22\u7684\u667a\u6167\u300b\uff08Ezapa Sa\u011do\uff09\uff0c1956\u5e74\u7531\u4e39\u9ea6\u7684Koko\u51fa\u7248\u793e\u51fa\u7248\u3002\u6211\u56fd\u5362\u5251\u6ce2\u6559\u6388\u7684\u6c49\u8bed\u8bd1\u6587\uff0c1981\u5e74\u7531\u56db\u5ddd\u4eba\u6c11\u51fa\u7248\u793e\u51fa\u7248\u3002<\/p>\n<p>\u201c\u5361\u6d1b\u91c7\u65e0\u7591\u662f\u4e16\u754c\u8bed\u4e16\u754c\u91cc\u6700\u4f1f\u5927\u7684\u5f62\u8c61\u4e4b\u4e00\uff1a\u4ed6\u7684\u5730\u4f4d\u7d27\u6328\u7740\u67f4\u95e8\u970d\u592b\u3001\u683c\u62c9\u6ce2\u592b\u65af\u57fa\u548c\u5361\u8d1d\uff0c\u53ef\u80fd\u6ca1\u6709\u4eba\u80fd\u50cf\u4ed6\u90a3\u6837\u7d27\u968f\u7740\u67f4\u95e8\u970d\u592b\u7684\u8981\u6c42\uff1a\u4ece\u4e8b\u56f0\u96be\u7684\u7ffb\u8bd1\u4efb\u52a1\uff0c\u2018\u56e0\u4e3a\u53ea\u6709\u7528\u8fd9\u79cd\u65b9\u5f0f\u8bed\u8a00\u624d\u80fd\u5236\u9020\u51fa\u6765\u2019\u201d\uff08Kalocsay estas sendube unu el la plej grandaj figuroj de la esp-a mondo: lia loko estas senpere apud Zamenhof, Grabowski kaj Kabe, eble neniu kiel li sekvis la Zamenhofan postulon: surpreni malfacilajn traduktaskojn, \u2018\u0109ar nur tiamaniere la lingvo ellabori\u011dos\u2019.\uff09\u3002\u2476 \u5361\u6c0f\u662f\u67f4\u6c0f\u201cla lingvo ellabori\u011dos\u201d\u7406\u5ff5\u7684\u5fe0\u8bda\u5b9e\u8df5\u8005\u3002<\/p>\n<p>\u4ed6\u7ffb\u8bd1\u7684\u5308\u7259\u5229\u6c11\u65cf\u7ae5\u8bdd\u8bd7\u300a\u52c7\u6562\u7684\u7ea6\u7ff0\u300b\uff08Johano la brava\uff091923\u5e74\u51fa\u7248\uff0c\u4ee5\u540e\u53c8\u4fee\u8ba2\u51fa\u5230\u7b2c\u56db\u7248\uff1b\u5308\u7259\u5229\u6587\u5b66\u4ee3\u8868\u4f5c\uff0c\u5927\u8bd7\u4eba\u739b\u8fbe\u5951\u7684\u957f\u7bc7\u8bd7\u5267\u300a\u4eba\u7684\u60b2\u5267\u300b\uff08La tragedio de l\u2019 homo\uff09\uff0c1924\u5e74\u51fa\u7248\uff0c1963\u5e74\u8fd8\u51fa\u4e86\u4fee\u8ba2\u7684\u7b2c\u4e8c\u7248\uff1b\u4ed6\u7ffb\u8bd1\u7684\u610f\u5927\u5229\u8bd7\u4eba\u4f46\u4e01\u7684\u300a\u795e\u66f2\u00b7\u5730\u72f1\u7bc7\u300b\uff08La Infero\uff09\uff0c\u521d\u7248\u4e8e1933\u5e74\uff1b\u8fd9\u662f\u7528\u4e09\u884c\u4f53\uff08tercino\uff09\u521b\u4f5c\u7684\u957f\u8bd7\uff0c\u5361\u6c0f\u4e5f\u628a\u8fd9\u4e00\u8bd7\u4f53\u5f15\u8fdb\u4e86\u4e16\u754c\u8bed\u3002\u4ed6\u8fd8\u540c\u74e6\u5170\u91d1\u7b49\u5408\u4f5c\u7ffb\u8bd1\u4e86\u6cd5\u56fd\u5927\u8bd7\u4eba\u6ce2\u5fb7\u83b1\u5c14\u7684\u300a\u6076\u4e4b\u82b1\u300b\uff08La floroj de l\u2019 malbono\uff09\uff1b\u90a3\u672c\u300a\u5308\u7259\u5229\u6587\u9009\u300b\uff08Hungara Antologio\uff09\u91cc\u7edd\u5927\u90e8\u5206\u8bd7\u6b4c\u8bd1\u6587\u4e5f\u51fa\u81ea\u4ed6\u7684\u7b14\u4e0b\uff1b\u4ed6\u8fd8\u7ffb\u8bd1\u4e86\u838e\u7fc1\u7684\u5267\u672c\uff0c\u6d77\u6d85\u548c\u88f4\u591a\u83f2\u7684\u8bd7\u96c6\u7b49\u7b49\u30021966\u5e74\u5308\u7259\u5229\u4e16\u754c\u8bed\u534f\u4f1a\u6839\u636e\u4ed6\u7684\u624b\u7a3f\uff0c\u51fa\u7248\u4e86\u4ed6\u7684\u4e24\u5377\u672c\u8bd1\u8bd7\u96c6\u300a\u73af\u7403\u4e4b\u58f0\u300b\uff08Tutmonda sonoro\uff09\uff0c\u6536\u5165\u4ed6\u8bd1\u81ea30\u79cd\u8bed\u8a00\u7684\u4e16\u754c\u5404\u6c11\u65cf\u4f18\u79c0\u7684\u8bd7\u7bc7\uff0c\u5305\u62ec\u53e4\u5e0c\u814a\u3001\u7f57\u9a6c\u3001\u6ce2\u65af\u8bd7\u4eba\u548c\u6211\u4eec\u7684\u201c\u8bd7\u4ed9\u201d\u674e\u767d\u7684\u4f5c\u54c1\uff0c\u8fd9\u672c\u8bd1\u8bd7\u96c6\u5e94\u8be5\u662f\u300a\u6c38\u6052\u7684\u82b1\u675f\u300b\u7684\u589e\u8ba2\u7248\u3002<\/p>\n<p>\u5361\u6d1b\u91c7\u5bf9\u4e16\u754c\u8bed\u548c\u4e16\u754c\u8bed\u6587\u5b66\u7684\u8d21\u732e\u662f\u591a\u65b9\u9762\u7684\uff0c\u4ed6\u4e3b\u7f16\u7684\u5927\u578b\u6587\u5b66\u520a\u7269\u300a\u6587\u5b66\u4e16\u754c\u300b\uff08Literatura Mondo\uff09\u5728\u957f\u8fbe\u56db\u5206\u4e4b\u4e00\u4e16\u7eaa\u65f6\u95f4\u91cc\uff0c\u4e3a\u4e16\u754c\u8bed\u6587\u5b66\u57f9\u80b2\u65b0\u7684\u4eba\u624d\uff0c\u4ed6\u628a\u5728\u8be5\u520a\u7269\u4e0a\u53d1\u8868\u7684\u8bd7\u4f5c\u7f16\u8f91\u6210\u4e24\u672c\u8bd7\u96c6\uff1a\u300a\u5341\u4e8c\u4eba\u96c6\u300b\uff08Dek du poetoj\uff09\u548c\u300a\u4e5d\u4eba\u96c6\u300b\uff08Na\u016d poetoj\uff09\uff0c\u5165\u9009\u7684\u768421 \u4f4d\u8bd7\u4eba\u7684\u4f5c\u54c1\uff0c\u5176\u4e2d\u7edd\u5927\u90e8\u5206\u88ab\u5965\u5fb7\u6536\u5165\u5230\u4ed6\u7f16\u8f91\u7684\u300a\u4e16\u754c\u8bed\u8bd7\u9009\u300b\uff08Esperanta Antologio\uff09\u4e00\u4e66\uff0c\u5176\u4e2d\u6709\u6211\u56fd\u4e16\u754c\u8bed\u8bd7\u4eba\u5f90\u58f0\u8d8a\u3002<\/p>\n<p>\u4ed6\u540c\u74e6\u5170\u91d1\uff08Gaston Waringhien\uff09\u5408\u4f5c\u7f16\u5199\u7684\u300a\u4f5c\u8bd7\u6307\u5357\u300b\uff08Parnasa Gvidlibro\uff09\uff0c\u603b\u7ed3\u4e86\u4ed6\u4eec\u90a3\u65f6\u4e16\u754c\u8bed\u8bd7\u827a\u7684\u5168\u90e8\u6210\u679c\uff0c\u6210\u4e3a\u8bd7\u5b66\u6559\u79d1\u4e66\u3002\u4ed6\u540c\u74e6\u5170\u91d1\u5408\u4f5c\u7f16\u5199\u4e86\u300a\u4e16\u754c\u8bed\u8bed\u6cd5\u5927\u5168\u300b\uff08Plena Analiza Gramatiko de Esp-o\uff09\u4e00\u4e66\uff0c\u81f3\u4eca\u8fd8\u662f\u4e16\u754c\u8bed\u8bed\u6cd5\u7406\u8bba\u7684\u6743\u5a01\u8457\u4f5c\u3002\u4ed6\u53c2\u4e0e\u7f16\u8f91\u51fa\u7248\u300a\u4e16\u754c\u8bed\u767e\u79d1\u8f9e\u5178\u300b\uff08La Enciklopedio de Esp-o\uff09\uff0c\u64b0\u5199\u4e86\u8bb8\u591a\u6761\u76ee\u2026\u2026<\/p>\n<p>\u5965\u5fb7\u8bc4\u4ef7\u4ed6\u7684\u8d21\u732e\u65f6\u8bf4\uff1a\u201c\u5361\u6d1b\u91c7\uff0c\u5f62\u5f0f\u7684\u5927\u5e08\uff0c\u57281921\u52301939\u5e74\u95f4\uff0c\u4f3c\u4e4e\u662f\u4ed6\u81ea\u5df1\u521b\u9020\u51fa\u6574\u4e2a\u7684\u4e16\u754c\u8bed\u4f20\u7edf\u8bd7\u827a\u201d\uff08Kalocsay, majstro de la formo, inter 1921 kaj 1939 kvaza\u016d mem ellaboris la tutan \u201ctradician poezion\u201d de Esp-o\uff09\u3002\u4ed6\u8fd8\u8bf4\uff1a\u201c\u6211\u4eec\u7684\u8bed\u8a00\u80fd\u5b58\u6d3b\u591a\u4e45\uff0c\u5df4\u57fa\u548c\u5361\u6d1b\u91c7\u7684\u8bd7\u6b4c\u5c31\u4f1a\u88ab\u9605\u8bfb\u548c\u559c\u7231\u591a\u4e45\u201d \u5965\u5fb7\u751a\u81f3\u8bf4\uff0c\u201c\u5047\u8bbe\u6211\u4eec\u7684\u8bed\u8a00\u2014\u2014\u4e16\u754c\u8bed\u6709\u4e00\u5929\u6d88\u4ea1\u4e86\uff0c\u8fd8\u4f1a\u6709\u7231\u7f8e\u7684\u5b66\u7a76\u4eec\u8bfb\u4ed6\u4eec\u7684\u8bd7\u4f5c\uff0c\u8fd9\u4e9b\u8bd7\u6b4c\u8db3\u591f\u963b\u6b62\u6211\u4eec\u7684\u8bed\u8a00\u547d\u5b9a\u5165\u571f\uff0c\u5c31\u50cf\u7f57\u9a6c\u7684\u8bd7\u4eba\u4eec\u786e\u5b9a\u4e86\u62c9\u4e01\u8bed\u4e0d\u53ef\u80fd\u88ab\u5fd8\u6000\u4e00\u6837\u201d\uff08Kaj e\u0109 se nia lingvo morga\u016d fari\u011dus mortinta, e\u0109 tiam kelkaj belamantaj skolastikuloj legus tiujn poemojn; kaj ili sufi\u0109us por malhelpi la enterigon difinitivan de nia lingvo, kiel la poetoj de Romo certigas la neforgeseblon de la Latina lingvo.\uff09\u3002\u2477<\/p>\n<p>\u5361\u6d1b\u91c71976\u5e74\u75c5\u901d\u5728\u5e03\u8fbe\u4f69\u65af\u3002<\/p>\n<p>2015-06-30\uff0c\u5927\u5e86<\/p>\n<p>\u2474 W. Auld: Esp-a Antologio, la 1a eld. Stafeto, 1958, p. 18<br \/>\n\u2475 W. Auld: Esp-a Antologio, la 2a eld. UEA, 1984, p. 835<br \/>\n\u2476 Lojas Tarkony: K. Kalocsay, en Ora Duopo, Budapest, 1966, p. 103<br \/>\n\u2477 same \u2476, p. 7-8<\/p>\n<p><a href=\"https:\/\/reto.cn\/php\/hanyu\/esperantologio\/esperanta-literaturo\/artikolo-12\">\u4e0a\u4e00\u7bc7<\/a> <a href=\"https:\/\/reto.cn\/php\/hanyu\/esperantologio\/esperanta-literaturo\/artikolo-14\">\u4e0b\u4e00\u7bc7<\/a><\/p>\n<p><a href=\"https:\/\/reto.cn\/php\/hanyu\/esperantologio\/esperanta-literaturo\/\">\u8fd4\u56de\u4e16\u754c\u8bed\u6587\u5b66\u7410\u8bdd<\/a><\/p>\n","protected":false},"excerpt":{"rendered":"<p>\u8bd7\u575b\u5de8\u661f\u5361\u6d1b\u91c7 \u7528\u81ea\u5df11921\u5e74\u51fa\u7248\u7684\u5904\u5973\u4f5c\u8bd7\u96c6\u300a\u4e16\u754c\u4e0e\u5fc3\u300b\uff08Mondo kaj koro\uff09\u5f00\u542f\u4e86\u4e16\u754c\u8bed\u6587\u5b66\u53f2\u2026 <span class=\"read-more\"><a href=\"https:\/\/reto.cn\/php\/hanyu\/esperantologio\/esperanta-literaturo\/artikolo-13\/\">\u7ee7\u7eed\u9605\u8bfb Legi pli &raquo;<\/a><\/span><\/p>\n","protected":false},"author":1,"featured_media":0,"parent":11795,"menu_order":0,"comment_status":"open","ping_status":"closed","template":"","meta":{"footnotes":""},"_links":{"self":[{"href":"https:\/\/reto.cn\/php\/hanyu\/wp-json\/wp\/v2\/pages\/11827"}],"collection":[{"href":"https:\/\/reto.cn\/php\/hanyu\/wp-json\/wp\/v2\/pages"}],"about":[{"href":"https:\/\/reto.cn\/php\/hanyu\/wp-json\/wp\/v2\/types\/page"}],"author":[{"embeddable":true,"href":"https:\/\/reto.cn\/php\/hanyu\/wp-json\/wp\/v2\/users\/1"}],"replies":[{"embeddable":true,"href":"https:\/\/reto.cn\/php\/hanyu\/wp-json\/wp\/v2\/comments?post=11827"}],"version-history":[{"count":0,"href":"https:\/\/reto.cn\/php\/hanyu\/wp-json\/wp\/v2\/pages\/11827\/revisions"}],"up":[{"embeddable":true,"href":"https:\/\/reto.cn\/php\/hanyu\/wp-json\/wp\/v2\/pages\/11795"}],"wp:attachment":[{"href":"https:\/\/reto.cn\/php\/hanyu\/wp-json\/wp\/v2\/media?parent=11827"}],"curies":[{"name":"wp","href":"https:\/\/api.w.org\/{rel}","templated":true}]}}