{"id":11829,"date":"2022-06-04T23:58:24","date_gmt":"2022-06-04T15:58:24","guid":{"rendered":"https:\/\/reto.cn\/php\/hanyu\/esperantologio\/esperanta-literaturo\/artikolo-1-2-14\/"},"modified":"2022-06-09T23:30:37","modified_gmt":"2022-06-09T15:30:37","slug":"artikolo-15","status":"publish","type":"page","link":"https:\/\/reto.cn\/php\/hanyu\/esperantologio\/esperanta-literaturo\/artikolo-15\/","title":{"rendered":"\u4e16\u754c\u8bed\u6587\u5b66\u7410\u8bdd"},"content":{"rendered":"<h3><strong>\u4e16\u8fd0\u4e00\u751f\u7684\u6cf0\u5965\u00b7\u5bb9\u683c<\/strong><\/h3>\n<p>\u8bf4\u8d77\u62a5\u9053\u5168\u4e16\u754c\u4e16\u8fd0\u7684\u520a\u7269\u300a\u4e16\u754c\u8bed\u4fe1\u4f7f\u62a5\u300b\uff08Heroldo de Esperanto\uff09\uff0c\u5927\u7ea6\u6211\u4eec\u90fd\u77e5\u9053\uff0c\u8fd9\u4efd\u4ece\u521b\u520a\u8d77\u4e00\u76f4\u51fa\u7248\u53d1\u884c\u5230\u73b0\u5728\u7684\u520a\u7269\uff0c\u5df2\u7ecf\u575a\u6301\u4e86\u6574\u6574\u4e5d\u5341\u5e74\uff01\u800c\u5b83\u7684\u521b\u59cb\u4eba\u6cf0\u5965\u00b7\u5bb9\u683c\uff08Teo Jung, 1892-1986\uff09\u7684\u540d\u5b57\uff0c\u5f88\u591a\u4eba\u4f1a\u89c9\u5f97\u964c\u751f\u3002\u5176\u5b9e\u4ed6\u4e5f\u662f\u4e00\u4f4d\u6770\u51fa\u7684\u4e16\u754c\u8bed\u8bd7\u4eba\u548c\u4f5c\u5bb6\u3002<\/p>\n<div style=\"width: 238px\" class=\"wp-caption aligncenter\"><img decoding=\"async\" loading=\"lazy\" src=\"https:\/\/reto.cn\/bildo\/cina\/esperantologio\/esperanta-literaturo\/artikolo-15\/bildo-1.png\" alt=\"\" width=\"228\" height=\"335\" \/><p class=\"wp-caption-text\">Teo Jung<\/p><\/div>\n<p>\u6cf0\u5965\u00b7\u5bb9\u683c\uff0c1892\u5e74\u51fa\u751f\u5728\u5fb7\u56fdMeckenheim\uff0c\u7531\u4e8e\u5bb6\u91cc\u7a77\uff0c\u5341\u4e94\u5c81\u5c31\u8f8d\u5b66\u53bb\u505a\u5de5\u30021910\u5e74\uff0c\u4ed6\u5341\u516b\u5c81\u65f6\uff0c\u5b66\u4f1a\u4e86\u4e16\u754c\u8bed\uff0c\u4ed6\u7528\u4e16\u754c\u8bed\u5199\u7684\u6545\u4e8b\uff0c\u8fd8\u4e0d\u6b62\u4e00\u6b21\u5728\u201c\u82b1\u513f\u201d\uff08Floraj Ludoj\uff09\u6587\u5b66\u7ade\u8d5b\u4e0a\u5f97\u8fc7\u5956\u3002\u4ed6\u79ef\u6781\u53c2\u4e0e\u5730\u65b9\u548c\u5fb7\u56fd\u7684\u4e16\u754c\u8bed\u534f\u4f1a\u7ec4\u5efa\uff0c\u56fd\u9645\u4e16\u754c\u8bed\u5927\u4f1a\uff08UK\uff09\u7684\u7b79\u5907\uff0c\u529e\u520a\u7269\u30021920\u5e74\u521b\u529e\u4e86\u53cc\u5468\u520a\u300a\u4e16\u754c\u8bed\u5fc5\u80dc\u300b\uff08Esperanto Triumfonta\uff09\uff0c\u8fd9\u4efd\u520a\u72691925\u5e74\u6539\u540d\u4e3aHeroldo de Esperanto\u3002\u4ed6\u9760\u81ea\u5df1\u7684\u594b\u6597\u548c\u52aa\u529b\uff0c\u5f00\u529e\u4e86\u5370\u5237\u5382\uff0c\u51fa\u7248\u4e16\u754c\u8bed\u4e66\u520a\u3002\u7eb3\u7cb9\u4e0a\u53f0\u540e\uff0c\u4ed6\u4e8e1936\u5e74\u79fb\u5c45\u5230\u8377\u5170\uff0c\u7ee7\u7eed\u4e3a\u4e16\u754c\u8bed\u5de5\u4f5c\u30021962\u5e74\uff0c\u4ed6\u4e03\u5341\u5c81\u65f6\u628a\u300a\u4e16\u754c\u8bed\u4fe1\u4f7f\u62a5\u300b\u7684\u7f16\u8f91\u51fa\u7248\u5de5\u4f5c\u79fb\u4ea4\u7ed9\u6d77\u7259\u7684\u201c\u4e16\u754c\u8bed\u5b66\u9662\u201d\uff08Internacia Esp-Instituto en Hago\uff09\uff0c\u624d\u7b97\u201c\u9000\u4f11\u201d\u3002<\/p>\n<p><img decoding=\"async\" loading=\"lazy\" class=\"aligncenter\" src=\"https:\/\/reto.cn\/bildo\/cina\/esperantologio\/esperanta-literaturo\/artikolo-15\/bildo-2.png\" width=\"275\" height=\"405\" \/><\/p>\n<p>1926\u5e74\uff0c\u4ed6\u4ee5\u5fb7\u610f\u5fd7\u6c11\u65cf\u4f20\u8bf4\u4e3a\u7d20\u6750\u521b\u4f5c\u7684\u4e00\u672c\u8bd7\u96c6\u300a\u7231\u7684\u9ad8\u6b4c\u300b\uff08La Alta kanto de la amo\uff09\u51fa\u7248\u4e86\uff0c1928\u5e74\u8fd8\u51fa\u4e86\u7b2c\u4e8c\u7248\uff0c\u6211\u56fd\u6709\u9b4f\u8352\u5f29\u6559\u6388\u7684\u6c49\u8bd1\u672c\u3002\u4ed6\u5199\u7684\u8bd7\u5728\u4e16\u754c\u8bed\u520a\u7269\u4e0a\u53d1\u8868\uff0c1935\u5e74\u51fa\u7248\u4e86\u4e00\u672c\u8bd7\u96c6\u201c\u53bb\u4e0a\u6218\u573a\u201d\uff08Ek al batal\u2019\uff09\u3002\u4ed6\u7684\u8bd7\u4f5cIam\uff0c\u88ab\u5965\u5fb7\u6536\u5165\u5728\u300a\u4e16\u754c\u8bed\u8bd7\u9009\u300b\uff08Esp-a Antologio\uff09\u4e4b\u4e2d\uff1a<\/p>\n<p>Iam<br \/>\nMi migris tra la vasta mondpalaco<br \/>\nKun komprenema kor\u2019 kaj \u011du-malsato,<br \/>\nKaj \u0109ie min alridis dia paco,<br \/>\nKaj \u0109io renkontita estis frato.<br \/>\n\u2026\u2026<\/p>\n<p>1927\u5e74\uff0c\u4ed6\u7684\u957f\u7bc7\u5c0f\u8bf4\u300a\u68a6\u5e7b\u4e4b\u56fd\u300b\uff08Landoj de l\u2019 fantazio\uff09\u51fa\u7248\u4e86\uff0c\u8fd9\u90e8\u539f\u521b\u5c0f\u8bf4\u5199\u7684\u662f\u865a\u5e7b\u201c\u4e4c\u6258\u90a6\u201d\uff08utopio\uff09\u7684\u6545\u4e8b\u3002\u4eba\u7c7b\u4ece\u5e0c\u814a\u5148\u54f2\u67cf\u62c9\u56fe\u5199\u300a\u7406\u60f3\u56fd\u300b\u5f00\u59cb\uff0c\u5230\u5341\u516d\u4e16\u7eaa\u6258\u9a6c\u65af\u00b7\u83ab\u5c14\uff08Thomas More\uff09\u5199\u300a\u4e4c\u6258\u90a6\u300b\uff0c\u5e7b\u60f3\u7740\u80fd\u751f\u6d3b\u5728\u90a3\u6837\u4e00\u4e2a\u201c\u4e00\u5207\u90fd\u662f\u5b8c\u7f8e\u7684\u68a6\u5e7b\u4e4b\u56fd\u201d\u2014\u2014\u4e4c\u6258\u90a6\uff08Utopio: revata lando, kie\u2026 \u0109io estas perfekta \u2013 el PIV\uff09\u3002<\/p>\n<p>\u6211\u4eec\u5728\u67f4\u95e8\u970d\u592bhomanarismo\u7684\u4fe1\u5f92\u6cf0\u5965\u00b7\u5bb9\u683c\u7b14\u4e0b\u770b\u5230\u7684\u662f\uff1a\u201c\u62c9\u65af\u5e15\u8428\u662f\u4e2a\u88ab\u9ad8\u5c71\u548c\u8352\u539f\u4e0e\u5176\u4ed6\u4e16\u754c\u963b\u9694\u7684\u4e16\u5916\u6843\u6e90\u3002\u5b83\u7684\u5c45\u6c11\u628a\u5916\u90e8\u4e16\u754c\u90a3\u4e9b\u6587\u660e\u56fd\u5bb6\uff0c\u770b\u6210\u5bf9\u4ed6\u4eec\u6765\u8bf4\u662f\u2018\u5927\u9b54\u6cd5\u5e08\u7684\u68a6\u5e7b\u4e4b\u56fd\u2019\u3002\u800c\u62c9\u65af\u5e15\u8428\u5219\u4ee3\u8868\u7740\u88ab\u6587\u660e\u56fd\u5bb6\u5c45\u6c11\u5411\u5f80\u7684\u4e4c\u6258\u90a6\u3002\u6709\u4e24\u4e2a\u7f8e\u56fd\u4eba\u4e58\u98de\u673a\u6765\u5230\u62c9\u65af\u5e15\u8428\uff0c\u7528\u98de\u673a\u5e26\u8d70\u4e24\u540d\u62c9\u65af\u5e15\u8428\u7684\u738b\u5b50\u5230\u4e16\u754c\u5404\u56fd\u65c5\u884c\uff1a\u7f8e\u56fd\u3001\u8377\u5170\u3001\u6bd4\u5229\u65f6\u3001\u6cd5\u56fd\u3001\u82ac\u5170\u3001\u5fb7\u56fd\u7b49\u7b49\u3002\u4ed6\u4eec\u5728\u7ebd\u7ea6\u770b\u5230\u90a3\u91cc\u7684\u5c45\u6c11\uff0c\u5b8c\u5168\u5931\u671b\u4e86\u2026\u2026\u201d\uff08la paradiza landeto Raspaza, kiun forbaras de la cetera mondo montegoj kaj dezertegoj. La enlo\u011dantoj revas pri la civilizitaj landoj de la ekstera mondo, kiuj por ili estas la \u201cfantaziaj landoj de l\u2019 grandaj sor\u0109istoj\u201d, dum Raspeza reprezentas la utopion revatan de multaj lo\u011dantoj en la civilizitaj landoj. Al Raspeza venas per aviadilo du usonanoj, kaj peraviadile kondukas du raspizajn princojn al diversaj landoj de la mondo: Usono, Nederlando, Belgujo, Francujo, Finnlando, Germanujo, ktp. La seniluzii\u011do de la du princoj estas kompleta. Ili vidas, ke la lo\u011dantoj de Novjorko\u2026\uff09\u2474<\/p>\n<p>\u4ed6\u4eec\u770b\u5230\u7684\u662f\uff1a\u201c\u2026\u2026\u4e00\u4e9b\u4eba\u538b\u8feb\u53e6\u4e00\u4e9b\u4eba\uff0c\u5f3a\u8005\u6b3a\u8d1f\u5f31\u8005\u3002\u4ed6\u4eec\u6e34\u671b\u91d1\u94b1\u8d85\u8fc7\u6e34\u671b\u7cbe\u795e\u5e78\u798f\uff0c\u4e3a\u6b64\u4ed6\u4eec\u6740\u4eba\uff0c\u4e3a\u6b64\u4ed6\u4eec\u629b\u6d12\u9c9c\u8840\u3002<\/p>\n<p>\u4ed6\u4eec\u53d1\u660e\u51fa\u65e8\u5728\u7528\u4e8e\u6218\u4e89\u3001\u6bc1\u574f\u7684\u5927\u7ba1\u5b50\uff0c\u4ed6\u4eec\u628a\u96f7\u7535\u88c5\u8fdb\u5b83\u7684\u809a\u5b50\u91cc\u3002\u4ed6\u4eec\u76f8\u4e92\u8fce\u9762\u8d70\u6765\u8bf4\u7740\u5ba2\u5957\u8bdd\uff0c\u6000\u63e3\u7740\u6076\u610f\u2026\u2026<\/p>\n<p>\u628a\u96f7\u7535\u4ece\u5927\u7ba1\u5b50\u91cc\u653e\u51fa\u6765\uff0c\u98a0\u8986\u2018\u654c\u4eba\u2019\u7684\u519b\u961f\u548c\u57ce\u5e02\u3002\u8eab\u4f53\u7834\u788e\uff0c\u9c9c\u8840\u98de\u6e85\uff1b\u5236\u9020\u65e0\u5c3d\u7684\u82e6\u96be\u2026\u2026<\/p>\n<p>\u4ed6\u4eec\u7684\u59d1\u5a18\u662f\u4e0d\u77e5\u7f9e\u803b\u7684\u4e0b\u8d31\u5973\u4eba\uff1a\u5979\u4eec\u51fa\u5356\u4eb2\u543b\uff0c\u7528\u7231\u60c5\u6765\u8ba8\u4ef7\u8fd8\u4ef7\u2026\u2026\u201d\uff08\u2026unu subpremas alian, malfortan pli forta forpu\u015das. Oron ili avidas pli ol animan feli\u0109on \u2013 por \u011di ili mortigas, por \u011di ili ver\u015das la sango. Tubojn ili eltrovis, celante militon, detruon, en kies ventron enkaptis ili la fulmotondron. Kaj ili iras renkonte unu al alia, kun malsinceras paroloj kaj kun intencoj malicaj\u2026Ellasante la fulmon kaj tondron el siaj tubegoj, ke renversi\u011du armeoj kaj urboj de l\u2019 \u2018malamikoj\u2019. Kaj disspliti\u011das la korpoj, kaj ru\u011da la sango dis\u015dprucas; regas senlima sufero\u2026Mal\u0109astulinoj senhontaj estas iliaj knabinoj: ili forvendas la kison kaj pri la amo mar\u0109andas \u2026\uff09<\/p>\n<p>\u603b\u4e4b\uff0c\u4e24\u4f4d\u738b\u5b50\u770b\u5230\u7684\u4e0d\u662f\u7406\u60f3\u7684\u6587\u660e\u548c\u6709\u6559\u517b\u7684\u7406\u60f3\u4e4b\u56fd\uff0c\u4ed6\u4eec\u8fd4\u56de\u62c9\u65af\u5e15\u8428\u3002<\/p>\n<p>\u6cf0\u5965\u00b7\u5bb9\u683c\u7528\u201c\u5916\u90e8\u4e16\u754c\u201d\u7684\u773c\u5149\u6765\u89c2\u5bdf\u6211\u4eec\u7684\u4e16\u754c\uff0c\u5bf9\u4eba\u7c7b\u793e\u4f1a\u7684\u5f0a\u7aef\u505a\u51fa\u6df1\u523b\u7684\u5632\u8bbd\u3002\u4f46\u4ed6\u7b14\u4e0b\u7684\u62c9\u65af\u5e15\u8428\u53c8\u662f\u4ec0\u4e48\u6837\u5b50\u5462\uff1f\u4ed6\u5199\u5230\uff1a<\/p>\n<p>\u201c\u90a3\u91cc\u548c\u8fd9\u91cc\u90fd\u6709\u597d\u4eba\u548c\u574f\u4eba\u3002\u5728\u62c9\u65af\u4f69\u5e15\u8428\uff0c\u4e00\u822c\u6765\u8bf4\uff0c\u7cbe\u795e\u6587\u5316\u662f\u5728\u66f4\u9ad8\u5c42\u6b21\uff0c\u4eba\u66f4\u771f\u8bda\uff0c\u66f4\u5bbd\u5bb9\uff0c\u66f4\u503e\u5411\u81ea\u7531\uff0c\u66f4\u5927\u5ea6\u2026\u2026\u201d\uff08ekzistas bonaj kaj malbonaj tie kaj tie \u0109i. En Raspaza, \u011denerale, la anima kulturo staras sur pli alta \u015dtupo, kaj la homoj estas pli sinceraj, pli toleremaj, pli liberalemaj, pli vastanima\u2026\uff09\u53ef\u662f\u4f5c\u8005\u85c9\u52a9\u5c0f\u8bf4\u91cc\u7684\u7f8e\u56fd\u4ebaJack Benson\u7684\u8bdd\u8bf4\uff1a\u201c\u8fd9\u662f\u2014\u2014\u7f8e\u4e3d\u7684\u5929\u5802\u5417\uff01\u4eba\u4eec\u5728\u90a3\u91cc\u4f1a\u538c\u5026\u5f97\u6bc1\u6389\uff01\u2026\u2026\u6ca1\u6709\u591c\u603b\u4f1a\uff0c\u6ca1\u6709\u9152\u5427\uff0c\u6ca1\u6709\u520a\u7269\uff0c\u6ca1\u6709\u7235\u58eb\u4e50\u961f\uff0c\u6ca1\u6709\u62f3\u51fb\uff0c\u6ca1\u6709\u8db3\u7403\uff0c\u6ca1\u6709\u62a5\u7eb8\u2014\u2014\u540c\u4f60\u7684\u5929\u5802\u4e00\u8d77\u6eda\u5427\uff01\u8fd8\u6709\u8fd9\u4e2a\u5bc2\u9759\uff01\u5b83\u80fd\u8ba9\u4f60\u53d1\u75af\uff01\u6ca1\u6709\u6c7d\u8f66\uff0c\u6ca1\u6709\u7535\u8f66\uff0c\u5730\u4e0a\u3001\u5730\u4e0b\u6ca1\u6709\u706b\u8f66\uff01\u4f60\u628a\u8fd9\u4e2a\u53eb\u505a\u5929\u5802\u5417\uff1f\u201d\uff08Bela paradizo \u2013 tio! Kie oni pro enuo pereas! \u2026Nenia kabareto, nenia bar\u2019o, nenia revuo, nenia Jazz-bando\uff0cnenia boksbatalo, nenia futbalo, nenia \u0135urnalo \u2013 iru kun via \u2018paradizo\u2019! Kaj tiu senbrueco! Frenezigi \u011di povus vin! Nenia a\u016dtomobilo, nenia tramo, nenia fervojo sur, sub kaj super la tero! Kaj tion vi nomas paradizon?\uff09\u2475<\/p>\n<p>\u4f5c\u5bb6\u61a7\u61ac\u7684\u662f\u201c\u5982\u679c\uff08\uff01\uff09\u4eba\u4eec\u80fd\u540c\u65f6\u62e5\u6709\u62c9\u65af\u5e15\u8428\u9ad8\u5ea6\u7684\u7cbe\u795e\u6587\u660e\u548c\u767d\u79cd\u4eba\u7684\u77e5\u8bc6\uff0c\u8fd9\u5e94\u8be5\u4f1a\u662f\u5b8c\u7f8e\u7684\u751f\u6d3b\uff01\u201d\uff08Se oni povus samtempe havi la alta animan kulturon de Raspaza kaj la scion de la blankha\u016dtuloj, tio devus esti perfekta vivo!\uff09\u2476<\/p>\n<p>\u4ed6\u8fd9\u90e8\u5c0f\u8bf4\u91cc\u5411\u5f80\u7684\u68a6\u5e7b\u4e4b\u56fd\uff0c\u4e5f\u8bb8\u53ea\u5b58\u5728\u4e8e\u653f\u5ba2\u4eec\u5bf9\u81ea\u5df1\u9009\u6c11\u7684\u8bb8\u8bfa\u4e2d\u3002\u6cf0\u5965\u00b7\u5bb9\u683c\u8fd9\u672c\u5c0f\u8bf4\uff0c\u7ed9\u8bfb\u8005\u7559\u4e0b\u7684\u662f\u4e00\u9053\u601d\u8003\u9898\u3002<\/p>\n<p>\u4ed6\u4e5f\u7ffb\u8bd1\u4e86\u4e0d\u5c11\u6587\u5b66\u4f5c\u54c1\uff0c\u6709\u540d\u7684\u662f\u96f7\u9a6c\u514b\u7684\u90a3\u672c\u300a\u897f\u7ebf\u65e0\u6218\u4e8b\u300b\uff08Remarque:\u00a0En okcidento nenio nova\uff0ckuntradukinto 1929\uff09\u3002<\/p>\n<p><img decoding=\"async\" loading=\"lazy\" class=\"aligncenter\" src=\"https:\/\/reto.cn\/bildo\/cina\/esperantologio\/esperanta-literaturo\/artikolo-15\/bildo-3.png\" width=\"220\" height=\"322\" \/><\/p>\n<p>\u6cf0\u5965\u00b7\u5bb9\u683c\u5bf9\u4e16\u754c\u8bed\u7684\u65b0\u95fb\u8bed\u8a00\u98ce\u683c\u505a\u51fa\u4e86\u7a81\u51fa\u7684\u8d21\u732e\u3002\u665a\u5e74\u4ed6\u5199\u4e86\u4e00\u90e8\u56de\u5fc6\u5f55\u0108iu \u0108iun\uff0c400\u9875\uff0c1979\u5e74\u7531TK \/ Stafeto\u51fa\u7248\u793e\u51fa\u7248\uff0c\u503c\u5f97\u4e00\u770b\u7684\u597d\u4e66\u3002<\/p>\n<p>\u4ed61986\u5e74\u8f9e\u4e16\uff0c\u4eab\u5e74\u4e5d\u5341\u56db\u5c81\u3002<br \/>\n2015-07-03\uff0c\u5927\u5e86<\/p>\n<p>\u2474 W. Auld: Vereco Distro Stilo, Iltis, 1981, p. 49<br \/>\n\u2475 same \u2474, p. 51<br \/>\n\u2476 same \u2474, p. 51<\/p>\n<p>\u4e0a\u4e00\u7bc7 <a href=\"https:\/\/reto.cn\/php\/hanyu\/esperantologio\/esperanta-literaturo\/artikolo-16\">\u4e0b\u4e00\u7bc7<\/a><\/p>\n<p><a href=\"https:\/\/reto.cn\/php\/hanyu\/esperantologio\/esperanta-literaturo\/\">\u8fd4\u56de\u4e16\u754c\u8bed\u6587\u5b66\u7410\u8bdd<\/a><\/p>\n","protected":false},"excerpt":{"rendered":"<p>\u4e16\u8fd0\u4e00\u751f\u7684\u6cf0\u5965\u00b7\u5bb9\u683c \u8bf4\u8d77\u62a5\u9053\u5168\u4e16\u754c\u4e16\u8fd0\u7684\u520a\u7269\u300a\u4e16\u754c\u8bed\u4fe1\u4f7f\u62a5\u300b\uff08Heroldo de Esperanto\uff09\uff0c\u5927\u2026 <span class=\"read-more\"><a href=\"https:\/\/reto.cn\/php\/hanyu\/esperantologio\/esperanta-literaturo\/artikolo-15\/\">\u7ee7\u7eed\u9605\u8bfb Legi pli &raquo;<\/a><\/span><\/p>\n","protected":false},"author":1,"featured_media":0,"parent":11795,"menu_order":0,"comment_status":"open","ping_status":"closed","template":"","meta":{"footnotes":""},"_links":{"self":[{"href":"https:\/\/reto.cn\/php\/hanyu\/wp-json\/wp\/v2\/pages\/11829"}],"collection":[{"href":"https:\/\/reto.cn\/php\/hanyu\/wp-json\/wp\/v2\/pages"}],"about":[{"href":"https:\/\/reto.cn\/php\/hanyu\/wp-json\/wp\/v2\/types\/page"}],"author":[{"embeddable":true,"href":"https:\/\/reto.cn\/php\/hanyu\/wp-json\/wp\/v2\/users\/1"}],"replies":[{"embeddable":true,"href":"https:\/\/reto.cn\/php\/hanyu\/wp-json\/wp\/v2\/comments?post=11829"}],"version-history":[{"count":0,"href":"https:\/\/reto.cn\/php\/hanyu\/wp-json\/wp\/v2\/pages\/11829\/revisions"}],"up":[{"embeddable":true,"href":"https:\/\/reto.cn\/php\/hanyu\/wp-json\/wp\/v2\/pages\/11795"}],"wp:attachment":[{"href":"https:\/\/reto.cn\/php\/hanyu\/wp-json\/wp\/v2\/media?parent=11829"}],"curies":[{"name":"wp","href":"https:\/\/api.w.org\/{rel}","templated":true}]}}