{"id":11831,"date":"2022-06-04T23:58:24","date_gmt":"2022-06-04T15:58:24","guid":{"rendered":"https:\/\/reto.cn\/php\/hanyu\/esperantologio\/esperanta-literaturo\/artikolo-1-2-16\/"},"modified":"2022-06-09T23:42:55","modified_gmt":"2022-06-09T15:42:55","slug":"artikolo-17","status":"publish","type":"page","link":"https:\/\/reto.cn\/php\/hanyu\/esperantologio\/esperanta-literaturo\/artikolo-17\/","title":{"rendered":"\u4e16\u754c\u8bed\u6587\u5b66\u7410\u8bdd"},"content":{"rendered":"<h3>\u6770\u51fa\u7684\u65e0\u4ea7\u9636\u7ea7\u6d41\u6d3e\u8bd7\u4eba\u7c73\u54c8\u5c14\u65af\u57fa<\/h3>\n<p>\u5a01\u5ec9\u00b7\u5965\u5fb7\uff08W. Auld\uff09\u8bf4\uff1a\u201c\u7136\u800c\uff0c\u5728\u7b2c\u4e00\u6b21\u4e16\u754c\u5927\u6218\u4e4b\u540e\uff0c\u7531\u4e8e\u4e94\u4f4d\u4e3b\u8981\u7684\u8bd7\u4eba\u7c73\u54c8\u5c14\u65af\u57fa\u3001\u5361\u6d1b\u91c7\u3001\u5df4\u57fa\u3001\u65bd\u74e6\u5179\u548c\u6d69\u548c\u6d1b\u592b\uff0c\u548c\u4e00\u4efd\u91cd\u8981\u7684\u520a\u7269\u300a\u6587\u5b66\u4e16\u754c\u300b\u7684\u51fa\u73b0\uff0c\u4e16\u754c\u8bed\u8bd7\u6b4c\u7ec8\u4e8e\u5f97\u4ee5\u5145\u5206\u5730\u6210\u957f\uff0c\u3002\u201d\uff08Post la Unua Mondmilito, tamen, la esperanta poezio fine atingis plenkreskon, \u0109ar aperis kvin \u0109efaj poetoj: Mi\u0125alski, Kalocsay, Baghy, Schwartz kaj Hohlov, kaj unu grava revuo: Literatura Mondo.\uff09<\/p>\n<div style=\"width: 247px\" class=\"wp-caption aligncenter\"><img decoding=\"async\" loading=\"lazy\" src=\"https:\/\/reto.cn\/bildo\/cina\/esperantologio\/esperanta-literaturo\/artikolo-17\/bildo-1.png\" alt=\"\" width=\"237\" height=\"304\" \/><p class=\"wp-caption-text\">E.Mihalski (1897-1937)<\/p><\/div>\n<p>\u5965\u5fb7\u8fd8\u8bf4\uff0c\u4ed6\u8ba4\u4e3a\u8fd9\u4e94\u4f4d\u8bd7\u4eba\u4e4b\u4e2d\uff0c\u7c73\u54c8\u5c14\u65af\u57fa\u662f\u6700\u6709\u5929\u5206\u7684\u8bd7\u4eba\uff08\u0109ar la\u016d mia tasko li estas la plej talenta poeto el \u0109iuj\uff09\uff0c\u5f53\u7136\uff0c\u8fd9\u4e2a\u5224\u65ad\u4f1a\u6709\u4e89\u8bae\uff0c\u4e0d\u8fc7\u5965\u5fb7\u7684\u8bc4\u4ef7\u8fd8\u662f\u6709\u4ed6\u7684\u9053\u7406\uff1a\u201c\u6211\u4eec\u8fd9\u4e2a\u65f6\u4ee3\u5de5\u4eba\u8fd0\u52a8\u7ed9\u4e88\u4e16\u754c\u8bed\u7684\u51e0\u4f4d\u8bd7\u4eba\u4e4b\u4e2d\uff0c\u4ed6\u7684\u786e\u662f\u6770\u51fa\u7684\u3002\u201d\uff08El la pluraj poetoj, kiujn havigis al Esp-o la laborista Movado dum nia periodo, li certe estas elstara.\uff09\u2474<\/p>\n<p>\u6b27\u6839\u00b7\u7c73\u54c8\u5c14\u65af\u57fa\uff08E\u016dgeno Mihalski\uff09\uff0c1897\u5e741\u670821\u65e5\u51fa\u751f\u5728\u4e4c\u514b\u5170\u7684\u5217\u8482\u91c7\u592b\uff08Leti\u0109ev\uff09\uff0c\u7236\u4eb2\u662f\u6ce2\u5170\u4eba\uff0c\u6bcd\u4eb2\u662f\u4fc4\u7f57\u65af\u4eba\u3002\u4e0e\u67f4\u95e8\u970d\u592b\u7ae5\u5e74\u7684\u751f\u6d3b\u73af\u5883\u76f8\u4f3c\uff0c\u4ed6\u751f\u6d3b\u7684\u4e4c\u514b\u5170\u5c0f\u57ce\uff0c\u4fc4\u7f57\u65af\u4eba\uff0c\u6ce2\u5170\u4eba\uff0c\u72b9\u592a\u4eba\u3001\u4e4c\u514b\u5170\u4eba\u5c45\u4f4f\u5728\u5404\u81ea\u7684\u533a\u57df\uff0c\u4ed6\u4eec\u8fd9\u4e2a\u7236\u6bcd\u5c5e\u4e8e\u4e0d\u540c\u6c11\u65cf\u7684\u5bb6\u5ead\uff0c\u5f88\u53d7\u6b67\u89c6\u3002\u7236\u4eb2\u5c31\u628a\u5b69\u5b50\u4eec\u9001\u5230\u6c83\u5179\u6d85\u68ee\u65af\u514b\uff08Voznesensk\uff09\u7684\u4eb2\u5c5e\u90a3\u91cc\uff0c\u6b27\u6839\u5165\u5f53\u5730\u7537\u5b50\u4e2d\u5b66\u8bfb\u4e66\u3002\u4ed6\u5728\u56fe\u4e66\u9986\u91cc\u89c1\u5230\u4e16\u754c\u8bed\u8bd7\u4eba\u6377\u7ef4\u4e9a\u7279\u5b81\uff08Devjatnin\uff09\u7f16\u5199\u7684\u4e16\u754c\u8bed\u8bfe\u672c\uff0c\u5927\u611f\u5174\u8da3\uff0c\u5c31\u5b66\u8d77\u6765\uff0c\u90a3\u4e00\u5e74\u4ed6\u624d\u5341\u56db\u5c81\u3002<\/p>\n<p>1917\u5e74\u7684\u4fc4\u56fd\u4e8c\u6708\u9769\u547d\u548c\u5341\u6708\u9769\u547d\uff0c\u5bf9\u4ed6\u7684\u751f\u6d3b\u4ea7\u751f\u6781\u5927\u7684\u5f71\u54cd\uff0c\u8fd9\u4e00\u5e74\u4ed6\u8fc1\u5165\u8428\u62c9\u6258\u592b\uff08Saratov\uff09\uff0c\u5f00\u59cb\u5199\u4f5c\uff0c\u4ed6\u7684\u8bd7\u4eba\u5929\u5206\u5f88\u5feb\u5728\u4e16\u754c\u8bed\u521b\u4f5c\u4e2d\u5f97\u5230\u5c55\u793a\u30021918\u5e74\u4ed6\u540c\u51e0\u4f4d\u9752\u5e74\u4e16\u754c\u8bed\u8005\u521b\u529e\u4e86\u300a\u81ea\u7531\u7684\u6fc0\u6d41\u300b\uff08Libera Torento\uff09\u6742\u5fd7\uff0c\u8fd8\u529e\u4e86\u4e00\u4efd\u300a\u4f0f\u5c14\u52a0\u5148\u950b\u62a5\u300b\uff08Volga Pioniro\uff09\uff0c\u5728\u62a5\u520a\u4e0a\u53d1\u8868\u8bd7\u6b4c\u548c\u7ffb\u8bd1\u4f5c\u54c1\uff0c\u5f53\u65f6\u56f4\u7ed5\u8fd9\u4e24\u4efd\u62a5\u520a\u7684\u4e16\u754c\u8bed\u8005\u5f62\u6210\u4e86\u5730\u65b9\u4e16\u754c\u8bed\u8fd0\u52a8\u7684\u9769\u547d\u529b\u91cf\u3002\u8fd9\u4e00\u5e74\uff0c\u4ed6\u7684\u7b2c\u4e00\u672c\u8bd7\u96c6\u300a\u521d\u6d6a\u300b\uff08La Unua Ondo\uff09\u51fa\u7248\u4e86\uff0c\u5176\u4e2d\u7684\u4e00\u9996\u300a\u6fc0\u6d41\u300b\uff08Torento\uff09\uff0c\u8868\u8fbe\u4e86\u4ed6\u5bf9\u4e16\u754c\u8bed\u53ca\u5176\u6587\u5b66\u7684\u611f\u60c5\uff1a<\/p>\n<p>Verdaj ondoj trabatas graniton,<br \/>\n\u0108ion voje forportas kun si,<br \/>\nAl Malnovo deklaras militon,<br \/>\nBelkantante en mova pasi\u2019.<br \/>\n\u2026\u2026<br \/>\nVokas la plena libero<br \/>\nVerda libera torento.<\/p>\n<p>1922\u5e74\uff0c\u51fa\u7248\u4e86\u8bd7\u96c6\u300a\u4e24\u9996\u8bd7\u300b\uff08Du poemoj\uff09\uff0c1929\u5e74\u4ed6\u7684\u8bd7\u96c6\u300a\u5f00\u573a\u767d\u300b\uff08Prologo\uff09\u51fa\u7248\u4e86\uff0c\u8fd9\u5e94\u8be5\u662f\u4ed6\u7684\u4ee3\u8868\u4f5c\uff0c\u201c\u4f46\u5374\u957f\u65f6\u95f4\u88ab\u5ffd\u89c6\u3002\u90a3\u4e48\uff0c\u6309\u7167\u4ec0\u4e48\u6807\u51c6\uff0c\u4ed6\u662f\u90a3\u6837\u4e0d\u540c\u51e1\u54cd\uff1f\u9996\u5148\u662f\u4ed6\u521b\u4f5c\u6fc0\u60c5\u5185\u5728\u7684\u5f3a\u70c8\u611f\uff08\u6b64\u5916\uff0c\u4e5f\u53ef\u80fd\u662f\u7531\u4e8e\u5728\u82cf\u8054\u5371\u9669\u7684\u653f\u6cbb\u5f62\u52bf\u5f15\u8d77\u7684\u7684\u7279\u6b8a\u539f\u56e0\uff09\u3002\u201d\uff08Sed \u011di estis longe malatentata. la\u016d kia kriterioj do, li estas tiel impona? Unue, temas pri la interna intensivo de lia verka impulso (krom eble, pro specialaj ka\u016dzoj, rezulte de la dan\u011dera politika situacio en Sovetunio)\u2026\uff09\u3002\u2475 \u8bd7\u96c6\u300a\u70c8\u706b\u5728\u6cbb\u7597\u300b\uff08Fajro kuracas\uff091932\u5e74\u51fa\u7248\uff0c\u4ed6\u7684\u6700\u540e\u4e00\u672c\u8bd7\u96c6\u300a\u7231\u60c5\u548c\u6e34\u671b\u4e4b\u6b4c\u300b\uff08Kantoj de l\u2019 amo kaj sopiro\uff09\uff0c\u51fa\u7248\u57281934\u5e74\uff0c\u5176\u4e2d\u6536\u5165\u7684\u662f1917-1920\u5e74\u5199\u7684\u4e00\u4e9b\u6292\u60c5\u4e4b\u4f5c\u3002<\/p>\n<p><img decoding=\"async\" loading=\"lazy\" class=\"aligncenter\" src=\"https:\/\/reto.cn\/bildo\/cina\/esperantologio\/esperanta-literaturo\/artikolo-17\/bildo-2.png\" width=\"198\" height=\"287\" \/><\/p>\n<p><img decoding=\"async\" loading=\"lazy\" class=\"aligncenter\" src=\"https:\/\/reto.cn\/bildo\/cina\/esperantologio\/esperanta-literaturo\/artikolo-17\/bildo-3.png\" width=\"198\" height=\"275\" \/><\/p>\n<p>\u4ed6\u79ef\u6781\u53c2\u4e0e\u5f53\u65f6\u7684\u201c\u65e0\u4ea7\u8005\u4e16\u754c\u8bed\u8fd0\u52a8\u201d\uff08Proleta Esp- movado\uff09\uff0c1931\u5e74\u540cLudwig Renn\u521b\u5efa\u4e86\u201c\u56fd\u9645\u9769\u547d\u4e16\u754c\u8bed\u4f5c\u5bb6\u534f\u4f1a\u201d\uff08Internacia Asocio de Revoluciaj Esp-taj Verkistoj, IAREV\uff09\uff0c\u7f16\u8f91IAREV\u7684\u520a\u7269\u300a\u65b0\u9636\u6bb5\u300b\uff08Nova Etapo, 1931-1933\uff09\u3001\u300a\u65e0\u4ea7\u8005\u6587\u5b66\u300b\uff08Proleta Literaturo, 1934\uff09\u548c\u300a\u56fd\u9645\u6587\u5b66\u300b\uff08Internacia Literaturo, 1935\uff09\u3002<\/p>\n<p>1937\u5e74\uff0c\u5728\u90a3\u573a\u201c\u5927\u6e05\u6d17\u201d\uff08La Granda Purigo\uff09\u4e2d\uff0c\u82cf\u8054\u7684\u4e16\u754c\u8bed\u8fd0\u52a8\u88ab\u6467\u6bc1\u6b86\u5c3d\uff0c\u82cf\u8054\u7684\u4e16\u754c\u8bed\u8005\uff0c\u7279\u522b\u662f\u4e16\u754c\u8bed\u7ec4\u7ec7\u7684\u9886\u5bfc\u6210\u5458\uff0c\u51e0\u4e4e\u65e0\u4e00\u5e78\u514d\uff0c\u90fd\u88ab\u6253\u6210\u201c\u91cc\u901a\u5916\u56fd\u201d\u7684\u201c\u53cd\u9769\u547d\u5206\u5b50\u201d\u6216\u201c\u56fd\u5916\u95f4\u8c0d\u7ec4\u7ec7\u5728\u82cf\u8054\u7684\u4ee3\u7406\u4eba\u201d\uff0c\u88ab\u5224\u5904\u6b7b\u5211\u6216\u8005\u5173\u8fdb\u52b3\u6539\u8425\u3002\u867d\u7136\u7c73\u54c8\u5c14\u65af\u57fa\u4e5f\u5728\u7d27\u8ddf\u5f62\u52bf\uff0c\u9002\u5e94\u4e3b\u6d41\u610f\u8bc6\u5f62\u6001\uff0c\u7528\u201c\u793e\u4f1a\u4e3b\u4e49\u73b0\u5b9e\u4e3b\u4e49\u201c\u7684\u65b9\u5f0f\uff0c\u521b\u4f5c\u6b4c\u9882\u82cf\u7ef4\u57c3\u7684\u8bd7\u7bc7\uff0c\u628a\u5965\u65af\u6258\u6d1b\u592b\u65af\u57fa\u7684\u300a\u94a2\u94c1\u662f\u600e\u6837\u70bc\u6210\u7684\u300b\u548c\u8096\u6d1b\u970d\u592b\u7684\u300a\u5904\u5973\u5730\u300b\u7ffb\u8bd1\u6210\u4e16\u754c\u8bed\uff1b1937\u5e74\u5b8c\u6210\u4e86\u4ee5\u82cf\u8054\u5f53\u5c40\u7528\u51e0\u5341\u4e07\u52b3\u6539\u72af\uff0c\u4eba\u5de5\u4fee\u5efa\u8fd0\u6cb3\u7684\u7d20\u6750\u5199\u6210\u4e94\u5343\u884c\u7684\u957f\u8bd7\u300a\u4eba\u7684\u91cd\u94f8\u300b\uff08Refor\u011do de l\u2019 homo\uff09\uff0c\u53ef\u60dc\u5df2\u65e0\u6d4e\u4e8e\u4e8b\uff0c\u96be\u9003\u5384\u8fd0\uff0c\u624b\u7a3f\u4e5f\u9057\u5931\u4e86\u3002\u2476<\/p>\n<p>\u7c73\u54c8\u5c14\u65af\u57fa\u5728\u8bd7\u6b4c\u521b\u4f5c\u4e0a\uff0c\u6562\u4e8e\u5927\u80c6\u63a2\u7d22\uff0c\u4ed6\u751a\u81f3\u8fd8\u628a\u9a6c\u96c5\u53ef\u592b\u65af\u57fa\u90a3\u79cd\u8fde\u7eed\u4f7f\u7528\u201c\u91cd\u97f3\u8282\u201d\u7684\u683c\u5f8b\uff0c\u8bd5\u7528\u5728\u81ea\u5df1\u4e16\u754c\u8bed\u8bd7\u4f5c\u4e2d\u3002\u5965\u5fb7\u8bf4\u4ed6\u662f\u201c\u6211\u4eec\u7684\u8bd7\u4eba\u91cc\uff0c\u5728\u8bed\u8a00\u4e0a\u6700\u52c7\u4e8e\u63a2\u7d22\u548c\u5b9e\u9a8c\u7684\u201d\uff08li estas lingve plej esplorema kaj eksperimenta el \u0109iuj niaj poetoj\uff09\u3002<\/p>\n<p>\u968f\u7740\u65f6\u95f4\u7684\u63a8\u79fb\uff0c\u4ed6\u7684\u8bd7\u96c6\u73b0\u5728\u5df2\u7ecf\u5f88\u96be\u89c1\u5230\u4e86\u3002\u503c\u5f97\u5e86\u5e78\u7684\u662f\uff0c\u5965\u5fb7\u628a\u73b0\u5728\u5b58\u4e16\u7684\u4ed6\u7684\u8bd7\u96c6\uff0c\u8fd8\u6709\u5728\u6742\u5fd7\u4e0a\u53d1\u8868\u7684\u8bd7\u6b4c\uff0c\u6536\u96c6\u8d77\u6765\uff0c\u7f16\u8f91\u4e86\u4e00\u672c\u300a\u7c73\u54c8\u5c14\u65af\u57fa\u8bd7\u4f5c\u5168\u96c6\u300b\uff08Mihalski: Plena Poemaro\uff09\uff0c1994\u5e74\uff0c\u7531FEL\uff08Flandra Esp-Ligo\uff09\u51fa\u7248\u3002\u4e66\u4e2d\u6536\u5165\u4e86Krys Ungar\u5199\u7684\u4e00\u7bc7La vivo kaj pereo de E\u016dgeno Mihalski\uff0c\u5229\u7528\u8fd1\u5e74\u6536\u96c6\u5230\u7684\u8d44\u6599\uff0c\u8be6\u5b9e\u5730\u4ecb\u7ecd\u4e86\u8bd7\u4eba\u7c73\u54c8\u5c14\u65af\u57fa\u7684\u751f\u5e73\u548c\u521b\u4f5c\uff0c\u662f\u4e0d\u53ef\u591a\u5f97\u7684\u597d\u6587\u7ae0\u3002\u4eca\u5929\u7684\u8bfb\u8005\uff0c\u53ef\u4ee5\u8bfb\u5230\u4ed6\u7684\u8fd9\u4e9b\u60c5\u611f\u4e30\u5bcc\u3001\u8bed\u8a00\u660e\u5feb\u3001\u8282\u594f\u8df3\u5b95\uff0c\u53cd\u6620\u90a3\u4e00\u65f6\u4ee3\u7279\u5f81\u7684\u8bd7\u6b4c\u6770\u4f5c\u3002<\/p>\n<p>1937\u5e743\u670816\u65e5\uff0c\u7c73\u54c8\u5c14\u65af\u57fa\u88ab\u6355\uff0c\u7f6a\u540d\u662f\u201c\u4ece\u4e8b\u53cd\u9769\u547d\u6d3b\u52a8\u7684\u6258\u6d1b\u8328\u57fa\u5206\u5b50\u201d\uff0c1937\u5e749\u67083\u65e5\u88ab\u67aa\u6bd9\u3002\u4e00\u4ee3\u8bd7\u624d\uff0c\u624d\u56db\u5341\u5c81\uff0c\u79bb\u5f00\u4e86\u4eba\u4e16\u3002<\/p>\n<p>\u65af\u4eba\u5df2\u901d\uff0c\u4f46\u4ed6\u7684\u8bd7\u4f5c\u8fd8\u6d3b\u5728\u4eba\u95f4\u3002<\/p>\n<p>2015-07-13\uff0c\u5927\u5e86<\/p>\n<p>\u2474 W. Auld: Enkonduko en la esp-an literaturon de Esp-o, Iltis, 1979, p. 39, 41<br \/>\n\u2475 same \u2474, p. 41<br \/>\n\u2476 E. Tvarozek: Skizo de la esp-a literaturo, Espero, la 2a eld. 2004, p. 43<\/p>\n<p><a href=\"https:\/\/reto.cn\/php\/hanyu\/esperantologio\/esperanta-literaturo\/artikolo-16\">\u4e0a\u4e00\u7bc7<\/a> <a href=\"https:\/\/reto.cn\/php\/hanyu\/esperantologio\/esperanta-literaturo\/artikolo-18\">\u4e0b\u4e00\u7bc7<\/a><\/p>\n<p><a href=\"https:\/\/reto.cn\/php\/hanyu\/esperantologio\/esperanta-literaturo\/\">\u8fd4\u56de\u4e16\u754c\u8bed\u6587\u5b66\u7410\u8bdd<\/a><\/p>\n","protected":false},"excerpt":{"rendered":"<p>\u6770\u51fa\u7684\u65e0\u4ea7\u9636\u7ea7\u6d41\u6d3e\u8bd7\u4eba\u7c73\u54c8\u5c14\u65af\u57fa \u5a01\u5ec9\u00b7\u5965\u5fb7\uff08W. Auld\uff09\u8bf4\uff1a\u201c\u7136\u800c\uff0c\u5728\u7b2c\u4e00\u6b21\u4e16\u754c\u5927\u6218\u4e4b\u540e\uff0c\u7531\u4e8e\u4e94\u4f4d\u4e3b\u8981\u7684\u2026 <span class=\"read-more\"><a href=\"https:\/\/reto.cn\/php\/hanyu\/esperantologio\/esperanta-literaturo\/artikolo-17\/\">\u7ee7\u7eed\u9605\u8bfb Legi pli &raquo;<\/a><\/span><\/p>\n","protected":false},"author":1,"featured_media":0,"parent":11795,"menu_order":0,"comment_status":"open","ping_status":"closed","template":"","meta":{"footnotes":""},"_links":{"self":[{"href":"https:\/\/reto.cn\/php\/hanyu\/wp-json\/wp\/v2\/pages\/11831"}],"collection":[{"href":"https:\/\/reto.cn\/php\/hanyu\/wp-json\/wp\/v2\/pages"}],"about":[{"href":"https:\/\/reto.cn\/php\/hanyu\/wp-json\/wp\/v2\/types\/page"}],"author":[{"embeddable":true,"href":"https:\/\/reto.cn\/php\/hanyu\/wp-json\/wp\/v2\/users\/1"}],"replies":[{"embeddable":true,"href":"https:\/\/reto.cn\/php\/hanyu\/wp-json\/wp\/v2\/comments?post=11831"}],"version-history":[{"count":0,"href":"https:\/\/reto.cn\/php\/hanyu\/wp-json\/wp\/v2\/pages\/11831\/revisions"}],"up":[{"embeddable":true,"href":"https:\/\/reto.cn\/php\/hanyu\/wp-json\/wp\/v2\/pages\/11795"}],"wp:attachment":[{"href":"https:\/\/reto.cn\/php\/hanyu\/wp-json\/wp\/v2\/media?parent=11831"}],"curies":[{"name":"wp","href":"https:\/\/api.w.org\/{rel}","templated":true}]}}