{"id":11835,"date":"2022-06-04T23:58:24","date_gmt":"2022-06-04T15:58:24","guid":{"rendered":"https:\/\/reto.cn\/php\/hanyu\/esperantologio\/esperanta-literaturo\/artikolo-1-2-20\/"},"modified":"2022-06-11T20:56:27","modified_gmt":"2022-06-11T12:56:27","slug":"artikolo-21","status":"publish","type":"page","link":"https:\/\/reto.cn\/php\/hanyu\/esperantologio\/esperanta-literaturo\/artikolo-21\/","title":{"rendered":"\u4e16\u754c\u8bed\u6587\u5b66\u7410\u8bdd"},"content":{"rendered":"<h3>\u8ba9\u00b7\u798f\u683c\u2014\u2014\u6770\u51fa\u7684\u6d6a\u6f2b\u4e3b\u4e49\u4f5c\u5bb6<\/h3>\n<p>\u6d6a\u6f2b\u4e3b\u4e49\uff08romantikismo\uff09\u4ece\u5341\u4e5d\u4e16\u7eaa\u8d77\uff0c\u6210\u4e3a\u6587\u5b66\u521b\u4f5c\u4e0a\u9887\u5177\u5f71\u54cd\u7684\u6f6e\u6d41\uff0c\u751a\u81f3\u5230\u4e86\u4e8c\u5341\u4e16\u7eaa\uff0c\u6211\u4eec\u7684\u201c\u65e0\u4ea7\u9636\u7ea7\u201d\u6587\u5b66\u5bb6\uff0c\u90ed\u6cab\u82e5\u5148\u751f\uff0c\u8fd8\u5728\u63d0\u5021\u201c\u793e\u4f1a\u4e3b\u4e49\u73b0\u5b9e\u4e3b\u4e49\u4e0e\u6d6a\u6f2b\u4e3b\u4e49\u76f8\u7ed3\u5408\u201d\u7684\u521b\u4f5c\u65b9\u6cd5\u3002\u6d6a\u6f2b\u4e3b\u4e49\u6587\u5b66\u601d\u6f6e\u4e0d\u80fd\u4e0d\u5bf9\u6211\u4eec\u5e74\u8f7b\u7684\u4e16\u754c\u8bed\u6587\u5b66\u7684\u521b\u4f5c\u4ea7\u751f\u5f71\u54cd\u3002\u4f17\u6240\u5468\u77e5\uff0c\u4e16\u754c\u8bed\u6587\u575b\u5de8\u661f\u5c24\u5229\u00b7\u5df4\u57fa\uff08Julio Baghy\uff09\u5c31\u88ab\u5927\u5bb6\u79f0\u4e3a\u6d6a\u6f2b\u4e3b\u4e49\u4f5c\u5bb6\u3002\u800c\u4e0e\u4ed6\u540c\u65f6\u5728\u4e16\u754c\u8bed\u6587\u575b\u767b\u573a\u7684\u8ba9\u00b7\u798f\u683c\uff08Jean Forge, 1903-1980\uff09\uff0c\u4e5f\u662f\u4e00\u4f4d\u4f18\u79c0\u7684\u6d6a\u6f2b\u4e3b\u4e49\u7684\u5c0f\u8bf4\u4f5c\u5bb6\u3002<\/p>\n<div style=\"width: 250px\" class=\"wp-caption aligncenter\"><img decoding=\"async\" loading=\"lazy\" class=\"size-medium\" src=\"https:\/\/reto.cn\/bildo\/cina\/esperantologio\/esperanta-literaturo\/artikolo-21\/bildo-1.png\" width=\"240\" height=\"361\" \/><p class=\"wp-caption-text\">Jean Forge (1903-1980)<\/p><\/div>\n<p>Jean Forge (1903-1980)<\/p>\n<p>\u798f\u683c\uff08\u672c\u540d\uff1aJan Fethke\uff0cForge\u662f\u4ed6\u7684\u7b14\u540d\uff09\u51fa\u751f\u5728\u6ce2\u5170\uff0c\u4ed6\u7684\u6545\u4e61\u90a3\u65f6\u8fd8\u88ab\u5212\u5f52\u5fb7\u56fd\uff0c\u4ece\u5c0f\u751f\u6d3b\u5728\u8bb2\u6ce2\u5170\u8bed\u548c\u5fb7\u8bed\u7684\u53cc\u8bed\u5730\u533a\uff0c\u4ed6\u65e9\u5728\u5341\u516b\u5c81\uff0c\u5c31\u7528\u5fb7\u8bed\u5199\u4e86\u4e00\u672c\u5c0f\u8bf4\u3002\u4ed61919\u5e74\u5b66\u4f1a\u4e16\u754c\u8bed\u65f6\uff0c\u8fd8\u662f\u4e2a\u5c11\u5e74\uff0c\u540e\u6765\u4ed6\u5f00\u59cb\u7528\u4e16\u754c\u8bed\u5199\u5c0f\u8bf4\u3002\u4ed6\u7684\u7b2c\u4e00\u672c\u4e16\u754c\u8bed\u539f\u521b\u5c0f\u8bf4\u300a\u6df1\u6e0a\u300b\uff08Abismoj\uff09\u51fa\u7248\u4e8e1923\u5e74\uff0c\u90a3\u5e74\u4ed6\u624d\u521a\u6ee1\u4e8c\u5341\u5c81\u3002\u4ed6\u7684\u8fd9\u672c\u5c0f\u8bf4\u95ee\u4e16\uff0c\u6bd4\u5df4\u57fa\u7684\u300a\u727a\u7272\u8005\u300b\u8fd8\u8981\u65e9\u4e24\u5e74\u3002<\/p>\n<p><img decoding=\"async\" loading=\"lazy\" class=\"aligncenter size-medium\" src=\"https:\/\/reto.cn\/bildo\/cina\/esperantologio\/esperanta-literaturo\/artikolo-21\/bildo-2.png\" width=\"240\" height=\"338\" \/><\/p>\n<p>\u4ed6\u8fd9\u7b2c\u4e00\u672c\u5c0f\u8bf4\u300a\u6df1\u6e0a\u300b\uff08Abismoj\uff09\uff0c\u5c5e\u4e8e\u98ce\u884c\u4e8e\u5341\u4e5d\u4e16\u7eaa\u548c\u4e8c\u5341\u4e16\u7eaa\u521d\u897f\u65b9\u5c0f\u8bf4\u90a3\u6837\u7684\u7231\u60c5\u6545\u4e8b\uff0c\u56db\u4f4d\u4e3b\u8981\u4eba\u7269\u90fd\u662f\u201c\u5c0f\u8d44\u201d\uff08etbur\u011doj\uff09\u9636\u5c42\u7684\u9752\u5e74\u3002\u4f5c\u8005\u5de7\u5999\u5730\u8fd0\u7528\u6d6a\u6f2b\u4e3b\u4e49\u7684\u865a\u5e7b\u548c\u5938\u5f20\u624b\u6cd5\uff0c\u4f7f\u5e73\u5e38\u7684\u6545\u4e8b\u53d8\u5f97\u751f\u52a8\uff0c\u64a9\u8d77\u8bfb\u8005\u7684\u597d\u5947\u3002\u8fd9\u672c\u5c0f\u8bf4\uff0c\u65e9\u5728\u4e0a\u4e2a\u4e16\u7eaa\u4e09\u5341\u5e74\u4ee3\u521d\uff0c\u5c31\u88ab\u949f\u5baa\u6c11\u5148\u751f\u7ffb\u8bd1\u6210\u6c49\u8bed\u4ecb\u7ecd\u7ed9\u4e2d\u56fd\u8bfb\u8005\u4e86\u3002<\/p>\n<p>1924\u5e74\uff0c\u4ec5\u4ec5\u65f6\u9694\u4e00\u5e74\uff0c\u4ed6\u7684\u7b2c\u4e8c\u672c\u5c0f\u8bf4\u300a\u7a7f\u8d8a\u5343\u5e74\u300b\uff08Saltego trans jarmiloj\uff09\u5c31\u51fa\u7248\u4e86\u3002\u6545\u4e8b\u7684\u4e3b\u8981\u60c5\u8282\u662f\u201c\u51e0\u4f4d\u88ab\u6f2b\u753b\u624b\u6cd5\u523b\u753b\u7684\u73b0\u4ee3\u4eba\uff0c\u6210\u529f\u5730\u8fd4\u56de\u5230\u5c3c\u7984\u65f6\u4ee3\u3002\u4eba\u4eec\u53ef\u4ee5\u8bf4\uff0c\u751a\u81f3\u5728\u79d1\u5e7b\u5df2\u4e3a\u5927\u5bb6\u719f\u6089\uff0c\u66f4\u662f\u6210\u4e3a\u827a\u672f\u4e0a\u88ab\u63a5\u53d7\u7684\u5f62\u5f0f\u7684\u4eca\u5929\uff0c\u798f\u683c\u7684\u673a\u654f\u548c\u8bed\u8a00\u7684\u719f\u5de7\u4f7f\u8bfb\u8005\u5165\u8ff7\u3002\u201d\uff08en kiu kelkaj karikature trajtitaj modernuloj sukcesas reiri en la epokon de Nerono. Oni povas diri, e\u0109 hodia\u016d, kiam fantascienco estas konata kaj \u0109iam pli arte akceptata formo, ke la sprito kaj lingva lerteco de Forge delogas la leganton.\uff09\u2474<\/p>\n<p>\u201c\u4ed6\u7684\u7b2c\u4e09\u90e8\u5c0f\u8bf4\u300a\u591a\u7279\u5148\u751f\u4e70\u4e86\u4e00\u5343\u53ea\u773c\u775b\u300b\uff081931\uff09\u9898\u6750\u4e0a\u66f4\u662f\u96c4\u5fc3\u52c3\u52c3\uff0c\u5c3d\u7ba1\u5b83\u4e3b\u8981\u7684\u63cf\u5199\u7269\u4ef6\u2014\u2014\u2018\u7535\u773c\u2019\uff0c\u767e\u4e07\u5bcc\u7fc1\u628a\u5b83\u5b89\u88c5\u5728\u5927\u5bbe\u9986\u7684\u6bcf\u4e2a\u623f\u95f4\u91cc\uff08\u4e3a\u4e86\u4ed6\u81ea\u5df1\u89c2\u770b\uff0c\u800c\u4e0d\u662f\u4e3a\u4e86\u53d6\u60a6\u987e\u5ba2\uff09\u2014\u2014\u5df2\u7ecf\u4e0d\u662f\u4ec0\u4e48\u5e7b\u60f3\u4e86\uff0c\u5b9e\u9645\u4e0a\u8fd8\u662f\u503c\u5f97\u54c1\u8d4f\u7684\u4f5c\u54c1\u3002\u5c0f\u8bf4\u8bfb\u8d77\u6765\u50cf\u662f\u7535\u5f71\u811a\u672c\uff0c\u7279\u522b\u6d3b\u6cfc\u548c\u6709\u610f\u601d\u3002\u201d\uff08Lia tria romano Mr. Tot a\u0109etas mil okulojn (1931) estas teme e\u0109 pli ambicia, kaj vere restas aktuale \u011duinda, malgra\u016d la fakto, ke \u011dia \u0109efa tema\u0135o \u2013 televizoroj, kiujn milionulo instalas en \u0109iuj \u0109ambroj de hotelego (por ke li vidu, ne por amuzi la klientoj!) \u2013 jam ne estas tiel fantazia. La romano legi\u011das kiel skizo por filmo, kaj estas tre viva kaj amuza.\uff09\u2475 \u5965\u5fb7\u628a\u8fd9\u672c\u5c0f\u8bf4\u5f52\u5165\u201c\u79d1\u5e7b\u5c0f\u8bf4\u201d\u7c7b\u3002\u4ed6\u7528\u7684\u201c\u79d1\u5e7b\u201d\u672f\u8bed\u662ffantascienco\u800c\u4e0d\u662f\u4eba\u4eec\u5e38\u7528\u7684sciencfikcio\uff0c\u81ea\u6709\u4ed6\u7684\u9053\u7406\u3002<\/p>\n<p>\u8fd9\u672c\u5c0f\u8bf4\u88ab\u6539\u7f16\u6210\u5fb7\u8bed\u7535\u5f71\uff0c\u751a\u81f3\u5230\u4e86\u4e03\u5341\u5e74\u4ee3\uff0c\u8fd8\u88ab\u6539\u7f16\u4e3a\u7535\u89c6\u5267\uff0c\u5728\u5fb7\u56fd\u3001\u6cd5\u56fd\u7684\u7535\u89c6\u53f0\u64ad\u51fa\uff01<\/p>\n<p>\u8fd9\u672c\u5c0f\u8bf4\u51fa\u7248\u540e\uff0c\u798f\u683c\u6ca1\u6709\u518d\u5199\u5c0f\u8bf4\u3002\u8bfb\u8005\u4e00\u76f4\u7b49\u4e86\u4e09\u5341\u5e74\uff01\u5230\u4e861961\u5e74\uff0c\u4ed6\u7684\u4e00\u672c\u77ed\u7bc7\u5c0f\u8bf4\u96c6\u300a\u7eff\u8272\u706b\u7bad\u300b\uff08La Verda Raketo\uff09\uff0c\u7531\u54e5\u672c\u54c8\u6839\u7684Koko\u51fa\u7248\u793e\u51fa\u7248\uff0c\u6211\u4eec\u624d\u53c8\u89c1\u5230\u4ed6\u7684\u4f5c\u54c1\u3002<\/p>\n<p>\u8fd9\u672c\u4e66\u5171\u6536\u5165\u4ed6\u5199\u7684\u4e5d\u4e2a\u77ed\u7bc7\u5c0f\u8bf4\uff0c\u4e66\u540d\u4e0b\u6709\u4e2a\u526f\u6807\u9898\uff1asatira novelaro el Esperantujo\uff08\u6765\u81ea\u4e16\u754c\u8bed\u56fd\u5ea6\u7684\u8bbd\u523a\u5c0f\u8bf4\u96c6\uff09\u3002\u987e\u540d\u601d\u4e49\uff0c\u4f5c\u8005\u7684\u6545\u4e8b\u53d6\u6750\u4e8e\u4e16\u754c\u8bed\u8fd0\u52a8\u4e2d\u7684\u4eba\u548c\u4e8b\uff0c\u5f53\u7136\u5c11\u4e0d\u4e86\u865a\u6784\uff0c\u5176\u4e2dLa verda raketo\u8fd8\u662f\u79d1\u5e7b\u9898\u6750\u3002\u6b63\u5982\u5965\u5fb7\u8bc4\u8bba\u4ed6\u7684\u957f\u7bc7\u5c0f\u8bf4\u65f6\u6240\u8bf4\uff0c\u4ed6\u5728\u53d6\u6750\u4e0a\u662f\u201c\u96c4\u5fc3\u52c3\u52c3\u201d\uff0c\u7ed9\u6211\u4eec\u5949\u732e\u51fa\u7565\u5e26\u5632\u8bbd\u7684\u98ce\u8da3\u5e7d\u9ed8\u6545\u4e8b\uff0c\u5927\u591a\u662f\u5199\u7231\u60c5\uff0c\u5176\u4e2d\u4e00\u4e2a\u7bc7\u5e45\u6700\u77ed\u7684\u300a\u516d\u5c01\u4fe1\u300b\uff08Ses leteroj\uff09\uff0c\u662f\u5199\u59d1\u5a18Mary\u5728\u604b\u7231\u65f6\u201c\u6b32\u64d2\u6545\u7eb5\u201d\u7684\u6545\u4e8b\uff0c\u8fd8\u88ab\u6536\u5165\u5230\u300a33\u7bc7\u6545\u4e8b\u300b\uff0833 Rakontoj, Stafeo, 1964\uff09\u4e00\u4e66\uff1b\u516b\u5341\u5e74\u4ee3\uff0c\u5b89\u5fbd\u5927\u5b66\u4e16\u754c\u8bed\u4e13\u4e1a\u7f16\u8f91\u7684\u300a\u4e16\u754c\u8bed\u9605\u8bfb\u6587\u9009\u300b\u4e5f\u9009\u5165\u4e86\u8fd9\u7bc7\u5c0f\u8bf4\u3002\u800c\u90a3\u7bc7Nia nigra filo\uff08\u6211\u4eec\u7684\u9ed1\u4eba\u513f\u5b50\uff09\u5c31\u53d6\u6750\u4e8e\u4f5c\u8005\u81ea\u8eab\u7684\u7ecf\u5386\uff1a\u4ed6\u66fe\u6559\u4e00\u4f4d\u5c3c\u65e5\u5229\u4e9a\u7684\u9752\u5e74\u5b66\u4f1a\u4e16\u754c\u8bed\uff0c\u8fd9\u5728\u522b\u4eba\u7ed9\u4ed6\u5199\u7684\u5c0f\u4f20\u91cc\u6709\u53ef\u4fe1\u7684\u8bb0\u8f7d\u3002\u867d\u7136\u4f5c\u8005\u7684\u8bed\u8a00\u8fd0\u7528\u8fd8\u662f\u5ef6\u7eed\u4ed6\u4e0a\u4e2a\u4e16\u7eaa\u4e8c\u5341\u5e74\u4ee3\u5199\u90a3\u4e09\u90e8\u957f\u7bc7\u7684\u98ce\u683c\uff0c\u4ecd\u4e0d\u5931\u4e3a\u7ed9\u6211\u4eec\u63d0\u4f9b\u9605\u8bfb\u6109\u60a6\u7684\u597d\u8bfb\u7269\uff0c\u503c\u5f97\u4e00\u770b\u30021973\u5e74\uff0c\u8d6b\u5c14\u8f9b\u57fa\u7684Fondumo Esperanto\u51fa\u7248\u793e\u6839\u636e\u8be5\u4e66\u7684\u7b2c\u4e8c\u7248\u91cd\u5370\u4e86\u6b64\u4e66\u3002<\/p>\n<p><img decoding=\"async\" loading=\"lazy\" class=\"aligncenter size-medium\" src=\"https:\/\/reto.cn\/bildo\/cina\/esperantologio\/esperanta-literaturo\/artikolo-21\/bildo-1.png\" width=\"240\" height=\"361\" \/><\/p>\n<p>1974\u5e74Fondumo Esperanto\u51fa\u7248\u4e86\u4ed6\u7684\u7b2c\u4e94\u672c\u4e66\uff0c\u5c0f\u8bf4\u96c6\u300a\u6211\u7684\u7eff\u8272\u5f25\u6492\u4e66\u300b\uff08Mia verda breviero\uff09\uff0c\u4ecd\u7136\u7528\u4e86\u90a3\u4e2a\u526f\u6807\u9898Satira novelaro el Esperantujo\u3002\u6240\u6536\u7684\u51e0\u4e2a\u77ed\u7bc7\uff0c\u8fd8\u662f\u53d6\u6750\u4e8e\u4e16\u754c\u8bed\u8fd0\u52a8\u91cc\u7684\u6545\u4e8b\uff0c\u6709\u7684\u7bc7\u7ae0\u7565\u5e26melankolia\u60c5\u8c03\uff0c\u6545\u4e8b\u4e5f\u5f88\u80fd\u5438\u5f15\u8bfb\u8005\u3002\u6b64\u5916\uff0c\u8fd8\u6536\u5165\u4e86\u4f5c\u8005\uff08\u665a\u5e74\uff1f\uff09\u5199\u7684\u201c\u81ea\u4f20\u6027\u201d\u7684\u56de\u5fc6\u5f55\uff0c\u662f\u4e86\u89e3\u8fd9\u4f4d\u4e16\u754c\u8bed\u539f\u6587\u521b\u4f5c\u91cc\u4f18\u79c0\u7684\u6d6a\u6f2b\u4e3b\u4e49\u4f5c\u5bb6\u6700\u76f4\u63a5\u3001\u8be6\u5b9e\u7684\u8d44\u6599\u3002\u6709\u4eba\u8ba4\u4e3a\u5199\u8fd9\u79cd\u201c\u7eff\u8272\u9898\u6750\u201d\u7684\u6545\u4e8b\u5f88\u201c\u5929\u771f\u201d\uff08\u6216\u8005\u201c\u5e7c\u7a1a\u201d\u2014\u2014naiva\uff09\uff0c\u6211\u5012\u4e0d\u4ee5\u4e3a\u7136\uff0c\u4e16\u754c\u8bed\u4f5c\u5bb6\u7528\u81ea\u5df1\u719f\u6089\u7684\u4e16\u754c\u8bed\u56fd\u5ea6\u91cc\u7684\u4eba\u548c\u4e8b\u6765\u7f16\u6545\u4e8b\uff0c\u6b63\u662f\u987a\u7406\u6210\u7ae0\u7684\u4e8b\u2014\u2014\u4ed6\u4eec\u6bd5\u7adf\u6bd4\u975e\u4e16\u754c\u8bed\u8005\u719f\u6089\u4e16\u754c\u8bed\u8fd0\u52a8\uff0c\u5199\u51fa\u6765\u7684\u4eba\u7269\u5c31\u4e0d\u4f1a\u6982\u5ff5\u5316\uff0c\u800c\u662f\u6709\u8840\u6709\u8089\u7684\u4eba\uff01\u4e16\u754c\u8bed\u4f5c\u5bb6\u81ea\u5df1\u4e0d\u53bb\u5199\u4e16\u754c\u8bed\u8005\uff0c\u96be\u9053\u8fd8\u80fd\u6307\u671b\u5916\u4eba\u6765\u5199\u5417\uff01\u8fd9\u4e5f\u662f\u4f5c\u5bb6\u798f\u683c\u8fd9\u4e9b\u77ed\u7bc7\u503c\u5f97\u6211\u4eec\u53bb\u8bfb\uff08\u54ea\u6015\u662f\u4e3a\u4e86distro\uff09\u7684\u539f\u56e0\u6240\u5728\uff0c\u66f4\u662f\u4ed6\u7684\u4f5c\u54c1\u81f3\u4eca\u8fd8\u53d7\u6b22\u8fce\uff0c\u8fd8\u8981\u518d\u7248\u7684\u539f\u56e0\u4e4b\u4e00\u3002<br \/>\n\u77f3\u6210\u6cf0 2015-07-24\uff0c\u5927\u5e86<\/p>\n<p>\u2474 W. Auld: Enkonduko en la originalan literaturon de Esp-o, Iltis, 1979, p. 38<br \/>\n\u2475 same \u2474, p. 39<\/p>\n<p><a href=\"https:\/\/reto.cn\/php\/hanyu\/esperantologio\/esperanta-literaturo\/artikolo-20\">\u4e0a\u4e00\u7bc7<\/a> <a href=\"https:\/\/reto.cn\/php\/hanyu\/esperantologio\/esperanta-literaturo\/artikolo-22\">\u4e0b\u4e00\u7bc7<\/a><\/p>\n<p><a href=\"https:\/\/reto.cn\/php\/hanyu\/esperantologio\/esperanta-literaturo\/\">\u8fd4\u56de\u4e16\u754c\u8bed\u6587\u5b66\u7410\u8bdd<\/a><\/p>\n","protected":false},"excerpt":{"rendered":"<p>\u8ba9\u00b7\u798f\u683c\u2014\u2014\u6770\u51fa\u7684\u6d6a\u6f2b\u4e3b\u4e49\u4f5c\u5bb6 \u6d6a\u6f2b\u4e3b\u4e49\uff08romantikismo\uff09\u4ece\u5341\u4e5d\u4e16\u7eaa\u8d77\uff0c\u6210\u4e3a\u6587\u5b66\u521b\u4f5c\u4e0a\u9887\u5177\u5f71\u54cd\u7684\u6f6e\u6d41\u2026 <span class=\"read-more\"><a href=\"https:\/\/reto.cn\/php\/hanyu\/esperantologio\/esperanta-literaturo\/artikolo-21\/\">\u7ee7\u7eed\u9605\u8bfb Legi pli &raquo;<\/a><\/span><\/p>\n","protected":false},"author":1,"featured_media":0,"parent":11795,"menu_order":0,"comment_status":"open","ping_status":"closed","template":"","meta":{"footnotes":""},"_links":{"self":[{"href":"https:\/\/reto.cn\/php\/hanyu\/wp-json\/wp\/v2\/pages\/11835"}],"collection":[{"href":"https:\/\/reto.cn\/php\/hanyu\/wp-json\/wp\/v2\/pages"}],"about":[{"href":"https:\/\/reto.cn\/php\/hanyu\/wp-json\/wp\/v2\/types\/page"}],"author":[{"embeddable":true,"href":"https:\/\/reto.cn\/php\/hanyu\/wp-json\/wp\/v2\/users\/1"}],"replies":[{"embeddable":true,"href":"https:\/\/reto.cn\/php\/hanyu\/wp-json\/wp\/v2\/comments?post=11835"}],"version-history":[{"count":0,"href":"https:\/\/reto.cn\/php\/hanyu\/wp-json\/wp\/v2\/pages\/11835\/revisions"}],"up":[{"embeddable":true,"href":"https:\/\/reto.cn\/php\/hanyu\/wp-json\/wp\/v2\/pages\/11795"}],"wp:attachment":[{"href":"https:\/\/reto.cn\/php\/hanyu\/wp-json\/wp\/v2\/media?parent=11835"}],"curies":[{"name":"wp","href":"https:\/\/api.w.org\/{rel}","templated":true}]}}