{"id":11837,"date":"2022-06-04T23:58:24","date_gmt":"2022-06-04T15:58:24","guid":{"rendered":"https:\/\/reto.cn\/php\/hanyu\/esperantologio\/esperanta-literaturo\/artikolo-1-2-22\/"},"modified":"2022-06-11T21:28:23","modified_gmt":"2022-06-11T13:28:23","slug":"artikolo-23","status":"publish","type":"page","link":"https:\/\/reto.cn\/php\/hanyu\/esperantologio\/esperanta-literaturo\/artikolo-23\/","title":{"rendered":"\u4e16\u754c\u8bed\u6587\u5b66\u7410\u8bdd"},"content":{"rendered":"<h3>\u6069\u683c\u970d\u5c14\u59c6\u5173\u6ce8\u793e\u4f1a\u73b0\u5b9e\u7684\u5c0f\u8bf4<\/h3>\n<p>\u5965\u5fb7\u8bf4\u8fc7\uff1a\u201c\u7b2c\u4e00\u6b21\u4e16\u754c\u5927\u6218\u6467\u6bc1\u4e86\u8bb8\u591a\uff0c\u4f46\u662f\uff0c\u51fa\u4e4e\u8bb8\u591a\u4eba\u2014\u2014\u5305\u62ec\u8bb8\u591a\u4e16\u754c\u8bed\u8005\u2014\u2014\u7684\u610f\u6599\u4e4b\u5916\uff0c\u5b83\u6ca1\u6709\u80fd\u6210\u529f\u6467\u6bc1\u4e16\u754c\u8bed\u8fd0\u52a8\u3002\u201d\uff08La unua mondmilito detruis multon, sed \u2013 je granda surprizo de multaj personoj, inkluzive multajn esp-istoj \u2013 \u011di ne sukcesis detrui la Esp-movadon. \uff09\u2474 \u7b2c\u4e8c\u6b21\u4e16\u754c\u5927\u6218\u4e5f\u662f\u5982\u6b64\uff0c\u201c\u6211\u4eec\u4e0d\u80fd\u5fd8\u8bb0\u8fd9\u6837\u4e00\u4e2a\u4e8b\u5b9e\uff0c\u7b2c\u4e8c\u6b21\u4e16\u754c\u5927\u6218\u6ca1\u6709\u6253\u65ad\u4e16\u754c\u8bed\u6587\u5b66\u7684\u5ef6\u7eed\uff0c\u591a\u4e8f\u4e86\uff0c\u7279\u522b\u662f\u5e0c\u62c9\u5947\u548c\u65af\u53f0\u5170\u00b7\u6069\u683c\u970d\u5c14\u59c6\uff0c\u4ed6\u4eec\u5728\u6ca1\u6709\u53c2\u6218\u7684\u56fd\u5bb6\u745e\u5178\uff0c\u57f9\u80b2\u7740\u4e16\u754c\u8bed\u6587\u5316\u4e4b\u706b\u3002\u201d\uff08Kaj ni ne forgesu, ke la fakto\uff0cke la kontinuecon de la Esp-a literaturo ne rompis la dua mondmilito, \u015duldi\u011das precipe al Szilagyi kaj Stellan Engholm, kiuj en la nemilitanta Svedlando nutris la flamon de la Esp-a kulturo.\uff09\u2475<\/p>\n<p><img decoding=\"async\" loading=\"lazy\" class=\" aligncenter\" src=\"https:\/\/reto.cn\/bildo\/cina\/esperantologio\/esperanta-literaturo\/artikolo-23\/bildo-1.png\" width=\"179\" height=\"258\" \/><\/p>\n<p><img decoding=\"async\" loading=\"lazy\" class=\" aligncenter\" src=\"https:\/\/reto.cn\/bildo\/cina\/esperantologio\/esperanta-literaturo\/artikolo-23\/bildo-2.png\" width=\"182\" height=\"249\" \/><\/p>\n<p>\u65af\u53f0\u5170\u00b7\u6069\u683c\u970d\u5c14\u59c6\uff08Stellan Engholm\uff09\u662f\u4e00\u4f4d\u6770\u51fa\u7684\u5c0f\u8bf4\u4f5c\u5bb6\uff0c\u5965\u5fb7\u5728\u4ed6\u7684\u300a\u4e16\u754c\u8bed\u539f\u521b\u6587\u5b66\u5f15\u8a00\u300b\uff08Enkonduko en la Originalan Literaturon de Esp-o\uff09\u91cc\uff0c\u4ecb\u7ecd\u5341\u4e94\u4f4d1930\u5e74\u4ee5\u540e\u7684\u4f18\u79c0\u5c0f\u8bf4\u5bb6\uff0c\u9996\u5148\u63d0\u5230\u7684\u662f\u5df4\u57fa\uff08J. Baghy\uff09\uff0c\u7b2c\u4e8c\u4f4d\u5c31\u662f\u4ed6\u3002<\/p>\n<p>\u6211\u8fc7\u53bb\u53ea\u8bfb\u8fc7\u4ed6\u7684\u90a3\u7bc7\u6536\u5165\u300a33\u4e2a\u6545\u4e8b\u300b\uff0833 Rakontoj\uff09\u91cc\u7684\u77ed\u7bc7\u300a\u8001\u4eba\u6d41\u843d\u300b\uff08Maljunulo migras, 1943\uff09\uff0c\u8fd9\u6b21\u591a\u4e8f\u4e86\u5b5f\u7389\u4e3d\uff0c\u628a\u6069\u683c\u970d\u5c14\u59c6\u7684\u4e94\u90e8\u957f\u7bc7\u5c0f\u8bf4\u7535\u5b50\u7248\u4e0b\u8f7d\uff0c\u6253\u5370\u88c5\u8ba2\u51fa\u6765\uff0c\u6211\u624d\u6709\u53ef\u80fd\u6b23\u8d4f\u5230\u4ed6\u7684\u4f5c\u54c1\u3002<\/p>\n<p>\u4ed6\u7684\u5c0f\u8bf4\u300a\u571f\u5730\u4e0a\u7684\u4eba\u4eec\u300b\uff08Homoj sur la tero\uff09\u662f\u300a\u6587\u5b66\u4e16\u754c\u300b\uff08Literatura Mondo\uff09\u6742\u5fd7\u793e1932\u5e74\u201c\u957f\u7bc7\u5c0f\u8bf4\u7ade\u8d5b\u201d\u7684\u83b7\u5956\u4f5c\u54c1\u3002\u8fd9\u672c\u5c0f\u8bf4\u662f\u5199\u5728\u571f\u5730\u4e0a\u8015\u8018\u7684\u4e00\u5bb6\u4e09\u4ee3\u4eba\u7684\u6545\u4e8b\uff0c\u8fd9\u4e9b\u7737\u604b\u571f\u5730\uff0c\u751f\u6d3b\u8d2b\u56f0\u7684\u519c\u6c11\uff08terkulturistoj\uff09\uff0c\u4e00\u4ee3\u4ee3\u90fd\u5728\u540c\u793e\u4f1a\u548c\u7ecf\u6d4e\u7ed9\u4e88\u4ed6\u4eec\u7684\u56f0\u96be\u548c\u4e0d\u516c\u6297\u4e89\u7740\u3002\u4f5c\u8005\u5c31\u751f\u6d3b\u5728\u4ed6\u4eec\u4e2d\u95f4\uff0c\u611f\u540c\u8eab\u53d7\uff0c\u771f\u5b9e\u5730\u628a\u90a3\u4e00\u65f6\u4ee3\u8eab\u8fb9\u8fd9\u4e9b\u4eba\u7684\u751f\u6d3b\u63cf\u7ed8\u7ed9\u8bfb\u8005\u3002<\/p>\n<p>\u4ed6\u7684\u5c0f\u8bf4\u300a\u5230\u6258\u4f26\u591a\u53bb\u300b\uff08Al Torento\uff09\uff0c1930\u5e74\u5c31\u5df2\u7ecf\u51fa\u7248\uff0c\u5199\u6258\u4f26\u591a\u8fd9\u4e2a\u5730\u65b9\uff0c\u5728\u745e\u5178\u5de5\u4e1a\u5316\u7684\u65e9\u671f\uff0c\u5f00\u8d77\u4e86\u94c1\u77ff\uff0c\u751f\u6d3b\u5728\u8fd9\u5757\u571f\u5730\u4e0a\u519c\u6c11\u7684\u5b69\u5b50\uff0c\u5230\u77ff\u4e0a\u53bb\u505a\u5de5\uff0c\u4ed6\u4eec\u7684\u751f\u6d3b\u548c\u773c\u754c\uff0c\u5f97\u4ee5\u6539\u89c2\u3002\u4e3b\u4eba\u516c\u5361\u5c14\uff08Karlo\uff09\u5468\u516d\u7684\u508d\u665a\uff0c\u5411\u7236\u4eb2\u501f\u51e0\u4e2a\u201c\u514b\u6717\u201d\uff08\u8d27\u5e01\u540d\uff09\uff0c\u8981\u5230\u6751\u91cc\u9752\u5e74\u90fd\u53bb\u7684\u96c6\u4f1a\u573a\u6240\u7ea6\u4f1a\u4ed6\u5fc3\u4eea\u7684\u59d1\u5a18Anjo\u2026\u60c5\u8282\u7531\u6b64\u5c55\u5f00\uff0c\u7ed9\u6211\u4eec\u8bb2\u8ff0\u4e86\u4e00\u4e2a\u519c\u5bb6\u5b69\u5b50\u604b\u7231\u3001\u6210\u5bb6\u7684\u6545\u4e8b\u3002<\/p>\n<p>\u63a5\u4e0b\u6765\uff0c1934\u5e74\u51fa\u7248\u4e86\u5c0f\u8bf4\u300a\u6258\u4f26\u591a\u7684\u5b69\u5b50\u4eec\u300b\uff08Infanoj en Torento\uff09\uff0c\u5199\u4e00\u4e9b\u4ece\u5c0f\u5c31\u5728\u6c99\u6ee9\u4e0a\u4e00\u8d77\u73a9\u800d\u7684\u5b69\u5b50\u4eec\uff0c\u957f\u5927\u3001\u505a\u5de5\u7684\u6545\u4e8b\uff0c\u8fd9\u662f\u4ed6\u7684\u201c\u6258\u4f26\u591a\u4e09\u90e8\u66f2\u201d\uff08Trilogio Torento\uff09\u7cfb\u5217\u7684\u7b2c\u4e00\u90e8\u3002\u7b2c\u4e8c\u90e8\u300a\u6258\u4f26\u591a\u7684\u9752\u5e74\u4eba\u300b\uff08Junuloj en Torento\uff09\uff0c1939\u5e74\u51fa\u7248\uff0c\u7b2c\u4e09\u90e8\u300a\u751f\u6d3b\u5728\u547c\u5524\u300b\uff08Vivo vokas\uff09\u51fa\u7248\u4e8e1946\u5e74\u3002\u8fd9\u4e2a\u201c\u4e09\u90e8\u66f2\u201d\u662f\u4ed6\u7684\u4ee3\u8868\u4f5c\uff0c\u5960\u5b9a\u4e86\u4ed6\u5728\u4e16\u754c\u8bed\u6587\u5b66\u53f2\u4e0a\uff0c\u4e0d\u53ef\u64bc\u52a8\u7684\u5730\u4f4d\u3002\u5c0f\u8bf4\u539f\u7a3f\u672c\u6765\u53d6\u540d\u4e3aInfanoj en Torento, 1, 2, 3 \u5377\uff0c\u51fa\u7248\u793e\u5728\u51fa\u7248\u65f6\uff0c\u7ed9\u7b2c\u4e8c\u5377\u548c\u7b2c\u4e09\u5377\u53e6\u53d6\u4e86\u540d\u5b57\u3002\u5965\u5fb7\u628a\u6069\u683c\u970d\u5c14\u59c6\u7684\u5c0f\u8bf4\uff0c\u5f52\u7c7b\u5230\u201c\u793e\u4f1a\u6279\u5224\u201d\u5c0f\u8bf4\uff08socia kritiko\uff09\u4e00\u7c7b\uff0c\u2476 \u662f\u4e2d\u80af\u7684\u8bc4\u4ef7\uff0c\u4ed6\u7684\u786e\u662f\u4e00\u4f4d\u4e16\u754c\u8bed\u6587\u5b66\u91cc\u6279\u5224\u73b0\u5b9e\u4e3b\u4e49\u4f5c\u5bb6\u3002\u8bfb\u4ed6\u7684\u5c0f\u8bf4\uff0c\u4f7f\u6211\u611f\u5230\u4f3c\u4e4e\u662f\u5728\u8bfb\u6211\u4eec\u90fd\u719f\u6089\u7684\u4e0a\u4e2a\u4e16\u7eaa\u201c\u65e0\u4ea7\u9636\u7ea7\u6587\u5b66\u201d\u4f5c\u54c1\uff0c\u53ea\u4e0d\u8fc7\u4ed6\u4e0d\u662f\u5f18\u626c\u201c\u9636\u7ea7\u6597\u4e89\u201d\u4e3b\u65cb\u5f8b\uff0c\u4ed6\u7684\u4e3b\u4eba\u516c\u867d\u7136\u4e5f\u662f\u201c\u5de5\u519c\u5175\u201d\uff0c\u4f46\u4ed6\u662f\u5728\u5199\u4eba\uff0c\u5199\u7684\u662f\u6d3b\u751f\u751f\u7684\uff0c\u6709\u61a7\u61ac\u3001\u6709\u8ffd\u6c42\u7684\u4eba\uff0c\u4ed6\u5199\u51fa\u4e86\u90a3\u4e9b\u751f\u6d3b\u5728\u90a3\u4e2a\u5c0f\u9547\u4e0a\u7684\u5de5\u4eba\u3001\u519c\u6c11\u7684\u771f\u5b9e\u751f<br \/>\n\u6d3b\u3002<\/p>\n<p><img decoding=\"async\" loading=\"lazy\" class=\" aligncenter\" src=\"https:\/\/reto.cn\/bildo\/cina\/esperantologio\/esperanta-literaturo\/artikolo-23\/bildo-3.png\" width=\"196\" height=\"298\" \/><\/p>\n<p>\u6069\u683c\u970d\u5c14\u59c6\u7684\u4e16\u754c\u8bed\u8868\u8fbe\uff0c\u662f\u6781\u4e3a\u987a\u7545\u548c\u81ea\u7136\u7684\uff0c\u53ef\u4ee5\u7528\u201c\u7eaf\u51c0\u201d\uff08pureco\uff09\u4e24\u4e2a\u5b57\u6765\u6982\u62ec\u3002\u8bfb\u4ed6\u5199\u7684\u5c0f\u8bf4\uff0c\u9047\u4e0d\u5230\u8ba9\u4eba\u6320\u5934\u7684\u8bed\u6cd5\u8ff7\u5bab\uff0c\u4e5f\u6ca1\u6709\u72ec\u51fa\u5fc3\u88c1\u7684\u65b0\u8bcd\uff08neologismoj\uff09\u6765\u6321\u9053\uff0c\u751a\u81f3\uff0c\u9664\u4e86\u6781\u5c11\u7684\u4e13\u4e1a\u672f\u8bed\u6216\u690d\u7269\u540d\u79f0\uff0c\u51e0\u4e4e\u7528\u4e0d\u7740\u53bb\u67e5\u8bcd\u5178\u3002\u4ed6\u63cf\u5199\u666f\u7269\u548c\u4eba\u7269\u5fc3\u7406\u7684\u6280\u5de7\u4e5f\u5f88\u51fa\u8272\uff0c\u5bf9\u8bdd\u5199\u5f97\u5f88\u6709\u751f\u6c14\uff0c\u5c31\u662f\u4ece\u8bed\u8a00\u5b9e\u8df5\u7684\u89d2\u5ea6\u6765\u9605\u8bfb\u4ed6\u7684\u5c0f\u8bf4\uff0c\u4e5f\u4e00\u5b9a\u4f1a\u6709\u53ef\u559c\u7684\u6536\u83b7\uff0c\u4f55\u51b5\uff0c\u4ed6\u7684\u5c0f\u8bf4\u4e3b\u9898\u601d\u60f3\u9c9c\u660e\uff0c\u8bfb\u8005\u4f1a\u5728\u9605\u8bfb\u4e2d\uff0c\u65f6\u65f6\u5f97\u5230\u542f\u53d1\u3002\u8981\u8bf4\u5965\u5fb7\u7ed9\u51fa\u7684\u8d4f\u6790\u5c0f\u8bf4\u7684\u4e09\u6761\u6807\u51c6\uff1avereco, distro, stilo\uff0c\u4ed6\u7684\u4f5c\u54c1\u53ef\u90fd\u201c\u8fbe\u6807\u201d\u3002<\/p>\n<div style=\"width: 238px\" class=\"wp-caption aligncenter\"><img decoding=\"async\" loading=\"lazy\" class=\"\" src=\"https:\/\/reto.cn\/bildo\/cina\/esperantologio\/esperanta-literaturo\/artikolo-23\/bildo-4.png\" alt=\"\" width=\"228\" height=\"337\" \/><p class=\"wp-caption-text\">Stellan Engholm (1899-1960)<\/p><\/div>\n<p>\u4ed61899\u5e743\u670825\u65e5\u51fa\u751f\u5728\u745e\u5178\u4e61\u6751\u3002\u7236\u4eb2\u65e9\u6b7b\uff0c\u6bcd\u4eb2\u6539\u5ac1\uff0c\u7559\u4e0b\u4ed6\u540c\u4e0a\u4e86\u5e74\u7eaa\u7684\u4f2f\u7236\u4e00\u8d77\u751f\u6d3b\u300211\u5c81\u8d77\uff0c \u8fd9\u4e2a\u519c\u5bb6\u7684\u5b69\u5b50\uff0c\u653e\u5b66\u540e\uff0c\u5c31\u5728\u56ed\u5b50\u91cc\u5e72\u6d3b\u4e86\u30021913\u5e74\uff0c\u5341\u56db\u5c81\u7684\u4ed6\u7528\u6bcd\u8bed\u2014\u2014\u745e\u5178\u8bed\u5f00\u59cb\u5199\u8bd7\u30021916-1920\u5e74\uff0c\u4ed6\u8bfb\u5e08\u8303\uff0c\u65e5\u540e\u5c31\u5f53\u4e86\u6559\u5e08\u3002\u5176\u95f4\u57281918\u5e74\uff0c\u4ed6\u8ba4\u8bc6\u4e86\u745e\u5178\u8bd7\u4eba\u4f46\u00b7\u5b89\u5fb7\u68ee\uff08Dan Andersson\uff09\uff0c\u540c\u5e74\u5f00\u59cb\u5b66\u4e60\u4e16\u754c\u8bed\u30021922\u5e74\uff0c\u4ed6\u540c\u65af\u5fb7\u54e5\u5c14\u6469\u59d1\u5a18\u5965\u5c14\u52a0\uff08Olga\uff09\u7ed3\u5a5a\uff0c\u5c45\u4f4f\u5728\u79bb\u4ed6\u6545\u4e61\u4e0d\u8fdc\u7684\u5c0f\u57ceNyberget\u3002<\/p>\n<p>\u6069\u683c\u970d\u5c14\u59c6\u79ef\u6781\u53c2\u4e0e\u4e16\u754c\u8bed\u8fd0\u52a8\uff0c\u7ffb\u8bd1\u745e\u5178\u4f5c\u5bb6\u7684\u4f5c\u54c1\uff0c\u4ece1930\u5e74\u5f00\u59cb\u521b\u4f5c\u5c0f\u8bf4\uff0c\u5949\u732e\u7ed9\u4e16\u754c\u8bed\u6587\u575b\u8fd9\u51e0\u90e8\u51fa\u8272\u7684\u73b0\u5b9e\u4e3b\u4e49\u4f5c\u54c1\u30021943\u5e74\u52301952\u5e74\uff0c\u4ed6\u5728\u56f0\u96be\u7684\u6761\u4ef6\u4e0b\uff0c\u521b\u529e\u4e86\u4e16\u754c\u8bed\u6587\u5316\u520a\u7269\u300a\u5c0f\u8bc4\u8bba\u300b\uff08Malgranda Revuo\uff09\uff0c\u6b63\u5982\u6211\u5f00\u5934\u63d0\u5230\u7684\uff0c\u5728\u4e8c\u6b21\u4e16\u754c\u5927\u6218\u548c\u6218\u540e\u90a3\u4e2a\u7279\u6b8a\u7684\u65f6\u671f\uff0c\u4f7f\u4e16\u754c\u8bed\u6587\u5316\u4e4b\u706b\u5f97\u4ee5\u5ef6\u7eed\u3002\u4ed6\u662f\u4e00\u4f4d\u660e\u663e\u7684\u5de6\u6d3e\u503e\u5411\u7684\u77e5\u8bc6\u5206\u5b50\uff0c\u5728\u201c\u51b7\u6218\u201d\u65f6\u671f\uff0c\u4ed6\u5728\u81ea\u5df1\u7684\u520a\u7269\u300a\u5c0f\u8bc4\u8bba\u300b1949\u5e74\u7b2c3\u671f\u5199\u5230\uff1a\u201c\u6211\u4e0d\u8981\u628a\u300a\u5c0f\u8bc4\u8bba\u300b\u529e\u6210\u4e2d\u7acb\u7684\u2026\u2026 \u5904\u4e8e\u4e2d\u7acb\uff08\u7684\u751f\u6d3b\u6001\u5ea6\uff09\uff0c\u5c31\u610f\u5473\u7740\u4eba\u4eec\u5728\u5584\u4e0e\u6076\uff0c\u6b63\u4e49\u4e0e\u90aa\u6076\u9762\u524d\u662f\u6d88\u6781\u7684\uff0c\u4ef7\u503c\u5bf9\u4e8e\u6211\u4eec\u662f\u65e0\u6240\u8c13\u7684\uff0c\u6216\u8005\u4f3c\u4e4e\u662f\u4e0d\u5b58\u5728\u7684\u4e86\u2026\u2026\u201d\uff08mi ne deziras, ke Migranda Revuo estu ne\u016dtrala\u2026Sed esti ne\u016dtrala al la tuta, nelimigita vivcelado, tio signifus, ke oni restas pasiva anta\u016d bono kaj malbono, justo kaj maljusto, kaj valoroj estus al ni indiferentaj a\u016d kvaza\u016d ne ekzistus\u2026\uff09\u2477<\/p>\n<p>\u65af\u53f0\u5170\u00b7\u6069\u683c\u970d\u5c14\u59c6\u75c5\u901d\u4e8e1960\u5e74\u3002<\/p>\n<p>2015-07-26\uff0c\u5927\u5e86<\/p>\n<p>\u2474 W.Auld: Anta\u016dparolo de Esp-a Antologio, Stafeto, la 1a eld, 1958, p. 16<br \/>\n\u2475 V. Beczik: Studo pri la Esp-a Literaturo, Kritikanto, 1980, p. 97<br \/>\n\u2476 W. Auld: Vereco Distro Stilo, Iltis, 1981, p. 77<br \/>\n\u2477 Sten Johansson: Kiel Legi \u2013 \u0108u Legi \u2013 Stellan Engholm? el libro Pri Homoj kaj Verkoj, UEA, 2012, p. 65<\/p>\n<p><a href=\"https:\/\/reto.cn\/php\/hanyu\/esperantologio\/esperanta-literaturo\/artikolo-22\">\u4e0a\u4e00\u7bc7<\/a> <a href=\"https:\/\/reto.cn\/php\/hanyu\/esperantologio\/esperanta-literaturo\/artikolo-24\">\u4e0b\u4e00\u7bc7<\/a><\/p>\n<p><a href=\"https:\/\/reto.cn\/php\/hanyu\/esperantologio\/esperanta-literaturo\/\">\u8fd4\u56de\u4e16\u754c\u8bed\u6587\u5b66\u7410\u8bdd<\/a><\/p>\n","protected":false},"excerpt":{"rendered":"<p>\u6069\u683c\u970d\u5c14\u59c6\u5173\u6ce8\u793e\u4f1a\u73b0\u5b9e\u7684\u5c0f\u8bf4 \u5965\u5fb7\u8bf4\u8fc7\uff1a\u201c\u7b2c\u4e00\u6b21\u4e16\u754c\u5927\u6218\u6467\u6bc1\u4e86\u8bb8\u591a\uff0c\u4f46\u662f\uff0c\u51fa\u4e4e\u8bb8\u591a\u4eba\u2014\u2014\u5305\u62ec\u8bb8\u591a\u4e16\u754c\u8bed\u8005\u2014\u2014\u7684\u2026 <span class=\"read-more\"><a href=\"https:\/\/reto.cn\/php\/hanyu\/esperantologio\/esperanta-literaturo\/artikolo-23\/\">\u7ee7\u7eed\u9605\u8bfb Legi pli &raquo;<\/a><\/span><\/p>\n","protected":false},"author":1,"featured_media":0,"parent":11795,"menu_order":0,"comment_status":"open","ping_status":"closed","template":"","meta":{"footnotes":""},"_links":{"self":[{"href":"https:\/\/reto.cn\/php\/hanyu\/wp-json\/wp\/v2\/pages\/11837"}],"collection":[{"href":"https:\/\/reto.cn\/php\/hanyu\/wp-json\/wp\/v2\/pages"}],"about":[{"href":"https:\/\/reto.cn\/php\/hanyu\/wp-json\/wp\/v2\/types\/page"}],"author":[{"embeddable":true,"href":"https:\/\/reto.cn\/php\/hanyu\/wp-json\/wp\/v2\/users\/1"}],"replies":[{"embeddable":true,"href":"https:\/\/reto.cn\/php\/hanyu\/wp-json\/wp\/v2\/comments?post=11837"}],"version-history":[{"count":0,"href":"https:\/\/reto.cn\/php\/hanyu\/wp-json\/wp\/v2\/pages\/11837\/revisions"}],"up":[{"embeddable":true,"href":"https:\/\/reto.cn\/php\/hanyu\/wp-json\/wp\/v2\/pages\/11795"}],"wp:attachment":[{"href":"https:\/\/reto.cn\/php\/hanyu\/wp-json\/wp\/v2\/media?parent=11837"}],"curies":[{"name":"wp","href":"https:\/\/api.w.org\/{rel}","templated":true}]}}