{"id":11840,"date":"2022-06-04T23:58:24","date_gmt":"2022-06-04T15:58:24","guid":{"rendered":"https:\/\/reto.cn\/php\/hanyu\/esperantologio\/esperanta-literaturo\/artikolo-1-2-24\/"},"modified":"2022-06-11T21:31:07","modified_gmt":"2022-06-11T13:31:07","slug":"artikolo-26","status":"publish","type":"page","link":"https:\/\/reto.cn\/php\/hanyu\/esperantologio\/esperanta-literaturo\/artikolo-26\/","title":{"rendered":"\u4e16\u754c\u8bed\u6587\u5b66\u7410\u8bdd"},"content":{"rendered":"<h3>\u7edf\u9886\u4e00\u4ee3\u98ce\u9a9a\u7684\u5927\u8bd7\u4eba\u5965\u5fb7<\/h3>\n<p>\u7b2c\u4e8c\u6b21\u4e16\u754c\u5927\u6218\u7ed3\u675f\uff0c\u5e03\u8fbe\u4f69\u65af\u6d41\u6d3e\u7684\u4f5c\u5bb6\u4eec\u4f9d\u7136\u6d3b\u8dc3\u5728\u4e16\u754c\u8bed\u6587\u575b\u4e0a\u3002\u53ef\u662f\u7531\u4e8e\u201c\u51b7\u6218\u201d\u7684\u5f00\u59cb\uff0c1949\u5e74\uff0c\u90a3\u672c\u5927\u578b\u4e16\u754c\u8bed\u6587\u5b66\u6742\u5fd7\u300a\u6587\u5b66\u4e16\u754c\u300b\uff08Literatura Mondo\uff09\u505c\u520a\u4e86\u3002\u65f6\u9694\u4e0d\u4e45\uff0c1952\u5e74\u7531\u4f69\u96f7\u5179\uff08Juan Regulo Perez\uff09\u5f00\u529e\u7684\u201c\u63a5\u529b\u201d\u51fa\u7248\u793e\uff08Stafeto\uff09\uff0c\u5728\u8bd7\u4eba\u7f57\u585e\u8482\uff08Reto Rossetti\uff09\u7684\u5efa\u8bae\u4e0b\uff0c\u51fa\u7248\u4e86\u8be5\u793e\u7b2c\u4e00\u672c\u4e66\u300a\u56db\u4eba\u96c6\u300b\uff08Kvaropo\uff09\u3002\u8fd9\u662f\u56db\u4f4d\u82f1\u56fd\u4e16\u754c\u8bed\u8bd7\u4ebaAuld, Dinwoodie, Francis\u548cRossetti\u4f5c\u54c1\u7684\u5408\u96c6\uff0c\u8fd9\u672c\u8bd7\u96c6\u7684\u9762\u4e16\uff0c\u5f00\u542f\u4e86\u4e16\u754c\u8bed\u6587\u5b66\u53f2\u4e0a\u4e00\u4e2a\u65b0\u7684\u9636\u6bb5\uff0c\u5373\u7b2c\u56db\u9636\u6bb5\uff1ala Periodo de Postparnasismo\uff08\u540e\u5e15\u90a3\u65af\u4e3b\u4e49\u9636\u6bb5\uff09\u3002\u7531\u4e8e\u56db\u4f4d\u8bd7\u4eba\u91cc\u6709\u4e09\u4f4d\u90fd\u662f\u82cf\u683c\u5170\u4eba\uff08\u53ea\u6709\u7f57\u585e\u8482\u662f\u51fa\u751f\u5728\u745e\u58eb\u7684\u82f1\u56fd\u4eba\uff09\uff0c\u7531\u4ed6\u4eec\u5e26\u9886\uff0c\u56f4\u7ed5\u5728\u5965\u5fb7\u4e3b\u7f16\u7684\u520a\u7269\u300a\u4e16\u754c\u8bed\u5728\u82cf\u683c\u5170\u300b\uff08Esperanto en Skotlando\uff09\u5f62\u6210\u4e86\u4e00\u4e2a\u4e16\u754c\u8bed\u6587\u5b66\u53f2\u4e0a\u9887\u5177\u5f71\u54cd\u7684\u201c\u82cf\u683c\u5170\u6d41\u6d3e\u201d\uff08la Skota Skolo\uff09\u3002<br \/>\n\u300a\u56db\u4eba\u96c6\u300b\u91cc\uff0c\u6536\u5165\u7684\u4f5c\u54c1\u6309\u7167\u4f5c\u8005\u59d3\u6c0f\u5b57\u6bcd\u987a\u5e8f\u6392\u5217\uff0c\u4e8c\u5341\u516d\u5c81\u7684\u5a01\u5ec9\u00b7\u5965\u5fb7\uff08William Auld\uff09\uff0c\u59d3\u6c0f\u7b2c\u4e00\u4e2a\u5b57\u6bcd\u662fA\uff0c\u6240\u4ee5\u4ed6\u7684\u7684\u7ec4\u8bd7Spiro de l\u2019 pasio\uff08\u60c5\u611f\u7684\u6c14\u606f\uff09\u6392\u5728\u524d\u9762\u3002\u5728\u8fd9\u672c\u8bd7\u96c6\u91cc\uff0c\u65e0\u8bba\u662f\u8d28\u91cf\u8fd8\u662f\u6570\u91cf\uff0c\u5965\u5fb7\u90fd\u5360\u9996\u4f4d\u3002\u4ed6\u7684\u7ec4\u8bd7\u91cc\uff0c\u56fa\u7136\u4e0d\u4e4f\u6b4c\u548f\u9752\u6625\u548c\u7231\u60c5\u7684\u6292\u60c5\u4e4b\u4f5c\uff0c\u4f46\u4ed6\u7684\u201c\u60c5\u611f\u201d\uff08pasio\uff09\u7279\u522b\u5173\u6ce8\u5728\u4e16\u754c\u8bed\u8bed\u8a00\u672c\u8eab\uff0c\u89c6\u4e4b\u4e3a\u8bd7\u6b4c\u7684\u751f\u547d\u4e4b\u6e90\uff0c\u4ed6\u5728\u7528\u6bcd\u8bed\u5199\u4f5c\u8fd8\u662f\u7528\u4e16\u754c\u8bed\u5199\u4f5c\u7684\u95ee\u9898\u4e0a\uff0c\u6bc5\u7136\u51b3\u7136\u5730\u9009\u62e9\u4e86\u7528\u4e16\u754c\u8bed\uff1a<\/p>\n<p>Mi ne estas reformanto.<br \/>\nMia sfero: la liriko,<br \/>\nkiun verkas diletanto<br \/>\nsen insista propaganda.<\/p>\n<p>Tio fakte ne signifas,<br \/>\nke maltrafas min realo \u2013<br \/>\nnovan mondon mi soifas,<br \/>\ntiucele e\u0109 aktivas.<br \/>\n\u2026\u2026<br \/>\n(Konfeso)<\/p>\n<p>\u5965\u5fb71924\u5e74\u51fa\u751f\uff0c\u8bfb\u4e2d\u5b66\u7684\u65f6\u5019\uff0c\u5c31\u5b66\u4f1a\u4e86\u4e16\u754c\u8bed\uff08\u4ed6\u624d14\u5c81\uff09\u3002\u7b2c\u4e8c\u6b21\u4e16\u754c\u5927\u6218\u671f\u95f4\uff0c\u4ed6\u5e94\u5f81\u5165\u4f0d\uff0c\u5f53\u4e86\u98de\u884c\u5458\uff0c\u53c2\u52a0\u53cd\u6cd5\u897f\u65af\u6218\u6597\u3002\u4e8c\u6218\u7ed3\u675f\u540e\uff0c\u4ed6\u91cd\u8fd4\u6821\u56ed\uff0c\u5728\u683c\u62c9\u65af\u54e5\u5927\u5b66\u4e3b\u4fee\u82f1\u56fd\u8bed\u8a00\u548c\u6587\u5b66\uff0c\u83b7\u7855\u58eb\u5b66\u4f4d\u3002\u6bd5\u4e1a\u540e\uff0c\u4e00\u76f4\u5728\u82cf\u683c\u5170\u4e61\u9547\u4e2d\u5b66\u5f53\u6559\u5e08\uff0c\u540e\u6765\u662f\u8be5\u6821\u7684\u526f\u6821\u957f\uff0c\u76f4\u5230\u9000\u4f11\u3002\u4ed6\u4ece\u9752\u5e74\u65f6\u4ee3\u8d77\u5c31\u6295\u8eab\u4e16\u754c\u8bed\u8fd0\u52a8\uff0c\u7f16\u8f91\u8fc7\u300a\u4e16\u754c\u8bed\u5728\u82cf\u683c\u5170\u300b\uff08Esperanto en Skotlando\uff09\u3001\u300a\u82f1\u56fd\u4e16\u754c\u8bed\u8005\u300b\uff08Brita esp-isto\uff09\u3001\u300a\u5317\u65b9\u68f1\u955c\u300b\uff08Norda Prismo\uff09\uff08\u63a5\u66ff\u5e0c\u62c9\u5947\uff09\u3001\u300a\u6e90\u6cc9\u300b\uff08Fonto\uff09\u7b49\u6742\u5fd7\u3002\u5728\u56fd\u9645\u4e16\u754c\u8bed\u534f\u4f1a\u5f53\u8fc7\u300a\u4e16\u754c\u8bed\u300b\uff08Esp-o\uff09\u6742\u5fd7\u7684\u7f16\u8f91\uff0c\u51fa\u4efb\u8fc7UEA\u7684\u526f\u4e3b\u5e2d\u3001\u4e16\u754c\u8bed\u5b66\u58eb\u9662\u4e3b\u5e2d\u3001\u4e16\u754c\u8bed\u4f5c\u5bb6\u534f\u4f1a\u4e3b\u5e2d\u7b49\u804c\u52a1\u3002<\/p>\n<p><img decoding=\"async\" loading=\"lazy\" class=\"size-medium aligncenter\" src=\"https:\/\/reto.cn\/bildo\/cina\/esperantologio\/esperanta-literaturo\/artikolo-26\/bildo-1.png\" width=\"240\" height=\"337\" \/><\/p>\n<p>\u4ed6\u7684\u957f\u8bd7\u300a\u4eba\u79cd\u7684\u7ae5\u5e74\u300b\uff08La infana raso\uff091956\u5e74\u7531Stafeto\u51fa\u7248\u793e\u51fa\u7248\uff0c\u5168\u8bd7\u5206\u4e8c\u5341\u4e94\u7ae0\uff0c\u5176\u4e3b\u9898\u662f\u5bf9\u4eba\u8fd9\u4e00\u7269\u79cd\u7684\u54f2\u5b66\u601d\u8003\uff0c\u5173\u952e\u8bcd\u662fkura\u011do kaj obstino\uff08\u52c7\u6562\u4e0e\u987d\u5f3a\uff09\u3002<br \/>\nKura\u011don, homo-fratoj de \u0109iu ha\u016dtkoloro &#8211;<br \/>\nla temp-mira\u011do, kiu disigas vin damninde,<br \/>\nnin fine rekunigos.<br \/>\n\u2026\u2026<br \/>\n\u8fd9\u662f\u4e16\u754c\u8bed\u6587\u5b66\u53f2\u4e0a\u5212\u65f6\u4ee3\u7684\u5de8\u4f5c\uff0c\u5bf9\u540e\u6765\u8005\u4ea7\u751f\u4e86\u6df1\u8fdc\u7684\u5f71\u54cd\u30021968\u5e74\u5370\u4e86\u7b2c\u4e8c\u7248\u30021980\u5e74Iltis\u51fa\u7248\u793e\u8fd8\u91cd\u5370\u8fc7\u4e00\u6b21\u3002<\/p>\n<p><img decoding=\"async\" loading=\"lazy\" class=\"aligncenter \" src=\"https:\/\/reto.cn\/bildo\/cina\/esperantologio\/esperanta-literaturo\/artikolo-26\/bildo-2.png\" width=\"200\" height=\"319\" \/><\/p>\n<p>\u5965\u5fb7\u867d\u7136\u4e5f\u5728\u6563\u6587\u3001\u7ffb\u8bd1\u7b49\u9886\u57df\u8015\u8018\uff0c\u4f46\u4ed6\u4e3b\u8981\u81f4\u529b\u4e8e\u8bd7\u6b4c\u521b\u4f5c\u3002\u4ed6\u7684\u8bd7\u96c6\u300a\u4e00\u6307\u5f39\u300b\uff08Unufingraj melodioj\uff091960\u5e74\u51fa\u7248\uff0c\u300a\u5fc3\u5883\u300b\uff08Humoroj\uff091969\u5e74\u51fa\u7248\uff0c\u8fd9\u4e24\u79cd\u4e5f\u662fStafeto\u51fa\u7248\u793e\u51fa\u7248\u7684\u30021976\u5e74\u51fa\u7248\u4e86\u300a\u8bd7\u4fe1\u96c6\u300b\uff08Rimleteroj\uff09\uff0c\u8fd9\u662f\u4ed6\u540c\u82f1\u56fd\u4e16\u754c\u8bed\u8bd7\u4eba\u739b\u7ea6\u4e3d\u00b7\u5e03\u5c14\u987f\uff08Marjorie Boulton\uff09\u7528\u201c\u56de\u65cb\u66f2\u201d\uff08rondelo\uff09\u5f62\u5f0f\u5199\u7684\u5f80\u6765\u4e66\u4fe1\uff0c1986\u5e74\u4e5f\u5370\u4e86\u7b2c\u4e8c\u7248\u30021978\u5e74\u4ed6\u7684\u8bd7\u96c6\u300a\u6765\u81ea\u4e00\u4e2a\u7eff\u8272\u751f\u547d\u300b\uff08El unu verda vivo\uff09\u51fa\u7248\u3002<\/p>\n<p>\u5965\u5fb7\u5728\u4e16\u754c\u8bed\u8bd7\u6b4c\u9886\u57df\u7684\u8d21\u732e\uff0c\u9664\u4e86\u4ed6\u81ea\u5df1\u7684\u521b\u4f5c\u5916\uff0c\u4ed6\u8fd8\u82b1\u8d39\u4e86\u5927\u91cf\u7684\u65f6\u95f4\u548c\u7cbe\u529b\uff0c\u7f16\u8f91\u4e86\u300a\u4e16\u754c\u8bed\u8bd7\u9009\u300b\uff08Esperanta Antologio\uff09\uff0c\u4ed6\u628a\u4ece\u4e16\u754c\u8bed\u521b\u59cb\u4eba\u67f4\u95e8\u970d\u592b\u7684\u8bd7\u4f5c\u5f00\u59cb\uff0c\u5230\u4ed6\u7f16\u8f91\u5de5\u4f5c\u7ed3\u675f\u65f6\u4e3a\u6b62\uff0c\u6240\u6536\u96c6\u5230\u7684\u4e16\u754c\u8bed\u539f\u521b\u8bd7\u6b4c\uff0c\u6311\u9009\u6536\u5165\uff0c\u6210\u4e3a\u8bb0\u8f7d\u4e16\u754c\u8bed\u6587\u5b66\u5386\u7a0b\u7684\u7ecf\u5178\uff0c\u8fd9\u672c\u8bd7\u96c61958\u5e74\u7531Stafeto\u51fa\u7248\u793e\u51fa\u7248\uff0c\u4ee5\u540e\u4ed6\u53c8\u5728\u4e0a\u4e2a\u4e16\u7eaa\u516b\u5341\u5e74\u4ee3\u589e\u8ba2\u8fc7\u4e00\u6b21\uff0c1984\u5e74\u7531UEA\uff08\u56fd\u9645\u4e16\u754c\u8bed\u534f\u4f1a\uff09\u51fa\u4e86\u7b2c\u4e8c\u7248\u3002\u7531\u4e8e\u8be5\u4e66\u662f\u5728\u5317\u4eac\u5370\u5237\u7684\uff0c\u6210\u4e3a\u6211\u56fd\u7231\u597d\u6587\u5b66\u7684\u4e16\u754c\u8bed\u8005\uff0c\u51e0\u4e4e\u4eba\u624b\u4e00\u518c\u7684\u6587\u5b66\u8bfb\u672c\u3002<\/p>\n<p>\u76f4\u52302006\u5e74\u75c5\u901d\uff0c\u5965\u5fb7\u5728\u516d\u5341\u591a\u5e74\u91cc\uff0c\u7edf\u9886\u7740\u4e16\u754c\u8bed\u6587\u575b\u3002\u4ed6\u7ecf\u624b\u7f16\u8f91\u7684\u4e16\u754c\u8bed\u520a\u7269\uff0c\u6210\u4e3a\u57f9\u80b2\u4e16\u754c\u8bed\u6587\u5b66\u65b0\u4eba\u624d\u7684\u6447\u7bee\uff0c\u6211\u56fd\u7684\u4e16\u754c\u8bed\u8bd7\u4eba\u6bdb\u81ea\u5bcc\uff0c\u5c31\u662f\u5728\u4ed6\u7f16\u8f91\u7684\u300a\u4e00\u6708\u95f4\u300b\uff08Monato\uff09\u6742\u5fd7\u6587\u827a\u680f\u6574\u7248\u520a\u53d1\u4e86\u4e00\u7ec4\u8bd7\u4f5c\uff0c\u767b\u4e0a\u56fd\u9645\u4e16\u754c\u8bed\u6587\u575b\u7684\u3002<\/p>\n<p>1987\u5e74\uff0c\u4e3a\u4e86\u7eaa\u5ff5\u4e16\u754c\u8bed\u95ee\u4e16\u4e00\u767e\u5468\u5e74\uff0c\u610f\u5927\u5229\u7684Edistudio\u51fa\u7248\u793e\uff0c\u8981\u51fa\u7248\u4e00\u672c\u6709\u7eaa\u5ff5\u610f\u4e49\u7684\u4e66\uff0c\u5f81\u6c42\u4e16\u754c\u8bed\u4f5c\u5bb6\uff0c\u300a\u4e16\u754c\u8bed\u4fe1\u4f7f\u62a5\u300b\uff08Heroldo de Esp-o\uff09\u6587\u827a\u526f\u520a\u7f16\u8f91\u4e54\u6cbb\uff08Aldo de Giorgi\uff09\u7684\u610f\u89c1\uff0c\u4e54\u6cbb\u7acb\u523b\u5c31\u63a8\u8350\u51fa\u7248\u5965\u5fb7\u7684\u8bd7\u96c6\uff01\u5c31\u8fd9\u6837\u6211\u4eec\u624d\u6709\u4e86\u5965\u5fb7\u7684\u4e00\u672c\u8bd7\u6b4c\u5168\u96c6\u300a\u5728\u6ca1\u6709\u9886\u822a\u5458\u7684\u8239\u4e0a\u300b\uff08En barko senpilota\uff09\uff0c\u8fd9\u672c1987\u5e74\u51fa\u7248\u7684\u8bd7\u96c6\uff0c\u6536\u5165\u4e86\u6211\u524d\u9762\u4ecb\u7ecd\u8fc7\u7684\u5965\u5fb7\u7684\u51e0\u672c\u8bd7\u96c6\uff0c\u8fd8\u6536\u5165\u4e86\u4ed6\u5728\u5404\u79cd\u4e16\u754c\u8bed\u520a\u7269\u4e0a\u53d1\u8868\u8fc7\uff0c\u800c\u6ca1\u6709\u6210\u96c6\u51fa\u7248\u7684\u4e00\u4e9b\u8bd7\u7bc7\uff0c\u662f\u540d\u526f\u5176\u5b9e\u7684\u5965\u5fb7\u8bd7\u6b4c\u5168\u96c6\u3002\u8fd9\u672c\u8bd7\u96c6\u91cc\uff0c\u8fd8\u6709\u7f16\u8005\u4e54\u6cbb\u548c\u5965\u5fb7\u7684\u51e0\u4f4d\u540c\u4ee3\u4f5c\u5bb6\u5199\u7684\u6709\u5173\u5965\u5fb7\u521b\u4f5c\u7684\u8bba\u6587\uff0c\u66f4\u662f\u4e0d\u53ef\u591a\u5f97\u7684\u7814\u7a76\u548c\u4e86\u89e3\u5965\u5fb7\u6587\u5b66\u6210\u5c31\u7684\u6743\u5a01\u8d44\u6599\u3002<\/p>\n<p>2015-08-11\uff0c\u5927\u5e86<\/p>\n<p><a href=\"https:\/\/reto.cn\/php\/hanyu\/esperantologio\/esperanta-literaturo\/artikolo-25\/\">\u4e0a\u4e00\u7bc7<\/a> <a href=\"https:\/\/reto.cn\/php\/hanyu\/esperantologio\/esperanta-literaturo\/artikolo-27\/\">\u4e0b\u4e00\u7bc7<\/a><\/p>\n<p><a href=\"https:\/\/reto.cn\/php\/hanyu\/esperantologio\/esperanta-literaturo\/\">\u8fd4\u56de\u4e16\u754c\u8bed\u6587\u5b66\u7410\u8bdd<\/a><\/p>\n","protected":false},"excerpt":{"rendered":"<p>\u7edf\u9886\u4e00\u4ee3\u98ce\u9a9a\u7684\u5927\u8bd7\u4eba\u5965\u5fb7 \u7b2c\u4e8c\u6b21\u4e16\u754c\u5927\u6218\u7ed3\u675f\uff0c\u5e03\u8fbe\u4f69\u65af\u6d41\u6d3e\u7684\u4f5c\u5bb6\u4eec\u4f9d\u7136\u6d3b\u8dc3\u5728\u4e16\u754c\u8bed\u6587\u575b\u4e0a\u3002\u53ef\u662f\u7531\u4e8e\u201c\u51b7\u6218\u201d\u7684\u5f00\u2026 <span class=\"read-more\"><a href=\"https:\/\/reto.cn\/php\/hanyu\/esperantologio\/esperanta-literaturo\/artikolo-26\/\">\u7ee7\u7eed\u9605\u8bfb Legi pli &raquo;<\/a><\/span><\/p>\n","protected":false},"author":1,"featured_media":0,"parent":11795,"menu_order":0,"comment_status":"open","ping_status":"closed","template":"","meta":{"footnotes":""},"_links":{"self":[{"href":"https:\/\/reto.cn\/php\/hanyu\/wp-json\/wp\/v2\/pages\/11840"}],"collection":[{"href":"https:\/\/reto.cn\/php\/hanyu\/wp-json\/wp\/v2\/pages"}],"about":[{"href":"https:\/\/reto.cn\/php\/hanyu\/wp-json\/wp\/v2\/types\/page"}],"author":[{"embeddable":true,"href":"https:\/\/reto.cn\/php\/hanyu\/wp-json\/wp\/v2\/users\/1"}],"replies":[{"embeddable":true,"href":"https:\/\/reto.cn\/php\/hanyu\/wp-json\/wp\/v2\/comments?post=11840"}],"version-history":[{"count":0,"href":"https:\/\/reto.cn\/php\/hanyu\/wp-json\/wp\/v2\/pages\/11840\/revisions"}],"up":[{"embeddable":true,"href":"https:\/\/reto.cn\/php\/hanyu\/wp-json\/wp\/v2\/pages\/11795"}],"wp:attachment":[{"href":"https:\/\/reto.cn\/php\/hanyu\/wp-json\/wp\/v2\/media?parent=11840"}],"curies":[{"name":"wp","href":"https:\/\/api.w.org\/{rel}","templated":true}]}}