{"id":11850,"date":"2022-06-04T23:58:24","date_gmt":"2022-06-04T15:58:24","guid":{"rendered":"https:\/\/reto.cn\/php\/hanyu\/esperantologio\/esperanta-literaturo\/artikolo-1-2-33\/"},"modified":"2022-06-12T15:12:17","modified_gmt":"2022-06-12T07:12:17","slug":"artikolo-36","status":"publish","type":"page","link":"https:\/\/reto.cn\/php\/hanyu\/esperantologio\/esperanta-literaturo\/artikolo-36\/","title":{"rendered":"\u4e16\u754c\u8bed\u6587\u5b66\u7410\u8bdd"},"content":{"rendered":"<h3>\u6700\u6d41\u884c\u7684\u4e16\u754c\u8bed\u5c0f\u8bf4\u4f5c\u5bb6\u5948\u9ea6\u83b1<\/h3>\n<p>1989\u5e74\u56fd\u9645\u4e16\u754c\u8bed\u534f\u4f1a\u4e3e\u529e\u7684\u201c\u6587\u827a\u7ade\u8d5b\u201d\uff08Belarta Konkurso de UEA, BK\uff09\u628a\u201c\u65b0\u4eba\u624d\u5956\u201d\uff08premio Nova Talento\uff09\u9881\u53d1\u7ed9\u897f\u73ed\u7259\u9752\u5e74\u4e54\u6cbb\u00b7\u5580\u739b\u5947\uff08Georgo Kama\u0109o\uff09\uff0c\u4ed6\u53c2\u8d5b\u7684\u6587\u7ae0\u662fOriginalaj romanoj en Esp-o: panoramo kaj perspektivo\uff08\u4e16\u754c\u8bed\u539f\u521b\u5c0f\u8bf4\uff1a\u73af\u987e\u4e0e\u5c55\u671b\uff09\uff0c\u5965\u5fb7\uff08W. Auld\uff09\u90a3\u672c\u4ecb\u7ecd\u4e16\u754c\u8bed\u539f\u521b\u5c0f\u8bf4\u7684\u300a\u771f\u5b9e \u6109\u60a6 \u98ce\u683c\u300b\uff08Vereco Distro Stilo\uff09\u8bc4\u4ecb\u52301979\u5e74\u4e3a\u6b62\u7684\u4e16\u754c\u8bed\u5c0f\u8bf4\u4f5c\u54c1\u548c\u4f5c\u5bb6\uff0c\u5580\u739b\u5947\u7684\u6587\u7ae0\u63a5\u7740\u5965\u5fb7\u8bc4\u4ecb\u516b\u5341\u5e74\u4ee3\u7684\u4e16\u754c\u8bed\u539f\u521b\u5c0f\u8bf4\u548c\u4f5c\u8005\u3002\u4ed6\u8bf4\uff1a\u201c\u516b\u5341\u5e74\u4ee3\u6700\u6d41\u884c\u7684\u4f5c\u8005\uff0c\u975e\u4f0a\u65af\u7279\u4e07\u00b7\u5948\u9ea6\u83b1\u83ab\u5c5e\uff0c\u4ece1982\u52301988\u5e74\uff0c\u6709\u5341\u672c\u957f\u7bc7\u5c0f\u8bf4\u51fa\u81ea\u4ed6\u7684\u7b14\u4e0b\u6216\u6253\u5b57\u673a\uff1b\u2026\u2026\u8bfa\uff0c\u51e0\u4e4e\u662f\u6bcf\u5e74\u4e24\u672c\uff01\u201d\uff08la plej populara a\u016dtoro, la a\u016dtoro de la okdekaj jaroj, estas neniu alia, ol Istvan Nemere. De 1982 \u011dis 1988 aperis 10 romanoj el lia plumo a\u016d tajpilo;\u2026 Nu, preska\u016d du romanoj \u0109iujare!\uff09\u2474<\/p>\n<div style=\"width: 190px\" class=\"wp-caption aligncenter\"><img decoding=\"async\" loading=\"lazy\" src=\"https:\/\/reto.cn\/bildo\/cina\/esperantologio\/esperanta-literaturo\/artikolo-36\/bildo-1.png\" alt=\"\" width=\"180\" height=\"257\" \/><p class=\"wp-caption-text\">Istvan Nemere\uff0c\uff081944- \uff09<\/p><\/div>\n<p>\u4f0a\u65af\u7279\u4e07\u00b7\u5948\u9ea6\u83b1\uff08Istvan Nemere\uff09\uff0c1944\u5e74\u51fa\u751f\u5728\u5308\u7259\u5229\uff0c\u4ed6\u521a\u51fa\u6821\u95e8\uff0c\u66fe\u4ece\u4e8b\u8fc7\u505c\u5c38\u623f\u91cc\u7684\u89e3\u5256\u548c\u533b\u7597\u7d27\u6025\u6551\u62a4\u5de5\u4f5c\u3002\u9752\u5e74\u65f6\u4ee3\u5728\u6ce2\u5170\u751f\u6d3b\u4e86\u516d\u5e74\uff0c\u540c\u6ce2\u5170\u4e00\u4f4d\u5973\u4e16\u754c\u8bed\u8005\u7ed3\u5a5a\u540e\uff0c\u5b66\u4e60\u4e86\u4e16\u754c\u8bed\u3002\u4ed6\u5728\u6ce2\u5170\u505a\u8fc7\u7ffb\u8bd1\u3002\u4e09\u5341\u5c81\u56de\u56fd\uff0c\u4ece\u4e8b\u5199\u4f5c\u3002\u4ed6\u7528\u5308\u7259\u5229\u8bed\u5199\u7684\u5c0f\u8bf4\uff0c1974\u5e74\u51fa\u7248\uff0c\u4ece\u6b64\u5f00\u59cb\u4e86\u4ed6\u7684\u4ee5\u5199\u4f5c\u4e3a\u751f\u7684\u4f5c\u5bb6\u751f\u6daf\uff0c\u4ed6\u7684\u5c0f\u8bf4\u5f88\u53d7\u8bfb\u8005\u6b22\u8fce\uff0c\u5c3d\u7ba1\u4e0d\u592a\u5408\u4e4e\u90a3\u65f6\u793e\u4f1a\u4e3b\u4e49\u56fd\u5bb6\u5308\u7259\u5229\u4e3b\u6d41\u610f\u8bc6\u7684\u8981\u6c42\uff0c\u8fd8\u662f\u6210\u4e3a\u7545\u9500\u4e66\u3002\u4ed6\u5b66\u4f1a\u4e86\u4e16\u754c\u8bed\uff0c\u5c31\u4e5f\u7528\u8fd9\u4e2a\u201c\u7231\u65af\u4e0d\u96be\u8bfb\u201d\uff08Esperanto\uff09\u5c55\u793a\u81ea\u5df1\u7684\u5199\u4f5c\u5929\u624d\u3002<\/p>\n<p><img decoding=\"async\" loading=\"lazy\" class=\"aligncenter size-medium\" src=\"https:\/\/reto.cn\/bildo\/cina\/esperantologio\/esperanta-literaturo\/artikolo-36\/bildo-2.png\" width=\"240\" height=\"347\" \/><\/p>\n<p><img decoding=\"async\" loading=\"lazy\" class=\"alignnone size-medium aligncenter\" src=\"https:\/\/reto.cn\/bildo\/cina\/esperantologio\/esperanta-literaturo\/artikolo-36\/bildo-3.png\" width=\"240\" height=\"349\" \/><\/p>\n<p><img decoding=\"async\" loading=\"lazy\" class=\"size-medium aligncenter\" src=\"https:\/\/reto.cn\/bildo\/cina\/esperantologio\/esperanta-literaturo\/artikolo-36\/bildo-4.png\" width=\"240\" height=\"358\" \/><\/p>\n<p>1981\u5e74\uff0c\u4ed6\u7528\u4e16\u754c\u8bed\u5199\u7684\u77ed\u7bc7\u5c0f\u8bf4\u7ed3\u96c6\u4e3a\u300a\u7b2c\u4e5d\u9891\u9053\u300b\uff08La na\u016da kanalo\uff09\u7531\u5308\u7259\u5229\u4e16\u534f\uff08HEA\uff09\u51fa\u7248\uff0c\u6536\u5165\u957f\u77ed\u4e0d\u4e00\u7684\u5c0f\u8bf4\u4e09\u5341\u4e00\u7bc7\uff0c\u8fd9\u662f\u4ed6\u5c0f\u8bd5\u725b\u5200\u30021982\u5e74\uff0c\u957f\u7bc7\u5c0f\u8bf4\u300a\u5173\u95ed\u4e4b\u57ce\u300b\uff08La fermata urbo\uff09\u51fa\u7248\u4e86\uff0c\u8fd9\u662f\u4e00\u672c\u79d1\u5e7b\u9898\u6750\u7684\u4f5c\u54c1\uff0c\u4f5c\u8005\u8bb2\u6545\u4e8b\u7684\u6280\u5de7\u548c\u8bed\u8a00\u7684\u901a\u7545\uff0c\u5f88\u80fd\u5f15\u8d77\u8bfb\u8005\u7684\u9605\u8bfb\u5174\u8da3\u3002<\/p>\n<p>\u7d27\u63a5\u7740\uff0c1983\u5e74\u51fa\u7248\u4e86\u4e24\u90e8\u5c0f\u8bf4\uff1a\u300a\u76f2\u9e1f\u300b\uff08La blinda birdo\uff09\u548c\u300a\u5728\u575a\u786c\u7684\u7530\u91ce\u4e0a\u300b\uff08Sur kampo granita \uff09\uff1b1984\u5e74\u4e5f\u662f\u51fa\u7248\u4e86\u4e24\u90e8\u5c0f\u8bf4\uff1a\u300a\u72c2\u70ed\u300b\uff08Febro\uff09\u548c\u300a\u5c71\u300b\uff08La monto\uff09\uff0c\u300a\u72c2\u70ed\u300b\u5199\u7684\u662f\u4e00\u4e2a\u64a9\u4eba\u7684\u7231\u60c5\u6545\u4e8b\u30021985\u5e74\u5c0f\u8bf4\u300a\u6c34\u4e0a\u9ad8\u5904\u300b\uff08La alta akvo\uff09\u51fa\u7248\uff1b1987\u5e74\u4e24\u90e8\uff1a\u300a\u53bb\u5bfb\u6211\u7684\u68a6\u300b\uff08Ser\u0109u mian son\u011don\uff09\u548c\u300a\u82d4\u62c9\u300b\uff08Terra\uff09\uff1b1988\u5e74\u4e24\u90e8\uff1a\u300a\u4f60\u540c\u6211\u4eec\u5728\u4e00\u8d77\u7684\u65f6\u5019\u300b\uff08Dum vi estis kun ni \uff09\uff0c\u300a\u6d3b\u7740\u5371\u9669\u300b\uff08Vivi estas dan\u011dere\uff09\uff1b1989\u5e74\u300a\u4f60\u53ea\u80fd\u6b7b\u4e24\u56de\u300b\uff08Vi povas morti nur dufoje \uff09\u51fa\u7248\uff1b1992\u5e74\u4e5f\u662f\u4e24\u672c\uff1a\u957f\u7bc7\u5c0f\u8bf4\u300a\u591c\u61d2\u6563\u5730\u8fc7\u53bb\u300b\uff08Pigre pasas la nokto\uff09\u548c\u77ed\u7bc7\u96c6\u300a\u6211\u7684\u82b1\u56ed\u7d20\u63cf\u300b\uff08Krokize de mia \u011dardeno \uff09\uff1b1994\u5e74\u51fa\u7248\u4e86\u957f\u7bc7\u300a\u86c7\u7a74\u300b\uff08Nesto de viperoj\uff09\uff1b1997\u5e74\u51fa\u7248\u4e86\u53e6\u4e00\u4e2a\u77ed\u7bc7\u96c6\u300a\u60c5\u8bdd\u300b\uff08Amparolo \uff09\uff1b1999\u5e74\u51fa\u7248\u957f\u7bc7\u5c0f\u8bf4\u300a\u53bb\u627e\uff0c\u4f60\u5c31\u80fd\u627e\u5230\u300b\uff08Ser\u0109u, kaj vi trovos\uff09\uff1b2001\u5e74\u51fa\u7248\u4e86\u300a\u8bbf\u95ee\u5730\u7403\u300b\uff08Vizito sur la Teron\uff09\uff1b2002\u5e74\u957f\u7bc7\u5c0f\u8bf4\u300a\u6c89\u9ed8\u5728\u547c\u558a\u300b\uff08Krias la silento \uff09\u51fa\u7248\uff1b2008\u5e74\u51fa\u7248\u4e86\u300a\u7ef4\u65af\u739b\u5c14\u300b\uff08Vismar\uff09\uff1b2009\u5e74\u4e24\u90e8\uff1a\u957f\u7bc7\u5c0f\u8bf4\u300a\u8036\u838e\u300b\uff08Jesa\uff09\u548c\u300a\u4e95\u91cc\u7684\u86c7\u300b\uff08Serpentoj en la puto\uff09\u3002\u603b\u5171\u5341\u4e5d\u672c\u957f\u7bc7\u5c0f\u8bf4\u548c\u4e09\u672c\u77ed\u7bc7\u5c0f\u8bf4\u96c6\uff01<\/p>\n<p><img decoding=\"async\" loading=\"lazy\" class=\"aligncenter size-medium\" src=\"https:\/\/reto.cn\/bildo\/cina\/esperantologio\/esperanta-literaturo\/artikolo-36\/bildo-5.png\" width=\"240\" height=\"341\" \/><\/p>\n<p><img decoding=\"async\" loading=\"lazy\" class=\" aligncenter\" src=\"https:\/\/reto.cn\/bildo\/cina\/esperantologio\/esperanta-literaturo\/artikolo-36\/bildo-6.png\" width=\"240\" height=\"374\" \/><\/p>\n<p><img decoding=\"async\" loading=\"lazy\" class=\"aligncenter size-medium\" src=\"https:\/\/reto.cn\/bildo\/cina\/esperantologio\/esperanta-literaturo\/artikolo-36\/bildo-7.png\" width=\"240\" height=\"345\" \/><\/p>\n<p>\u4e30\u5bcc\u7684\u4eba\u751f\u9605\u5386\u548c\u654f\u9510\u7684\u89c2\u5bdf\u80fd\u529b\uff0c\u662f\u5948\u9ea6\u83b1\u521b\u4f5c\u53d6\u4e4b\u4e0d\u5c3d\u7684\u6e90\u6cc9\u3002\u4ed6\u5c0f\u8bf4\u4f5c\u54c1\u7684\u9898\u6750\u662f\u591a\u65b9\u9762\u7684\uff0c\u65e2\u6709\u53cd\u5e94\u73b0\u5b9e\u793e\u4f1a\uff0c\u5982\u300a\u6c34\u4e0a\u9ad8\u5904\u300b\u662f\u5199\u56fd\u5bb6\u4fee\u5efa\u6c34\u7535\u7ad9\uff0c\u5fc5\u5b9a\u8981\u628a\u6574\u4e2a\u6751\u5e84\u64a4\u79bb\uff1b\u300a\u53bb\u5bfb\u6211\u7684\u68a6\u300b\u5199\u7684\u662f\u4e9a\u7f8e\u5c3c\u4e9a\u67d0\u4e2a\u7ec4\u7ec7\u7684\u4eba\u51fa\u4e8e\u6c11\u65cf\u4e3b\u4e49\u52a8\u673a\u8981\u8c0b\u5bb3\u51fa\u8bbf\u7684\u571f\u8033\u5176\u603b\u7edf\uff1b\u300a\u5728\u575a\u786c\u7684\u7530\u91ce\u4e0a\u300b\u5199\u4e00\u540d\u7eb3\u7cb9\u519b\u5b98\uff0c\u9003\u907f\u4e86\u6218\u540e\u7684\u60e9\u7f5a\uff0c\u56de\u5230\u6218\u65f6\u4ed6\u9a7b\u5b88\u7684\u6751\u5e84\u8981\u8868\u793a\u5fcf\u6094\u2014\u2014\u8fd9\u672c\u5c0f\u8bf4\u4f7f\u4f5c\u8005\u4f3c\u4e4e\u6210\u4e86\u9884\u8a00\u5bb6\uff08profeto\uff09\uff0c\u9884\u793a\u4e86\u66fe\u4efb\u8054\u5408\u56fd\u5b98\u5458\u7684\u74e6\u5c14\u5fb7\u6d77\u59c6\u7684\u7eb3\u7cb9\u519b\u5b98\u8eab\u4efd\u5c06\u88ab\u63ed\u7a7f\uff1b\u4e5f\u6709\u79d1\u5e7b\u6545\u4e8b\u3001\u7231\u60c5\u6545\u4e8b\u548c\u53cd\u601d\u5386\u53f2\u7684\u6545\u4e8b\u3002\u957f\u7bc7\u5c0f\u8bf4\u300a\u8036\u838e\u300b\u5c31\u662f\u5199\u8036\u7a23\u590d\u6d3b\uff0c\u91cd\u56de\u4eba\u95f4\uff0c\u4f46\u8fd9\u6b21\u4ed6\u662f\u4ee5\u5973\u6027\u73b0\u8eab\uff0c\u8be5\u7ed9\u4eba\u7c7b\u5e26\u6765\u4ec0\u4e48\u6837\u7684\u798f\u97f3\uff1f\u4ed6\u4f5c\u54c1\u7684\u4e3b\u65cb\u5f8b\u8fd8\u662f\u4ee5\u81ea\u7531\u4e3b\u4e49\u8005\u7684\uff0c\u4ece\u666e\u901a\u4eba\u7684\uff0c\u800c\u4e0d\u662f\u77e5\u8bc6\u5206\u5b50\u7684\u89d2\u5ea6\u51fa\u53d1\uff0c\u5c0a\u91cd\u57fa\u672c\u7684\u4f20\u7edf\u4ef7\u503c\uff0c\u6765\u5f18\u626c\u4eba\u9053\u4e3b\u4e49\u3002<\/p>\n<p>\u5948\u9ea6\u83b1\u7684\u8bed\u8a00\u8fd0\u7528\uff0c\u6309\u7167\u5580\u739b\u5947\u7684\u8bc4\u4ef7\u8bf4\u4ed6\u662f\u201c\u4e2d\u89c4\u4e2d\u77e9\u7684\u7ecf\u5178\u4f5c\u5bb6\u201d\uff08normala klasikulo\uff09\uff0c\u201c\u4ed6\u662f\u7528\u6b63\u786e\u3001\u6e05\u6670\u3001\u827a\u672f\u7684\u8bed\u8a00\u6765\u5199\u4f5c\uff0c\u53ef\u662f\u6ca1\u6709\u5448\u73b0\u51fa\u6700\u9ad8\u7684\u4eba\u7684\u6216\u827a\u672f\u7684\u4ef7\u503c\uff1b\u8fd9\u79cd\u7ecf\u5178\u4e3b\u4e49\u6587\u98ce\u5728\u9002\u5e94\u4e3b\u9898\u7684\u81ea\u7136\u7684\u5f62\u5f0f\u91cc\uff0c\u8bf4\u51fa\u4e86\u4e00\u5207\u5e94\u8be5\u8bf4\u7684\u3002\u201d\uff08li verkas en \u011dusta, klara kaj arta lingvo, sed sen prezenti plej altajn homajn a\u016d artajn valorojn; tia \u0109i klasikismo diras \u0109ion direndan en natura formo adekvata al la temo\u2026\uff09\u2475 \u5948\u9ea6\u83b1\u7b14\u4e0b\u7684\u4e16\u754c\u8bed\u662f\u6d41\u7545\u3001\u7b80\u6d01\u7684\uff0c\u6ca1\u6709\u4ec0\u4e48\u201c\u65b0\u8bcd\u201d\uff08neologismoj\uff09\uff0c\u4e5f\u6ca1\u6709\u522b\u626d\u7684\u8bed\u6cd5\u624b\u6bb5\u3002\u7531\u4e8e\u4ed6\u7684\u4e66\u6545\u4e8b\u6709\u8da3\uff0c\u8bed\u8a00\u6d41\u7545\uff0c\u6210\u4e3a\u4e16\u754c\u8bed\u6587\u5b66\u91cc\u7684\u7545\u9500\u4e66\u3002\u6211\u624b\u91cc\u7684\u300a\u6c89\u9ed8\u5728\u547c\u558a\u300b\uff08Krias la silento\uff09\uff0c\u300a\u591c\u61d2\u6563\u5730\u8fc7\u53bb\u300b\uff08Pigre pasas la nokto\uff09\u7b49\uff0c\u90fd\u662f\u518d\u7248\u4e66\u3002\u4ed6\u5728\u4e16\u754c\u8bed\u6587\u5b66\u91cc\u521b\u9020\u4e86\u4e00\u4e2a\u8bb0\u5f55\uff1a\u662f\u6700\u591a\u4ea7\u7684\u7545\u9500\u4e66\u4f5c\u5bb6\uff01<\/p>\n<p>\u4ed6\u53e6\u4e00\u9879\u8bb0\u5f55\u662f\uff0c\u4ed6\u7528\u6bcd\u8bed\u2014\u2014\u5308\u7259\u5229\u8bed\u521b\u4f5c\u4e86\u4e8c\u767e\u591a\u90e8\u5c0f\u8bf4\uff0c\u4e5f\u662f\u5308\u7259\u5229\u6587\u5b66\u91cc\u6700\u591a\u4ea7\u7684\u4f5c\u5bb6\u3002\u4e00\u822c\u6765\u8bf4\uff0c\u4f5c\u5bb6\u5355\u9760\u7a3f\u8d39\u662f\u5f88\u96be\u7ef4\u6301\u751f\u8ba1\u7684\uff0c\u53ef\u662f\u4ed6\u5c31\u9760\u5199\u4f5c\u7684\u6536\u5165\uff0c\u6765\u517b\u5bb6\u7cca\u53e3\uff0c\u800c\u4e14\u66fe\u662f\u516b\u53e3\u4e4b\u5bb6\uff01<\/p>\n<p>2015-09-14\uff0c\u5927\u5e86<\/p>\n<p>\u2474 Georgo Kama\u0109o: Originalaj romanoj en Esp-o: panoramo kaj perspektivo, Fonto, n-ro 110, feb. 1990, p. 7<br \/>\n\u2475 same \u2474<\/p>\n<p><a href=\"https:\/\/reto.cn\/php\/hanyu\/esperantologio\/esperanta-literaturo\/artikolo-35\">\u4e0a\u4e00\u7bc7<\/a> <a href=\"https:\/\/reto.cn\/php\/hanyu\/esperantologio\/esperanta-literaturo\/artikolo-35\">\u4e0b\u4e00\u7bc7<\/a><\/p>\n<p><a href=\"https:\/\/reto.cn\/php\/hanyu\/esperantologio\/esperanta-literaturo\/\">\u8fd4\u56de\u4e16\u754c\u8bed\u6587\u5b66\u7410\u8bdd<\/a><\/p>\n","protected":false},"excerpt":{"rendered":"<p>\u6700\u6d41\u884c\u7684\u4e16\u754c\u8bed\u5c0f\u8bf4\u4f5c\u5bb6\u5948\u9ea6\u83b1 1989\u5e74\u56fd\u9645\u4e16\u754c\u8bed\u534f\u4f1a\u4e3e\u529e\u7684\u201c\u6587\u827a\u7ade\u8d5b\u201d\uff08Belarta Konkurso d\u2026 <span class=\"read-more\"><a href=\"https:\/\/reto.cn\/php\/hanyu\/esperantologio\/esperanta-literaturo\/artikolo-36\/\">\u7ee7\u7eed\u9605\u8bfb Legi pli &raquo;<\/a><\/span><\/p>\n","protected":false},"author":1,"featured_media":0,"parent":11795,"menu_order":0,"comment_status":"open","ping_status":"closed","template":"","meta":{"footnotes":""},"_links":{"self":[{"href":"https:\/\/reto.cn\/php\/hanyu\/wp-json\/wp\/v2\/pages\/11850"}],"collection":[{"href":"https:\/\/reto.cn\/php\/hanyu\/wp-json\/wp\/v2\/pages"}],"about":[{"href":"https:\/\/reto.cn\/php\/hanyu\/wp-json\/wp\/v2\/types\/page"}],"author":[{"embeddable":true,"href":"https:\/\/reto.cn\/php\/hanyu\/wp-json\/wp\/v2\/users\/1"}],"replies":[{"embeddable":true,"href":"https:\/\/reto.cn\/php\/hanyu\/wp-json\/wp\/v2\/comments?post=11850"}],"version-history":[{"count":0,"href":"https:\/\/reto.cn\/php\/hanyu\/wp-json\/wp\/v2\/pages\/11850\/revisions"}],"up":[{"embeddable":true,"href":"https:\/\/reto.cn\/php\/hanyu\/wp-json\/wp\/v2\/pages\/11795"}],"wp:attachment":[{"href":"https:\/\/reto.cn\/php\/hanyu\/wp-json\/wp\/v2\/media?parent=11850"}],"curies":[{"name":"wp","href":"https:\/\/api.w.org\/{rel}","templated":true}]}}