{"id":11851,"date":"2022-06-04T23:58:24","date_gmt":"2022-06-04T15:58:24","guid":{"rendered":"https:\/\/reto.cn\/php\/hanyu\/esperantologio\/esperanta-literaturo\/artikolo-1-2-34\/"},"modified":"2022-06-12T15:40:56","modified_gmt":"2022-06-12T07:40:56","slug":"artikolo-37","status":"publish","type":"page","link":"https:\/\/reto.cn\/php\/hanyu\/esperantologio\/esperanta-literaturo\/artikolo-37\/","title":{"rendered":"\u4e16\u754c\u8bed\u6587\u5b66\u7410\u8bdd"},"content":{"rendered":"<h3>\u5982\u540c\u5f57\u661f\u7a81\u7136\u95ea\u4eae\u5728\u6587\u575b\u4e0a\u7684\u65af\u68af\u5c14<\/h3>\n<p>\u4e0a\u4e2a\u4e16\u7eaa\u516b\u5341\u5e74\u4ee3\uff0c\u662f\u4e16\u754c\u8bed\u6587\u5b66\u4e00\u4e2a\u8f89\u714c\u7684\u65f6\u671f\uff0c\u5c0f\u8bf4\u521b\u4f5c\u9886\u57df\u7855\u679c\u7d2f\u7d2f\u30021987\u5e74\u7279\u6765\u6c83\u00b7\u65af\u68af\u5c14\uff08Trevor Steele\uff09\u7684\u957f\u7bc7\u5c0f\u8bf4\u300a\u4ec5\u4ec5\u662f\u7247\u6bb5\u300b\uff08\u00a0Sed nur fragmento\uff09\u7531\u5df4\u897f\u7684\u201c\u6e90\u6cc9\u201d\uff08Fonto\uff09\u51fa\u7248\u793e\u51fa\u7248\uff0c\u4f0a\u65af\u7279\u4e07\u00b7\u827e\u7279\u5c14\uff08Istvan Ertl\uff09\u5728\u4ed6\u5199\u7684\u4e66\u8bc4\u91cc\u8bf4\uff1a\u201c\u5c3d\u7ba1\u6fb3\u5927\u5229\u4e9a\u7684\u7279\u6765\u6c83\u00b7\u65af\u68af\u5c14\u4f5c\u4e3a\u8bc4\u8bba\u4f5c\u8005\u548c\u6587\u5316\u6d3b\u52a8\u5bb6\u4ee5\u5f57\u661f\u822c\u7684\u7a81\u7136\u6765\u5230\u6211\u4eec\u7684\u6587\u575b\uff0c\u5df2\u7ecf\u88ab\u6211\u4eec\u719f\u6089\uff0c\u7136\u800c\u8fd9\u9897\u5f57\u661f\u957f\u65f6\u95f4\u88ab\u5ffd\u89c6\uff0c\u56e0\u4e3a\u90a3\u90e8\u91cd\u5927\u7684\uff0c\u58ee\u89c2\u7684\u5c0f\u8bf4\u300a\u4ec5\u4ec5\u662f\u7247\u6bb5\u300b\u665a\u4e86\u51e0\u5e74\u624d\u9762\u5411\u516c\u4f17\u3002\u201d\uff08Malgra\u016d jama konateco kiel recenzanto kaj kultura aganto, la a\u016dstraliano Trevor Steele (1940- ) alvenis kun kometa subiteco en nian beletron. Tamen, la kometo restis longe nerimarkata, \u0109ar lia granda kaj grandioza romano\u00a0Sed nur fragmento\u00a0(1987, 448 p) atingis la publikon kun plurjara malfruo.\uff09\u2474<\/p>\n<div style=\"width: 250px\" class=\"wp-caption aligncenter\"><img decoding=\"async\" loading=\"lazy\" src=\"https:\/\/reto.cn\/bildo\/cina\/esperantologio\/esperanta-literaturo\/artikolo-37\/bildo-1.png\" alt=\"\" width=\"240\" height=\"329\" \/><p class=\"wp-caption-text\">Trevor Steele (1940- )<\/p><\/div>\n<p>\u7279\u6765\u6c83\u00b7\u65af\u68af\u5c141940\u5e74\u51fa\u751f\u5728\u6fb3\u5927\u5229\u4e9a\u7684Mareeba\uff0c\u4ed6\u662f\u4e2d\u5b66\u7684\u5fb7\u8bed\u3001\u5386\u53f2\u6559\u5e08\u3002\u4e0a\u4e2a\u4e16\u7eaa\u516d\u5341\u5e74\u4ee3\u5728\u5fb7\u56fd\u3001\u82f1\u56fd\u3001\u897f\u73ed\u7259\u5de5\u4f5c\u8fc7\uff0c\u4e5d\u5341\u5e74\u4ee3\u5728\u4e1c\u6b27\u3002\u4ed61970\u5e74\u5b66\u4f1a\u4e16\u754c\u8bed\u540e\uff0c\u79ef\u6781\u53c2\u52a0\u4e16\u754c\u8bed\u8fd0\u52a8\uff0c\u7ecf\u5e38\u7ed9Esperanto, Fonto, Monato\u7b49\u6742\u5fd7\u4f9b\u7a3f\uff0c\u5728\u4e16\u754c\u5404\u5730\u6559\u6388\u4e16\u754c\u8bed\uff0c1995\u5e74\u6211\u5728\u5e7f\u5dde\u540c\u4ed6\u89c1\u8fc7\u4e00\u9762\uff0c\u90a3\u65f6\u4ed6\u5728\u9999\u6e2f\uff0c\u5e26\u7740\u51e0\u4f4d\u5fb7\u56fd\u5728\u6e2f\u516c\u53f8\u5de5\u4f5c\u7684\u59d1\u5a18\u6765\u5e7f\u5dde\u65c5\u6e38\uff0c\u5979\u4eec\u5c31\u662f\u4ed6\u7684\u4e16\u754c\u8bed\u8bb2\u4e60\u73ed\u5b66\u5458\u3002\u4ed6\u66fe\u5728\u56fd\u9645\u4e16\u534f\u603b\u90e8\uff08CO de UEA\uff09\u5de5\u4f5c\u8fc7\uff082002-2004\uff09\uff0c\u662f\u4e16\u754c\u8bed\u5b66\u9662\u9662\u58eb\u3002<\/p>\n<p>\u4ed6\u5728\u4e16\u754c\u8bed\u6587\u5b66\u9886\u57df\uff0c\u4e00\u51fa\u624b\u5c31\u4e0d\u540c\u51e1\u54cd\u3002\u4ed6\u7684\u5c0f\u8bf4\u521b\u4f5c\uff0c\u9898\u6750\u5e7f\u6cdb\uff0c\u4ed6\u662f\u4ece\u5386\u53f2\u5b66\u8005\u7684\u89d2\u5ea6\u6765\u5199\u5c0f\u8bf4\uff0c\u6709\u7684\u8bc4\u8bba\u8005\u8bf4\u4ed6\u7ed9\u4e16\u754c\u8bed\u6587\u5b66\uff08beletro\uff09\u5e26\u6765\u4e86\u201c\u8c6a\u534e\u201d\uff08luksa\u0135o\uff09\u3002<\/p>\n<p><img decoding=\"async\" loading=\"lazy\" class=\"aligncenter size-medium\" src=\"https:\/\/reto.cn\/bildo\/cina\/esperantologio\/esperanta-literaturo\/artikolo-37\/bildo-2.png\" width=\"240\" height=\"349\" \/><\/p>\n<p>\u300a\u4ec5\u4ec5\u662f\u7247\u6bb5\u300b\u5199\u7684\u662f\u5341\u4e5d\u4e16\u7eaa\u4e0b\u534a\u53f6\uff0c\u4fc4\u56fd\u79d1\u5b66\u5bb6\u739b\u79d1\u6797\uff08Maklin\uff09\u5230\u65b0\u51e0\u5185\u4e9a\uff08Nov-Gvineo\uff09\u8fdb\u884c\u79d1\u5b66\u8003\u5bdf\uff0c\u540c\u5f53\u5730\u571f\u8457\u5c45\u6c11\u63a5\u89e6\uff0c\u4f7f\u4ed6\u7684\u767d\u79cd\u4eba\u6587\u660e\u4f18\u8d8a\u611f\u52a8\u6447\u8d77\u6765\u3002\u540e\u6765\u4ed6\u5728\u6fb3\u5927\u5229\u4e9a\u4e00\u6240\u5927\u5b66\u4efb\u6559\uff0c\u7231\u4e0a\u4e86\u7f8e\u4e3d\u806a\u6167\u7684\u6606\u58eb\u5170\u5dde\u603b\u7763\u7684\u5973\u513f\u3002\u91cd\u8fd4\u65b0\u51e0\u5185\u4e9a\u540e\uff0c\u4ed6\u5e87\u62a4\u571f\u8457\u6c11\u7684\u670b\u53cb\u2026\u2026 \u8fd9\u90e8\u5c0f\u8bf4\u662f\u4ee5\u4fc4\u56fd\u4eba\u79cd\u5b66\u5bb6Miklu\u0125o-Maklej\u7684\u7ecf\u5386\u4e3a\u7d20\u6750\u5199\u6210\u7684\uff0c\u4f46\u4ed6\u662f\u7528\u73b0\u4ee3\u4eba\u7684\u773c\u5149\u6765\u5ba1\u89c6\u5386\u53f2\uff0c\u6ca1\u6709\u4eba\u79cd\u95f4\u7684\u6587\u5316\u5dee\u5f02\u504f\u89c1\u3002<\/p>\n<p><img decoding=\"async\" loading=\"lazy\" class=\"aligncenter \" src=\"https:\/\/reto.cn\/bildo\/cina\/esperantologio\/esperanta-literaturo\/artikolo-37\/bildo-3.png\" width=\"254\" height=\"373\" \/><\/p>\n<p>\u4ed6\u7684\u521b\u4f5c\u6fc0\u60c5\u4e00\u53d1\u800c\u4e0d\u53ef\u6536\u62fe\uff0c\u77ed\u7bc7\u5c0f\u8bf4\u96c6\u300a\u8bb0\u5fc6\u4e0e\u9057\u5fd8\u300b\uff08Memori kaj forgesi\uff091992\u5e74\u51fa\u7248\uff0c\u63cf\u7ed8\u7684\u662f\u4f5c\u8005\u7ae5\u5e74\u5728\u6fb3\u5927\u5229\u4e9a\u751f\u6d3b\u7684\u9c9c\u6d3b\u591a\u5f69\u753b\u9762\u30021994\u5e74\u4ed6\u7684\u957f\u7bc7\u5c0f\u8bf4\u300a\u4f2f\u5c14\u6839-\u4f2f\u5c14\u68ee\u51e0\u4e4e\u6ca1\u6709\u8774\u8776\u300b\uff08Apena\u016d papilioj en Bergen-Belsen\uff09\u7531\u7ef4\u4e5f\u7eb3\u7684Pro Esp-o\u51fa\u7248\u793e\u51fa\u7248\uff0c\u662f\u5199\u4e00\u4f4d\u82f1\u56fd\u9752\u5e74\u793e\u4f1a\u5de5\u4f5c\u8005\uff0c\u4e0a\u4e2a\u4e16\u7eaa\u516d\u5341\u5e74\u4ee3\u5728\u5fb7\u56fd\u4e00\u5bb6\u5b89\u7f6e\u6218\u540e\u9017\u7559\u6218\u4fd8\u7684\u673a\u6784\u91cc\u5de5\u4f5c\u7684\u6545\u4e8b\u30022000\u5e74\u4ed6\u8fd8\u7528\u8fd9\u4e2a\u9898\u6750\uff0c\u5199\u6210\u4e00\u672c\u6587\u732e\u5f0f\u7684\u957f\u7bc7\u300a\u6ca1\u6709\u4efb\u4f55\u8774\u8776\u300b\uff08Neniu ajn papilio\uff09\u7bc7\u5e45\u6bd4\u300a\u4f2f\u5c14\u6839-\u4f2f\u5c14\u68ee\u51e0\u4e4e\u6ca1\u6709\u8774\u8776\u300b\u589e\u52a0\u4e86\u8fd1\u4e00\u500d\uff08\u4e09\u767e\u56db\u5341\u591a\u9875\uff09\u30021997\u5e74\u51fa\u7248\u4e86\u300a\u5899\u5728\u5012\u6389\u300b\uff08Falantaj muroj\uff09\uff0c\u662f\u5199\u4ed6\u5728\u6b27\u6d32\u51e0\u4e2a\u56fd\u5bb6\u6e38\u5386\u7684\u6545\u4e8b\u3002\u53e6\u4e00\u672c\u77ed\u7bc7\u96c6\u300a\u6fb3\u5927\u5229\u4e9a\u7684\u83f2\u5229\u514b\u65af\u300b\uff08A\u016dstralia Felix\uff09\u51fa\u7248\u4e8e1999\u5e74\u3002<\/p>\n<p>2001\u5e74\uff0c\u7ef4\u4e5f\u7eb3\u7684IEM\uff08\u56fd\u9645\u4e16\u754c\u8bed\u535a\u7269\u9986\uff09\u51fa\u7248\u4e86\u4ed6\u7684\u957f\u7bc7\u5c0f\u8bf4\u300a\u7167\u7247\u7c3f\u300b\uff08La fotoalbumo, volumo I.\u00a0\uff09\u7b2c\u4e00\u5377\uff0c\u5199\u7684\u662f\u6fb3\u5927\u5229\u4e9a\u5317\u90e8\u4e00\u4e2a\u6709\u4e03\u4e2a\u5b69\u5b50\u7684\u5bb6\u5ead\u7684\u6545\u4e8b\uff0c\u7b2c\u4e8c\u5377\uff08La fotoalbumo, volumo II.\uff092005\u5e74\u51fa\u7248\uff0c\u4f5c\u8005\u53ef\u80fd\u6709\u610f\u5199\u6210\u7f16\u5e74\u53f2\u4e00\u6837\u7684\u5de8\u8457\uff0c\u901a\u8fc7\u4e00\u4e2a\u6b27\u6d32\u79fb\u6c11\u5bb6\u5ead\u4e09\u4ee3\u4eba\u7684\u7ecf\u5386\uff0c\u7ed9\u8bfb\u8005\u5c55\u793a\u6fb3\u5927\u5229\u4e9a\u793e\u4f1a\u6f14\u8fdb\u7684\u5386\u7a0b\u30022006\u5e74\u5c0f\u8bf4\u300a\u4f1a\u7ad9\u5f97\u5f88\u9ad8\u300b\uff08Kaj staros tre alte\u00a0\uff09\u51fa\u7248\u3002<\/p>\n<p><img decoding=\"async\" loading=\"lazy\" class=\"aligncenter \" src=\"https:\/\/reto.cn\/bildo\/cina\/esperantologio\/esperanta-literaturo\/artikolo-37\/bildo-4.png\" width=\"208\" height=\"325\" \/><\/p>\n<p><img decoding=\"async\" loading=\"lazy\" class=\" aligncenter\" src=\"https:\/\/reto.cn\/bildo\/cina\/esperantologio\/esperanta-literaturo\/artikolo-37\/bildo-5.png\" width=\"208\" height=\"324\" \/><\/p>\n<p><img decoding=\"async\" loading=\"lazy\" class=\" aligncenter\" src=\"https:\/\/reto.cn\/bildo\/cina\/esperantologio\/esperanta-literaturo\/artikolo-37\/bildo-6.png\" width=\"209\" height=\"334\" \/><\/p>\n<p>2009\u5e74\uff0c\u4ed6\u7684\u5c0f\u8bf4\u300a\u4f3c\u4e4e\u4e00\u5207\u53d6\u51b3\u4e8e\u6211\u300b\uff08Kvaza\u016d \u0109io dependus de mi\uff09\u7531\u5b89\u7279\u536b\u666e\u7684FEL\uff08Flandra Esp-Ligo\uff09\u51fa\u7248\uff0c\u5c0f\u8bf4\u4ee5\u4e00\u4f4d\u9003\u4ea1\u5230\u6fb3\u5927\u5229\u4e9a\u7684\uff0c\u53cd\u7eb3\u7cb9\u7684\u5fb7\u56fd\u8bb0\u8005\u7684\u7ecf\u5386\u4e3a\u7d20\u6750\uff0c\u63cf\u7ed8\u5e0c\u7279\u52d2\u4e0a\u53f0\u524d\u540e\u5fb7\u56fd\u7684\u793e\u4f1a\u753b\u9762\uff0c\u4e66\u4e2d\u63cf\u5199\u4e0a\u53f0\u524d\u7684\u201c\u5143\u9996\u201d\u795e\u7ecf\u8d28\u52a8\u4f5c\u7684\u573a\u9762\uff0c\u5f88\u751f\u52a8\u5230\u4f4d\u30022010\u5e74FEL\u51fa\u7248\u4e86\u4ed6\u7684\u957f\u7bc7\u300a\u540c\u767d\u9e66\u9e49\u4e00\u8d77\u98de\u300b\uff08Flugi kun kakatuoj\uff09\u662f\u5199\u5341\u4e5d\u4e16\u7eaa\u6b27\u6d32\u4eba\u5230\u6fb3\u5927\u5229\u4e9a\u6b96\u6c11\uff0c\u5ffd\u89c6\u5f53\u5730\u571f\u8457\u5c45\u6c11\u7684\u6587\u5316\u548c\u6743\u529b\u3002FEL\u57282012\u5e74\u51fa\u7248\u4e86\u4ed6\u5199\u6fb3\u5927\u5229\u4e9a\u5854\u65af\u739b\u5c3c\u5c9b\u4e0a\u571f\u8457\u6c11 (aborigenoj) \u5728\u6b27\u6d32\u4eba\u6b96\u6c11\u5730\u751f\u6d3b\u73b0\u72b6\u7684\u5c0f\u8bf4\u300a\u88ab\u5077\u8d70\u7684\u5929\u5802\u300b\uff08Paradizo \u015dtelita\uff09\u3002\u4f5c\u8005\u662f\u4ee5\u5386\u53f2\u5b66\u8005\u7684\u773c\u5149\u6765\u5ba1\u89c6\u8fd9\u4e00\u5386\u53f2\u4e8b\u4ef6\uff1agenocido\uff08\u79cd\u65cf\u706d\u7edd\uff09\uff1f\u00a0\u4f5c\u5bb6\u6124\u6012\u5730\u9762\u5bf9\u5f53\u5c40\u7684\u6b96\u6c11\u653f\u7b56\u53d1\u51fa\u4eba\u6027\u7684\u547c\u558a\u3002<\/p>\n<p>\u897f\u73ed\u7259\u7684\u4e16\u754c\u8bed\u4f5c\u5bb6\u7c73\u53e4\u827e\u5c14\u00b7\u8d39\u5c14\u5357\u5fb7\u5179\uff08Miguel Fern\u00e1ndez\uff09\u5bf9\u65af\u8482\u5c14\u521b\u4f5c\u7684\u8bc4\u4ef7\u5f88\u4e2d\u80af\uff0c\u4ed6\u8bf4\uff1a\u201c\u6211\u4eec\u7684\u65af\u8482\u5c14\u77e5\u9053\u5982\u4f55\u8bb2\u8ff0\u4ed6\u6240\u6709\u7684\u4e1c\u897f\u3002\u4ed6\u662f\u5e76\u4e0d\u5e73\u9759\u7684\u4ecb\u5165\u8005\uff0c\u7231\u751f\u547d\u3001\u5149\u660e\u3001\u6b63\u4e49\u3001\u4eba\u4ee5\u53ca\u4eba\u7684\u73af\u5883\u2026\u2026\uff0c\u4ed6\u6309\u7167\u4e16\u754c\u7684\u957f\u5ea6\u548c\u5bbd\u5ea6\u7ecf\u5386\u4e86\u8bb8\u591a\u3002\u800c\u8fd9\u5176\u5b9e\u5c31\u662f\u771f\u5b9e\uff0c\u591a\u9762\u7684\u771f\u5b9e\u6295\u5c04\u5230\u6587\u5b66\u7684\u955c\u5934\u4e0a\uff0c\u9976\u6709\u8da3\u5473\u7684\u8bdd\u8bed\u3001\u4e3a\u4e86\u51f8\u663e\u7279\u6b8a\u7fa4\u4f53\u7279\u5f81\u7684\uff0c\u6070\u5f53\u7684\u65b9\u8a00\u8868\u8fbe\u3001\u7f8e\u5999\u7684\u58f0\u54cd\u548c\u96be\u4ee5\u8fbe\u5230\u7684\u7b80\u6734\uff0c\u4ece\u4ed6\u73b2\u73d1\u5254\u900f\u7684\u7b14\u7aef\u6d41\u6ea2\u51fa\u6765\u2026\u2026\u201d\uff08Nia Steele havas\u00a0kion\u00a0kaj scipovas\u00a0kiel\u00a0rakonti. Li, malkvieta enga\u011di\u011dinto, amanto de la vivo, de la lumo, de la justo, de la homo kaj ties cirkonstancoj&#8230;, multon traspertis la\u016dlonge kaj la\u016dlar\u011de de la mondo. Kaj tio, nome vero, plurfaceta vero projekciita sur literaturan planon, emanas el liaj kristalklaraj elpluma\u0135oj, abundaj je sukaj parolturnoj, je dialektaj esprimformoj oportunaj por karakterizi specifajn kolektivojn, je belaj sonoroj kaj malfacile atingebla simplo&#8230;\uff09\u2475<\/p>\n<p>\u65af\u8482\u5c14\u73b0\u5c45\u6fb3\u5927\u5229\u4e9a\uff0c\u5e0c\u671b\u8fd8\u80fd\u8bfb\u5230\u4ed6\u7684\u65b0\u4f5c\u3002<\/p>\n<p>2015-09-21\uff0c\u5927\u5e86<\/p>\n<p>\u2474 Istvan Ertl: Trevor Steele, Esperanto, n-ro novembro 1996<br \/>\n\u2475 Miguel Fern\u00e1ndez: Luksa\u0135o por la E-literaturo, Esperanto, 2001, el Retejo OEL<\/p>\n<p><a href=\"https:\/\/reto.cn\/php\/hanyu\/esperantologio\/esperanta-literaturo\/artikolo-36\">\u4e0a\u4e00\u7bc7<\/a> <a href=\"https:\/\/reto.cn\/php\/hanyu\/esperantologio\/esperanta-literaturo\/artikolo-38\">\u4e0b\u4e00\u7bc7<\/a><\/p>\n<p><a href=\"https:\/\/reto.cn\/php\/hanyu\/esperantologio\/esperanta-literaturo\/\">\u8fd4\u56de\u4e16\u754c\u8bed\u6587\u5b66\u7410\u8bdd<\/a><\/p>\n","protected":false},"excerpt":{"rendered":"<p>\u5982\u540c\u5f57\u661f\u7a81\u7136\u95ea\u4eae\u5728\u6587\u575b\u4e0a\u7684\u65af\u68af\u5c14 \u4e0a\u4e2a\u4e16\u7eaa\u516b\u5341\u5e74\u4ee3\uff0c\u662f\u4e16\u754c\u8bed\u6587\u5b66\u4e00\u4e2a\u8f89\u714c\u7684\u65f6\u671f\uff0c\u5c0f\u8bf4\u521b\u4f5c\u9886\u57df\u7855\u679c\u7d2f\u7d2f\u30021987\u2026 <span class=\"read-more\"><a href=\"https:\/\/reto.cn\/php\/hanyu\/esperantologio\/esperanta-literaturo\/artikolo-37\/\">\u7ee7\u7eed\u9605\u8bfb Legi pli &raquo;<\/a><\/span><\/p>\n","protected":false},"author":1,"featured_media":0,"parent":11795,"menu_order":0,"comment_status":"open","ping_status":"closed","template":"","meta":{"footnotes":""},"_links":{"self":[{"href":"https:\/\/reto.cn\/php\/hanyu\/wp-json\/wp\/v2\/pages\/11851"}],"collection":[{"href":"https:\/\/reto.cn\/php\/hanyu\/wp-json\/wp\/v2\/pages"}],"about":[{"href":"https:\/\/reto.cn\/php\/hanyu\/wp-json\/wp\/v2\/types\/page"}],"author":[{"embeddable":true,"href":"https:\/\/reto.cn\/php\/hanyu\/wp-json\/wp\/v2\/users\/1"}],"replies":[{"embeddable":true,"href":"https:\/\/reto.cn\/php\/hanyu\/wp-json\/wp\/v2\/comments?post=11851"}],"version-history":[{"count":0,"href":"https:\/\/reto.cn\/php\/hanyu\/wp-json\/wp\/v2\/pages\/11851\/revisions"}],"up":[{"embeddable":true,"href":"https:\/\/reto.cn\/php\/hanyu\/wp-json\/wp\/v2\/pages\/11795"}],"wp:attachment":[{"href":"https:\/\/reto.cn\/php\/hanyu\/wp-json\/wp\/v2\/media?parent=11851"}],"curies":[{"name":"wp","href":"https:\/\/api.w.org\/{rel}","templated":true}]}}