{"id":12087,"date":"2022-06-13T23:39:18","date_gmt":"2022-06-13T15:39:18","guid":{"rendered":"https:\/\/reto.cn\/php\/hanyu\/?page_id=12087"},"modified":"2022-06-22T16:05:00","modified_gmt":"2022-06-22T08:05:00","slug":"deklaracio-pri-esperantismo","status":"publish","type":"page","link":"https:\/\/reto.cn\/php\/hanyu\/esperantologio\/deklaracio-pri-esperantismo\/","title":{"rendered":"\u4e16\u754c\u8bed\u4e3b\u4e49\u5ba3\u8a00 \/ \u5e03\u4f26\u5ba3\u8a00 Deklaracio pri Esperantismo \/ Bulonja Deklaracio"},"content":{"rendered":"<h2>\u4e16\u754c\u8bed\u4e3b\u4e49\u5ba3\u8a00 \/ \u5e03\u4f26\u5ba3\u8a00<\/h2>\n<h2>Deklaracio pri Esperantismo \/ Bulonja Deklaracio<\/h2>\n<p>\u56e0\u4e3a\u8bb8\u591a\u4eba\u5bf9\u4e8e\u4e16\u754c\u8bed\u4e3b\u4e49\u7684\u5b9e\u8d28\u8fd8\u6709\u4e00\u79cd\u5f88\u4e0d\u6b63\u786e\u7684\u770b\u6cd5\uff0c\u56e0\u6b64\uff0c\u6211\u4eec\u8fd9\u4e9b\u7b7e\u540d\u8005\uff0c\u2014\u2014\u6765\u81ea\u5404\u56fd\u7684\u4e16\u754c\u8bed\u4e3b\u4e49\u7684\u4ee3\u8868\u4eec\uff0c\u5728\u5e03\u4f26\u53ec\u5f00\u4e86\u201c\u56fd\u9645\u4e16\u754c\u8bed\u8005\u5927\u4f1a\u201d\uff0c\u5e76\u6839\u636e\u4e16\u754c\u8bed\u521b\u9020\u8005\u7684\u63d0\u8bae\uff0c\u89c9\u5f97\u6709\u4f5c\u4e0b\u5217\u89e3\u91ca\u7684\u5fc5\u8981\uff1a<\/p>\n<p>\u0108ar pri la esenco de la Esperantismo multaj havas tre malveran ideon, tial ni subskribintoj, reprezentantoj de la Esperantismo en diversaj landoj de la mondo, kunvenintaj al la internacia kongreso Esperantista en Boulogne-sur-Mer, trovis necesa la\u016d la propono de la a\u016dtoro de la lingvo Esperanto doni la sekvantan klarigon:<\/p>\n<p>1\u3001\u4e16\u754c\u8bed\u4e3b\u4e49\u5c31\u662f\u52aa\u529b\u5728\u5168\u4e16\u754c\u63a8\u5e7f\u4f7f\u7528\u4e2d\u7acb\u7684\u4eba\u7c7b\u8bed\u3002\u8fd9\u79cd\u8bed\u8a00\u201c\u5e76\u4e0d\u5e72\u6d89\u6c11\u65cf\u5185\u90e8\u751f\u6d3b\uff0c\u4e5f\u6beb\u65e0\u6392\u65a5\u73b0\u6709\u5404\u6c11\u65cf\u8bed\u7684\u76ee\u7684\u201d\u3002\u5b83\u5c06\u7ed9\u5404\u56fd\u4eba\u6c11\u4e92\u76f8\u4e86\u89e3\u7684\u53ef\u80fd\uff0c\u5c06\u5728\u4e0d\u540c\u6c11\u65cf\u5e38\u56e0\u8bed\u8a00\u95ee\u9898\u800c\u5f15\u8d77\u7ea0\u7eb7\u7684\u56fd\u5bb6\u4e2d\uff0c\u4f5c\u4e3a\u516c\u5171\u673a\u5173\u7684\u4e00\u79cd\u7f13\u51b2\u8bed\uff0c\u800c\u4e14\u4eba\u4eec\u8fd8\u80fd\u7528\u5b83\u51fa\u7248\u4e00\u5207\u6c11\u65cf\u90fd\u611f\u5174\u8da3\u7684\u8457\u4f5c\u3002\u4efb\u4f55\u4e00\u4e2a\u4e16\u754c\u8bed\u8005\uff0c\u5982\u679c\u8981\u628a\u81ea\u5df1\u7684\u67d0\u79cd\u60f3\u6cd5\u6216\u5e0c\u671b\u4e0e\u4e16\u754c\u8bed\u4e3b\u4e49\u8054\u7cfb\u8d77\u6765\uff0c\u90a3\u7eaf\u7cb9\u662f\u4ed6\u4e2a\u4eba\u7684\u79c1\u4e8b\uff0c\u4e16\u754c\u8bed\u4e3b\u4e49\u5bf9\u6b64\u4e0d\u8d1f\u8d23\u4efb\u3002<\/p>\n<p>1. La Esperantismo estas penado disvastigi en la tuta mondo la uzadon de lingvo ne\u016dtrale homa, kiu &#8220;ne entrudante sin en la internan vivon de la popoloj kaj neniom celante elpu\u015di la ekzistantajn lingvojn naciajn&#8221;, donus al la homoj de malsamaj nacioj la eblon kompreni\u011dadi inter si, kiu povus servi kiel paciga lingvo de publikaj institucioj en tiuj landoj, kie diversaj nacioj batalas inter si pri la lingvo, kaj en kiu povus esti publikigataj tiuj verkoj, kiuj havas egalan intereson por \u0109iuj popoloj. \u0108iu alia ideo a\u016d espero, kiun tiu a\u016d alia Esperantisto ligas kun la Esperantismo, estos lia afero pure privata, por kiu la Esperantismo ne respondas.<\/p>\n<p>2\u3001\u56e0\u4e3a\u73b0\u5728\u5168\u4e16\u754c\u6ca1\u6709\u4e00\u4e2a\u7814\u7a76\u5de5\u4f5c\u8005\u4e0d\u627f\u8ba4\u56fd\u9645\u8bed\u53ea\u80fd\u662f\u4e00\u79cd\u4eba\u9020\u8bed\uff0c\u800c\u4e14\u5728\u8fc7\u53bb\u7684\u4e8c\u767e\u5e74\u4e2d\u6240\u8fdb\u884c\u7684\u8bb8\u591a\u8bd5\u9a8c\u4e2d\uff0c\u5927\u5bb6\u63d0\u51fa\u7684\u53ea\u662f\u7406\u8bba\u4e0a\u7684\u65b9\u6848\uff0c\u800c\u5b9e\u9645\u5b8c\u6210\u3001\u7ecf\u53d7\u4f4f\u79cd\u79cd\u8003\u9a8c\u3001\u5145\u6ee1\u4e86\u6d3b\u529b\u5e76\u4e14\u6700\u9002\u7528\u4e8e\u5404\u65b9\u9762\u7684\u8bed\u8a00\u5219\u53ea\u6709\u552f\u4e00\u7684\u8bed\u8a00\u2014\u2014\u4e16\u754c\u8bed\u3002\u56e0\u6b64\uff0c\u51e1\u662f\u6709\u56fd\u9645\u8bed\u7406\u60f3\u7684\u670b\u53cb\u4eec\uff0c\u90fd\u611f\u5230\u7406\u8bba\u4e0a\u7684\u4e89\u8bba\u5c06\u6beb\u65e0\u7ed3\u679c\uff0c\u53ea\u6709\u5b9e\u9645\u5de5\u4f5c\u624d\u80fd\u8fbe\u5230\u76ee\u6807\u3002\u5927\u5bb6\u65e9\u5df2\u56e2\u7ed3\u5728\u8fd9\u79cd\u552f\u4e00\u7684\u8bed\u8a00\u2014\u2014\u4e16\u754c\u8bed\u7684\u5468\u56f4\uff0c\u52aa\u529b\u63a8\u5e7f\u5b83\uff0c\u5e76\u4e14\u4e0d\u65ad\u4e30\u5bcc\u5b83\u7684\u6587\u5b66\u3002<\/p>\n<p>2. \u0108ar en la nuna tempo neniu esploranto en la tuta mondo jam dubas pri tio, ke lingvo internacia povas esti nur lingvo arta, kaj \u0109ar el \u0109iuj multegaj provoj, faritaj en la da\u016dro de la lastaj du centjaroj, \u0109iuj prezentas nur teoriajn projektojn, kaj lingvo efektive finita, \u0109iuflanke elprovita, perfekte vivipova kaj en \u0109iuj rilatoj pleje ta\u016dga montri\u011dis nur unu sola lingvo Esperanto, tial la amikoj de la ideo de lingvo internacia, konsciante ke teoria disputado kondukos al nenio kaj ke la celo povas esti atingata nur per laborado praktika, jam de longe \u0109iuj grupi\u011dis \u0109irka\u016d la sola lingvo Esperanto kaj laboras por \u011dia disvastigado kaj ri\u0109igado de \u011dia literaturo.<\/p>\n<p>3\u3001\u56e0\u4e3a\u4e16\u754c\u8bed\u7684\u4f5c\u8005\u4ece\u4e00\u5f00\u59cb\u5c31\u575a\u51b3\u653e\u5f03\u672c\u4eba\u5bf9\u8be5\u8bed\u8a00\u7684\u4efb\u4f55\u6743\u5229\u4e0e\u7279\u6743\uff0c\u6240\u4ee5\u4e16\u754c\u8bed\u65e0\u8bba\u5728\u7269\u8d28\u65b9\u9762\u6216\u7cbe\u795e\u65b9\u9762\u90fd\u201c\u4e0d\u662f\u4efb\u4f55\u4eba\u7684\u79c1\u4ea7\u201d\u3002<br \/>\n\u6574\u4e2a\u4e16\u754c\u5c31\u662f\u8fd9\u79cd\u8bed\u8a00\u7269\u8d28\u4e0a\u7684\u4e3b\u4eba\u3002\u65e0\u8bba\u4ec0\u4e48\u4eba\uff0c\u53ea\u8981\u4ed6\u613f\u610f\uff0c\u90fd\u53ef\u4ee5\u7528\u8fd9\u79cd\u8bed\u8a00\u51fa\u7248\u4efb\u4f55\u8457\u4f5c\uff0c\u5305\u62ec\u8bc4\u8bba\u8fd9\u79cd\u8bed\u8a00\u7684\u8457\u4f5c\uff0c\u4e5f\u53ef\u4ee5\u5229\u7528\u8fd9\u79cd\u8bed\u8a00\u4ee5\u8fbe\u5230\u5176\u5404\u79cd\u76ee\u7684\u3002\u800c\u7cbe\u795e\u4e0a\u7684\u4e3b\u4eba\u5219\u662f\u90a3\u4e9b\u88ab\u4e16\u754c\u8bed\u754c\u516c\u8ba4\u4e3a\u6700\u6770\u51fa\u3001\u6700\u6709\u624d\u534e\u7684\u4e16\u754c\u8bed\u4f5c\u5bb6\u3002<\/p>\n<p>3. \u0108ar la a\u016dtoro de la lingvo Esperanto tuj en la komenco rifuzis unu fojon por \u0109iam \u0109iujn personajn rajtojn kaj privilegiojn rilate tiun lingvon, tial Esperanto estas &#8220;nenies propra\u0135o&#8221;, nek en rilato materiala, nek en rilato morala.<br \/>\nMateriala mastro de tiu \u0109i lingvo estas la tuta mondo kaj \u0109iu deziranto povas eldonadi en a\u016d pri tiu \u0109i lingvo \u0109iajn verkojn, kiajn li deziras, kaj uzadi la lingvon por \u0109iaj eblaj celoj; kiel spiritaj mastroj de tiu \u0109i lingvo estos \u0109iam rigardataj tiuj personoj, kiuj de la mondo Esperantista estos konfesataj kiel la plej bonaj kaj plej talentaj verkistoj en tiu \u0109i lingvo.<\/p>\n<p>4\u3001\u4e16\u754c\u8bed\u6ca1\u6709\u4e2a\u4eba\u7684\u6743\u5a01\uff0c\u4e5f\u4e0d\u53d6\u51b3\u4e8e\u4efb\u4f55\u4e2a\u522b\u7684\u4eba\u3002\u4e16\u754c\u8bed\u521b\u9020\u8005\u7684\u4e00\u5207\u610f\u89c1\u548c\u8457\u4f5c\u6b63\u5982\u5176\u4ed6\u6bcf\u4e2a\u4e16\u754c\u8bed\u8005\u7684\u610f\u89c1\u548c\u8457\u4f5c\u4e00\u6837\uff0c\u5b8c\u5168\u662f\u201c\u4e2a\u4eba\u7684\u201d\uff0c\u7edd\u4e0d\u5f3a\u52a0\u4e8e\u5176\u4ed6\u4eba\u3002\u4e00\u5207\u4e16\u754c\u8bed\u8005\u90fd\u5fc5\u987b\u6c38\u8fdc\u63a5\u53d7\u7684\u4ec5\u4ec5\u662f\u4f5c\u4e3a\u4e16\u754c\u8bed\u57fa\u7840\u7684\u90a3\u4e2a\u5c0f\u518c\u5b50\u2014\u2014\u201c\u4e16\u754c\u8bed\u57fa\u7840\u201d\u3002\u5176\u5185\u5bb9\u4efb\u4f55\u4eba\u90fd\u4e0d\u5f97\u64c5\u81ea\u66f4\u6539\uff08\u90a3\u6015\u662f\u7ec6\u5c0f\u7684\u53d8\u52a8\uff09\u3002\u5982\u679c\u6709\u4eba\u8fdd\u53cd\u4e86\u8be5\u4e66\u4e2d\u6240\u5217\u4e3e\u7684\u89c4\u5219\u548c\u8303\u5f0f\uff0c\u6c38\u8fdc\u4e0d\u8bb8\u4ed6\u62ff\u201c\u8fd9\u662f\u4e16\u754c\u8bed\u521b\u9020\u8005\u7684\u610f\u89c1\u6216\u5e0c\u671b\u201d\u8fd9\u53e5\u8bdd\u6765\u4e3a\u81ea\u5df1\u8fa9\u89e3\u3002\u51e1\u662f\u5728\u201c\u4e16\u754c\u8bed\u57fa\u7840\u201d\u4e2d\u627e\u4e0d\u5230\u9002\u5f53\u8868\u73b0\u5f62\u5f0f\u7684\u6bcf\u4e00\u79cd\u610f\u89c1\uff0c\u6bcf\u4e2a\u4e16\u754c\u8bed\u8005\u90fd\u6709\u6743\u5229\u8c61\u5bf9\u5f85\u5176\u4ed6\u8bed\u8a00\u4e00\u6837\u5730\u4ee5\u81ea\u5df1\u8ba4\u4e3a\u662f\u6700\u6070\u5f53\u7684\u65b9\u5f0f\u8868\u8fbe\u3002\u4f46\u662f\uff0c\u4e3a\u4e86\u4fdd\u6301\u8bed\u8a00\u7684\u7edf\u4e00\u6027\uff0c\u5e94\u8be5\u52c9\u52b1\u6bcf\u4e00\u4e2a\u4e16\u754c\u8bed\u8005\u5c3d\u53ef\u80fd\u5730\u6a21\u4eff\u8be5\u8bed\u521b\u9020\u8005\u7684\u8457\u4f5c\u4e2d\u7684\u6587\u4f53\u3002\u56e0\u4e3a\u8be5\u521b\u9020\u8005\u6bd5\u7adf\u4e3a\u4e16\u754c\u8bed\u548c\u7528\u4e16\u754c\u8bed\u505a\u4e86\u4e0d\u5c11\u5de5\u4f5c\uff0c\u5bf9\u5176\u7cbe\u795e\u4e5f\u4e86\u89e3\u5f97\u6700\u6df1\u523b\u3002<\/p>\n<p>4. Esperanto havas neniun personan le\u011ddonanton kaj dependas de neniu aparta homo. \u0108iuj opinioj kaj verkoj de la kreinto de Esperanto havas, simile al la opinioj kaj verkoj de \u0109iu alia Esperantisto, karakteron absolute privatan kaj por neniu devigan. La sola unu fojon por \u0109iam deviga por \u0109iuj Esperantistoj fundamento de la lingvo Esperanto estas la verketo &#8220;Fundamento de Esperanto&#8221;, en kiu neniu havas la rajton fari \u015dan\u011don. Se iu deklini\u011das de la reguloj kaj modeloj donitaj en la dirita verko, li neniam povas pravigi sin per la vortoj &#8220;tiel deziras a\u016d konsilas la a\u016dtoro de Esperanto&#8221;. \u0108iun ideon, kiu ne povas esti oportune esprimita per tiu materialo, kiu trovi\u011das en la &#8220;Fundamento de Esperanto&#8221;, \u0109iu Esperantisto havas la rajton esprimi en tia maniero, kiun li trovas la plej \u011dusta, tiel same, kiel estas farate en \u0109iu alia lingvo. Sed pro plena unueco de la lingvo al \u0109iuj Esperantistoj estas rekomendate imitadi kiel eble plej multe tiun stilon, kiu trovi\u011das en la verko de la kreinto de Esperanto, kiu la plej multe laboris por kaj en Esperanto kaj la plej bone konas \u011dian spiriton.<\/p>\n<p>5\u3001\u51e1\u662f\u61c2\u5f97\u5e76\u4f7f\u7528\u4e16\u754c\u8bed\u7684\u4eba\uff0c\u4e0d\u8bba\u5176\u4f7f\u7528\u7684\u76ee\u7684\u5982\u4f55\uff0c\u5747\u53ef\u79f0\u4e3a\u4e16\u754c\u8bed\u8005\u3002\u53ef\u4ee5\u9f13\u52b1\uff0c\u4f46\u4e0d\u80fd\u5f3a\u8feb\u4e16\u754c\u8bed\u8005\u52a0\u5165\u67d0\u79cd\u4e16\u754c\u8bed\u8005\u56e2\u4f53\u3002<\/p>\n<p>5. Esperantisto estas nomata \u0109iu persono, kiu scias kaj uzas la lingvon Esperanto tute egale por kiaj celoj li \u011din uzas. Apartenado al ia aktiva societo Esperantista por \u0109iu Esperantisto estas rekomendinda, sed ne deviga.<\/p>\n<p>\u7ffb\u8bd1\uff1a\u795d\u660e\u4e49<br \/>\nTradukis <em>Zhu Mingyi<\/em><\/p>\n<p><a href=\"https:\/\/reto.cn\/php\/hanyu\/esperantologio\">reveni al rubriko Esperantologio<br \/>\n\u8fd4\u56de\u4e16\u754c\u8bed\u7814\u7a76\u680f\u76ee\u76ee\u5f55<\/a><\/p>\n","protected":false},"excerpt":{"rendered":"<p>\u4e16\u754c\u8bed\u4e3b\u4e49\u5ba3\u8a00 \/ \u5e03\u4f26\u5ba3\u8a00 Deklaracio pri Esperantismo \/ Bulonja De\u2026 <span class=\"read-more\"><a href=\"https:\/\/reto.cn\/php\/hanyu\/esperantologio\/deklaracio-pri-esperantismo\/\">\u7ee7\u7eed\u9605\u8bfb Legi pli &raquo;<\/a><\/span><\/p>\n","protected":false},"author":1,"featured_media":0,"parent":3204,"menu_order":0,"comment_status":"open","ping_status":"closed","template":"","meta":{"footnotes":""},"_links":{"self":[{"href":"https:\/\/reto.cn\/php\/hanyu\/wp-json\/wp\/v2\/pages\/12087"}],"collection":[{"href":"https:\/\/reto.cn\/php\/hanyu\/wp-json\/wp\/v2\/pages"}],"about":[{"href":"https:\/\/reto.cn\/php\/hanyu\/wp-json\/wp\/v2\/types\/page"}],"author":[{"embeddable":true,"href":"https:\/\/reto.cn\/php\/hanyu\/wp-json\/wp\/v2\/users\/1"}],"replies":[{"embeddable":true,"href":"https:\/\/reto.cn\/php\/hanyu\/wp-json\/wp\/v2\/comments?post=12087"}],"version-history":[{"count":0,"href":"https:\/\/reto.cn\/php\/hanyu\/wp-json\/wp\/v2\/pages\/12087\/revisions"}],"up":[{"embeddable":true,"href":"https:\/\/reto.cn\/php\/hanyu\/wp-json\/wp\/v2\/pages\/3204"}],"wp:attachment":[{"href":"https:\/\/reto.cn\/php\/hanyu\/wp-json\/wp\/v2\/media?parent=12087"}],"curies":[{"name":"wp","href":"https:\/\/api.w.org\/{rel}","templated":true}]}}