{"id":12969,"date":"2022-11-13T10:35:43","date_gmt":"2022-11-13T02:35:43","guid":{"rendered":"https:\/\/reto.cn\/php\/hanyu\/?page_id=12969"},"modified":"2022-11-13T16:40:12","modified_gmt":"2022-11-13T08:40:12","slug":"2-2","status":"publish","type":"page","link":"https:\/\/reto.cn\/php\/hanyu\/lernado-de-esperanto\/gvidlibro-de-esperanta-konversacio\/2-2\/","title":{"rendered":"\u4e16\u754c\u8bed\u4f1a\u8bdd\u6307\u5357 2"},"content":{"rendered":"<h1 style=\"text-align: center;\"><b>2. Salutoj, Bondeziroj, Gratuloj \u95ee\u5019\uff0c\u795d\u798f\uff0c\u795d\u8d3a <\/b><\/h1>\n<p>Bonan matenon, kamarado!<\/p>\n<p>\u65e9\u5b89\uff0c\u540c\u5fd7\uff01<\/p>\n<p>Bonan tagon, kamaradino!<\/p>\n<p>\u65e5\u5b89\uff0c\uff08\u5973\uff09\u540c\u5fd7\uff01<\/p>\n<p>Bonan vesperon, sinjoro Ma!<\/p>\n<p>\u665a\u5b89\uff0c\u9a6c\u5148\u751f\uff01<\/p>\n<p>Bonan nokton, fra\u016dlino Su!<\/p>\n<p>\u665a\u5b89\uff0c\u82cf\u5c0f\u59d0\uff01<\/p>\n<p>Salunton!<\/p>\n<p>\u4f60\u597d\uff01<\/p>\n<p>Feli\u0109an Novjaron!<\/p>\n<p>\u65b0\u5e74\u597d\uff01<\/p>\n<p>\u011cojan Printempan Feston!<\/p>\n<p>\u6625\u8282\u5feb\u4e50\uff01<\/p>\n<p>Agrablan ekskurson!<\/p>\n<p>\u795d\u90ca\u6e38\u6109\u5feb\uff01<\/p>\n<p>Bonan voja\u011don!<\/p>\n<p>\u4e00\u8def\u5e73\u5b89\uff01<\/p>\n<p>Korajn bondezirojn!<\/p>\n<p>\u8877\u5fc3\u795d\u613f\u60a8\u597d\uff01<\/p>\n<p>\u0108ion bonan!<\/p>\n<p>\u4e07\u4e8b\u5982\u610f\uff01<\/p>\n<p>Plenan sukceson al via kongreso!<\/p>\n<p>\u795d\u4f60\u4eec\u7684\u5927\u4f1a\u5706\u6ee1\u6210\u529f\uff01<\/p>\n<p>Brilajn sukcesojn en via laboro!<\/p>\n<p>\u795d\u4f60\u4eec\u7684\u5de5\u4f5c\u53d6\u5f97\u8f89\u714c\u6210\u5c31\uff01<\/p>\n<p>Rapidan progreson!<\/p>\n<p>\u795d\u4f60\u8fc5\u901f\u8fdb\u6b65\uff01<\/p>\n<p>Pacon kaj feli\u0109on al vi \u0109iuj!<\/p>\n<p>\u795d\u4f60\u4eec\u5927\u5bb6\u548c\u5e73\u5e78\u798f\uff01<\/p>\n<p>Bonan apetiton!<\/p>\n<p>\u795d\u60a8\u80c3\u53e3\u597d\uff01<\/p>\n<p>Balda\u016dan resani\u011don!<\/p>\n<p>\u613f\u60a8\u65e9\u65e5\u5eb7\u590d\uff01<\/p>\n<p>\u011cojon kaj feli\u0109on!<\/p>\n<p>\u795d\u60a8\u5feb\u4e50\u5e78\u798f\uff01<\/p>\n<p>Fortan sanon!<\/p>\n<p>\u795d\u60a8\u5065\u5eb7\uff01<\/p>\n<p>Korajn gratulojn!<\/p>\n<p>\u8877\u5fc3\u795d\u8d3a\u4f60\uff08\u4eec\uff09\uff01<\/p>\n<p>Transdonu miajn varmajn gratulojn al via frato pro lia \u0109ampioni\u011do!<\/p>\n<p>\u8bf7\u4ee3\u6211\u70ed\u70c8\u795d\u8d3a\u4f60\u54e5\u54e5\u5f97\u4e86\u51a0\u519b\uff01<\/p>\n<p>Mirinde vi ludis! Gratulon!<\/p>\n<p>\u60a8\u8868\u6f14\u7684\u597d\u6781\u4e86\uff01\u795d\u8d3a\u60a8\uff01<\/p>\n<p>Ni drinku pro la amikeco inter niaj popoloj.<\/p>\n<p>\u8ba9\u6211\u4eec\u4e3a\u6211\u4eec\u4e24\u56fd\u4eba\u6c11\u7684\u53cb\u8c0a\u5e72\u676f\uff01<\/p>\n<p>Ni tostu por la solidareco inter niaj landoj!<\/p>\n<p>\u8ba9\u6211\u4eec\u4e3a\u6211\u4eec\u4e24\u56fd\u7684\u56e2\u7ed3\u5e72\u676f\uff01<\/p>\n<p>Bonan tagon, kamarado Sun! Kiel vi fartas?<\/p>\n<p>\u65e5\u5b89\uff0c\u5b59\u540c\u5fd7\uff01\u4f60\u597d\u5417\uff1f<\/p>\n<p>Tre bone. Dankon! Kaj vi?<\/p>\n<p>\u5f88\u597d\u3002\u8c22\u8c22\uff01\u4f60\u5462\uff1f<\/p>\n<p>Anka\u016d bone. Mi jam longe ne vidis vian patron. Kiel li fartas?<\/p>\n<p>\u6211\u4e5f\u597d\u3002\u597d\u4e45\u672a\u89c1\u4f60\u7236\u4eb2\u4e86\uff0c\u4ed6\u4e5f\u597d\u5417\uff1f<\/p>\n<p>Ne tiel bone kiel anta\u016de. Sed li ankora\u016d persiste laboras. Li e\u0109 inventis precizan mezurilon.<\/p>\n<p>\u4e0d\u53ca\u4ee5\u524d\u4e86\uff0c\u53ef\u662f\u4ed6\u4ecd\u5728\u575a\u6301\u5de5\u4f5c\u3002\u4ed6\u751a\u81f3\u8fd8\u53d1\u660e\u4e86\u4e00\u79cd\u7cbe\u5bc6\u7684\u91cf\u5177\u5462\u3002<\/p>\n<p>\u0108u vere? Gratulinde! Li anka\u016d bone zorgu sian sanon, por ke li pli multe faru por la patrolando.<\/p>\n<p>\u771f\u7684\u5417\uff1f\u771f\u503c\u5f97\u795d\u8d3a\u4ed6\uff01\u613f\u4ed6\u4e5f\u8981\u4fdd\u91cd\u8eab\u4f53\uff0c\u597d\u4e3a\u7956\u56fd\u4f5c\u66f4\u591a\u7684\u4e8b\u60c5\uff01<\/p>\n<p>Dankon! Kiel iras via fabriko?<\/p>\n<p>\u8c22\u8c22\uff01\u4f60\u4eec\u7684\u5de5\u5382\u600e\u6837\uff1f<\/p>\n<p>Renovi\u011dis la ekipa\u0135oj kaj teknologio. Pli kaj pli alti\u011das la laborproduktivo. Ni klopodos por plenumi la taskon anta\u016ddate.<\/p>\n<p>\u8bbe\u5907\u548c\u6280\u672f\u66f4\u65b0\u4e86\uff0c\u52b3\u52a8\u751f\u4ea7\u7387\u5728\u65e5\u76ca\u63d0\u9ad8\u3002\u6211\u4eec\u8981\u52aa\u529b\u4e89\u53d6\u63d0\u524d\u5b8c\u6210\u4efb\u52a1\u3002<\/p>\n<p>Vere \u011dojinda nova\u0135o! Brilan rezulton vi atingu!<\/p>\n<p>\u771f\u662f\u597d\u6d88\u606f\uff01\u795d\u4f60\u4eec\u53d6\u5f97\u5149\u8f89\u7684\u6210\u5c31\uff01<\/p>\n<p>Kiel statas via kultivejo?<\/p>\n<p>\u4f60\u4eec\u7684\u519c\u573a\u5982\u4f55\uff1f<\/p>\n<p>\u0108io iras glate.<\/p>\n<p>\u4e00\u5207\u987a\u5229\u3002<\/p>\n<p>Transdonu miajn bondezirojn al viaj familianoj kaj gekolegoj!<\/p>\n<p>\u8bf7\u4ee3\u8868\u6211\u795d\u613f\u4f60\u4eec\u5168\u5bb6\u548c\u540c\u4e8b\u4eec\u597d\uff01<\/p>\n<p>Korajn dankojn! Mi volonte tion fros. \u011cis la revido!<\/p>\n<p>\u8877\u5fc3\u611f\u8c22\uff01\u6211\u4e00\u5b9a\u7167\u529e\u3002\u518d\u89c1\u5427\uff01<\/p>\n<p>\u011cis la!<\/p>\n<p>\u518d\u89c1\uff01<\/p>\n<p>&nbsp;<\/p>\n<p><a href=\"https:\/\/reto.cn\/php\/hanyu\/gvidlibro-de-esperanta-konversacio\/1-2\/\">\u7b2c1\u8bfe<\/a>\u2003<a href=\"https:\/\/reto.cn\/php\/hanyu\/gvidlibro-de-esperanta-konversacio\/\">\u56de\u76ee\u5f55<\/a>\u2003<a href=\"https:\/\/reto.cn\/php\/hanyu\/gvidlibro-de-esperanta-konversacio\/3-2\/\">\u7b2c3\u8bfe<\/a><\/p>\n","protected":false},"excerpt":{"rendered":"<p>2. Salutoj, Bondeziroj, Gratuloj \u95ee\u5019\uff0c\u795d\u798f\uff0c\u795d\u8d3a Bonan matenon\u2026 <span class=\"read-more\"><a href=\"https:\/\/reto.cn\/php\/hanyu\/lernado-de-esperanto\/gvidlibro-de-esperanta-konversacio\/2-2\/\">\u7ee7\u7eed\u9605\u8bfb Legi pli &raquo;<\/a><\/span><\/p>\n","protected":false},"author":9,"featured_media":0,"parent":12966,"menu_order":2,"comment_status":"open","ping_status":"closed","template":"","meta":{"footnotes":""},"_links":{"self":[{"href":"https:\/\/reto.cn\/php\/hanyu\/wp-json\/wp\/v2\/pages\/12969"}],"collection":[{"href":"https:\/\/reto.cn\/php\/hanyu\/wp-json\/wp\/v2\/pages"}],"about":[{"href":"https:\/\/reto.cn\/php\/hanyu\/wp-json\/wp\/v2\/types\/page"}],"author":[{"embeddable":true,"href":"https:\/\/reto.cn\/php\/hanyu\/wp-json\/wp\/v2\/users\/9"}],"replies":[{"embeddable":true,"href":"https:\/\/reto.cn\/php\/hanyu\/wp-json\/wp\/v2\/comments?post=12969"}],"version-history":[{"count":0,"href":"https:\/\/reto.cn\/php\/hanyu\/wp-json\/wp\/v2\/pages\/12969\/revisions"}],"up":[{"embeddable":true,"href":"https:\/\/reto.cn\/php\/hanyu\/wp-json\/wp\/v2\/pages\/12966"}],"wp:attachment":[{"href":"https:\/\/reto.cn\/php\/hanyu\/wp-json\/wp\/v2\/media?parent=12969"}],"curies":[{"name":"wp","href":"https:\/\/api.w.org\/{rel}","templated":true}]}}