{"id":12973,"date":"2022-11-13T10:36:01","date_gmt":"2022-11-13T02:36:01","guid":{"rendered":"https:\/\/reto.cn\/php\/hanyu\/?page_id=12973"},"modified":"2022-11-13T16:58:50","modified_gmt":"2022-11-13T08:58:50","slug":"4-2","status":"publish","type":"page","link":"https:\/\/reto.cn\/php\/hanyu\/lernado-de-esperanto\/gvidlibro-de-esperanta-konversacio\/4-2\/","title":{"rendered":"\u4e16\u754c\u8bed\u4f1a\u8bdd\u6307\u5357 4"},"content":{"rendered":"<h1 style=\"text-align: center;\"><b>4. Profesioj, Okupoj <\/b><b>\u804c\u4e1a\uff0c\u804c\u52a1 <\/b><\/h1>\n<p>Kio vi estas?<\/p>\n<p>\u60a8\uff0c\u4ec0\u4e48\u5de5\u4f5c\uff1f<\/p>\n<p>\u0134urnalisto.<\/p>\n<p>\u65b0\u95fb\u8bb0\u8005\u3002<\/p>\n<p>Kio estas via okupo?<\/p>\n<p>\u60a8\u662f\u505a\u4ec0\u4e48\u7684\uff1f<\/p>\n<p>Edukado. Mi estas mezlerneja instruisto.<\/p>\n<p>\u6559\u80b2\u5de5\u4f5c\u3002\u6211\u662f\u4e2d\u5b66\u6559\u5458\u3002<\/p>\n<p>Kio estas via profesia laboro?<\/p>\n<p>\u60a8\u5e72\u54ea\u4e00\u884c\u5de5\u4f5c\uff1f<\/p>\n<p>Mi laboras kiel \u015dtatoficisto.<\/p>\n<p>\u6211\u662f\u516c\u52a1\u5458\u3002<\/p>\n<p>Kie vi laboras?<\/p>\n<p>\u60a8\u5728\u54ea\u513f\u5de5\u4f5c\uff1f<\/p>\n<p>Mi laboras en scienca instituto.<\/p>\n<p>\u6211\u5728\u4e00\u4e2a\u79d1\u5b66\u7814\u7a76\u6240\u5de5\u4f5c\u3002<\/p>\n<p>Do vi estas sciencisto?<\/p>\n<p>\u90a3\u4e48\u8bf4\u60a8\u662f\u79d1\u5b66\u5bb6\u4e86\uff1f<\/p>\n<p>Ne. Mi okupi\u011das pri administrado.<\/p>\n<p>\u4e0d\uff0c\u6211\u641e\u7684\u662f\u884c\u653f\uff08\u7ba1\u7406\uff09\u5de5\u4f5c\u3002<\/p>\n<p>\u0108u vi interesi\u011das anka\u016d pri sciencoj?<\/p>\n<p>\u60a8\u5bf9\u79d1\u5b66\u6709\u5174\u8da3\u5417\uff1f<\/p>\n<p>Jes, mi estas amatoro de radio kaj televizio.<\/p>\n<p>\u6709\uff0c\u6211\u662f\u65e0\u7ebf\u7535\u548c\u7535\u89c6\u7684\u4e1a\u4f59\u7231\u597d\u8005\u3002<\/p>\n<p>\u0108u trovi\u011das esperantistoj inter viaj kolegoj?<\/p>\n<p>\u60a8\u7684\u540c\u4e8b\u5f53\u4e2d\u6709\u4e16\u754c\u8bed\u8005\u5417\uff1f<\/p>\n<p>Jes, profesoro A estas tre fervora esperantisto.<\/p>\n<p>\u6709\uff0cA \u6559\u6388\u662f\u4e00\u4f4d\u70ed\u5fc3\u7684\u4e16\u754c\u8bed\u8005\u5462\u3002<\/p>\n<p>\u0108u Esperanto utilas al lia scienca laboro?<\/p>\n<p>\u4e16\u754c\u8bed\u6709\u52a9\u4e8e\u4ed6\u7684\u79d1\u5b66\u5de5\u4f5c\u5417\uff1f<\/p>\n<p>Jes, li korespondas kun eksterlandaj kolegoj kaj ricevis de ili multe da utilaj materialoj en naciaj lingvoj.<\/p>\n<p>\u662f\u7684\uff0c\u4ed6\u548c\u5916\u56fd\u7684\u540c\u884c\u4eec\u901a\u4fe1\uff0c\u5f97\u5230\u4e86\u8bb8\u591a\u6c11\u65cf\u8bed\u7684\u6709\u7528\u7684\u8d44\u6599\u3002<\/p>\n<p>\u0108u anka\u016d vi korespondas per Esperanto kun eksterlandanoj?<\/p>\n<p>\u60a8\u4e5f\u7528\u4e16\u754c\u8bed\u548c\u5916\u56fd\u4eba\u901a\u4fe1\u5417\uff1f<\/p>\n<p>Jes, kun radio-amatoroj. Kelkaj el ili multe min helpis en la \u015datokupo.<\/p>\n<p>\u662f\u7684\uff0c\u548c\u65e0\u7ebf\u7535\u4e1a\u4f59\u7231\u597d\u8005\u901a\u4fe1\u3002\u6709\u7684\u5bf9\u6211\u7684\u7231\u597d\u5e2e\u52a9\u5f88\u5927\u3002<\/p>\n<p>\u0108u vi legis la libron <i>Fine Mi Komprenis la Radion<\/i>?<\/p>\n<p>\u60a8\u8bfb\u8fc7\u300a\u6211\u7ec8\u4e8e\u61c2\u5f97\u4e86\u65e0\u7ebf\u7535\u300b\u8fd9\u672c\u4e66\u5417\uff1f<\/p>\n<p>Jes, \u011di estas tre bone skribita kaj tiu libro verkita en Esperanto estas tradukita en dek kelkajn lingvojn.<\/p>\n<p>\u8bfb\u8fc7\uff0c\u5b83\u5199\u5f97\u5f88\u597d\uff0c\u8fd9\u672c\u7528\u4e16\u754c\u8bed\u5199\u7684\u4e66\u5df2\u7ecf\u7ffb\u8bd1\u5341\u51e0\u79cd\u6587\u5b57\u3002<\/p>\n<p>\u0108u la verkinto estas profesia esperantisto?<\/p>\n<p>\u4e66\u7684\u4f5c\u8005\u662f\u804c\u4e1a\u4e16\u754c\u8bed\u8005\u5417\uff1f<\/p>\n<p>Ne, li estas scienca laboranto.<\/p>\n<p>\u4e0d\uff0c\u4ed6\u662f\u4e00\u4f4d\u79d1\u5b66\u5de5\u4f5c\u8005\u3002<\/p>\n<h2 style=\"text-align: center;\">\u5907\u7528\u8bcd\u8bed<\/h2>\n<p><b>A\uff0eIndustrio <\/b><b>\u5de5\u4e1a <\/b><\/p>\n<p>Laboristo \u5de5\u4eba\uff0ctornisto \u8f66\u5de5\uff0crabotisto \u5228\u5de5\uff0cmuldisto \u94f8\u5de5\uff0cstablolaboristo \u94b3\u5de5\uff0c\u015dtalfandisto \u70bc\u94a2\u5de5\u4eba\uff0claminatisto \u8f67\u94a2\u5de5\u4eba\uff0cvendisto \u7535\u710a\u5de5\uff0c\u6c14\u710a\u5de5\uff0clutisto \uff08\u7528\u710a\u9521\u710a\u63a5\u7684\uff09\u710a\u63a5\u5de5\uff0cmuntisto \u88c5\u914d\u5de5\uff0criparisto \u4fee\u7406\u5de5\uff0cfor\u011disto \u953b\u5de5\uff0c\u94c1\u5320\uff0chejtisto \u53f8\u7089\uff0cministo \u77ff\u5de5\uff0carganisto \u540a\u8f66\u5de5\u4eba\uff0celektristo \u7535\u5de5\uff0c\u015dpinistino \u7eba\u7eb1\u5973\u5de5\uff0cteksisto \u7ec7\u5e03\u5de5\u4eba\uff0cpresisto \u5370\u5237\u5de5\u4eba\uff0ckompostisto \u6392\u5b57\u5de5\u4eba\uff0cbindisto \u88c5\u8ba2\u5de5\u4eba\uff0ckemiindustria laboristo \u5316\u5de5\u5de5\u4eba\uff0ckonstruisto\u00a0\u5efa\u7b51\u5de5\u4eba\uff0cnasonisto \u6ce5\u6c34\u5320\uff0c\u74e6\u5320\uff0c\u0109arpentisto \u6728\u5320\uff0c\u6728\u5de5\uff0cligna\u0135isto \u7ec6\u6728\u5de5\uff0c\u5bb6\u5177\u5de5\u4eba\uff0cfervojisto \u94c1\u8def\u5de5\u4eba\uff0clokomotivisto \u706b\u8f66\u53f8\u673a\uff0c\u015doforo \u6c7d\u8f66\u53f8\u673a\uff0cpiloto \u5f15\u6c34\u5458\uff0c\u9886\u822a\u5458\uff0c\u98de\u673a\u9a7e\u9a76\u5458\uff0csignalisto \u4fe1\u53f7\u5458\uff0ckonduktoro \u4e58\u52a1\u5458\uff0ctramisto \u7535\u8f66\u53f8\u673a\uff0ctrolebusisto \u65e0\u8f68\u7535\u8f66\u53f8\u673a\uff0c\u015dar\u011disto \u88c5\u5378\u5de5\uff0cportisto \u642c\u8fd0\u5de5\uff0ctransportisto \u8fd0\u8f93\u5de5\u4eba\uff0cpo\u015dtoficisto \u6295\u9012\u5458\uff0ctelefonisto \u7535\u8bdd\u5458\uff0ctelegrafisto \u62a5\u52a1\u5458\uff0ctermezuristo \u6d4b\u91cf\u5458\uff0cteknikisto \u6280\u672f\u5458\uff0cin\u011deniero \u5de5\u7a0b\u5e08\uff0cfrezisto \u94e3\u5de5\uff0carkitekto \u5efa\u7b51\u5e08\uff0cdompentristo \u7c89\u5237\u5de5\u4eba\uff0c\u015dtonhakisto \u77f3\u5320\uff0cmetiisto \u624b\u827a\u4eba\uff0cokaklasa laboristo \u516b\u7ea7\u5de5\uff0cma\u015dindesegnisto \u5236\u56fe\u5458<\/p>\n<p><b>B<\/b><b>\uff0e<\/b><b>Agrikulturo, Bestobredado k.a. <\/b><b>\u519c\u7267\u4e1a <\/b><\/p>\n<p>kamparano \u519c\u6c11\uff0cterkulturisto \u519c\u592b\uff0ckampulo \u79cd\u7530\u4eba\uff0c\u011dardenisto \u56ed\u4e01\uff0ctraktoristo \u62d6\u62c9\u673a\u624b\uff0cbredisto \u9972\u517b\u5458\uff0cpa\u015dtisto \u7267\u6c11\uff0c\u015dafisto \u7f8a\u500c\uff0cmelkistino \u5973\u6324\u5976\u5458\uff0ckamplaboristo \u519c\u4e1a\u5de5\u4eba\uff0ckombajnisto \u5eb7\u62dc\u56e0\u624b\uff0cfi\u015disto \u6e14\u592b\uff0csemanto \u64ad\u79cd\u8005\uff0crikoltanto \u6536\u5272\u8005\uff0cgreftisto \u63a5\u79cd\u8005\uff0cagronomo \u519c\u5b66\u5bb6\uff0cforstisto \u6797\u4e1a\u5de5\u4eba\uff0cdirektoro de \u015dtata kultivejo \u56fd\u8425\u519c\u573a\u573a\u957f<\/p>\n<p><b>C<\/b><b>\uff0e<\/b><b>Komerco <\/b><b>\u5546\u4e1a <\/b><\/p>\n<p>komercisto \u5546\u4eba\uff0ckolportisto \u5c0f\u8d29\uff0c\u8d27\u90ce\uff0cbazarvendisto \u644a\u8d29\uff0cdetal(vend)isto \u96f6\u552e\u5546\uff0ceksponisto \u53eb\u5356\u5458\uff0cagento \u4ee3\u7406\uff0ckomizo \u5e97\u5458\uff0cvendisto \u552e\u8d27\u5458\uff0cbrokantisto \u5356\u65e7\u8d27\u7684\uff0ckontoristo \u8d26\u623f\u5148\u751f\uff0clibrotenisto \u7c3f\u8bb0\uff0ckontisto \u4f1a\u8ba1\uff0cspekulanto \u6295\u673a\u5546\uff0cborsisto \u8bc1\u5238\u4ea4\u6613\u5546\uff0cmakleristo \u7ecf\u7eaa\u4eba\uff0cperanto \u4e2d\u95f4\u5546\uff0ckontrabandisto \u8d70\u79c1\u72af<\/p>\n<p><b>\u0108<\/b><b>. KULTURO,SCIENCO, HIGIENO k.s. <\/b><b>\u6587\u5316\u3001\u79d1\u6280\u3001\u536b\u751f\u7b49 <\/b><\/p>\n<p>instruisto \u6559\u5e08\uff0cprofesoro \u6559\u6388\uff0casistanta profesoro \u52a9\u6559\uff0cdocento \u8bb2\u5e08\uff0crektoro \u5927\u5b66\u6821\u957f\uff0clernejestro \u6821\u957f\uff0cdekano \u4e3b\u4efb\u6559\u6388\uff0cfakultestro \u7cfb\u4e3b\u4efb\uff0clektoro \u4e2d\u5b66\u6559\u5e08\uff0c\u5927\u5b66\u6559\u5458\uff0csciencisto \u79d1\u5b66\u5bb6\uff0cfilozofo \u54f2\u5b66\u5bb6\uff0castronomo \u5929\u6587\u5b66\u5bb6\uff0cgeologo \u5730\u8d28\u5b66\u5bb6\uff0czoologo \u52a8\u7269\u5b66\u5bb6\uff0cbotanikisto \u690d\u7269\u5b66\u5bb6\uff0cbiologo \u751f\u7269\u5b66\u5bb6\uff0cmatematikisto \u6570\u5b66\u5bb6\uff0cfizikisto \u7269\u7406\u5b66\u5bb6\uff0ckemiisto \u5316\u5b66\u5bb6\uff0chistoriisto \u5386\u53f2\u5b66\u5bb6\uff0cgeografo \u5730\u7406\u5b66\u5bb6\uff0cpedagogo \u6559\u80b2\u5bb6\uff0cfilologo \u8bed\u8a00\u5b66\u5bb6\uff0carkeologo \u8003\u53e4\u5b66\u5bb6\uff0cmedicinisto \u533b\u5b66\u5bb6\uff0ckuracisto \u533b\u751f\uff0cdoktoro \u5927\u592b\uff0c\u533b\u5b66\u535a\u58eb\uff0c farmakologo \u836f\u5b66\u5bb6\uff0c okulisto (oftalmologo) \u773c\u79d1\u533b\u751f\uff0c dentisto \u7259\u79d1\u533b\u751f\uff0cotorinolaringologo \u773c\u8033\u9f3b\u5589\u79d1\u533b\u751f\uff0ckirurgo \u5916\u79d1\u533b\u751f\uff0cinternkuracisto \u5185\u79d1\u533b\u751f\uff0c\u0109inmedicina kuracisto \u4e2d\u533b\u5927\u592b\uff0capotekisto \u836f\u5242\u5e08\uff0cginekologo \u5987\u79d1\u5927\u592b\uff0cpediatro \u5c0f\u513f\u79d1\u5927\u592b\uff0caku\u015distino \u52a9\u4ea7\u58eb\uff0cflegistino \u62a4\u58eb\uff0caktoro \u6f14\u5458\uff0cdancistino \u821e\u5973\uff0ckantisto \u6b4c\u5531\u5bb6\uff0cdramisto \u620f\u5267\u5bb6\uff0cverkisto \u4f5c\u5bb6\uff0ca\u016dtoro \u4f5c\u8005\uff0cnovelisto \u77ed\u7bc7\u5c0f\u8bf4\u5bb6\uff0cromanisto \u957f\u7bc7\u5c0f\u8bf4\u5bb6\uff0cfabelisto \u7ae5\u8bdd\u5bb6\uff0ceseisto \u6563\u6587\u5bb6\uff0cpoeto \u8bd7\u4eba\uff0cliriko \u6292\u60c5\u8bd7\u4eba\uff0cpentristo \u753b\u5bb6\uff0ctradukisto \u7ffb\u8bd1\u5bb6\uff0cinterpretisto \u53e3\u8bed\u7ffb\u8bd1\uff0cmimikisto \u54d1\u5267\u6f14\u5458\uff0credaktoristo \u7f16\u8f91\uff0c\u0109efredaktoro \u603b\u7f16\uff0ckompilinto\u7f16\u8005\uff0cpoluristo \u6539\u7a3f\u4eba\uff0craportisto \u8bb0\u8005\uff0c\u0135urnalisto \u65b0\u95fb\u5de5\u4f5c\u8005\uff0ckompostisto \u6392\u5b57\u5de5\u4eba\uff0clinitipisto \u8d49\u8bfa\u6392\u94f8\u5de5\uff0cmonotipisto \u6469\u8bfa\u6392\u94f8\u5de5\uff0ckontrolisto de presprova\u0135o \u6821\u5bf9\u5458\uff0cspeciala korespondanto \u7279\u522b\u901a\u4fe1\u5458\uff0ckontribuanto \u6295\u7a3f\u4eba\uff0ccezuristo \u4e66\u520a\u68c0\u67e5\u5b98\uff0crecenzisto \u4e66\u520a\u8bc4\u8bba\u5bb6\uff0ckomentariisto \u6ce8\u91ca\u5bb6\uff0ckomponisto \u4f5c\u66f2\u5bb6\uff0ckoregrafo \u82ad\u857e\u821e\u8bbe\u8ba1\u5e08\uff0cpapertondisto \u526a\u7eb8\u827a\u4eba\uff0cportretisto \u8096\u50cf\u753b\u5bb6\uff0clignogravuristo \u6728\u523b\u5bb6\uff0cskulptisto \u96d5\u523b\u5bb6\uff0cscenaristo \u7535\u5f71\u5267\u4f5c\u5bb6\uff0cmodlisto \u96d5\u5851\u5bb6\uff0cviolonisto \u5c0f\u63d0\u7434\u5bb6\uff0cpianisto \u94a2\u7434\u5bb6\uff0canoncist(in)o \uff08\u5973\uff09\u62a5\u5e55\u5458\uff0cre\u011disoro \u821e\u53f0\u76d1\u7763\uff0cfotisto (fotografo) \u6444\u5f71\u5e08\uff0cakrobato \u6742\u6280\u6f14\u5458\uff0cmagiisto \u9b54\u672f\u5e08\uff0c\u0135onglisto \u800d\u628a\u620f\u7684\uff0chumuristo \u5e7d\u9ed8\u5bb6\uff0cbaletistino \u82ad\u857e\u5973\u6f14\u5458\uff0copera aktoro \u6b4c\u5267\u6f14\u5458\uff0chumordialogisto \u76f8\u58f0\u6f14\u5458\uff0colepentristo \u6cb9\u753b\u5bb6\uff0csportisto \u8fd0\u52a8\u5458\uff0ctablotenisisto \u4e52\u4e53\u7403\u8fd0\u52a8\u5458\uff0cgimnastikisto \u4f53\u64cd\u8fd0\u52a8\u5458\uff0cpiedpilkisto (futbalisto) \u8db3\u7403\u8fd0\u52a8\u5458\uff0cna\u011disto \u6e38\u6cf3\u8fd0\u52a8\u5458\uff0cmontgrimpisto \u767b\u5c71\u8fd0\u52a8\u5458\uff0cskiisto \u6ed1\u96ea\u8fd0\u52a8\u5458\uff0c\u015dakisto \u8c61\u68cb\u624b\uff0cvej\u0109iisto (goisto) \u56f4\u68cb\u624b\uff0cbri\u011disto \u6865\u724c\u624b\uff0cpafisto \u5c04\u51fb\u624b<\/p>\n<p><b>D<\/b><b>\uff0e<\/b><b>Metiaj Servoj <\/b><b>\u670d\u52a1\u4e1a <\/b><\/p>\n<p>kuiristo \u53a8\u5e08\uff0cbakisto \u9762\u5305\u5e08\uff0cbu\u0109isto \u5c60\u592b\uff0ctajloro \u88c1\u7f1d\uff0ctrikisto \u7f16\u7ec7\u5de5\u4eba\uff0cseruristo \u9501\u5320\uff0cpordisto \u770b\u95e8\u4eba\uff0cstevardio \u822a\u7a7a\u5c0f\u59d0\uff0ctriciklisto \u4e09\u8f6e\u8f66\u592b\uff0ctaksiisto \u51fa\u79df\u6c7d\u8f66\u53f8\u673a\uff0c\u015duisto\uff0cbotisto \u978b\u5320\uff0cbrodistino \u523a\u7ee3\u5973\u5de5\uff0chorlo\u011disto \u949f\u8868\u5320\uff0clada\u0135isto \u6d0b\u94c1\u5320\uff0cmeblisto \u6728\u5668\u5de5\u4eba\uff0ckelnero \u5802\u500c\u3001\u62db\u5f85\uff0cservistino \u5973\u4ec6\uff0cstratpurigisto \u6e05\u9053\u592b<\/p>\n<p><b>E<\/b><b>\uff0e<\/b><b>Militistoj kaj <\/b><b>\u015c<\/b><b>tatoficistoj <\/b><b>\u519b\u653f\u4eba\u5458 <\/b><\/p>\n<p>generalisimo \u5927\u5143\u5e05\u3001\u603b\u53f8\u4ee4\uff0cmar\u015dalo \u5143\u5e05\uff0carmeestro \u519b\u957f\uff0cdiviziestro \u5e08\u957f\uff0cbrigadestro \u65c5\u957f\uff0cregimentestro \u56e2\u957f\uff0cbatalionestro \u8425\u957f\uff0crotestro \u8fde\u957f\uff0cplotonestro \u6392\u957f\uff0csoldato \u58eb\u5175\uff0cgeneralo \u5c06\u519b\u3001\u4e0a\u5c06\uff0cle\u016dtenantgeneralo \u4e2d\u5c06\uff0cmajorgeneralo \u5c11\u5c06\uff0ckolonelo \u4e0a\u6821\uff0csubkolonelo \u4e2d\u6821\uff0cmajoro \u5c11\u6821\uff0ckapitano \u4e0a\u5c09\uff0cle\u016dtenanto \u4e2d\u5c09\uff0csuble\u016dtenanto \u5c11\u5c09\uff0cser\u011dento \u4e0a\u58eb\uff0ckaporalo \u4f0d\u957f\uff0cproviantisto \u519b\u9700\u4eba\u5458\uff0cadjutanto \u526f\u5b98\uff0coficiro \u519b\u5b98\uff0ckadeto \u58eb\u5b98\u751f\uff0cpolitika komisaro \u653f\u59d4\uff0ckomandanto \u53f8\u4ee4\u5b98\u3001\u6307\u6325\u5b98\uff0ckuriero \u4f20\u4ee4\u5175\uff0cspiono \u95f4\u8c0d\uff0cgardstaranto\uff08sentinelo\uff09\u5c97\u54e8\uff0cgvatisto \u4fa6\u5bdf\u5175\uff0crekruto \u65b0\u5175\uff0csapeisto \u5de5\u5175\uff0cbazukisto \u706b\u7bad\u70ae\u624b\uff0cartileriano \u70ae\u5175\uff0cinfanteriano \u6b65\u5175\uff0craketisto \u706b\u7bad\u624b\uff0ctankisto \u5766\u514b\u624b\uff0cpiloto \u98de\u884c\u5458\uff0chusaro \u8f7b\u9a91\u5175\uff0cradaristo \u96f7\u8fbe\u5175\uff0cprezidanto \u4e3b\u5e2d\uff0cprezidento \u603b\u7edf\uff0c\u0109efministro \u603b\u7406\u3001\u9996\u76f8\uff0cministro \u90e8\u957f\uff0curbestro \u5e02\u957f\uff0cprovincestro \u7701\u957f\uff0cguberniestro \u53bf\u957f\uff0cdistriktestro \u533a\u957f\uff0cprefekto \u77e5\u5e9c\uff0ckomitatano \u59d4\u5458\uff0c\u015dtatestro \u5143\u9996\uff0c\u4ecd\u4e8c\u662f\u6295\u5165\u54e6\u56fd\u5bb6\u5143\u9996\uff0cre\u011do \u56fd\u738b\uff0cimperiestro \u7687\u5e1d\uff0cregento \u6444\u653f\u738b\uff0cburoestro \u5c40\u957f\u3001\u5385\u957f\uff0csekciestro \u79d1\u957f\uff0ckadro\uff0c\u015dtatafunkciulo \u5e72\u90e8\uff0cskribisto \u6587\u4e66\uff0csekretario \u79d8\u4e66\uff0ctajpisto \u6253\u5b57\u5458\uff0coficisto \u804c\u5458\uff0cpopola reprezentanto \u4eba\u6c11\u4ee3\u8868<\/p>\n<p><b>F\uff0eReligio <\/b><b>\u5b97\u6559 <\/b><\/p>\n<p>bonzo \u548c\u5c1a\uff0cbonzino \u5c3c\u59d1\uff0cbik\u015duo \u4f5b\uff0cakolito \u6c99\u5f25\uff0cnovico \u65b0\u4fe1\u5f92\uff0cabato \u65b9\u4e08\u3001\u4fee\u9053\u9662\u9662\u957f\uff0clamao \u5587\u561b\uff0ctaoisto \u9053\u58eb\uff0cbudhisto\uff0cbudhano \u4f5b\u6559\u5f92\uff0cfakiro \u82e6\u884c\u50e7\uff0claiko \u4fd7\u4eba\uff0cpastro \u7267\u5e08\uff0cPatro \u795e\u7236\uff0cpapo \u6559\u7687\uff0cepikopo \u4e3b\u6559\uff0cmona\u0125ino \u4fee\u9053\u58eb\uff0ckristano \u57fa\u7763\u5f92\uff0ckatoliko \u5929\u4e3b\u6559\u5f92\uff0cmoslemo\uff08muzulmano\uff09\u7a46\u65af\u6797\uff0c\u56de\u6559\u5f92\uff0cimamo \u963f\u8a07<\/p>\n<p>&nbsp;<\/p>\n<p><a href=\"https:\/\/reto.cn\/php\/hanyu\/gvidlibro-de-esperanta-konversacio\/3-2\/\">\u7b2c3\u8bfe<\/a>\u2003<a href=\"https:\/\/reto.cn\/php\/hanyu\/gvidlibro-de-esperanta-konversacio\/\">\u56de\u76ee\u5f55<\/a>\u2003<a href=\"https:\/\/reto.cn\/php\/hanyu\/gvidlibro-de-esperanta-konversacio\/5-2\/\">\u7b2c5\u8bfe<\/a><\/p>\n","protected":false},"excerpt":{"rendered":"<p>4. Profesioj, Okupoj \u804c\u4e1a\uff0c\u804c\u52a1 Kio vi estas? \u60a8\uff0c\u4ec0\u4e48\u5de5\u4f5c\uff1f \u0134urnal\u2026 <span class=\"read-more\"><a href=\"https:\/\/reto.cn\/php\/hanyu\/lernado-de-esperanto\/gvidlibro-de-esperanta-konversacio\/4-2\/\">\u7ee7\u7eed\u9605\u8bfb Legi pli &raquo;<\/a><\/span><\/p>\n","protected":false},"author":9,"featured_media":0,"parent":12966,"menu_order":4,"comment_status":"open","ping_status":"closed","template":"","meta":{"footnotes":""},"_links":{"self":[{"href":"https:\/\/reto.cn\/php\/hanyu\/wp-json\/wp\/v2\/pages\/12973"}],"collection":[{"href":"https:\/\/reto.cn\/php\/hanyu\/wp-json\/wp\/v2\/pages"}],"about":[{"href":"https:\/\/reto.cn\/php\/hanyu\/wp-json\/wp\/v2\/types\/page"}],"author":[{"embeddable":true,"href":"https:\/\/reto.cn\/php\/hanyu\/wp-json\/wp\/v2\/users\/9"}],"replies":[{"embeddable":true,"href":"https:\/\/reto.cn\/php\/hanyu\/wp-json\/wp\/v2\/comments?post=12973"}],"version-history":[{"count":0,"href":"https:\/\/reto.cn\/php\/hanyu\/wp-json\/wp\/v2\/pages\/12973\/revisions"}],"up":[{"embeddable":true,"href":"https:\/\/reto.cn\/php\/hanyu\/wp-json\/wp\/v2\/pages\/12966"}],"wp:attachment":[{"href":"https:\/\/reto.cn\/php\/hanyu\/wp-json\/wp\/v2\/media?parent=12973"}],"curies":[{"name":"wp","href":"https:\/\/api.w.org\/{rel}","templated":true}]}}