{"id":12979,"date":"2022-11-13T10:36:27","date_gmt":"2022-11-13T02:36:27","guid":{"rendered":"https:\/\/reto.cn\/php\/hanyu\/?page_id=12979"},"modified":"2022-11-13T17:15:45","modified_gmt":"2022-11-13T09:15:45","slug":"7-2","status":"publish","type":"page","link":"https:\/\/reto.cn\/php\/hanyu\/lernado-de-esperanto\/gvidlibro-de-esperanta-konversacio\/7-2\/","title":{"rendered":"\u4e16\u754c\u8bed\u4f1a\u8bdd\u6307\u5357 7"},"content":{"rendered":"<h1 style=\"text-align: center;\"><b>7. Kunveno <\/b><b>\u96c6\u4f1a <\/b><\/h1>\n<p>Pardonon, kie estas la akceptejo?<\/p>\n<p>\u8bf7\u95ee\uff0c\u63a5\u5f85\u5904\u5728\u54ea\u513f\uff1f<\/p>\n<p>En la \u0109ambro dekstre de la pordo.<\/p>\n<p>\u5728\u95e8\u53f3\u8fb9\u7684\u623f\u95f4\u91cc\u3002<\/p>\n<p>Kie estas la informejo?<\/p>\n<p>\u8be2\u95ee\u5904\u5728\u54ea\u513f\uff1f<\/p>\n<p>\u0108e la enirejo.<\/p>\n<p>\u5728\u5165\u53e3\u5904\u3002<\/p>\n<p>Kie okazos la interkonati\u011da vespero?<\/p>\n<p>\u76f8\u8bc6\u665a\u4f1a\u5728\u54ea\u513f\u4e3e\u884c\uff1f<\/p>\n<p>En la salono Zamenhof.<\/p>\n<p>\u5728\u67f4\u95e8\u970d\u592b\u5927\u5385\u91cc\u3002<\/p>\n<p>\u0108u la hodia\u016da kunsido de la Akademio de Esperanto estas publika?<\/p>\n<p>\u4eca\u5929\u7684\u4e16\u754c\u8bed\u5b66\u9662\u7684\u4f1a\u662f\u5bf9\u5916\u7684\u5417\uff1f<\/p>\n<p>Mi ne scias. Petu informon de la informejo.<\/p>\n<p>\u6211\u4e0d\u77e5\u9053\u3002\u8bf7\u95ee\u95ee\u8baf\u5904\u3002<\/p>\n<p>Kie estas la gi\u0109eto por la venontjara kongreso?<\/p>\n<p>\u5173\u4e8e\u660e\u5e74\u5927\u4f1a\u7684\u7a97\u53e3\u5728\u54ea\u91cc\uff1f<\/p>\n<p>En la dua eta\u011do.<\/p>\n<p>\u5728\u4e8c\u697c\u3002<\/p>\n<p>\u0108u anka\u016d tie trovi\u011das la libroservo de la kongreso?<\/p>\n<p>\u5927\u4f1a\u4e66\u520a\u670d\u52a1\u90e8\u4e5f\u5728\u54ea\u513f\u5417\uff1f<\/p>\n<p>Ne, en la subtera eta\u011do.<\/p>\n<p>\u4e0d\uff0c\u5728\u5730\u4e0b\u5ba4\u3002<\/p>\n<p>\u0108u la sciigo pri nia kunsido estas tajpita kaj multobligita?<\/p>\n<p>\u5f00\u4f1a\u7684\u901a\u77e5\u5df2\u7ecf\u6253\u5370\u597d\u4e86\u5417\uff1f<\/p>\n<p>Jes, kaj mi jam sendis \u011din al la membroj de la konstanta komitato.<\/p>\n<p>\u6253\u5370\u597d\u4e86\uff0c\u6211\u5df2\u7ecf\u5bc4\u7ed9\u4e86\u5404\u4e2a\u5e38\u59d4\u3002<\/p>\n<p>Do, \u0109io en ordo.<\/p>\n<p>\u90a3\u5c31\u4e00\u5207\u5c31\u7eea\u4e86\u3002<\/p>\n<p>Sed eble du el la komitatanoj ne povos \u0109eesti la kunsidon.<\/p>\n<p>\u53ef\u662f\uff0c\u4e5f\u8bb8\u6709\u4e24\u4f4d\u59d4\u5458\u4e0d\u80fd\u51fa\u5e2d\u4f1a\u8bae\u3002<\/p>\n<p>Pro kio?<\/p>\n<p>\u4e3a\u4ec0\u4e48\uff1f<\/p>\n<p>Kamarado \u0108en forveturis pro afero kaj kamaradino Lin malsani\u011dis.<\/p>\n<p>\u9648\u540c\u5fd7\u5230\u522b\u5904\u529e\u4e8b\u53bb\u4e86\uff0c\u6797\u540c\u5fd7\u75c5\u4e86\u3002<\/p>\n<p>Beda\u016drinde. Mi esperas, ke ili povos \u011din \u0109eesti, \u0109ar ni diskutos pri proponoj, kiuj tre interesas nin.<\/p>\n<p>\u5f88\u9057\u61be\u3002\u8fd9\u6b21\u6211\u4eec\u8981\u8ba8\u8bba\u4ed6\u4eec\u975e\u5e38\u611f\u5174\u8da3\u7684\u95ee\u9898\uff0c\u5e0c\u671b\u4ed6\u4eec\u80fd\u51fa\u5e2d\u3002<\/p>\n<p>\u0108u ni prokrastu la kunvenon?<\/p>\n<p>\u628a\u4f1a\u671f\u5ef6\u8fdf\u4e9b\u597d\u5417\uff1f<\/p>\n<p>Ne, \u011di devas okazi en la difinita tempo.<\/p>\n<p>\u4e0d\uff0c\u4f1a\u8bae\u8981\u6309\u65f6\u4e3e\u884c\u3002<\/p>\n<p>Sidi\u011du gekamaradoj, tuj komenci\u011dos nia kunveno.<\/p>\n<p>\u540c\u5fd7\u4eec\u8bf7\u5750\u5427\uff0c\u4f1a\u8bae\u9a6c\u4e0a\u8981\u5f00\u59cb\u4e86\u3002<\/p>\n<p>Silentu, gekamaradoj. Jam estas tempo por komenci. Mi malfermas la kunsidon.<\/p>\n<p>\u540c\u5fd7\u4eec\u8bf7\u8083\u9759\u3002\u5f00\u4f1a\u65f6\u95f4\u5df2\u5230\u3002\u6211\u5ba3\u5e03\u5f00\u4f1a\u3002<\/p>\n<p>Unue ni elektu prezidanton.<\/p>\n<p>\u9996\u5148\u6211\u4eec\u9009\u4e3e\u4e3b\u5e2d\u3002<\/p>\n<p>Atentu, gekamaradoj, nepre skribu legeble, kaj nur unu kandidaton sur unu batolilo.<\/p>\n<p>\u540c\u5fd7\u4eec\u8bf7\u6ce8\u610f\uff0c\u5b57\u52a1\u5fc5\u5199\u6e05\u695a\uff0c\u4e00\u7968\u53ea\u5199\u4e00\u4f4d\u5019\u9009\u4eba\u3002<\/p>\n<p>Bonvolu kolekti la batolilojn, kamaradino Sun.<\/p>\n<p>\u5b59\u540c\u5fd7\uff0c\u8bf7\u4f60\u6536\u9009\u7968\u3002<\/p>\n<p>Ni kalkulu la batolilojn.<\/p>\n<p>\u8ba9\u6211\u4eec\u6765\u8ba1\u7968\u3002<\/p>\n<p>Kamarado Liang estas unuanime elektita.<\/p>\n<p>\u6881\u540c\u5fd7\u4e00\u81f4\u901a\u8fc7\u3002<\/p>\n<p>Nun ni diskutu pri la propono fondi bibliotekon. Kiu deziras la parolon?<\/p>\n<p>\u73b0\u5728\u6211\u4eec\u8ba8\u8bba\u5efa\u7acb\u56fe\u4e66\u9986\u7684\u5efa\u8bae\u3002\u8c01\u8981\u53d1\u8a00\uff1f<\/p>\n<p>Unue kamaradino Ma havu \u011din.<\/p>\n<p>\u9a6c\u540c\u5fd7\u8bf7\u9996\u5148\u53d1\u8a00\u3002<\/p>\n<p>Nun estas via vico, k-do Liu.<\/p>\n<p>\u5218\u540c\u5fd7\uff0c\u73b0\u5728\u8be5\u4f60\u53d1\u8a00\u3002<\/p>\n<p>Mi plene konsentas kun kamaradino Ma. Ni ne devas atendi \u011dis akiro de domo. Unue ni fondu korespondan bibliotekon, ke oni povu utiligi la esperanta\u0135ojn kolektitajn.<\/p>\n<p>\u6211\u5b8c\u5168\u540c\u610f\u9a6c\u540c\u5fd7\u7684\u610f\u89c1\uff0c\u4e0d\u8981\u7b49\u5f04\u5230\u623f\u5b50\u3002\u6211\u4eec\u8981\u5148\u5efa\u7acb\u901a\u4fe1\u56fe\u4e66\u9986\uff0c\u628a\u641c\u96c6\u7684\u4e16\u754c\u8bed\u4e66\u520a\u5229\u7528\u8d77\u6765\u3002<\/p>\n<p>Bona ideo! Sed kiu prizorgos la aferon?<\/p>\n<p>\u597d\u4e3b\u610f\uff0c\u53ef\u662f\u8c01\u6765\u529e\u5462\uff1f<\/p>\n<p>Mi proponas, ke k-dino Lan funkciu kiel nia bibliotekistino, \u0109ar \u015di estas ne nur diligenta kaj helpema sed anka\u016d zorgema.<\/p>\n<p>\u6211\u5efa\u8bae\u84dd\u540c\u5fd7\u505a\u56fe\u4e66\u7ba1\u7406\u5458\uff0c\u5979\u52e4\u5feb\u3001\u4e50\u4e8e\u52a9\u4eba\uff0c\u800c\u4e14\u53c8\u5f88\u4ed4\u7ec6\u3002<\/p>\n<p>\u0108u vi havas aliajn proponojn? Se ne, ni vo\u0109donu pri la propono. Kiu subtenas la proponon de k-do N, levu manon!<\/p>\n<p>\u8fd8\u6709\u522b\u7684\u5efa\u8bae\u5417\uff1f\u6ca1\u6709\u6211\u4eec\u5c31\u6765\u8868\u51b3\uff0c\u8d5e\u6210\u8fd9\u9879\u5efa\u8bae\u7684\u4e3e\u624b\uff01<\/p>\n<p>Kontra\u016dantoj, levu manon!<\/p>\n<p>\u53cd\u5bf9\u7684\uff0c\u4e3e\u624b\uff01<\/p>\n<p>Kio estas la rezulto de la vo\u0109dono?<\/p>\n<p>\u8868\u51b3\u7ed3\u679c\u5982\u4f55\uff1f<\/p>\n<p>Dek por, tri kontra\u016d; do la propono estas akceptita.<\/p>\n<p>\u5341\u7968\u8d5e\u6210\uff0c\u4e09\u7968\u53cd\u5bf9\uff0c\u51b3\u8bae\u901a\u8fc7\u4e86\u3002<\/p>\n<p>Nun ni transiru al alia programero (punkto de nia programo).<\/p>\n<p>\u73b0\u5728\u6211\u4eec\u8f6c\u5165\u53e6\u4e00\u9879\u8bae\u7a0b\u3002<\/p>\n<p>Bonvole legu la protokolon de la lasta kunsido.<\/p>\n<p>\u8bf7\u5ba3\u8bfb\u4e00\u4e0b\u4e0a\u6b21\u4f1a\u8bae\u7684\u8bb0\u5f55\u3002<\/p>\n<p>Nun ni traktu la trian eron de la tagordo.<\/p>\n<p>\u73b0\u5728\u6211\u4eec\u6765\u7814\u7a76\u7b2c\u4e09\u9879\u8bae\u7a0b\u3002<\/p>\n<p>Ekparolu nur post permeso de la prezidanto.<\/p>\n<p>\u8bf7\u5f97\u5230\u4e3b\u5e2d\u5141\u8bb8\u540e\u518d\u53d1\u8a00\u3002<\/p>\n<p>Parolu pli la\u016dte, \u0109ar la megafono ne bone funkcias.<\/p>\n<p>\u8bf7\u8bb2\u5f97\u5927\u58f0\u4e9b\uff0c\u6269\u97f3\u673a\u4e0d\u597d\u4f7f\u3002<\/p>\n<p>Reguligu la megafonon!<\/p>\n<p>\u8bf7\u8c03\u4e00\u4e0b\u6269\u97f3\u673a\u3002<\/p>\n<p>Proksimi\u011du al la mikrofono.<\/p>\n<p>\u8bf7\u628a\u8bdd\u7b52\u79fb\u8fd1\u4e9b\u3002<\/p>\n<p>Ne interrompu lian parolon!<\/p>\n<p>\u8bf7\u4e0d\u8981\u6253\u65ad\u4ed6\u7684\u8bdd\u3002<\/p>\n<p>Ni iom ripozu kaj da\u016drigu la diskutadon post 10-minuta pa\u016dzo.<\/p>\n<p>\u6211\u4eec\u4f11\u606f\u4e00\u4e0b\uff0c\u4f11\u606f\u5341\u5206\u949f\u540e\u7ee7\u7eed\u8ba8\u8bba\u3002<\/p>\n<p>Diru vian opinion, se vi tion ne aprobas. Silento estas konsento.<\/p>\n<p>\u5982\u4e0d\u8d5e\u6210\u8bf7\u53d1\u8868\u610f\u89c1\uff0c\u4e0d\u542d\u6c14\u662f\u540c\u610f\u3002<\/p>\n<p>Escepte de la observantoj, \u0109iuj devas diri jes a\u016d ne pri la debatanta propono.<\/p>\n<p>\u9664\u4e86\u5217\u5e2d\u7684\u89c2\u5bdf\u5458\u5927\u5bb6\u90fd\u8981\u5bf9\u8bae\u6848\u8868\u793a\u8d5e\u6210\u4e0e\u5426\u3002<\/p>\n<p>Je la fino de la kunveno prezenti\u011dos amuzaj programeroj.<\/p>\n<p>\u4f1a\u540e\u5c06\u8868\u6f14\u6587\u827a\u8282\u76ee\u3002<\/p>\n<p>Nun ni a\u016dskultu raporton de nia estimata honora prezidanto.<\/p>\n<p>\u73b0\u5728\u6211\u4eec\u8bf7\u6211\u4eec\u5c0a\u656c\u7684\u540d\u8a89\u4e3b\u5e2d\u505a\u62a5\u544a\u3002<\/p>\n<p>Refoje ni danku lin (pro la valora prelego) per varma manklakado.<\/p>\n<p>\u8ba9\u6211\u4eec\u4ee5\u70ed\u70c8\u7684\u638c\u58f0\u518d\u6b21\u5bf9\u4ed6\uff08\u4f5c\u7684\u62a5\u544a\uff09\u8868\u793a\u611f\u8c22\u3002<\/p>\n<h2 style=\"text-align: center;\">\u5907\u7528\u8bcd\u8bed<\/h2>\n<p>Universala Kongreso de Esperanto \u56fd\u9645\u4e16\u754c\u8bed\u5927\u4f1a\uff08\u7b80\u79f0 UK\uff09\uff0csimpozio \u5b66\u672f\u62a5\u544a\u4f1a\uff0cseminario \uff08\u4e13\u4e1a\uff09\u8ba8\u8bba\u4f1a\uff0ckolokvo \u5b66\u672f\u8ba8\u8bba\u4f1a\uff0cvesper(kunsid)o \u665a\u4f1a\uff0camaskunveno\uff08mitingo\uff09\u7fa4\u4f17\u5927\u4f1a\uff0ckongreso \u5927\u4f1a\uff0ckonferenco \u4f1a\u8bae\uff0cPopola Kongreso \u4eba\u6c11\u4ee3\u8868\u5927\u4f1a\uff0cDua Plena Sesio de la Sepa Centra Komitato de \u0108KP \u4e2d\u5171\u4e03\u5c4a\u4e8c\u4e2d\u5168\u4f1a\uff0ctekunsido \u8336\u8bdd\u4f1a\uff0csindeteni de vo\u0109o \u5f03\u6743\uff0cunuvo\u0109e \u4e00\u81f4\uff0ctran\u0109i ies parolon \u6253\u65ad\u67d0\u4eba\u7684\u8c08\u8bdd\uff0cintermeti \u63d2\u8bdd\uff0cL.K.K. (Loka Kongresa Komitato) \u5730\u65b9\u5927\u4f1a\u5de5\u4f5c\u59d4\u5458\u4f1a\uff0cprezidantaro\uff08\u6216 prezidiumo\uff09 \u4e3b\u5e2d\u56e2\uff0cplenuma prezidanto \u6267\u884c\u4e3b\u5e2d\uff0clanda kongreso \u5168\u56fd\u5927\u4f1a\uff0ccentjara jubileo \u767e\u5468\u5e74\u5927\u5e86\uff0ckunvenejo\uff0ckongresejo\uff0ckunsidejo \u4f1a\u573a\uff0crezolucio \u51b3\u8bae\uff0cprotokolo \u8bb0\u5f55<\/p>\n<p>&nbsp;<\/p>\n<p><a href=\"https:\/\/reto.cn\/php\/hanyu\/gvidlibro-de-esperanta-konversacio\/6-2\/\">\u7b2c6\u8bfe<\/a>\u2003<a href=\"https:\/\/reto.cn\/php\/hanyu\/gvidlibro-de-esperanta-konversacio\/\">\u56de\u76ee\u5f55<\/a>\u2003<a href=\"https:\/\/reto.cn\/php\/hanyu\/gvidlibro-de-esperanta-konversacio\/8-2\/\">\u7b2c8\u8bfe<\/a><\/p>\n","protected":false},"excerpt":{"rendered":"<p>7. Kunveno \u96c6\u4f1a Pardonon, kie estas la akceptejo? \u8bf7\u95ee\uff0c\u63a5\u5f85\u5904\u5728\u2026 <span class=\"read-more\"><a href=\"https:\/\/reto.cn\/php\/hanyu\/lernado-de-esperanto\/gvidlibro-de-esperanta-konversacio\/7-2\/\">\u7ee7\u7eed\u9605\u8bfb Legi pli &raquo;<\/a><\/span><\/p>\n","protected":false},"author":9,"featured_media":0,"parent":12966,"menu_order":7,"comment_status":"open","ping_status":"closed","template":"","meta":{"footnotes":""},"_links":{"self":[{"href":"https:\/\/reto.cn\/php\/hanyu\/wp-json\/wp\/v2\/pages\/12979"}],"collection":[{"href":"https:\/\/reto.cn\/php\/hanyu\/wp-json\/wp\/v2\/pages"}],"about":[{"href":"https:\/\/reto.cn\/php\/hanyu\/wp-json\/wp\/v2\/types\/page"}],"author":[{"embeddable":true,"href":"https:\/\/reto.cn\/php\/hanyu\/wp-json\/wp\/v2\/users\/9"}],"replies":[{"embeddable":true,"href":"https:\/\/reto.cn\/php\/hanyu\/wp-json\/wp\/v2\/comments?post=12979"}],"version-history":[{"count":0,"href":"https:\/\/reto.cn\/php\/hanyu\/wp-json\/wp\/v2\/pages\/12979\/revisions"}],"up":[{"embeddable":true,"href":"https:\/\/reto.cn\/php\/hanyu\/wp-json\/wp\/v2\/pages\/12966"}],"wp:attachment":[{"href":"https:\/\/reto.cn\/php\/hanyu\/wp-json\/wp\/v2\/media?parent=12979"}],"curies":[{"name":"wp","href":"https:\/\/api.w.org\/{rel}","templated":true}]}}