{"id":13001,"date":"2022-11-13T10:38:38","date_gmt":"2022-11-13T02:38:38","guid":{"rendered":"https:\/\/reto.cn\/php\/hanyu\/?page_id=13001"},"modified":"2022-11-16T13:34:00","modified_gmt":"2022-11-16T05:34:00","slug":"18-2","status":"publish","type":"page","link":"https:\/\/reto.cn\/php\/hanyu\/lernado-de-esperanto\/gvidlibro-de-esperanta-konversacio\/18-2\/","title":{"rendered":"\u4e16\u754c\u8bed\u4f1a\u8bdd\u6307\u5357 18"},"content":{"rendered":"<h1 style=\"text-align: center;\"><strong>18. Restoracio \u996d\u5e97<\/strong><\/h1>\n<p>\u0108u vi bonvolus tagman\u011di kun mi \u0109e la restoracio Paco?<\/p>\n<p>\u8bf7\u60a8\u540c\u6211\u53bb\u548c\u5e73\u996d\u5e97\u5403\u996d\u597d\u5417\uff1f<\/p>\n<p>Jes, kun plezuro. Dankon pro la invito.<\/p>\n<p>\u597d\u7684\uff0c\u5f88\u9ad8\u5174\u3002\u8c22\u8c22\u60a8\u7684\u9080\u8bf7\u3002<\/p>\n<p>Ho, kiel homplena! Beda\u016drinde, mi ne rezervigis tablon.<\/p>\n<p>\u55ec\uff0c\u597d\u591a\u7684\u4eba\u554a\uff01\u53ef\u60dc\u6211\u6ca1\u6709\u9884\u5b9a\u5750\u5e2d\u3002<\/p>\n<p>Kelnero, \u0109u vi povus trovi por ni liberan tablon?<\/p>\n<p>\u670d\u52a1\u5458\uff0c\u80fd\u7ed9\u6211\u4eec\u627e\u5f20\u7a7a\u684c\u5b50\u5417\uff1f<\/p>\n<p>Bonvolu sekvi min. En la aparta \u0109ambro estas liberaj sidlokoj.<\/p>\n<p>\u8bf7\u8ddf\u6211\u6765\u3002\u5355\u95f4\u91cc\u6709\u7a7a\u5e2d\u4f4d\u3002<\/p>\n<p>Altabli\u011du!<\/p>\n<p>\u8bf7\u5c31\u5750\uff01<\/p>\n<p>La promenado faras al mi bonan apetiton.<\/p>\n<p>\u6563\u6b65\u5f00\u4e86\u6211\u95ee\u7684\u80c3\u53e3\u3002<\/p>\n<p>Laboro estas bona aperitivo, sed trolaci\u011do povas perdigi apetiton.<\/p>\n<p>\u52b3\u52a8\u662f\u5f88\u597d\u7684\u5f00\u80c3\u5242\uff0c\u53ef\u662f\u8fc7\u5206\u52b3\u7d2f\u4f1a\u4f7f\u4eba\u4e0d\u60f3\u5403\u4e1c\u897f\u3002<\/p>\n<p>Jen la menuo. Kion vi deziras? Elektu.<\/p>\n<p>\u8fd9\u662f\u83dc\u5355\u3002\u60a8\u60f3\u5403\u70b9\u4ec0\u4e48\uff1f\u8bf7\u60a8\u70b9\u83dc\u5427\u3002<\/p>\n<p>\u0108u vi havas menuon en Esperanto?<\/p>\n<p>\u6709\u4e16\u754c\u8bed\u7684\u83dc\u5355\u5417\uff1f<\/p>\n<p>Jes, jen \u011di.<\/p>\n<p>\u6709\uff0c\u8fd9\u4e0d\u662f\u3002<\/p>\n<p>Mi volas porcion da rizo kun kareo.<\/p>\n<p>\u6211\u8981\u4e00\u4efd\u5496\u55b1\u996d\u3002<\/p>\n<p>Portu al ni porcion da stufita bova\u0135o, porcion da rostita koka\u0135o kaj porcion da fritita porka\u0135o.<\/p>\n<p>\u8bf7\u7ed9\u6211\u4eec\u4e00\u4efd\u7096\u725b\u8089\uff0c\u4e00\u4efd\u70e4\u9e21\uff0c\u4e00\u4efd\u70b8\u732a\u6392\u3002<\/p>\n<p>\u0108u vi ne \u015datas fi\u015don?<\/p>\n<p>\u60a8\u4e0d\u559c\u6b22\u5403\u9c7c\u5417\uff1f<\/p>\n<p>Jes, mi tre \u015datas marajn man\u011da\u0135ojn.<\/p>\n<p>\u559c\u6b22\uff0c\u6211\u5f88\u559c\u6b22\u6d77\u5473\u3002<\/p>\n<p>Mi preferas \u015dinkon.<\/p>\n<p>\u6211\u66f4\u559c\u6b22\u706b\u817f\u3002<\/p>\n<p>Rostita pekina anaso estas tre bongusta.<\/p>\n<p>\u5317\u4eac\u70e4\u9e2d\u5473\u9053\u5f88\u7f8e\u3002<\/p>\n<p>Sufi\u0109e multe da pladoj oni povas prepari el anasa\u0135o.<\/p>\n<p>\u9e2d\u5b50\u53ef\u4ee5\u505a\u76f8\u5f53\u591a\u9053\u83dc\u3002<\/p>\n<p>Kiujn aliajn naciajn man\u011da\u0135ojn vi rekomendus al ni?<\/p>\n<p>\u60a8\u8fd8\u6709\u4ec0\u4e48\u5176\u5b83\u6c11\u65cf\u98ce\u5473\u7684\u83dc\u63a8\u8350\u7ed9\u6211\u4eec\u5417\uff1f<\/p>\n<p>Jes, jes. Sed mi timas, ke estus tro multe por du personoj.<\/p>\n<p>\u6709\u7684\uff0c\u6709\u7684\uff0c\u4e0d\u8fc7\u6211\u6015\u7ed9\u4e24\u4f4d\u5ba2\u4eba\u7528\u662f\u592a\u591a\u4e86\u3002<\/p>\n<p>La tablo estas sufi\u0109e ri\u0109e primetita.<\/p>\n<p>\u83dc\u591f\u4e30\u5bcc\u7684\u4e86\u3002<\/p>\n<p>Bonan apetiton!<\/p>\n<p>\u795d\u60a8\u80c3\u53e3\u597d\uff01<\/p>\n<p>Helpu vin mem!<\/p>\n<p>\u8bf7\u81ea\u5df1\u6765\u5427\uff01<\/p>\n<p>Kiamaniere uzi man\u011dbastonetojn?<\/p>\n<p>\u600e\u6837\u4f7f\u7528\u7b77\u5b50\uff1f<\/p>\n<p>Imitu min! Jes, tiel.<\/p>\n<p>\u8bf7\u8ddf\u6211\u5b66\uff01\u77a7\uff0c\u8fd9\u6837\u3002<\/p>\n<p>La \u0109inaj man\u011da\u0135oj donas al mi bonan apetiton.<\/p>\n<p>\u4e2d\u56fd\u996d\u83dc\u6211\u5f88\u7231\u5403\u3002<\/p>\n<p>Precipe tio \u0109i estas la\u016d mia gusto.<\/p>\n<p>\u8fd9\u9053\u83dc\u7279\u522b\u5408\u5473\u9053\u53e3\u5473\u3002<\/p>\n<p>Kiel la \u015dinko pla\u0109as al vi?<\/p>\n<p>\u706b\u817f\u60a8\u89c9\u5f97\u600e\u6837\uff1f<\/p>\n<p>\u011ci estas mirinde bongusta.<\/p>\n<p>\u5473\u9053\u771f\u662f\u7f8e\u6781\u4e86\u3002<\/p>\n<p>\u0108u vi \u015datas la stufitan bova\u0135on?<\/p>\n<p>\u7096\u725b\u8089\u60a8\u559c\u6b22\u5417\uff1f<\/p>\n<p>\u011ci estas ne sufi\u0109e stufita kaj iom tro sala.<\/p>\n<p>\u7096\u5f97\u4e0d\u591f\u706b\u5019\uff0c\u6709\u70b9\u592a\u54b8\u4e86\u3002<\/p>\n<p>Transdonu al mi la piprujon.<\/p>\n<p>\u8bf7\u628a\u80e1\u6912\u74f6\u9012\u7ed9\u6211\u3002<\/p>\n<p>Atentu, via maniko trempi\u011das en la sa\u016d\u0109on!<\/p>\n<p>\u5f53\u5fc3\uff0c\u60a8\u7684\u8896\u5b50\u6d78\u5230\u5364\u6c41\u91cc\u4e86\uff01<\/p>\n<p>Nia edzino estas tro grasa. \u015ci devas sin \u015dveligi per dieto.<\/p>\n<p>\u6211\u7231\u4eba\u592a\u80d6\u4e86\u3002\u5979\u5f97\u5403\u51cf\u80a5\u996e\u98df\u3002<\/p>\n<p>Kiom da fojoj vi man\u011das \u0109iutage?<\/p>\n<p>\u4f60\u4eec\u4e00\u5929\u5403\u51e0\u9910\uff1f<\/p>\n<p>Trifoje. Ni tagman\u011das \u0109e kafeterio je fiksa prezo.<\/p>\n<p>\u4e09\u9910\u3002\u5348\u996d\u6211\u4eec\u5728\u81ea\u52a9\u9910\u5385\u5305\u4f19\u3002<\/p>\n<p>\u0108u vi volas vinon a\u016d brandon?<\/p>\n<p>\u60a8\u8981\u8461\u8404\u9152\u8fd8\u662f\u767d\u5170\u5730\uff1f<\/p>\n<p>Mi volas nur bieron.<\/p>\n<p>\u6211\u53ea\u8981\u5564\u9152\u3002<\/p>\n<p>Alportu al mi alman\u011da\u0135on kaj vinon.<\/p>\n<p>\u8bf7\u628a\u9152\u548c\u83dc\u62ff\u6765\u3002<\/p>\n<p>\u0108u tagmeze oni preparas kradrostitan viandon \u0109i tie?<\/p>\n<p>\u8fd9\u91cc\u4e2d\u5348\u4e5f\u505a\u70e7\u70e4\u5417\uff1f<\/p>\n<p>Jes. Ni trinku por nia amikeco!<\/p>\n<p>\u505a\u3002\u8ba9\u6211\u4eec\u4e3a\u6211\u4eec\u7684\u53cb\u8c0a\u800c\u5e72\u676f\uff01<\/p>\n<p>Je via sano!<\/p>\n<p>\u4e3a\u60a8\u7684\u5065\u5eb7\u5e72\u676f\uff01<\/p>\n<p>La \u0109efkuiristo havas fajnan guston!<\/p>\n<p>\u5927\u53a8\u5e08\u8c03\u7684\u5473\u771f\u7f8e\uff01<\/p>\n<p>La bonodoro de la rosta\u0135o tiklas la nazon.<\/p>\n<p>\u70e4\u8089\u7684\u9999\u5473\u6251\u9f3b\u3002<\/p>\n<p>Kian supon vi volas? \u0108u legoman, viandan a\u016d avenan?<\/p>\n<p>\u60a8\u8981\u4ec0\u4e48\u6c64\uff1f\u83dc\u6c64\u3001\u8089\u6c64\u8fd8\u662f\u71d5\u9ea6\u7fb9\uff1f<\/p>\n<p>Kian deserton vi preferas?<\/p>\n<p>\u60a8\u66f4\u559c\u6b22\u4ec0\u4e48\u751c\u98df\uff1f<\/p>\n<p>pomojn, kukojn kaj glacia\u0135on.<\/p>\n<p>\u8981\u82f9\u679c\u3001\u7cd5\u70b9\u548c\u51b0\u6fc0\u51cc\u3002<\/p>\n<p>\u0108u vi volas teon a\u016d kafon?<\/p>\n<p>\u60a8\u559d\u8336\u8fd8\u662f\u559d\u5496\u5561\uff1f<\/p>\n<p>Kafon, mi petas, tamen sen lakto.<\/p>\n<p>\u8bf7\u7ed9\u6211\u5496\u5561\uff0c\u53ef\u662f\u4e0d\u8981\u52a0\u725b\u5976\u3002<\/p>\n<p>\u0108u vi volus alian tason da teo?<\/p>\n<p>\u60a8\u8981\u518d\u6765\u4e00\u676f\u8336\u5417\uff1f<\/p>\n<p>Mi jam havis sufi\u0109e multe.<\/p>\n<p>\u6211\u559d\u5f97\u591f\u591a\u4e86\u3002<\/p>\n<p>Bonvolu prepari la konton. Kiom kostas la man\u011do?<\/p>\n<p>\u8bf7\u7ed3\u8d26\u3002\u9910\u8d39\u591a\u5c11\uff1f<\/p>\n<p>Tridek ses juanojn.<\/p>\n<p>\u4e09\u5341\u516d\u5143\u3002<\/p>\n<p>Mi ne permesos al vi pagi. \u0108ifoje vi estas gasto.<\/p>\n<p>\u6211\u53ef\u4e0d\u8ba9\u60a8\u4ed8\u94b1\u3002\u8fd9\u56de\u60a8\u662f\u5ba2\u4eba\u3002<\/p>\n<p>Dankon pro via regalo.<\/p>\n<p>\u8c22\u8c22\u4f60\u7684\u6b3e\u5f85\u3002<\/p>\n<p>Ne dankinde. Via kunesto estas tre agrabla.<\/p>\n<p>\u4e0d\u8c22\u3002\u548c\u60a8\u5728\u4e00\u8d77\u5f88\u6109\u5feb\u3002<\/p>\n<p>Fumu cigaredon?<\/p>\n<p>\u62bd\u652f\u70df\uff1f<\/p>\n<p>Dankon! Mi ne fumas. Jen cindrujo.<\/p>\n<p>\u8c22\u8c22\uff01\u6211\u4e0d\u5438\u70df\u3002\u8fd9\u662f\u70df\u7070\u7f38\u3002<\/p>\n<p>Jen trinkmonon por vi.<\/p>\n<p>\u8fd9\u662f\u7ed9\u60a8\u7684\u5c0f\u8d39\u3002<\/p>\n<p>Dankon! Trinkmonon ni ne akceptas.<\/p>\n<p>\u8c22\u8c22\uff01\u6211\u4eec\u4e0d\u6536\u5c0f\u8d39\u3002<\/p>\n<h2 style=\"text-align: center;\">\u5907\u7528\u8bcd\u8bed<\/h2>\n<p><strong>A. \u4e00\u822c\u7528\u8bed<\/strong><\/p>\n<p>\u0109inaj man\u011da\u0135oj \u4e2d\u9910\uff0c\u0109inaj pladoj \u4e2d\u56fd\u83dc\uff0ce\u016dropaj man\u011da\u0135oj \u897f\u9910\uff0cvegetarana man\u011do \u7d20\u9910\uff0cmendi pladojn \u53eb\u83dc\uff0c\u0109efman\u011da\u0135o \u4e3b\u98df\uff0calman\u011da\u0135o \u526f\u98df\uff0ctosti \u795d\u9152\uff0cdol\u0109a\u0135o \u751c\u98df\uff0cdeserto \u9910\u540e\u751c\u70b9\u5fc3\uff0clun\u0109o \u5c0f\u5403\uff0cfranda\u0135o \u7f8e\u5473\uff0cfesteno \u5bb4\u5e2d\uff0cbankedo \u805a\u9910\uff0cregali \u62db\u5f85\uff0cpeti kalkulon \u7b97\u8d26\uff0c\u4e70\u5355<\/p>\n<p><strong>B. \u70f9\u8c03<\/strong><\/p>\n<p>boligi \u716e\uff0cvaporumi \u84b8\uff0cfriti \u70b8\uff0cfuma\u0135i \u718f\uff0cbaki \u70e4\uff0cstufi \u7096\uff0cfrikasi \u7ea2\u70e7\uff0cmarini \u7528\u4f5c\u6599\u5582\u8089\u4ee5\u4fbf\u70f9\u5236\uff0ckonfiti \u7cd6\u6e0d\uff0cpekli \u76d0\u814c\uff0cduonkuirita \u534a\u719f\u7684\uff0cgrasega, oleoza \u80a5\u7684\uff0c\u6cb9\u5927\u7684\uff0cdol\u0109a \u751c\u7684\uff0craguo \u70e7\u7684\u83dc\uff0csengusta \u65e0\u6ecb\u5473\u7684\uff0cfridi \u51b7\u51bb\uff0crosti \u70e7\u70e4\uff0cbrezi \u7528\u6587\u706b\u7116\uff0cinfuzi teon \u6c8f\u8336\uff0cbrogi brasikon \u70eb\u767d\u83dc\uff0cfar\u0109i \u5939\u9985\uff0ckirli ovoblankon \u6405\u62cc\u86cb\u6e05\uff0cpo\u0109i ovojn \u716e\u8377\u5305\u86cb<\/p>\n<p><strong>C. \u8089\u7c7b<\/strong><\/p>\n<p>porka kotleto \u70b8\u732a\u8089\u7247\uff0cporka kolbaso \u732a\u9999\u80a0\uff0c\u015dinko \u706b\u817f\uff0clardo \u814a\u8089\uff0cbifsteko \u725b\u6392\uff0crostita bovfileo \u70e4\u725b\u91cc\u810a\uff0cbovlango kun verda fazeolo \u9752\u8c46\u725b\u820c\uff0cfar\u0109ita porkido \u52a0\u9985\u4e73\u732a\uff0crostita ansero \u70e4\u9e45\uff0cstufita \u015dafa\u0135o \u7096\u7f8a\u8089\uff0ckarebova\u0135o \u5496\u55b1\u725b\u8089\uff0cgula\u015do \u571f\u8c46\u70e7\u725b\u8089\uff0ckokida\u0135o \u4ed4\u9e21\uff0ckoturno rostita en cindro \u6d3b\u7070\u70e7\u9e4c\u9e51\uff0clardita meleagro \u814a\u706b\u9e21\uff0crostita fazano kun legomo \u70e4\u5c71\u9e21\u5e26\u9752\u83dc\uff0cfritita hepato \u7092\u809d<\/p>\n<p><strong>\u0108. \u9c7c\u7c7b<\/strong><\/p>\n<p>karpo kun bruna sa\u016dco \u7ea2\u70e7\u9ca4\u9c7c\uff0ctrikiuro \u5e26\u9c7c\uff0csalmo \u9c91\u9c7c\uff0ckarpo \u9ca4\u9c7c\uff0ckaraso \u9cab\u9c7c\uff0cezoko \u68ad\u9c7c\uff0ctruto \u9cdf\u9c7c\uff0csardino \u6c99\u4e01\u9c7c\uff0cpolpo kun tomato \u897f\u7ea2\u67ff\u7ae0\u9c7c\uff0cvaporumita kankro \u84b8\u8783\u87f9\uff0cmandarena fi\u015do \u6842\u9c7c\uff0c\u015darko \u9ca8\u9c7c\uff0c\u015darkna\u011dilo \u9c7c\u7fc5\uff0ctinko \u8349\u9c7c\uff0clojto \u6c5f\u9cd5\uff0cperko \u9c88\u9c7c\uff0cpetromizo \u516b\u76ee\u9cd7\uff0cple\u016dronekto \u6bd4\u76ee\u9c7c\uff0cploto \u77f3\u6591\u9c7c\uff0csoleo \u9cbd\u9c7c\uff0charingo \u9cb1\u9c7c\uff0csproto \u523a\u8179\u9cb1\uff0csardelo \u6cb9\u6e0d\u6c99\u4e01\u9c7c\uff0cgado \u9cd5\u9c7c\uff0ckrabo \u8783\u87f9\uff0cpalinuro \u9f99\u867e\uff0csalikoko \u867e\uff0choloturio \u6d77\u53c2\uff0csepio \u4e4c\u8d3c\uff0cmeduzo \u6c34\u6bcd\uff0chalioto \u9c8d\u9c7c\uff0costro \u869d<\/p>\n<p><strong>D. \u86cb\u7c7b<\/strong><\/p>\n<p>bakita ova\u0135otorto \uff08\u751f\u65e5\uff09\u5927\u86cb\u7cd5\uff0cfritita ovo \u714e\u9e21\u86cb\uff0comleto \u8f6f\u714e\u86cb\u5757\uff0ckalkokonservita ovo \u76ae\u86cb\uff0csalita ovo \u76d0\u86cb\uff0cpo\u0109ita ovo \u8377\u5305\u86cb\uff0c\u015dinko kun ovo \u706b\u817f\u9e21\u86cb<\/p>\n<p><strong>E. \u852c\u83dc<\/strong><\/p>\n<p>brasiko \u5377\u5fc3\u83dc\uff0c\u0109ina brasiko \u5927\u767d\u83dc\uff0cspinaco \u83e0\u83dc\uff0cterpomo \u9a6c\u94c3\u85af\uff0ctomato \u897f\u7ea2\u67ff\uff0cmelongeno \u8304\u5b50\uff0cvaksa kukurbo \u51ac\u74dc\uff0ckukumo \u9ec4\u74dc\uff0ckukurbo \u5357\u74dc\uff0cbatato \u7ea2\u85af\uff0cflorbrasiko \u82b1\u83dc\uff0ckolokasio \u828b\uff0cbulbo \u6d0b\u8471\uff0ckolzo \u6cb9\u83dc\uff0claktuko \u83b4\u82e3\uff0c\u015denoprazo \u9999\u8471\uff0corelfungo \u6728\u8033\uff0ctaglilio \u9ec4\u82b1\uff0clento \u6241\u8c46\uff0cpizo \u8c4c\u8c46\uff0cfazeolo \u5c0f\u8c46\uff0ccelerio \u82b9\u83dc\uff0ckapsiko \u8fa3\u6912\uff0ckaroto \u80e1\u841d\u535c\uff0crafano \u841d\u535c\uff0cnapo, rapo \u829c\u83c1\uff0cbambu\u011dermo \u7af9\u7b0b\uff0cfabo \u8695\u8c46\uff0cfungo \u8611\u83c7\uff0ckantarelo \u9e21\u6cb9\u83cc\uff0cfenkolo \u8334\u9999<\/p>\n<p><strong>F. \u8c03\u6599<\/strong><\/p>\n<p>salo \u76d0\uff0cpipro \u80e1\u6912\uff0ckapsiko \u8fa3\u6912\uff0cmustardo \u82a5\u672b\uff0czingibro \u59dc\uff0cvinagro \u918b\uff0csojo \u9171\u6cb9\uff0cmarmelado \u679c\u9171\uff0cgraso, sebo \u6cb9\u8102\uff0coleo \u6cb9\uff0cmielo \u8702\u871c\uff0csukero \u7cd6\uff0ckremo \u5976\u6cb9\uff0cbutero \u9ec4\u6cb9\uff0ckando \u51b0\u7cd6\uff0cbruna sukero \u7ea2\u7cd6\uff0cfroma\u011do \u5976\u916a\uff0ckaviaro \u9c7c\u5b50\u9171\uff0ckaramelo \u7126\u7cd6\uff0csiropo \u7cd6\u6d46\uff0ccinamo \u6842\u76ae\uff0cmuskato \u8089\u8c46\u853b\uff0cilicio \u516b\u89d2\uff0cakragusta \u8fa3\u7684<\/p>\n<p><strong>G. \u6c34\u679c<\/strong><\/p>\n<p>pomo \u82f9\u679c\uff0cpiro \u68a8\uff0cpersiko \u6843\uff0cabrikoto \u674f\uff0cpruno \u674e\u5b50\uff0coran\u011do \u751c\u6a59\uff0cmandarino \u6a58\u5b50\uff0cpampelmuso \u67da\u5b50\uff0cbanano \u9999\u8549\uff0cananaso \u83e0\u841d\u871c\uff0colivo \u6a44\u6984\uff0c\u0109erizo \u6a31\u6843\uff0cvinbero \u8461\u8404\uff0cfrago \u8349\u8393\uff0cli\u0109io \u8354\u679d\uff0cjujubo \u67a3\uff0cpersimono \u67ff\uff0clongano \u9f99\u773c\uff0cmelono \u74dc\uff0cakvomelono \u897f\u74dc\uff0cka\u015dtano \u6817\u5b50\uff0cfigo \u65e0\u82b1\u679c\uff0cmango \u8292\u679c\uff0cribo \u7ea2\u918b\u6817\uff0cnukso \u575a\u679c\uff0cjuglando \u6838\u6843\uff0cprunelo \u897f\u6d0b\u674e\u5b50\uff0cavelo \u699b\u5b50\uff0cgranato \u77f3\u69b4\uff0carakido \u82b1\u751f\uff0cdaktilo \u6930\u67a3\uff0cmoruso \u6851\u845a\uff0ccidonio \u6728\u74dc\uff0ccitrono \u67e0\u6aac\uff0crubuso \u9ed1\u8393\uff0cru\u011da ribo \u7ea2\u918b\u6817<\/p>\n<p><strong>\u011c. \u996e\u6599<\/strong><\/p>\n<p>vino \u9152\u3001\u8461\u8404\u9152\uff0cbrando \u767d\u5170\u5730\uff0cbiero \u5564\u9152\uff0c\u0109ampano \u9999\u69df\uff0cviskio \u5a01\u58eb\u5fcc\uff0ckir\u015do \u6a31\u6843\u9152\uff0clikvoro \u5229\u4e45\u9152\uff0cnektaro \u7f8e\u9152\uff0crumo \u751c\u9152\uff0cvermuto \u82e6\u827e\u9152\uff0ckumiso \u5976\u9152\uff0cvodko \u4fc4\u56fd\u4f0f\u7279\u52a0\u9152\uff0csakeo \u65e5\u672c\u7c73\u9152\uff0ckonjako \u6cd5\u56fd\u767d\u5170\u5730\uff0c\u011dino \u677e\u5b50\u9152\uff0cportero \u82f1\u56fd\u9ed1\u5564\u9152\uff0ccidro \u82f9\u679c\u9152\uff0csodakvo \u6c7d\u6c34\uff0climonado \u67e0\u6aac\u6c34\uff0cfruktosuko \u679c\u6c41\uff0cglacia\u0135o \u51b0\u6fc0\u51cc\uff0cteo \u8336\uff0cnigra teo \u7ea2\u8336\uff0cverda teo \u7eff\u8336\uff0ckafo \u5496\u5561\uff0c\u0109okolado \u5de7\u514b\u529b\uff0ckakao \u53ef\u53ef<\/p>\n<p><strong>H. \u7c73\u9762\u98df\u54c1<\/strong><\/p>\n<p>vermi\u0109elo \u9762\u6761\uff0cpano \u9762\u5305\uff0cpatkuko \u5927\u997c\uff0cmanto\u016do (vaporumita pano) \u9992\u5934\uff0cbulko \u5c0f\u9762\u5305\uff0cbiskvito \u997c\u5e72\uff0ckringo \u5c0f\u997c\u5e72\uff0cmarcipano \u674f\u4ec1\u9165\uff0cmeringelo \u86cb\u9752\u997c\uff0csufleo \u86cb\u7cd5\uff0ckrakeno \u5c0f\u8106\u997c\uff0cmakarono \u674f\u4ec1\u997c\uff0cmakaronio \u901a\u5fc3\u7c89\uff0cpaste\u0109o \u8089\u9985\u70b9\u5fc3\uff0cflano \u8299\u5170\u7cd5\uff0ctorto \u5927\u86cb\u7cd5\uff0csandvi\u0109o \u4e09\u660e\u6cbb\uff0criza\u0135o \u7c73\u996d\uff0cka\u0109o \u7ca5\uff0cnudelsupo \u7599\u7629\u6c64\uff0ckuko \u7cd5\u997c\uff0csojfaba lakto \u8c46\u6d46\uff0cto\u016dfuo (sojfaba kazeo) \u8c46\u8150\uff0cfritita pasta\u0135o \u6cb9\u997c\uff0c\u011dja\u016dzio \u997a\u5b50\uff0chuntuno \u9984\u9968<\/p>\n<p><strong>\u0124. \u9910\u5177<\/strong><\/p>\n<p>telero \u76d8\u5b50\uff0cpleto \u6258\u76d8\uff0cbovlo \u7897\uff0ctaso \u676f\uff0cpokalo \u9152\u676f\uff0ckru\u0109o \u58f6\uff0cplado \u5927\u76d8\uff0ckulero \u8c03\u7fb9\uff0ctablokulero \u6c64\u52fa\uff0cforko \u53c9\u5b50\uff0ctran\u0109ilo \u5200\u5b50\uff0ctablotuko \u684c\u5e03\uff0cbu\u015dtuko \u9910\u5dfe\uff0cfingrobovlo \u6d17\u624b\u7897\uff0ckorktirilo \u74f6\u8d77\u5b50\uff0csamovaro \u8336\u708a\uff0cdentpurigilo \u7259\u7b7e<\/p>\n<p>&nbsp;<\/p>\n<p><a href=\"https:\/\/reto.cn\/php\/hanyu\/gvidlibro-de-esperanta-konversacio\/17-2\/\">\u7b2c17\u8bfe<\/a>\u2003<a href=\"https:\/\/reto.cn\/php\/hanyu\/gvidlibro-de-esperanta-konversacio\/\">\u56de\u76ee\u5f55<\/a>\u2003<a href=\"https:\/\/reto.cn\/php\/hanyu\/gvidlibro-de-esperanta-konversacio\/19-2\/\">\u7b2c19\u8bfe<\/a><\/p>\n","protected":false},"excerpt":{"rendered":"<p>18. Restoracio \u996d\u5e97 \u0108u vi bonvolus tagman\u011di kun mi \u0109e la \u2026 <span class=\"read-more\"><a href=\"https:\/\/reto.cn\/php\/hanyu\/lernado-de-esperanto\/gvidlibro-de-esperanta-konversacio\/18-2\/\">\u7ee7\u7eed\u9605\u8bfb Legi pli &raquo;<\/a><\/span><\/p>\n","protected":false},"author":9,"featured_media":0,"parent":12966,"menu_order":18,"comment_status":"open","ping_status":"closed","template":"","meta":{"footnotes":""},"_links":{"self":[{"href":"https:\/\/reto.cn\/php\/hanyu\/wp-json\/wp\/v2\/pages\/13001"}],"collection":[{"href":"https:\/\/reto.cn\/php\/hanyu\/wp-json\/wp\/v2\/pages"}],"about":[{"href":"https:\/\/reto.cn\/php\/hanyu\/wp-json\/wp\/v2\/types\/page"}],"author":[{"embeddable":true,"href":"https:\/\/reto.cn\/php\/hanyu\/wp-json\/wp\/v2\/users\/9"}],"replies":[{"embeddable":true,"href":"https:\/\/reto.cn\/php\/hanyu\/wp-json\/wp\/v2\/comments?post=13001"}],"version-history":[{"count":0,"href":"https:\/\/reto.cn\/php\/hanyu\/wp-json\/wp\/v2\/pages\/13001\/revisions"}],"up":[{"embeddable":true,"href":"https:\/\/reto.cn\/php\/hanyu\/wp-json\/wp\/v2\/pages\/12966"}],"wp:attachment":[{"href":"https:\/\/reto.cn\/php\/hanyu\/wp-json\/wp\/v2\/media?parent=13001"}],"curies":[{"name":"wp","href":"https:\/\/api.w.org\/{rel}","templated":true}]}}