{"id":13011,"date":"2022-11-13T10:39:18","date_gmt":"2022-11-13T02:39:18","guid":{"rendered":"https:\/\/reto.cn\/php\/hanyu\/?page_id=13011"},"modified":"2022-11-16T17:12:40","modified_gmt":"2022-11-16T09:12:40","slug":"23-2","status":"publish","type":"page","link":"https:\/\/reto.cn\/php\/hanyu\/lernado-de-esperanto\/gvidlibro-de-esperanta-konversacio\/23-2\/","title":{"rendered":"\u4e16\u754c\u8bed\u4f1a\u8bdd\u6307\u5357 23"},"content":{"rendered":"<h1 style=\"text-align: center;\"><strong>23. Zoologia \u011cardeno \u52a8\u7269\u56ed<\/strong><\/h1>\n<p>Tiu \u0109i estas unu el la plej grandaj zoologiaj \u011dardenoj de nia lando. Mi \u011din vizitis plurfoje, tamen mi e\u0109 ne scias la nomon de multaj el \u011diaj lo\u011dantoj.<\/p>\n<p>\u8fd9\u662f\u6211\u56fd\u6700\u5927\u7684\u52a8\u7269\u56ed\u4e4b\u4e00\u3002\u6211\u5df2\u6e38\u89c8\u4e86\u591a\u6b21\uff0c\u53ef\u662f\u8fde\u5b83\u7684\u597d\u4e9b\u4f4f\u6237\u7684\u540d\u5b57\u6211\u90fd\u4e0d\u77e5\u9053\u5462\u3002<\/p>\n<p>\u0108u estas multaj specoj de bestoj en \u011di?<\/p>\n<p>\u91cc\u9762\u52a8\u7269\u79cd\u7c7b\u5f88\u591a\u5417\uff1f<\/p>\n<p>Jes, jes, tre multaj birdoj, brutoj, amfibioj, fi\u015doj&#8230; tre diversaj.<\/p>\n<p>\u662f\u7684\uff0c\u662f\u7684\uff0c\u5f88\u591a\u7684\u9e1f\u3001\u517d\u3001\u4e24\u6816\u52a8\u7269\u3001\u9c7c\u2026\u2026\u5404\u79cd\u5404\u6837\u7684\u3002<\/p>\n<p>Do, ne mankas al \u011di anka\u016d raraj bestoj?<\/p>\n<p>\u90a3\u4e48\u4e5f\u4e0d\u4e4f\u73cd\u7a00\u52a8\u7269\u4e86\uff1f<br \/>\nRarajn bestojn \u011di ricevis de diversaj landoj. La best\u011dardeno estas loko ne nur por amuzi vizitantojn kaj konigi al ili diversajn bestojn, sed anka\u016d por fari sciencajn esplorojn por la feli\u0109o de la homaro.<\/p>\n<p>\u5b83\u4ece\u5404\u56fd\u6536\u5230\u4e86\u4e00\u4e9b\u73cd\u7a00\u52a8\u7269\u3002\u52a8\u7269\u56ed\u4e0d\u4ec5\u662f\u6e38\u5ba2\u7684\u5a31\u4e50\u573a\u6240\uff0c\u4e0d\u4ec5\u53ef\u4ee5\u4f7f\u4ed6\u4eec\u8ba4\u8bc6\u5404\u79cd\u52a8\u7269\uff0c\u800c\u4e14\u4e5f\u662f\u8fdb\u884c\u79d1\u5b66\u7814\u7a76\u5de5\u4f5c\u4ee5\u9020\u798f\u4eba\u7c7b\u7684\u5730\u65b9\u3002<\/p>\n<p>\u0108u feli\u0109o de la homaro dependas anka\u016d de esploro pri bestoj?<\/p>\n<p>\u96be\u9053\u4eba\u7c7b\u7684\u5e78\u798f\u4e5f\u8981\u9760\u7814\u7a76\u52a8\u7269\u5417\uff1f<\/p>\n<p>Jes, anka\u016d de tio. La porkoj, bovoj, \u015dafoj, kaproj donas al ni viandon, la kokinoj, anasinoj, anserinoj kaj koturninoj donas al ni ovojn, la \u015dafoj kaj kaproj donas al ni lanon kaj felojn, la \u0109evaloj, azenoj, muloj kaj kameloj portas \u015dar\u011dojn por ni, la birdoj instruas nin pri aviado, la vespertoj instruas nin pri la tekniko de radaro, la fi\u015doj havigis al la homoj la ideon krei submaran \u015dipon, la lumbrikoj ne nur helpas nin en terkulturo, nun e\u0109 povas esti mem uzata kiel man\u011da\u0135o.<\/p>\n<p>\u4e0d\u9519\uff0c\u4e5f\u8981\u9760\u7814\u7a76\u52a8\u7269\u3002\u732a\u3001\u725b\u3001\u7ef5\u7f8a\u3001\u5c71\u7f8a\u4f9b\u7ed9\u6211\u4eec\u8089\uff0c\u6bcd\u9e21\u3001\u6bcd\u9e2d\u3001\u6bcd\u9e45\u3001\u6bcd\u9e4c\u9e51\u7ed9\u6211\u4eec\u751f\u86cb\uff0c\u7ef5\u7f8a\u548c\u5c71\u7f8a\u7ed9\u6211\u4eec\u7f8a\u6bdb\u3001\u6bdb\u76ae\uff0c\u9a6c\u3001\u9a74\u3001\u9aa1\u3001\u9a86\u9a7c\u7ed9\u6211\u4eec\u9a6e\u7269\uff0c\u9e1f\u6559\u6211\u4eec\u822a\u7a7a\uff0c\u8759\u8760\u6559\u6211\u4eec\u96f7\u8fbe\u6280\u672f\uff0c\u9c7c\u4f7f\u4eba\u4ea7\u751f\u4e86\u9020\u6f5c\u6c34\u8247\u7684\u5ff5\u5934\uff0c\u86af\u8693\u4e0d\u4ec5\u5e2e\u52a9\u6211\u4eec\u79cd\u7530\uff0c\u73b0\u5728\u8fd8\u53ef\u4ee5\u5145\u4f5c\u98df\u7269\u3002<\/p>\n<p>Jes, vere. Nun mi vidas, ke ni devas zorgi anka\u016d pri la bestoj, se ni volas bone vivi.<\/p>\n<p>\u554a\uff0c\u771f\u7684\u3002\u73b0\u5728\u6211\u660e\u767d\u4e86\uff0c\u6211\u4eec\u8981\u751f\u6d3b\u5f97\u597d\uff0c\u4e5f\u5f97\u5173\u5fc3\u52a8\u7269\u3002<\/p>\n<p>Sed la homoj ekstermadas bestojn ne nur per kruela \u0109asado sed anka\u016d per polucio de la medioj.<\/p>\n<p>\u53ef\u662f\u4eba\u7c7b\u4e0d\u4ec5\u7528\u6b8b\u5fcd\u7684\u6355\u730e\u800c\u4e14\u7528\u6c61\u67d3\u73af\u5883\u5728\u706d\u7edd\u52a8\u7269\u3002<\/p>\n<p>Oni diras, ke la pandoj estas en dan\u011dero pro morto de bambuoj, kiuj estas ilia plej \u015datata man\u011da\u0135o.<\/p>\n<p>\u636e\u8bf4\u718a\u732b\u6b63\u56e0\u4e3a\u5b83\u7231\u5403\u7684\u7af9\u5b50\u67af\u6b7b\u9762\u4e34\u7740\u5371\u9669\u3002<\/p>\n<p>Jam malaperis pluraj specioj, kiel ekzemple la birdo dido, la atlantika griza baleno, la nordpacifika sireno, la uro kaj la migranta kolombo, la rinocero, la java tigro, la varano (giganta lacerto), la amerika gruo kaj aliaj bestoj ilin sekvos, se ili ne estos protektataj.<\/p>\n<p>\u6709\u5173\u51e0\u79cd\u52a8\u7269\uff0c\u50cf\u6e21\u6e21\u9e1f\u3001\u5927\u897f\u6d0b\u7070\u9cb8\u3001\u5317\u5927\u897f\u6d0b\u7f8e\u4eba\u9c7c\u3001\u539f\u725b\u4ee5\u53ca\u5019\u9e1f\u9e3d\u5b50\u5df2\u7ecf\u7edd\u8ff9\u4e86\u3002\u7280\u725b\u3001\u722a\u54c7\u864e\u3001\u5de8\u8725\u7f8e\u6d32\u9e64\uff0c\u8fd8\u6709\u53e6\u5916\u7684\u52a8\u7269\uff0c\u5982\u679c\u4e0d\u52a0\u4ee5\u4fdd\u62a4\uff0c\u5c06\u4f1a\u6b65\u5b83\u4eec\u7684\u540e\u5c18\u3002<\/p>\n<p>Rigardu, kiel ridinde sin movas la pando! \u011ci similas al mallerta infano. Jen \u011di ludas kun sia ido.<\/p>\n<p>\u77a7\uff0c\u90a3\u5934\u718a\u732b\u7684\u52a8\u4f5c\u591a\u53ef\u7b11\uff01\u5b83\u50cf\u4e2a\u611a\u7b28\u7684\u5b69\u5b50\u3002\u77a7\uff0c\u5b83\u5728\u548c\u5c0f\u5d3d\u505a\u6e38\u620f\u3002<\/p>\n<p>Rigardu la simiojn kaj makakojn sur la artefarita monteto!<\/p>\n<p>\u77a7\u5047\u5c71\u4e0a\u90a3\u4e9b\u733f\u7334\u554a\uff01<\/p>\n<p>Jen, malgranda simiido kro\u0109i\u011das sur la kolo de la patrino palpebrumanta!<\/p>\n<p>\u77a7\uff0c\u5c0f\u7334\u5d3d\u6402\u7740\u7728\u7740\u773c\u775b\u7684\u7334\u5b50\u5988\u5988\u5462\uff01<\/p>\n<p>En Malajzio botanikistoj sukcesis instrui makakojn depreni valorajn specimenojn de plantoj en malfacile atingeblaj lokoj, kaj en Sumatro oni instruas ilin pluki kokosojn. En Tajlando makako e\u0109<br \/>\npovas aktori.<\/p>\n<p>\u9a6c\u6765\u897f\u4e9a\u690d\u7269\u5b66\u5bb6\u4eec\u6559\u4f1a\u733f\u7334\u5728\u96be\u4ee5\u591f\u5f97\u7740\u7684\u5730\u65b9\u91c7\u96c6\u5b9d\u8d35\u7684\u6807\u672c\uff0c\u5728\u82cf\u95e8\u7b54\u814a\u6709\u4eba\u6559\u733f\u7334\u6458\u6930\u5b50\u3002\u5728\u6cf0\u56fd\u733f\u7334\u8fd8\u4f1a\u6f14\u620f\u5462\uff01<\/p>\n<p>Anka\u016d en nia lando dresitaj simioj, hundoj kaj \u015dafoj en cirkoj povas amuzi spektantojn per sia prezentado.<\/p>\n<p>\u5728\u6211\u56fd\u9a6c\u620f\u56e2\u91cc\u53d7\u8fc7\u8bad\u7ec3\u7684\u7334\u5b50\u3001\u72d7\u3001\u7f8a\u4e5f\u80fd\u8868\u6f14\u8282\u76ee\u5a31\u4e50\u89c2\u4f17\u3002<\/p>\n<p>La makakoj, orangutangoj, goriloj kaj \u0109impanzoj estas inteligentaj bestoj. En Kalifornio oni lernigas al juna gorilo signolingvon el pli ol kvarcent vortoj. Orangutangoj povas inter\u015dan\u011di diversajn signojn kun homoj.<\/p>\n<p>\u733f\u3001\u7334\u3001\u7329\u7329\uff0c\u5927\u7329\u7329\uff0c\u9ed1\u7329\u7329\u662f\u806a\u660e\u7684\u52a8\u7269\u3002\u5728\u52a0\u5229\u798f\u5c3c\u4e9a\u5dde\uff0c\u4eba\u4eec\u6559\u5e74\u8f7b\u7684\u5927\u7329\u7329\u5b66\u4e60\u6709\u56db\u767e\u591a\u4e2a\u5355\u8bcd\u7684\u7b26\u53f7\u8bed\u8a00\u3002\u7329\u7329\u53ef\u4ee5\u548c\u4eba\u4e92\u901a\u4fe1\u53f7\u3002<\/p>\n<p>Papago e\u0109 povas paroli.<\/p>\n<p>\u9e66\u9e49\u8fd8\u4f1a\u8bf4\u8bdd\u5462\u3002<\/p>\n<p>Efektive \u011di nur imitas sed ne komprenas homan lingvon. Anka\u016d hindaj majnoj kun nigraj plumoj kaj flavaj kruroj, afrikaj grizaj papagoj, sudamerikaj araoj kun longa vosto kaj a\u016dstraliaj kakatuoj povas imiti parolon. Kaj sturnoj ofte imitas kantojn de aliaj birdoj.<\/p>\n<p>\u5b9e\u9645\u5b83\u53ea\u662f\u6a21\u4eff\u5e76\u4e0d\u61c2\u4eba\u7684\u8bed\u8a00\u3002\u9ed1\u7fbd\u9ec4\u817f\u7684\u5370\u5ea6\u516b\u54e5\uff0c\u975e\u6d32\u7684\u7070\u9e66\u9e49\uff0c\u5357\u7f8e\u6d32\u7684\u957f\u5c3e\u91d1\u521a\u9e66\u9e49\uff0c\u6fb3\u5927\u5229\u4e9a\u7684\u7f8e\u7fbd\u9e66\u9e49\u90fd\u80fd\u6a21\u4eff\u4eba\u7684\u8bed\u8a00\u3002\u71d5\u516b\u54e5\u8fd8\u5e38\u5e38\u5b66\u522b\u7684\u9e1f\u513f\u7684\u9e23\u58f0\u5462\u3002<\/p>\n<p>Jen, domo de birdoj, ni eniru.<\/p>\n<p>\u77a7\uff0c\u9e1f\u9986\uff0c\u6211\u4eec\u8fdb\u53bb\u5427\u3002<\/p>\n<p>Rigardu la pingvenojn! Ilia irmaniero tre amuzas la infanojn. Plej brilkolorajn plumojn havas la pavoj kaj fazanoj. Plej majestan sintenon havas la cignoj. La vulturoj aspektas ferocaj. La kormoranoj dresitaj povas helpi fi\u015distojn per fi\u015dkaptado.<\/p>\n<p>\u77a7\u90a3\u4e9b\u4f01\u9e45\uff01\u5b83\u4eec\u8d70\u8def\u7684\u6837\u5b50\u4f7f\u5b69\u5b50\u4eec\u89c9\u5f97\u6709\u8da3\u3002\u5b54\u96c0\u548c\u5c71\u9e21\u7684\u7fbd\u6bdb\u6700\u9c9c\u8273\u4e86\u3002\u5929\u9e45\u7684\u59ff\u6001\u6700\u795e\u6c14\u3002\u79c3\u9e70\u7684\u6837\u5b50\u6700\u51f6\u731b\u3002\u9c7c\u9e70\u7ecf\u8fc7\u8bad\u7ec3\u4f1a\u5e2e\u6e14\u592b\u6355\u9c7c\u3002<\/p>\n<p>La \u0109irpado, grakado, kri\u0109ado kaj ululado faras malagrablan bruon. Ni eliru.<\/p>\n<p>\u53fd\u53fd\u55b3\u55b3\uff0c\u9e70\u557c\u67ad\u9e23\u5608\u6742\u523a\u8033\u3002\u6211\u4eec\u8d70\u5427\u3002<\/p>\n<p>Ni vizitu la domon de riveraj kaj maraj bestoj. Tie estas kviete.<\/p>\n<p>\u8ba9\u6211\u4eec\u53bb\u53c2\u89c2\u6c34\u65cf\u9986\u5427\u3002\u90a3\u513f\u5f88\u5b89\u9759\u3002<\/p>\n<p>\u0108u tio estas specimeno de baleno? Vere giganta \u011di estas!<\/p>\n<p>\u90a3\u662f\u9cb8\u9c7c\u7684\u6807\u672c\u5417\uff1f\u5b83\u771f\u662f\u5e9e\u7136\u5927\u7269\uff01<\/p>\n<p>\u011ci estas nur juna baleno; multe pli grandaj estas la plena\u011daj balenoj. En antikveco vivis dinosa\u016droj kun longeco de 22,68 metroj!<\/p>\n<p>\u5b83\u53ea\u662f\u4e00\u53ea\u5e7c\u9cb8\uff1b\u6210\u5e74\u7684\u9cb8\u9c7c\u8fd8\u8981\u5927\u5f97\u591a\u3002\u53e4\u4ee3\u6709\u8eab\u957f 22,68 \u7c73\u7684\u6050\u9f99\u5462\uff01<\/p>\n<p>Rigardu, kio tie saltadas el la akvoj! Tiel peza estas \u011dia korpo, tamen tiel facile kaj alte \u011di povas sin \u0135eti!<\/p>\n<p>\u77a7\u90a3\u662f\u4ec0\u4e48\u5728\u4e0d\u65ad\u8df3\u51fa\u6c34\u9762\uff1f\uff01\u5b83\u8eab\u4f53\u90a3\u6837\u6c89\u91cd\uff0c\u5374\u80fd\u8df3\u5f97\u90a3\u6837\u8f7b\u677e\u3001\u90a3\u6837\u9ad8\uff01<\/p>\n<p>\u011ci estas delfeno \u011ci kaj foceno (marporko) povas ludi kun bredistoj por amuzi la spektantojn.<\/p>\n<p>\u5b83\u662f\u6d77\u8c5a\u3002\u5b83\u548c\u9f20\u6d77\u8c5a\u80fd\u548c\u9a6f\u517b\u8005\u6e38\u620f\uff0c\u5a31\u4e50\u89c2\u4f17\u3002<\/p>\n<p>Kiel kuriozajn fi\u015dojn montras la akvarioj!<\/p>\n<p>\u9c7c\u7f38\u91cc\u7684\u9c7c\u53ef\u771f\u662f\u7a00\u5947\uff01<\/p>\n<p>Kiel belaj estas la asterioj! Oni ilin nomas marsteloj, \u0109ar ili havas naturan formon de kvinpinta stelo.<\/p>\n<p>\u6d77\u76d8\u8f66\u7684\u6837\u5b50\u591a\u7f8e\u5440\uff01\u56e0\u4e3a\u5b83\u4eec\u6709\u5929\u7136\u7684\u4e94\u89d2\u661f\u7684\u5f62\u72b6\uff0c\u4eba\u4eec\u53eb\u5b83\u4eec\u6d77\u661f\u3002<\/p>\n<p>Tie ku\u015das abomenaj krokodiloj!<\/p>\n<p>\u90a3\u513f\u8db4\u7740\u4ee4\u4eba\u751f\u538c\u7684\u9cc4\u9c7c\u3002<\/p>\n<p>Oni diras, ke malgrandaj egiptaj pluvioj ne timas krokodilojn kaj ili povas kuri en la vasta fa\u016dko de la terura besto por ser\u0109i nutra\u0135ojn tie. La krokodiloj permesas al ili tion fari, \u0109ar \u0109i tiuj povas ekstermi por ili hirudojn, kiuj fiksi\u011das al la krokodila lango.<\/p>\n<p>\u57c3\u53ca\u7684\u5c0f\u9e1f\u4e0d\u6015\u9cc4\u9c7c\uff0c\u751a\u81f3\u53ef\u4ee5\u8dd1\u5230\u9cc4\u9c7c\u7684\u8840\u76c6\u5927\u53e3\u91cc\u53bb\u89c5\u98df\u3002\u9cc4\u9c7c\u8ba9\u5b83\u4eec\u90a3\u6837\u5b50\uff0c\u56e0\u4e3a\u5b83\u4eec\u80fd\u6d88\u706d\u9489\u5728\u9cc4\u9c7c\u820c\u5934\u4e0a\u7684\u6c34\u86ed\u3002<\/p>\n<p>Vere interesas rilatoj inter bestoj.<\/p>\n<p>\u52a8\u7269\u95f4\u7684\u5173\u7cfb\u771f\u6709\u8da3\u3002<\/p>\n<p>En bezono, e\u0109 hundo povas amiki\u011di kun kato.<\/p>\n<p>\u9700\u8981\u7684\u65f6\u5019\uff0c\u72d7\u548c\u732b\u90fd\u80fd\u505a\u670b\u53cb\u3002<\/p>\n<h2 style=\"text-align: center;\">\u5907\u7528\u8bcd\u8bed<\/h2>\n<p><strong>A. \u9e1f\u7c7b<\/strong><\/p>\n<p>aglo \u9e70\uff0cardeo \u9e6d\uff0cala\u016ddo \u4e91\u96c0\uff0cfalko \u96bc\uff0cfringo \u71d5\u96c0\uff0cgruo \u9e64\uff0cru\u011dverta gruo \u4e39\u9876\u9e64\uff0ccikonio \u9e73\uff0cibiso \u7ea2\u9e64\uff0cnajtingalo \u591c\u83ba\uff0cmerlo \u98ce\u9e1f\uff0cpavo \u5b54\u96c0\uff0cpigo \u559c\u9e4a\uff0cpego \u5544\u6728\u9e1f\uff0cmevo \u6d77\u9e25\uff0coriolo \u9ec4\u9e42\uff0costardo (sova\u011dansero) \u5927\u96c1\uff0cpelikano \u9e48\u9e55\uff0cstrigo \u732b\u5934\u9e70\uff0csturno \u690b\u9e1f\uff0cturdo \u753b\u7709\uff0cpasero \u9ebb\u96c0\uff0ctinunkolo \u8336\u96bc\uff0ckorvo \u4e4c\u9e26\uff0ckorniko \u7070\u80cc\u4e4c\u9e26\uff0cmonedo \u7a74\u4e4c\uff0ckorako \u5927\u4e4c\u9e26\uff0ctukano \u5de8\u5634\u9e1f\uff0cfenikso \u51e4\u51f0\uff0cansero \u9e45\uff0cnumido \u73e0\u9e21\uff0cmeleagro \u706b\u9e21\uff0cnizo \u9e5e\u5b50<\/p>\n<p><strong>B. \u517d\u7c7b<\/strong><\/p>\n<p>brutoj \u517d\u7c7b\uff0cantilopo \u7f9a\u7f8a\uff0capro \u5c71\u7f8a\uff0cbubalo \u6c34\u725b\uff0cbruna urso \u68d5\u718a\uff0cbarta baleno \u957f\u987b\u9cb8\uff0cdromedaro \u5355\u5cf0\u9a7c\uff0cerinaco \u523a\u732c\uff0cfoko \u6d77\u8c79\uff0cgazelo \u77aa\u7f9a\uff0chieno \u9b23\u72d7\uff0chistriko \u8c6a\u732a\uff0chipopotamo \u6cb3\u9a6c\uff0clinko \u731e\u7301\uff0cleono \u72ee\u5b50\uff0ckanguruo \u888b\u9f20\uff0cmuso \u8001\u9f20\uff0crato \u5927\u8001\u9f20\uff0cmarmoto \u571f\u62e8\u9f20\uff0cpolusa urso \u5317\u6781\u718a\u3001\u767d\u718a\uff0cpantero \u9ed1\u8c79\uff0cmefito \u81ed\u9f2c\uff0cputoro \u9ec4\u9f20\u72fc\uff0clupo \u72fc\uff0c\u015dakalo \u8c7a\uff0ctalpo \u9f39\u9f20\uff0clutro \u6c34\u736d\uff0celefanto \u8c61\uff0cleopardo \u730e\u8c79\uff0cpumo \u7f8e\u6d32\u8c79\uff0coceloto (panterkato) \u8c79\u732b\uff0ckojoto \u5c71\u72d7\uff0cfako\u0109ero \u75a3\u732a\uff0c\u011dirafo \u957f\u9888\u9e7f\uff0ccervo \u9e7f\uff0crinocero \u7280\u725b\uff0ckapreolo \u72cd\u5b50\uff0chino \u9a74\u9aa1\uff08\u6bcd\u9a74\u751f\uff09\uff0cmopso \u53ed\u513f\u72d7\uff0cpudelo \u5377\u6bdb\u72d7\uff0cbuldogo \u54c8\u5df4\u72d7\uff08\u4e00\u79cd\u6597\u72ac\uff09\uff0cdogo \u731b\u72ac\uff0ckamelo \u9a86\u9a7c\uff0cmaniso \u7a7f\u5c71\u7532\uff0cboaco=rangifero \u9a6f\u9e7f\uff0calko \u9e8b\u9e7f\uff0czibelo \u8c82\uff0czebro \u6591\u9a6c\uff0czizelo \u9ec4\u9f20\uff0cpoefago \u7266\u725b<\/p>\n<p><strong>C. \u722c\u866b\u7c7b<\/strong><\/p>\n<p>reptilioj \u722c\u866b\u7c7b\uff0cdinosa\u016dro \u6050\u9f99\uff0cserpento \u86c7\uff0cvipuro \u6bd2\u86c7\uff0cboao \u87d2\uff0clacerto \u8725\u8734\uff0ckameleono \u53d8\u8272\u9f99\uff0ckelonio \u6d77\u9f9f\uff0ctestudo \u9f9f\uff0camidao \u9cd6\uff0cigvano \u9b1f\u8725\uff0cdrako \u9f99<\/p>\n<p><strong>\u0108. \u6606\u866b\u7c7b<\/strong><\/p>\n<p>insekto \u6606\u866b\uff0cpapilio \u8774\u8776\uff0ccikado \u8749\uff0cabelo \u871c\u8702\uff0caraneo \u8718\u86db\uff0cvespo \u80e1\u8702\uff0cburdo \u571f\u8702\uff0cakrido \u8757\u866b\uff0cgrilo \u87cb\u87c0\uff0clibelo \u873b\u8713\uff0clokusto \u86b1\u8722\uff0cmanto \u87b3\u8782\uff0clampiro \u8424\u706b\u866b\uff0cskarabo \u7532\u866b\uff0cformiko \u8682\u8681\uff0cra\u016dpo \u6bdb\u866b\uff0cvermo \u86c6\u866b\uff0cskolopendro \u8708\u86a3\uff0clumbriko \u86af\u8693\uff0ctermito \u767d\u8681\uff0cmoskito \u868a\u5b50\uff0ckulo \u868b\uff0cpulo \u8df3\u86a4\uff0cpediko \u8671\u5b50\uff0ccimo \u81ed\u866b\uff0cmu\u015do \u82cd\u8747\uff0ctineo \u8863\u86fe\uff0csilkra\u016dpo \u8695\uff0cbombikso \u8695\u86fe\uff0cblato \u87d1\u8782<\/p>\n<p><strong>D. \u9c7c\u7c7b<\/strong><\/p>\n<p>karpo \u9ca4\u9c7c\uff0ckaraso \u9cab\u9c7c\uff0ctinuso \u91d1\u67aa\u9c7c\uff0cmoruo \u9cd5\u9c7c\uff0cflugfi\u015do \u98de\u9c7c\uff0cplatiso \u5e73\u9c7c\uff0cksifio (spadfi\u015do) \u65d7\u9c7c\uff0corfi\u015do \u91d1\u9c7c\uff0cple\u016dronekto \u6bd4\u76ee\u9c7c\uff0charingo \u9752\u9c7c \uff08\u53c2\u770b\u7b2c\u5341\u516b\u7ae0\u201c\u996d\u5e97\u201d\uff09<\/p>\n<p><strong>E. \u52a8\u7269\u9e23\u53eb<\/strong><\/p>\n<p>heni \u9a6c\u5636\uff0cmu\u011di \u543c\uff0ciai \u9a74\u53eb\uff0cboji \u72ac\u5420\uff0cjelpi \u72d7\u54c0\u53f7\uff0cmia\u016di \u732b\u53eb\uff0churli \u72fc\u568e\uff0cbei \u7f8a\u54a9\u54a9\u53eb\uff0cgrunti \u732a\u53eb\uff0ckvaki \u9752\u86d9\u5471\u5471\u53eb\uff0cgraki \u9e2d\u5b50\u53eb\uff0cpepi \u5527\u5527\u53eb\uff0c\u0109irpi \u5541\u557e\uff0ckokeriki \u516c\u9e21\u5594\u5594\u557c\uff0ckluki \u6bcd\u9e21\u54af\u54af\u53eb\uff0crukuli \u5495\u5495\u53eb\uff0ckveri \u9e3d\u5b50\u5495\u5495\u53eb\uff0ckri\u0109i \u9e70\u557c\uff0cbleki \u9e23\u53eb\uff0cblekegi \u731b\u517d\u543c\u53eb\uff0ctrili \u9e1f\u513f\u5a49\u8f6c\u6b4c\u5531\uff0ckanti \u5531\uff0cmurmuri \u5462\u5583<\/p>\n<p>&nbsp;<\/p>\n<p><a href=\"https:\/\/reto.cn\/php\/hanyu\/gvidlibro-de-esperanta-konversacio\/22-2\/\">\u7b2c22\u8bfe<\/a>\u2003<a href=\"https:\/\/reto.cn\/php\/hanyu\/gvidlibro-de-esperanta-konversacio\/\">\u56de\u76ee\u5f55<\/a>\u2003<a href=\"https:\/\/reto.cn\/php\/hanyu\/gvidlibro-de-esperanta-konversacio\/24-2\/\">\u7b2c24\u8bfe<\/a><\/p>\n","protected":false},"excerpt":{"rendered":"<p>23. Zoologia \u011cardeno \u52a8\u7269\u56ed Tiu \u0109i estas unu el la plej gr\u2026 <span class=\"read-more\"><a href=\"https:\/\/reto.cn\/php\/hanyu\/lernado-de-esperanto\/gvidlibro-de-esperanta-konversacio\/23-2\/\">\u7ee7\u7eed\u9605\u8bfb Legi pli &raquo;<\/a><\/span><\/p>\n","protected":false},"author":9,"featured_media":0,"parent":12966,"menu_order":23,"comment_status":"open","ping_status":"closed","template":"","meta":{"footnotes":""},"_links":{"self":[{"href":"https:\/\/reto.cn\/php\/hanyu\/wp-json\/wp\/v2\/pages\/13011"}],"collection":[{"href":"https:\/\/reto.cn\/php\/hanyu\/wp-json\/wp\/v2\/pages"}],"about":[{"href":"https:\/\/reto.cn\/php\/hanyu\/wp-json\/wp\/v2\/types\/page"}],"author":[{"embeddable":true,"href":"https:\/\/reto.cn\/php\/hanyu\/wp-json\/wp\/v2\/users\/9"}],"replies":[{"embeddable":true,"href":"https:\/\/reto.cn\/php\/hanyu\/wp-json\/wp\/v2\/comments?post=13011"}],"version-history":[{"count":0,"href":"https:\/\/reto.cn\/php\/hanyu\/wp-json\/wp\/v2\/pages\/13011\/revisions"}],"up":[{"embeddable":true,"href":"https:\/\/reto.cn\/php\/hanyu\/wp-json\/wp\/v2\/pages\/12966"}],"wp:attachment":[{"href":"https:\/\/reto.cn\/php\/hanyu\/wp-json\/wp\/v2\/media?parent=13011"}],"curies":[{"name":"wp","href":"https:\/\/api.w.org\/{rel}","templated":true}]}}