{"id":13013,"date":"2022-11-13T10:39:25","date_gmt":"2022-11-13T02:39:25","guid":{"rendered":"https:\/\/reto.cn\/php\/hanyu\/?page_id=13013"},"modified":"2022-11-16T16:58:55","modified_gmt":"2022-11-16T08:58:55","slug":"24-2","status":"publish","type":"page","link":"https:\/\/reto.cn\/php\/hanyu\/lernado-de-esperanto\/gvidlibro-de-esperanta-konversacio\/24-2\/","title":{"rendered":"\u4e16\u754c\u8bed\u4f1a\u8bdd\u6307\u5357 24"},"content":{"rendered":"<h1 style=\"text-align: center;\"><strong>24. Botanika \u011cardeno \u690d\u7269\u56ed<\/strong><\/h1>\n<p>P (patro): \u0108u anta\u016de vi vizitis botanikan \u011dardenon?<\/p>\n<p>\u7238\u7238\uff1a\u4f60\u4ee5\u524d\u53c2\u89c2\u8fc7\u690d\u7269\u56ed\u5417\uff1f<\/p>\n<p>F (filo): Ne, neniam.<\/p>\n<p>\u513f\u5b50\uff1a\u6ca1\u6709\uff0c\u4ece\u672a\u53c2\u89c2\u8fc7\u3002<\/p>\n<p>P: \u0108u vi scias, kio estas botaniko?<\/p>\n<p>\u7238\u7238\uff1a\u4f60\u77e5\u9053\u4ec0\u4e48\u662f\u690d\u7269\u5b66\u5417\uff1f<\/p>\n<p>F: Jes, \u011di estas scienco pri vegetaloj.<\/p>\n<p>\u513f\u5b50\uff1a\u77e5\u9053\uff0c\u5b83\u662f\u7814\u7a76\u690d\u7269\u7684\u79d1\u5b66\u3002<\/p>\n<p>P: Kio estas vegetaloj?<\/p>\n<p>\u7238\u7238\uff1a\u4ec0\u4e48\u662f\u690d\u7269\u5462\uff1f<\/p>\n<p>F: Ili estas planta\u0135oj, vegetaloj, vivuloj, kiuj konsistigas la alian regnon de vivuloj ol tiu de la animaloj.<\/p>\n<p>\u513f\u5b50\uff1a\u5b83\u4eec\u662f\u6784\u6210\u52a8\u7269\u754c\u4ee5\u5916\u7684\u53e6\u4e00\u751f\u7269\u754c\u7684\u751f\u7269\u3002<\/p>\n<p>P: Kio estas la diferenco inter la vegetaloj kaj animaloj?<\/p>\n<p>\u7238\u7238\uff1a\u690d\u7269\u548c\u52a8\u7269\u6709\u4ec0\u4e48\u533a\u522b\uff1f<\/p>\n<p>F: La animaloj povas movi\u011di, sed la vegetaloj ne.<\/p>\n<p>\u513f\u5b50\uff1a\u52a8\u7269\u80fd\u6d3b\u52a8\uff0c\u690d\u7269\u5c31\u4e0d\u80fd\u3002<\/p>\n<p>P: Kvankam la arboj kaj florplantoj ne povas iri, tamen ja multaj vegetaloj povas movi\u011di. Ekzemple la bakterioj povas na\u011di en likva\u0135oj.<\/p>\n<p>\u7238\u7238\uff1a\u867d\u7136\u6811\u6728\u82b1\u5349\u4e0d\u4f1a\u8d70\u52a8\uff0c\u53ef\u662f\u8bb8\u591a\u690d\u7269\u662f\u4f1a\u52a8\u7684\u3002\u4f8b\u5982\u7ec6\u83cc\u5c31\u80fd\u5728\u6db2\u4f53\u4e2d\u6e38\u52a8\u3002<\/p>\n<p>F: \u0108u bakterio estas vegetalo?<\/p>\n<p>\u513f\u5b50\uff1a\u7ec6\u83cc\u662f\u690d\u7269\u5417\uff1f<\/p>\n<p>P: Jes. Kvankam \u011di ne enhavas klorofilon, tamen \u011di havas \u0109elparietojn el celulozo, kiel la aliaj vegetaloj.<\/p>\n<p>\u7238\u7238\uff1a\u662f\u7684\u3002\u867d\u7136\u5b83\u6ca1\u6709\u53f6\u7eff\u7d20\uff0c\u7136\u800c\u5b83\u548c\u5176\u5b83\u690d\u7269\u4e00\u6837\uff0c\u6709\u7ea4\u7ef4\u7d20\u6784\u6210\u7684\u7ec6\u80de\u58c1\u3002<\/p>\n<p>F: Rigardu, pa\u0109jo, tie kolekti\u011das amaso da vizitantoj. Kio ilin interesas?<\/p>\n<p>\u513f\u5b50\uff1a\u7238\uff0c\u4f60\u77a7\uff0c\u90a3\u513f\u805a\u96c6\u4e86\u4e00\u7fa4\u6e38\u5ba2\u3002\u4ec0\u4e48\u4e1c\u897f\u4f7f\u4ed6\u4eec\u611f\u5174\u8da3\u5462\uff1f<\/p>\n<p>P: Ni iru rigardi. Ha, sentemaj mimozoj! Rigardu, \u011di tuj kuntiras siajn folierojn se oni ektu\u015das ilin. \u0108u \u011di ne estas vegetalo kiu povas movi\u011di ?!<\/p>\n<p>\u7238\u7238\uff1a\u8ba9\u6211\u4eec\u53bb\u77a7\u77a7\u3002\u54c8\uff0c\u662f\u542b\u7f9e\u8349\uff01\u4f60\u77a7\u77a7\uff0c\u8f7b\u8f7b\u4e00\u78b0\u5b83\u7684\u53f6\u5b50\uff0c\u5b83\u7acb\u523b\u5c31\u628a\u53f6\u5b50\u5408\u62e2\u6765\u3002\u8fd9\u4e0d\u662f\u4f1a\u52a8\u7684\u690d\u7269\u5417\uff1f<\/p>\n<p>F: Vere interesa planto!<\/p>\n<p>\u513f\u5b50\uff1a\u771f\u662f\u6709\u8da3\u7684\u690d\u7269\uff01<\/p>\n<p>P: Rigardu, tie estas drozero, herbo pli mirinda. \u011ciaj folioj havas glandoharojn kun sekreciita gluo, per kio \u011di povas kapti insektojn.<\/p>\n<p>\u7238\u7238\uff1a\u90a3\u513f\u662f\u8305\u818f\u83dc\uff0c\u8fd9\u79cd\u83dc\u66f4\u5999\u5566\u3002\u5b83\u7684\u53f6\u5b50\u6709\u5206\u6ccc\u7c98\u6db2\u7684\u7ea4\u6bdb\uff0c\u7528\u7c98\u6db2\u80fd\u6355\u6349\u5c0f\u866b\u3002<\/p>\n<p>F: \u0108u \u011di povas kapti insekton?<\/p>\n<p>\u513f\u5b50\uff1a\u5b83\u80fd\u6355\u866b\uff1f<\/p>\n<p>P: Jes, se oni \u011din nutras per viandaj pecetoj, \u011di povas bone kreski. Se oni donus al \u011di tro grandajn viandpecojn, tio ka\u016dzus al \u011di dispepsion kaj velkon de la folioj.<\/p>\n<p>\u7238\u7238\uff1a\u662f\u7684\uff0c\u5982\u679c\u5582\u4ee5\u8089\u672b\uff0c\u5b83\u4f1a\u957f\u5f97\u5f88\u597d\u3002\u5982\u679c\u5582\u7684\u8089\u5757\u592a\u5927\uff0c\u4f1a\u4f7f\u5b83\u6d88\u5316\u4e0d\u826f\uff0c\u53f6\u5b50\u67af\u69c1\u3002<\/p>\n<p>F: Vegetalo kun dispepsio!<\/p>\n<p>\u513f\u5b50\uff1a\u690d\u7269\u5bb3\u6d88\u5316\u4e0d\u826f\uff01<\/p>\n<p>P: Dioneo, a\u016d mu\u015dkaptulo, e\u0109 povas kapti mu\u015dojn. Se mu\u015do falas sur \u011dian folion, la folio tuj kunvolvi\u011das, envolvas la viktimon kaj poste \u011din digestas.<\/p>\n<p>\u7238\u7238\uff1a\u6355\u8747\u8349\u8fd8\u4f1a\u6355\u6349\u82cd\u8747\u5462\u3002\u82e5\u6709\u82cd\u8747\u843d\u5728\u5b83\u7684\u53f6\u5b50\u4e0a\uff0c\u53f6\u5b50\u5c31\u4f1a\u7acb\u5373\u5377\u8d77\u6765\uff0c\u628a\u727a\u7272\u8005\u5377\u5728\u91cc\u9762\uff0c\u7136\u540e\u628a\u5b83\u6d88\u5316\u6389\u3002<\/p>\n<p>F: Mirinda herbo!<\/p>\n<p>\u513f\u5b50\uff1a\u5947\u5999\u7684\u8349\u554a\uff01<\/p>\n<p>P: E\u0109 pli mirinda estas nepento. \u011ci havas saketon \u0109e la fino de sia folio. \u0108iu saketo surhavas kovrilon. Se insekto falas en la saketon, la kovrilo tuj enfermas \u011din en la saketo kaj poste la kapta\u0135o estas disgestita per sekreciita muko.<\/p>\n<p>\u7238\u7238\uff1a\u732a\u7b3c\u8349\u6bd4\u5b83\u8fd8\u8981\u5947\u5999\u5462\u3002\u5b83\u7684\u53f6\u7aef\u6709\u5c0f\u56ca\uff0c\u6bcf\u4e2a\u56ca\u4e0a\u6709\u76d6\u3002\u5982\u679c\u6606\u866b\u6389\u8fdb\u56ca\u4e2d\uff0c\u76d6\u5b50\u4fbf\u7acb\u523b\u628a\u5b83\u5173\u8fdb\u56ca\u4e2d\uff0c\u7136\u540e\u7528\u5206\u6ccc\u7684\u7c98\u6db2\u628a\u6355\u83b7\u7269\u6d88\u5316\u6389\u3002<\/p>\n<p>F: Nun mi scias, ke vegetalo e\u0109 povas man\u011di animalon.<\/p>\n<p>\u513f\u5b50\uff1a\u73b0\u5728\u6211\u77e5\u9053\u4e86\u690d\u7269\u8fd8\u80fd\u5403\u52a8\u7269\u5462\u3002<\/p>\n<p>P: Iuj vegetaloj povas vivi multe pli longe ol la animaloj. Rigardu tiun arbon. \u011ci estas sekvojadendro el Kalifornio. \u011ci estas konata en nia lando Avo de la Mondo, \u0109ar \u011di povas vivi pli ol tri mil jarojn.<\/p>\n<p>\u7238\u7238\uff1a\u6709\u4e9b\u690d\u7269\u5bff\u547d\u6bd4\u52a8\u7269\u957f\u5f97\u591a\u3002\u4f60\u77a7\u90a3\u68f5\u6811\u662f\u6765\u81ea\u52a0\u5229\u798f\u5c3c\u4e9a\u5dde\u7684\u5de8\u6749\uff0c\u5728\u6211\u56fd\u5b83\u53eb\u505a\u4e16\u754c\u7237\uff0c\u56e0\u4e3a\u5b83\u80fd\u6d3b\u4e09\u5343\u591a\u5e74\u3002<\/p>\n<p>F: Tiel longe!<\/p>\n<p>\u513f\u5b50\uff1a\u80fd\u6d3b\u90a3\u4e48\u591a\u5e74\uff01<\/p>\n<p>P: Sur la Kanaria Insularo vivas speco de arbo, kiu povas vivi ses mil jarojn.<\/p>\n<p>\u7238\u7238\uff0c\u5728\u52a0\u90a3\u5229\u7fa4\u5c9b\u6709\u4e00\u79cd\u6811\uff0c\u80fd\u6d3b\u516d\u5343\u5e74\u3002<\/p>\n<p>F: Tiaj arboj devas esti gigantaj.<\/p>\n<p>\u513f\u5b50\uff1a\u90a3\u79cd\u6811\u5fc5\u5b9a\u662f\u5de8\u5927\u7684\u5566\u3002<\/p>\n<p>P: Sekvojadendro povas atingi altecon de pli ol 100 metroj kaj dikecon de 12 metroj; a\u016dstralia e\u016dkalipto povas atingi altecon de 150 metroj. Oni diras, ke iu tropika ramptiga kreska\u0135o e\u0109 povas kreski \u011dis la longeco de 300 metroj!<\/p>\n<p>\u7238\u7238\uff1a\u5de8\u6749\u80fd\u957f\u4e00\u767e\u7c73\u9ad8\uff0c\u5341\u4e8c\u7c73\u7c97\uff1b\u6fb3\u6d32\u6849\u6811\u80fd\u957f 150 \u7c73\u9ad8\u3002\u636e\u8bf4\u6709\u4e00\u79cd\u70ed\u5e26\u6500\u63f4\u690d\u7269\u80fd\u957f\u5230 300 \u7c73\u957f\u5462\uff01<\/p>\n<p>F: \u0108u la gigantoj havas grandegan kapon?<\/p>\n<p>\u513f\u5b50\uff1a\u8fd9\u4e9b\u5de8\u6811\u5934\u4e5f\u5f88\u5927\u5427\uff1f<\/p>\n<p>P: Ne \u0109iuj gigantaj arboj havasa grandegan kapon. Sed banjanoj havas grandan kapon, \u0109ar \u011diaj brancoj estas subtenataj de multaj aeraj radikoj; en la ombro de iuj banjanoj povas ripozi e\u0109 mil personoj.<\/p>\n<p>\u7238\u7238\uff1a\u4e0d\u662f\u6240\u6709\u5de8\u6811\u90fd\u6709\u5927\u6811\u51a0\u3002\u4f46\u6995\u6811\u6709\u5927\u6811\u51a0\uff0c\u56e0\u4e3a\u5b83\u7684\u679d\u5e72\u6709\u8bb8\u591a\u6c14\u6839\u652f\u6491\u5b83\uff1b\u6709\u7684\u6811\u836b\u4e0b\u53ef\u5bb9\u7eb3\u5343\u4eba\u4f11\u606f\u3002<\/p>\n<p>F: Vere interese! Estas tiel multe da arboj en la mondo&#8230; Kiom da arbospecioj trovi\u011das en nia lando?<\/p>\n<p>\u513f\u5b50\uff1a\u771f\u6709\u8da3\uff01\u4e16\u754c\u4e0a\u6709\u90a3\u4e48\u591a\u7684\u6811\u2026\u2026\u6211\u56fd\u6709\u591a\u5c11\u79cd\u6811\u5462\uff1f<\/p>\n<p>P: Pli ol du mil specioj, dum en E\u016dropo nur pli ol cent kvindek.<\/p>\n<p>\u7238\u7238\uff1a\u6709\u4e24\u5343\u591a\u79cd\uff0c\u800c\u6b27\u6d32\u4e0d\u8fc7\u6709\u4e00\u767e\u4e94\u5341\u591a\u79cd\u3002<\/p>\n<p>F: Do nia lando estas aparte favorata de la naturo, \u0109u ne?<\/p>\n<p>\u513f\u5b50\uff1a\u90a3\u4e48\u6211\u56fd\u662f\u5f97\u5929\u72ec\u539a\u4e86\uff0c\u5bf9\u5417\uff1f<\/p>\n<p>P: En nia lando estas multaj montegoj, pro kio la glaciriveroj ne povis detrui iujn antikvajn kreska\u0135ojn. En nia lando trovi\u011das pli ol tridek mil specioj de vegetaloj, el kiuj pli ol du mil specioj de plantoj povas doni al ni nutra\u0135on, dum en E\u016dropo kaj Ameriko estas nur mil specioj de tiaj vegetaloj.<\/p>\n<p>\u7238\u7238\uff1a\u6211\u56fd\u6709\u8bb8\u591a\u5927\u5c71\uff0c\u56e0\u800c\u51b0\u6cb3\u672a\u80fd\u6bc1\u706d\u67d0\u4e9b\u690d\u7269\u3002\u6211\u56fd\u6709\u4e09\u4e07\u79cd\u690d\u7269\uff0c\u5176\u4e2d\u4e24\u5343\u591a\u79cd\u53ef\u4ee5\u63d0\u4f9b\u98df\u54c1\uff0c\u800c\u6b27\u6d32\u548c\u7f8e\u6d32\u5374\u53ea\u6709\u4e00\u5343\u591a\u79cd\u8fd9\u6837\u7684\u690d\u7269\u3002<\/p>\n<p>F: Oni diras, ke nur en \u0108inio postvivas ginkoj kaj metasekvojo.<\/p>\n<p>\u513f\u5b50\uff1a\u636e\u8bf4\u53ea\u6709\u4e2d\u56fd\u7559\u6709\u94f6\u674f\u548c\u6c34\u6749\u3002<\/p>\n<p>P: Jes. En nia lando vivas multego da florplantoj. \u0108u vi scias kiuj estas la tri famaj floroj de nia lando?<\/p>\n<p>\u7238\u7238\uff1a\u4e0d\u9519\u3002\u6211\u56fd\u6709\u8bb8\u591a\u82b1\u5349\u3002\u4f60\u77e5\u9053\u6211\u56fd\u7684\u4e09\u5927\u82b1\u5349\u662f\u4ec0\u4e48\u5417\uff1f<\/p>\n<p>F: Ili estas&#8230; ili estas umeo, peonio kaj krizantemo, \u0109u ne?<\/p>\n<p>\u513f\u5b50\uff1a\u5b83\u4eec\u662f\u2026\u2026\u5b83\u4eec\u662f\u6885\u82b1\u3001\u7261\u4e39\u3001\u83ca\u82b1\uff0c\u5bf9\u5427\uff1f<\/p>\n<p>P: Ne. Ili estas popularaj, tamen ne la plej famaj. La plej famaj estas genciano, primolo kaj rododendro. En la mondo estas 400 specoj de genciano kaj 230 vivas en \u0108inio; el la 450 specoj de primoloj de la mondo 390 vivas en \u0108inio; 650 el la \u0109. 800 specoj de rododendroj de la mondo vivas en \u0108inio. En nia lando trovi\u011das multaj florarboj kaj fruktarboj.<\/p>\n<p>\u7238\u7238\uff1a\u4e0d\u5bf9\u3002\u5b83\u4eec\u867d\u7136\u4e3a\u4eba\u559c\u7231\u5374\u4e0d\u662f\u4e09\u5927\u540d\u82b1\u3002\u6700\u8457\u540d\u7684\u662f\u9f99\u80c6\u8349\u3001\u62a5\u6625\u82b1\u548c\u675c\u9e43\u82b1\u3002\u4e16\u754c\u4e0a\u6709 400 \u79cd\u9f99\u80c6\u8349\uff0c230 \u79cd\u957f\u5728\u4e2d\u56fd\uff1b\u4e16\u754c\u4e0a\u6709 450 \u79cd\u62a5\u6625\u82b1\uff0c\u5176\u4e2d\u6709 390 \u79cd\u957f\u5728\u4e2d\u56fd\uff1b\u4e16\u754c\u4e0a\u6709 800 \u79cd\u675c\u9e43\u82b1\uff0c\u5176\u4e2d\u6709 650 \u79cd\u957f\u5728\u4e2d\u56fd\u3002\u4e2d\u56fd\u6709\u8bb8\u591a\u82b1\u6811\u548c\u679c\u6811\u3002<\/p>\n<p>F: Aparte bela kaj utila estas kopako, \u0109ar \u011diaj floroj estas grandaj kaj \u0109armaj, kaj \u011diaj fruktoj donas utilajn fibrojn.<\/p>\n<p>\u513f\u5b50\uff1a\u6728\u68c9\u7279\u522b\u7f8e\uff0c\u7279\u522b\u6709\u7528\uff0c\u5b83\u7684\u82b1\u53c8\u5927\u53c8\u597d\u770b\uff0c\u5b83\u7684\u679c\u5b9e\u51fa\u4ea7\u6709\u7528\u7684\u7ea4\u7ef4\u3002<\/p>\n<p>P: Anka\u016d la tropikaj panarboj, oleaj kokosarboj kaj pizangoj (bananarboj) estas tre utilaj. La fruktoj de oleaj kokosarboj povas doni pli multe da man\u011doleo ol ternukso a\u016d sojfabo.<\/p>\n<p>\u7238\u7238\uff1a\u70ed\u5e26\u7684\u9762\u5305\u6811\u3001\u6cb9\u68d5\u548c\u9999\u8549\u6811\u4e5f\u5f88\u6709\u7528\u3002\u6cb9\u68d5\u7684\u679c\u5b9e\u6bd4\u82b1\u751f\u3001\u5927\u8c46\u4ea7\u7684\u6cb9\u8fd8\u591a\u3002<\/p>\n<p>F: Multaj vegetaloj povas esti uzataj kiel drogoj.<\/p>\n<p>\u513f\u5b50\uff1a\u8bb8\u591a\u690d\u7269\u53ef\u4ee5\u836f\u7528\u3002<\/p>\n<p>P: En nia lando vivas anka\u016d multe da specoj de drogherboj.<\/p>\n<p>\u7238\u7238\uff1a\u6211\u56fd\u8fd8\u6709\u8bb8\u591a\u79cd\u836f\u8349\u5462\u3002<\/p>\n<h2 style=\"text-align: center;\">\u5907\u7528\u8bcd\u8bed<\/h2>\n<p><strong>A. \u6811\u6728<\/strong><\/p>\n<p>saliko \u67f3\u6811\uff0cpoplo \u767d\u6768\uff0ctremolo \u9752\u6768\uff0calno \u8d64\u6768\uff0cbukso \u9ec4\u6768\uff0csoforo \u69d0\u6811\uff0culmo \u6986\u6811\uff0cale\u016drito \u6cb9\u6850\uff0coran\u011darbo \u751c\u6a59\u6811\uff0csterkulio \u68a7\u6850\uff0cpa\u016dlovnio \u6ce1\u6850\uff0cplatano \u6cd5\u56fd\u68a7\u6850\uff0crobinio \u6d0b\u69d0\uff0cpino \u677e\u6811\uff0cabio \u679e\u6811\uff0clariko \u843d\u53f6\u677e\uff0ccedro \u9a6c\u5c3e\u677e\uff0c\u0109ina kriptomerio \u4e2d\u534e\u67f3\u6749\uff0cmandarinarbo \u6a58\u5b50\u6811\uff0cpieco \u4e91\u6749\uff0cosmanto \u6842\uff0csabino \u5706\u67cf\uff0ccipreso \u4e1d\u67cf\uff0cbioto \u6241\u67cf\uff0cdeodaro \u9999\u67cf\uff0cjunipero \u523a\u67cf\uff0ckameciperio \u6241\u67cf\uff0ctujo \u91d1\u949f\u67cf\uff0cselaginelo \u5377\u67cf\uff0cacero \u69ed\u6811\uff0cmorusarbo \u6851\u6811\uff0cebono \u4e4c\u6728\uff0ctilio \u83e9\u63d0\uff0cpomarbo \u82f9\u679c\u6811\uff0cpirarbo \u68a8\u6811\uff0cpersikarbo \u6843\u6811\uff0cabrikotarbo \u674f\u6811\uff0cprunarbo \u674e\u5b50\u6811\uff0csiringo \u7d2b\u4e01\u9999\uff0cbetulo \u767d\u6866\uff0cmahagono \u6843\u82b1\u5fc3\u6728\uff0csantalo \u6a80\u6728\uff0cgranatarbo \u77f3\u69b4\u6811\uff0czizifo = jujubarbo \u67a3\u6811\uff0cilekso \u5723\u8bde\u6811\uff0cfrangolo \u51ac\u9752\uff0ckratago \u5c71\u6942\uff0crotano \u85e4\u5b50\uff0cmagnolio \u7389\u5170\uff0ckverko \u6a61\u6811\uff0cpersimonarbo \u67ff\u5b50\u6811\uff0cavenarbo \u699b\u5b50\u6811\uff0cjuglandarbo \u6838\u6843\u6811\uff0cglicineo \u85e4\u841d\uff0cumearbo \u6885\uff0cfago \u5c71\u6bdb\u6989\uff0colivarbo \u6a44\u6984\uff0c\u0109erizarbo \u6a31\u6843\u6811\uff0csakurarbo \u6a31\u82b1\u6811<\/p>\n<p><strong>B. \u82b1\u8349<\/strong><\/p>\n<p>rozo \u73ab\u7470\uff0c\u0109ina rozo \u6708\u5b63\uff0cnarciso \u6c34\u4ed9\uff0clotusfloro \u8377\u82b1\uff0cdianto \u77f3\u7af9\uff0cbalzamino \u51e4\u4ed9\u82b1\uff0canemono \u767d\u5934\u7fc1\uff0cjasmeno \u8309\u8389\uff0cirido \u9e22\u5c3e\u8349\uff0cagavo \u9f99\u820c\u5170\uff0corkideo \u5170\u82b1\uff0ckalendulo \u91d1\u76cf\u82b1\uff0ckakto \u4ed9\u4eba\u638c\uff0cmiozoto (neforgesumino) \u52ff\u5fd8\u6211\uff0cpapavo \u7f42\u7c9f\uff0coleandro \u5939\u7af9\u6843\uff0crosmareno \u8ff7\u8fed\u9999\uff0ckamelio \u5c71\u8336\u82b1\uff0cviolo \u7d2b\u5807\uff0cklemato \u94c1\u7ebf\u83b2\uff0clilio \u767e\u5408\uff0ckonvolvulo \u7275\u725b\u82b1\uff0ckonvalo \u94c3\u5170\uff0cazaleo \u675c\u9e43\u82b1\uff0csakuro \u6a31\u82b1\uff0cglicirizo \u7518\u8349\uff0cabsinto \u82e6\u827e\uff0cabrotano \u9999\u84bf\uff0ccejano \u77e2\u8f66\u83ca\uff0cdalio \u5927\u4e3d\u82b1\uff0cedelvejso = ne\u011dfloro \u8584\u96ea\u8349\uff0ceriko \u6b27\u77f3\u6960\u5c5e\uff0chelianto = sunfloro \u5411\u65e5\u8475\uff0cmirto \u6843\u91d1\u5a18<\/p>\n<p><strong>C. \u5176\u5b83<\/strong><\/p>\n<p>trunko \u6811\u5e72\uff0cbran\u0109o \u6811\u679d\uff0cfrondo \u5e26\u53f6\u6811\u679d\uff0cfloro \u82b1\uff0cpoleno \u82b1\u7c89\uff0cfrukto \u679c\u5b9e\uff0csemo \u79cd\u5b50\uff0cradiko \u6839\uff0ctigo \u830e\uff0cdorno \u523a\uff0cfungo \u8611\u83c7\uff0clemno \u6d6e\u840d\uff0calgo \u6d77\u85fb\uff0cmusko \u82d4\u85d3\uff0cgrimplantoj \u6500\u63f4\u690d\u7269\uff0cmaizo \u7389\u7c73\uff0csorgo \u9ad8\u7cb1\uff0crizo \u7a3b\u7c73\uff0cmilio \u5c0f\u7c73\uff0cfabo \u8695\u8c46\uff0csojfabo \u5927\u8c46\uff0cfazeolo \u5c0f\u8c46\uff0ctritiko \u5c0f\u9ea6\uff0csekalo \u88f8\u9ea6\uff0chordeo \u5927\u9ea6\uff0csukerkano \u7518\u8517\uff0ctabako \u70df\u8349\uff0cterpomo \u571f\u8c46\uff0cbatato \u767d\u85af\uff0ckukurbo \u5357\u74dc\uff0cvakskukurbo \u51ac\u74dc\uff0ckukumo \u9ec4\u74dc\uff0ckanabo \u5927\u9ebb\uff0cjuto \u9ec4\u9ebb\uff0clino \u4e9a\u9ebb\uff0ckotono \u68c9\u82b1\uff0ckoptido \u9ec4\u8fde\uff0cginsengo \u4eba\u53c2\uff0cpse\u016ddoginsengo \u4e09\u4e03\uff0cramptigo \u8513\uff0cmelono \u74dc\uff0calvomelono \u897f\u74dc\uff0csezamo \u829d\u9ebb\uff0cakvoplantoj \u6c34\u751f\u690d\u7269\uff0cfiliko \u7f8a\u9f7f\uff0carbusto \u704c\u6728<\/p>\n<p>&nbsp;<\/p>\n<p><a href=\"https:\/\/reto.cn\/php\/hanyu\/gvidlibro-de-esperanta-konversacio\/23-2\/\">\u7b2c23\u8bfe<\/a>\u2003<a href=\"https:\/\/reto.cn\/php\/hanyu\/gvidlibro-de-esperanta-konversacio\/\">\u56de\u76ee\u5f55<\/a>\u2003<a href=\"https:\/\/reto.cn\/php\/hanyu\/gvidlibro-de-esperanta-konversacio\/25-2\/\">\u7b2c25\u8bfe<\/a><\/p>\n","protected":false},"excerpt":{"rendered":"<p>24. Botanika \u011cardeno \u690d\u7269\u56ed P (patro): \u0108u anta\u016de vi viziti\u2026 <span class=\"read-more\"><a href=\"https:\/\/reto.cn\/php\/hanyu\/lernado-de-esperanto\/gvidlibro-de-esperanta-konversacio\/24-2\/\">\u7ee7\u7eed\u9605\u8bfb Legi pli &raquo;<\/a><\/span><\/p>\n","protected":false},"author":9,"featured_media":0,"parent":12966,"menu_order":24,"comment_status":"open","ping_status":"closed","template":"","meta":{"footnotes":""},"_links":{"self":[{"href":"https:\/\/reto.cn\/php\/hanyu\/wp-json\/wp\/v2\/pages\/13013"}],"collection":[{"href":"https:\/\/reto.cn\/php\/hanyu\/wp-json\/wp\/v2\/pages"}],"about":[{"href":"https:\/\/reto.cn\/php\/hanyu\/wp-json\/wp\/v2\/types\/page"}],"author":[{"embeddable":true,"href":"https:\/\/reto.cn\/php\/hanyu\/wp-json\/wp\/v2\/users\/9"}],"replies":[{"embeddable":true,"href":"https:\/\/reto.cn\/php\/hanyu\/wp-json\/wp\/v2\/comments?post=13013"}],"version-history":[{"count":0,"href":"https:\/\/reto.cn\/php\/hanyu\/wp-json\/wp\/v2\/pages\/13013\/revisions"}],"up":[{"embeddable":true,"href":"https:\/\/reto.cn\/php\/hanyu\/wp-json\/wp\/v2\/pages\/12966"}],"wp:attachment":[{"href":"https:\/\/reto.cn\/php\/hanyu\/wp-json\/wp\/v2\/media?parent=13013"}],"curies":[{"name":"wp","href":"https:\/\/api.w.org\/{rel}","templated":true}]}}