{"id":13029,"date":"2022-11-13T10:40:27","date_gmt":"2022-11-13T02:40:27","guid":{"rendered":"https:\/\/reto.cn\/php\/hanyu\/?page_id=13029"},"modified":"2022-11-19T17:32:16","modified_gmt":"2022-11-19T09:32:16","slug":"32-2","status":"publish","type":"page","link":"https:\/\/reto.cn\/php\/hanyu\/lernado-de-esperanto\/gvidlibro-de-esperanta-konversacio\/32-2\/","title":{"rendered":"\u4e16\u754c\u8bed\u4f1a\u8bdd\u6307\u5357 32"},"content":{"rendered":"<h1 style=\"text-align: center;\"><b>32. En Kamparo <\/b><b>\u519c\u6751 <\/b><\/h1>\n<p>A: Preska\u016d nerekoneblas via vila\u011do! Kiam mi vizitis vin lastfoje, mi vidis neniun plureta\u011dan domon, sed nun multaj vila\u011danoj lo\u011das en elegantaj domoj dueta\u011daj. Kiel beli\u011dis via vila\u011do!<\/p>\n<p>\u7532\uff1a\u4f60\u4eec\u7684\u6751\u5b50\u51e0\u4e4e\u8ba4\u4e0d\u5f97\u4e86\uff01\u4e0a\u6b21\u6211\u6765\u7684\u65f6\u5019\uff0c\u6ca1\u89c1\u4e00\u5ea7\u697c\u623f\uff0c\u73b0\u5728\u597d\u591a\u8001\u4e61\u4f4f\u4e0a\u4e86\u6f02\u4eae\u7684\u4e8c\u5c42\u697c\u623f\u3002\u4f60\u4eec\u7684\u6751\u5b50\u53d8\u5f97\u591a\u7f8e\u5440\uff01<\/p>\n<p>B: Jes, jes. Arkitektoj donis al ni grandan helpon; ili desegnis, speciale por ni, plurajn tipojn de kamparanaj lo\u011dejoj, ke ni elektu la\u016d nia bezono. Iuj kamparanoj lertegaj e\u0109 mem projektis por si belan lo\u011dejon. Ili ri\u0109i\u011dis kaj deziras lo\u011di pli komforte kaj e\u0109 a\u0109etis kolorajn televidilojn.<\/p>\n<p>\u4e59\uff1a\u662f\u554a\uff0c\u662f\u554a\u3002\u5efa\u7b51\u5e08\u5e2e\u4e86\u5927\u5fd9\uff0c\u7279\u522b\u7ed9\u6211\u4eec\u8bbe\u8ba1\u4e86\u591a\u79cd\u519c\u6c11\u4f4f\u5b85\uff0c\u4f9b\u6211\u4eec\u6311\u9009\u3002\u6709\u4e9b\u7279\u522b\u80fd\u5e72\u7684\u519c\u6c11\u8fd8\u81ea\u5df1\u8bbe\u8ba1\u4e86\u7f8e\u89c2\u7684\u4f4f\u5b85\u3002\u4ed6\u4eec\u5bcc\u8d77\u6765\u4e86\uff0c\u60f3\u4f4f\u5f97\u66f4\u8212\u670d\u70b9\uff0c\u751a\u81f3\u8fd8\u4e70\u4e86\u5f69\u7535\u3002<\/p>\n<p>A: Neimagebla afero anta\u016d kelkaj jaroj! Kiel do oni sukcesis akiri tiel multe da monno?<\/p>\n<p>\u7532\uff1a\u8fd9\u5728\u51e0\u5e74\u524d\u662f\u4e0d\u53ef\u601d\u8bae\u7684\uff01\u4eba\u4eec\u600e\u4e48\u5f04\u5230\u8fd9\u4e48\u591a\u94b1\u7684\uff1f<\/p>\n<p>B: Dank\u2019 al entrepreno de flankokupoj, kiel bredado de dombirdoj, dombestoj, abeloj, fi\u015doj kaj aliaj, kultivado de drogherboj, plektado de korboj el bambuo a\u016d salikvergoj, brodado, funkciigo de malgrandaj fabrikoj por produkti \u0109iutagajn bezona\u0135ojn, prepari teon kaj sukeron k.t.p.<\/p>\n<p>\u4e59\uff1a\u9760\u7ecf\u8425\u526f\u4e1a\uff0c\u9972\u517b\u5bb6\u79bd\u5566\uff0c\u9972\u517b\u5bb6\u755c\u5566\u3001\u517b\u8702\u3001\u517b\u9c7c\u7b49\u7b49\uff0c\u79cd\u836f\u6750\u3001\u7f16\u7af9\u5668\u3001\u7f16\u67f3\u7b50\u3001\u523a\u7ee3\u3001\u5f00\u751f\u4ea7\u65e5\u7528\u54c1\u7684\u5c0f\u5de5\u5382\u3001\u5236\u8336\u3001\u5236\u7cd6\u7b49\u7b49\u3002<\/p>\n<p>A: Kiel iras la terkulturado? \u0108u \u011di ne estas iom neglektita?<\/p>\n<p>\u7532\uff1a\u5730\u79cd\u5f97\u600e\u6837\uff1f\u6ca1\u6709\u88ab\u5ffd\u89c6\u5427\uff1f<\/p>\n<p>B: Anka\u016d la terkulturo progresis. Anta\u016de oni ne bone plenumis la flegadon de la plantoj, kaj emfazis nur aplikon de terkulturaj ma\u015dinoj; sed hodia\u016d ni donas grandan atenton al semselektado, uzo de bonspeciaj semoj, \u011dustaj sterkado kaj irigaciado kaj zorga flegado al la plantoj.<\/p>\n<p>\u4e59\uff1a\u79cd\u7530\u4e5f\u53d6\u5f97\u4e86\u8fdb\u6b65\u3002\u4ee5\u524d\u4f5c\u7269\u7ba1\u7406\u5f97\u4e0d\u597d\uff0c\u53ea\u5f3a\u8c03\u4f7f\u7528\u519c\u673a\uff1b\u4eca\u5929\u6211\u4eec\u5f88\u6ce8\u610f\u9009\u79cd\u3001\u4f7f\u7528\u826f\u79cd\u3001\u6b63\u786e\u65bd\u80a5\u3001\u704c\u6e89\u3001\u7ba1\u7406\u4f5c\u7269\u3002<\/p>\n<p>A: Kiel iras via kultivado de kotono kaj oledonaj plantoj?<\/p>\n<p>\u7532\uff1a\u4f60\u4eec\u7684\u68c9\u82b1\u548c\u6cb9\u6599\u4f5c\u7269\u7684\u79cd\u690d\u600e\u6837\uff1f<\/p>\n<p>B: Rimarkindan sukceson ni atingis anka\u016d en tio.<\/p>\n<p>\u4e59\uff1a\u8fd9\u65b9\u9762\u6211\u4eec\u4e5f\u53d6\u5f97\u4e86\u663e\u8457\u7684\u6210\u5c31\u3002<\/p>\n<p>A: Kaj la porkbredado?<\/p>\n<p>\u7532\uff1a\u517b\u732a\u4e1a\u5982\u4f55\uff1f<\/p>\n<p>B: Bonege \u011di iras. Meznombre \u0109iu familio bredas sep porkojn. Nun ni komencis bredi specon de porkoj, kiu povas doni pli multe da malgrasa viando kaj grandan kvanton da organika sterko por fekundigi kampojn.<\/p>\n<p>\u4e59\uff1a\u641e\u5f97\u5f88\u597d\u3002\u5e73\u5747\u6bcf\u6237\u9972\u517b\u7740\u4e03\u5934\u732a\u3002\u73b0\u5728\u6211\u4eec\u5f00\u59cb\u517b\u4e00\u79cd\u591a\u4ea7\u7626\u8089\u7684\u732a\uff0c\u8fd8\u80fd\u63d0\u4f9b\u5927\u91cf\u6709\u673a\u80a5\u6599\u6765\u80a5\u7530\u3002<\/p>\n<p>A: Kiel iras la edukado en via vila\u011do?<\/p>\n<p>\u7532\uff1a\u4f60\u4eec\u6751\u7684\u6559\u80b2\u8fdb\u884c\u5f97\u600e\u4e48\u6837\uff1f<\/p>\n<p>B: Bone funkcias la elementa lernejo kaj ni fondis novan mezlernejon. Sed mankas al ni sufi\u0109e da kompetentaj instruistoj. Kvankam la normala lernejo en la gubernia urbo estas vastigita, tamen \u011di ne povas elbaki sufi\u0109e da instruistoj por plenumi la bezonon.<\/p>\n<p>\u4e59\uff1a\u5c0f\u5b66\u529e\u5f97\u4e0d\u9519\uff0c\u6211\u4eec\u8fd8\u521b\u7acb\u4e86\u65b0\u7684\u4e2d\u5b66\u3002\u53ef\u662f\u6211\u4eec\u7f3a\u4e4f\u80dc\u4efb\u5de5\u4f5c\u7684\u6559\u5e08\u3002\u867d\u7136\u53bf\u57ce\u91cc\u7684\u5e08\u8303\u5b66\u6821\u6269\u5927\u4e86\u3002\u53ef\u662f\u8fd8\u4e0d\u80fd\u57f9\u517b\u51fa\u8db3\u591f\u7684\u6559\u5e08\u6765\u6ee1\u8db3\u9700\u8981\u3002<\/p>\n<p>A: Kiel laboras la filmoprojekcia grupo?<\/p>\n<p>\u7532\uff1a\u7535\u5f71\u653e\u6620\u961f\u5de5\u4f5c\u5982\u4f55\uff1f<\/p>\n<p>B: \u011ci jam ne funkcias; oni ne plu sentas la bezonon de \u011di. En la lernejo estas granda kolora televidilo, kiu montras programerojn en \u0109iu vespero al la vila\u011danoj. La gejunuloj avidas sciencajn kaj teknikajn sciojn kaj vizitas fakajn kursojn de agronomio, medicino, elektroniko kaj dizelo.<\/p>\n<p>\u4e59\uff1a\u5b83\u505c\u529e\u4e86\uff1b\u4eba\u4eec\u4e0d\u518d\u89c9\u5f97\u9700\u8981\u5b83\u4e86\u3002\u5b66\u6821\u91cc\u6709\u90e8\u5927\u5f69\u7535\uff0c\u6bcf\u5929\u665a\u4e0a\u7ed9\u6751\u91cc\u653e\u6620\u8282\u76ee\u3002\u9752\u5e74\u4eec\u6e34\u6c42\u79d1\u5b66\u77e5\u8bc6\uff0c\u5728\u53c2\u52a0\u519c\u4e1a\u3001\u533b\u5b66\u3001\u7535\u5b50\u5b66\u548c\u67f4\u6cb9\u673a\u7684\u4e13\u4fee\u73ed\u3002<\/p>\n<p>A: Kiel iras la virina laboro?<\/p>\n<p>\u7532\uff1a\u5987\u5973\u5de5\u4f5c\u600e\u6837\uff1f<\/p>\n<p>B: Anta\u016de oni kura\u011digis la virinojn fari, kion la viroj faras, kiel ekzemple konduki traktoron, sarki kaj rikolti, konstrui irigacian kanaleton k.s.; nun la virinoj turnas sian atenton al laboroj pli konvenaj al ili, kiel guvernado, brodado, instruado al geknaboj en lernejoj, bredi dombirdojn k.t.p.<\/p>\n<p>\u4e59\uff1a\u4ece\u524d\u4eba\u4eec\u9f13\u52b1\u5987\u5973\u4ece\u4e8b\u7537\u4eba\u5e72\u7684\u6d3b\uff0c\u4f8b\u5982\u5f00\u62d6\u62c9\u673a\u3001\u9664\u8349\u3001\u6536\u5272\u3001\u4fee\u6c34\u6e20\u7b49\u7b49\uff1b\u73b0\u5728\u5987\u5973\u628a\u6ce8\u610f\u8f6c\u5411\u66f4\u9002\u5408\u5979\u4eec\u5e72\u7684\u6d3b\uff0c\u5982\u4fdd\u80b2\u5de5\u4f5c\u3001\u523a\u7ee3\u3001\u6559\u5c0f\u5b66\u751f\u3001\u9972\u517b\u5bb6\u79bd\u7b49\u3002<\/p>\n<p>A: Kiel vivas la gemaljunuloj, kiuj ne havas parencon por ilin vivteni?<\/p>\n<p>\u7532\uff1a\u65e0\u4eb2\u621a\u629a\u517b\u7684\u8001\u4eba\u751f\u6d3b\u5f97\u600e\u6837\uff1f<\/p>\n<p>B: Ili vivas feli\u0109e en la Maljunula Hejmo.<\/p>\n<p>\u4e59\uff1a\u4ed6\u4eec\u5728\u8001\u4eba\u4e4b\u5bb6\u751f\u6d3b\u5f97\u5f88\u5e78\u798f\u3002<\/p>\n<p>A: Vi jam progresis en \u0109iuj aferoj. Mi deziras al vi ankora\u016d pli belan estonton.<\/p>\n<p>\u7532\uff1a\u4f60\u4eec\u5404\u65b9\u9762\u6709\u4e86\u8fdb\u6b65\u3002\u795d\u4f60\u4eec\u7684\u672a\u6765\u66f4\u52a0\u7f8e\u597d\u3002<\/p>\n<h2 style=\"text-align: center;\">\u5907\u7528\u8bcd\u8bed<\/h2>\n<p><b><\/b><b>A. \u4e00\u822c\u7528\u8bed <\/b><\/p>\n<p>laborforto \u52b3\u52a8\u529b\uff0ckolektiva kultivado \u96c6\u4f53\u8015\u4f5c\uff0cindividua kultivado \u4e2a\u4f53\u8015\u4f5c\uff0cmodernigo de agrikulturo \u519c\u4e1a\u73b0\u4ee3\u5316\uff0crespondeca sistemo de individua la\u016dkontrakta produktado \u4e2a\u4eba\u627f\u5305\u751f\u4ea7\u8d23\u4efb\u5236\uff0calterna kulturo de plantoj \u8f6e\u4f5c\uff0cagrikultura imposto \u519c\u4e1a\u7a0e\uff0cklimato favora al agrikulturo \u6709\u5229\u519c\u4e1a\u7684\u6c14\u5019\uff0cbela perspektivo \u524d\u666f\u7f8e\u597d\uff0cmultokupa sezono \u5fd9\u5b63\uff0cpohektara produktokvanto \u5355\u4f4d\u9762\u79ef\u4ea7\u91cf\uff0cputo \u4e95\uff0cpumpstacio \u6cf5\u7ad9\uff0cagronomo \u519c\u827a\u5e08\uff0cteknika reformo de agrikulturo \u519c\u4e1a\u6280\u672f\u6539\u9020<\/p>\n<p><b>B. \u519c\u4f5c\u7269 <\/b><\/p>\n<p>tritiko \u5c0f\u9ea6\uff0crizo \u6c34\u7a3b\uff0cmaizo \u7389\u7c73\uff0cmilio \u8c37\u5b50\uff0caveno \u71d5\u9ea6\uff0cpoligono \u835e\u9ea6\uff0chordeo \u88f8\u5927\u9ea6\uff0csekalo \u5927\u9ea6\uff0csorgo \u9ad8\u7cb1\uff0csojfabo \u5927\u8c46\uff0cfabo \u8695\u8c46\uff0cfazeolo \u5c0f\u8c46\uff0cglua rizo \u7cef\u7c73\uff0csezamo \u829d\u9ebb\uff0ctabako \u70df\u8349\uff0clino \u4e9a\u9ebb\uff0cjuto \u9ec4\u9ebb\uff0ckanabo \u5927\u9ebb\uff0ckapoko \u6728\u68c9\uff0cbeto \u751c\u83dc\uff0csukerkano \u7518\u8517\uff0cteo \u8336\uff0carakido \u82b1\u751f\uff0cbatato \u767d\u85af\uff0cterpomo \u9a6c\u94c3\u85af\u3001\u571f\u8c46<\/p>\n<p><b>C. \u519c\u4e8b <\/b><\/p>\n<p>agro \u8015\u5730\uff0cparcelo \u5730\u5757\uff0calkala grundo \u76d0\u78b1\u5730\uff0cfekunda grundo \u80a5\u571f\uff0cbedo \u7566\uff0c\u015dtupokampo \u68af\u7530\uff0cracia sterkado \u5408\u7406\u65bd\u80a5\uff0cstalsterko \u53a9\u80a5\uff0cbakteria sterko \u7ec6\u83cc\u80a5\u6599\uff0cnitrogena sterko \u6c2e\u80a5\uff0ckalia stero \u94be\u80a5\uff0cfosfata sterko \u78f7\u80a5\uff0cfekundeco \u80a5\u529b\uff0cdreni \u6392\u6c34\uff0ckonstrui riverbara\u0135on \u4fee\u5824\u575d\uff0cakvorezervejo \u6c34\u5e93\uff0cnorio \u6c34\u8f66\uff0ckluzo \u95f8\uff0cpluvokvanto \u964d\u96e8\u91cf\uff0cprecipita\u0135a kvanto \u964d\u6c34\u91cf\uff0chibrida specio \u6742\u4ea4\u54c1\u79cd\uff0cartefarita fekundigo \u4eba\u5de5\u53d7\u7cbe\uff0cerpi \u8019\u5730\uff0cfal\u0109i \u5272\uff08\u5e84\u5bb6\uff09\uff0cdra\u015di \u6253\u573a\uff0cpluki \u91c7\u6458\uff0csen\u015deligi \u53bb\u76ae\uff0ctransplanti \u683d\u79cd\uff0cgrefti \u5ac1\u63a5\uff0cinokuli \u63a5\u82bd\uff0cdegrajnigi \u8131\u7c92\uff0cfiinsekto \u5bb3\u866b\uff0cakrido \u8757\u866b\uff0cmaizpiramido \u7389\u7c73\u879f\uff0crizpiramido \u7a3b\u82de\u866b\uff0csmuto de milio \u8c37\u5b50\u9ed1\u7a57\u75c5\uff0cru\u011dokula burdo \u8d64\u773c\u8702\uff0cplugilo \u7281\uff0cdiskerpilo \u5706\u76d8\u8019\uff0c\u015dprucigilo \u55b7\u96fe\u5668\uff0ckombajno \u5eb7\u62dc\u56e0\uff0cpedala dra\u015dilo \u811a\u8e0f\u6253\u8c37\u673a\uff0crizplantilo \u63d2\u79e7\u673a<\/p>\n<p><b>\u0108<\/b><b>. <\/b><b>\u526f\u4e1a <\/b><\/p>\n<p>forstigo \u9020\u6797\uff0cforstozono \u6797\u5e26\uff0carbidkultivejo \u82d7\u5703\uff0carbaro \u68ee\u6797\uff0clako \u6f06\uff0cka\u016d\u0109uko \u6a61\u80f6\uff0cpa\u015dtejo \u7267\u573a\uff0cveterinaro \u517d\u533b\uff0carbohakisto \u4f10\u6728\u5de5\uff0cmetiarto \u624b\u5de5\u5de5\u827a\uff08\u5173\u4e8e\u52a8\u690d\u7269\u540d\u79f0\u8bf7\u53c2\u9605 23 \u548c 24 \u7ae0\uff09<\/p>\n<p>&nbsp;<\/p>\n<p><a href=\"https:\/\/reto.cn\/php\/hanyu\/gvidlibro-de-esperanta-konversacio\/31-2\/\">\u7b2c31\u8bfe<\/a>\u2003<a href=\"https:\/\/reto.cn\/php\/hanyu\/gvidlibro-de-esperanta-konversacio\/\">\u56de\u76ee\u5f55<\/a>\u2003<a href=\"https:\/\/reto.cn\/php\/hanyu\/gvidlibro-de-esperanta-konversacio\/33-2\/\">\u7b2c33\u8bfe<\/a><\/p>\n","protected":false},"excerpt":{"rendered":"<p>32. En Kamparo \u519c\u6751 A: Preska\u016d nerekoneblas via vila\u011do! K\u2026 <span class=\"read-more\"><a href=\"https:\/\/reto.cn\/php\/hanyu\/lernado-de-esperanto\/gvidlibro-de-esperanta-konversacio\/32-2\/\">\u7ee7\u7eed\u9605\u8bfb Legi pli &raquo;<\/a><\/span><\/p>\n","protected":false},"author":9,"featured_media":0,"parent":12966,"menu_order":32,"comment_status":"open","ping_status":"closed","template":"","meta":{"footnotes":""},"_links":{"self":[{"href":"https:\/\/reto.cn\/php\/hanyu\/wp-json\/wp\/v2\/pages\/13029"}],"collection":[{"href":"https:\/\/reto.cn\/php\/hanyu\/wp-json\/wp\/v2\/pages"}],"about":[{"href":"https:\/\/reto.cn\/php\/hanyu\/wp-json\/wp\/v2\/types\/page"}],"author":[{"embeddable":true,"href":"https:\/\/reto.cn\/php\/hanyu\/wp-json\/wp\/v2\/users\/9"}],"replies":[{"embeddable":true,"href":"https:\/\/reto.cn\/php\/hanyu\/wp-json\/wp\/v2\/comments?post=13029"}],"version-history":[{"count":0,"href":"https:\/\/reto.cn\/php\/hanyu\/wp-json\/wp\/v2\/pages\/13029\/revisions"}],"up":[{"embeddable":true,"href":"https:\/\/reto.cn\/php\/hanyu\/wp-json\/wp\/v2\/pages\/12966"}],"wp:attachment":[{"href":"https:\/\/reto.cn\/php\/hanyu\/wp-json\/wp\/v2\/media?parent=13029"}],"curies":[{"name":"wp","href":"https:\/\/api.w.org\/{rel}","templated":true}]}}