{"id":13045,"date":"2022-11-13T10:41:31","date_gmt":"2022-11-13T02:41:31","guid":{"rendered":"https:\/\/reto.cn\/php\/hanyu\/?page_id=13045"},"modified":"2024-04-11T09:52:31","modified_gmt":"2024-04-11T01:52:31","slug":"40-2","status":"publish","type":"page","link":"https:\/\/reto.cn\/php\/hanyu\/lernado-de-esperanto\/gvidlibro-de-esperanta-konversacio\/40-2\/","title":{"rendered":"\u4e16\u754c\u8bed\u4f1a\u8bdd\u6307\u5357 40"},"content":{"rendered":"<h1 style=\"text-align: center;\"><b>40. Flughaveno <\/b><b>\u673a\u573a <\/b><\/h1>\n<p>A: Je kioma horo ekflugos la pasa\u011dera aviadilo de la aerlinio de P. al A.?<\/p>\n<p>\u7532\uff1a\u7531 P \u57ce\u5230 A \u57ce\u7684\u822a\u73ed\u51e0\u65f6\u8d77\u98de<\/p>\n<p>B: Je la oka.<\/p>\n<p>\u4e59\uff1a\u516b\u70b9\u8d77\u98de\u3002<\/p>\n<p>A: Do restas ankora\u016d tri kvaronoj. Ni sidi\u011du sur la benko \u0109e la fenestro por ripozi.<\/p>\n<p>\u7532\uff1a\u90a3\u8fd8\u6709\u4e09\u523b\u949f\u5462\u3002\u6211\u4eec\u5750\u5230\u7a97\u8fb9\u7684\u957f\u6905\u4e0a\u4f11\u606f\u4f11\u606f\u5427\u3002<\/p>\n<p>B: A\u016dskultu, jen oni anoncas prokraston de la flugo de via regula pasa\u011dera aviadilo. La vetera\u0109o ne permesas ekflugon je la \u011dusta horo.<\/p>\n<p>\u4e59\uff1a\u60a8\u542c\uff0c\u5728\u901a\u77e5\u4f60\u4eec\u7684\u822a\u73ed\u8981\u63a8\u8fdf\u3002\u5929\u6c14\u6076\u52a3\u4e0d\u80fd\u6309\u65f6\u8d77\u98de\u3002<\/p>\n<p>A: Beda\u016drinde! Kiam do \u011di ekfluos?<\/p>\n<p>\u7532\uff1a\u771f\u9057\u61be\uff01\u90a3\u4e48\u51e0\u70b9\u8d77\u98de\u5462\uff1f<\/p>\n<p>B: Eble je duonhoro pli malfrue. Certe oni anoncos denove.<\/p>\n<p>\u4e59\uff1a\u4e5f\u8bb8\u8981\u665a\u534a\u4e2a\u5c0f\u65f6\u3002\u4e00\u5b9a\u4f1a\u518d\u901a\u77e5\u7684\u3002<\/p>\n<p>A: Mi kunportas pentra\u0135on por la Asocio al s-ro N. Oni diras al mi, ke mi devas montri la atestan leteron de la Asocio al la doganejo.<\/p>\n<p>\u7532\uff1a\u6211\u7ed9\u5b66\u4f1a\u5e26\u7684\u6709\u4e00\u5e45\u7ed9 N \u5148\u751f\u7684\u753b\u3002\u8bf4\u662f\u5f97\u628a\u5b66\u4f1a\u7684\u8bc1\u660e\u4fe1\u62ff\u7ed9\u6d77\u5173\u770b\u3002<\/p>\n<p>B: Jes, tion vi devas fari dum kontrolado far doganistoj. Sen atestilo oni ne rajtas eksterlanden porti altvalorajn pentra\u0135ojn. Oni devas plenigi deklaracion pri siaj kunportataj objektoj. Jen estas formularo por vi.<\/p>\n<p>\u4e59\uff1a\u662f\u7684\uff0c\u6d77\u5173\u4eba\u5458\u8fdb\u884c\u68c0\u67e5\u65f6\u8981\u62ff\u7ed9\u4eba\u5bb6\u770b\u3002\u6ca1\u6709\u8bc1\u660e\u65e0\u6743\u5e26\u73cd\u8d35\u7684\u753b\u5230\u56fd\u5916\u3002\u9700\u8981\u586b\u5199\u65c5\u5ba2\u884c\u674e\u7533\u62a5\u5355\u3002\u8fd9\u662f\u7ed9\u60a8\u7684\u7533\u62a5\u5355\u3002<\/p>\n<p>A: Kion do mi devas enskribi?<\/p>\n<p>\u7532\uff1a\u6211\u8be5\u586b\u5199\u4ec0\u4e48\uff1f<\/p>\n<p>B: Unue legu la rimarkigojn..<\/p>\n<p>\u4e59\uff1a\u8bf7\u5148\u8bfb\u4e00\u8bfb\u6ce8\u610f\u4e8b\u9879\u3002<\/p>\n<p>A: Oni ne rajtas eksterlanden porti armilojn, radioelsendilojn, altvalorajn animalojn kaj plantojn, juvelojn&#8230; Ho ve, mi kunportas jadan skulpta\u0135on por donaci al mia amiko! Kion mi faru?<\/p>\n<p>\u7532\uff1a\u4e0d\u80fd\u5e26\u51fa\u56fd\u5916\u7684\u6709\u6b66\u5668\u3001\u65e0\u7ebf\u7535\u53d1\u5c04\u673a\u3001\u73cd\u8d35\u52a8\u7269\u3001\u690d\u7269\u3001\u73e0\u5b9d\u2026\u2026\u54ce\u5440\uff0c\u6211\u5e26\u7740\u4e00\u4ef6\u7389\u96d5\u9988\u8d60\u670b\u53cb\uff01\u600e\u4e48\u529e\uff1f<\/p>\n<p>B: Restigu \u011din \u0109e mi, mi \u011din donos al via filo.<\/p>\n<p>\u4e59\uff1a\u7ed9\u6211\u5427\uff0c\u6211\u628a\u5b83\u4ea4\u7ed9\u60a8\u513f\u5b50\u3002<\/p>\n<p>A: Beda\u016drinde, mi ne povos \u011din donaci al la amiko! La horlo\u011don, fotilon kaj transistoron mi jam enskribis. \u0108u anka\u016d la akordionon mi devas enskribi?<\/p>\n<p>\u7532\uff1a\u6211\u5c31\u4e0d\u80fd\u628a\u5b83\u9001\u7ed9\u670b\u53cb\u4e86\uff0c\u771f\u9057\u61be\uff01\u8868\u3001\u76f8\u673a\u3001\u534a\u5bfc\u4f53\u6536\u97f3\u673a\u90fd\u586b\u4e0a\u4e86\u3002\u624b\u98ce\u7434\u4e5f\u8981\u586b\u5417\uff1f<\/p>\n<p>B: Kompreneble.<\/p>\n<p>\u4e59\uff1a\u5f53\u7136\u5566\u3002<\/p>\n<p>A: Finite. Kion mi faru nun?<\/p>\n<p>\u7532\uff1a\u586b\u5b8c\u4e86\u3002\u73b0\u5728\u600e\u4e48\u529e\uff1f<\/p>\n<p>B: Prezentu \u011din al la de\u0135oranto, ke li kontrolu kaj stampu \u011din.<\/p>\n<p>\u4e59\uff1a\u628a\u7533\u62a5\u5355\u4ea4\u7ed9\u503c\u73ed\u5458\u68c0\u9a8c\u76d6\u7ae0\u3002<\/p>\n<p>A: Mi a\u016ddis, ke okazis perfortaj forkaptoj de pasa\u011deraj aviadiloj. Kie tio povis okazi, se oni severe kontrolis la kofrojn kaj paka\u0135ojn de la pasa\u011deroj?<\/p>\n<p>\u7532\uff1a\u542c\u8bf4\u53d1\u751f\u4e86\u8bb8\u591a\u52ab\u6301\u73ed\u673a\u7684\u4e8b\u4ef6\u3002\u5373\u5bf9\u65c5\u5ba2\u7684\u884c\u674e\u8fdb\u884c\u4e86\u4e25\u683c\u7684\u68c0\u67e5\uff0c\u600e\u4e48\u4f1a\u53d1\u751f\u90a3\u6837\u7684\u4e8b\u5462\uff1f<\/p>\n<p>B: Tio montras, ke la kontrolado kaj gardado ne estis sufi\u0109e bone plenumitaj. Multaj kontrabandistoj ruze ka\u015das juvelojn, horlo\u011dojn, rarajn metiarta\u0135ojn kaj pentra\u0135ojn en muzikilojn,<\/p>\n<p>gipsofiguro, kalkanumojn&#8230;<\/p>\n<p>\u4e59\uff1a\u8fd9\u8868\u660e\u68c0\u67e5\u548c\u4fdd\u536b\u5de5\u4f5c\u505a\u5f97\u4e0d\u591f\u597d\u3002\u8bb8\u591a\u8d70\u79c1\u72af\u72e1\u733e\u5730\u628a\u73e0\u5b9d\u3001\u8868\u3001\u73cd\u8d35\u624b\u5de5\u827a\u54c1\u3001\u7ed8\u753b\u5939\u85cf\u5728\u4e50\u5668\u3001\u77f3\u818f\u50cf\uff0c\u751a\u81f3\u978b\u8ddf\u4e4b\u7c7b\u7684\u4e1c\u897f\u91cc\uff01<\/p>\n<p>A: Kiel do oni povas eltrovi la ka\u015da\u0135ojn?<\/p>\n<p>\u7532\uff1a\u6709\u4ec0\u4e48\u6cd5\u5b50\u627e\u51fa\u5939\u85cf\u7684\u7269\u54c1\u5462\uff1f<\/p>\n<p>B: Per aparatoj kaj siaj spertaj okuloj kaj manoj la doganistoj tre lerti\u011dintaj en praktikado ofte sukcesas malkovri la kontrabandojn.<\/p>\n<p>\u4e59\uff1a\u6d77\u5173\u4eba\u5458\u5728\u5b9e\u8df5\u4e2d\u53d8\u5f97\u773c\u7075\u624b\u5de7\uff0c\u7528\u4eea\u5668\u548c\u4ed6\u4eec\u8001\u7ec3\u7684\u773c\u775b\u548c\u624b\u5e38\u5e38\u53ef\u4ee5\u4fa6\u7834\u8d70\u79c1\u3002<\/p>\n<p>A: Oni anoncas, ke la pasa\u011deroj donu siajn paka\u0135ojn. Mi devas iri nun. Do \u011dis la revido!<\/p>\n<p>\u7532\uff1a\u901a\u77e5\u65c5\u5ba2\u6258\u8fd0\u884c\u674e\u5566\u3002\u6211\u5f97\u53bb\u5566\uff0c\u518d\u89c1\u5427\uff01<\/p>\n<p>B: \u011cis! Zorgu vian pasporton kaj flugbileton!<\/p>\n<p>\u4e59\uff1a\u518d\u89c1\uff01\u5f53\u5fc3\u62a4\u7167\u548c\u673a\u7968\uff01<\/p>\n<p>A: Jes. Dankon! \u011cis la!<\/p>\n<p>\u7532\uff1a\u597d\u3002\u8c22\u8c22\uff01\u518d\u89c1\uff01<\/p>\n<p>C: Metu viajn kofrojn kaj valizon sur la transportan bendon! \u0108u vi havas \u015dlosilojn kaj tran\u0109ileton? Metu ilin sur la pleton! (Li komencas kontroli per sia aparato.)<\/p>\n<p>\u4e19\uff1a\u8bf7\u628a\u7bb1\u5b50\u76ae\u5305\u653e\u5230\u4f20\u9001\u5e26\u4e0a\uff01\u6709\u94a5\u5319\u548c\u5c0f\u5200\u5417\uff1f\u653e\u5728\u76d8\u5b50\u91cc\uff01\uff08\u4ed6\u5f00\u59cb\u7528\u4eea\u5668\u68c0\u67e5\u3002\uff09<\/p>\n<p>\u0108: Kio estas tio en la po\u015do?<\/p>\n<p>\u4e01\uff1a\u8863\u888b\u91cc\u88c5\u7684\u4ec0\u4e48\uff1f<\/p>\n<p>A: Ludilo.<\/p>\n<p>\u7532\uff1a\u73a9\u5177\u3002<\/p>\n<p>\u0108: Ludilo\u2014pistolo versimila!<\/p>\n<p>\u4e01\uff1a\u73a9\u5177\u624b\u67aa\u50cf\u771f\u7684\u4e00\u6837\u3002<\/p>\n<p>A: Por donaci al infano de mia amiko.<\/p>\n<p>\u7532\uff1a\u662f\u7ed9\u6211\u670b\u53cb\u7684\u5b69\u5b50\u7684\u793c\u7269\u3002<\/p>\n<p>\u0108: Mi vidas, ke vi ne intencas fari malbonon. Dankon! Nun vi povas iri kun viaj objektoj.<\/p>\n<p>\u4e01\uff1a\u770b\u60a8\u4e0d\u50cf\u5e72\u574f\u4e8b\u7684\u3002\u8c22\u8c22\uff01\u73b0\u5728\u60a8\u53ef\u4ee5\u62ff\u7740\u60a8\u7684\u4e1c\u897f\u8d70\u4e86\u3002<\/p>\n<p>A: Dankon!<\/p>\n<p>\u7532\uff1a\u8c22\u8c22\uff01<\/p>\n<p><a href=\"https:\/\/www.east-inflatables.co.uk\/e108-inflatable-tent.html\" style=\"color: white; text-decoration: none;\">inflatable tent<\/a>&nbsp;<\/p>\n<p><a href=\"https:\/\/reto.cn\/php\/hanyu\/gvidlibro-de-esperanta-konversacio\/39-2\/\">\u7b2c39\u8bfe<\/a>\u2003<a href=\"https:\/\/reto.cn\/php\/hanyu\/gvidlibro-de-esperanta-konversacio\/\">\u56de\u76ee\u5f55<\/a>\u2003<a href=\"https:\/\/reto.cn\/php\/hanyu\/gvidlibro-de-esperanta-konversacio\/41-2\/\">\u7b2c41\u8bfe<\/a><\/p>\n","protected":false},"excerpt":{"rendered":"<p>40. Flughaveno \u673a\u573a A: Je kioma horo ekflugos la pasa\u011dera\u2026 <span class=\"read-more\"><a href=\"https:\/\/reto.cn\/php\/hanyu\/lernado-de-esperanto\/gvidlibro-de-esperanta-konversacio\/40-2\/\">\u7ee7\u7eed\u9605\u8bfb Legi pli &raquo;<\/a><\/span><\/p>\n","protected":false},"author":9,"featured_media":0,"parent":12966,"menu_order":40,"comment_status":"open","ping_status":"closed","template":"","meta":{"footnotes":""},"_links":{"self":[{"href":"https:\/\/reto.cn\/php\/hanyu\/wp-json\/wp\/v2\/pages\/13045"}],"collection":[{"href":"https:\/\/reto.cn\/php\/hanyu\/wp-json\/wp\/v2\/pages"}],"about":[{"href":"https:\/\/reto.cn\/php\/hanyu\/wp-json\/wp\/v2\/types\/page"}],"author":[{"embeddable":true,"href":"https:\/\/reto.cn\/php\/hanyu\/wp-json\/wp\/v2\/users\/9"}],"replies":[{"embeddable":true,"href":"https:\/\/reto.cn\/php\/hanyu\/wp-json\/wp\/v2\/comments?post=13045"}],"version-history":[{"count":0,"href":"https:\/\/reto.cn\/php\/hanyu\/wp-json\/wp\/v2\/pages\/13045\/revisions"}],"up":[{"embeddable":true,"href":"https:\/\/reto.cn\/php\/hanyu\/wp-json\/wp\/v2\/pages\/12966"}],"wp:attachment":[{"href":"https:\/\/reto.cn\/php\/hanyu\/wp-json\/wp\/v2\/media?parent=13045"}],"curies":[{"name":"wp","href":"https:\/\/api.w.org\/{rel}","templated":true}]}}