{"id":13057,"date":"2022-11-13T10:42:14","date_gmt":"2022-11-13T02:42:14","guid":{"rendered":"https:\/\/reto.cn\/php\/hanyu\/?page_id=13057"},"modified":"2023-03-06T17:42:50","modified_gmt":"2023-03-06T09:42:50","slug":"e","status":"publish","type":"page","link":"https:\/\/reto.cn\/php\/hanyu\/lernado-de-esperanto\/gvidlibro-de-esperanta-konversacio\/e\/","title":{"rendered":"\u4e16\u754c\u8bed\u4f1a\u8bdd\u6307\u5357 \u600e\u6837\u5b66\u4e60\u4e16\u754c\u8bed\u4f1a\u8bdd\uff1f"},"content":{"rendered":"<h1 style=\"text-align: center;\"><strong>\u600e\u6837\u5b66\u4e60\u4e16\u754c\u8bed\u4f1a\u8bdd\uff1f<\/strong><\/h1>\n<p>\u8981\u60f3\u5b66\u597d\u4e16\u754c\u8bed\u4f1a\u8bdd\uff0c\u5fc5\u987b\u505a\u4e09\u4ef6\u4e8b\uff1a\u7b2c\u4e00\u3001\u5fc5\u987b\u638c\u63e1\u5b57\u6bcd\u7684\u6b63\u786e\u53d1\u97f3\u3001\u8bcd\u8bed\u7684\u91cd\u97f3\u548c\u53e5\u5b50\u7684\u8bed\u8c03\uff1b\u7b2c\u4e8c\u3001\u5fc5\u987b\u8fdb\u884c\u53cd\u590d\u7ec3\u4e60\uff1b\u7b2c\u4e09\u3001\u5fc5\u987b\u591a\u8bfb\u4e66\u3002<\/p>\n<h2 style=\"text-align: center;\">\u4e00\u3001\u8bed\u97f3\u95ee\u9898<\/h2>\n<p>\u4e16\u754c\u8bed\u7684\u5b57\u6bcd\u6709\u7684\u4e0e\u6c49\u8bed\u62fc\u97f3\u5b57\u6bcd\u8bfb\u6cd5\u76f8\u540c\uff0c\u5982 c, e,, f, i, k, l, m, n, o, p, s, t, u \u7b49\u3002\u6709\u7684\u662f\u6c49\u8bed\u62fc\u97f3\u5b57\u6bcd\u6240\u6ca1\u6709\u7684\uff0c\u5982 r \u548c v\uff1b\u6709\u4e9b\u4e0e\u6c49\u8bed\u62fc\u97f3\u7684\u5b57\u6bcd\u4e0d\u540c\uff0c\u4f46\u53d1\u97f3\u76f8\u540c\uff0c\u5982 \u0125=h, j=y, \u016d=w; \u6709\u4e9b\u4e0e\u6c49\u8bed\u62fc\u97f3\u5199\u6cd5\u76f8\u540c\uff0c\u4f46\u53d1\u97f3\u4e0d\u540c\uff0c\u4f8b\u5982\uff1ab, d, g, h, z\uff1b\u8fd8\u6709\u51e0\u4e2a\u5b57\u6bcd\u7684\u53d1\u97f3\u4e0e\u6c49\u8bed\u76f8\u4f3c\uff0c\u5374\u4e0d\u76f8\u540c\uff0c\u5fc5\u987b\u7528\u5fc3\u5b66\u4e60\u624d\u80fd\u638c\u63e1\uff0c\u5982\uff1a\u0109, \u011d, \u0135, \u015d\u3002<\/p>\n<p>r \u662f\u820c\u5c16\u98a4\u97f3\u3002\u6ca1\u6709\u7ecf\u8fc7\u8bad\u7ec3\u7684\u820c\u5934\u53d1\u786c\uff0c\u98a4\u52a8\u4e0d\u8d77\u6765\u3002\u53ef\u4ee5\u5148\u7ec3\u4e60\u8bfb tr tr tr\uff0c\u7b49\u5230\u820c\u5934\u53d8\u5f97\u7075\u6d3b\u4e86\uff0c\u518d\u53bb\u8bfb tra, tre, tri, tro, tru, kra, kre, kri, kro, kru\uff0c\u7ecf\u8fc7\u4e00\u4e2a\u65f6\u671f\u7684\u7ec3\u4e60\u4fbf\u53ef\u4ee5\u8bfb bra, bre, bri, bro, bru, ar, er, ir, or, ur, ra, re, ri, ro, ru\u3002\u7ec3\u4e60\u4e00\u5b9a\u8981\u575a\u6301\uff0c\u8981\u6709\u4fe1\u5fc3\u3002\u4e00\u822c\u4eba\u7ecf\u8fc7\u4e24\u4e2a\u6708\u7684\u7ec3\u4e60\uff0c\u5c31\u4f1a\u53d1 r \u7684\u97f3\u3002v \u7684\u97f3\u4f4d\u548c f \u7684\u76f8\u540c\uff0c\u4f46\u5b83\u662f\u6d4a\u8f85\u97f3\uff0c\u8bfb\u65f6\u4e0d\u9001\u6c14\uff0c\u800c\u8981\u632f\u52a8\u58f0\u5e26\u3002<\/p>\n<p>b, d, g \u5f80\u5f80\u88ab\u8bef\u8ba4\u4e3a\u548c\u6c49\u8bed\u62fc\u97f3\u5b57\u6bcd\u7684\u8bfb\u97f3\u76f8\u540c\uff0c\u5176\u5b9e\u4e0d\u7136\u3002\u5b83\u4eec\u662f\u6d4a\u8f85\u97f3\uff0c\u5728\u8bfb\u7684\u65f6\u5019\u5fc5\u987b\u632f\u52a8\u58f0\u5e26\u3002\u56e0\u4e3a\u5317\u65b9\u8bdd\u91cc\u6ca1\u6709\u8fd9\u4e9b\u6d4a\u8f85\u97f3\uff0c\u6240\u4ee5\u7ec3\u4e60\u8d77\u6765\u6709\u4e00\u5b9a\u56f0\u96be\u3002\u5fc5\u987b\u8ba4\u771f\u63e3\u6469\uff0c\u7528\u624b\u6478\u5589\u90e8\u58f0\u5e26\u7684\u4f4d\u7f6e\uff0c\u611f\u89c9\u53d1\u97f3\u65f6\u58f0\u5e26\u7684\u9707\u98a4\u3002\u5982\u679c\u53d1 b, d, g \u65f6\u58f0\u5e26\u4e0d\u9707\u52a8\uff0c\u5c31\u8bf4\u660e\u53d1\u51fa\u7684\u97f3\u4e0d\u662f\u6d4a\u8f85\u97f3\u3002<\/p>\n<p>h \u662f\u547c\u51fa\u7684\u6c14\u6d41\u6469\u64e6\u58f0\u5e26\u800c\u53d1\u51fa\u7684\u8f85\u97f3\u3002\u53d1\u97f3\u65f6\u4e0d\u80fd\u6469\u64e6\u5c0f\u820c\u5934\u3002z \u7684\u97f3\u4f4d\u548c s \u76f8\u540c\uff0c\u4e0d\u8981\u628a\u5b83\u8bfb\u6210\u6c49\u8bed\u62fc\u97f3\u7684 z\u3002\u5b83\u4e5f\u662f\u6d4a\u8f85\u97f3\uff0c\u8bfb\u65f6\u8981\u632f\u52a8\u58f0\u5e26\u3002<\/p>\n<p>\u0109, \u011d, \u0135, \u015d \u56db\u4e2a\u8f85\u97f3\u7684\u820c\u4f4d\u76f8\u540c\u3002\u8bfb\u65f6\u90fd\u8981\u628a\u524d\u820c\u9762\u9876\u4f4f\u786c\u53e3\u76d6\u9760\u8fd1\u9f7f\u9f88\u7684\u90e8\u5206\u3002\u0109 \u548c \u011d \u662f\u6469\u64e6\u7206\u53d1\u97f3\u3002\u0109 \u662f\u6e05\u8f85\u97f3\uff0c\u4e0d\u9707\u52a8\u58f0\u5e26\uff1b\u011d \u662f\u6d4a\u8f85\u97f3\uff0c\u8981\u632f\u52a8\u58f0\u5e26\u3002\u015d \u548c \u0135 \u662f\u6469\u64e6\u97f3\u3002\u015d \u662f\u6e05\u8f85\u97f3\uff0c\u4e0d\u9707\u52a8\u58f0\u5e26\uff1b\u0135 \u662f\u6d4a\u8f85\u97f3\uff0c\u632f\u52a8\u58f0\u5e26\u3002<\/p>\n<h2 style=\"text-align: center;\">\u4e8c\u3001\u91cd\u8bfb\u95ee\u9898<\/h2>\n<p>\u4e16\u754c\u8bed\u7684\u8bed\u6cd5\u91cd\u97f3\u5728\u5012\u6570\u7b2c\u4e8c\u4e2a\u97f3\u8282\u3002<\/p>\n<p>\u8fd9\u662f\u4e0d\u96be\u638c\u63e1\u7684\u3002\u6bd4\u8f83\u6210\u95ee\u9898\u7684\u662f\u903b\u8f91\u91cd\u97f3\uff0c\u4e5f\u5c31\u662f\u6309\u7167\u8bcd\u4e49\u5e94\u8be5\u4f5c\u51fa\u7684\u91cd\u8bfb\u3002\u4f8b\u5982 ne \u662f\u5355\u97f3\u8282\u8bcd\u513f\uff0c\u6ca1\u6709\u8bed\u6cd5\u91cd\u97f3\uff0c\u4f46\u662f\u5b83\u4ee3\u8868\u7684\u610f\u601d\u8f83\u91cd\uff0c\u6240\u4ee5\u7ecf\u5e38\u9700\u8981\u91cd\u8bfb\uff0c\u53ef\u4ee5\u6709\u903b\u8f91\u91cd\u97f3\u3002\u8fd8\u6709\u4e00\u4e9b\u5408\u6210\u8bcd\u7684\u6b21\u8981\u8bcd\u7d20\uff08flankelemento\uff09\uff0c\u4f8b\u5982\u5408\u6210\u8bcd skribotablo \u4e2d\u7684 skribo\uff0c\u5982\u679c\u4e0d\u548c\u91cd\u8bfb\u97f3\u8282\u76f8\u90bb\uff0c\u4e5f\u8981\u6709\u6b21\u91cd\u97f3\u3002skribotablo \u4fbf\u8be5\u8bfb\u4f5c skri- bo- ta- blo\u3002skri- \u4fbf\u662f\u6b21\u91cd\u97f3\u8282\uff0cler- no- li- bro\uff08\u8bfe\u672c\uff09\u4e2d\u7684 ler- \u4fbf\u662f\u6b21\u91cd\u97f3\u8282\u3002\u5e94\u8be5\u91cd\u8bfb\u7684\u5730\u65b9\u5982\u679c\u6ca1\u6709\u91cd\u8bfb\uff0c\u4f1a\u4f7f\u53e5\u5b50\u7684\u610f\u601d\u6a21\u7cca\u4e0d\u6e05\uff0c\u751a\u81f3\u6539\u53d8\u539f\u610f\u3002\u6240\u4ee5\u5fc5\u987b\u8ba4\u771f\u601d\u8003\uff0c\u4e0d\u8981\u4ea7\u751f\u903b\u8f91\u91cd\u97f3\u7684\u9519\u8bef\u3002<\/p>\n<h2 style=\"text-align: center;\">\u4e09\u3001\u8bed\u8c03\u95ee\u9898<\/h2>\n<p>\u9648\u8ff0\u53e5\u3001\u7591\u95ee\u53e5\u3001\u611f\u53f9\u53e5\u7b49\u7b49\u7684\u8bed\u8c03\u4e0d\u540c\u3002\u4e0b\u9762\u4e3e\u4f8b\u52a0\u4ee5\u8bf4\u660e:<\/p>\n<p><strong>a. \u9648\u8ff0\u53e5\uff08\u7528\u53e5\u70b9\u7ed3\u675f\u7684\u53e5\u5b50\uff09\u5e94\u8be5\u7528\u964d\u8c03\uff0c\u53e5\u5b50\u7684\u672b\u5c3e\u8bed\u8c03\u4e0b\u6c89\u3002\u4f8b\u5982\uff1a<\/strong><\/p>\n<p>1\uff0eMi estas homo.<br \/>\n\u53e5\u5b50\u4e2d\u7684 homo \u5e94\u8be5\u7528\u964d\u8c03\u3002<\/p>\n<p>2\uff0eIli laboras tre diligente.<br \/>\n\u53e5\u4e2d\u7684 diligente \u5e94\u8be5\u7528\u964d\u8c03\u3002<\/p>\n<p><strong>\u8f83\u957f\u7684\u9648\u8ff0\u53e5\uff0c\u5f80\u5f80\u542b\u6709\u9017\u53f7\uff0c\u9700\u8981\u6682\u505c\u3001\u6362\u6c14\uff0c\u4f46\u662f\u8bed\u8c03\u4e0d\u80fd\u4e0b\u6c89\uff0c\u8fd9\u6837\u542c\u8005\u624d\u77e5\u9053\u8bdd\u6ca1\u6709\u8bf4\u5b8c\u3002<\/strong><\/p>\n<p>1\uff0eMi legos la libron, kiun vi legas.<br \/>\n\u53e5\u4e2d\u7684 libron \u4e0d\u8981\u7528\u964d\u8c03\u3002<\/p>\n<p>2\uff0eIli rapide progresas, \u0109ar illi diligente lernas.<br \/>\n\u53e5\u4e2d\u7684 progresas \u4e0d\u8981\u7528\u964d\u8c03\u3002<\/p>\n<p>3\uff0ePost longa la\u016dtlegado de tekstoj, li progresis anka\u016d en konversacio.<br \/>\n\u53e5\u4e2d\u7684 tekstoj \u4e0d\u8981\u7528\u964d\u8c03\u3002<\/p>\n<p>4\uff0eSe vi helpados \u015din, certe \u015di venkos la malfacilojn kaj sukcesos.<br \/>\n\u53e5\u4e2d\u7684 \u015din \u4e0d\u8981\u7528\u964d\u8c03\u3002<\/p>\n<p><strong>b. \u666e\u901a\u7591\u95ee\u53e5\uff08\u7528 \u0109u \u5f00\u5934\u7684\u53e5\u4e2d\uff09<\/strong><strong>\u5e94\u8be5\u7528\u5347\u8c03\uff0c\u53e5\u5b50\u7684\u672b\u5c3e\u8bed\u8c03\u4e0a\u626c\u3002<\/strong><\/p>\n<p>1\uff0e\u0108u vi konas \u015din?<br \/>\n\u53e5\u5b50\u4e2d\u7684 \u015din \u8981\u7528\u4e0a\u626c\u7684\u8bed\u8c03\u3002<\/p>\n<p>2\uff0e\u0108u \u0109iuj povos \u0109eesti la kunsidon?<br \/>\n\u53e5\u4e2d\u7684 kunsidon \u8981\u7528\u4e0a\u626c\u7684\u8bed\u8c03\u3002<\/p>\n<p><strong>c. \u7279\u6b8a\u7591\u95ee\u53e5\uff08\u7528 kio, kia, kiu, kie, kial, kiam, kiel, kies, kiom \u5f00\u5934\u7684\u53e5\u5b50\uff09\u7684\u7591\u95ee\u8bcd\u5e94\u8be5\u7528\u5347\u8c03\uff0c\u53e5\u5b50\u7684\u672b\u5c3e\u7528\u964d\u8c03\u3002<\/strong><\/p>\n<p>1\uff0eKio estas via nomo?<br \/>\n\u53e5\u4e2d kio \u8981\u8bfb\u5347\u8c03\uff0cnomo \u8bfb\u964d\u8c03\u3002<\/p>\n<p>2\uff0eEn kiu jaro vi eklernis Esperanton?<br \/>\n\u53e5\u4e2d kiu \u8bfb\u5347\u8c03\uff0cEsperanton \u8bfb\u964d\u8c03\u3002<\/p>\n<p><strong>\u0109. \u611f\u53f9\u53e5\u7684\u8bed\u8c03\u4e0e\u9648\u8ff0\u53e5\u5927\u4f53\u76f8\u540c\u3002<\/strong><\/p>\n<p>1\uff0eNe \u015dovu la nazon en alies vazon!<br \/>\n\u53e5\u4e2d vazon \u8bfb\u964d\u8c03\u3002<\/p>\n<p>2\uff0eSa\u011da hundo post la vundo!<br \/>\n\u53e5\u4e2d hundo \u8bfb\u964d\u8c03\u3002<\/p>\n<p>&nbsp;<\/p>\n<p><a href=\"https:\/\/reto.cn\/php\/hanyu\/gvidlibro-de-esperanta-konversacio\/p\/\">\u674e\u58eb\u4fca\u7b80\u4ecb<\/a>\u2003<a href=\"https:\/\/reto.cn\/php\/hanyu\/gvidlibro-de-esperanta-konversacio\/\">\u56de\u76ee\u5f55<\/a>\u2003<a href=\"https:\/\/reto.cn\/php\/hanyu\/gvidlibro-de-esperanta-konversacio\/1-2\/\">\u7b2c1\u8bfe<\/a><\/p>\n","protected":false},"excerpt":{"rendered":"<p>\u600e\u6837\u5b66\u4e60\u4e16\u754c\u8bed\u4f1a\u8bdd\uff1f \u8981\u60f3\u5b66\u597d\u4e16\u754c\u8bed\u4f1a\u8bdd\uff0c\u5fc5\u987b\u505a\u4e09\u4ef6\u4e8b\uff1a\u7b2c\u4e00\u3001\u5fc5\u987b\u638c\u63e1\u5b57\u6bcd\u7684\u6b63\u786e\u53d1\u97f3\u3001\u8bcd\u8bed\u7684\u91cd\u97f3\u548c\u53e5\u5b50\u7684\u8bed\u8c03\uff1b\u2026 <span class=\"read-more\"><a href=\"https:\/\/reto.cn\/php\/hanyu\/lernado-de-esperanto\/gvidlibro-de-esperanta-konversacio\/e\/\">\u7ee7\u7eed\u9605\u8bfb Legi pli &raquo;<\/a><\/span><\/p>\n","protected":false},"author":9,"featured_media":0,"parent":12966,"menu_order":0,"comment_status":"open","ping_status":"closed","template":"","meta":{"footnotes":""},"_links":{"self":[{"href":"https:\/\/reto.cn\/php\/hanyu\/wp-json\/wp\/v2\/pages\/13057"}],"collection":[{"href":"https:\/\/reto.cn\/php\/hanyu\/wp-json\/wp\/v2\/pages"}],"about":[{"href":"https:\/\/reto.cn\/php\/hanyu\/wp-json\/wp\/v2\/types\/page"}],"author":[{"embeddable":true,"href":"https:\/\/reto.cn\/php\/hanyu\/wp-json\/wp\/v2\/users\/9"}],"replies":[{"embeddable":true,"href":"https:\/\/reto.cn\/php\/hanyu\/wp-json\/wp\/v2\/comments?post=13057"}],"version-history":[{"count":0,"href":"https:\/\/reto.cn\/php\/hanyu\/wp-json\/wp\/v2\/pages\/13057\/revisions"}],"up":[{"embeddable":true,"href":"https:\/\/reto.cn\/php\/hanyu\/wp-json\/wp\/v2\/pages\/12966"}],"wp:attachment":[{"href":"https:\/\/reto.cn\/php\/hanyu\/wp-json\/wp\/v2\/media?parent=13057"}],"curies":[{"name":"wp","href":"https:\/\/api.w.org\/{rel}","templated":true}]}}