{"id":13580,"date":"2022-12-20T08:33:52","date_gmt":"2022-12-20T00:33:52","guid":{"rendered":"https:\/\/reto.cn\/php\/hanyu\/?page_id=13580"},"modified":"2024-01-26T13:18:31","modified_gmt":"2024-01-26T05:18:31","slug":"manifesto-de-prago","status":"publish","type":"page","link":"https:\/\/reto.cn\/php\/hanyu\/esperantologio\/manifesto-de-prago\/","title":{"rendered":"\u5e03\u62c9\u683c\u5ba3\u8a00 Manifesto de Prago"},"content":{"rendered":"<p><em>1996\u5e747\u6708\uff0c\u5728\u6377\u514b\u9996\u90fd\u5e03\u62c9\u683c\u53ec\u5f00\u4e86\u7b2c81\u5c4a\u56fd\u9645\u4e16\u754c\u8bed\u5927\u4f1a\uff0c\u53d1\u8868\u4e86\u300a\u56fd\u9645\u8bed\u2014\u2014\u4e16\u754c\u8bed\u8fd0\u52a8\u5e03\u62c9\u683c\u5ba3\u8a00\u300b\u3002\u5ba3\u8a00\u603b\u7ed3\u4e86\u4e16\u754c\u8bed\u6b63\u5728\u5b9e\u73b0\u7740\u7684\u4e03\u5927\u793e\u4f1a\u4ef7\u503c\uff1a\u6c11\u4e3b\u3001\u8d85\u8d8a\u6c11\u65cf\u7684\u6559\u80b2\u3001\u513f\u7ae5\u6559\u80b2\u7684\u6210\u679c\u3001\u591a\u79cd\u8bed\u8a00\u6027\u3001\u8bed\u8a00\u7684\u6743\u5229\u3001\u8bed\u8a00\u7684\u591a\u6837\u6027\u548c\u4eba\u7c7b\u81ea\u7531\u3002\u5ba3\u8a00\u6307\u51fa\uff0c\u8bed\u8a00\u95ee\u9898\u4e0e\u66f4\u5e7f\u6cdb\u7684\u793e\u4f1a\u516c\u6b63\u95ee\u9898\u662f\u7d27\u5bc6\u8054\u7cfb\u7684\u3002\u800c\u4e14\uff0c\u4e16\u754c\u8bed\u8fd0\u52a8\u5728\u4e2d\u7acb\u7684\u7b2c\u4e8c\u8bed\u8a00\u65b9\u9762\u7684\u5b9e\u8df5\u7ecf\u9a8c\u6bd4\u4eba\u4eec\u901a\u5e38\u6240\u8ba4\u5b9a\u7684\u66f4\u503c\u5f97\u7814\u7a76\uff0c\u503c\u5f97\u63a8\u5e7f\u5e94\u7528\u3002<\/em><\/p>\n<h3><span id=\"Manifesto_de_Prago_(UK_1996)\" class=\"mw-headline\">Manifesto de Prago (UK 1996)<\/span><\/h3>\n<h3>\u5e03\u62c9\u683c\u5ba3\u8a00(UK 1996)<\/h3>\n<p>Ni, anoj de la tutmonda movado por la progresigo de Esperanto, direktas \u0109i tiun manifeston al \u0109iuj registaroj, internaciaj organizoj kaj homoj de bona volo, deklaras nian intencon firmvole plulabori por la celoj \u0109i tie esprimitaj, kaj invitas \u0109iun unuopan organiza\u0135on kaj homon ali\u011di al nia strebado.<\/p>\n<p>Lan\u0109ita en 1887 kiel projekto de helplingvo por internacia komunikado, kaj rapide evoluinta en vivoplenan, nuancori\u0109an lingvon, Esperanto jam de pli ol jarcento funkcias por kunligi homojn trans lingvaj kaj kulturaj baroj. Intertempe la celoj de \u011diaj parolantoj ne perdis gravecon kaj aktualecon. Nek la tutmonda uzado de kelkaj lingvoj, nek progresoj en la komunikad-tekniko, nek la malkovro de novaj metodoj de lingvo-instruado ver\u015dajne realigos jenajn principojn, kiujn ni konsideras esencaj por justa kaj efika lingva ordo.<\/p>\n<p>\u6211\u4eec\uff0c\u4f5c\u4e3a\u63a8\u52a8\u4e16\u754c\u8bed\u5168\u7403\u8fd0\u52a8\u7684\u6210\u5458\uff0c\u5448\u9001\u8fd9\u4e00\u5ba3\u8a00\u7ed9\u6240\u6709\u7684\u653f\u5e9c\u3001\u56fd\u9645\u7ec4\u7ec7\u3001\u548c\u5fc3\u6000\u5584\u613f\u7684\u4eba\uff0c\u58f0\u660e\u6211\u4eec\u51b3\u5fd7\u4ece\u4e8b\u4e8e\u6b64\u5904\u8868\u660e\u7684\u76ee\u6807\uff0c\u5e76\u9080\u8bf7\u6bcf\u4e2a\u7ec4\u7ec7\u548c\u4e2a\u4eba\u53c2\u4e0e\u6211\u4eec\u7684\u52aa\u529b\u3002<\/p>\n<p>\u4e16\u754c\u8bed\u57281887\u5e74\uff0c\u53d1\u8868\u4e3a\u56fd\u9645\u6c9f\u901a\u7684\u8f85\u52a9\u8bed\u65b9\u6848\uff0c\u8fc5\u5373\u53d1\u5c55\u4e3a\u5145\u6ee1\u6d3b\u529b\u3001\u8868\u73b0\u529b\u4e30\u5bcc\u7684\u8bed\u8a00\uff1b\u767e\u591a\u5e74\u6765\uff0c\u5b83\u8de8\u8d8a\u8bed\u8a00\u548c\u6587\u5316\u969c\u788d\uff0c\u626e\u6f14\u7740\u8fde\u7edc\u4eba\u4eec\u7684\u89d2\u8272\u3002\u8fd9\u671f\u95f4\uff0c\u4e16\u754c\u8bed\u8005\u7684\u76ee\u6807\u5e76\u672a\u5931\u53bb\u5176\u91cd\u8981\u6027\u548c\u73b0\u5b9e\u6027\u3002\u82e5\u5e72\u8bed\u8a00\u7684\u666e\u4e16\u5e94\u7528\u3001\u901a\u4fe1\u6280\u672f\u7684\u8fdb\u6b65\u3001\u8bed\u8a00\u6559\u5b66\u65b0\u65b9\u6cd5\u7684\u53d1\u73b0\uff0c\u90fd\u4f3c\u4e4e\u65e0\u6cd5\u5b9e\u73b0\u4e0b\u5217\u6211\u4eec\u8ba4\u4e3a\u5bf9\u516c\u6b63\u3001\u6709\u6548\u7684\u8bed\u8a00\u79e9\u5e8f\u81f3\u5173\u91cd\u8981\u7684\u539f\u5219\u3002<\/p>\n<h3><span id=\"1._Demokratio\" class=\"mw-headline\">1.\u00a0Demokratio<\/span><\/h3>\n<p>Komunika sistemo, kiu tutvive privilegias iujn homojn, sed postulas de aliaj, ke ili investu jarojn da penoj por atingi malpli altan gradon de kapablo, estas fundamente maldemokratia. Kvankam, kiel \u0109iu lingvo, esperanto ne estas perfekta, \u011di ege superas \u0109iun rivalon en la sfero de egaleca tutmonda komunikado.<\/p>\n<p>Ni asertas, ke lingva malegaleco sekvigas komunikan malegalecon je \u0109iuj niveloj, inkluzive de la internacia nivelo. Ni estas movado por demokratia komunikado.<\/p>\n<h3><span id=\".E4.B8.80.E3.80.81.E6.B0.91.E4.B8.BB\"><\/span><span id=\"\u4e00\u3001\u6c11\u4e3b\" class=\"mw-headline\">\u4e00\u3001\u6c11\u4e3b<\/span><\/h3>\n<p>\u4efb\u4f55\u6c9f\u901a\u7cfb\u7edf\uff0c\u5982\u679c\u603b\u662f\u4f18\u60e0\u67d0\u4e9b\u4eba\uff0c\u5374\u603b\u8981\u6c42\u5176\u4ed6\u4eba\u7ecf\u5e74\u52aa\u529b\uff0c\u800c\u4ecd\u8fbe\u4e0d\u5230\u9ad8\u7b49\u80fd\u529b\uff0c\u8fd9\u5728\u6839\u672c\u4e0a\u5c31\u662f\u53cd\u6c11\u4e3b\u7684\u3002\u867d\u7136\u5c31\u50cf\u6bcf\u79cd\u8bed\u8a00\u4e00\u6837\uff0c\u4e16\u754c\u8bed\u5e76\u4e0d\u5b8c\u7f8e\uff0c\u4f46\u662f\u5728\u5168\u7403\u6c9f\u901a\u8fd9\u4e00\u9886\u57df\u5185\uff0c\u5b83\u5374\u5927\u5927\u8d85\u8fc7\u6bcf\u4e2a\u5bf9\u624b\u3002<\/p>\n<p>\u6211\u4eec\u786e\u8ba4\uff0c\u8bed\u8a00\u7684\u4e0d\u5e73\u7b49\u4f1a\u5bfc\u81f4\u6240\u6709\u5c42\u9762\u7684\u6c9f\u901a\u4e0d\u5e73\u7b49\uff0c\u5305\u62ec\u56fd\u9645\u5c42\u9762\u3002\u6211\u4eec\u7684\u8fd0\u52a8\u662f\u8ffd\u6c42\u6c11\u4e3b\u6c9f\u901a\u7684\u8fd0\u52a8\u3002<\/p>\n<h3><span id=\"2._Transnacia_edukado\" class=\"mw-headline\">2. Transnacia edukado<\/span><\/h3>\n<p>\u0108iu etna lingvo estas ligita al difinita kulturo kaj naci(ar)o. Ekzemple, la lernejano, kiu studas la anglan, lernas pri la kulturo, geografio kaj politiko de la anglalingvaj landoj, precipe Usono kaj Britio. La lernejano, kiu studas esperanton, lernas pri la mondo sen limoj, en kiu \u0109iu lando prezenti\u011das kiel hejmo.<\/p>\n<p>Ni asertas, ke la edukado per iu ajn etna lingvo estas ligita al difinita perspektivo pri la mondo. Ni estas movado de transnacia edukado.<\/p>\n<h3><span id=\".E4.BA.8C.E3.80.81.E8.B7.A8.E6.B0.91.E6.97.8F.E6.95.99.E8.82.B2\"><\/span><span id=\"\u4e8c\u3001\u8de8\u6c11\u65cf\u6559\u80b2\" class=\"mw-headline\">\u4e8c\u3001\u8de8\u6c11\u65cf\u6559\u80b2<\/span><\/h3>\n<p>\u6bcf\u4e00\u6c11\u65cf\u8bed\u90fd\u5173\u8054\u5230\u7279\u5b9a\u7684\u6587\u5316\u548c\u6c11\u65cf\u3002\u4f8b\u5982\uff0c\u5b66\u82f1\u8bed\u7684\u5b66\u751f\u8981\u5b66\u4e60\u82f1\u8bed\u56fd\u5bb6\u7684\u6587\u5316\u3001\u5730\u7406\u3001\u548c\u653f\u6cbb\uff0c\u5c24\u5176\u662f\u7f8e\u56fd\u548c\u82f1\u56fd\u7684\u3002\u5b66\u4e60\u4e16\u754c\u8bed\u7684\u5b66\u751f\uff0c\u5b66\u4e60\u7684\u5374\u662f\u6ca1\u6709\u56fd\u754c\u7684\u4e16\u754c\uff0c\u5728\u8fd9\u4e2a\u4e16\u754c\u91cc\uff0c\u6bcf\u4e2a\u56fd\u5bb6\u5c31\u50cf\u4e00\u4e2a\u5bb6\u5ead\u3002<\/p>\n<p>\u6211\u4eec\u786e\u8ba4\uff0c\u4ee5\u4efb\u4e00\u6c11\u65cf\u8bed\u7684\u6559\u80b2\u90fd\u662f\u5173\u8054\u5230\u7279\u5b9a\u89c2\u70b9\u7684\u4e16\u754c\u3002\u6211\u4eec\u7684\u8fd0\u52a8\u662f\u8ffd\u6c42\u8de8\u6c11\u65cf\u6559\u80b2\u7684\u8fd0\u52a8\u3002<\/p>\n<h3><span id=\"3._Pedagogia_efikeco\" class=\"mw-headline\">3.\u00a0Pedagogia efikeco<\/span><\/h3>\n<p>Nur malgranda procenta\u0135o el tiuj, kiuj studas fremdan lingvon, ekmastras \u011din. Plena posedo de esperanto eblas e\u0109 per memstudado. Diversaj studoj raportis propede\u016dtikajn efikojn al la lernado de aliaj lingvoj. Oni anka\u016d rekomendas esperanton kiel kernan eron en kursoj por la lingva konsciigo de lernantoj.<\/p>\n<p>Ni asertas, ke la malfacileco de la etnaj lingvoj \u0109iam prezentos obstaklon por multaj lernantoj, kiuj tamen profitus el la scio de dua lingvo. Ni estas movado por efika lingvo-instruado.<\/p>\n<h3><span id=\".E4.B8.89.E3.80.81.E6.95.99.E5.AD.B8.E6.95.88.E6.9E.9C\"><\/span><span id=\"\u4e09\u3001\u6559\u5b78\u6548\u679c\" class=\"mw-headline\">\u4e09\u3001\u6559\u5b66\u6548\u679c<\/span><\/h3>\n<p>\u5916\u8bed\u5b66\u4e60\u8005\u5f53\u4e2d\uff0c\u53ea\u6709\u5f88\u5c11\u6bd4\u7387\u7684\u4eba\u80fd\u7cbe\u901a\u5b83\u3002\u7136\u800c\uff0c\u5373\u4f7f\u4ee5\u81ea\u5b66\u7684\u65b9\u5f0f\u4e5f\u53ef\u4ee5\u5b8c\u5168\u638c\u63e1\u4e16\u754c\u8bed\u3002\u5404\u79cd\u7814\u7a76\u6307\u51fa\uff0c\u9884\u5907\u6559\u80b2\u5bf9\u5b66\u4e60\u5916\u8bed\u7684\u6548\u679c\uff0c\u56e0\u800c\u4eba\u4eec\u4e5f\u63a8\u8350\u4e16\u754c\u8bed\u4f5c\u4e3a\u8bed\u8a00\u8bfe\u7a0b\u7684\u5171\u6838\u5185\u5bb9\uff0c\u4ee5\u6811\u7acb\u5b66\u751f\u7684\u8bed\u8a00\u610f\u8bc6\u3002<\/p>\n<p>\u6211\u4eec\u786e\u8ba4\uff0c\u6c11\u65cf\u8bed\u7684\u56f0\u96be\u6c38\u8fdc\u4f1a\u662f\u5f88\u591a\u5b66\u4e60\u8005\u7684\u969c\u788d\uff0c\u7136\u800c\u4ed6\u4eec\u4e5f\u4f1a\u56e0\u7b2c\u4e8c\u8bed\u8a00\u7684\u77e5\u8bc6\u800c\u83b7\u76ca\u3002\u6211\u4eec\u7684\u8fd0\u52a8\u662f\u8ffd\u6c42\u6709\u6548\u8bed\u8a00\u6559\u5b66\u7684\u8fd0\u52a8\u3002<\/p>\n<h3><span id=\"4._Plurlingveco\" class=\"mw-headline\">4. Plurlingveco<\/span><\/h3>\n<p>La esperanto-komunumo estas unu el malmultaj mondskalaj lingvokomunumoj, kies parolantoj estas senescepte du- a\u016d plurlingvaj. \u0108iu komunumano akceptis la taskon lerni almena\u016d unu fremdan lingvon \u011dis parola grado. Multokaze tio kondukas al la scio de kaj amo al pluraj lingvoj, kaj \u011denerale al pli vasta persona horizonto.<\/p>\n<p>Ni asertas, ke la anoj de \u0109iuj lingvoj, grandaj kaj malgrandaj, devus disponi pri reala \u015danco por alproprigi duan lingvon \u011dis alta komunika nivelo. Ni estas movado por la provizo de tiu \u015danco.<\/p>\n<h3><span id=\".E5.9B.9B.E3.80.81.E5.A4.9A.E7.A8.AE.E8.AA.9E.E8.A8.80.E6.80.A7\"><\/span><span id=\"\u56db\u3001\u591a\u7a2e\u8a9e\u8a00\u6027\" class=\"mw-headline\">\u56db\u3001\u591a\u79cd\u8bed\u8a00\u6027<\/span><\/h3>\n<p>\u4e16\u754c\u8bed\u793e\u7fa4\u662f\u5c11\u6709\u7684\u4e16\u754c\u6027\u8bed\u8a00\u793e\u7fa4\u4e4b\u4e00\uff0c\u5176\u6210\u5458\u65e0\u4e00\u4f8b\u5916\u90fd\u4f1a\u4e24\u79cd\u6216\u591a\u79cd\u8bed\u8a00\u3002\u6bcf\u4e00\u793e\u7fa4\u6210\u5458\u90fd\u63a5\u53d7\u4e86\u81f3\u5c11\u5b66\u4e60\u4e00\u79cd\u5916\u8bed\u5e76\u8fbe\u5230\u53e3\u8bed\u8868\u8fbe\u7a0b\u5ea6\u7684\u4efb\u52a1\uff0c\u8fd9\u5927\u90fd\u4f1a\u5f15\u5bfc\u4ed6\u4eec\u901a\u6653\u5e76\u70ed\u7231\u591a\u79cd\u8bed\u8a00\uff0c\u4e00\u822c\u6765\u8bf4\uff0c\u5e76\u5927\u5927\u62d3\u5c55\u4e86\u4e2a\u4eba\u7684\u89c6\u91ce\u3002<\/p>\n<p>\u6211\u4eec\u786e\u8ba4\uff0c\u6bcf\u79cd\u8bed\u8a00\u7684\u6210\u5458\uff0c\u5927\u8bed\u79cd\u7684\u548c\u5c0f\u8bed\u79cd\u7684\uff0c\u90fd\u5e94\u6709\u771f\u6b63\u7684\u673a\u4f1a\u5b66\u4e60\u7b2c\u4e8c\u79cd\u8bed\u8a00\uff0c\u5e76\u8fbe\u5230\u9ad8\u7ea7\u6c9f\u901a\u7684\u7a0b\u5ea6\u3002\u6211\u4eec\u7684\u8fd0\u52a8\u662f\u8ffd\u6c42\u63d0\u4f9b\u8fd9\u4e00\u673a\u4f1a\u7684\u8fd0\u52a8\u3002<\/p>\n<h3><span id=\"5._Lingvaj_rajtoj\" class=\"mw-headline\">5. Lingvaj rajtoj<\/span><\/h3>\n<p>La malegala disdivido de potenco inter la lingvoj estas recepto por konstanta lingva malsekureco, a\u016d rekta lingva subpremado \u0109e granda parto de la monda lo\u011dantaro. En la Esperanto-komunumo la anoj de lingvoj grandaj kaj malgrandaj, oficialaj kaj neoficialaj, kunvenas sur ne\u016dtrala tereno, danke al la reciproka volo kompromisi. Tia ekvilibro inter lingvaj rajtoj kaj respondecoj liveras precedencon por evoluigi kaj pritaksi aliajn solvojn al la lingva malegaleco kaj lingvaj konfliktoj.<\/p>\n<p>Ni asertas, ke la vastaj potencodiferencoj inter la lingvoj\u00a0subfosas\u00a0la garantiojn esprimitajn en tiom da internaciaj dokumentoj, de egaleca traktado sendistinge pri la lingvo. Ni estas movado por lingvaj rajtoj.<\/p>\n<h3><span id=\".E4.BA.94.E3.80.81.E8.AA.9E.E8.A8.80.E6.AC.8A\"><\/span><span id=\"\u4e94\u3001\u8a9e\u8a00\u6b0a\" class=\"mw-headline\">\u4e94\u3001\u8bed\u8a00\u6743<\/span><\/h3>\n<p>\u5404\u8bed\u8a00\u95f4\u6743\u529b\u5206\u914d\u7684\u4e0d\u5e73\u7b49\uff0c\u5bf9\u5927\u90e8\u5206\u4e16\u754c\u4f4f\u6c11\u800c\u8a00\uff0c\u662f\u6301\u7eed\u6709\u8bed\u8a00\u4e0d\u5b89\u5168\u611f\u751a\u6216\u7acb\u5373\u8bed\u8a00\u538b\u8feb\u7684\u75c7\u7ed3\u6240\u5728\u3002\u5728\u4e16\u754c\u8bed\u793e\u7fa4\u4e2d\uff0c\u6240\u6709\u6210\u5458\uff0c\u4e0d\u8bba\u5176\u8bed\u79cd\u7684\u5927\u5c0f\u3001\u5b98\u65b9\u6216\u975e\u5b98\u65b9\uff0c\u7531\u4e8e\u5f7c\u6b64\u4e92\u8c05\u4e92\u8ba9\uff0c\u800c\u805a\u4f1a\u5728\u4e00\u4e2a\u4e2d\u7acb\u7684\u57fa\u7840\u4e0a\u3002\u8fd9\u79cd\u8bed\u8a00\u6743\u5229\u548c\u8d23\u4efb\u7684\u5e73\u8861\u63d0\u4f9b\u4e86\u4e00\u4e2a\u5148\u4f8b\uff0c\u7528\u4ee5\u53d1\u5c55\u548c\u8bc4\u4f30\u5176\u4ed6\u89e3\u51b3\u8bed\u8a00\u4e0d\u5e73\u7b49\u548c\u8bed\u8a00\u51b2\u7a81\u95ee\u9898\u7684\u65b9\u6cd5\u3002<\/p>\n<p>\u6211\u4eec\u786e\u8ba4\uff0c\u5404\u8bed\u8a00\u95f4\u6743\u529b\u7684\u5de8\u5927\u5dee\u5f02\uff0c\u4f1a\u6697\u5730\u635f\u5bb3\u4f17\u591a\u56fd\u9645\u6587\u4ef6\u6240\u8868\u8fbe\u7684\u5404\u8bed\u79cd\u4e00\u5f8b\u5e73\u7b49\u7684\u4fdd\u8bc1\u3002\u6211\u4eec\u7684\u8fd0\u52a8\u662f\u8ffd\u6c42\u8bed\u8a00\u6743\u7684\u8fd0\u52a8\u3002<\/p>\n<h3><span id=\"6._Lingva_diverseco\" class=\"mw-headline\">6. Lingva diverseco<\/span><\/h3>\n<p>La naciaj registaroj emas konsideri la grandan diversecon de lingvoj en la mondo kiel baron al komunikado kaj evoluigo. Por la Esperanto-komunumo, tamen, la lingva diverseco estas konstanta kaj nemalhavebla fonto de ri\u0109eco. Sekve, \u0109iu lingvo, kiel \u0109iu viva\u0135ospecio, estas valora jam pro si mem kaj inda je protektado kaj subtenado.<\/p>\n<p>Ni asertas, ke la politiko de komunikado kaj evoluigo, se \u011di ne estas bazita sur respekto al kaj subteno de \u0109iuj lingvoj, kondamnas al formorto la plimulton de la lingvoj de la mondo. Ni estas movado por lingva diverseco.<\/p>\n<h3><span id=\".E5.85.AD.E3.80.81.E8.AA.9E.E8.A8.80.E5.A4.9A.E6.A8.A3.E6.80.A7\"><\/span><span id=\"\u516d\u3001\u8a9e\u8a00\u591a\u6a23\u6027\" class=\"mw-headline\">\u516d\u3001\u8bed\u8a00\u591a\u6837\u6027<\/span><\/h3>\n<p>\u5404\u56fd\u653f\u5e9c\u503e\u5411\u8ba4\u4e3a\uff0c\u4e16\u754c\u4e0a\u8bed\u8a00\u7684\u5de8\u5927\u591a\u6837\u6027\u662f\u6c9f\u901a\u548c\u53d1\u5c55\u7684\u969c\u788d\u3002\u7136\u800c\uff0c \u5bf9\u4e16\u754c\u8bed\u793e\u7fa4\u6765\u8bf4\uff0c\u8bed\u8a00\u591a\u6837\u6027\u662f\u8bed\u8a00\u4e30\u5bcc\u7684\u6301\u7eed\u3001\u4e0d\u53ef\u7f3a\u7684\u6e90\u6cc9\u3002\u56e0\u6b64\uff0c\u6bcf\u4e00\u79cd\u8bed\u8a00\u5c31\u50cf\u6bcf\u4e2a\u7269\u79cd\uff0c\u5176\u672c\u8eab\u5c31\u662f\u5b9d\u8d35\u7684\uff0c\u662f\u503c\u5f97\u4fdd\u62a4\u548c\u652f\u6301\u7684\u3002<\/p>\n<p>\u6211\u4eec\u786e\u8ba4\uff0c\u6c9f\u901a\u548c\u53d1\u5c55\u7684\u653f\u7b56\uff0c\u5982\u679c\u4e0d\u662f\u57fa\u4e8e\u5c0a\u91cd\u548c\u652f\u6301\u6bcf\u4e00\u79cd\u8bed\u8a00\uff0c\u5c31\u662f\u5ba3\u5224\u4e16\u754c\u4e0a\u591a\u6570\u8bed\u8a00\u7684\u706d\u4ea1\u3002\u6211\u4eec\u7684\u8fd0\u52a8\u662f\u8ffd\u6c42\u8bed\u8a00\u591a\u6837\u6027\u7684\u8fd0\u52a8\u3002<\/p>\n<h3><span id=\"7._Homa_emancipi\u011do\" class=\"mw-headline\">7. Homa emancipi\u011do<\/span><\/h3>\n<p>\u0108iu lingvo liberigas kaj malliberigas siajn anojn, donante al ili la povon komuniki inter si, barante la komunikadon kun aliaj. Planita kiel universala komunikilo, esperanto estas unu el la grandaj funkciantaj projektoj de la homa emancipi\u011do \u2013 projekto por ebligi al \u0109iu homo partopreni kiel individuo en la homa komunumo, kun firmaj radikoj \u0109e sia loka kultura kaj lingva identeco, sed ne limigite de ili.<\/p>\n<p>Ni asertas, ke la ekskluziva uzado de naciaj lingvoj neeviteble starigas barojn al la liberecoj de sinesprimado, komunikado kaj asocii\u011do. Ni estas movado por la homa emancipi\u011do.<\/p>\n<h3><span id=\".E4.B8.83.E3.80.81.E4.BA.BA.E9.A1.9E.E8.87.AA.E7.94.B1\"><\/span><span id=\"\u4e03\u3001\u4eba\u985e\u81ea\u7531\" class=\"mw-headline\">\u4e03\u3001\u4eba\u7c7b\u81ea\u7531<\/span><\/h3>\n<p>\u6bcf\u79cd\u8bed\u8a00\u90fd\u5728\u89e3\u653e\u548c\u7981\u9522\u81ea\u5df1\u7684\u6210\u5458\uff0c\u65e2\u7ed9\u4ed6\u4eec\u5728\u5185\u90e8\u76f8\u4e92\u6c9f\u901a\u7684\u80fd\u529b\uff0c\u5374\u53c8\u963b\u788d\u4ed6\u4eec\u548c\u5176\u4ed6\u8bed\u79cd\u7684\u4eba\u6c9f\u901a\u3002\u4f5c\u4e3a\u4e00\u79cd\u4eba\u9020\u7684\u666e\u4e16\u6c9f\u901a\u5de5\u5177\uff0c\u4e16\u754c\u8bed\u662f\u5b9e\u73b0\u4eba\u7c7b\u81ea\u7531\u7684\u4f1f\u5927\u65b9\u6848\u4e4b\u4e00\uff0c\u5b83\u8ba9\u6bcf\u4e2a\u4eba\u6210\u4e3a\u4eba\u7c7b\u793e\u7fa4\u7684\u4e00\u5458\uff0c\u4fdd\u6709\u81ea\u5df1\u5f53\u5730\u6587\u5316\u548c\u8bed\u8a00\u8eab\u4efd\u7684\u575a\u5b9e\u6839\u57fa\uff0c\u5374\u53c8\u4e0d\u5fc5\u53d7\u9650\u4e8e\u5b83\u3002<\/p>\n<p>\u6211\u4eec\u786e\u8ba4\uff0c\u4ec5\u4ec5\u4f9d\u8d56\u6c11\u65cf\u8bed\u8a00\u7684\u4f7f\u7528\uff0c\u4e0d\u53ef\u907f\u514d\u5730\u4f1a\u59a8\u788d\u8868\u8fbe\u3001\u6c9f\u901a\u3001\u548c\u7ed3\u793e\u7684\u81ea\u7531\u3002\u6211\u4eec\u7684\u8fd0\u52a8\u662f\u8ffd\u6c42\u4eba\u7c7b\u81ea\u7531\u7684\u8fd0\u52a8\u3002<\/p>\n<p>el wikipedia<br \/>\n<a href=\"https:\/\/eo.wikipedia.org\/wiki\/Manifesto_de_Prago\">https:\/\/eo.wikipedia.org\/wiki\/Manifesto_de_Prago<\/a><\/p>\n<p>\u6e90\u81ea\u7ef4\u57fa\u767e\u79d1<br \/>\n<a href=\"https:\/\/zh.wikipedia.org\/zh-cn\/\u5e03\u62c9\u683c\u5ba3\u8a00_(\u4e16\u754c\u8a9e)\">https:\/\/zh.wikipedia.org\/zh-cn\/\u5e03\u62c9\u683c\u5ba3\u8a00_(\u4e16\u754c\u8a9e)<\/a><\/p>\n<p><a href=\"https:\/\/reto.cn\/php\/hanyu\/esperantologio\">\u8fd4\u56de\u4e16\u754c\u8bed\u7814\u7a76\u680f\u76ee\u76ee\u5f55<\/a><\/p>\n","protected":false},"excerpt":{"rendered":"<p>1996\u5e747\u6708\uff0c\u5728\u6377\u514b\u9996\u90fd\u5e03\u62c9\u683c\u53ec\u5f00\u4e86\u7b2c81\u5c4a\u56fd\u9645\u4e16\u754c\u8bed\u5927\u4f1a\uff0c\u53d1\u8868\u4e86\u300a\u56fd\u9645\u8bed\u2014\u2014\u4e16\u754c\u8bed\u8fd0\u52a8\u5e03\u62c9\u683c\u5ba3\u8a00\u300b\u3002\u5ba3\u8a00\u603b\u2026 <span class=\"read-more\"><a href=\"https:\/\/reto.cn\/php\/hanyu\/esperantologio\/manifesto-de-prago\/\">\u7ee7\u7eed\u9605\u8bfb Legi pli &raquo;<\/a><\/span><\/p>\n","protected":false},"author":1,"featured_media":0,"parent":3204,"menu_order":0,"comment_status":"open","ping_status":"closed","template":"","meta":{"footnotes":""},"_links":{"self":[{"href":"https:\/\/reto.cn\/php\/hanyu\/wp-json\/wp\/v2\/pages\/13580"}],"collection":[{"href":"https:\/\/reto.cn\/php\/hanyu\/wp-json\/wp\/v2\/pages"}],"about":[{"href":"https:\/\/reto.cn\/php\/hanyu\/wp-json\/wp\/v2\/types\/page"}],"author":[{"embeddable":true,"href":"https:\/\/reto.cn\/php\/hanyu\/wp-json\/wp\/v2\/users\/1"}],"replies":[{"embeddable":true,"href":"https:\/\/reto.cn\/php\/hanyu\/wp-json\/wp\/v2\/comments?post=13580"}],"version-history":[{"count":0,"href":"https:\/\/reto.cn\/php\/hanyu\/wp-json\/wp\/v2\/pages\/13580\/revisions"}],"up":[{"embeddable":true,"href":"https:\/\/reto.cn\/php\/hanyu\/wp-json\/wp\/v2\/pages\/3204"}],"wp:attachment":[{"href":"https:\/\/reto.cn\/php\/hanyu\/wp-json\/wp\/v2\/media?parent=13580"}],"curies":[{"name":"wp","href":"https:\/\/api.w.org\/{rel}","templated":true}]}}