{"id":15913,"date":"2023-11-15T17:48:25","date_gmt":"2023-11-15T09:48:25","guid":{"rendered":"https:\/\/reto.cn\/php\/hanyu\/lernado-de-esperanto\/900frazoj\/900frazoj1-2\/"},"modified":"2023-12-14T08:46:23","modified_gmt":"2023-12-14T00:46:23","slug":"900frazoj35","status":"publish","type":"page","link":"https:\/\/reto.cn\/php\/hanyu\/lernado-de-esperanto\/900frazoj\/900frazoj35\/","title":{"rendered":"\u4e16\u754c\u8bed\u4e5d\u767e\u53e5 511-525"},"content":{"rendered":"<h4 style=\"text-align: center;\">\u4e16\u754c\u8bed\u4e5d\u767e\u53e5<br \/>\n35<\/h4>\n<p><strong>\uff0835\uff09PRI OBJEKTOJ \u5f62\u5bb9\u7269\u54c1<\/strong><\/p>\n<p>511.Kiukolora estas via ganto?<\/p>\n<p>\u4f60\u7684\u624b\u5957\u662f\u4ec0\u4e48\u989c\u8272\u7684\uff1f<\/p>\n<p>512.Mia ganto estas nigra.<\/p>\n<p>\u6211\u7684\u624b\u5957\u662f\u9ed1\u8272\u7684\u3002<\/p>\n<p>513.La pomo estas verda, eble ankora\u016d ne maturi\u011dis.<\/p>\n<p>\u82f9\u679c\u662f\u7eff\u8272\u7684\uff0c\u8fd8\u6ca1\u719f\u5427\uff1f<\/p>\n<p>514.\u011ci jam maturi\u011dis. Tiuspeca pomo ja estas tia.<\/p>\n<p>\u719f\u4e86\u3002\u8fd9\u79cd\u54c1\u79cd\u82f9\u679c\u5c31\u8fd9\u6837\u3002<\/p>\n<p>515.Kiel aroma estas la vino! Kio estas la fabrikmarko?<\/p>\n<p>\u597d\u9999\u7684\u9152\u554a\uff01\u4ec0\u4e48\u724c\u5b50\u7684\uff1f<\/p>\n<p>516.Kiel fro\u015da estas la floro. \u0108u \u0135us de\u015dirita?<\/p>\n<p>\u8fd9\u82b1\u771f\u65b0\u9c9c\uff0c\u662f\u521a\u91c7\u7684\u5427\uff01<\/p>\n<p>517.La tajpilo estas tro peza, vi ne povas movi \u011din.<\/p>\n<p>\u6253\u5b57\u673a\u592a\u91cd\uff0c\u4f60\u642c\u4e0d\u52a8\u3002<\/p>\n<p>518.Kian mezuron havas via mansako?<\/p>\n<p>\u4f60\u7684\u624b\u63d0\u5305\u662f\u591a\u5927\u89c4\u683c\u7684\uff1f<\/p>\n<p>519.Mia mansako estas mezgranda kaj mia patro havas grandmansakon.<\/p>\n<p>\u6211\u7684\u624b\u63d0\u5305\u662f\u4e2d\u53f7\u7684\uff0c\u6211\u7236\u4eb2\u6709\u4e00\u53ea\u5927\u53f7\u7684\u3002<\/p>\n<p>520.Al mi pla\u0109as tiu \u0109i tablo-sen\u011dena kaj konvena.<\/p>\n<p>\u6211\u559c\u6b22\u8fd9\u5f20\u684c\u5b50\u7684\u5f0f\u6837\uff0c\u5927\u65b9\u3001\u9002\u5b9c\u3002<\/p>\n<p>521.Kiom longa estas la liberinga strato?<\/p>\n<p>\u89e3\u653e\u5927\u9053\u6709\u591a\u957f\uff1f<\/p>\n<p>522.Dek liojn. \u011ci estas la plej longa strato en nia urbo.<\/p>\n<p>\u6709\u5341\u91cc\uff0c\u5b83\u662f\u6211\u4eec\u57ce\u5e02\u6700\u957f\u7684\u8857\u9053\u3002<\/p>\n<p>523.Tia \u015dtofo estas tre mola.<\/p>\n<p>\u8fd9\u79cd\u6599\u5b50\u6478\u8d77\u6765\u5f88\u67d4\u8f6f\u3002<\/p>\n<p>524.Bonvole mezuru, kiom lar\u011da esras la fenestro?<\/p>\n<p>\u8bf7\u4f60\u91cf\u4e00\u4e0b\u8fd9\u6247\u7a97\u6237\uff0c\u770b\u770b\u6709\u591a\u5bbd\uff1f<\/p>\n<p>525.Tiu \u0109i domo estas pli alta ol la alia.<\/p>\n<p>\u8fd9\u5e62\u697c\u623f\u6bd4\u90a3\u5e62\u9ad8\u3002<\/p>\n<p>\u5907\u7528\u5355\u8bcd<\/p>\n<p>longa.\u957f\u7684<\/p>\n<p>difekti.\u635f\u4f24\uff0c\u635f\u574f<\/p>\n<p>lar\u011da.\u5bbd\u7684<\/p>\n<p>diferenci.\u533a\u522b\u4e8e<\/p>\n<p>alta.\u9ad8\u7684<\/p>\n<p>kompari.\u6bd4\u8f83<\/p>\n<p>malgranda.\u7684<\/p>\n<p>fajna.\u7cbe\u7f8e\u7684<\/p>\n<p>bona.\u597d\u7684<\/p>\n<p>figuro.\u5f62\u72b6<\/p>\n<p>bela.\u7f8e\u7684<\/p>\n<p>\u011dusta.\u6b63\u786e\u7684\uff0c\u6070\u5f53\u7684<\/p>\n<p>utila.\u6709\u7528\u7684<\/p>\n<p>kategorio.\u79cd\u7c7b<\/p>\n<p>ta\u016dga.\u5408\u9002\u7684<\/p>\n<p>populara.\u5927\u4f17\u5316\u7684<\/p>\n<p>meblo.\u5bb6\u5177<\/p>\n<p>bunta.\u6742\u8272\u7684\uff0c\u82b1\u7684<\/p>\n<p>moderna.\u73b0\u4ee3\u7684<\/p>\n<p>bongusta.\u7f8e\u5473\u7684<\/p>\n<p>antikva.\u53e4\u8001\u7684<\/p>\n<p>dol\u0109a.\u751c\u7684<\/p>\n<p>nova .\u65b0\u7684<\/p>\n<p>beklita.\u54b8\u7684<\/p>\n<p>multe kosta.\u6602\u8d35\u7684<\/p>\n<p>acida.\u9178\u7684<\/p>\n<p>flava .\u9ec4\u8272\u7684<\/p>\n<p>amara.\u82e6\u7684<\/p>\n<p>blanka.\u767d\u8272\u7684<\/p>\n<p>ru\u011da.\u7ea2\u8272\u7684<\/p>\n<p>malbonodora.\u81ed\u7684<\/p>\n<p>&nbsp;<\/p>\n<p>\u8fd4\u56de<a href=\"https:\/\/reto.cn\/php\/hanyu\/lernado-de-esperanto\/900frazoj\/\">\u4e16\u754c\u8bed\u4e5d\u767e\u53e5<\/a>\u76ee\u5f55<\/p>\n","protected":false},"excerpt":{"rendered":"<p>\u4e16\u754c\u8bed\u4e5d\u767e\u53e5 35 \uff0835\uff09PRI OBJEKTOJ \u5f62\u5bb9\u7269\u54c1 511.Kiukolora estas via\u2026 <span class=\"read-more\"><a href=\"https:\/\/reto.cn\/php\/hanyu\/lernado-de-esperanto\/900frazoj\/900frazoj35\/\">\u7ee7\u7eed\u9605\u8bfb Legi pli &raquo;<\/a><\/span><\/p>\n","protected":false},"author":1,"featured_media":0,"parent":15904,"menu_order":0,"comment_status":"open","ping_status":"closed","template":"","meta":{"footnotes":""},"_links":{"self":[{"href":"https:\/\/reto.cn\/php\/hanyu\/wp-json\/wp\/v2\/pages\/15913"}],"collection":[{"href":"https:\/\/reto.cn\/php\/hanyu\/wp-json\/wp\/v2\/pages"}],"about":[{"href":"https:\/\/reto.cn\/php\/hanyu\/wp-json\/wp\/v2\/types\/page"}],"author":[{"embeddable":true,"href":"https:\/\/reto.cn\/php\/hanyu\/wp-json\/wp\/v2\/users\/1"}],"replies":[{"embeddable":true,"href":"https:\/\/reto.cn\/php\/hanyu\/wp-json\/wp\/v2\/comments?post=15913"}],"version-history":[{"count":0,"href":"https:\/\/reto.cn\/php\/hanyu\/wp-json\/wp\/v2\/pages\/15913\/revisions"}],"up":[{"embeddable":true,"href":"https:\/\/reto.cn\/php\/hanyu\/wp-json\/wp\/v2\/pages\/15904"}],"wp:attachment":[{"href":"https:\/\/reto.cn\/php\/hanyu\/wp-json\/wp\/v2\/media?parent=15913"}],"curies":[{"name":"wp","href":"https:\/\/api.w.org\/{rel}","templated":true}]}}