{"id":15914,"date":"2023-11-15T17:48:25","date_gmt":"2023-11-15T09:48:25","guid":{"rendered":"https:\/\/reto.cn\/php\/hanyu\/lernado-de-esperanto\/900frazoj\/900frazoj1-3\/"},"modified":"2023-12-14T08:45:41","modified_gmt":"2023-12-14T00:45:41","slug":"900frazoj34","status":"publish","type":"page","link":"https:\/\/reto.cn\/php\/hanyu\/lernado-de-esperanto\/900frazoj\/900frazoj34\/","title":{"rendered":"\u4e16\u754c\u8bed\u4e5d\u767e\u53e5 496-510"},"content":{"rendered":"<h4 style=\"text-align: center;\">\u4e16\u754c\u8bed\u4e5d\u767e\u53e5<br \/>\n34<\/h4>\n<p><strong><b>\uff0834\uff09PRI LA VIVO DE LA \u011cINA POPOLO \u4ecb\u7ecd\u4e2d\u56fd\u4eba\u6c11\u7684\u751f\u6d3b<\/b><\/strong><\/p>\n<p>496.Ni estas la mastro de \u0108inio. Ni havas feli\u0109an vivon.<\/p>\n<p>\u6211\u4eec\u662f\u65b0\u4e2d\u56fd\u7684\u4e3b\u4eba\uff0c\u8fc7\u7740\u5e78\u798f\u7684\u751f\u6d3b\u3002<\/p>\n<p>497.\u0108inio estas unueca multnacieca lando kun 56 naciecoj.<\/p>\n<p>\u4e2d\u56fd\u662f\u4e00\u4e2a\u7edf\u4e00\u7684\u591a\u6c11\u65cf\u7684\u56fd\u5bb6\uff0c\u670956\u4e2a\u6c11\u65cf\u3002<\/p>\n<p>498.Nia lando ankora\u016d ne estas ri\u0109a, anka\u016d la viv-nivelo ne alta, sed ni \u0109iuj havas laboron.<\/p>\n<p>\u6211\u56fd\u8fd8\u4e0d\u5bcc\u88d5\uff0c\u751f\u6d3b\u6c34\u5e73\u4e0d\u9ad8\uff0c\u4f46\u4eba\u4eba\u90fd\u6709\u5de5\u4f5c\u3002<\/p>\n<p>499.Nia salajro ne estas multa, sed sufi\u0109a, \u0109ar la prezo estas stabila.<\/p>\n<p>\u6211\u4eec\u7684\u5de5\u8d44\u4e0d\u9ad8\uff0c\u4f46\u662f\u591f\u4e86\uff0c\u56e0\u4e3a\u7269\u4ef7\u7a33\u5b9a\u3002<\/p>\n<p>500.En nia lando la pago por lo\u011dejo, elektro kaj akvo estas malmulta.<\/p>\n<p>\u6211\u56fd\u623f\u79df\u3001\u6c34\u7535\u8d39\u90fd\u5f88\u4f4e\u3002<\/p>\n<p>501.La laboristoj de nia lando \u011duas senpagan kuracadon.<\/p>\n<p>\u6211\u56fd\u5de5\u4eba\u90fd\u4eab\u53d7\u516c\u8d39\u533b\u7597\u3002<\/p>\n<p>502.La studentoj \u011duas stipendion.<\/p>\n<p>\u5927\u5b66\u751f\u90fd\u4eab\u53d7\u4eba\u6c11\u52a9\u5b66\u91d1\u3002<\/p>\n<p>503.\u0108iuj popolanoj havas la \u015dancon fari kontribuon por la patrujo.<\/p>\n<p>\u6211\u56fd\u4eba\u4eba\u90fd\u80fd\u4e3a\u56fd\u5bb6\u8d21\u732e\u529b\u91cf\u3002<\/p>\n<p>504.\u0108inio estas lando kun la plej grandnombra lo\u011dantaro en la mondo.<\/p>\n<p>\u4e2d\u56fd\u662f\u4e16\u754c\u4e0a\u4eba\u53e3\u6700\u591a\u7684\u56fd\u5bb6\u3002<\/p>\n<p>505.Nia \u015dtato stimulas malfruan geedzi\u011don kaj la\u016dplanan naskon.<\/p>\n<p>\u56fd\u5bb6\u63d0\u5021\u665a\u5a5a\u548c\u8ba1\u5212\u751f\u80b2\u3002<\/p>\n<p>506.Ni \u0109iuj amas KP\u0108, amas nian socialisman patrujon.<\/p>\n<p>\u6211\u4eec\u90fd\u70ed\u7231\u5171\u4ea7\u515a\uff0c\u70ed\u7231\u793e\u4f1a\u4e3b\u4e49\u7956\u56fd\u3002<\/p>\n<p>507.\u0108iutage ni laboras ok horojn, kaj ni ripozas en diman\u0109o.<\/p>\n<p>\u6211\u4eec\u6bcf\u5929\u5de5\u4f5c\u516b\u5c0f\u65f6\uff0c\u661f\u671f\u5929\u4f11\u606f\u3002<\/p>\n<p>508.Senfilaj gemaljunuloj estas vivtenataj de la registaro, anka\u016d ili havas sian feli\u0109an maljunecon.<\/p>\n<p>\u5b64\u5be1\u8001\u4eba\u90fd\u7531\u653f\u5e9c\u77bb\u517b\uff0c\u4ed6\u4eec\u4e5f\u6709\u5e78\u798f\u7684\u665a\u5e74\u3002<\/p>\n<p>509.La \u0108ina popolo faras novan mar\u015don por la relevi\u011do de \u0108inio.<\/p>\n<p>\u4e2d\u56fd\u4eba\u6c11\u6b63\u5728\u4e3a\u632f\u5174\u4e2d\u534e\u800c\u8fdb\u884c\u65b0\u7684\u957f\u5f81\u3002<\/p>\n<p>510.Sub la gvidado de la komunista partio, nia vivo fari\u011das pli kaj pli bela.<\/p>\n<p>\u5728\u5171\u4ea7\u515a\u7684\u9886\u5bfc\u4e0b,\u6211\u4eec\u7684\u751f\u6d3b\u8d8a\u6765\u8d8a\u597d.<\/p>\n<p>&nbsp;<\/p>\n<p>\u8fd4\u56de<a href=\"https:\/\/reto.cn\/php\/hanyu\/lernado-de-esperanto\/900frazoj\/\">\u4e16\u754c\u8bed\u4e5d\u767e\u53e5<\/a>\u76ee\u5f55<\/p>\n","protected":false},"excerpt":{"rendered":"<p>\u4e16\u754c\u8bed\u4e5d\u767e\u53e5 34 \uff0834\uff09PRI LA VIVO DE LA \u011cINA POPOLO \u4ecb\u7ecd\u4e2d\u56fd\u4eba\u6c11\u7684\u751f\u6d3b 4\u2026 <span class=\"read-more\"><a href=\"https:\/\/reto.cn\/php\/hanyu\/lernado-de-esperanto\/900frazoj\/900frazoj34\/\">\u7ee7\u7eed\u9605\u8bfb Legi pli &raquo;<\/a><\/span><\/p>\n","protected":false},"author":1,"featured_media":0,"parent":15904,"menu_order":0,"comment_status":"open","ping_status":"closed","template":"","meta":{"footnotes":""},"_links":{"self":[{"href":"https:\/\/reto.cn\/php\/hanyu\/wp-json\/wp\/v2\/pages\/15914"}],"collection":[{"href":"https:\/\/reto.cn\/php\/hanyu\/wp-json\/wp\/v2\/pages"}],"about":[{"href":"https:\/\/reto.cn\/php\/hanyu\/wp-json\/wp\/v2\/types\/page"}],"author":[{"embeddable":true,"href":"https:\/\/reto.cn\/php\/hanyu\/wp-json\/wp\/v2\/users\/1"}],"replies":[{"embeddable":true,"href":"https:\/\/reto.cn\/php\/hanyu\/wp-json\/wp\/v2\/comments?post=15914"}],"version-history":[{"count":0,"href":"https:\/\/reto.cn\/php\/hanyu\/wp-json\/wp\/v2\/pages\/15914\/revisions"}],"up":[{"embeddable":true,"href":"https:\/\/reto.cn\/php\/hanyu\/wp-json\/wp\/v2\/pages\/15904"}],"wp:attachment":[{"href":"https:\/\/reto.cn\/php\/hanyu\/wp-json\/wp\/v2\/media?parent=15914"}],"curies":[{"name":"wp","href":"https:\/\/api.w.org\/{rel}","templated":true}]}}