{"id":15915,"date":"2023-11-15T17:48:25","date_gmt":"2023-11-15T09:48:25","guid":{"rendered":"https:\/\/reto.cn\/php\/hanyu\/lernado-de-esperanto\/900frazoj\/900frazoj1-4\/"},"modified":"2023-12-14T08:43:06","modified_gmt":"2023-12-14T00:43:06","slug":"900frazoj33","status":"publish","type":"page","link":"https:\/\/reto.cn\/php\/hanyu\/lernado-de-esperanto\/900frazoj\/900frazoj33\/","title":{"rendered":"\u4e16\u754c\u8bed\u4e5d\u767e\u53e5 481-495"},"content":{"rendered":"<h4 style=\"text-align: center;\">\u4e16\u754c\u8bed\u4e5d\u767e\u53e5<br \/>\n33<\/h4>\n<p>&nbsp;<\/p>\n<p><strong><b>\uff0833\uff09PRI AGOJ \u8c08\u8bba\u6d3b\u52a8<\/b><\/strong><\/p>\n<p>481.Kion vi faras\/legas\/pensas?<\/p>\n<p>\u4f60\u5728\u505a\/\u8bfb\/\u60f3\u4ec0\u4e48\uff1f<\/p>\n<p>482.Kien vi iras?<\/p>\n<p>\u4f60\u5230\u54ea\u513f\u53bb\uff1f<\/p>\n<p>483.Mi konsideras, \u0109u mi vizitos kinejon a\u016d na\u011dejon.<\/p>\n<p>\u6211\u5728\u60f3\uff0c\u6211\u662f\u53bb\u770b\u7535\u5f71\u8fd8\u662f\u53bb\u6e38\u6cf3\u3002<\/p>\n<p>484.Kiun vi atendas?<\/p>\n<p>\u4f60\u5728\u7b49\u8c01\u5462\uff1f<\/p>\n<p>85.Neniun. Mi nur sentas min laca kaj iom ripozas \u0109i tie.<\/p>\n<p>\u6211\u8c01\u4e5f\u4e0d\u7b49\u3002\u6211\u53ea\u662f\u7d2f\u4e86\u3002\u5728\u8fd9\u4f11\u606f\u4e00\u4e0b\u3002<\/p>\n<p>486.Kiam vi komencos laboron morga\u016d matene?<\/p>\n<p>\u660e\u5929\u65e9\u6668\u4f60\u51e0\u65f6\u5f00\u59cb\u5de5\u4f5c\uff1f<\/p>\n<p>487.Mi laboras de frua mateno \u011dis noktomezo.<\/p>\n<p>\u6211\u4ece\u6e05\u65e9\u4e00\u76f4\u5de5\u4f5c\u5230\u534a\u591c\u3002<\/p>\n<p>488.Venis iu amiko el Qinghai. Ni kune pasigis \u011dojan diman\u0109on.<\/p>\n<p>\u6709\u4f4d\u670b\u53cb\u4ece\u9752\u6d77\u6765\uff0c\u6211\u4eec\u5171\u540c\u5ea6\u8fc7\u4e86\u4e00\u4e2a\u6109\u5feb\u7684\u661f\u671f\u5929\u3002<\/p>\n<p>489.Hiera\u016d en televido estis piedpilka konkurso, bonega!<\/p>\n<p>\u6628\u5929\u7684\u7535\u89c6\u662f\u8db3\u7403\u8d5b\uff0c\u771f\u7cbe\u5f69\u3002<\/p>\n<p>490.Hiera\u016d vespere okazis tebabila kunsido por bonvenigi<\/p>\n<p>esp-istajn gastojn el Jiangsu provinco.<\/p>\n<p>\u6628\u5929\u665a\u4e0a\u4e3e\u884c\u4e86\u4e00\u4e2a\u8336\u8bdd\u4f1a\uff0c\u6b22\u8fce\u6c5f\u82cf\u6765\u8bbf\u7684\u4e16\u754c\u8bed\u8005\u3002<\/p>\n<p>491.Mi laboras tage kaj vizitas Espelanto-kurson vespere.<\/p>\n<p>\u6211\u767d\u5929\u5de5\u4f5c\uff0c\u665a\u4e0a\u5230\u8bb2\u4e60\u73ed\u542c\u8bfe\u3002<\/p>\n<p>492.Morga\u016d estos Esp-a prelego, \u0109u vi \u0109eestos?<\/p>\n<p>\u660e\u5929\u6709\u4e16\u754c\u8bed\u8bb2\u5ea7\uff0c\u4f60\u53c2\u52a0\u5417\uff1f<\/p>\n<p>493.Morga\u016d estos ripoztago. Kiel vi pasigos \u011din?<\/p>\n<p>\u660e\u5929\u662f\u4f11\u5047\uff0c\u4f60\u6253\u7b97\u600e\u4e48\u5ea6\u8fc7\uff1f<\/p>\n<p>494.Morga\u016d se la vetero estos serena? mia tuta familio ekskursos.<\/p>\n<p>\u660e\u5929\u5982\u679c\u5929\u6674\uff0c\u6211\u4eec\u5168\u5bb6\u5c31\u53bb\u6625\u6e38\u3002<\/p>\n<p>495.Mi ne povas certigi kiam mi revenos.<\/p>\n<p>\u6211\u4e0d\u80fd\u80af\u5b9a\u6211\u5c06\u5728\u4ec0\u4e48\u65f6\u5019\u56de\u6765\u3002<\/p>\n<p>\u5907\u7528\u5355\u8bcd<\/p>\n<p>teokunsido.\u8336\u8bdd\u4f1a<\/p>\n<p>gajni premion.\u83b7\u5956<\/p>\n<p>festeno.\u5bb4\u5e2d<\/p>\n<p>\u0109eestanto.\u51fa\u5e2d\u8005<\/p>\n<p>bankedo.\u5bb4\u4f1a<\/p>\n<p>purigi.\u505a\u6e05\u6d01<\/p>\n<p>servu al vi.\u4e3a\u4f60\u670d\u52a1<\/p>\n<p>montgrimpado.\u722c\u5c71<\/p>\n<p>simpozio.\u5b66\u672f\u8ba8\u8bba\u4f1a<\/p>\n<p>gastobonvenigo.\u8fce\u5bbe<\/p>\n<p>viziti al parko.\u6e38\u56ed<\/p>\n<p>diskuti.\u8ba8\u8bba<\/p>\n<p>konkurso.\u7ade\u8d5b<\/p>\n<p>re\u011disoro.\u5bfc\u6f14<\/p>\n<p>bileto.\u7968<\/p>\n<p>propagandi.\u5ba3\u4f20<\/p>\n<p>programo.\u8282\u76ee\u5355<\/p>\n<p>fari hejmlaboron.\u505a\u5bb6\u52a1<\/p>\n<p>balo.\u821e\u4f1a<\/p>\n<p>plori.\u54ed\u6ce3<\/p>\n<p>koncerto.\u97f3\u4e50\u4f1a<\/p>\n<p>verdigi.\u7eff\u5316<\/p>\n<p>remadi.\u5212\u8239<\/p>\n<p>\u8fd4\u56de<a href=\"https:\/\/reto.cn\/php\/hanyu\/lernado-de-esperanto\/900frazoj\/\">\u4e16\u754c\u8bed\u4e5d\u767e\u53e5<\/a>\u76ee\u5f55<\/p>\n","protected":false},"excerpt":{"rendered":"<p>\u4e16\u754c\u8bed\u4e5d\u767e\u53e5 33 &nbsp; \uff0833\uff09PRI AGOJ \u8c08\u8bba\u6d3b\u52a8 481.Kion vi faras\/le\u2026 <span class=\"read-more\"><a href=\"https:\/\/reto.cn\/php\/hanyu\/lernado-de-esperanto\/900frazoj\/900frazoj33\/\">\u7ee7\u7eed\u9605\u8bfb Legi pli &raquo;<\/a><\/span><\/p>\n","protected":false},"author":1,"featured_media":0,"parent":15904,"menu_order":0,"comment_status":"open","ping_status":"closed","template":"","meta":{"footnotes":""},"_links":{"self":[{"href":"https:\/\/reto.cn\/php\/hanyu\/wp-json\/wp\/v2\/pages\/15915"}],"collection":[{"href":"https:\/\/reto.cn\/php\/hanyu\/wp-json\/wp\/v2\/pages"}],"about":[{"href":"https:\/\/reto.cn\/php\/hanyu\/wp-json\/wp\/v2\/types\/page"}],"author":[{"embeddable":true,"href":"https:\/\/reto.cn\/php\/hanyu\/wp-json\/wp\/v2\/users\/1"}],"replies":[{"embeddable":true,"href":"https:\/\/reto.cn\/php\/hanyu\/wp-json\/wp\/v2\/comments?post=15915"}],"version-history":[{"count":0,"href":"https:\/\/reto.cn\/php\/hanyu\/wp-json\/wp\/v2\/pages\/15915\/revisions"}],"up":[{"embeddable":true,"href":"https:\/\/reto.cn\/php\/hanyu\/wp-json\/wp\/v2\/pages\/15904"}],"wp:attachment":[{"href":"https:\/\/reto.cn\/php\/hanyu\/wp-json\/wp\/v2\/media?parent=15915"}],"curies":[{"name":"wp","href":"https:\/\/api.w.org\/{rel}","templated":true}]}}