{"id":15917,"date":"2023-11-15T17:48:25","date_gmt":"2023-11-15T09:48:25","guid":{"rendered":"https:\/\/reto.cn\/php\/hanyu\/lernado-de-esperanto\/900frazoj\/900frazoj1-6\/"},"modified":"2023-12-02T09:56:21","modified_gmt":"2023-12-02T01:56:21","slug":"900frazoj31","status":"publish","type":"page","link":"https:\/\/reto.cn\/php\/hanyu\/lernado-de-esperanto\/900frazoj\/900frazoj31\/","title":{"rendered":"\u4e16\u754c\u8bed\u4e5d\u767e\u53e5 451-465"},"content":{"rendered":"<h4 style=\"text-align: center;\">\u4e16\u754c\u8bed\u4e5d\u767e\u53e5<br \/>\n31<\/h4>\n<p>&nbsp;<\/p>\n<p><strong>\uff0831\uff09DISTINGI OBJEKTOJN \u8fa9\u522b\u7269\u54c1<\/strong><\/p>\n<p>451.Tiu \u0109i libro estas mia, tiu gazeto estas via.<\/p>\n<p>\u8fd9\u672c\u4e66\u6211\u7684\uff0c\u90a3\u672c\u6742\u5fd7\u662f\u4f60\u7684\u3002<\/p>\n<p>452.Ah, belega estas la verdastelo sur via brusto!<\/p>\n<p>\u554a\uff0c\u4f60\u80f8\u524d\u7684\u7eff\u661f\u7ae0\u6f02\u4eae\u6781\u4e86\uff01<\/p>\n<p>453.\u0108u tio estas via pluvmantelo?<\/p>\n<p>\u90a3\u662f\u4f60\u7684\u96e8\u8863\uff0c\u5bf9\u5417\uff1f<\/p>\n<p>454.Libro ku\u015das sur la tablo. Taso staras sur la libro, en la taso estas kafo.<\/p>\n<p>\u4e66\u653e\u5728\u684c\u5b50\u4e0a\uff0c\u800c\u676f\u5b50\u662f\u653e\u5728\u4e66\u4e0a\uff0c\u676f\u4e2d\u6709\u5496\u5561\u3002<\/p>\n<p>455.\u0108u vi bezonas \u0109apon a\u016d surtuton?<\/p>\n<p>\u4f60\u8981\u5e3d\u5b50\u8fd8\u662f\u5927\u8863\uff1f<\/p>\n<p>456.Amba\u016d ne, mi volas ombrelon.<\/p>\n<p>\u5e3d\u5b50\u548c\u5927\u8863\u6211\u90fd\u4e0d\u8981\uff0c\u6211\u8981\u4e00\u628a\u4f1e\u3002<\/p>\n<p>457.K-do A, jen la libro, kiun vi deziras, \u0109u \u011di?<\/p>\n<p>A\u540c\u5fd7\uff0c\u4f60\u8981\u7684\u4e66\u6211\u7ed9\u4f60\u5e26\u6765\u4e86\uff0c\u662f\u8fd9\u672c\u5417\uff1f<\/p>\n<p>458.Ho ne, mi volas la romanon pruntitan de la biblioteko.<\/p>\n<p>\u554a\uff0c\u4e0d\u662f\u3002\u6211\u8981\u7684\u662f\u90a3\u672c\u4ece\u4e66\u56fe\u9986\u501f\u6765\u7684\u5c0f\u8bf4\u3002<\/p>\n<p>459.Dankon, jen \u011duste kion mi bezonas.<\/p>\n<p>\u8c22\u8c22\uff0c\u8fd9\u6b63\u662f\u6211\u8981\u7684\u90a3\u672c\u3002<\/p>\n<p>460.Kies broso tio estas? \u0109u via?<\/p>\n<p>\u8fd9\u662f\u8c01\u7684\u5237\u5b50\uff1f\u662f\u4f60\u7684\u5417\uff1f<\/p>\n<p>461.Jen mia krajono, \u011di estu sub via dispono. Ne estu ceremonia.<\/p>\n<p>\u8fd9\u662f\u6211\u7684\u94c5\u7b14\uff0c\u4f60\u7528\u597d\u4e86\uff0c\u522b\u5ba2\u6c14\u3002<\/p>\n<p>462.Tio ne estas frukto, nur vaksa imita\u0135o.<\/p>\n<p>\u90a3\u4e0d\u662f\u6c34\u679c\uff0c\u53ea\u662f\u814a\u5236\u7684\u6a21\u578b\u3002<\/p>\n<p>463.Al mi tre pla\u0109as tiu \u0109i pejza\u011da bildo, kiu pentris \u011din?<\/p>\n<p>\u6211\u559c\u6b22\u8fd9\u5e45\u5c71\u6c34\u753b\uff0c\u8c01\u753b\u7684\u3002<\/p>\n<p>464.Tio estas kopio de antikva pentra\u0135o fare de k-do B.<\/p>\n<p>\u8fd9\u662f\u4e00\u5e45\u53e4\u753b\uff0c\u7531B\u540c\u5fd7\u4e34\u6479\u7684\u3002<\/p>\n<p>465.Ha! Jen brodita kato! Mi ja prenis \u011din por vivanta!<\/p>\n<p>\u54ce\u5440\uff0c\u8fd9\u662f\u53ea\u7ee3\u7684\u732b\u5440\uff0c\u6211\u8fd8\u8ba4\u4e3a\u662f\u771f\u7684\u5462!<\/p>\n<p>\u5907\u7528\u5355\u8bcd<\/p>\n<p>formo.\u5f62\u72b6<\/p>\n<p>trajto.\u7279\u5f81<\/p>\n<p>fortika.\u575a\u56fa\u7684<\/p>\n<p>karakteriza\u0135o.\u7279\u5f81<\/p>\n<p>likva.\u6db2\u4f53\u7684<\/p>\n<p>malpaza.\u8f7b\u7684<\/p>\n<p>travidebla.\u900f\u660e\u7684<\/p>\n<p>metalo.\u91d1\u5c5e<\/p>\n<p>kristalo.\u6676\u4f53<\/p>\n<p>fera.\u94c1\u7684<\/p>\n<p>delikata.\u7cbe\u5de7\u7684<\/p>\n<p>kvadato.\u6b63\u65b9\u5f62<\/p>\n<p>akvorezisto.\u9632\u6c34\u7684<\/p>\n<p>seka.\u5e72\u7684<\/p>\n<p>rezisti al rusto.\u9632\u9508<\/p>\n<p>supla\/mola.\u67d4\u8f6f\u7684<\/p>\n<p>e\u011dforma.\u83f1\u5f62<\/p>\n<p>harditeco.\u786c\u5ea6<\/p>\n<p>asepsa.\u9632\u8150\u7684<\/p>\n<p>rigida.\u786c\u7684<\/p>\n<p>longeco.\u957f\u5ea6<\/p>\n<p>alta kvalito.\u4f18\u8d28\u7684<\/p>\n<p>lar\u011deco.\u5bbd\u5ea6<\/p>\n<p>plasto.\u5851\u6599<\/p>\n<p>alteco.\u9ad8\u5ea6<\/p>\n<p>palstika.\u5851\u9020\u7684<\/p>\n<p>pezo.\u91cd\u91cf<\/p>\n<p>plato.\u6241\u7684<\/p>\n<p>volumeno.\u4f53\u79ef\u3001\u5bb9\u79ef<\/p>\n<p>elasteco.\u5f39\u6027<\/p>\n<p>odoro.\u6c14\u5473<\/p>\n<p>dikeco.\u539a\u5ea6<\/p>\n<p>\u8fd4\u56de<a href=\"https:\/\/reto.cn\/php\/hanyu\/lernado-de-esperanto\/900frazoj\/\">\u4e16\u754c\u8bed\u4e5d\u767e\u53e5<\/a>\u76ee\u5f55<\/p>\n","protected":false},"excerpt":{"rendered":"<p>\u4e16\u754c\u8bed\u4e5d\u767e\u53e5 31 &nbsp; \uff0831\uff09DISTINGI OBJEKTOJN \u8fa9\u522b\u7269\u54c1 451.Tiu \u0109i\u2026 <span class=\"read-more\"><a href=\"https:\/\/reto.cn\/php\/hanyu\/lernado-de-esperanto\/900frazoj\/900frazoj31\/\">\u7ee7\u7eed\u9605\u8bfb Legi pli &raquo;<\/a><\/span><\/p>\n","protected":false},"author":1,"featured_media":0,"parent":15904,"menu_order":0,"comment_status":"open","ping_status":"closed","template":"","meta":{"footnotes":""},"_links":{"self":[{"href":"https:\/\/reto.cn\/php\/hanyu\/wp-json\/wp\/v2\/pages\/15917"}],"collection":[{"href":"https:\/\/reto.cn\/php\/hanyu\/wp-json\/wp\/v2\/pages"}],"about":[{"href":"https:\/\/reto.cn\/php\/hanyu\/wp-json\/wp\/v2\/types\/page"}],"author":[{"embeddable":true,"href":"https:\/\/reto.cn\/php\/hanyu\/wp-json\/wp\/v2\/users\/1"}],"replies":[{"embeddable":true,"href":"https:\/\/reto.cn\/php\/hanyu\/wp-json\/wp\/v2\/comments?post=15917"}],"version-history":[{"count":0,"href":"https:\/\/reto.cn\/php\/hanyu\/wp-json\/wp\/v2\/pages\/15917\/revisions"}],"up":[{"embeddable":true,"href":"https:\/\/reto.cn\/php\/hanyu\/wp-json\/wp\/v2\/pages\/15904"}],"wp:attachment":[{"href":"https:\/\/reto.cn\/php\/hanyu\/wp-json\/wp\/v2\/media?parent=15917"}],"curies":[{"name":"wp","href":"https:\/\/api.w.org\/{rel}","templated":true}]}}