{"id":15919,"date":"2023-11-15T17:48:25","date_gmt":"2023-11-15T09:48:25","guid":{"rendered":"https:\/\/reto.cn\/php\/hanyu\/lernado-de-esperanto\/900frazoj\/900frazoj1-8\/"},"modified":"2023-12-02T09:55:13","modified_gmt":"2023-12-02T01:55:13","slug":"900frazoj29","status":"publish","type":"page","link":"https:\/\/reto.cn\/php\/hanyu\/lernado-de-esperanto\/900frazoj\/900frazoj29\/","title":{"rendered":"\u4e16\u754c\u8bed\u4e5d\u767e\u53e5 421-435"},"content":{"rendered":"<h4 style=\"text-align: center;\">\u4e16\u754c\u8bed\u4e5d\u767e\u53e5<br \/>\n29<\/h4>\n<p><strong><b>\uff0829\uff09CIVILIZACIO KAJ \u011cENTILECO \u6587\u660e\u793c\u8c8c<\/b><\/strong><\/p>\n<p>421.\u0108i monato estas &#8220;Monato de socialisma etiketo&#8221;.<\/p>\n<p>\u8fd9\u4e2a\u6708\u662f\u201c\u6587\u660e\u793c\u8c8c\u6708\u201d\u3002<\/p>\n<p>422.Kio estas &#8220;5 estu&#8221; kaj &#8220;4 belaj&#8221; ?<\/p>\n<p>\u8bf7\u95ee\u662f\u54ea\u201c\u4e94\u8bb2\u201d\u3001\u56db\u7f8e\u201d\uff1f<\/p>\n<p>423.&#8221;5 estu&#8221; signifas estu civilizacia, estu gentila, estu atenta pri ordo, higieno kaj moralo.<\/p>\n<p>\u201c\u4e94\u8bb2\u201d\u5c31\u662f\u8bb2\u6587\u660e\u3001\u8bb2\u793c\u8c8c\u3001\u8bb2\u79e9\u5e8f\u3001\u8bb2\u536b\u751f\u3001\u8bb2\u9053\u5fb7\u3002<\/p>\n<p>424.\u201c4 belaj\u201c signifas belaj animo, lingva\u0135o, medio kaj konduto.<\/p>\n<p>\u201c\u56db\u7f8e\u201d\u5c31\u662f\u5fc3\u7075\u7f8e\u3001\u8bed\u8a00\u7f8e\u3001\u73af\u5883\u7f8e\u3001\u884c\u4e3a\u7f8e.<\/p>\n<p>425.\u0108inio estas antikva civilizacia lando kun longa tradicio de civilizacio kaj \u011dentileco.<\/p>\n<p>\u4e2d\u56fd\u662f\u4e00\u4e2a\u6587\u660e\u53e4\u56fd\uff0c\u5177\u6709\u60a0\u4e45\u7684\u6587\u660e\u793c\u8c8c\u4f20\u7edf\u3002<\/p>\n<p>426.Sed dum la katastrofo de jardeko, la civilizacio estas nuligita.<\/p>\n<p>\u4f46\u662f\u5728\u5341\u5e74\u6d69\u52ab\u65f6\uff0c\u6587\u660e\u88ab\u5426\u5b9a\u4e86\u3002<\/p>\n<p>427.E\u0109 en tiaj jaroj anka\u016d multaj homoj kondutis civilizacie kaj \u011dentile.<\/p>\n<p>\u5373\u4f7f\u5728\u90a3\u6837\u7684\u5e74\u4ee3\uff0c\u8fd8\u662f\u6709\u8bb8\u591a\u4eba\u8bb2\u6587\u660e\uff0c\u8bb2\u793c\u8c8c\u3002<\/p>\n<p>428.\u0108u Lei Feng estas reprezentanto de civilizacio kaj \u011dentileco?<\/p>\n<p>\u96f7\u950b\u662f\u6587\u660e\u793c\u8c8c\u7684\u4ee3\u8868\u5417\uff1f<\/p>\n<p>429.Jes, li estas lerninda modelo por ni.<\/p>\n<p>\u662f\u7684\uff0c\u4ed6\u662f\u6211\u4eec\u5b66\u4e60\u7684\u597d\u699c\u6837\u3002<\/p>\n<p>430.Ne kra\u0109u (\u0135etu \u015delojn) teron. Ne bruu.<\/p>\n<p>\u8bf7\u4e0d\u8981\u968f\u5730\u5410\u75f0\uff08\u4e71\u4e22\u679c\u76ae\uff09\uff0c\u9ad8\u58f0\u55a7\u54d7\u3002<\/p>\n<p>431.A\u0125, mi nebone kondutis. Pardonu, mi tuj korektu.<\/p>\n<p>\u554a\uff01\u6211\u505a\u5f97\u4e0d\u5bf9\uff0c\u8bf7\u539f\u8c05\uff0c\u6211\u9a6c\u4e0a\u6539\u3002<\/p>\n<p>432.Sinjorino, sidi\u011du \u0109i tien.<\/p>\n<p>\u8001\u592a\u592a\uff0c\u8bf7\u8fd9\u8fb9\u5750\u3002<\/p>\n<p>433.K-dino kun infaneto, \u0109itie estas sidloko.<\/p>\n<p>\u90a3\u4f4d\u62b1\u5c0f\u5b69\u7684\u540c\u5fd7\uff0c\u8fd9\u8fd1\u6709\u4f4d\u7f6e\u3002<\/p>\n<p>434.Mi petas vian pardonon pro mia ne\u011dentila parolo.<\/p>\n<p>\u5bf9\u6211\u6240\u8bf4\u7684\u8bdd\uff0c\u6211\u8868\u793a\u6b20\u610f\u3002<\/p>\n<p>435.Ne grave. Estu trankvila!<\/p>\n<p>\u4e0d\u8981\u7d27\/\u6ca1\u4ec0\u4e48\uff0c\u522b\u8fd9\u4e48\u8bf4\uff0c\u8bf7\u522b\u653e\u5728\u5fc3\u91cc\/\u8bf7\u653e\u5fc3\u3002<\/p>\n<p>\u5907\u7528\u5355\u8bcd<\/p>\n<p>bonorda.\u826f\u597d\u79e9\u5e8f\u7684<\/p>\n<p>bedo.\u82d7\u5e8a\uff0c\u82b1\u53f0<\/p>\n<p>senpolucia.\u975e\u6c61\u67d3\u7684<\/p>\n<p>milda.\u67d4\u548c\u7684<\/p>\n<p>pura.\u6e05\u6d01\u7684<\/p>\n<p>klara .\u6e05\u6f88\u7684<\/p>\n<p>fre\u015da.\u65b0\u9c9c\u7684<\/p>\n<p>humana.\u4eba\u9053\u7684\u3001\u4ec1\u6148\u7684<\/p>\n<p>senbrua.\u65e0\u55d3\u97f3\u7684<\/p>\n<p>planti arbojn.\u690d\u6811<\/p>\n<p>impertinenta.\u65e0\u793c\u7684\uff0c\u9c81\u83bd\u7684<\/p>\n<p>verdigi.\u7eff\u5316<\/p>\n<p>hela.\u660e\u4eae\u7684<\/p>\n<p>beligi.\u7f8e\u5316<\/p>\n<p>memdevigo.\u514b\u5df1<\/p>\n<p>etiketo.\u793c\u4eea<\/p>\n<p>rubujo.\u5783\u573e\u5806<\/p>\n<p>racio .\u7406\u667a<\/p>\n<p>bonkore.\u5584\u826f<\/p>\n<p>deca.\u5408\u793c\u7684<\/p>\n<p>vicatendi.\u6392\u961f<\/p>\n<p>&nbsp;<\/p>\n<p>\u8fd4\u56de<a href=\"https:\/\/reto.cn\/php\/hanyu\/lernado-de-esperanto\/900frazoj\/\">\u4e16\u754c\u8bed\u4e5d\u767e\u53e5<\/a>\u76ee\u5f55<\/p>\n","protected":false},"excerpt":{"rendered":"<p>\u4e16\u754c\u8bed\u4e5d\u767e\u53e5 29 \uff0829\uff09CIVILIZACIO KAJ \u011cENTILECO \u6587\u660e\u793c\u8c8c 421.\u0108i mon\u2026 <span class=\"read-more\"><a href=\"https:\/\/reto.cn\/php\/hanyu\/lernado-de-esperanto\/900frazoj\/900frazoj29\/\">\u7ee7\u7eed\u9605\u8bfb Legi pli &raquo;<\/a><\/span><\/p>\n","protected":false},"author":1,"featured_media":0,"parent":15904,"menu_order":0,"comment_status":"open","ping_status":"closed","template":"","meta":{"footnotes":""},"_links":{"self":[{"href":"https:\/\/reto.cn\/php\/hanyu\/wp-json\/wp\/v2\/pages\/15919"}],"collection":[{"href":"https:\/\/reto.cn\/php\/hanyu\/wp-json\/wp\/v2\/pages"}],"about":[{"href":"https:\/\/reto.cn\/php\/hanyu\/wp-json\/wp\/v2\/types\/page"}],"author":[{"embeddable":true,"href":"https:\/\/reto.cn\/php\/hanyu\/wp-json\/wp\/v2\/users\/1"}],"replies":[{"embeddable":true,"href":"https:\/\/reto.cn\/php\/hanyu\/wp-json\/wp\/v2\/comments?post=15919"}],"version-history":[{"count":0,"href":"https:\/\/reto.cn\/php\/hanyu\/wp-json\/wp\/v2\/pages\/15919\/revisions"}],"up":[{"embeddable":true,"href":"https:\/\/reto.cn\/php\/hanyu\/wp-json\/wp\/v2\/pages\/15904"}],"wp:attachment":[{"href":"https:\/\/reto.cn\/php\/hanyu\/wp-json\/wp\/v2\/media?parent=15919"}],"curies":[{"name":"wp","href":"https:\/\/api.w.org\/{rel}","templated":true}]}}