{"id":15922,"date":"2023-11-15T17:48:25","date_gmt":"2023-11-15T09:48:25","guid":{"rendered":"https:\/\/reto.cn\/php\/hanyu\/lernado-de-esperanto\/900frazoj\/900frazoj1-11\/"},"modified":"2023-12-02T09:53:46","modified_gmt":"2023-12-02T01:53:46","slug":"900frazoj26","status":"publish","type":"page","link":"https:\/\/reto.cn\/php\/hanyu\/lernado-de-esperanto\/900frazoj\/900frazoj26\/","title":{"rendered":"\u4e16\u754c\u8bed\u4e5d\u767e\u53e5 376-390"},"content":{"rendered":"<h4 style=\"text-align: center;\">\u4e16\u754c\u8bed\u4e5d\u767e\u53e5<br \/>\n26<\/h4>\n<p><strong><b>\uff0826\uff09MALSANO KAJ SANECO \u75be\u75c5\u4e0e\u5065\u5eb7<\/b><\/strong><\/p>\n<ol start=\"376\">\n<li>Kiel vi fartas? \/\u0109u vi fartas bone?<\/li>\n<\/ol>\n<p>\u4f60\u8eab\u4f53\u597d\u5417\uff1f<\/p>\n<p>377.Kiam mi elliti\u011dis hodia\u016d matene, mi sendis iom da kapdoloro.<\/p>\n<p>\u6211\u4eca\u5929\u8d77\u5e8a\u65f6\u6709\u70b9\u5934\u6655\u3002<\/p>\n<p>378.Hodia\u016d mi sentis min malagrable tutkorpe, eble pluvos.<\/p>\n<p>\u4eca\u5929\u6211\u6d51\u8eab\u4e0d\u8212\u670d\uff0c\u53ef\u80fd\u662f\u8981\u4e0b\u96e8\u4e86\u5427\uff01<\/p>\n<p>379.Mi \u0109iam estas sana, neniam malsani\u011dis.<\/p>\n<p>\u6211\u7684\u8eab\u4f53\u5f88\u5065\u5eb7\uff0c\u4ece\u6765\u4e0d\u751f\u75c5\u3002<\/p>\n<p>380.Hiera\u016d mi estis malsana, tial mi ne venis por konversacia ekzerco.<\/p>\n<p>\u6628\u5929\u6211\u75c5\u4e86\uff0c\u6240\u4ee5\u65e9\u4e0a\u6ca1\u6709\u6765\u7ec3\u4e60\u53e3\u8bed\u3002<\/p>\n<p>381.Anta\u016dtagmeze min trafis malvarmo, nun mi malvarmumas iomete.<\/p>\n<p>\u4e0a\u5348\u6211\u53d7\u4e86\u51c9\uff0c\u73b0\u5728\u6709\u70b9\u611f\u5192\u3002<\/p>\n<p>382.Mi ne havas febron, sed iom tusas.<\/p>\n<p>\u6211\u4e0d\u53d1\u70e7\uff0c\u4f46\u662f\u6709\u70b9\u54b3\u55fd\u3002<\/p>\n<p>383.Mia frato havas fortan kapdoloron.<\/p>\n<p>\u6211\u7684\u5144\u5f1f\u5934\u75bc\u5f97\u5389\u5bb3\u3002<\/p>\n<p>384.Vi \u0135us resani\u011dis kaj estas ankora\u016d tre febla, atentu pri la nutra\u0135o.<\/p>\n<p>\u4f60\u521a\u521a\u75ca\u6108\uff0c\u8eab\u4f53\u8fd8\u5f88\u865a\u5f31\uff0c\u8981\u6ce8\u610f\u8425\u517b\u3002<\/p>\n<p>385.Vi aspektas ne bone, \u0109u vi malsani\u011das?<\/p>\n<p>\u4f60\u8138\u8272\u4e0d\u592a\u597d\uff0c\u662f\u4e0d\u662f\u751f\u75c5\u4e86\u3002<\/p>\n<p>386.Ra\u011de brilas via viza\u011do, certe vi sanstatas tre bone.<\/p>\n<p>\u770b\u4f60\u7ea2\u5149\u6ee1\u9762\u7684\uff0c\u8eab\u4f53\u4e00\u5b9a\u5f88\u597d\uff01<\/p>\n<p>387.Kiu el viaj piedoj doloras al vi? \u0108u \u0109i tiu?<\/p>\n<p>\u4f60\u54ea\u53ea\u811a\u75bc\uff0c\u662f\u8fd9\u53ea\u5417\uff1f<\/p>\n<p>388.\u015cvelas via maldekstra mano, \u0109u osto rompi\u011dis? \u0108u vi sentas vin doloron?<\/p>\n<p>\u4f60\u7684\u5de6\u624b\u80bf\u4e86\uff0c\u4f1a\u4e0d\u4f1a\u662f\u9aa8\u6298\uff0c\u75bc\u5417\uff1f<\/p>\n<p>389.Rapidan resani\u011don.<\/p>\n<p>\u795d\u4f60\u65e9\u65e5\u6062\u590d\u5065\u5eb7\uff01<\/p>\n<p>390.Eternan sanon.<\/p>\n<p>\u795d\u4f60\u8eab\u4f53\u6c38\u8fdc\u5065\u5eb7\u3002<\/p>\n<p>\u5907\u7528\u5355\u8bcd<\/p>\n<p>podagro.\u5173\u8282\u75db<\/p>\n<p>rinito.\u9f3b\u708e<\/p>\n<p>vundi.\u635f\u4f24<\/p>\n<p>paciento.\u60a3\u8005<\/p>\n<p>bronkito.\u652f\u6c14\u7ba1\u708e<\/p>\n<p>lakso.\u6cfb\u809a<\/p>\n<p>ambulanco.\u6551\u62a4\u8f66<\/p>\n<p>angino.\u54bd\u5589\u75db<\/p>\n<p>re\u016dmatismo.\u98ce\u6e7f\u75c7<\/p>\n<p>ne\u016drastenio.\u795e\u7ecf\u8870\u5f31<\/p>\n<p>tuberkulozo.\u7ed3\u6838\u75c5<\/p>\n<p>meningito.\u8111\u819c\u708e<\/p>\n<p>ftizo.\u80ba\u75c5<\/p>\n<p>sanatorio.\u7597\u517b\u9662<\/p>\n<p>apopleksio.\u4e2d\u98ce<\/p>\n<p>pne\u016dmonio.\u80ba\u708e<\/p>\n<p>anemio.\u8d2b\u8840<\/p>\n<p>poliomjelito.\u5c0f\u513f\u9ebb\u75f9\u75c7<\/p>\n<p>disenterio.\u75e2\u75be<\/p>\n<p>verti\u011do.\u5934\u6655<\/p>\n<p>gripo.\u6d41\u611f<\/p>\n<p>pilolo.\u836f\u4e38<\/p>\n<p>infekti.\u4f20\u67d3<\/p>\n<p>gastralgio.\u80c3\u75db<\/p>\n<p>kodekso.\u5904\u65b9<\/p>\n<p>kancero.\u764c<\/p>\n<p>konta\u011di.\u4f20\u67d3<\/p>\n<p>hepatito.\u809d\u708e<\/p>\n<p>&nbsp;<\/p>\n<p>\u8fd4\u56de<a href=\"https:\/\/reto.cn\/php\/hanyu\/lernado-de-esperanto\/900frazoj\/\">\u4e16\u754c\u8bed\u4e5d\u767e\u53e5<\/a>\u76ee\u5f55<\/p>\n","protected":false},"excerpt":{"rendered":"<p>\u4e16\u754c\u8bed\u4e5d\u767e\u53e5 26 \uff0826\uff09MALSANO KAJ SANECO \u75be\u75c5\u4e0e\u5065\u5eb7 Kiel vi fartas? \u2026 <span class=\"read-more\"><a href=\"https:\/\/reto.cn\/php\/hanyu\/lernado-de-esperanto\/900frazoj\/900frazoj26\/\">\u7ee7\u7eed\u9605\u8bfb Legi pli &raquo;<\/a><\/span><\/p>\n","protected":false},"author":1,"featured_media":0,"parent":15904,"menu_order":0,"comment_status":"open","ping_status":"closed","template":"","meta":{"footnotes":""},"_links":{"self":[{"href":"https:\/\/reto.cn\/php\/hanyu\/wp-json\/wp\/v2\/pages\/15922"}],"collection":[{"href":"https:\/\/reto.cn\/php\/hanyu\/wp-json\/wp\/v2\/pages"}],"about":[{"href":"https:\/\/reto.cn\/php\/hanyu\/wp-json\/wp\/v2\/types\/page"}],"author":[{"embeddable":true,"href":"https:\/\/reto.cn\/php\/hanyu\/wp-json\/wp\/v2\/users\/1"}],"replies":[{"embeddable":true,"href":"https:\/\/reto.cn\/php\/hanyu\/wp-json\/wp\/v2\/comments?post=15922"}],"version-history":[{"count":0,"href":"https:\/\/reto.cn\/php\/hanyu\/wp-json\/wp\/v2\/pages\/15922\/revisions"}],"up":[{"embeddable":true,"href":"https:\/\/reto.cn\/php\/hanyu\/wp-json\/wp\/v2\/pages\/15904"}],"wp:attachment":[{"href":"https:\/\/reto.cn\/php\/hanyu\/wp-json\/wp\/v2\/media?parent=15922"}],"curies":[{"name":"wp","href":"https:\/\/api.w.org\/{rel}","templated":true}]}}