{"id":15924,"date":"2023-11-15T17:48:25","date_gmt":"2023-11-15T09:48:25","guid":{"rendered":"https:\/\/reto.cn\/php\/hanyu\/lernado-de-esperanto\/900frazoj\/900frazoj1-13\/"},"modified":"2023-12-02T09:52:53","modified_gmt":"2023-12-02T01:52:53","slug":"900frazoj24","status":"publish","type":"page","link":"https:\/\/reto.cn\/php\/hanyu\/lernado-de-esperanto\/900frazoj\/900frazoj24\/","title":{"rendered":"\u4e16\u754c\u8bed\u4e5d\u767e\u53e5 346-360"},"content":{"rendered":"<h4 style=\"text-align: center;\">\u4e16\u754c\u8bed\u4e5d\u767e\u53e5<br \/>\n24<\/h4>\n<p><strong><b>\uff0824\uff09PETI ALIES HELPON \u8bf7\u522b\u4eba\u5e2e\u5fd9<\/b><\/strong><\/p>\n<p>346.\u0108u vi povas helpi al mi?<\/p>\n<p>\u8bf7\u4f60\u5e2e\u6211\u4e00\u4e0b\u5fd9\uff0c\u597d\u5417\uff1f<\/p>\n<p>347.Jes, volonte mi helpu al vi kiel eble.<\/p>\n<p>\u5f53\u7136\u53ef\u4ee5\uff0c\u6211\u613f\u610f\u5c3d\u53ef\u80fd\u7684\u6765\u5e2e\u52a9\u4f60\u3002<\/p>\n<p>348.Diru, se vi ankora\u016d havas alian peton.<\/p>\n<p>\u5982\u679c\u8fd8\u6709\u4ec0\u4e48\u8981\u5e2e\u5fd9\u7684\uff0c\u53ea\u7ba1\u5429\u5490\u3002<\/p>\n<p>349.Vi estas tro afabla, Mil dankojn pro via malavara helpo.<\/p>\n<p>\u4f60\u771f\u592a\u597d\u4e86\uff0c\u592a\u8c22\u8c22\u4f60\u4e86\uff0c\u4e0d\u5acc\u9ebb\u70e6\u6765\u5e2e\u52a9\u6211\u3002<\/p>\n<p>350.Nedankinde! Interhelpo estas la homa devo.<\/p>\n<p>\u4e0d\u7528\u8c22\uff0c\u4e92\u76f8\u5e2e\u52a9\u662f\u4eba\u4eec\u5e94\u8be5\u7684\u3002<\/p>\n<p>351.Eble tio tro \u011denos vin, vere estas malfacile por mi diri tion.<\/p>\n<p>\u8fd9\u592a\u9ebb\u70e6\u4e86\u5427\uff0c\u6211\u771f\u4e0d\u597d\u610f\u601d\u5f00\u53e3\u3002<\/p>\n<p>352.Tute ne, mi tre volontas fari tion.<\/p>\n<p>\u4e00\u70b9\u4e5f\u4e0d\u9ebb\u70e6\uff0c\u6211\u5f88\u613f\u610f\u505a\u8fd9\u4e8b\u3002<\/p>\n<p>353.Mi havas gasto(j)n, bonvole a\u0109etu du skatolojn da cigaredoj por mi, \u0109u bone?<\/p>\n<p>\u6211\u5bb6\u6765\u5ba2\u4eba\u4e86\uff0c\u8bf7\u4f60\u5e2e\u6211\u4e70\u4e24\u5305\u9999\u70df\u597d\u5417\uff1f<\/p>\n<p>354.\u0108u vi povas pruntedoni al mi 5 juanojn? Mi forgesis kunporti monon.<\/p>\n<p>\u4f60\u80fd\u501f\u7ed9\u6211\u4e94\u5143\u94b1\u5417\uff1f\u6211\u5fd8\u4e86\u5e26\u94b1\u4e86\u3002<\/p>\n<p>355.Bonvole fermu la pordon, mi petas, tro forte ventegas ekstere.<\/p>\n<p>\u8c22\u8c22\u4f60\u628a\u95e8\u5e26\u4e0a\uff0c\u5916\u9762\u98ce\u5927\u3002<\/p>\n<p>356.Mi informi\u011dis, ke vi oficveturos al Pekino, \u0109u vi povus a\u0109eti paron da \u015duoj por mi?<\/p>\n<p>\u542c\u8bf4\u4f60\u8981\u53bb\u5317\u4eac\u51fa\u5dee\uff0c\u80fd\u5e2e\u6211\u5e26\u53cc\u978b\u5417\uff1f<\/p>\n<p>357.A\u0109etu du biletojn al Wuhan por mi, \u0109u bone?<\/p>\n<p>\u9ebb\u70e6\u4f60\u5e2e\u6211\u4e70\u4e8c\u5f20\u53bb\u6b66\u6c49\u7684\u8239\u7968\uff0c\u597d\u5417?<\/p>\n<p>358.Mi esperas\uff1b ke nii ie] rekompencos vin por via favoro.<\/p>\n<p>\u4f46\u613f\u5bf9\u4f60\u7684\u597d\u610f\uff0c\u6211\u80fd\u6709\u6240\u62a5\u7b54\u3002<\/p>\n<p>359.Vi vere estas vivantaj helpemaj \u201cLei Feng&#8221;oj.<\/p>\n<p>\u4f60\u4eec\u771f\u662f\u52a9\u4eba\u4e3a\u4e50\u7684\u6d3b\u96f7\u950b\u554a\uff01<\/p>\n<p>360.Nemenciinde, ni faris ankora\u016d nesufi\u0109e.<\/p>\n<p>\u6ca1\u4ec0\u4e48\uff0c\u6211\u4eec\u8fd8\u505a\u5f97\u5f88\u4e0d\u591f\u3002<\/p>\n<p>\u5907\u7528\u5355\u8bcd<\/p>\n<p>gvidi vojon.\u5e26\u8def<\/p>\n<p>kortu\u015di.\u611f\u52a8<\/p>\n<p>montri la vojon.\u6307\u8def<\/p>\n<p>oferema.\u5fd8\u6211\u7684<\/p>\n<p>flegi infanon.\u770b\u62a4\u5b69\u5b50<\/p>\n<p>diri la horon.\u544a\u65f6<\/p>\n<p>memorinda.\u503c\u5f97\u8bb0\u5fc6\u7684<\/p>\n<p>volontulo.\u5fd7\u613f\u8005<\/p>\n<p>transdoni ion.\u8f6c\u4ea4\u4e1c\u897f<\/p>\n<p>bonvoli.\u8bf7<\/p>\n<p>fervore.\u70ed\u5fc3\u5730<\/p>\n<p>emocii.\u611f\u52a8<\/p>\n<p>bonkorulo\/bonkondutulo.\u597d\u4eba<\/p>\n<p>\u011dentila.\u6709\u793c\u8c8c\u7684<\/p>\n<p>virtulo.\u597d\u54c1\u884c\u7684\u4eba<\/p>\n<p>helpema.\u4e50\u4e8e\u5e2e\u52a9\u7684<\/p>\n<p>neforgesebla en tuta vivo.\u7ec8\u8eab\u96be\u5fd8\u7684<\/p>\n<p>altmorala.\u5d07\u9ad8\u54c1\u5fb7\u7684<\/p>\n<p>bonkaraktera.\u597d\u54c1\u884c\u7684<\/p>\n<p>simpatema.\u5bcc\u4e8e\u540c\u60c5\u5fc3\u7684<\/p>\n<p>peti iun por porti ion al si.\u8bf7\u67d0\u4eba\u5e2e\u5fd9\u62ff\u4e1c\u897f<\/p>\n<p>malfacila.\u56f0\u96be\u7684<\/p>\n<p>&nbsp;<\/p>\n<p>\u8fd4\u56de<a href=\"https:\/\/reto.cn\/php\/hanyu\/lernado-de-esperanto\/900frazoj\/\">\u4e16\u754c\u8bed\u4e5d\u767e\u53e5<\/a>\u76ee\u5f55<\/p>\n","protected":false},"excerpt":{"rendered":"<p>\u4e16\u754c\u8bed\u4e5d\u767e\u53e5 24 \uff0824\uff09PETI ALIES HELPON \u8bf7\u522b\u4eba\u5e2e\u5fd9 346.\u0108u vi povas h\u2026 <span class=\"read-more\"><a href=\"https:\/\/reto.cn\/php\/hanyu\/lernado-de-esperanto\/900frazoj\/900frazoj24\/\">\u7ee7\u7eed\u9605\u8bfb Legi pli &raquo;<\/a><\/span><\/p>\n","protected":false},"author":1,"featured_media":0,"parent":15904,"menu_order":0,"comment_status":"open","ping_status":"closed","template":"","meta":{"footnotes":""},"_links":{"self":[{"href":"https:\/\/reto.cn\/php\/hanyu\/wp-json\/wp\/v2\/pages\/15924"}],"collection":[{"href":"https:\/\/reto.cn\/php\/hanyu\/wp-json\/wp\/v2\/pages"}],"about":[{"href":"https:\/\/reto.cn\/php\/hanyu\/wp-json\/wp\/v2\/types\/page"}],"author":[{"embeddable":true,"href":"https:\/\/reto.cn\/php\/hanyu\/wp-json\/wp\/v2\/users\/1"}],"replies":[{"embeddable":true,"href":"https:\/\/reto.cn\/php\/hanyu\/wp-json\/wp\/v2\/comments?post=15924"}],"version-history":[{"count":0,"href":"https:\/\/reto.cn\/php\/hanyu\/wp-json\/wp\/v2\/pages\/15924\/revisions"}],"up":[{"embeddable":true,"href":"https:\/\/reto.cn\/php\/hanyu\/wp-json\/wp\/v2\/pages\/15904"}],"wp:attachment":[{"href":"https:\/\/reto.cn\/php\/hanyu\/wp-json\/wp\/v2\/media?parent=15924"}],"curies":[{"name":"wp","href":"https:\/\/api.w.org\/{rel}","templated":true}]}}