{"id":15925,"date":"2023-11-15T17:48:25","date_gmt":"2023-11-15T09:48:25","guid":{"rendered":"https:\/\/reto.cn\/php\/hanyu\/lernado-de-esperanto\/900frazoj\/900frazoj1-14\/"},"modified":"2023-12-02T09:52:21","modified_gmt":"2023-12-02T01:52:21","slug":"900frazoj23","status":"publish","type":"page","link":"https:\/\/reto.cn\/php\/hanyu\/lernado-de-esperanto\/900frazoj\/900frazoj23\/","title":{"rendered":"\u4e16\u754c\u8bed\u4e5d\u767e\u53e5 331-345"},"content":{"rendered":"<h4 style=\"text-align: center;\">\u4e16\u754c\u8bed\u4e5d\u767e\u53e5<br \/>\n23<\/h4>\n<p><strong><b>\uff0823\uff09PRI VESTA\u0134OJ \u8c08\u8bba\u8863\u7740<\/b><\/strong><\/p>\n<p>331.Hodia\u016d estas festo, kian veston vi portu?<\/p>\n<p>\u4eca\u5929\u8fc7\u8282\uff0c\u4f60\u51c6\u5907\u7a7f\u4ec0\u4e48\u8863\u670d\uff1f<\/p>\n<p>332.Mi volas porti tiun lazuran jupon, kiel vi opinias?<\/p>\n<p>\u6211\u60f3\u7a7f\u90a3\u4ef6\u5929\u84dd\u8272\u7684\u88d9\u5b50\uff0c\u4f60\u770b\u884c\u5417\uff1f<\/p>\n<p>333.Tre bone! Okulpla\u0109a kaj bela.<\/p>\n<p>\u633a\u597d\u7684\uff0c\u65e2\u5927\u65b9\u3001\u53c8\u7f8e\u89c2\u3002<\/p>\n<p>334.Sendu la jakon por lavi kaj gladi.<\/p>\n<p>\u8fd9\u4ef6\u4e0a\u8863\u8981\u9001\u53bb\u6e7f\u6d17\u5e76\u70eb\u4e00\u4e0b\u3002<\/p>\n<p>335.Jen lana surtuto, do purigebla nur seke.<\/p>\n<p>\u8fd9\u662f\u6bdb\u6599\u7684\u5916\u5957\uff0c\u53ea\u80fd\u5e72\u6d17\u3002<\/p>\n<p>336.La vesto ne ta\u016dgas por mi, \u0109ar mi kreskis pli (plialti\u011dis) alta.<\/p>\n<p>\u8fd9\u4ef6\u8863\u670d\u4e0d\u5408\u6211\u8eab\u4e86\uff0c\u56e0\u4e3a\u6211\u957f\u9ad8\u4e86\u3002<\/p>\n<p>337.Vi estas dika, do la taliomezuro prefere estu malvasta\/strikta.<\/p>\n<p>\u4f60\u662f\u80d6\u5b50\uff0c\u8170\u8eab\u7d27\u70b9\u597d\u770b\u3002<\/p>\n<p>338.Al mi ne pla\u0109as tiu vesto, tro pimpa!<\/p>\n<p>\u6211\u4e0d\u559c\u6b22\u8fd9\u4ef6\u8863\u670d\uff0c\u592a\u9c9c\u8273\u4e86.<\/p>\n<p>339.Tia pantalono de bovo-knabo estas kaj kom- forta kaj oportuna por laboro.<\/p>\n<p>\u8fd9\u79cd\u725b\u4ed4\u88e4\u7a7f\u5728\u8eab\u4e0a\u633a\u8212\u670d\uff0c\u52b3\u52a8\u8d77\u6765\u65b9\u4fbf\u3002<\/p>\n<p>340.Tia malhele griza vesto malfacile malpuri\u011das, tial al mi \u011di tre pla\u0109as.<\/p>\n<p>\u8fd9\u79cd\u6df1\u7070\u8272\u7684\u8863\u670d\u8010\u810f\uff0c\u6211\u5f88\u613f\u610f\u7a7f\u3002<\/p>\n<p>341.Kia modo kaj koloro al vi pla\u0109as?<\/p>\n<p>\u4f60\u559c\u6b22\u4ec0\u4e48\u6b3e\u5f0f\uff0c\u4ec0\u4e48\u989c\u8272\uff08\u7684\u8863\u670d\uff09\uff1f<\/p>\n<p>342.Ofta vest-lavado kaj \u015dan\u011do faras homon vigla.<\/p>\n<p>\u8863\u670d\u52e4\u6d17\u52e4\u6362\uff0c\u4eba\u5c31\u663e\u5f97\u7cbe\u795e\u3002<\/p>\n<p>343.Kvankam modesta, tamen tiu vesto vin beligas sufi\u0109e.<\/p>\n<p>\u8fd9\u4ef6\u8863\u670d\u867d\u7136\u6de1\u96c5\uff0c\u4f60\u7a7f\u8fd8\u662f\u633a\u6f02\u4eae\u7684\u3002<\/p>\n<p>344.Kun bro\u0109o kaj kol\u0109eno la vesto aspektos pli bela.<\/p>\n<p>\u518d\u914d\u4e0a\u80f8\u6263\u548c\u9879\u94fe\uff0c\u90a3\u5c31\u66f4\u7f8e\u4e86\u3002<\/p>\n<p>345.Hodia\u016d estas iom malvarme, vestu vin pli dike.<\/p>\n<p>\u4eca\u5929\u6709\u70b9\u51b7\uff0c\u4f60\u5f97\u7a7f\u539a\u4e00\u70b9\u3002<\/p>\n<p>\u5907\u7528\u5355\u8bcd<\/p>\n<p>\u0109emizo.\u886c\u886b\u3001\u5185\u8863<\/p>\n<p>okcidenta vesto\/e\u016dropa vesto.\u897f\u670d<\/p>\n<p>robo.\u65d7\u888d\u3001\u957f\u888d<\/p>\n<p>maniko.\u8896\u5b50<\/p>\n<p>lana trikota\u0135o.\u6bdb\u8863<\/p>\n<p>kalsono.\u88e4\u8869<\/p>\n<p>subvesto.\u5185\u8863<\/p>\n<p>kravato.\u9886\u5e26<\/p>\n<p>survesto.\u5916\u5957<\/p>\n<p>kamizolo.\uff08\u5973\u5f0f\uff09\u77ed\u8896\u886c\u8863<\/p>\n<p>negli\u011do.\u4fbf\u670d<\/p>\n<p>pi\u0135amo.\u7761\u8863<\/p>\n<p>ve\u015dto.\u80cc\u5fc3<\/p>\n<p>skarpo(\u015dalo).\u62ab\u5dfe<\/p>\n<p>vatita jako.\u68c9\u8884<\/p>\n<p>\u015duo.\u978b<\/p>\n<p>kostumo.\u670d\u88c5<\/p>\n<p>\u0109apo\/\u0109apelo.\u5e3d<\/p>\n<p>bluzo.\u5de5\u4f5c\u670d<\/p>\n<p>\u015dtrumpo.\u889c\u5b50<\/p>\n<p>poliestera fibro.\u6da4\u7eb6<\/p>\n<p>mamzono.\u4e73\u7f69<\/p>\n<p>&nbsp;<\/p>\n<p>\u8fd4\u56de<a href=\"https:\/\/reto.cn\/php\/hanyu\/lernado-de-esperanto\/900frazoj\/\">\u4e16\u754c\u8bed\u4e5d\u767e\u53e5<\/a>\u76ee\u5f55<\/p>\n","protected":false},"excerpt":{"rendered":"<p>\u4e16\u754c\u8bed\u4e5d\u767e\u53e5 23 \uff0823\uff09PRI VESTA\u0134OJ \u8c08\u8bba\u8863\u7740 331.Hodia\u016d estas festo,\u2026 <span class=\"read-more\"><a href=\"https:\/\/reto.cn\/php\/hanyu\/lernado-de-esperanto\/900frazoj\/900frazoj23\/\">\u7ee7\u7eed\u9605\u8bfb Legi pli &raquo;<\/a><\/span><\/p>\n","protected":false},"author":1,"featured_media":0,"parent":15904,"menu_order":0,"comment_status":"open","ping_status":"closed","template":"","meta":{"footnotes":""},"_links":{"self":[{"href":"https:\/\/reto.cn\/php\/hanyu\/wp-json\/wp\/v2\/pages\/15925"}],"collection":[{"href":"https:\/\/reto.cn\/php\/hanyu\/wp-json\/wp\/v2\/pages"}],"about":[{"href":"https:\/\/reto.cn\/php\/hanyu\/wp-json\/wp\/v2\/types\/page"}],"author":[{"embeddable":true,"href":"https:\/\/reto.cn\/php\/hanyu\/wp-json\/wp\/v2\/users\/1"}],"replies":[{"embeddable":true,"href":"https:\/\/reto.cn\/php\/hanyu\/wp-json\/wp\/v2\/comments?post=15925"}],"version-history":[{"count":0,"href":"https:\/\/reto.cn\/php\/hanyu\/wp-json\/wp\/v2\/pages\/15925\/revisions"}],"up":[{"embeddable":true,"href":"https:\/\/reto.cn\/php\/hanyu\/wp-json\/wp\/v2\/pages\/15904"}],"wp:attachment":[{"href":"https:\/\/reto.cn\/php\/hanyu\/wp-json\/wp\/v2\/media?parent=15925"}],"curies":[{"name":"wp","href":"https:\/\/api.w.org\/{rel}","templated":true}]}}